{"id":988,"date":"2019-02-07T00:04:10","date_gmt":"2019-02-06T21:04:10","guid":{"rendered":"http:\/\/hortum.com.tr\/product\/import-placeholder-for-428\/"},"modified":"2024-03-21T17:39:46","modified_gmt":"2024-03-21T14:39:46","slug":"ingiliz-kortapa","status":"publish","type":"product","link":"https:\/\/tuzlahortum.com.tr\/ru\/product\/ingiliz-kortapa\/","title":{"rendered":"\u0411\u0440\u0438\u0442\u0430\u043d\u0441\u043a\u0430\u044f \u043f\u043e\u0432\u044f\u0437\u043a\u0430 \u043d\u0430 \u0433\u043b\u0430\u0437\u0430"},"content":{"rendered":"<h2>\u0411\u0440\u0438\u0442\u0430\u043d\u0441\u043a\u0430\u044f \u043f\u043e\u0432\u044f\u0437\u043a\u0430 \u043d\u0430 \u0433\u043b\u0430\u0437\u0430<\/h2>","protected":false},"excerpt":{"rendered":"<p>\u0411\u0440\u0438\u0442\u0430\u043d\u0441\u043a\u0430\u044f \u043f\u043e\u0432\u044f\u0437\u043a\u0430 \u043d\u0430 \u0433\u043b\u0430\u0437\u0430<\/p>","protected":false},"featured_media":3014,"comment_status":"open","ping_status":"closed","template":"","meta":[],"product_brand":[],"product_cat":[126],"product_tag":[1242,1271,1246],"class_list":{"0":"post-988","1":"product","2":"type-product","3":"status-publish","4":"has-post-thumbnail","6":"product_cat-ingiliz-tip-yangin-rekorlari","7":"product_tag-ingiliz","8":"product_tag-ingiliz-kortapa","9":"product_tag-kortapa","11":"first","12":"instock","13":"taxable","14":"shipping-taxable","15":"product-type-variable"},"jetpack-related-posts":[{"id":635,"url":"https:\/\/tuzlahortum.com.tr\/ru\/product\/trelleborg-alcodial\/","url_meta":{"origin":988,"position":0},"title":"\u0422\u0440\u0435\u043b\u043b\u0435\u0431\u043e\u0440\u0433 \u0410\u041b\u041a\u041e\u0414\u0418\u0410\u041b","author":"admin","date":"6 \u0444\u0435\u0432\u0440\u0430\u043b\u044f 2019","format":false,"excerpt":"Trelleborg ALCODIALG\u0131da End\u00fcstrisi\/Transfer \u00d6zellikle %99'a kadar olan alkol\u00fcn ta\u015f\u0131nmas\u0131 i\u00e7in uyarlanm\u0131\u015ft\u0131r. \u015earap, bira, brandy ve alkoll\u00fc i\u00e7ecekler, meyve suyu, s\u00fct, vs. dahil t\u00fcm i\u00e7ecekler i\u00e7in uygundur. - \u00dcretim tesislerinde (dam\u0131tma, alkoll\u00fc i\u00e7ecek ve lik\u00f6r \u00fcreticileri, vs.), - karayolu ve demiryolu tankerleri y\u00fckleme ve bo\u015faltma alanlar\u0131nda kullan\u0131lan ekipmanlar i\u00e7in\u00a0tasarlanm\u0131\u015ft\u0131r. Avantajlar *Olduk\u00e7a\u2026","rel":"","context":"\u041f\u043e\u0445\u043e\u0436\u0430\u044f \u0437\u0430\u043f\u0438\u0441\u044c","block_context":{"text":"\u041f\u043e\u0445\u043e\u0436\u0430\u044f \u0437\u0430\u043f\u0438\u0441\u044c","link":""},"img":{"alt_text":"","src":"https:\/\/i0.wp.com\/tuzlahortum.com.tr\/wp-content\/uploads\/2019\/02\/ALCODIAL.jpg?fit=800%2C800&ssl=1&resize=350%2C200","width":350,"height":200,"srcset":"https:\/\/i0.wp.com\/tuzlahortum.com.tr\/wp-content\/uploads\/2019\/02\/ALCODIAL.jpg?fit=800%2C800&ssl=1&resize=350%2C200 1x, https:\/\/i0.wp.com\/tuzlahortum.com.tr\/wp-content\/uploads\/2019\/02\/ALCODIAL.jpg?fit=800%2C800&ssl=1&resize=525%2C300 1.5x, https:\/\/i0.wp.com\/tuzlahortum.com.tr\/wp-content\/uploads\/2019\/02\/ALCODIAL.jpg?fit=800%2C800&ssl=1&resize=700%2C400 2x"},"classes":[]}],"jetpack_sharing_enabled":true,"jetpack_likes_enabled":true,"_links":{"self":[{"href":"https:\/\/tuzlahortum.com.tr\/ru\/wp-json\/wp\/v2\/product\/988","targetHints":{"allow":["GET"]}}],"collection":[{"href":"https:\/\/tuzlahortum.com.tr\/ru\/wp-json\/wp\/v2\/product"}],"about":[{"href":"https:\/\/tuzlahortum.com.tr\/ru\/wp-json\/wp\/v2\/types\/product"}],"replies":[{"embeddable":true,"href":"https:\/\/tuzlahortum.com.tr\/ru\/wp-json\/wp\/v2\/comments?post=988"}],"wp:featuredmedia":[{"embeddable":true,"href":"https:\/\/tuzlahortum.com.tr\/ru\/wp-json\/wp\/v2\/media\/3014"}],"wp:attachment":[{"href":"https:\/\/tuzlahortum.com.tr\/ru\/wp-json\/wp\/v2\/media?parent=988"}],"wp:term":[{"taxonomy":"product_brand","embeddable":true,"href":"https:\/\/tuzlahortum.com.tr\/ru\/wp-json\/wp\/v2\/product_brand?post=988"},{"taxonomy":"product_cat","embeddable":true,"href":"https:\/\/tuzlahortum.com.tr\/ru\/wp-json\/wp\/v2\/product_cat?post=988"},{"taxonomy":"product_tag","embeddable":true,"href":"https:\/\/tuzlahortum.com.tr\/ru\/wp-json\/wp\/v2\/product_tag?post=988"}],"curies":[{"name":"wp","href":"https:\/\/api.w.org\/{rel}","templated":true}]}}