{"id":974,"date":"2019-02-07T00:04:06","date_gmt":"2019-02-06T21:04:06","guid":{"rendered":"http:\/\/hortum.com.tr\/product\/import-placeholder-for-322\/"},"modified":"2024-03-21T17:39:49","modified_gmt":"2024-03-21T14:39:49","slug":"yangin-jet-nozulu","status":"publish","type":"product","link":"https:\/\/tuzlahortum.com.tr\/ru\/product\/yangin-jet-nozulu\/","title":{"rendered":"\u041e\u0433\u043d\u0435\u0441\u0442\u0440\u0443\u0439\u043d\u043e\u0435 \u0441\u043e\u043f\u043b\u043e"},"content":{"rendered":"<h2>\u041e\u0433\u043d\u0435\u0441\u0442\u0440\u0443\u0439\u043d\u043e\u0435 \u0441\u043e\u043f\u043b\u043e<\/h2>","protected":false},"excerpt":{"rendered":"<p>\u041e\u0433\u043d\u0435\u0441\u0442\u0440\u0443\u0439\u043d\u043e\u0435 \u0441\u043e\u043f\u043b\u043e<\/p>","protected":false},"featured_media":2936,"comment_status":"open","ping_status":"closed","template":"","meta":[],"product_brand":[],"product_cat":[120],"product_tag":[1258,924,256,1259],"class_list":{"0":"post-974","1":"product","2":"type-product","3":"status-publish","4":"has-post-thumbnail","6":"product_cat-yangin-lansi","7":"product_tag-jet","8":"product_tag-nozul","9":"product_tag-yangin","10":"product_tag-yangin-jet-nozulu","12":"first","13":"instock","14":"taxable","15":"shipping-taxable","16":"product-type-variable"},"jetpack-related-posts":[{"id":973,"url":"https:\/\/tuzlahortum.com.tr\/ru\/product\/plastik-sis-nozulu\/","url_meta":{"origin":974,"position":0},"title":"\u041f\u043b\u0430\u0441\u0442\u0438\u043a\u043e\u0432\u0430\u044f \u043f\u0440\u043e\u0442\u0438\u0432\u043e\u0442\u0443\u043c\u0430\u043d\u043d\u0430\u044f \u043d\u0430\u0441\u0430\u0434\u043a\u0430 (\u0441 \u0436\u0435\u043b\u0442\u043e\u0439 \u043f\u043b\u0430\u0441\u0442\u0438\u043d\u043a\u043e\u0439)","author":"admin","date":"7 \u0444\u0435\u0432\u0440\u0430\u043b\u044f 2019","format":false,"excerpt":"\u041f\u043b\u0430\u0441\u0442\u0438\u043a\u043e\u0432\u0430\u044f \u043f\u0440\u043e\u0442\u0438\u0432\u043e\u0442\u0443\u043c\u0430\u043d\u043d\u0430\u044f \u043d\u0430\u0441\u0430\u0434\u043a\u0430 (\u0441 \u0436\u0435\u043b\u0442\u043e\u0439 \u043f\u043b\u0430\u0441\u0442\u0438\u043d\u043a\u043e\u0439)","rel":"","context":"\u041f\u043e\u0445\u043e\u0436\u0430\u044f \u0437\u0430\u043f\u0438\u0441\u044c","block_context":{"text":"\u041f\u043e\u0445\u043e\u0436\u0430\u044f \u0437\u0430\u043f\u0438\u0441\u044c","link":""},"img":{"alt_text":"","src":"https:\/\/i0.wp.com\/tuzlahortum.com.tr\/wp-content\/uploads\/2019\/02\/Plastik-Sis-Nozulu.jpg?fit=300%2C300&ssl=1&resize=350%2C200","width":350,"height":200},"classes":[]},{"id":779,"url":"https:\/\/tuzlahortum.com.tr\/ru\/product\/cift-kapi-siva-alti-sac-kapakli-kuru-sistem\/","url_meta":{"origin":974,"position":1},"title":"\u0414\u0432\u043e\u0439\u043d\u0430\u044f \u0434\u0432\u0435\u0440\u044c \u2013 \u0443\u0442\u043e\u043f\u043b\u0435\u043d\u043d\u0430\u044f \u043b\u0438\u0441\u0442\u043e\u0432\u0430\u044f \u043a\u0440\u044b\u0448\u043a\u0430 (\u0441\u0443\u0445\u0430\u044f \u0441\u0438\u0441\u0442\u0435\u043c\u0430) (65\u00d785)","author":"admin","date":"6 \u0444\u0435\u0432\u0440\u0430\u043b\u044f 2019","format":false,"excerpt":"\u00c7ift Kap\u0131 - S\u0131va Alt\u0131 Sa\u00e7 Kapakl\u0131 (Kuru Sistem)(65x85)\u00d6L\u00c7\u00dc 65*852\" bez yang\u0131n hortumu (30 AT\u00dc)2\" yang\u0131n vanas\u0131(rakorlu)2\" jet lans(rakorlu)20 MT25 MT30 MTP\u0130-300P\u0130-301P\u0130-302","rel":"","context":"\u041f\u043e\u0445\u043e\u0436\u0430\u044f \u0437\u0430\u043f\u0438\u0441\u044c","block_context":{"text":"\u041f\u043e\u0445\u043e\u0436\u0430\u044f \u0437\u0430\u043f\u0438\u0441\u044c","link":""},"img":{"alt_text":"","src":"https:\/\/i0.wp.com\/tuzlahortum.com.tr\/wp-content\/uploads\/2019\/03\/%C3%87ift-Kap%C4%B1-S%C4%B1va-Alt%C4%B1-Sa%C3%A7-Kapakl%C4%B1-Kuru-Sistem.jpg?fit=388%2C412&ssl=1&resize=350%2C200","width":350,"height":200},"classes":[]},{"id":781,"url":"https:\/\/tuzlahortum.com.tr\/ru\/product\/tek-kapi-siva-alti-sac-kapakli-kuru-sistem\/","url_meta":{"origin":974,"position":2},"title":"\u041e\u0434\u0438\u043d\u0430\u0440\u043d\u0430\u044f \u0434\u0432\u0435\u0440\u044c \u2014 \u0443\u0442\u043e\u043f\u043b\u0435\u043d\u043d\u0430\u044f \u043c\u0435\u0442\u0430\u043b\u043b\u0438\u0447\u0435\u0441\u043a\u0430\u044f \u043a\u0440\u044b\u0448\u043a\u0430 (\u0441\u0443\u0445\u0430\u044f \u0441\u0438\u0441\u0442\u0435\u043c\u0430) (56\u00d758)","author":"admin","date":"6 \u0444\u0435\u0432\u0440\u0430\u043b\u044f 2019","format":false,"excerpt":"Tek Kap\u0131 - S\u0131va Alt\u0131 Sa\u00e7 Kapakl\u0131 (Kuru Sistem)(56x58)\u00d6L\u00c7\u00dc 56*582\" bez yang\u0131n hortumu (30 AT\u00dc)2\" yang\u0131n vanas\u0131(rakorlu)2\" jet lans(rakorlu)20 MT25 MT30 MTP\u0130-280P\u0130-281P\u0130-282","rel":"","context":"\u041f\u043e\u0445\u043e\u0436\u0430\u044f \u0437\u0430\u043f\u0438\u0441\u044c","block_context":{"text":"\u041f\u043e\u0445\u043e\u0436\u0430\u044f \u0437\u0430\u043f\u0438\u0441\u044c","link":""},"img":{"alt_text":"","src":"https:\/\/i0.wp.com\/tuzlahortum.com.tr\/wp-content\/uploads\/2019\/03\/Tek-Kap%C4%B1-S%C4%B1va-Alt%C4%B1-Sa%C3%A7-Kapakl%C4%B1-Kuru-Sistem.jpg?fit=405%2C491&ssl=1&resize=350%2C200","width":350,"height":200},"classes":[]},{"id":957,"url":"https:\/\/tuzlahortum.com.tr\/ru\/product\/cift-kapi-siva-ustu-sac-kapakli-kuru-sistem\/","url_meta":{"origin":974,"position":3},"title":"\u0414\u0432\u043e\u0439\u043d\u0430\u044f \u0434\u0432\u0435\u0440\u044c \u2013 \u043d\u0430\u043a\u043b\u0430\u0434\u043d\u043e\u0439 \u043c\u043e\u043d\u0442\u0430\u0436 \u0441 \u043b\u0438\u0441\u0442\u043e\u0432\u043e\u0439 \u043a\u0440\u044b\u0448\u043a\u043e\u0439 (\u0441\u0443\u0445\u0430\u044f \u0441\u0438\u0441\u0442\u0435\u043c\u0430) (65\u00d785)","author":"admin","date":"6 \u0444\u0435\u0432\u0440\u0430\u043b\u044f 2019","format":false,"excerpt":"\u00c7ift Kap\u0131 - S\u0131va \u00dcst\u00fc Sa\u00e7 Kapakl\u0131 (Kuru Sistem)(65x85)\u00d6L\u00c7\u00dc 65*85 2\" bez yang\u0131n hortumu (30 AT\u00dc) 2\" yang\u0131n vanas\u0131(rakorlu) 2\" jet lans(rakorlu) 20 MT 25 MT 30 MT P\u0130-290 P\u0130-291 P\u0130-292","rel":"","context":"\u041f\u043e\u0445\u043e\u0436\u0430\u044f \u0437\u0430\u043f\u0438\u0441\u044c","block_context":{"text":"\u041f\u043e\u0445\u043e\u0436\u0430\u044f \u0437\u0430\u043f\u0438\u0441\u044c","link":""},"img":{"alt_text":"","src":"https:\/\/i0.wp.com\/tuzlahortum.com.tr\/wp-content\/uploads\/2019\/03\/%C3%87ift-Kap%C4%B1-S%C4%B1va-%C3%9Cst%C3%BC-Sa%C3%A7-Kapakl%C4%B1-Kuru-Sistem.jpg?fit=382%2C360&ssl=1&resize=350%2C200","width":350,"height":200},"classes":[]},{"id":780,"url":"https:\/\/tuzlahortum.com.tr\/ru\/product\/tek-kapi-siva-ustu-sac-kapakli-kuru-sistem\/","url_meta":{"origin":974,"position":4},"title":"\u041e\u0434\u0438\u043d\u0430\u0440\u043d\u0430\u044f \u0434\u0432\u0435\u0440\u044c \u2013 \u043d\u0430\u043a\u043b\u0430\u0434\u043d\u043e\u0439 \u043c\u043e\u043d\u0442\u0430\u0436 \u0441 \u043b\u0438\u0441\u0442\u043e\u0432\u043e\u0439 \u043a\u0440\u044b\u0448\u043a\u043e\u0439 (\u0441\u0443\u0445\u0430\u044f \u0441\u0438\u0441\u0442\u0435\u043c\u0430) (70\u00d765)","author":"admin","date":"6 \u0444\u0435\u0432\u0440\u0430\u043b\u044f 2019","format":false,"excerpt":"Tek Kap\u0131 - S\u0131va \u00dcst\u00fc Sa\u00e7 Kapakl\u0131 (Kuru Sistem)(70x65)\u00d6L\u00c7\u00dc 70*65 1\" TS EN 694 yar\u0131 sert kau\u00e7uk yang\u0131n hortumu 1\" jet sprey lans(nozul) 20 MT 25 MT 30 MT 1\" TSE K\u00fcresel Vanal\u0131 P\u0130-110 P\u0130-111 P\u0130-112 2\" Yang\u0131n Vanal\u0131 ( 2>1'e D\u00f6n\u00fc\u015ft\u00fcr\u00fcc\u00fcl\u00fc ) P\u0130-210 P\u0130-211 P\u0130-212 \u00a0","rel":"","context":"\u041f\u043e\u0445\u043e\u0436\u0430\u044f \u0437\u0430\u043f\u0438\u0441\u044c","block_context":{"text":"\u041f\u043e\u0445\u043e\u0436\u0430\u044f \u0437\u0430\u043f\u0438\u0441\u044c","link":""},"img":{"alt_text":"","src":"https:\/\/i0.wp.com\/tuzlahortum.com.tr\/wp-content\/uploads\/2019\/03\/Tek-Kap%C4%B1-S%C4%B1va-%C3%9Cst%C3%BC-Sa%C3%A7-Kapakl%C4%B1-Kuru-Sistem.jpg?fit=417%2C486&ssl=1&resize=350%2C200","width":350,"height":200},"classes":[]},{"id":881,"url":"https:\/\/tuzlahortum.com.tr\/ru\/product\/sahra-tipi-yangin-dolabi-ts-en-671-1\/","url_meta":{"origin":974,"position":5},"title":"\u041f\u043e\u043b\u0435\u0432\u043e\u0439 \u043f\u043e\u0436\u0430\u0440\u043d\u044b\u0439 \u0448\u043a\u0430\u0444 TS EN 671-1 (70\u00d765)","author":"admin","date":"6 \u0444\u0435\u0432\u0440\u0430\u043b\u044f 2019","format":false,"excerpt":"Sahra Tipi Yang\u0131n Dolab\u0131 TS EN 671-1(70x65)\u00d6L\u00c7\u00dc 70*65\u00c7at\u0131l\u0131-Ayakl\u0131 Sistem1\" TS EN 694 yar\u0131 sert kau\u00e7uk yang\u0131n hortumu2>1'e d\u00fc\u015f\u00fcr\u00fcc\u00fcl\u00fc hidrant ba\u011flant\u0131 rakoru1\" jet sprey lans20 MT25 MT30 MTP\u0130-335P\u0130-336P\u0130-337","rel":"","context":"\u041f\u043e\u0445\u043e\u0436\u0430\u044f \u0437\u0430\u043f\u0438\u0441\u044c","block_context":{"text":"\u041f\u043e\u0445\u043e\u0436\u0430\u044f \u0437\u0430\u043f\u0438\u0441\u044c","link":""},"img":{"alt_text":"","src":"https:\/\/i0.wp.com\/tuzlahortum.com.tr\/wp-content\/uploads\/2019\/03\/Sahra-Tipi-Yang%C4%B1n-Dolab%C4%B1-TS-EN-671-1.jpg?fit=472%2C659&ssl=1&resize=350%2C200","width":350,"height":200},"classes":[]}],"jetpack_sharing_enabled":true,"jetpack_likes_enabled":true,"_links":{"self":[{"href":"https:\/\/tuzlahortum.com.tr\/ru\/wp-json\/wp\/v2\/product\/974","targetHints":{"allow":["GET"]}}],"collection":[{"href":"https:\/\/tuzlahortum.com.tr\/ru\/wp-json\/wp\/v2\/product"}],"about":[{"href":"https:\/\/tuzlahortum.com.tr\/ru\/wp-json\/wp\/v2\/types\/product"}],"replies":[{"embeddable":true,"href":"https:\/\/tuzlahortum.com.tr\/ru\/wp-json\/wp\/v2\/comments?post=974"}],"wp:featuredmedia":[{"embeddable":true,"href":"https:\/\/tuzlahortum.com.tr\/ru\/wp-json\/wp\/v2\/media\/2936"}],"wp:attachment":[{"href":"https:\/\/tuzlahortum.com.tr\/ru\/wp-json\/wp\/v2\/media?parent=974"}],"wp:term":[{"taxonomy":"product_brand","embeddable":true,"href":"https:\/\/tuzlahortum.com.tr\/ru\/wp-json\/wp\/v2\/product_brand?post=974"},{"taxonomy":"product_cat","embeddable":true,"href":"https:\/\/tuzlahortum.com.tr\/ru\/wp-json\/wp\/v2\/product_cat?post=974"},{"taxonomy":"product_tag","embeddable":true,"href":"https:\/\/tuzlahortum.com.tr\/ru\/wp-json\/wp\/v2\/product_tag?post=974"}],"curies":[{"name":"wp","href":"https:\/\/api.w.org\/{rel}","templated":true}]}}