{"id":972,"date":"2019-02-07T00:04:06","date_gmt":"2019-02-06T21:04:06","guid":{"rendered":"http:\/\/hortum.com.tr\/product\/import-placeholder-for-327\/"},"modified":"2024-03-21T17:39:51","modified_gmt":"2024-03-21T14:39:51","slug":"kumandali-yangin-lansi","status":"publish","type":"product","link":"https:\/\/tuzlahortum.com.tr\/ru\/product\/kumandali-yangin-lansi\/","title":{"rendered":"\u0423\u041f\u0420\u0410\u0412\u041b\u042f\u0415\u041c\u041e\u0415 \u041e\u0413\u041d\u0415 \u041a\u041e\u041f\u042c\u0415"},"content":{"rendered":"<h2>\u0423\u041f\u0420\u0410\u0412\u041b\u042f\u0415\u041c\u041e\u0415 \u041e\u0413\u041d\u0415 \u041a\u041e\u041f\u042c\u0415<\/h2>\n<p><strong>\u0422\u0415\u0425\u041d\u0418\u0427\u0415\u0421\u041a\u0418\u0415 \u0425\u0410\u0420\u0410\u041a\u0422\u0415\u0420\u0418\u0421\u0422\u0418\u041a\u0418<\/strong><\/p>\n<ul>\n<li>\u0422\u0440\u0443\u0431\u043a\u0430 \u0441\u043e\u043f\u043b\u0430 \u0438\u0437\u0433\u043e\u0442\u043e\u0432\u043b\u0435\u043d\u0430 \u0438\u0437 \u0430\u043b\u044e\u043c\u0438\u043d\u0438\u044f, \u0430 \u0435\u0435 \u0432\u043d\u0435\u0448\u043d\u044f\u044f \u043f\u043e\u0432\u0435\u0440\u0445\u043d\u043e\u0441\u0442\u044c \u043f\u043e\u043a\u0440\u044b\u0442\u0430 \u0440\u0435\u0437\u0438\u043d\u043e\u0439.<\/li>\n<li>\u0418\u043c\u0435\u0435\u0442 \u0440\u0443\u0447\u043a\u0443 \u0443\u043f\u0440\u0430\u0432\u043b\u0435\u043d\u0438\u044f, \u043a\u043e\u0442\u043e\u0440\u0430\u044f \u043c\u043e\u0436\u0435\u0442 \u0440\u0430\u0431\u043e\u0442\u0430\u0442\u044c \u0432 \u0434\u0432\u0443\u0445 \u043f\u043e\u043b\u043e\u0436\u0435\u043d\u0438\u044f\u0445 (\u0437\u0430\u043a\u0440\u044b\u0442\u043e, \u043e\u0442\u043a\u0440\u044b\u0442\u043e).<\/li>\n<li>\u0412 \u043c\u0435\u0441\u0442\u0435 \u0441\u043e\u0435\u0434\u0438\u043d\u0435\u043d\u0438\u044f \u0441 \u043f\u043b\u0430\u0441\u0442\u0438\u043d\u043a\u043e\u0439 \u0438\u043c\u0435\u0435\u0442\u0441\u044f \u0443\u043f\u043b\u043e\u0442\u043d\u0438\u0442\u0435\u043b\u044c\u043d\u0430\u044f \u043f\u0440\u043e\u043a\u043b\u0430\u0434\u043a\u0430.<\/li>\n<li>\u041e\u043d \u0438\u0437\u0433\u043e\u0442\u043e\u0432\u043b\u0435\u043d \u043f\u043e \u043d\u0435\u043c\u0435\u0446\u043a\u043e\u043c\u0443 \u0442\u0438\u043f\u0443.<\/li>\n<\/ul>\n<ul>\n<li>\u0414\u043e\u043f\u0443\u0441\u043a \u0437\u0430\u043a\u0430\u043b\u043a\u0438 \u0441\u043e\u043f\u043b\u0430 \u0432 \u0442\u0443\u043c\u0430\u043d\u0435 \u0441\u043e\u0441\u0442\u0430\u0432\u043b\u044f\u0435\u0442 \u0443\u0433\u043b\u044b \u043e\u0442 0 (\u043d\u043e\u043b\u044c) \u0433\u0440\u0430\u0434\u0443\u0441\u043e\u0432 \u0434\u043e 120 (\u0441\u0442\u043e \u0434\u0432\u0430\u0434\u0446\u0430\u0442\u044c) \u0433\u0440\u0430\u0434\u0443\u0441\u043e\u0432.<\/li>\n<\/ul>","protected":false},"excerpt":{"rendered":"<p>KUMANDALI YANGIN LANSI TEKN\u0130K \u00d6ZELL\u0130KLER\u0130 Lans\u0131n borusu al\u00fcminyum olup, d\u0131\u015f y\u00fczeyi kau\u00e7uk kaplamal\u0131d\u0131r. \u0130ki\u00a0 konumda \u00e7al\u0131\u015fabilecek nitelikte (kapal\u0131 ,a\u00e7\u0131k) kumanda koluna sahiptir. Rekora irtibatlama k\u0131sm\u0131nda s\u0131zd\u0131rmazl\u0131k contas\u0131 vard\u0131r. Alman tipte imal edilmi\u015ftir. Lans\u0131n sis halinde su verme tolerans\u0131 , 0 (s\u0131f\u0131r) derece ile 120 (y\u00fczyirmi) derece aras\u0131 a\u00e7\u0131lardad\u0131r.<\/p>","protected":false},"featured_media":1202,"comment_status":"open","ping_status":"closed","template":"","meta":{"jetpack_post_was_ever_published":false},"product_brand":[],"product_cat":[120],"product_tag":[1252,1254,1253,256],"class_list":{"0":"post-972","1":"product","2":"type-product","3":"status-publish","4":"has-post-thumbnail","6":"product_cat-yangin-lansi","7":"product_tag-kumandali","8":"product_tag-kumandali-yangin-lansi","9":"product_tag-lansi","10":"product_tag-yangin","12":"first","13":"instock","14":"taxable","15":"shipping-taxable","16":"product-type-variable"},"jetpack-related-posts":[{"id":619,"url":"https:\/\/tuzlahortum.com.tr\/ru\/product\/tc-06\/","url_meta":{"origin":972,"position":0},"title":"\u0422\u041a 06","author":"admin","date":"6 \u0444\u0435\u0432\u0440\u0430\u043b\u044f 2019","format":false,"excerpt":"TC 06MATERYAL: Kuma\u015f Duvar\u0131 : 170 mikron Aluminum+PVC \u2022 Standart Uzunluk : 10 mt. \u2022 \u0130vme : 30 m\/s (max) \u2022 \u00c7al\u0131\u015fma Bas\u0131nc\u0131 : 3000 Pa (max) \u2022 Renk : Siyah D\u0131\u015f Spiral : Helisel \u00c7elik UYGULAMALAR: \u2022 \u00a0Kaynak emi\u015f hatlar\u0131 \u2022 \u00a0Emi\u015f hatlar\u0131nda, hortumlar\u0131n zor alev almas\u0131 gerekti\u011fi yerlerde\u2026","rel":"","context":"\u041f\u043e\u0445\u043e\u0436\u0430\u044f \u0437\u0430\u043f\u0438\u0441\u044c","block_context":{"text":"\u041f\u043e\u0445\u043e\u0436\u0430\u044f \u0437\u0430\u043f\u0438\u0441\u044c","link":""},"img":{"alt_text":"","src":"https:\/\/i0.wp.com\/tuzlahortum.com.tr\/wp-content\/uploads\/2019\/03\/TC-06.jpg?fit=600%2C435&ssl=1&resize=350%2C200","width":350,"height":200,"srcset":"https:\/\/i0.wp.com\/tuzlahortum.com.tr\/wp-content\/uploads\/2019\/03\/TC-06.jpg?fit=600%2C435&ssl=1&resize=350%2C200 1x, https:\/\/i0.wp.com\/tuzlahortum.com.tr\/wp-content\/uploads\/2019\/03\/TC-06.jpg?fit=600%2C435&ssl=1&resize=525%2C300 1.5x"},"classes":[]},{"id":1009,"url":"https:\/\/tuzlahortum.com.tr\/ru\/product\/yangin-vanasi\/","url_meta":{"origin":972,"position":1},"title":"\u041f\u043e\u0436\u0430\u0440\u043d\u044b\u0439 \u043a\u043b\u0430\u043f\u0430\u043d","author":"admin","date":"7 \u0444\u0435\u0432\u0440\u0430\u043b\u044f 2019","format":false,"excerpt":"\u041f\u043e\u0436\u0430\u0440\u043d\u044b\u0439 \u043a\u043b\u0430\u043f\u0430\u043d","rel":"","context":"\u041f\u043e\u0445\u043e\u0436\u0430\u044f \u0437\u0430\u043f\u0438\u0441\u044c","block_context":{"text":"\u041f\u043e\u0445\u043e\u0436\u0430\u044f \u0437\u0430\u043f\u0438\u0441\u044c","link":""},"img":{"alt_text":"Yang\u0131n Vanas\u0131","src":"https:\/\/i0.wp.com\/tuzlahortum.com.tr\/wp-content\/uploads\/2019\/02\/Yang%C4%B1n-Vanas%C4%B12.jpg?fit=431%2C431&ssl=1&resize=350%2C200","width":350,"height":200},"classes":[]},{"id":693,"url":"https:\/\/tuzlahortum.com.tr\/ru\/product\/italyan-tipi-yangin-rekoru\/","url_meta":{"origin":972,"position":2},"title":"\u0418\u0442\u0430\u043b\u044c\u044f\u043d\u0441\u043a\u0438\u0439 \u0442\u0438\u043f \u043f\u043e\u0436\u0430\u0440\u043d\u043e\u0439 \u0437\u0430\u043f\u0438\u0441\u0438","author":"admin","date":"6 \u0444\u0435\u0432\u0440\u0430\u043b\u044f 2019","format":false,"excerpt":"\u0418\u0442\u0430\u043b\u044c\u044f\u043d\u0441\u043a\u0438\u0439 \u0442\u0438\u043f \u043f\u043e\u0436\u0430\u0440\u043d\u043e\u0439 \u0437\u0430\u043f\u0438\u0441\u0438","rel":"","context":"\u041f\u043e\u0445\u043e\u0436\u0430\u044f \u0437\u0430\u043f\u0438\u0441\u044c","block_context":{"text":"\u041f\u043e\u0445\u043e\u0436\u0430\u044f \u0437\u0430\u043f\u0438\u0441\u044c","link":""},"img":{"alt_text":"","src":"https:\/\/i0.wp.com\/tuzlahortum.com.tr\/wp-content\/uploads\/2019\/02\/italyan-tipi-yangin-rekoru.jpg?fit=500%2C500&ssl=1&resize=350%2C200","width":350,"height":200},"classes":[]},{"id":985,"url":"https:\/\/tuzlahortum.com.tr\/ru\/product\/ingiliz-tipi-yangin-rekor\/","url_meta":{"origin":972,"position":3},"title":"\u0411\u0440\u0438\u0442\u0430\u043d\u0441\u043a\u0438\u0439 \u0440\u0435\u043a\u043e\u0440\u0434 \u043f\u043e\u0436\u0430\u0440\u043d\u043e\u0439 \u0431\u0435\u0437\u043e\u043f\u0430\u0441\u043d\u043e\u0441\u0442\u0438","author":"admin","date":"7 \u0444\u0435\u0432\u0440\u0430\u043b\u044f 2019","format":false,"excerpt":"\u0411\u0440\u0438\u0442\u0430\u043d\u0441\u043a\u0438\u0439 \u0440\u0435\u043a\u043e\u0440\u0434 \u043f\u043e\u0436\u0430\u0440\u043d\u043e\u0439 \u0431\u0435\u0437\u043e\u043f\u0430\u0441\u043d\u043e\u0441\u0442\u0438","rel":"","context":"\u041f\u043e\u0445\u043e\u0436\u0430\u044f \u0437\u0430\u043f\u0438\u0441\u044c","block_context":{"text":"\u041f\u043e\u0445\u043e\u0436\u0430\u044f \u0437\u0430\u043f\u0438\u0441\u044c","link":""},"img":{"alt_text":"","src":"https:\/\/i0.wp.com\/tuzlahortum.com.tr\/wp-content\/uploads\/2019\/02\/ingiliz-tipi-yangin-rekor.jpg?fit=500%2C500&ssl=1&resize=350%2C200","width":350,"height":200},"classes":[]},{"id":974,"url":"https:\/\/tuzlahortum.com.tr\/ru\/product\/yangin-jet-nozulu\/","url_meta":{"origin":972,"position":4},"title":"\u041e\u0433\u043d\u0435\u0441\u0442\u0440\u0443\u0439\u043d\u043e\u0435 \u0441\u043e\u043f\u043b\u043e","author":"admin","date":"7 \u0444\u0435\u0432\u0440\u0430\u043b\u044f 2019","format":false,"excerpt":"\u041e\u0433\u043d\u0435\u0441\u0442\u0440\u0443\u0439\u043d\u043e\u0435 \u0441\u043e\u043f\u043b\u043e","rel":"","context":"\u041f\u043e\u0445\u043e\u0436\u0430\u044f \u0437\u0430\u043f\u0438\u0441\u044c","block_context":{"text":"\u041f\u043e\u0445\u043e\u0436\u0430\u044f \u0437\u0430\u043f\u0438\u0441\u044c","link":""},"img":{"alt_text":"","src":"https:\/\/i0.wp.com\/tuzlahortum.com.tr\/wp-content\/uploads\/2019\/02\/Yang%C4%B1n-Jet-Nozulu.jpg?fit=300%2C300&ssl=1&resize=350%2C200","width":350,"height":200},"classes":[]},{"id":1007,"url":"https:\/\/tuzlahortum.com.tr\/ru\/product\/yangin-tupu-kkt-6kg\/","url_meta":{"origin":972,"position":5},"title":"\u041e\u0433\u043d\u0435\u0442\u0443\u0448\u0438\u0442\u0435\u043b\u044c \u041a\u041a\u0422(6\u043a\u0433)","author":"admin","date":"7 \u0444\u0435\u0432\u0440\u0430\u043b\u044f 2019","format":false,"excerpt":"Yang\u0131n T\u00fcp\u00fc KKT(6kg)A1 7114 Kalite S\u0131vama Sactan G\u00f6vde Gazalt\u0131 Kaynak Prin\u00e7 Tetik Vana Tertibat\u0131 \u0130thal Manometre \u0130thal ABC s\u00f6nd\u00fcr\u00fcc\u00fc 18 Bar \u00c7al\u0131\u015fma Bas\u0131nc\u0131 0.70 Mikron Elektro Statik Toz Boya \u00d6zel Montaj Ask\u0131s\u0131 S\u00f6nd\u00fcrme Maddesi 6-12 Kg. Ortalama \u00c7al\u0131\u015fma S\u00fcresi 18 Saniye \u00c7al\u0131\u015fma S\u0131cakl\u0131\u011f\u0131 -20 +60","rel":"","context":"\u041f\u043e\u0445\u043e\u0436\u0430\u044f \u0437\u0430\u043f\u0438\u0441\u044c","block_context":{"text":"\u041f\u043e\u0445\u043e\u0436\u0430\u044f \u0437\u0430\u043f\u0438\u0441\u044c","link":""},"img":{"alt_text":"Yang\u0131n T\u00fcp\u00fc","src":"https:\/\/i0.wp.com\/tuzlahortum.com.tr\/wp-content\/uploads\/2019\/02\/6-kg-kkt.png?fit=1024%2C768&ssl=1&resize=350%2C200","width":350,"height":200,"srcset":"https:\/\/i0.wp.com\/tuzlahortum.com.tr\/wp-content\/uploads\/2019\/02\/6-kg-kkt.png?fit=1024%2C768&ssl=1&resize=350%2C200 1x, https:\/\/i0.wp.com\/tuzlahortum.com.tr\/wp-content\/uploads\/2019\/02\/6-kg-kkt.png?fit=1024%2C768&ssl=1&resize=525%2C300 1.5x, https:\/\/i0.wp.com\/tuzlahortum.com.tr\/wp-content\/uploads\/2019\/02\/6-kg-kkt.png?fit=1024%2C768&ssl=1&resize=700%2C400 2x"},"classes":[]}],"jetpack_sharing_enabled":true,"jetpack_likes_enabled":true,"_links":{"self":[{"href":"https:\/\/tuzlahortum.com.tr\/ru\/wp-json\/wp\/v2\/product\/972","targetHints":{"allow":["GET"]}}],"collection":[{"href":"https:\/\/tuzlahortum.com.tr\/ru\/wp-json\/wp\/v2\/product"}],"about":[{"href":"https:\/\/tuzlahortum.com.tr\/ru\/wp-json\/wp\/v2\/types\/product"}],"replies":[{"embeddable":true,"href":"https:\/\/tuzlahortum.com.tr\/ru\/wp-json\/wp\/v2\/comments?post=972"}],"wp:featuredmedia":[{"embeddable":true,"href":"https:\/\/tuzlahortum.com.tr\/ru\/wp-json\/wp\/v2\/media\/1202"}],"wp:attachment":[{"href":"https:\/\/tuzlahortum.com.tr\/ru\/wp-json\/wp\/v2\/media?parent=972"}],"wp:term":[{"taxonomy":"product_brand","embeddable":true,"href":"https:\/\/tuzlahortum.com.tr\/ru\/wp-json\/wp\/v2\/product_brand?post=972"},{"taxonomy":"product_cat","embeddable":true,"href":"https:\/\/tuzlahortum.com.tr\/ru\/wp-json\/wp\/v2\/product_cat?post=972"},{"taxonomy":"product_tag","embeddable":true,"href":"https:\/\/tuzlahortum.com.tr\/ru\/wp-json\/wp\/v2\/product_tag?post=972"}],"curies":[{"name":"wp","href":"https:\/\/api.w.org\/{rel}","templated":true}]}}