{"id":970,"date":"2019-02-07T00:04:05","date_gmt":"2019-02-06T21:04:05","guid":{"rendered":"http:\/\/hortum.com.tr\/product\/import-placeholder-for-335\/"},"modified":"2024-03-21T17:39:52","modified_gmt":"2024-03-21T14:39:52","slug":"beyaz-yangin-hortumu","status":"publish","type":"product","link":"https:\/\/tuzlahortum.com.tr\/ru\/product\/beyaz-yangin-hortumu\/","title":{"rendered":"\u0411\u0435\u043b\u044b\u0439 \u043f\u043e\u0436\u0430\u0440\u043d\u044b\u0439 \u0448\u043b\u0430\u043d\u0433"},"content":{"rendered":"<h2>\u0411\u0435\u043b\u044b\u0439 \u043f\u043e\u0436\u0430\u0440\u043d\u044b\u0439 \u0448\u043b\u0430\u043d\u0433<\/h2>\n<p>\u00a0<\/p>\n<p>\u0421\u0442\u0430\u043d\u0434\u0430\u0440\u0442\u044b: TSE 9222.<\/p>\n<h1><strong>\u041f\u0440\u0438\u043c\u0435\u0447\u0430\u043d\u0438\u0435: 5\u2033-125 \u043c\u043c \u0438 6\u2033-125 \u043c\u043c \u043d\u0435 \u0438\u043c\u0435\u044e\u0442 \u0441\u0435\u0440\u0442\u0438\u0444\u0438\u043a\u0430\u0442\u0430 TSE.<\/strong><\/h1>\n<ul>\n<li>* \u0418\u0437\u0433\u043e\u0442\u043e\u0432\u043b\u0435\u043d \u0441 \u0440\u0435\u0437\u0438\u043d\u043e\u0432\u043e\u0439 \u0432\u043d\u0443\u0442\u0440\u0435\u043d\u043d\u0435\u0439 \u043e\u0431\u043b\u0438\u0446\u043e\u0432\u043a\u043e\u0439 \u0432 \u0441\u043e\u043e\u0442\u0432\u0435\u0442\u0441\u0442\u0432\u0438\u0438 \u0441\u043e \u0441\u0442\u0430\u043d\u0434\u0430\u0440\u0442\u043e\u043c TS 9222 \u0432 \u0440\u0430\u043c\u043a\u0430\u0445 DIN EN ISO 9001-2008.<\/li>\n<\/ul>\n<p>* \u0415\u0433\u043e \u0432\u043d\u0435\u0448\u043d\u044f\u044f \u043f\u043e\u0432\u0435\u0440\u0445\u043d\u043e\u0441\u0442\u044c \u0438\u0437\u0433\u043e\u0442\u043e\u0432\u043b\u0435\u043d\u0430 \u0438\u0437 \u0441\u043f\u0435\u0446\u0438\u0430\u043b\u044c\u043d\u043e\u0439 \u0442\u043a\u0430\u043d\u0438, \u0447\u0442\u043e \u0434\u0435\u043b\u0430\u0435\u0442 \u0435\u0435 \u0431\u043e\u043b\u0435\u0435 \u0443\u0441\u0442\u043e\u0439\u0447\u0438\u0432\u043e\u0439 \u043a \u0442\u0432\u0435\u0440\u0434\u044b\u043c \u0438 \u0448\u0435\u0440\u043e\u0445\u043e\u0432\u0430\u0442\u044b\u043c \u043f\u043e\u0432\u0435\u0440\u0445\u043d\u043e\u0441\u0442\u044f\u043c.<\/p>\n<ul>\n<li>* \u041f\u043e\u0441\u043b\u0435 \u043a\u0430\u0436\u0434\u043e\u0433\u043e \u0438\u0441\u043f\u043e\u043b\u044c\u0437\u043e\u0432\u0430\u043d\u0438\u044f \u0435\u0433\u043e \u0441\u043b\u0435\u0434\u0443\u0435\u0442 \u0432\u044b\u0441\u0443\u0448\u0438\u0442\u044c \u0438 \u043e\u0447\u0438\u0441\u0442\u0438\u0442\u044c \u043e\u0442 \u043f\u043e\u0441\u0442\u043e\u0440\u043e\u043d\u043d\u0438\u0445 \u0432\u0435\u0449\u0435\u0441\u0442\u0432.<\/li>\n<li>* \u041f\u043e\u0434\u0445\u043e\u0434\u0438\u0442 \u0434\u043b\u044f \u0438\u0441\u043f\u043e\u043b\u044c\u0437\u043e\u0432\u0430\u043d\u0438\u044f \u0432 \u043f\u043e\u0436\u0430\u0440\u043d\u044b\u0445 \u0447\u0430\u0441\u0442\u044f\u0445.<\/li>\n<li>* \u0421\u043e\u0435\u0434\u0438\u043d\u0435\u043d\u0438\u0435 \u043f\u043b\u0430\u0441\u0442\u0438\u043d\u043a\u0438 \u043f\u0440\u043e\u0438\u0437\u0432\u043e\u0434\u0438\u0442\u0441\u044f \u0441\u043f\u0435\u0446\u0438\u0430\u043b\u044c\u043d\u043e\u0439 \u043c\u0430\u0448\u0438\u043d\u043e\u0439 \u0441 \u0438\u0441\u043f\u043e\u043b\u044c\u0437\u043e\u0432\u0430\u043d\u0438\u0435\u043c \u043d\u0435\u0440\u0436\u0430\u0432\u0435\u044e\u0449\u0435\u0439 \u043e\u0446\u0438\u043d\u043a\u043e\u0432\u0430\u043d\u043d\u043e\u0439 \u043f\u0440\u043e\u0432\u043e\u043b\u043e\u043a\u0438.<\/li>\n<li>* \u0420\u0430\u0431\u043e\u0447\u0435\u0435 \u0434\u0430\u0432\u043b\u0435\u043d\u0438\u0435 \u043c\u0430\u043a\u0441. 25 \u0431\u0430\u0440\u043e\u0432<\/li>\n<li>* \u0414\u0430\u0432\u043b\u0435\u043d\u0438\u0435 \u0432\u0437\u0440\u044b\u0432\u0430 \u043c\u0430\u043a\u0441. 50 \u0431\u0430\u0440.<\/li>\n<\/ul>","protected":false},"excerpt":{"rendered":"<p>Beyaz Yang\u0131n Hortumu \u00a0 Standartlar: TSE 9222 Not: 5&#8243;-125 mm ve 6&#8243;-125 mm TSE Belgesi yoktur. * DIN EN ISO 9001-2008 kapsam\u0131nda, TS 9222 standard\u0131nda i\u00e7 astar\u0131 kau\u00e7uk olarak \u00fcretilmektedir. * D\u0131\u015f y\u00fczeyi sert ve p\u00fcr\u00fczl\u00fc zeminlere kar\u015f\u0131 daha dayan\u0131kl\u0131 olmas\u0131 i\u00e7in \u00f6zel olarak dokunmaktad\u0131r. * Her kullan\u0131mdan sonra kurutulmal\u0131 ve \u00fczerindeki yabanc\u0131 maddeler temizlenmelidir. [&#8230;]\n","protected":false},"featured_media":2932,"comment_status":"open","ping_status":"closed","template":"","meta":{"jetpack_post_was_ever_published":false},"product_brand":[],"product_cat":[119],"product_tag":[1096,2291,720,256,349],"class_list":{"0":"post-970","1":"product","2":"type-product","3":"status-publish","4":"has-post-thumbnail","6":"product_cat-yangin-hortumu","7":"product_tag-beyaz","8":"product_tag-beyaz-yangin-hortumu","9":"product_tag-hortumu","10":"product_tag-yangin","11":"product_tag-yangin-hortumu","13":"first","14":"instock","15":"featured","16":"taxable","17":"shipping-taxable","18":"product-type-variable"},"jetpack-related-posts":[],"jetpack_sharing_enabled":true,"jetpack_likes_enabled":true,"_links":{"self":[{"href":"https:\/\/tuzlahortum.com.tr\/ru\/wp-json\/wp\/v2\/product\/970","targetHints":{"allow":["GET"]}}],"collection":[{"href":"https:\/\/tuzlahortum.com.tr\/ru\/wp-json\/wp\/v2\/product"}],"about":[{"href":"https:\/\/tuzlahortum.com.tr\/ru\/wp-json\/wp\/v2\/types\/product"}],"replies":[{"embeddable":true,"href":"https:\/\/tuzlahortum.com.tr\/ru\/wp-json\/wp\/v2\/comments?post=970"}],"wp:featuredmedia":[{"embeddable":true,"href":"https:\/\/tuzlahortum.com.tr\/ru\/wp-json\/wp\/v2\/media\/2932"}],"wp:attachment":[{"href":"https:\/\/tuzlahortum.com.tr\/ru\/wp-json\/wp\/v2\/media?parent=970"}],"wp:term":[{"taxonomy":"product_brand","embeddable":true,"href":"https:\/\/tuzlahortum.com.tr\/ru\/wp-json\/wp\/v2\/product_brand?post=970"},{"taxonomy":"product_cat","embeddable":true,"href":"https:\/\/tuzlahortum.com.tr\/ru\/wp-json\/wp\/v2\/product_cat?post=970"},{"taxonomy":"product_tag","embeddable":true,"href":"https:\/\/tuzlahortum.com.tr\/ru\/wp-json\/wp\/v2\/product_tag?post=970"}],"curies":[{"name":"wp","href":"https:\/\/api.w.org\/{rel}","templated":true}]}}