{"id":957,"date":"2019-02-06T23:56:17","date_gmt":"2019-02-06T20:56:17","guid":{"rendered":"http:\/\/hortum.com.tr\/product\/import-placeholder-for-401\/"},"modified":"2024-03-21T17:40:04","modified_gmt":"2024-03-21T14:40:04","slug":"cift-kapi-siva-ustu-sac-kapakli-kuru-sistem","status":"publish","type":"product","link":"https:\/\/tuzlahortum.com.tr\/ru\/product\/cift-kapi-siva-ustu-sac-kapakli-kuru-sistem\/","title":{"rendered":"\u0414\u0432\u043e\u0439\u043d\u0430\u044f \u0434\u0432\u0435\u0440\u044c \u2013 \u043d\u0430\u043a\u043b\u0430\u0434\u043d\u043e\u0439 \u043c\u043e\u043d\u0442\u0430\u0436 \u0441 \u043b\u0438\u0441\u0442\u043e\u0432\u043e\u0439 \u043a\u0440\u044b\u0448\u043a\u043e\u0439 (\u0441\u0443\u0445\u0430\u044f \u0441\u0438\u0441\u0442\u0435\u043c\u0430) (65\u00d785)"},"content":{"rendered":"<h2>\u0414\u0432\u043e\u0439\u043d\u0430\u044f \u0434\u0432\u0435\u0440\u044c \u2013 \u043d\u0430\u043a\u043b\u0430\u0434\u043d\u043e\u0439 \u043c\u043e\u043d\u0442\u0430\u0436 \u0441 \u043b\u0438\u0441\u0442\u043e\u0432\u043e\u0439 \u043a\u0440\u044b\u0448\u043a\u043e\u0439 (\u0441\u0443\u0445\u0430\u044f \u0441\u0438\u0441\u0442\u0435\u043c\u0430) (65\u00d785)<\/h2>\n<h3>\u0420\u0410\u0417\u041c\u0415\u0420 65*85<\/h3>\n<ul class=\"list-style-2\">\n<li class=\"check-list\">\u0422\u043a\u0430\u043d\u0435\u0432\u044b\u0439 \u043f\u043e\u0436\u0430\u0440\u043d\u044b\u0439 \u0440\u0443\u043a\u0430\u0432 2 \u0434\u044e\u0439\u043c\u0430 (30 ATU)<\/li>\n<li class=\"check-list\">2\u2033 \u043f\u043e\u0436\u0430\u0440\u043d\u044b\u0439 \u043a\u043b\u0430\u043f\u0430\u043d (\u0441 \u0444\u0438\u0442\u0438\u043d\u0433\u043e\u043c)<\/li>\n<li class=\"check-list\">\u0424\u043e\u0440\u0441\u0443\u043d\u043a\u0430 2\u2033 (\u0441 \u0444\u0438\u0442\u0438\u043d\u0433\u043e\u043c)<\/li>\n<\/ul>\n<div class=\"row\">\n<table class=\"table table-bordered span4\">\n<thead>\n<tr>\n<th>20MT<\/th>\n<th>25\u041c\u0422<\/th>\n<th>30MT<\/th>\n<\/tr>\n<\/thead>\n<tbody>\n<tr>\n<td>\u041f\u0418-290<\/td>\n<td>\u041f\u0418-291<\/td>\n<td>\u041f\u0418-292<\/td>\n<\/tr>\n<\/tbody>\n<\/table>\n<\/div>","protected":false},"excerpt":{"rendered":"<p>\u0414\u0432\u0443\u0441\u0442\u0432\u043e\u0440\u0447\u0430\u0442\u0430\u044f \u0434\u0432\u0435\u0440\u044c \u0441 \u043f\u043e\u043a\u0440\u044b\u0442\u0438\u0435\u043c \u0438\u0437 \u043b\u0438\u0441\u0442\u043e\u0432\u043e\u0439 \u0441\u0442\u0430\u043b\u0438 (\u0441\u0443\u0445\u0430\u044f \u0441\u0438\u0441\u0442\u0435\u043c\u0430)(65\u00d785) \u0420\u0410\u0417\u041c\u0415\u0420 65*85 2\u2033 \u0442\u043a\u0430\u043d\u0435\u0432\u044b\u0439 \u043f\u043e\u0436\u0430\u0440\u043d\u044b\u0439 \u0440\u0443\u043a\u0430\u0432 (30 ATU) 2\u2033 \u043f\u043e\u0436\u0430\u0440\u043d\u044b\u0439 \u043a\u043b\u0430\u043f\u0430\u043d (\u0441 \u0441\u043e\u0435\u0434\u0438\u043d\u0435\u043d\u0438\u0435\u043c) 2\u2033 \u0441\u0442\u0440\u0443\u0439\u043d\u044b\u0439 \u043d\u0430\u043a\u043e\u043d\u0435\u0447\u043d\u0438\u043a (\u0441 \u0441\u043e\u0435\u0434\u0438\u043d\u0435\u043d\u0438\u0435\u043c) 20 MT 25 MT 30 MT P\u0130-290 P\u0130-291 P\u0130-292<\/p>","protected":false},"featured_media":7304,"comment_status":"open","ping_status":"closed","template":"","meta":{"jetpack_post_was_ever_published":false},"product_brand":[],"product_cat":[115],"product_tag":[958,957,518,956,348,347,352,349,959],"class_list":{"0":"post-957","1":"product","2":"type-product","3":"status-publish","4":"has-post-thumbnail","6":"product_cat-kuru-sistem-ts-en-671-2","7":"product_tag-cift-kapakli","8":"product_tag-jet-sprey-lans","9":"product_tag-kaucuk","10":"product_tag-kuru-sistem","11":"product_tag-sac-kapak","12":"product_tag-siva-ustu","13":"product_tag-yangin-dolabi","14":"product_tag-yangin-hortumu","15":"product_tag-yangin-vanasi","17":"first","18":"instock","19":"taxable","20":"shipping-taxable","21":"product-type-simple"},"jetpack-related-posts":[],"jetpack_sharing_enabled":true,"jetpack_likes_enabled":true,"_links":{"self":[{"href":"https:\/\/tuzlahortum.com.tr\/ru\/wp-json\/wp\/v2\/product\/957","targetHints":{"allow":["GET"]}}],"collection":[{"href":"https:\/\/tuzlahortum.com.tr\/ru\/wp-json\/wp\/v2\/product"}],"about":[{"href":"https:\/\/tuzlahortum.com.tr\/ru\/wp-json\/wp\/v2\/types\/product"}],"replies":[{"embeddable":true,"href":"https:\/\/tuzlahortum.com.tr\/ru\/wp-json\/wp\/v2\/comments?post=957"}],"wp:featuredmedia":[{"embeddable":true,"href":"https:\/\/tuzlahortum.com.tr\/ru\/wp-json\/wp\/v2\/media\/7304"}],"wp:attachment":[{"href":"https:\/\/tuzlahortum.com.tr\/ru\/wp-json\/wp\/v2\/media?parent=957"}],"wp:term":[{"taxonomy":"product_brand","embeddable":true,"href":"https:\/\/tuzlahortum.com.tr\/ru\/wp-json\/wp\/v2\/product_brand?post=957"},{"taxonomy":"product_cat","embeddable":true,"href":"https:\/\/tuzlahortum.com.tr\/ru\/wp-json\/wp\/v2\/product_cat?post=957"},{"taxonomy":"product_tag","embeddable":true,"href":"https:\/\/tuzlahortum.com.tr\/ru\/wp-json\/wp\/v2\/product_tag?post=957"}],"curies":[{"name":"wp","href":"https:\/\/api.w.org\/{rel}","templated":true}]}}