{"id":955,"date":"2019-02-06T23:56:16","date_gmt":"2019-02-06T20:56:16","guid":{"rendered":"http:\/\/hortum.com.tr\/product\/import-placeholder-for-399\/"},"modified":"2024-03-21T17:40:07","modified_gmt":"2024-03-21T14:40:07","slug":"dik-tip-siva-alti-sac-kapakli-sulu-sistem","status":"publish","type":"product","link":"https:\/\/tuzlahortum.com.tr\/ru\/product\/dik-tip-siva-alti-sac-kapakli-sulu-sistem\/","title":{"rendered":"\u0412\u0435\u0440\u0442\u0438\u043a\u0430\u043b\u044c\u043d\u044b\u0439 \u0442\u0438\u043f \u2014 \u0443\u0442\u043e\u043f\u043b\u0435\u043d\u043d\u0430\u044f \u043a\u0440\u044b\u0448\u043a\u0430 (\u0432\u043e\u0434\u044f\u043d\u0430\u044f \u0441\u0438\u0441\u0442\u0435\u043c\u0430) (80\u00d760)"},"content":{"rendered":"<h2>\u0412\u0435\u0440\u0442\u0438\u043a\u0430\u043b\u044c\u043d\u044b\u0439 \u0442\u0438\u043f \u2014 \u0443\u0442\u043e\u043f\u043b\u0435\u043d\u043d\u0430\u044f \u043a\u0440\u044b\u0448\u043a\u0430 (\u0432\u043e\u0434\u044f\u043d\u0430\u044f \u0441\u0438\u0441\u0442\u0435\u043c\u0430) (80\u00d760)<\/h2>\n<h3>\u0420\u0410\u0417\u041c\u0415\u0420 80*60<\/h3>\n<ul class=\"list-style-2\">\n<li class=\"check-list\">\u041f\u043e\u043b\u0443\u0436\u0435\u0441\u0442\u043a\u0438\u0439 \u0440\u0435\u0437\u0438\u043d\u043e\u0432\u044b\u0439 \u043f\u043e\u0436\u0430\u0440\u043d\u044b\u0439 \u0440\u0443\u043a\u0430\u0432 TS EN 694, 1 \u0434\u044e\u0439\u043c.<\/li>\n<li class=\"check-list\">1-\u0434\u044e\u0439\u043c\u043e\u0432\u0430\u044f \u0441\u0442\u0440\u0443\u0439\u043d\u0430\u044f \u0444\u043e\u0440\u0441\u0443\u043d\u043a\u0430<\/li>\n<\/ul>\n<div class=\"row\">\n<table class=\"table table-bordered span5\">\n<thead>\n<tr>\n<th>\u00a0<\/th>\n<th>20MT<\/th>\n<th>25\u041c\u0422<\/th>\n<th>30MT<\/th>\n<\/tr>\n<\/thead>\n<tbody>\n<tr>\n<td><strong>1-\u0434\u044e\u0439\u043c\u043e\u0432\u044b\u0439 \u0448\u0430\u0440\u043e\u0432\u043e\u0439 \u043a\u0440\u0430\u043d TSE<\/strong><\/td>\n<td>\u041f\u0418-160<\/td>\n<td>\u041f\u0418-161<\/td>\n<td>\u041f\u0418-162<\/td>\n<\/tr>\n<tr>\n<td><strong>2-\u0434\u044e\u0439\u043c\u043e\u0432\u044b\u0439 \u043f\u043e\u0436\u0430\u0440\u043d\u044b\u0439 \u043a\u043b\u0430\u043f\u0430\u043d (\u0441 \u043f\u0440\u0435\u043e\u0431\u0440\u0430\u0437\u043e\u0432\u0430\u0442\u0435\u043b\u0435\u043c 2&gt;1)<\/strong><\/td>\n<td>\u041f\u0418-260<\/td>\n<td>\u041f\u0418-261<\/td>\n<td>\u041f\u0418-262<\/td>\n<\/tr>\n<\/tbody>\n<\/table>\n<\/div>","protected":false},"excerpt":{"rendered":"<p>Dik Tip &#8211; S\u0131va Alt\u0131 Sa\u00e7 Kapakl\u0131 (Sulu Sistem)(80&#215;60) \u00d6L\u00c7\u00dc 80*60 1&#8243; TS EN 694 yar\u0131 sert kau\u00e7uk yang\u0131n hortumu 1&#8243; jet sprey lans \u00a0 20 MT 25 MT 30 MT 1&#8243; TSE K\u00fcresel Vanal\u0131 P\u0130-160 P\u0130-161 P\u0130-162 2&#8243; Yang\u0131n Vanal\u0131 ( 2&gt;1&#8217;e D\u00f6n\u00fc\u015ft\u00fcr\u00fcc\u00fcl\u00fc ) P\u0130-260 P\u0130-261 P\u0130-262<\/p>","protected":false},"featured_media":7300,"comment_status":"open","ping_status":"closed","template":"","meta":{"jetpack_post_was_ever_published":false},"product_brand":[],"product_cat":[118],"product_tag":[1235,957,518,348,955,1202,352,349],"class_list":{"0":"post-955","1":"product","2":"type-product","3":"status-publish","4":"has-post-thumbnail","6":"product_cat-sulu-sistem-ts-en-671-1","7":"product_tag-dik-tip","8":"product_tag-jet-sprey-lans","9":"product_tag-kaucuk","10":"product_tag-sac-kapak","11":"product_tag-siva-alti","12":"product_tag-sulu-sistem","13":"product_tag-yangin-dolabi","14":"product_tag-yangin-hortumu","16":"first","17":"instock","18":"taxable","19":"shipping-taxable","20":"product-type-variable"},"jetpack-related-posts":[{"id":956,"url":"https:\/\/tuzlahortum.com.tr\/ru\/product\/dik-tip-siva-alti-cam-kapakli-sulu-sistem\/","url_meta":{"origin":955,"position":0},"title":"\u0412\u0435\u0440\u0442\u0438\u043a\u0430\u043b\u044c\u043d\u044b\u0439 \u0442\u0438\u043f \u2013 \u0432\u0441\u0442\u0440\u0430\u0438\u0432\u0430\u0435\u043c\u044b\u0439 \u0441\u043e \u0441\u0442\u0435\u043a\u043b\u044f\u043d\u043d\u043e\u0439 \u043a\u0440\u044b\u0448\u043a\u043e\u0439 (\u0432\u043e\u0434\u044f\u043d\u0430\u044f \u0441\u0438\u0441\u0442\u0435\u043c\u0430) (80\u00d760)","author":"admin","date":"6 \u0444\u0435\u0432\u0440\u0430\u043b\u044f 2019","format":false,"excerpt":"Dik Tip - S\u0131va Alt\u0131 Cam Kapakl\u0131 (Sulu Sistem)(80x60)\u00d6L\u00c7\u00dc 80*601\" TS EN 694 yar\u0131 sert kau\u00e7uk yang\u0131n hortumu1\" jet sprey lans\u00a020 MT25 MT30 MT1\" TSE K\u00fcresel Vanal\u0131P\u0130-165P\u0130-166P\u0130-1672\" Yang\u0131n Vanal\u0131 ( 2>1'e D\u00f6n\u00fc\u015ft\u00fcr\u00fcc\u00fcl\u00fc )P\u0130-265P\u0130-266P\u0130-267","rel":"","context":"\u041f\u043e\u0445\u043e\u0436\u0430\u044f \u0437\u0430\u043f\u0438\u0441\u044c","block_context":{"text":"\u041f\u043e\u0445\u043e\u0436\u0430\u044f \u0437\u0430\u043f\u0438\u0441\u044c","link":""},"img":{"alt_text":"","src":"https:\/\/i0.wp.com\/tuzlahortum.com.tr\/wp-content\/uploads\/2019\/03\/Dik-Tip-S%C4%B1va-Alt%C4%B1-Cam-Kapakl%C4%B1-Sulu-Sistem.jpg?fit=364%2C458&ssl=1&resize=350%2C200","width":350,"height":200},"classes":[]},{"id":953,"url":"https:\/\/tuzlahortum.com.tr\/ru\/product\/dik-tip-siva-ustu-sac-kapakli-sulu-sistem\/","url_meta":{"origin":955,"position":1},"title":"\u0412\u0435\u0440\u0442\u0438\u043a\u0430\u043b\u044c\u043d\u044b\u0439 \u0442\u0438\u043f \u2013 \u0434\u043b\u044f \u043f\u043e\u0432\u0435\u0440\u0445\u043d\u043e\u0441\u0442\u043d\u043e\u0433\u043e \u043c\u043e\u043d\u0442\u0430\u0436\u0430 \u0441 \u043a\u0440\u044b\u0448\u043a\u043e\u0439 (\u0441\u0438\u0441\u0442\u0435\u043c\u0430 \u0432\u043e\u0434\u043e\u0441\u043d\u0430\u0431\u0436\u0435\u043d\u0438\u044f) (85\u00d765)","author":"admin","date":"6 \u0444\u0435\u0432\u0440\u0430\u043b\u044f 2019","format":false,"excerpt":"Dik Tip - S\u0131va \u00dcst\u00fc Sa\u00e7 Kapakl\u0131 (Sulu Sistem)(85x65)\u00d6L\u00c7\u00dc 85*651\" TS EN 694 yar\u0131 sert kau\u00e7uk yang\u0131n hortumu1\" jet sprey lans\u00a020 MT25 MT30 MT1\" TSE K\u00fcresel Vanal\u0131P\u0130-150P\u0130-151P\u0130-1522\" Yang\u0131n Vanal\u0131 ( 2>1'e D\u00f6n\u00fc\u015ft\u00fcr\u00fcc\u00fcl\u00fc )P\u0130-250P\u0130-251P\u0130-252","rel":"","context":"\u041f\u043e\u0445\u043e\u0436\u0430\u044f \u0437\u0430\u043f\u0438\u0441\u044c","block_context":{"text":"\u041f\u043e\u0445\u043e\u0436\u0430\u044f \u0437\u0430\u043f\u0438\u0441\u044c","link":""},"img":{"alt_text":"","src":"https:\/\/i0.wp.com\/tuzlahortum.com.tr\/wp-content\/uploads\/2019\/03\/tek-kap%C4%B1-s%C4%B1va-%C3%BCst%C3%BC-sa%C3%A7-kapakl%C4%B1-sulu.jpg?fit=415%2C489&ssl=1&resize=350%2C200","width":350,"height":200},"classes":[]},{"id":954,"url":"https:\/\/tuzlahortum.com.tr\/ru\/product\/dik-tip-siva-ustu-cam-kapakli-sulu-sistem\/","url_meta":{"origin":955,"position":2},"title":"\u0412\u0435\u0440\u0442\u0438\u043a\u0430\u043b\u044c\u043d\u044b\u0439 \u0442\u0438\u043f \u2013 \u0434\u043b\u044f \u043f\u043e\u0432\u0435\u0440\u0445\u043d\u043e\u0441\u0442\u043d\u043e\u0433\u043e \u043c\u043e\u043d\u0442\u0430\u0436\u0430 \u0441\u043e \u0441\u0442\u0435\u043a\u043b\u044f\u043d\u043d\u043e\u0439 \u043a\u0440\u044b\u0448\u043a\u043e\u0439 (\u0432\u043e\u0434\u044f\u043d\u0430\u044f \u0441\u0438\u0441\u0442\u0435\u043c\u0430) (85\u00d765)","author":"admin","date":"6 \u0444\u0435\u0432\u0440\u0430\u043b\u044f 2019","format":false,"excerpt":"Dik Tip - S\u0131va \u00dcst\u00fc Cam Kapakl\u0131 (Sulu Sistem)(85x65)\u00d6L\u00c7\u00dc 85*651\" TS EN 694 yar\u0131 sert kau\u00e7uk yang\u0131n hortumu1\" jet sprey lans\u00a020 MT25 MT30 MT1\" TSE K\u00fcresel Vanal\u0131P\u0130-155P\u0130-156P\u0130-1572\" Yang\u0131n Vanal\u0131 ( 2>1'e D\u00f6n\u00fc\u015ft\u00fcr\u00fcc\u00fcl\u00fc )P\u0130-255P\u0130-256P\u0130-257","rel":"","context":"\u041f\u043e\u0445\u043e\u0436\u0430\u044f \u0437\u0430\u043f\u0438\u0441\u044c","block_context":{"text":"\u041f\u043e\u0445\u043e\u0436\u0430\u044f \u0437\u0430\u043f\u0438\u0441\u044c","link":""},"img":{"alt_text":"","src":"https:\/\/i0.wp.com\/tuzlahortum.com.tr\/wp-content\/uploads\/2019\/03\/Dik-Tip-S%C4%B1va-%C3%9Cst%C3%BC-Cam-Kapakl%C4%B1-Sulu-Sistem.jpg?fit=388%2C480&ssl=1&resize=350%2C200","width":350,"height":200},"classes":[]},{"id":928,"url":"https:\/\/tuzlahortum.com.tr\/ru\/product\/cift-kapakli-siva-alti-sac-kapakli-sulu-sistem\/","url_meta":{"origin":955,"position":3},"title":"\u0414\u0432\u043e\u0439\u043d\u0430\u044f \u043a\u0440\u044b\u0448\u043a\u0430 \u2013 \u0443\u0442\u043e\u043f\u043b\u0435\u043d\u043d\u0430\u044f \u043c\u0435\u0442\u0430\u043b\u043b\u0438\u0447\u0435\u0441\u043a\u0430\u044f \u043a\u0440\u044b\u0448\u043a\u0430 (\u0432\u043e\u0434\u043e\u043f\u0440\u043e\u0432\u043e\u0434\u043d\u0430\u044f \u0441\u0438\u0441\u0442\u0435\u043c\u0430) (60\u00d780)","author":"admin","date":"6 \u0444\u0435\u0432\u0440\u0430\u043b\u044f 2019","format":false,"excerpt":"\u00c7ift Kapakl\u0131 - S\u0131va Alt\u0131 Sa\u00e7 Kapakl\u0131 (Sulu Sistem)(60x80)\u00d6L\u00c7\u00dc 60*801\" TS EN 694 yar\u0131 sert kau\u00e7uk yang\u0131n hortumu1\" jet sprey lans\u00a020 MT25 MT30 MT1\" TSE K\u00fcresel Vanal\u0131P\u0130-140P\u0130-141P\u0130-1422\" Yang\u0131n Vanal\u0131 ( 2>1'e D\u00f6n\u00fc\u015ft\u00fcr\u00fcc\u00fcl\u00fc )P\u0130-240P\u0130-241P\u0130-242","rel":"","context":"\u041f\u043e\u0445\u043e\u0436\u0430\u044f \u0437\u0430\u043f\u0438\u0441\u044c","block_context":{"text":"\u041f\u043e\u0445\u043e\u0436\u0430\u044f \u0437\u0430\u043f\u0438\u0441\u044c","link":""},"img":{"alt_text":"","src":"https:\/\/i0.wp.com\/tuzlahortum.com.tr\/wp-content\/uploads\/2019\/03\/%C3%87ift-Kapakl%C4%B1-S%C4%B1va-Alt%C4%B1-Sa%C3%A7-Kapakl%C4%B1-Sulu-Sistem.jpg?fit=467%2C422&ssl=1&resize=350%2C200","width":350,"height":200},"classes":[]},{"id":962,"url":"https:\/\/tuzlahortum.com.tr\/ru\/product\/cift-kapakli-siva-ustu-sac-kapakli-sulu-sistem\/","url_meta":{"origin":955,"position":4},"title":"\u0414\u0432\u043e\u0439\u043d\u0430\u044f \u043a\u0440\u044b\u0448\u043a\u0430 \u2013 \u043a\u0440\u044b\u0448\u043a\u0430 \u0434\u043b\u044f \u043f\u043e\u0432\u0435\u0440\u0445\u043d\u043e\u0441\u0442\u043d\u043e\u0433\u043e \u043c\u043e\u043d\u0442\u0430\u0436\u0430 (\u0441\u0438\u0441\u0442\u0435\u043c\u0430 \u0432\u043e\u0434\u043e\u0441\u043d\u0430\u0431\u0436\u0435\u043d\u0438\u044f) (65\u00d785)","author":"admin","date":"6 \u0444\u0435\u0432\u0440\u0430\u043b\u044f 2019","format":false,"excerpt":"\u00c7ift Kapakl\u0131 - S\u0131va \u00dcst\u00fc Sa\u00e7 Kapakl\u0131 (Sulu Sistem)(65x85)\u00d6L\u00c7\u00dc 65*85 1\" TS EN 694 yar\u0131 sert kau\u00e7uk yang\u0131n hortumu 1\" jet sprey lans 20 MT 25 MT 30 MT 1\" TSE K\u00fcresel Vanal\u0131 P\u0130-130 P\u0130-131 P\u0130-132 2\" Yang\u0131n Vanal\u0131 ( 2>1'e D\u00f6n\u00fc\u015ft\u00fcr\u00fcc\u00fcl\u00fc ) P\u0130-230 P\u0130-231 P\u0130-232","rel":"","context":"\u041f\u043e\u0445\u043e\u0436\u0430\u044f \u0437\u0430\u043f\u0438\u0441\u044c","block_context":{"text":"\u041f\u043e\u0445\u043e\u0436\u0430\u044f \u0437\u0430\u043f\u0438\u0441\u044c","link":""},"img":{"alt_text":"","src":"https:\/\/i0.wp.com\/tuzlahortum.com.tr\/wp-content\/uploads\/2019\/03\/%C3%A7ift-kapakl%C4%B1-s%C4%B1va-%C3%BCst%C3%BC-sa%C3%A7-kapakl%C4%B1.jpg?fit=494%2C314&ssl=1&resize=350%2C200","width":350,"height":200},"classes":[]},{"id":961,"url":"https:\/\/tuzlahortum.com.tr\/ru\/product\/tek-kapi-siva-alti-sac-kapakli-sulu-sistem\/","url_meta":{"origin":955,"position":5},"title":"\u041e\u0434\u0438\u043d\u0430\u0440\u043d\u0430\u044f \u0434\u0432\u0435\u0440\u044c \u2013 \u0443\u0442\u043e\u043f\u043b\u0435\u043d\u043d\u0430\u044f \u043c\u0435\u0442\u0430\u043b\u043b\u0438\u0447\u0435\u0441\u043a\u0430\u044f \u043a\u0440\u044b\u0448\u043a\u0430 (\u0432\u043e\u0434\u043e\u043f\u0440\u043e\u0432\u043e\u0434\u043d\u0430\u044f \u0441\u0438\u0441\u0442\u0435\u043c\u0430) (65\u00d760)","author":"admin","date":"6 \u0444\u0435\u0432\u0440\u0430\u043b\u044f 2019","format":false,"excerpt":"Tek Kap\u0131 - S\u0131va Alt\u0131 Sa\u00e7 Kapakl\u0131 (Sulu Sistem)(65x60)\u00d6L\u00c7\u00dc 65*601\" TS EN 694 yar\u0131 sert kau\u00e7uk yang\u0131n hortumu1\" jet sprey lans(nozul)\u00a020 MT25 MT30 MT1\" TSE K\u00fcresel Vanal\u0131P\u0130-120P\u0130-121P\u0130-1222\" Yang\u0131n Vanal\u0131 ( 2>1'e D\u00f6n\u00fc\u015ft\u00fcr\u00fcc\u00fcl\u00fc )P\u0130-220P\u0130-221P\u0130-222","rel":"","context":"\u041f\u043e\u0445\u043e\u0436\u0430\u044f \u0437\u0430\u043f\u0438\u0441\u044c","block_context":{"text":"\u041f\u043e\u0445\u043e\u0436\u0430\u044f \u0437\u0430\u043f\u0438\u0441\u044c","link":""},"img":{"alt_text":"","src":"https:\/\/i0.wp.com\/tuzlahortum.com.tr\/wp-content\/uploads\/2019\/03\/tek-kap%C4%B1-s%C4%B1va-alt%C4%B1-sa%C3%A7-kapakl%C4%B1-sulu.jpg?fit=414%2C475&ssl=1&resize=350%2C200","width":350,"height":200},"classes":[]}],"jetpack_sharing_enabled":true,"jetpack_likes_enabled":true,"_links":{"self":[{"href":"https:\/\/tuzlahortum.com.tr\/ru\/wp-json\/wp\/v2\/product\/955","targetHints":{"allow":["GET"]}}],"collection":[{"href":"https:\/\/tuzlahortum.com.tr\/ru\/wp-json\/wp\/v2\/product"}],"about":[{"href":"https:\/\/tuzlahortum.com.tr\/ru\/wp-json\/wp\/v2\/types\/product"}],"replies":[{"embeddable":true,"href":"https:\/\/tuzlahortum.com.tr\/ru\/wp-json\/wp\/v2\/comments?post=955"}],"wp:featuredmedia":[{"embeddable":true,"href":"https:\/\/tuzlahortum.com.tr\/ru\/wp-json\/wp\/v2\/media\/7300"}],"wp:attachment":[{"href":"https:\/\/tuzlahortum.com.tr\/ru\/wp-json\/wp\/v2\/media?parent=955"}],"wp:term":[{"taxonomy":"product_brand","embeddable":true,"href":"https:\/\/tuzlahortum.com.tr\/ru\/wp-json\/wp\/v2\/product_brand?post=955"},{"taxonomy":"product_cat","embeddable":true,"href":"https:\/\/tuzlahortum.com.tr\/ru\/wp-json\/wp\/v2\/product_cat?post=955"},{"taxonomy":"product_tag","embeddable":true,"href":"https:\/\/tuzlahortum.com.tr\/ru\/wp-json\/wp\/v2\/product_tag?post=955"}],"curies":[{"name":"wp","href":"https:\/\/api.w.org\/{rel}","templated":true}]}}