{"id":949,"date":"2019-02-06T23:56:14","date_gmt":"2019-02-06T20:56:14","guid":{"rendered":"http:\/\/hortum.com.tr\/product\/import-placeholder-for-491\/"},"modified":"2024-03-21T17:40:17","modified_gmt":"2024-03-21T14:40:17","slug":"trelleborg-polyoil","status":"publish","type":"product","link":"https:\/\/tuzlahortum.com.tr\/ru\/product\/trelleborg-polyoil\/","title":{"rendered":"\u0422\u0440\u0435\u043b\u043b\u0435\u0431\u043e\u0440\u0433 \u041f\u041e\u041b\u0418\u041e\u0419\u041b"},"content":{"rendered":"<h2>\u0422\u0440\u0435\u043b\u043b\u0435\u0431\u043e\u0440\u0433 \u041f\u041e\u041b\u0418\u041e\u0419\u041b<\/h2>\n<div>\u043d\u0435\u0444\u0442\u044c \u0438 \u043d\u0435\u0444\u0442\u044c<\/div>\n<div>\u0422\u0440\u0430\u043d\u0441\u043f\u043e\u0440\u0442\u0438\u0440\u043e\u0432\u043a\u0430 \u043d\u0435\u0444\u0442\u0435\u043f\u0440\u043e\u0434\u0443\u043a\u0442\u043e\u0432 \u043f\u043e\u0434 \u0432\u044b\u0441\u043e\u043a\u0438\u043c \u0438 \u043d\u0438\u0437\u043a\u0438\u043c \u0434\u0430\u0432\u043b\u0435\u043d\u0438\u0435\u043c \u0432 \u0441\u0438\u0441\u0442\u0435\u043c\u0430\u0445 \u0433\u0438\u0434\u0440\u043e\u043f\u0440\u0438\u0432\u043e\u0434\u0430 \u0438 \u0432\u043e\u0437\u0432\u0440\u0430\u0442\u0430 \u043d\u0435\u0444\u0442\u0438.<\/div>\n<div>\u041a\u0440\u043e\u043c\u0435 \u0442\u043e\u0433\u043e, \u043b\u0435\u0433\u043a\u0438\u0435 \u0438 \u0442\u044f\u0436\u0435\u043b\u044b\u0435 \u043d\u0435\u0444\u0442\u0435\u043f\u0440\u043e\u0434\u0443\u043a\u0442\u044b, \u0445\u0438\u043c\u0438\u043a\u0430\u0442\u044b \u0438 \u0430\u043d\u0442\u0438\u0444\u0440\u0438\u0437\u044b, \u043c\u0430\u0441\u043b\u043e\u0441\u043e\u0434\u0435\u0440\u0436\u0430\u0449\u0438\u0435 \u0436\u0438\u0434\u043a\u043e\u0441\u0442\u0438 \u043f\u043e\u0434 \u0434\u0430\u0432\u043b\u0435\u043d\u0438\u0435\u043c.<\/div>\n<div>\u0442\u0440\u0430\u043d\u0441\u043f\u043e\u0440\u0442\u0438\u0440\u043e\u0432\u043a\u0430 \u0432\u043e\u0437\u0434\u0443\u0445\u0430, \u0442\u0435\u0445\u043d\u0438\u0447\u0435\u0441\u043a\u043e\u0439 \u0449\u0435\u043b\u043e\u0447\u043d\u043e\u0439 \u0438 \u0441\u043e\u043b\u0435\u043d\u043e\u0439 \u0432\u043e\u0434\u044b.<\/div>\n<div>\u041f\u0440\u0435\u0438\u043c\u0443\u0449\u0435\u0441\u0442\u0432\u0430<\/div>\n<div>*\u041e\u0442\u043b\u0438\u0447\u043d\u0430\u044f \u0443\u0441\u0442\u043e\u0439\u0447\u0438\u0432\u043e\u0441\u0442\u044c \u043a \u0441\u0442\u0430\u0440\u0435\u043d\u0438\u044e, \u0430\u0442\u043c\u043e\u0441\u0444\u0435\u0440\u043d\u044b\u043c \u0443\u0441\u043b\u043e\u0432\u0438\u044f\u043c \u0438 \u043e\u0437\u043e\u043d\u0443.<\/div>\n<div>*\u041e\u0447\u0435\u043d\u044c \u0445\u043e\u0440\u043e\u0448\u0430\u044f \u0443\u0441\u0442\u043e\u0439\u0447\u0438\u0432\u043e\u0441\u0442\u044c \u043a \u0434\u0430\u0432\u043b\u0435\u043d\u0438\u044e.<\/div>\n<div>*&lt;%50 aromatik i\u00e7eri\u011fi olan petrol \u00fcr\u00fcnlerine dayan\u0131kl\u0131 \u00f6zel bile\u015fik.<\/div>\n<div>* \u0421\u0442\u0430\u0442\u0438\u0447\u0435\u0441\u043a\u0430\u044f \u043f\u0440\u043e\u0432\u043e\u0434\u0438\u043c\u043e\u0441\u0442\u044c \u043e\u0431\u0435\u0441\u043f\u0435\u0447\u0438\u0432\u0430\u0435\u0442\u0441\u044f \u0432\u043d\u0443\u0442\u0440\u0435\u043d\u043d\u0435\u0439 \u0442\u0440\u0443\u0431\u043a\u043e\u0439 \u0438 \u043f\u043e\u043a\u0440\u044b\u0442\u0438\u0435\u043c.<\/div>\n<div>\u0422\u0435\u0445\u043d\u0438\u0447\u0435\u0441\u043a\u043e\u0435 \u043e\u043f\u0438\u0441\u0430\u043d\u0438\u0435<\/div>\n<div>\u0412\u043d\u0443\u0442\u0440\u0435\u043d\u043d\u044f\u044f \u0442\u0440\u0443\u0431\u043a\u0430: \u043c\u0430\u0441\u043b\u043e\u0441\u0442\u043e\u0439\u043a\u0438\u0439 NBR, \u0447\u0435\u0440\u043d\u044b\u0439, \u0433\u043b\u0430\u0434\u043a\u0438\u0439.<\/div>\n<div>\u0410\u0440\u043c\u0438\u0440\u043e\u0432\u0430\u043d\u0438\u0435: \u0441\u0438\u043d\u0442\u0435\u0442\u0438\u0447\u0435\u0441\u043a\u0438\u0439 \u0442\u0435\u043a\u0441\u0442\u0438\u043b\u044c.<\/div>\n<div>\u041f\u043e\u043a\u0440\u044b\u0442\u0438\u0435: \u043c\u0430\u0441\u043b\u043e- \u0438 \u0430\u0431\u0440\u0430\u0437\u0438\u0432\u043e\u0441\u0442\u043e\u0439\u043a\u043e\u0435 CR, \u0447\u0435\u0440\u043d\u043e\u0435, \u0433\u043b\u0430\u0434\u043a\u043e\u0435.<\/div>\n<div>\u0414\u0438\u0430\u043f\u0430\u0437\u043e\u043d \u0442\u0435\u043c\u043f\u0435\u0440\u0430\u0442\u0443\u0440: \u043e\u0442 -30\u00b0C \u0434\u043e +100\u00b0C.<\/div>\n<div>\u042d\u043b\u0435\u043a\u0442\u0440\u0438\u0447\u0435\u0441\u043a\u0438\u0435 \u0441\u0432\u043e\u0439\u0441\u0442\u0432\u0430: \u043f\u0440\u043e\u0432\u043e\u0434\u044f\u0449\u0430\u044f \u0432\u043d\u0443\u0442\u0440\u0435\u043d\u043d\u044f\u044f \u0442\u0440\u0443\u0431\u043a\u0430 \u0438 \u043f\u043e\u043a\u0440\u044b\u0442\u0438\u0435, R&lt;106 \u041e\u043c\/\u043c.<\/div>\n<div>\n<div class=\"video video-fit mb\" style=\"padding-top:56.25%;\"><p><iframe loading=\"lazy\" title=\"\u041f\u0443\u0442\u0430\u043d\u0438\u0446\u0430 \u0432 \u0438\u0437\u043c\u0435\u0440\u0435\u043d\u0438\u044f\u0445 (\u0434\u044e\u0439\u043c\u044b, \u043f\u0430\u043b\u044c\u0446\u044b, \u0434\u044b\u043c\u043a\u0430, \u043c\u0438\u043b\u043b\u0438\u043c\u0435\u0442\u0440\u044b)\" width=\"1020\" height=\"574\" src=\"https:\/\/www.youtube.com\/embed\/uKk6AG_AZls?feature=oembed\" frameborder=\"0\" allow=\"accelerometer; autoplay; clipboard-write; encrypted-media; gyroscope; picture-in-picture; web-share\" referrerpolicy=\"strict-origin-when-cross-origin\" allowfullscreen><\/iframe><\/p>\n<\/div>\n<div class=\"video video-fit mb\" style=\"padding-top:56.25%;\"><p>https:\/\/www.youtube.com\/watch?v=O8ZlzKEjfEQ%20<\/p>\n<\/div>\n<\/div>\n<p><img data-recalc-dims=\"1\" loading=\"lazy\" decoding=\"async\" class=\"alignnone size-medium wp-image-2086\" src=\"https:\/\/i0.wp.com\/hortum.com.tr\/wp-content\/uploads\/urunler\/trelleborg\/Trelleborg-POLYOIL-800x163.jpg?resize=800%2C163\" alt=\"\" width=\"800\" height=\"163\" title=\"\" srcset=\"https:\/\/i0.wp.com\/tuzlahortum.com.tr\/wp-content\/uploads\/urunler\/trelleborg\/Trelleborg-POLYOIL.jpg?resize=800%2C163&amp;ssl=1 800w, https:\/\/i0.wp.com\/tuzlahortum.com.tr\/wp-content\/uploads\/urunler\/trelleborg\/Trelleborg-POLYOIL.jpg?resize=768%2C156&amp;ssl=1 768w, https:\/\/i0.wp.com\/tuzlahortum.com.tr\/wp-content\/uploads\/urunler\/trelleborg\/Trelleborg-POLYOIL.jpg?resize=600%2C122&amp;ssl=1 600w, https:\/\/i0.wp.com\/tuzlahortum.com.tr\/wp-content\/uploads\/urunler\/trelleborg\/Trelleborg-POLYOIL.jpg?w=850&amp;ssl=1 850w\" sizes=\"auto, (max-width: 800px) 100vw, 800px\" \/><\/p>","protected":false},"excerpt":{"rendered":"<p>Trelleborg POLYOIL Ya\u011f ve petrol Petrol \u00fcr\u00fcnlerinin y\u00fcksek bas\u0131n\u00e7 alt\u0131nda ta\u015f\u0131nmas\u0131 ve d\u00fc\u015f\u00fck bas\u0131n\u00e7l\u0131 hidrolik tahrik sistemleri ve\u00a0ya\u011f d\u00f6n\u00fc\u015f\u00fc. Ayr\u0131ca, hafif ve a\u011f\u0131r petrol t\u00fcrevlerinin, kimyasallar\u0131n ve antifriz maddelerin, ya\u011f i\u00e7eren bas\u0131n\u00e7l\u0131 hava, end\u00fcstriyel alkalin ve tuzlu suyun ta\u015f\u0131nmas\u0131. Avantajlar *Eskime, atmosfer ko\u015fullar\u0131 ve ozona kar\u015f\u0131 m\u00fckemmel dayan\u0131m. *Bas\u0131nca kar\u015f\u0131 \u00e7ok iyi dayan\u0131m. *&lt;%50 aromatik [&#8230;]\n","protected":false},"featured_media":2667,"comment_status":"open","ping_status":"closed","template":"","meta":[],"product_brand":[],"product_cat":[187],"product_tag":[294,297,290,732,434,548,1023],"class_list":{"0":"post-949","1":"product","2":"type-product","3":"status-publish","4":"has-post-thumbnail","6":"product_cat-yag-ve-petrol-hortumu-uygulamalari","7":"product_tag-dayanikli","8":"product_tag-dusuk-basinc","9":"product_tag-hortum","10":"product_tag-petrol","11":"product_tag-tasima","12":"product_tag-yag","13":"product_tag-yuksek-basinc","15":"first","16":"instock","17":"taxable","18":"shipping-taxable","19":"product-type-variable"},"jetpack-related-posts":[{"id":948,"url":"https:\/\/tuzlahortum.com.tr\/ru\/product\/trelleborg-hydrok\/","url_meta":{"origin":949,"position":0},"title":"\u0422\u0440\u0435\u043b\u043b\u0435\u0431\u043e\u0440\u0433 \u0413\u0418\u0414\u0420\u041e&#039;\u041a","author":"admin","date":"6 \u0444\u0435\u0432\u0440\u0430\u043b\u044f 2019","format":false,"excerpt":"Trelleborg HYDRO'KYa\u011f ve petrol End\u00fcstriyel kullan\u0131ma y\u00f6nelik \u00e7ok ama\u00e7l\u0131 hortum Dizel ya\u011f\u0131, mineral ya\u011f ve aromatik i\u00e7eri\u011fi \u2264%50 olan gres i\u00e7indir. Hidrolik sistem ve tar\u0131m makinelerinde d\u00f6n\u00fc\u015f hortumu. Deniz suyu (motor so\u011futma) ve sulu\u00a0\u00e7\u00f6zeltiler. Ya\u011f, su, bas\u0131n\u00e7l\u0131 hava, gres, vs. i\u00e7in \u00e7ok ama\u00e7l\u0131 hortum. Avantajlar *Stok ihtiyac\u0131n\u0131 en aza indirgeyen\u2026","rel":"","context":"\u041f\u043e\u0445\u043e\u0436\u0430\u044f \u0437\u0430\u043f\u0438\u0441\u044c","block_context":{"text":"\u041f\u043e\u0445\u043e\u0436\u0430\u044f \u0437\u0430\u043f\u0438\u0441\u044c","link":""},"img":{"alt_text":"","src":"https:\/\/i0.wp.com\/tuzlahortum.com.tr\/wp-content\/uploads\/2019\/02\/HYDROK.jpg?fit=800%2C800&ssl=1&resize=350%2C200","width":350,"height":200,"srcset":"https:\/\/i0.wp.com\/tuzlahortum.com.tr\/wp-content\/uploads\/2019\/02\/HYDROK.jpg?fit=800%2C800&ssl=1&resize=350%2C200 1x, https:\/\/i0.wp.com\/tuzlahortum.com.tr\/wp-content\/uploads\/2019\/02\/HYDROK.jpg?fit=800%2C800&ssl=1&resize=525%2C300 1.5x, https:\/\/i0.wp.com\/tuzlahortum.com.tr\/wp-content\/uploads\/2019\/02\/HYDROK.jpg?fit=800%2C800&ssl=1&resize=700%2C400 2x"},"classes":[]},{"id":947,"url":"https:\/\/tuzlahortum.com.tr\/ru\/product\/trelleborg-hydroeco\/","url_meta":{"origin":949,"position":1},"title":"\u0422\u0440\u0435\u043b\u043b\u0435\u0431\u043e\u0440\u0433 \u0413\u0418\u0414\u0420\u041e&#039;\u042d\u041a\u041e","author":"admin","date":"6 \u0444\u0435\u0432\u0440\u0430\u043b\u044f 2019","format":false,"excerpt":"Trelleborg HYDRO'ECOYa\u011f Otomotiv uygulamalar\u0131nda, dizel, kur\u015funlu ve kur\u015funsuz petrol, RMA (\u00e7evre dostu benzin) i\u00e7in %50'nin \u00fczerinde aromatik i\u00e7eri\u011fe kar\u015f\u0131 diren\u00e7li bas\u0131n\u00e7l\u0131 hortum. Hidrolik sistemlerde ya\u011f ve gres d\u00f6n\u00fc\u015f hatlar\u0131. Ya\u011f, gres ve su kullan\u0131lan di\u011fer uygulamalar i\u00e7in de uygundur. Avantajlar *\u00d6zel ya\u011fa ve petrole dayan\u0131kl\u0131 i\u00e7 lastik. *M\u00fckemmel b\u00fckme yar\u0131\u00e7ap\u0131.\u2026","rel":"","context":"\u041f\u043e\u0445\u043e\u0436\u0430\u044f \u0437\u0430\u043f\u0438\u0441\u044c","block_context":{"text":"\u041f\u043e\u0445\u043e\u0436\u0430\u044f \u0437\u0430\u043f\u0438\u0441\u044c","link":""},"img":{"alt_text":"","src":"https:\/\/i0.wp.com\/tuzlahortum.com.tr\/wp-content\/uploads\/2019\/02\/HYDROECO.jpg?fit=800%2C800&ssl=1&resize=350%2C200","width":350,"height":200,"srcset":"https:\/\/i0.wp.com\/tuzlahortum.com.tr\/wp-content\/uploads\/2019\/02\/HYDROECO.jpg?fit=800%2C800&ssl=1&resize=350%2C200 1x, https:\/\/i0.wp.com\/tuzlahortum.com.tr\/wp-content\/uploads\/2019\/02\/HYDROECO.jpg?fit=800%2C800&ssl=1&resize=525%2C300 1.5x, https:\/\/i0.wp.com\/tuzlahortum.com.tr\/wp-content\/uploads\/2019\/02\/HYDROECO.jpg?fit=800%2C800&ssl=1&resize=700%2C400 2x"},"classes":[]},{"id":898,"url":"https:\/\/tuzlahortum.com.tr\/ru\/product\/trelleborg-multikler\/","url_meta":{"origin":949,"position":2},"title":"\u0422\u0440\u0435\u043b\u043b\u0435\u0431\u043e\u0440\u0433 \u041c\u0423\u041b\u042c\u0422\u0418\u041a\u0421","author":"admin","date":"6 \u0444\u0435\u0432\u0440\u0430\u043b\u044f 2019","format":false,"excerpt":"Trelleborg MULTIKLERSolventler\/Boyalar\/Cila ve Vernik Benzen, tol\u00fcen ve ksilen bazl\u0131 boyalar, lake, vernik ve belirli kimyasallar i\u00e7in bas\u0131n\u00e7l\u0131 hizmet\u00a0hatt\u0131. Ayr\u0131ca end\u00fcstriyel boya p\u00fcsk\u00fcrtme donan\u0131m\u0131. Avantajlar *Hortum kaplamas\u0131 a\u015f\u0131nma ve korozif kimyasallara kar\u015f\u0131 dayan\u0131kl\u0131d\u0131r. *Silikon i\u00e7ermez. *Antistatik i\u00e7 lastik. Teknik a\u00e7\u0131klama \u0130\u00e7 t\u00fcp :\u00a0solvent bazl\u0131 boyalara kar\u015f\u0131 dayan\u0131kl\u0131 NBR, siyah, d\u00fcz. Takviye\u2026","rel":"","context":"\u041f\u043e\u0445\u043e\u0436\u0430\u044f \u0437\u0430\u043f\u0438\u0441\u044c","block_context":{"text":"\u041f\u043e\u0445\u043e\u0436\u0430\u044f \u0437\u0430\u043f\u0438\u0441\u044c","link":""},"img":{"alt_text":"","src":"https:\/\/i0.wp.com\/tuzlahortum.com.tr\/wp-content\/uploads\/2019\/02\/MULTIKLER.jpg?fit=800%2C800&ssl=1&resize=350%2C200","width":350,"height":200,"srcset":"https:\/\/i0.wp.com\/tuzlahortum.com.tr\/wp-content\/uploads\/2019\/02\/MULTIKLER.jpg?fit=800%2C800&ssl=1&resize=350%2C200 1x, https:\/\/i0.wp.com\/tuzlahortum.com.tr\/wp-content\/uploads\/2019\/02\/MULTIKLER.jpg?fit=800%2C800&ssl=1&resize=525%2C300 1.5x, https:\/\/i0.wp.com\/tuzlahortum.com.tr\/wp-content\/uploads\/2019\/02\/MULTIKLER.jpg?fit=800%2C800&ssl=1&resize=700%2C400 2x"},"classes":[]},{"id":659,"url":"https:\/\/tuzlahortum.com.tr\/ru\/product\/trelleborg-maxair\/","url_meta":{"origin":949,"position":3},"title":"\u0422\u0440\u0435\u043b\u043b\u0435\u0431\u043e\u0440\u0433 \u041c\u0410\u041a\u0421\u042d\u0420","author":"admin","date":"6 \u0444\u0435\u0432\u0440\u0430\u043b\u044f 2019","format":false,"excerpt":"Trelleborg MAXAIRHava\/Bas\u0131n\u00e7l\u0131 hava uygulamalar\u0131 Pn\u00f6matik aletler ve genel ama\u00e7lar i\u00e7in end\u00fcstriyel ve di\u011fer uygulamalara y\u00f6nelik bas\u0131n\u00e7l\u0131 hava\u00a0hortumu. T\u00fcm uygulamalara y\u00f6nelik s\u0131k\u0131\u015ft\u0131r\u0131lm\u0131\u015f hava, oksijen (sadece \u0130\u00c7\u226425mm) ve ark kayna\u011f\u0131nda kullan\u0131lan asal gazlardan argon, nitrojen ve karbondioksit i\u00e7in uygundur. Ayr\u0131ca end\u00fcstriyel su\u00a0tar\u0131msal spreylemede kullan\u0131lan sulu \u00e7\u00f6zeltiler veya em\u00fclsiyonlar, badana, dezenfeksiyon, asitler ve\u2026","rel":"","context":"\u041f\u043e\u0445\u043e\u0436\u0430\u044f \u0437\u0430\u043f\u0438\u0441\u044c","block_context":{"text":"\u041f\u043e\u0445\u043e\u0436\u0430\u044f \u0437\u0430\u043f\u0438\u0441\u044c","link":""},"img":{"alt_text":"","src":"https:\/\/i0.wp.com\/tuzlahortum.com.tr\/wp-content\/uploads\/2019\/02\/MAXAIR.jpg?fit=800%2C800&ssl=1&resize=350%2C200","width":350,"height":200,"srcset":"https:\/\/i0.wp.com\/tuzlahortum.com.tr\/wp-content\/uploads\/2019\/02\/MAXAIR.jpg?fit=800%2C800&ssl=1&resize=350%2C200 1x, https:\/\/i0.wp.com\/tuzlahortum.com.tr\/wp-content\/uploads\/2019\/02\/MAXAIR.jpg?fit=800%2C800&ssl=1&resize=525%2C300 1.5x, https:\/\/i0.wp.com\/tuzlahortum.com.tr\/wp-content\/uploads\/2019\/02\/MAXAIR.jpg?fit=800%2C800&ssl=1&resize=700%2C400 2x"},"classes":[]},{"id":654,"url":"https:\/\/tuzlahortum.com.tr\/ru\/product\/trelleborg-airflat\/","url_meta":{"origin":949,"position":4},"title":"\u0422\u0440\u0435\u043b\u043b\u0435\u0431\u043e\u0440\u0433 AIRFLAT","author":"admin","date":"6 \u0444\u0435\u0432\u0440\u0430\u043b\u044f 2019","format":false,"excerpt":"Trelleborg AIRFLATHava\/Bas\u0131n\u00e7l\u0131 hava uygulamalar\u0131 Bay\u0131nd\u0131rl\u0131k hizmetleri, tar\u0131m ve t\u00fcm end\u00fcstrilerde \u00e7ok ama\u00e7l\u0131 uygulamalara y\u00f6nelik hafif, d\u00fcz\u00a0hortum. \u00d6zellikle y\u00fcksek uzunluk ve hafif a\u011f\u0131rl\u0131klara ihtiya\u00e7 duyuldu\u011funda ve eri\u015fimin kolay olmad\u0131\u011f\u0131 alanlarda s\u0131v\u0131 ve benzeri s\u0131v\u0131lar\u0131n yan\u0131 s\u0131ra bas\u0131n\u00e7l\u0131 hava pompalanmas\u0131 ve ta\u015f\u0131nmas\u0131 i\u00e7in\u00a0tasarlanm\u0131\u015ft\u0131r. Avantajlar *Ta\u015f\u0131mas\u0131 ve depolanmas\u0131 kolayd\u0131r, \u00e7ok d\u00fc\u015f\u00fck a\u011f\u0131rl\u0131k, sar\u0131labilir.\u2026","rel":"","context":"\u041f\u043e\u0445\u043e\u0436\u0430\u044f \u0437\u0430\u043f\u0438\u0441\u044c","block_context":{"text":"\u041f\u043e\u0445\u043e\u0436\u0430\u044f \u0437\u0430\u043f\u0438\u0441\u044c","link":""},"img":{"alt_text":"","src":"https:\/\/i0.wp.com\/tuzlahortum.com.tr\/wp-content\/uploads\/2019\/02\/AIRFLAT.jpg?fit=800%2C800&ssl=1&resize=350%2C200","width":350,"height":200,"srcset":"https:\/\/i0.wp.com\/tuzlahortum.com.tr\/wp-content\/uploads\/2019\/02\/AIRFLAT.jpg?fit=800%2C800&ssl=1&resize=350%2C200 1x, https:\/\/i0.wp.com\/tuzlahortum.com.tr\/wp-content\/uploads\/2019\/02\/AIRFLAT.jpg?fit=800%2C800&ssl=1&resize=525%2C300 1.5x, https:\/\/i0.wp.com\/tuzlahortum.com.tr\/wp-content\/uploads\/2019\/02\/AIRFLAT.jpg?fit=800%2C800&ssl=1&resize=700%2C400 2x"},"classes":[]},{"id":899,"url":"https:\/\/tuzlahortum.com.tr\/ru\/product\/trelleborg-solvykler\/","url_meta":{"origin":949,"position":5},"title":"\u0422\u0440\u0435\u043b\u043b\u0435\u0431\u043e\u0440\u0433 \u0421\u041e\u041b\u042c\u0412\u0418\u041a\u041b\u0415\u0420","author":"admin","date":"6 \u0444\u0435\u0432\u0440\u0430\u043b\u044f 2019","format":false,"excerpt":"Trelleborg SOLVYKLERSolventler\/Boyalar\/Cila ve Vernik Ester, keton, alkol bazl\u0131 boyalar ve bir\u00e7ok kimyasal i\u00e7in bas\u0131n\u00e7l\u0131 hizmet hatt\u0131. Avantajlar *Hortum kaplamas\u0131 korozif kimyasal s\u0131\u00e7ramas\u0131na kar\u015f\u0131 dayan\u0131kl\u0131d\u0131r. *Silikon i\u00e7ermez. *Hortum esnekli\u011fini geni\u015f bir s\u0131cakl\u0131k aral\u0131\u011f\u0131nda korur. *Antistatik i\u00e7 lastik. Teknik a\u00e7\u0131klama \u0130\u00e7 t\u00fcp :\u00a0kimyasal maddelere dayan\u0131kl\u0131 EPDM, siyah, d\u00fcz. Takviye :\u00a0sentetik tekstil. Kaplama\u2026","rel":"","context":"\u041f\u043e\u0445\u043e\u0436\u0430\u044f \u0437\u0430\u043f\u0438\u0441\u044c","block_context":{"text":"\u041f\u043e\u0445\u043e\u0436\u0430\u044f \u0437\u0430\u043f\u0438\u0441\u044c","link":""},"img":{"alt_text":"","src":"https:\/\/i0.wp.com\/tuzlahortum.com.tr\/wp-content\/uploads\/2019\/02\/SOLVYKLER.jpg?fit=800%2C800&ssl=1&resize=350%2C200","width":350,"height":200,"srcset":"https:\/\/i0.wp.com\/tuzlahortum.com.tr\/wp-content\/uploads\/2019\/02\/SOLVYKLER.jpg?fit=800%2C800&ssl=1&resize=350%2C200 1x, https:\/\/i0.wp.com\/tuzlahortum.com.tr\/wp-content\/uploads\/2019\/02\/SOLVYKLER.jpg?fit=800%2C800&ssl=1&resize=525%2C300 1.5x, https:\/\/i0.wp.com\/tuzlahortum.com.tr\/wp-content\/uploads\/2019\/02\/SOLVYKLER.jpg?fit=800%2C800&ssl=1&resize=700%2C400 2x"},"classes":[]}],"jetpack_sharing_enabled":true,"jetpack_likes_enabled":true,"_links":{"self":[{"href":"https:\/\/tuzlahortum.com.tr\/ru\/wp-json\/wp\/v2\/product\/949","targetHints":{"allow":["GET"]}}],"collection":[{"href":"https:\/\/tuzlahortum.com.tr\/ru\/wp-json\/wp\/v2\/product"}],"about":[{"href":"https:\/\/tuzlahortum.com.tr\/ru\/wp-json\/wp\/v2\/types\/product"}],"replies":[{"embeddable":true,"href":"https:\/\/tuzlahortum.com.tr\/ru\/wp-json\/wp\/v2\/comments?post=949"}],"wp:featuredmedia":[{"embeddable":true,"href":"https:\/\/tuzlahortum.com.tr\/ru\/wp-json\/wp\/v2\/media\/2667"}],"wp:attachment":[{"href":"https:\/\/tuzlahortum.com.tr\/ru\/wp-json\/wp\/v2\/media?parent=949"}],"wp:term":[{"taxonomy":"product_brand","embeddable":true,"href":"https:\/\/tuzlahortum.com.tr\/ru\/wp-json\/wp\/v2\/product_brand?post=949"},{"taxonomy":"product_cat","embeddable":true,"href":"https:\/\/tuzlahortum.com.tr\/ru\/wp-json\/wp\/v2\/product_cat?post=949"},{"taxonomy":"product_tag","embeddable":true,"href":"https:\/\/tuzlahortum.com.tr\/ru\/wp-json\/wp\/v2\/product_tag?post=949"}],"curies":[{"name":"wp","href":"https:\/\/api.w.org\/{rel}","templated":true}]}}