{"id":946,"date":"2019-02-06T23:56:14","date_gmt":"2019-02-06T20:56:14","guid":{"rendered":"http:\/\/hortum.com.tr\/product\/import-placeholder-for-519\/"},"modified":"2024-03-21T17:40:20","modified_gmt":"2024-03-21T14:40:20","slug":"trelleborg-boat-fuel-hose-iso-7840-a1","status":"publish","type":"product","link":"https:\/\/tuzlahortum.com.tr\/ru\/product\/trelleborg-boat-fuel-hose-iso-7840-a1\/","title":{"rendered":"\u0422\u041e\u041f\u041b\u0418\u0412\u041d\u042b\u0419 \u0428\u041b\u0410\u041d\u0413 Trelleborg ISO 7840 A1"},"content":{"rendered":"<h2>\u0422\u041e\u041f\u041b\u0418\u0412\u041d\u042b\u0419 \u0428\u041b\u0410\u041d\u0413 Trelleborg ISO 7840 A1<\/h2>\n<div>\u041c\u0430\u0441\u043b\u043e<\/div>\n<div>\u041e\u0433\u043d\u0435\u0441\u0442\u043e\u0439\u043a\u0438\u0439 \u0442\u043e\u043f\u043b\u0438\u0432\u043d\u044b\u0439 \u0448\u043b\u0430\u043d\u0433, \u0438\u0441\u043f\u043e\u043b\u044c\u0437\u0443\u0435\u043c\u044b\u0439 \u043d\u0430 \u043b\u043e\u0434\u043a\u0430\u0445.<\/div>\n<div>\u0421\u043e\u043e\u0442\u0432\u0435\u0442\u0441\u0442\u0432\u0443\u0435\u0442 \u0442\u0440\u0435\u0431\u043e\u0432\u0430\u043d\u0438\u044f\u043c CEN \u0434\u043b\u044f \u0441\u043f\u043e\u0440\u0442\u0438\u0432\u043d\u044b\u0445 \u043b\u043e\u0434\u043e\u043a.<\/div>\n<div>\u041f\u0440\u0435\u0438\u043c\u0443\u0449\u0435\u0441\u0442\u0432\u0430<\/div>\n<div>*\u0421\u043e\u043e\u0442\u0432\u0435\u0442\u0441\u0442\u0432\u0443\u0435\u0442 \u0441\u0430\u043c\u044b\u043c \u0432\u044b\u0441\u043e\u043a\u0438\u043c \u0441\u0442\u0430\u043d\u0434\u0430\u0440\u0442\u0430\u043c \u0443\u0441\u0442\u043e\u0439\u0447\u0438\u0432\u043e\u0441\u0442\u0438 \u043a \u043f\u0440\u043e\u043d\u0438\u043a\u043d\u043e\u0432\u0435\u043d\u0438\u044e.<\/div>\n<div>*\u0421\u0435\u0440\u0442\u0438\u0444\u0438\u0446\u0438\u0440\u043e\u0432\u0430\u043d\u043e \u041c\u0435\u0436\u0434\u0443\u043d\u0430\u0440\u043e\u0434\u043d\u044b\u043c \u0438\u043d\u0441\u0442\u0438\u0442\u0443\u0442\u043e\u043c \u043c\u043e\u0440\u0441\u043a\u043e\u0439 \u0441\u0435\u0440\u0442\u0438\u0444\u0438\u043a\u0430\u0446\u0438\u0438.<\/div>\n<div>\u0422\u0435\u0445\u043d\u0438\u0447\u0435\u0441\u043a\u043e\u0435 \u043e\u043f\u0438\u0441\u0430\u043d\u0438\u0435<\/div>\n<div>\u0412\u043d\u0443\u0442\u0440\u0435\u043d\u043d\u044f\u044f \u0442\u0440\u0443\u0431\u043a\u0430: NBR, \u0447\u0435\u0440\u043d\u0430\u044f, \u0433\u043b\u0430\u0434\u043a\u0430\u044f.<\/div>\n<div>\u0423\u0441\u0438\u043b\u0435\u043d\u0438\u0435: \u0421\u0438\u043d\u0442\u0435\u0442\u0438\u0447\u0435\u0441\u043a\u0430\u044f \u0442\u0435\u043a\u0441\u0442\u0438\u043b\u044c\u043d\u0430\u044f \u043e\u043f\u043b\u0435\u0442\u043a\u0430 \u0441\u043e \u0432\u0441\u0442\u0440\u043e\u0435\u043d\u043d\u043e\u0439 \u0441\u0442\u0430\u043b\u044c\u043d\u043e\u0439 \u0441\u043f\u0438\u0440\u0430\u043b\u044c\u044e \u0434\u043b\u044f \u0412\u041d\u0423\u0422\u0420\u0418&gt;25 \u043c\u043c.<\/div>\n<div>\u041f\u043e\u043a\u0440\u044b\u0442\u0438\u0435: CR, \u0447\u0435\u0440\u043d\u043e\u0435, \u043e\u0434\u043d\u043e\u0442\u043e\u043d\u043d\u043e\u0435 \u0434\u043b\u044f \u0418\u041d\u0422\u0415\u0420\u042c\u0415\u0420\u0410\u226425 \u043c\u043c, \u0441\u0435\u0442\u043a\u0430 \u0434\u043b\u044f \u0418\u041d\u0422\u0415\u0420\u042c\u0415\u0420\u0430&gt;25 \u043c\u043c.<\/div>\n<div>\u0414\u0438\u0430\u043f\u0430\u0437\u043e\u043d \u0442\u0435\u043c\u043f\u0435\u0440\u0430\u0442\u0443\u0440: \u043e\u0442 -30\u00b0C \u0434\u043e +100\u00b0C.<\/div>\n<div>\u0414\u043e\u043f\u043e\u043b\u043d\u0438\u0442\u0435\u043b\u044c\u043d\u0430\u044f \u0438\u043d\u0444\u043e\u0440\u043c\u0430\u0446\u0438\u044f<\/div>\n<div>\u0420\u0430\u0437\u043b\u0438\u0447\u043d\u044b\u0435 \u0440\u0430\u0437\u043c\u0435\u0440\u044b \u043f\u0440\u043e\u0438\u0437\u0432\u043e\u0434\u044f\u0442\u0441\u044f \u043f\u043e \u0437\u0430\u043f\u0440\u043e\u0441\u0443.<\/div>\n<div>\u0421\u043e\u043e\u0442\u0432\u0435\u0442\u0441\u0442\u0432\u0443\u0435\u0442 SAE J 1527 \u0442\u0438\u043f B1.<\/div>\n<div>\n<div class=\"video video-fit mb\" style=\"padding-top:56.25%;\"><p><iframe loading=\"lazy\" title=\"\u041f\u0443\u0442\u0430\u043d\u0438\u0446\u0430 \u0432 \u0438\u0437\u043c\u0435\u0440\u0435\u043d\u0438\u044f\u0445 (\u0434\u044e\u0439\u043c\u044b, \u043f\u0430\u043b\u044c\u0446\u044b, \u0434\u044b\u043c\u043a\u0430, \u043c\u0438\u043b\u043b\u0438\u043c\u0435\u0442\u0440\u044b)\" width=\"1020\" height=\"574\" src=\"https:\/\/www.youtube.com\/embed\/uKk6AG_AZls?feature=oembed\" frameborder=\"0\" allow=\"accelerometer; autoplay; clipboard-write; encrypted-media; gyroscope; picture-in-picture; web-share\" referrerpolicy=\"strict-origin-when-cross-origin\" allowfullscreen><\/iframe><\/p>\n<\/div>\n<div class=\"video video-fit mb\" style=\"padding-top:56.25%;\"><p>https:\/\/www.youtube.com\/watch?v=O8ZlzKEjfEQ%20<\/p>\n<\/div>\n<\/div>\n<p><img data-recalc-dims=\"1\" loading=\"lazy\" decoding=\"async\" class=\"alignnone size-medium wp-image-2131\" src=\"https:\/\/i0.wp.com\/hortum.com.tr\/wp-content\/uploads\/urunler\/trelleborg\/Trelleborg-BOAT-FUEL-HOSE-ISO-7840-A1-800x247.jpg?resize=800%2C247\" alt=\"\" width=\"800\" height=\"247\" title=\"\" srcset=\"https:\/\/i0.wp.com\/tuzlahortum.com.tr\/wp-content\/uploads\/urunler\/trelleborg\/Trelleborg-BOAT-FUEL-HOSE-ISO-7840-A1.jpg?resize=800%2C247&amp;ssl=1 800w, https:\/\/i0.wp.com\/tuzlahortum.com.tr\/wp-content\/uploads\/urunler\/trelleborg\/Trelleborg-BOAT-FUEL-HOSE-ISO-7840-A1.jpg?resize=768%2C237&amp;ssl=1 768w, https:\/\/i0.wp.com\/tuzlahortum.com.tr\/wp-content\/uploads\/urunler\/trelleborg\/Trelleborg-BOAT-FUEL-HOSE-ISO-7840-A1.jpg?resize=600%2C186&amp;ssl=1 600w, https:\/\/i0.wp.com\/tuzlahortum.com.tr\/wp-content\/uploads\/urunler\/trelleborg\/Trelleborg-BOAT-FUEL-HOSE-ISO-7840-A1.jpg?w=857&amp;ssl=1 857w\" sizes=\"auto, (max-width: 800px) 100vw, 800px\" \/><\/p>","protected":false},"excerpt":{"rendered":"<p>Trelleborg BOAT FUEL HOSE ISO 7840 A1 Ya\u011f Tekne uygulamalar\u0131nda kullan\u0131lan yanmaya dayan\u0131kl\u0131 yak\u0131t hortumu. Spor teknelerde CEN gerekliliklerine uygun. Avantajlar *Ge\u00e7irim direnci konusunda en y\u00fcksek standard\u0131 kar\u015f\u0131lar. *Uluslararas\u0131 Deniz Belgelendirme Enstit\u00fcs\u00fc taraf\u0131ndan belgelendirilmi\u015ftir. Teknik a\u00e7\u0131klama \u0130\u00e7 t\u00fcp :\u00a0NBR, siyah, d\u00fcz. Takviye :\u00a0\u0130\u00c7&gt;25mm i\u00e7in g\u00f6m\u00fcl\u00fc \u00e7elik helis bulunan sentetik tekstil \u00f6rg\u00fc. Kaplama :\u00a0CR, siyah, \u0130\u00c7\u226425mm [&#8230;]\n","protected":false},"featured_media":2626,"comment_status":"open","ping_status":"closed","template":"","meta":{"jetpack_post_was_ever_published":false},"product_brand":[],"product_cat":[187],"product_tag":[294,290,421,1229],"class_list":{"0":"post-946","1":"product","2":"type-product","3":"status-publish","4":"has-post-thumbnail","6":"product_cat-yag-ve-petrol-hortumu-uygulamalari","7":"product_tag-dayanikli","8":"product_tag-hortum","9":"product_tag-tekne","10":"product_tag-yakit","12":"first","13":"instock","14":"taxable","15":"shipping-taxable","16":"product-type-variable"},"jetpack-related-posts":[],"jetpack_sharing_enabled":true,"jetpack_likes_enabled":true,"_links":{"self":[{"href":"https:\/\/tuzlahortum.com.tr\/ru\/wp-json\/wp\/v2\/product\/946","targetHints":{"allow":["GET"]}}],"collection":[{"href":"https:\/\/tuzlahortum.com.tr\/ru\/wp-json\/wp\/v2\/product"}],"about":[{"href":"https:\/\/tuzlahortum.com.tr\/ru\/wp-json\/wp\/v2\/types\/product"}],"replies":[{"embeddable":true,"href":"https:\/\/tuzlahortum.com.tr\/ru\/wp-json\/wp\/v2\/comments?post=946"}],"wp:featuredmedia":[{"embeddable":true,"href":"https:\/\/tuzlahortum.com.tr\/ru\/wp-json\/wp\/v2\/media\/2626"}],"wp:attachment":[{"href":"https:\/\/tuzlahortum.com.tr\/ru\/wp-json\/wp\/v2\/media?parent=946"}],"wp:term":[{"taxonomy":"product_brand","embeddable":true,"href":"https:\/\/tuzlahortum.com.tr\/ru\/wp-json\/wp\/v2\/product_brand?post=946"},{"taxonomy":"product_cat","embeddable":true,"href":"https:\/\/tuzlahortum.com.tr\/ru\/wp-json\/wp\/v2\/product_cat?post=946"},{"taxonomy":"product_tag","embeddable":true,"href":"https:\/\/tuzlahortum.com.tr\/ru\/wp-json\/wp\/v2\/product_tag?post=946"}],"curies":[{"name":"wp","href":"https:\/\/api.w.org\/{rel}","templated":true}]}}