{"id":944,"date":"2019-02-06T23:56:13","date_gmt":"2019-02-06T20:56:13","guid":{"rendered":"http:\/\/hortum.com.tr\/product\/import-placeholder-for-278\/"},"modified":"2024-03-21T17:40:22","modified_gmt":"2024-03-21T14:40:22","slug":"galvaniz-14-mm-hortum-kelepceleri","status":"publish","type":"product","link":"https:\/\/tuzlahortum.com.tr\/ru\/product\/galvaniz-14-mm-hortum-kelepceleri\/","title":{"rendered":"\u041e\u0446\u0438\u043d\u043a\u043e\u0432\u0430\u043d\u043d\u044b\u0435 \u0445\u043e\u043c\u0443\u0442\u044b \u0434\u043b\u044f \u0448\u043b\u0430\u043d\u0433\u043e\u0432 \u0434\u0438\u0430\u043c\u0435\u0442\u0440\u043e\u043c 14 \u043c\u043c"},"content":{"rendered":"<h2>\u041e\u0446\u0438\u043d\u043a\u043e\u0432\u0430\u043d\u043d\u044b\u0435 \u0445\u043e\u043c\u0443\u0442\u044b \u0434\u043b\u044f \u0448\u043b\u0430\u043d\u0433\u043e\u0432 \u0434\u0438\u0430\u043c\u0435\u0442\u0440\u043e\u043c 14 \u043c\u043c<\/h2>\n<p><b>\u0417\u0430\u0436\u0438\u043c\u043d\u0430\u044f \u043b\u0435\u043d\u0442\u0430 \u0438 \u043a\u0440\u044b\u0448\u043a\u0430<\/b> \u041d\u043e\u0440\u043c\u0430\u0442\u0438\u0432\u043d\u044b\u0439 \u0441\u0442\u0430\u043d\u0434\u0430\u0440\u0442 \u2022 DIN 1623 P2 \u2013 \u0425\u043e\u043b\u043e\u0434\u043d\u043e\u043a\u0430\u0442\u0430\u043d\u0430\u044f \u0441\u0442\u0430\u043b\u044c. \u2022 DIN EN 10130:1999 \u2013 \u041f\u043e\u0434\u0445\u043e\u0434\u0438\u0442 \u0434\u043b\u044f \u0440\u0430\u0431\u043e\u0442\u044b \u043d\u0430 \u0440\u0430\u0441\u0442\u044f\u0436\u0435\u043d\u0438\u0435.<\/p>\n<p>\u0445\u043e\u043b\u043e\u0434\u043d\u043e\u043a\u0430\u0442\u0430\u043d\u0430\u044f \u0441\u0442\u0430\u043b\u044c. <b>\u0422\u0438\u043f\u044b \u0437\u0430\u0436\u0438\u043c\u043d\u044b\u0445 \u043b\u0435\u043d\u0442<\/b> \u2022 W1 (\u043e\u0446\u0438\u043d\u043a\u043e\u0432\u0430\u043d\u043d\u044b\u0439) \u2013 \u043f\u0435\u0440\u0444\u043e\u0440\u0438\u0440\u043e\u0432\u0430\u043d\u043d\u0430\u044f \u043b\u0435\u043d\u0442\u0430 \u2022 \u0428\u0438\u0440\u0438\u043d\u0430 \u043b\u0435\u043d\u0442\u044b 14 \u043c\u043c \u2022 \u0411\u0435\u0437\u043e\u043f\u0430\u0441\u043d\u0430\u044f \u0432\u044b\u043f\u0443\u043a\u043b\u0430\u044f \u043b\u0435\u043d\u0442\u0430<\/p>\n<p>\u041f\u0440\u0435\u0434\u043e\u0442\u0432\u0440\u0430\u0449\u0430\u0435\u0442\u0441\u044f \u043f\u043e\u0432\u0440\u0435\u0436\u0434\u0435\u043d\u0438\u0435 \u0448\u043b\u0430\u043d\u0433\u0430, \u0437\u0430\u0442\u044f\u043d\u0443\u0442\u043e\u0433\u043e \u043a\u0440\u0430\u044f\u043c\u0438. <b>\u0412\u0438\u043d\u0442<\/b> \u041d\u043e\u0440\u043c\u0430 \u0421\u0442\u0430\u043d\u0434\u0430\u0440\u0442 \u2022 DIN EN 10263 \u043a\u0430\u0447\u0435\u0441\u0442\u0432\u043e Cq 15 \u2013 \u0425\u043e\u043b\u043e\u0434\u043d\u0430\u044f \u0448\u0442\u0430\u043c\u043f\u043e\u0432\u043a\u0430<\/p>\n<p>\u043f\u043e\u0434\u0445\u043e\u0434\u044f\u0449\u0438\u0439 \u043c\u0430\u0442\u0435\u0440\u0438\u0430\u043b \u043a\u0430\u0442\u0430\u043d\u043a\u0438.<\/p>\n<p><strong>\u0422\u0415\u0425\u041d\u0418\u0427\u0415\u0421\u041a\u0418\u0415 \u0425\u0410\u0420\u0410\u041a\u0422\u0415\u0420\u0418\u0421\u0422\u0418\u041a\u0418 \u0418 \u0420\u0410\u0417\u041c\u0415\u0420\u041d\u042b\u0419 \u041f\u0415\u0420\u0415\u0427\u0415\u041d\u042c<\/strong> \u00a0<\/p>\n<table class=\"prod-table prod-table-red\" cellspacing=\"0\" cellpadding=\"0\">\n<tbody>\n<tr>\n<th>\u00a0<\/th>\n<th colspan=\"2\"><span style=\"font-family: Tahoma; font-size: small;\"><strong>\u0414\u0438\u0430\u043c\u0435\u0442\u0440<\/strong><\/span> \u041e\u041d<\/th>\n<th><span style=\"font-family: Tahoma; font-size: small;\"><strong>\u041f\u0440\u043e\u043f\u0443\u0441\u043a\u043d\u0430\u044f \u0441\u043f\u043e\u0441\u043e\u0431\u043d\u043e\u0441\u0442\u044c<\/strong><\/span> (\u04311)<\/th>\n<th><span style=\"font-family: Tahoma; font-size: small;\"><strong>\u0422\u043e\u043b\u0449\u0438\u043d\u0430 \u0440\u0435\u043c\u0435\u0448\u043a\u0430<\/strong><\/span> (\u0441)<\/th>\n<th>\u041c\u0430\u043a\u0441. \u043a\u0440\u0443\u0442\u044f\u0449\u0438\u0439 \u043c\u043e\u043c\u0435\u043d\u0442<\/th>\n<th><span style=\"font-family: Tahoma; font-size: small;\"><strong>\u041a\u043e\u043b\u0438\u0447\u0435\u0441\u0442\u0432\u043e \u0448\u0442\u0443\u043a\/\u043a\u043e\u0440\u043e\u0431\u043a\u0430<\/strong><\/span><\/th>\n<th><span style=\"font-family: Tahoma; font-size: small;\"><strong>\u0413\u043e\u043b\u043e\u0432\u043a\u0430 \u0432\u0438\u043d\u0442\u0430 SW<\/strong><\/span><\/th>\n<\/tr>\n<tr class=\"unit\">\n<th>\u00a0<\/th>\n<th>\u043c\u043c<\/th>\n<th>\u0434\u044e\u0439\u043c\u044b<\/th>\n<th>\u043c\u043c<\/th>\n<th>\u043c\u043c<\/th>\n<th>\u041d\u043c<\/th>\n<th>\u0448\u0442.<\/th>\n<th>\u00a0<\/th>\n<\/tr>\n<tr>\n<td>\u00a0<\/td>\n<td>19-26<\/td>\n<td>3\/4\u2033-1 1\/32\u2033<\/td>\n<td>14<\/td>\n<td>0,80<\/td>\n<td>6,0<\/td>\n<td>600<\/td>\n<td>SW8<\/td>\n<\/tr>\n<tr>\n<td>\u00a0<\/td>\n<td>20-30<\/td>\n<td>3\/4\u2033-1 3\/16\u2033<\/td>\n<td>14<\/td>\n<td>0,80<\/td>\n<td>5,0<\/td>\n<td>500<\/td>\n<td>SW8<\/td>\n<\/tr>\n<tr>\n<td>\u00a0<\/td>\n<td>22-36<\/td>\n<td>7\/8\u2033-1 27\/64\u2033<\/td>\n<td>14<\/td>\n<td>0,80<\/td>\n<td>8,5<\/td>\n<td>450<\/td>\n<td>SW8<\/td>\n<\/tr>\n<tr>\n<td>\u00a0<\/td>\n<td>25-42<\/td>\n<td>1\u2033-1 21\/32\u2033<\/td>\n<td>14<\/td>\n<td>0,80<\/td>\n<td>8,5<\/td>\n<td>400<\/td>\n<td>SW8<\/td>\n<\/tr>\n<tr>\n<td>\u00a0<\/td>\n<td>28-48<\/td>\n<td>1 3\/32\u2033-1 7\/8\u2033<\/td>\n<td>14<\/td>\n<td>0,80<\/td>\n<td>9,5<\/td>\n<td>350<\/td>\n<td>SW8<\/td>\n<\/tr>\n<tr>\n<td>\u00a0<\/td>\n<td>32-51<\/td>\n<td>2 1\/4\u2033-2\u2033<\/td>\n<td>14<\/td>\n<td>0,80<\/td>\n<td>9,5<\/td>\n<td>350<\/td>\n<td>SW8<\/td>\n<\/tr>\n<tr>\n<td>\u00a0<\/td>\n<td>38-58<\/td>\n<td>1 1\/2\u2033-1 9\/32\u2033<\/td>\n<td>14<\/td>\n<td>0,80<\/td>\n<td>9,5<\/td>\n<td>300<\/td>\n<td>SW8<\/td>\n<\/tr>\n<tr>\n<td>\u00a0<\/td>\n<td>44-64<\/td>\n<td>1 3\/4\u2033-2 1\/2\u2033<\/td>\n<td>14<\/td>\n<td>0,80<\/td>\n<td>9,5<\/td>\n<td>250<\/td>\n<td>SW8<\/td>\n<\/tr>\n<tr>\n<td>\u00a0<\/td>\n<td>51-72<\/td>\n<td>2\u2033-2 28\/32\u2033<\/td>\n<td>14<\/td>\n<td>0,80<\/td>\n<td>8,5<\/td>\n<td>200<\/td>\n<td>SW8<\/td>\n<\/tr>\n<tr>\n<td>\u00a0<\/td>\n<td>57-76<\/td>\n<td>2 1\/4\u2033-3\u2033<\/td>\n<td>14<\/td>\n<td>0,80<\/td>\n<td>8,5<\/td>\n<td>200<\/td>\n<td>SW8<\/td>\n<\/tr>\n<tr>\n<td>\u00a0<\/td>\n<td>65-82<\/td>\n<td>2 9\/16\u2033-3 15\/64\u2033<\/td>\n<td>14<\/td>\n<td>0,80<\/td>\n<td>8,5<\/td>\n<td>200<\/td>\n<td>SW8<\/td>\n<\/tr>\n<tr>\n<td>\u00a0<\/td>\n<td>76-92<\/td>\n<td>3\u20333 5\/8\u2033<\/td>\n<td>14<\/td>\n<td>0,80<\/td>\n<td>8,5<\/td>\n<td>150<\/td>\n<td>SW8<\/td>\n<\/tr>\n<tr>\n<td>\u00a0<\/td>\n<td>85-103<\/td>\n<td>3 1 1\/2\u2033-4 1\/16\u2033<\/td>\n<td>14<\/td>\n<td>0,80<\/td>\n<td>8,5<\/td>\n<td>125<\/td>\n<td>SW8<\/td>\n<\/tr>\n<tr>\n<td>\u00a0<\/td>\n<td>92-110<\/td>\n<td>3 5\/8\u2033-4 21\/64\u2033<\/td>\n<td>14<\/td>\n<td>0,80<\/td>\n<td>8,5<\/td>\n<td>125<\/td>\n<td>SW8<\/td>\n<\/tr>\n<tr>\n<td>\u00a0<\/td>\n<td>105-121<\/td>\n<td>4 9\/64\u2033-4 49\/64\u2033<\/td>\n<td>14<\/td>\n<td>0,80<\/td>\n<td>8,5<\/td>\n<td>100<\/td>\n<td>SW8<\/td>\n<\/tr>\n<tr>\n<td>\u00a0<\/td>\n<td>115-135<\/td>\n<td>4 17\/32\u2033-5 5\/16\u2033<\/td>\n<td>14<\/td>\n<td>0,80<\/td>\n<td>8,0<\/td>\n<td>100<\/td>\n<td>SW8<\/td>\n<\/tr>\n<tr>\n<td>\u00a0<\/td>\n<td>130-146<\/td>\n<td>5 1\/8\u2033-5 3\/4\u2033<\/td>\n<td>14<\/td>\n<td>0,80<\/td>\n<td>8,0<\/td>\n<td>75<\/td>\n<td>SW8<\/td>\n<\/tr>\n<tr>\n<td>\u00a0<\/td>\n<td>146-164<\/td>\n<td>5 3\/4\u2033-6 29\/64\u2033<\/td>\n<td>14<\/td>\n<td>0,80<\/td>\n<td>8,0<\/td>\n<td>75<\/td>\n<td>SW8<\/td>\n<\/tr>\n<tr>\n<td>\u00a0<\/td>\n<td>150-170<\/td>\n<td>5 7\/8\u2033-6 11\/16\u2033<\/td>\n<td>14<\/td>\n<td>0,80<\/td>\n<td>8,0<\/td>\n<td>50<\/td>\n<td>SW8<\/td>\n<\/tr>\n<tr>\n<td>\u00a0<\/td>\n<td>160-180<\/td>\n<td>6 1\/4\u2033-7 1\/32\u2033<\/td>\n<td>14<\/td>\n<td>0,80<\/td>\n<td>8,0<\/td>\n<td>40<\/td>\n<td>SW8<\/td>\n<\/tr>\n<tr>\n<td>\u00a0<\/td>\n<td>170-190<\/td>\n<td>6 11\/16\u2033-7 31\/64\u2033<\/td>\n<td>14<\/td>\n<td>0,80<\/td>\n<td>8,0<\/td>\n<td>25<\/td>\n<td>SW8<\/td>\n<\/tr>\n<tr>\n<td>\u00a0<\/td>\n<td>180-200<\/td>\n<td>7 1\/32\u2033-7 7\/8\u2033<\/td>\n<td>14<\/td>\n<td>0,80<\/td>\n<td>8,0<\/td>\n<td>25<\/td>\n<td>SW8<\/td>\n<\/tr>\n<tr>\n<td>\u00a0<\/td>\n<td>190-210<\/td>\n<td>7 31\/64\u2033-8 17\/64\u2033<\/td>\n<td>14<\/td>\n<td>0,80<\/td>\n<td>8,0<\/td>\n<td>25<\/td>\n<td>SW8<\/td>\n<\/tr>\n<\/tbody>\n<\/table>\n<p>\u00a0<\/p>","protected":false},"excerpt":{"rendered":"<p>Galvaniz 14 mm Hortum Kelep\u00e7eleri Kelep\u00e7e band &amp; Kapak Norm Standart\u0131 \u2022\u00a0DIN 1623 P2 \u2013 So\u011fuk Haddelenmi\u015f \u00c7elik. \u2022\u00a0DIN EN 10130:1999 \u2013 \u00c7ekme i\u015flemine uygun so\u011fuk haddelenmi\u015f \u00e7elik. Kelep\u00e7e band tipleri \u2022\u00a0W1 (\u00e7inko kaplama) \u2013 delikli band \u2022\u00a0Band geni\u015fli\u011fi 14mm \u2022\u00a0G\u00fcvenli d\u0131\u015f b\u00fckey band kenarlar\u0131yla s\u0131k\u0131lan hortumun zarar g\u00f6rmesi engellenmi\u015ftir. Vida Norm Standard \u2022\u00a0DIN EN [&#8230;]\n","protected":false},"featured_media":4103,"comment_status":"open","ping_status":"closed","template":"","meta":{"jetpack_post_was_ever_published":false},"product_brand":[],"product_cat":[113],"product_tag":[1226,2256,2257,1224,290,852],"class_list":{"0":"post-944","1":"product","2":"type-product","3":"status-publish","4":"has-post-thumbnail","6":"product_cat-vida-surumlu-kelepceler","7":"product_tag-14-mm","8":"product_tag-galvaniz-14-mm-hortum-kelepce","9":"product_tag-galvaniz-14-mm-kelepce","10":"product_tag-galveniz","11":"product_tag-hortum","12":"product_tag-kelepce","14":"first","15":"instock","16":"taxable","17":"shipping-taxable","18":"product-type-variable"},"jetpack-related-posts":[],"jetpack_sharing_enabled":true,"jetpack_likes_enabled":true,"_links":{"self":[{"href":"https:\/\/tuzlahortum.com.tr\/ru\/wp-json\/wp\/v2\/product\/944","targetHints":{"allow":["GET"]}}],"collection":[{"href":"https:\/\/tuzlahortum.com.tr\/ru\/wp-json\/wp\/v2\/product"}],"about":[{"href":"https:\/\/tuzlahortum.com.tr\/ru\/wp-json\/wp\/v2\/types\/product"}],"replies":[{"embeddable":true,"href":"https:\/\/tuzlahortum.com.tr\/ru\/wp-json\/wp\/v2\/comments?post=944"}],"wp:featuredmedia":[{"embeddable":true,"href":"https:\/\/tuzlahortum.com.tr\/ru\/wp-json\/wp\/v2\/media\/4103"}],"wp:attachment":[{"href":"https:\/\/tuzlahortum.com.tr\/ru\/wp-json\/wp\/v2\/media?parent=944"}],"wp:term":[{"taxonomy":"product_brand","embeddable":true,"href":"https:\/\/tuzlahortum.com.tr\/ru\/wp-json\/wp\/v2\/product_brand?post=944"},{"taxonomy":"product_cat","embeddable":true,"href":"https:\/\/tuzlahortum.com.tr\/ru\/wp-json\/wp\/v2\/product_cat?post=944"},{"taxonomy":"product_tag","embeddable":true,"href":"https:\/\/tuzlahortum.com.tr\/ru\/wp-json\/wp\/v2\/product_tag?post=944"}],"curies":[{"name":"wp","href":"https:\/\/api.w.org\/{rel}","templated":true}]}}