{"id":937,"date":"2019-02-06T23:55:53","date_gmt":"2019-02-06T20:55:53","guid":{"rendered":"http:\/\/hortum.com.tr\/product\/import-placeholder-for-612\/"},"modified":"2024-03-21T17:40:27","modified_gmt":"2024-03-21T14:40:27","slug":"thermo-kompresor-hortumu-10-bar","status":"publish","type":"product","link":"https:\/\/tuzlahortum.com.tr\/ru\/product\/thermo-kompresor-hortumu-10-bar\/","title":{"rendered":"\u0428\u043b\u0430\u043d\u0433 \u0442\u0435\u0440\u043c\u043e\u043a\u043e\u043c\u043f\u0440\u0435\u0441\u0441\u043e\u0440\u0430 (10 \u0431\u0430\u0440)"},"content":{"rendered":"<h2>\u0428\u043b\u0430\u043d\u0433 \u0442\u0435\u0440\u043c\u043e\u043a\u043e\u043c\u043f\u0440\u0435\u0441\u0441\u043e\u0440\u0430 (10 \u0431\u0430\u0440)<\/h2>\n<p><span class=\"footer_baslik\">\u0424\u0443\u043d\u043a\u0446\u0438\u0438 :<\/span><br \/>\n<span class=\"haberlink\">\u2022 \u0421\u043f\u0435\u0446\u0438\u0430\u043b\u044c\u043d\u044b\u0439 \u0441\u0438\u043d\u0442\u0435\u0442\u0438\u0447\u0435\u0441\u043a\u0438\u0439 \u041f\u0412\u0425, \u0432\u044b\u0441\u043e\u043a\u0430\u044f \u043f\u0440\u043e\u0447\u043d\u043e\u0441\u0442\u044c.<br \/>\n\u0423\u0441\u0438\u043b\u0435\u043d \u043f\u043e\u043b\u0438\u044d\u0441\u0442\u0435\u0440\u043e\u043c.<br \/>\n\u2022 \u0423\u0441\u0442\u043e\u0439\u0447\u0438\u0432 \u043a \u043a\u043e\u043c\u043f\u0440\u0435\u0441\u0441\u043e\u0440\u043d\u044b\u043c \u043c\u0430\u0441\u043b\u0430\u043c \u0438 \u043b\u044e\u0431\u044b\u043c \u043f\u043e\u0433\u043e\u0434\u043d\u044b\u043c \u0443\u0441\u043b\u043e\u0432\u0438\u044f\u043c. \u2022 \u0423\u0441\u0442\u043e\u0439\u0447\u0438\u0432 \u043a \u0442\u0435\u043c\u043f\u0435\u0440\u0430\u0442\u0443\u0440\u0430\u043c \u043e\u0442 -20\u00b0C \u0434\u043e +60\u00b0C.<\/span><span class=\"footer_baslik\"><br \/>\n\u041e\u0431\u043b\u0430\u0441\u0442\u0438 \u0438\u0441\u043f\u043e\u043b\u044c\u0437\u043e\u0432\u0430\u043d\u0438\u044f:<\/span><br \/>\n<span class=\"haberlink\">\u2022 \u0412\u0441\u0435 \u0432\u0438\u0434\u044b \u043f\u043e\u0434\u0430\u0447\u0438 \u0441\u0436\u0430\u0442\u043e\u0433\u043e \u0432\u043e\u0437\u0434\u0443\u0445\u0430 \u0438 \u043f\u043d\u0435\u0432\u043c\u0430\u0442\u0438\u0447\u0435\u0441\u043a\u0438\u0435 \u0441\u0438\u0441\u0442\u0435\u043c\u044b.<br \/>\n\u0438\u0441\u043f\u043e\u043b\u044c\u0437\u0443\u0435\u0442\u0441\u044f \u0432 \u0438\u043d\u0441\u0442\u0440\u0443\u043c\u0435\u043d\u0442\u0430\u0445.<\/span><\/p>\n<div class=\"video video-fit mb\" style=\"padding-top:56.25%;\"><p><iframe loading=\"lazy\" title=\"\u041f\u0443\u0442\u0430\u043d\u0438\u0446\u0430 \u0432 \u0438\u0437\u043c\u0435\u0440\u0435\u043d\u0438\u044f\u0445 (\u0434\u044e\u0439\u043c\u044b, \u043f\u0430\u043b\u044c\u0446\u044b, \u0434\u044b\u043c\u043a\u0430, \u043c\u0438\u043b\u043b\u0438\u043c\u0435\u0442\u0440\u044b)\" width=\"1020\" height=\"574\" src=\"https:\/\/www.youtube.com\/embed\/uKk6AG_AZls?feature=oembed\" frameborder=\"0\" allow=\"accelerometer; autoplay; clipboard-write; encrypted-media; gyroscope; picture-in-picture; web-share\" referrerpolicy=\"strict-origin-when-cross-origin\" allowfullscreen><\/iframe><\/p>\n<\/div>\n<div class=\"video video-fit mb\" style=\"padding-top:56.25%;\"><p>https:\/\/www.youtube.com\/watch?v=O8ZlzKEjfEQ%20<\/p>\n<\/div>\n<p><img data-recalc-dims=\"1\" loading=\"lazy\" decoding=\"async\" class=\"alignnone size-full wp-image-1985\" src=\"https:\/\/i0.wp.com\/hortum.com.tr\/wp-content\/uploads\/urunler\/plastik\/Thermo-Kompreso%CC%88r-Hortumu-10-Bar-1.jpg?resize=696%2C217\" alt=\"\" width=\"696\" height=\"217\" title=\"\" srcset=\"https:\/\/i0.wp.com\/tuzlahortum.com.tr\/wp-content\/uploads\/urunler\/plastik\/Thermo-Kompreso%CC%88r-Hortumu-10-Bar-1.jpg?w=696&amp;ssl=1 696w, https:\/\/i0.wp.com\/tuzlahortum.com.tr\/wp-content\/uploads\/urunler\/plastik\/Thermo-Kompreso%CC%88r-Hortumu-10-Bar-1.jpg?resize=600%2C187&amp;ssl=1 600w\" sizes=\"auto, (max-width: 696px) 100vw, 696px\" \/><\/p>","protected":false},"excerpt":{"rendered":"<p>Thermo Kompres\u00f6r Hortumu (10 Bar) \u00d6zellikler : \u2022 \u00d6zel Sentetik PVC, y\u00fcksek mukavemetli polyester ile takviye edilmi\u015ftir. \u2022 Kompres\u00f6r ya\u011flar\u0131na ve hert\u00fcrl\u00fc hava \u015fartlar\u0131na kar\u015f\u0131 dayan\u0131kl\u0131d\u0131r. \u2022 -20\u00b0C ile +60\u00b0C aras\u0131nda s\u0131cakl\u0131\u011fa dayan\u0131kl\u0131d\u0131r. Kullan\u0131m Alanlar\u0131 : \u2022 Hert\u00fcrl\u00fc bas\u0131n\u00e7l\u0131 hava tahliyesine ve hava ile \u00e7al\u0131\u015fan aletlerde kullan\u0131l\u0131r.<\/p>","protected":false},"featured_media":1984,"comment_status":"open","ping_status":"closed","template":"","meta":{"jetpack_post_was_ever_published":false},"product_brand":[],"product_cat":[173],"product_tag":[1211,1216,1209,1217],"class_list":{"0":"post-937","1":"product","2":"type-product","3":"status-publish","4":"has-post-thumbnail","6":"product_cat-thermo-hortumlar","7":"product_tag-hortumlari","8":"product_tag-kompresor","9":"product_tag-thermo","10":"product_tag-thermo-kompresor-hortumlari","12":"first","13":"instock","14":"taxable","15":"shipping-taxable","16":"product-type-variable"},"jetpack-related-posts":[],"jetpack_sharing_enabled":true,"jetpack_likes_enabled":true,"_links":{"self":[{"href":"https:\/\/tuzlahortum.com.tr\/ru\/wp-json\/wp\/v2\/product\/937","targetHints":{"allow":["GET"]}}],"collection":[{"href":"https:\/\/tuzlahortum.com.tr\/ru\/wp-json\/wp\/v2\/product"}],"about":[{"href":"https:\/\/tuzlahortum.com.tr\/ru\/wp-json\/wp\/v2\/types\/product"}],"replies":[{"embeddable":true,"href":"https:\/\/tuzlahortum.com.tr\/ru\/wp-json\/wp\/v2\/comments?post=937"}],"wp:featuredmedia":[{"embeddable":true,"href":"https:\/\/tuzlahortum.com.tr\/ru\/wp-json\/wp\/v2\/media\/1984"}],"wp:attachment":[{"href":"https:\/\/tuzlahortum.com.tr\/ru\/wp-json\/wp\/v2\/media?parent=937"}],"wp:term":[{"taxonomy":"product_brand","embeddable":true,"href":"https:\/\/tuzlahortum.com.tr\/ru\/wp-json\/wp\/v2\/product_brand?post=937"},{"taxonomy":"product_cat","embeddable":true,"href":"https:\/\/tuzlahortum.com.tr\/ru\/wp-json\/wp\/v2\/product_cat?post=937"},{"taxonomy":"product_tag","embeddable":true,"href":"https:\/\/tuzlahortum.com.tr\/ru\/wp-json\/wp\/v2\/product_tag?post=937"}],"curies":[{"name":"wp","href":"https:\/\/api.w.org\/{rel}","templated":true}]}}