{"id":936,"date":"2019-02-06T23:55:53","date_gmt":"2019-02-06T20:55:53","guid":{"rendered":"http:\/\/hortum.com.tr\/product\/import-placeholder-for-622\/"},"modified":"2024-03-21T17:40:27","modified_gmt":"2024-03-21T14:40:27","slug":"thermo-ciftli-oksijen-hortumu","status":"publish","type":"product","link":"https:\/\/tuzlahortum.com.tr\/ru\/product\/thermo-ciftli-oksijen-hortumu\/","title":{"rendered":"\u0422\u0435\u0440\u043c\u043e \u0434\u0432\u043e\u0439\u043d\u043e\u0439 \u043a\u0438\u0441\u043b\u043e\u0440\u043e\u0434\u043d\u044b\u0439 \u0448\u043b\u0430\u043d\u0433"},"content":{"rendered":"<h2>\u0422\u0435\u0440\u043c\u043e \u0434\u0432\u043e\u0439\u043d\u043e\u0439 \u043a\u0438\u0441\u043b\u043e\u0440\u043e\u0434\u043d\u044b\u0439 \u0448\u043b\u0430\u043d\u0433<\/h2>\n<table border=\"0\" width=\"570\">\n<tbody>\n<tr>\n<td width=\"410\">\u041a\u0418\u0421\u041b\u041e\u0420\u041e\u0414\u041d\u0410\u042f \u0418 \u0410\u0426\u0415\u0422\u0418\u041b\u0415\u041d\u041e\u0412\u0410\u042f \u0421\u0412\u0410\u0420\u041a\u0410<\/td>\n<td width=\"150\">\n<div align=\"right\"><\/div>\n<\/td>\n<\/tr>\n<\/tbody>\n<\/table>\n<table border=\"0\" width=\"570\">\n<tbody>\n<tr>\n<td colspan=\"2\" valign=\"top\">\n<table border=\"0\" width=\"100%\">\n<tbody>\n<tr valign=\"top\">\n<td width=\"60\">\u0412\u043d\u0438\u0437\u0443<\/td>\n<td width=\"15\">:<\/td>\n<td width=\"370\">\u0421\u041f\u0415\u0426\u0418\u0410\u041b\u042c\u041d\u042b\u0419 \u0427\u0415\u0420\u041d\u042b\u0419 \u041f\u041b\u041e\u0421\u041a\u0418\u0419 \u0421\u0418\u041d\u0422\u0415\u0422\u0418\u0427\u0415\u0421\u041a\u0418\u0419 \u041a\u0410\u0423\u0427\u0423\u041a, \u0423\u0421\u0422\u041e\u0419\u0427\u0418\u0412\u042b\u0419 \u041a \u0412\u041e\u0417\u0414\u0415\u0419\u0421\u0422\u0412\u0418\u042e \u041a\u0418\u0421\u041b\u041e\u0420\u041e\u0414\u0410 \u0418 \u0410\u0426\u0415\u0422\u0418\u041b\u0415\u041d\u0410.<\/td>\n<\/tr>\n<tr valign=\"top\">\n<td width=\"60\">\u0410\u0440\u043c\u0438\u0440\u043e\u0432\u0430\u043d\u0438\u0435<\/td>\n<td width=\"15\">:<\/td>\n<td width=\"370\">\u0412\u042b\u0421\u041e\u041a\u041e\u041f\u0420\u041e\u0427\u041d\u042b\u0419 \u0421\u0418\u041d\u0422\u0415\u0422\u0418\u0427\u0415\u0421\u041a\u0418\u0419 \u0422\u0415\u041a\u0421\u0422\u0418\u041b\u042c.<\/td>\n<\/tr>\n<tr valign=\"top\">\n<td width=\"60\">\u041d\u0430\u0432\u0435\u0440\u0445\u0443<\/td>\n<td width=\"15\">:<\/td>\n<td width=\"370\">\u0421\u041f\u0415\u0426\u0418\u0410\u041b\u042c\u041d\u042b\u0419 \u0421\u0418\u041d\u0422\u0415\u0422\u0418\u0427\u0415\u0421\u041a\u0418\u0419 \u041a\u0410\u0423\u0427\u0423\u041a, \u0423\u0421\u0422\u041e\u0419\u0427\u0418\u0412\u042b\u0419 \u041a \u041f\u041b\u0410\u041c\u0415\u041d\u0418, \u0418\u0421\u0422\u0418\u0420\u0410\u041d\u0418\u042e \u0418 \u041b\u042e\u0411\u042b\u041c \u041f\u041e\u0413\u041e\u0414\u041d\u042b\u041c \u0423\u0421\u041b\u041e\u0412\u0418\u042f\u041c. \u0421\u0418\u041d\u0418\u0419 - \u0414\u041b\u042f \u041a\u0418\u0421\u041b\u041e\u0420\u041e\u0414\u0410, \u041a\u0420\u0410\u0421\u041d\u042b\u0419 - \u0414\u041b\u042f \u0410\u0426\u0415\u0422\u0418\u041b\u0415\u041d\u0410.<\/td>\n<\/tr>\n<tr valign=\"top\">\n<td width=\"60\">\u041c\u0435\u0441\u0442\u043e \u0438\u0441\u043f\u043e\u043b\u044c\u0437\u043e\u0432\u0430\u043d\u0438\u044f<\/td>\n<td width=\"15\">:<\/td>\n<td width=\"370\">\u041f\u0420\u041e\u041c\u042b\u0428\u041b\u0415\u041d\u041d\u042b\u0415 \u041a\u0418\u0421\u041b\u041e\u0420\u041e\u0414\u041d\u042b\u0415 \u0418 \u0410\u0426\u0415\u0422\u0418\u041b\u0415\u041d\u041e\u0412\u042b\u0415 \u0421\u0412\u0410\u0420\u041e\u0427\u041d\u042b\u0415 \u0420\u0410\u0411\u041e\u0422\u042b.<\/td>\n<\/tr>\n<\/tbody>\n<\/table>\n<\/td>\n<td width=\"71\">\n<div align=\"center\"><\/div>\n<\/td>\n<\/tr>\n<\/tbody>\n<\/table>\n<table border=\"0\" width=\"570\">\n<tbody>\n<tr>\n<td>\n<table border=\"0\" width=\"570\">\n<tbody>\n<tr>\n<td width=\"150\">\u0422\u0435\u043c\u043f\u0435\u0440\u0430\u0442\u0443\u0440\u043d\u044b\u0435 \u043a\u043b\u0430\u0441\u0441\u044b<\/td>\n<td>\n<div>-25\u00b0C\/+110\u00b0C<\/div>\n<div>-13\u00b0F\/+230\u00b0F<\/div>\n<div><\/div>\n<\/td>\n<td><\/td>\n<\/tr>\n<\/tbody>\n<\/table>\n<\/td>\n<\/tr>\n<tr>\n<td>\n<table border=\"0\" width=\"570\">\n<tbody>\n<tr>\n<td width=\"69\" height=\"25\"><strong>\u041d\u043e\u0440\u043c\u044b:<\/strong><\/td>\n<td width=\"217\">UNI EN 559 \/ ISO 3821 \/ DIN 8541- TS 2411- EN 559 \/ NFT 47-220- ISO 1307<\/td>\n<td colspan=\"2\" rowspan=\"2\" width=\"270\">\n<table border=\"0\" width=\"270\">\n<tbody>\n<tr>\n<td width=\"58\"><strong>\u0426\u0432\u0435\u0442\u0430<\/strong><\/td>\n<td width=\"202\">\u00a0\u041a\u0440\u0430\u0441\u043d\u044b\u0439 - \u0421\u0438\u043d\u0438\u0439<\/td>\n<\/tr>\n<\/tbody>\n<\/table>\n<\/td>\n<\/tr>\n<\/tbody>\n<\/table>\n<\/td>\n<\/tr>\n<\/tbody>\n<\/table>\n<div class=\"video video-fit mb\" style=\"padding-top:56.25%;\"><p><iframe loading=\"lazy\" title=\"\u041f\u0443\u0442\u0430\u043d\u0438\u0446\u0430 \u0432 \u0438\u0437\u043c\u0435\u0440\u0435\u043d\u0438\u044f\u0445 (\u0434\u044e\u0439\u043c\u044b, \u043f\u0430\u043b\u044c\u0446\u044b, \u0434\u044b\u043c\u043a\u0430, \u043c\u0438\u043b\u043b\u0438\u043c\u0435\u0442\u0440\u044b)\" width=\"1020\" height=\"574\" src=\"https:\/\/www.youtube.com\/embed\/uKk6AG_AZls?feature=oembed\" frameborder=\"0\" allow=\"accelerometer; autoplay; clipboard-write; encrypted-media; gyroscope; picture-in-picture\" allowfullscreen><\/iframe><\/p>\n<\/div>\n<div class=\"video video-fit mb\" style=\"padding-top:56.25%;\"><p>https:\/\/youtu.be\/YFDzAoEaZfM%20<\/p>\n<\/div>","protected":false},"excerpt":{"rendered":"<p>Thermo \u00c7iftli Oksijen Hortumu OKS\u0130JEN VE ASET\u0130LEN KAYNAK Alt Kat : OKS\u0130JEN VE ASET\u0130LENE DAYANIKLI \u00d6ZEL, S\u0130YAH D\u00dcZ SENTET\u0130K KAU\u00c7UK. Takviye : Y\u00dcKSEK MUKAVEMETL\u0130 SENTET\u0130K TEKST\u0130L. \u00dcst Kat : ALEVE, A\u015eINMAYA VE HER T\u00dcRL\u00dc HAVA \u015eARTLARINA SAYANIKLI \u00d6ZEL SENTET\u0130K KAU\u00c7UK. OKS\u0130JEN \u0130\u00c7\u0130N MAV\u0130, ASET\u0130LEN \u0130\u00c7\u0130N KIRMIZI RENKLERDE. Kullan\u0131m Yeri : END\u00dcSTR\u0130YEL OKS\u0130JEN VE ASET\u0130LEN KAYNA\u011eI [&#8230;]\n","protected":false},"featured_media":1997,"comment_status":"open","ping_status":"closed","template":"","meta":{"jetpack_post_was_ever_published":false},"product_brand":[],"product_cat":[173],"product_tag":[1215,424,1211,517,1209,1214],"class_list":{"0":"post-936","1":"product","2":"type-product","3":"status-publish","4":"has-post-thumbnail","6":"product_cat-thermo-hortumlar","7":"product_tag-ciftli","8":"product_tag-hava","9":"product_tag-hortumlari","10":"product_tag-oksijen","11":"product_tag-thermo","12":"product_tag-thermo-ciftli-oksijen-hortumu","14":"first","15":"instock","16":"taxable","17":"shipping-taxable","18":"product-type-variable"},"jetpack-related-posts":[],"jetpack_sharing_enabled":true,"jetpack_likes_enabled":true,"_links":{"self":[{"href":"https:\/\/tuzlahortum.com.tr\/ru\/wp-json\/wp\/v2\/product\/936","targetHints":{"allow":["GET"]}}],"collection":[{"href":"https:\/\/tuzlahortum.com.tr\/ru\/wp-json\/wp\/v2\/product"}],"about":[{"href":"https:\/\/tuzlahortum.com.tr\/ru\/wp-json\/wp\/v2\/types\/product"}],"replies":[{"embeddable":true,"href":"https:\/\/tuzlahortum.com.tr\/ru\/wp-json\/wp\/v2\/comments?post=936"}],"wp:featuredmedia":[{"embeddable":true,"href":"https:\/\/tuzlahortum.com.tr\/ru\/wp-json\/wp\/v2\/media\/1997"}],"wp:attachment":[{"href":"https:\/\/tuzlahortum.com.tr\/ru\/wp-json\/wp\/v2\/media?parent=936"}],"wp:term":[{"taxonomy":"product_brand","embeddable":true,"href":"https:\/\/tuzlahortum.com.tr\/ru\/wp-json\/wp\/v2\/product_brand?post=936"},{"taxonomy":"product_cat","embeddable":true,"href":"https:\/\/tuzlahortum.com.tr\/ru\/wp-json\/wp\/v2\/product_cat?post=936"},{"taxonomy":"product_tag","embeddable":true,"href":"https:\/\/tuzlahortum.com.tr\/ru\/wp-json\/wp\/v2\/product_tag?post=936"}],"curies":[{"name":"wp","href":"https:\/\/api.w.org\/{rel}","templated":true}]}}