{"id":935,"date":"2019-02-06T23:55:53","date_gmt":"2019-02-06T20:55:53","guid":{"rendered":"http:\/\/hortum.com.tr\/product\/import-placeholder-for-571\/"},"modified":"2024-03-21T17:40:28","modified_gmt":"2024-03-21T14:40:28","slug":"thermo-hava-hortumlarioksijen","status":"publish","type":"product","link":"https:\/\/tuzlahortum.com.tr\/ru\/product\/thermo-hava-hortumlarioksijen\/","title":{"rendered":"\u0422\u0435\u0440\u043c\u043e\u0432\u043e\u0437\u0434\u0443\u0448\u043d\u044b\u0435 \u0448\u043b\u0430\u043d\u0433\u0438 (\u043a\u0438\u0441\u043b\u043e\u0440\u043e\u0434)"},"content":{"rendered":"<h2>\u0422\u0435\u0440\u043c\u043e\u0432\u043e\u0437\u0434\u0443\u0448\u043d\u044b\u0435 \u0448\u043b\u0430\u043d\u0433\u0438 (\u043a\u0438\u0441\u043b\u043e\u0440\u043e\u0434)<\/h2>\n<p>\u041d\u0438\u0436\u043d\u0438\u0439 \u0441\u043b\u043e\u0439 \u0438\u0437\u0433\u043e\u0442\u043e\u0432\u043b\u0435\u043d \u0438\u0437 \u0441\u043f\u0435\u0446\u0438\u0430\u043b\u044c\u043d\u043e\u0439 \u0441\u043c\u0435\u0441\u0438 \u041f\u0412\u0425 \u0438 \u0432\u044b\u0441\u043e\u043a\u043e\u043f\u0440\u043e\u0447\u043d\u043e\u0439 \u043f\u043e\u043b\u0438\u044d\u0444\u0438\u0440\u043d\u043e\u0439 \u043d\u0438\u0442\u0438, \u0430 \u0432\u0435\u0440\u0445\u043d\u0438\u0439 \u0441\u043b\u043e\u0439 \u2013 \u0438\u0437 \u0438\u0437\u043d\u043e\u0441\u043e\u0441\u0442\u043e\u0439\u043a\u043e\u0439 \u0441\u043c\u0435\u0441\u0438 \u041f\u0412\u0425.<br \/>\n\u0420\u0430\u0431\u043e\u0447\u0430\u044f \u0442\u0435\u043c\u043f\u0435\u0440\u0430\u0442\u0443\u0440\u0430<\/p>\n<p>\u043e\u0442 -10\u00b0\u0421 \u0434\u043e +50\u00b0\u0421<\/p>\n<p>\u041e\u0431\u043b\u0430\u0441\u0442\u0438 \u0438\u0441\u043f\u043e\u043b\u044c\u0437\u043e\u0432\u0430\u043d\u0438\u044f<\/p>\n<p>\u0418\u0441\u043f\u043e\u043b\u044c\u0437\u0443\u0435\u0442\u0441\u044f \u0432 \u0441\u0432\u0430\u0440\u043e\u0447\u043d\u044b\u0445 \u0440\u0430\u0431\u043e\u0442\u0430\u0445 \u0438 \u0432\u043e\u0437\u0434\u0443\u0445\u043e\u0432\u043e\u0434\u0430\u0445.<\/p>\n<table class=\"table table-bordered\">\n<thead>\n<tr>\n<th><\/th>\n<th>\u0414\u0438\u0430\u043c\u0435\u0442\u0440 (\u0434\u044e\u0439\u043c)<\/th>\n<th>\u0414\u0438\u0430\u043c\u0435\u0442\u0440 (\u043c\u043c)<\/th>\n<th>\u0420\u0430\u0431\u043e\u0447\u0435\u0435 \u0434\u0430\u0432\u043b\u0435\u043d\u0438\u0435 (\u0431\u0430\u0440)<\/th>\n<th>\u0414\u043b\u0438\u043d\u0430 (\u043c)<\/th>\n<\/tr>\n<\/thead>\n<tbody>\n<tr>\n<th scope=\"row\"><\/th>\n<td>5\/16\u2033<\/td>\n<td>8<\/td>\n<td>\u00a0 \u00a0 \u00a0 \u00a0 \u00a0 \u00a020<\/td>\n<td>100<\/td>\n<\/tr>\n<tr>\n<th scope=\"row\"><\/th>\n<td>3\/8\u2033<\/td>\n<td>10<\/td>\n<td>\u00a0 \u00a0 \u00a0 \u00a0 \u00a0 \u00a020<\/td>\n<td>100<\/td>\n<\/tr>\n<\/tbody>\n<\/table>\n<div class=\"video video-fit mb\" style=\"padding-top:56.25%;\"><p><iframe loading=\"lazy\" title=\"\u041f\u0443\u0442\u0430\u043d\u0438\u0446\u0430 \u0432 \u0438\u0437\u043c\u0435\u0440\u0435\u043d\u0438\u044f\u0445 (\u0434\u044e\u0439\u043c\u044b, \u043f\u0430\u043b\u044c\u0446\u044b, \u0434\u044b\u043c\u043a\u0430, \u043c\u0438\u043b\u043b\u0438\u043c\u0435\u0442\u0440\u044b)\" width=\"1020\" height=\"574\" src=\"https:\/\/www.youtube.com\/embed\/uKk6AG_AZls?feature=oembed\" frameborder=\"0\" allow=\"accelerometer; autoplay; clipboard-write; encrypted-media; gyroscope; picture-in-picture; web-share\" referrerpolicy=\"strict-origin-when-cross-origin\" allowfullscreen><\/iframe><\/p>\n<\/div>\n<div class=\"video video-fit mb\" style=\"padding-top:56.25%;\"><p>https:\/\/youtu.be\/YFDzAoEaZfM%20<\/p>\n<\/div>","protected":false},"excerpt":{"rendered":"<p>Thermo Hava Hortumlar\u0131(Oksijen) Alt kat \u00f6zel PVC kar\u0131\u015f\u0131m ve\u00a0y\u00fcksek mukavemetli polyester iplik, \u00fcst katta a\u015f\u0131nmaya \u00a0dayan\u0131kl\u0131 PVC kar\u0131\u015f\u0131mdan \u00a0\u00fcretilmi\u015ftir. \u00c7al\u0131\u015fma S\u0131cakl\u0131\u011f\u0131 -10\u00b0C ile +50\u00b0C aras\u0131 Kullan\u0131m Alanlar\u0131 Kaynak i\u015fleri ve hava hatlar\u0131nda kullan\u0131lmaktad\u0131r. \u00c7ap (inch) \u00c7ap (mm) \u00c7al\u0131\u015fma Bas\u0131nc\u0131 (bar) Uzunluk (mt) 5\/16&#8243; 8 \u00a0 \u00a0 \u00a0 \u00a0 \u00a0 \u00a020 100 3\/8&#8243; 10 \u00a0 \u00a0 [&#8230;]\n","protected":false},"featured_media":1989,"comment_status":"open","ping_status":"closed","template":"","meta":{"jetpack_post_was_ever_published":false},"product_brand":[],"product_cat":[173],"product_tag":[424,1211,517,1209,1213],"class_list":{"0":"post-935","1":"product","2":"type-product","3":"status-publish","4":"has-post-thumbnail","6":"product_cat-thermo-hortumlar","7":"product_tag-hava","8":"product_tag-hortumlari","9":"product_tag-oksijen","10":"product_tag-thermo","11":"product_tag-thermo-hava-hortumlari","13":"first","14":"instock","15":"featured","16":"taxable","17":"shipping-taxable","18":"product-type-variable"},"jetpack-related-posts":[{"id":938,"url":"https:\/\/tuzlahortum.com.tr\/ru\/product\/thermo-su-hortumlari-standart\/","url_meta":{"origin":935,"position":0},"title":"\u0428\u043b\u0430\u043d\u0433\u0438 \u0434\u043b\u044f \u0442\u0435\u0440\u043c\u043e\u0432\u043e\u0434\u044b (\u0421\u0422\u0410\u041d\u0414\u0410\u0420\u0422)","author":"admin","date":"6 \u0444\u0435\u0432\u0440\u0430\u043b\u044f 2019","format":false,"excerpt":"Thermo Su Hortumlar\u0131 (STANDART)Alt kat siyah\u00a0PVC ve\u00a0y\u00fcksek mukavemetli polyester iplik, \u00fcst katta a\u015f\u0131nmaya \u00a0dayan\u0131kl\u0131 \u00f6zel kar\u0131\u015f\u0131m PVC ile \u00fcretilmi\u015ftir. Bas\u0131nca dayan\u0131kl\u0131d\u0131r. \u00c7al\u0131\u015fma S\u0131cakl\u0131\u011f\u0131 -10\u00b0C ile +50\u00b0C aras\u0131 Kullan\u0131m Alanlar\u0131 Ev, bah\u00e7e, tarla, sanayi ve in\u015faat sekt\u00f6r\u00fcnde sulama ve tahliye i\u015flerinde kullan\u0131l\u0131r.","rel":"","context":"\u041f\u043e\u0445\u043e\u0436\u0430\u044f \u0437\u0430\u043f\u0438\u0441\u044c","block_context":{"text":"\u041f\u043e\u0445\u043e\u0436\u0430\u044f \u0437\u0430\u043f\u0438\u0441\u044c","link":""},"img":{"alt_text":"","src":"https:\/\/i0.wp.com\/tuzlahortum.com.tr\/wp-content\/uploads\/urunler\/plastik\/THERMO-SU-HORTUMLAR.jpg?fit=640%2C480&ssl=1&resize=350%2C200","width":350,"height":200,"srcset":"https:\/\/i0.wp.com\/tuzlahortum.com.tr\/wp-content\/uploads\/urunler\/plastik\/THERMO-SU-HORTUMLAR.jpg?fit=640%2C480&ssl=1&resize=350%2C200 1x, https:\/\/i0.wp.com\/tuzlahortum.com.tr\/wp-content\/uploads\/urunler\/plastik\/THERMO-SU-HORTUMLAR.jpg?fit=640%2C480&ssl=1&resize=525%2C300 1.5x"},"classes":[]},{"id":939,"url":"https:\/\/tuzlahortum.com.tr\/ru\/product\/thermo-su-hortumlari-super\/","url_meta":{"origin":935,"position":1},"title":"\u0428\u043b\u0430\u043d\u0433\u0438 \u0434\u043b\u044f \u0442\u0435\u0440\u043c\u043e\u0432\u043e\u0434\u044b (\u0421\u0423\u041f\u0415\u0420)","author":"admin","date":"6 \u0444\u0435\u0432\u0440\u0430\u043b\u044f 2019","format":false,"excerpt":"Thermo Su Hortumlar\u0131 (S\u00dcPER)Alt kat siyah\u00a0PVC ve\u00a0y\u00fcksek mukavemetli polyester iplik, \u00fcst katta a\u015f\u0131nmaya \u00a0dayan\u0131kl\u0131 \u00f6zel kar\u0131\u015f\u0131m PVC ile \u00fcretilmi\u015ftir. Bas\u0131nca dayan\u0131kl\u0131d\u0131r. \u00c7al\u0131\u015fma S\u0131cakl\u0131\u011f\u0131 -10\u00b0C ile +50\u00b0C aras\u0131 Kullan\u0131m Alanlar\u0131 Ev, bah\u00e7e, tarla, sanayi ve in\u015faat sekt\u00f6r\u00fcnde sulama ve tahliye i\u015flerinde kullan\u0131l\u0131r.","rel":"","context":"\u041f\u043e\u0445\u043e\u0436\u0430\u044f \u0437\u0430\u043f\u0438\u0441\u044c","block_context":{"text":"\u041f\u043e\u0445\u043e\u0436\u0430\u044f \u0437\u0430\u043f\u0438\u0441\u044c","link":""},"img":{"alt_text":"","src":"https:\/\/i0.wp.com\/tuzlahortum.com.tr\/wp-content\/uploads\/urunler\/plastik\/THERMO-SU-HORTUMLAR.jpg?fit=640%2C480&ssl=1&resize=350%2C200","width":350,"height":200,"srcset":"https:\/\/i0.wp.com\/tuzlahortum.com.tr\/wp-content\/uploads\/urunler\/plastik\/THERMO-SU-HORTUMLAR.jpg?fit=640%2C480&ssl=1&resize=350%2C200 1x, https:\/\/i0.wp.com\/tuzlahortum.com.tr\/wp-content\/uploads\/urunler\/plastik\/THERMO-SU-HORTUMLAR.jpg?fit=640%2C480&ssl=1&resize=525%2C300 1.5x"},"classes":[]},{"id":937,"url":"https:\/\/tuzlahortum.com.tr\/ru\/product\/thermo-kompresor-hortumu-10-bar\/","url_meta":{"origin":935,"position":2},"title":"\u0428\u043b\u0430\u043d\u0433 \u0442\u0435\u0440\u043c\u043e\u043a\u043e\u043c\u043f\u0440\u0435\u0441\u0441\u043e\u0440\u0430 (10 \u0431\u0430\u0440)","author":"admin","date":"6 \u0444\u0435\u0432\u0440\u0430\u043b\u044f 2019","format":false,"excerpt":"Thermo Kompres\u00f6r Hortumu (10 Bar)\u00d6zellikler : \u2022 \u00d6zel Sentetik PVC, y\u00fcksek mukavemetli polyester ile takviye edilmi\u015ftir. \u2022 Kompres\u00f6r ya\u011flar\u0131na ve hert\u00fcrl\u00fc hava \u015fartlar\u0131na kar\u015f\u0131 dayan\u0131kl\u0131d\u0131r. \u2022 -20\u00b0C ile +60\u00b0C aras\u0131nda s\u0131cakl\u0131\u011fa dayan\u0131kl\u0131d\u0131r. Kullan\u0131m Alanlar\u0131 : \u2022 Hert\u00fcrl\u00fc bas\u0131n\u00e7l\u0131 hava tahliyesine ve hava ile \u00e7al\u0131\u015fan aletlerde kullan\u0131l\u0131r.","rel":"","context":"\u041f\u043e\u0445\u043e\u0436\u0430\u044f \u0437\u0430\u043f\u0438\u0441\u044c","block_context":{"text":"\u041f\u043e\u0445\u043e\u0436\u0430\u044f \u0437\u0430\u043f\u0438\u0441\u044c","link":""},"img":{"alt_text":"","src":"https:\/\/i0.wp.com\/hortum.com.tr\/wp-content\/uploads\/urunler\/plastik\/Thermo-Kompreso%CC%88r-Hortumu-10-Bar-1.jpg?resize=350%2C200","width":350,"height":200,"srcset":"https:\/\/i0.wp.com\/hortum.com.tr\/wp-content\/uploads\/urunler\/plastik\/Thermo-Kompreso%CC%88r-Hortumu-10-Bar-1.jpg?resize=350%2C200 1x, https:\/\/i0.wp.com\/hortum.com.tr\/wp-content\/uploads\/urunler\/plastik\/Thermo-Kompreso%CC%88r-Hortumu-10-Bar-1.jpg?resize=525%2C300 1.5x"},"classes":[]},{"id":936,"url":"https:\/\/tuzlahortum.com.tr\/ru\/product\/thermo-ciftli-oksijen-hortumu\/","url_meta":{"origin":935,"position":3},"title":"\u0422\u0435\u0440\u043c\u043e \u0434\u0432\u043e\u0439\u043d\u043e\u0439 \u043a\u0438\u0441\u043b\u043e\u0440\u043e\u0434\u043d\u044b\u0439 \u0448\u043b\u0430\u043d\u0433","author":"admin","date":"6 \u0444\u0435\u0432\u0440\u0430\u043b\u044f 2019","format":false,"excerpt":"Thermo \u00c7iftli Oksijen Hortumu OKS\u0130JEN VE ASET\u0130LEN KAYNAK Alt Kat : OKS\u0130JEN VE ASET\u0130LENE DAYANIKLI \u00d6ZEL, S\u0130YAH D\u00dcZ SENTET\u0130K KAU\u00c7UK. Takviye : Y\u00dcKSEK MUKAVEMETL\u0130 SENTET\u0130K TEKST\u0130L. \u00dcst Kat : ALEVE, A\u015eINMAYA VE HER T\u00dcRL\u00dc HAVA \u015eARTLARINA SAYANIKLI \u00d6ZEL SENTET\u0130K KAU\u00c7UK. OKS\u0130JEN \u0130\u00c7\u0130N MAV\u0130, ASET\u0130LEN \u0130\u00c7\u0130N KIRMIZI RENKLERDE. Kullan\u0131m Yeri :\u2026","rel":"","context":"\u041f\u043e\u0445\u043e\u0436\u0430\u044f \u0437\u0430\u043f\u0438\u0441\u044c","block_context":{"text":"\u041f\u043e\u0445\u043e\u0436\u0430\u044f \u0437\u0430\u043f\u0438\u0441\u044c","link":""},"img":{"alt_text":"","src":"https:\/\/i0.wp.com\/tuzlahortum.com.tr\/wp-content\/uploads\/urunler\/plastik\/Sel-Jupiter-Oksijen-Kaynak-Hortumu-C%CC%A7iftli-8-mm.jpg?fit=600%2C600&ssl=1&resize=350%2C200","width":350,"height":200,"srcset":"https:\/\/i0.wp.com\/tuzlahortum.com.tr\/wp-content\/uploads\/urunler\/plastik\/Sel-Jupiter-Oksijen-Kaynak-Hortumu-C%CC%A7iftli-8-mm.jpg?fit=600%2C600&ssl=1&resize=350%2C200 1x, https:\/\/i0.wp.com\/tuzlahortum.com.tr\/wp-content\/uploads\/urunler\/plastik\/Sel-Jupiter-Oksijen-Kaynak-Hortumu-C%CC%A7iftli-8-mm.jpg?fit=600%2C600&ssl=1&resize=525%2C300 1.5x"},"classes":[]},{"id":826,"url":"https:\/\/tuzlahortum.com.tr\/ru\/product\/pvc-seffaf-otomotiv-ve-sanayi-hortumlari\/","url_meta":{"origin":935,"position":4},"title":"\u041f\u0440\u043e\u0437\u0440\u0430\u0447\u043d\u044b\u0435 \u0430\u0432\u0442\u043e\u043c\u043e\u0431\u0438\u043b\u044c\u043d\u044b\u0435 \u0438 \u043f\u0440\u043e\u043c\u044b\u0448\u043b\u0435\u043d\u043d\u044b\u0435 \u0448\u043b\u0430\u043d\u0433\u0438 \u0438\u0437 \u041f\u0412\u0425","author":"admin","date":"6 \u0444\u0435\u0432\u0440\u0430\u043b\u044f 2019","format":false,"excerpt":"PVC \u015eeffaf Otomotiv ve Sanayi Hortumlar\u0131\u00d6zellikler A\u015f\u0131nmaya \u00a0dayan\u0131kl\u0131 \u015feffaf\u00a0PVC ile \u00fcretilmi\u015ftir. \u00c7al\u0131\u015fma S\u0131cakl\u0131\u011f\u0131 -10\u00b0C ile +50\u00b0C aras\u0131 Kullan\u0131m Alanlar\u0131 Otomotiv sanayisi ve in\u015faat sekt\u00f6r\u00fcnde kullan\u0131l\u0131r. \u0130\u00e7 \u00c7ap (mm) D\u0131\u015f \u00c7ap (mm) Uzunluk (mt) 4 8 mm 100 5 9 mm 100 6 9 mm 100 6 10 mm 100 7\u2026","rel":"","context":"\u041f\u043e\u0445\u043e\u0436\u0430\u044f \u0437\u0430\u043f\u0438\u0441\u044c","block_context":{"text":"\u041f\u043e\u0445\u043e\u0436\u0430\u044f \u0437\u0430\u043f\u0438\u0441\u044c","link":""},"img":{"alt_text":"","src":"https:\/\/i0.wp.com\/tuzlahortum.com.tr\/wp-content\/uploads\/2019\/02\/%C5%9EEFFAF-M%C4%B0L%C4%B0METR%C4%B0K-HORTUMLAR-TERAZ%C4%B0-HORTUMLARI.jpg?fit=640%2C480&ssl=1&resize=350%2C200","width":350,"height":200,"srcset":"https:\/\/i0.wp.com\/tuzlahortum.com.tr\/wp-content\/uploads\/2019\/02\/%C5%9EEFFAF-M%C4%B0L%C4%B0METR%C4%B0K-HORTUMLAR-TERAZ%C4%B0-HORTUMLARI.jpg?fit=640%2C480&ssl=1&resize=350%2C200 1x, https:\/\/i0.wp.com\/tuzlahortum.com.tr\/wp-content\/uploads\/2019\/02\/%C5%9EEFFAF-M%C4%B0L%C4%B0METR%C4%B0K-HORTUMLAR-TERAZ%C4%B0-HORTUMLARI.jpg?fit=640%2C480&ssl=1&resize=525%2C300 1.5x"},"classes":[]},{"id":2520,"url":"https:\/\/tuzlahortum.com.tr\/ru\/product\/pvc-seffaf-milimetrik-hortumlar-terazi-hortumlari\/","url_meta":{"origin":935,"position":5},"title":"\u041f\u0440\u043e\u0437\u0440\u0430\u0447\u043d\u044b\u0435 \u043c\u0438\u043b\u043b\u0438\u043c\u0435\u0442\u0440\u043e\u0432\u044b\u0435 \u0448\u043b\u0430\u043d\u0433\u0438 \u0438\u0437 \u041f\u0412\u0425 \u0428\u043b\u0430\u043d\u0433\u0438 \u0434\u043b\u044f \u0432\u0435\u0441\u043e\u0432","author":"\u0130smail \u00c7elik","date":"13 \u0444\u0435\u0432\u0440\u0430\u043b\u044f 2019","format":false,"excerpt":"PVC \u015eeffaf Milimetrik Hortumlar Terazi Hortumlar\u0131\u00d6zellikler A\u015f\u0131nmaya \u00a0dayan\u0131kl\u0131 \u015feffaf\u00a0PVC ile \u00fcretilmi\u015ftir. \u00c7al\u0131\u015fma S\u0131cakl\u0131\u011f\u0131 -10\u00b0C ile +50\u00b0C aras\u0131 Kullan\u0131m Alanlar\u0131 \u0130n\u015faat sekt\u00f6r\u00fcnde kullan\u0131lmaktad\u0131r. \u00c7ap (inch) \u00c7ap (mm) Uzunluk (mt) 5\/32\" 4 mm 100 1\/4\" 6 mm 100 5\/16\" 8 mm 100 3\/8\" 10 mm 100","rel":"","context":"\u041f\u043e\u0445\u043e\u0436\u0430\u044f \u0437\u0430\u043f\u0438\u0441\u044c","block_context":{"text":"\u041f\u043e\u0445\u043e\u0436\u0430\u044f \u0437\u0430\u043f\u0438\u0441\u044c","link":""},"img":{"alt_text":"","src":"https:\/\/i0.wp.com\/tuzlahortum.com.tr\/wp-content\/uploads\/2019\/02\/%C5%9EEFFAF-OTOMOT%C4%B0V-ve-SANAY%C4%B0-HORTUMLARI.jpg?fit=640%2C480&ssl=1&resize=350%2C200","width":350,"height":200,"srcset":"https:\/\/i0.wp.com\/tuzlahortum.com.tr\/wp-content\/uploads\/2019\/02\/%C5%9EEFFAF-OTOMOT%C4%B0V-ve-SANAY%C4%B0-HORTUMLARI.jpg?fit=640%2C480&ssl=1&resize=350%2C200 1x, https:\/\/i0.wp.com\/tuzlahortum.com.tr\/wp-content\/uploads\/2019\/02\/%C5%9EEFFAF-OTOMOT%C4%B0V-ve-SANAY%C4%B0-HORTUMLARI.jpg?fit=640%2C480&ssl=1&resize=525%2C300 1.5x"},"classes":[]}],"jetpack_sharing_enabled":true,"jetpack_likes_enabled":true,"_links":{"self":[{"href":"https:\/\/tuzlahortum.com.tr\/ru\/wp-json\/wp\/v2\/product\/935","targetHints":{"allow":["GET"]}}],"collection":[{"href":"https:\/\/tuzlahortum.com.tr\/ru\/wp-json\/wp\/v2\/product"}],"about":[{"href":"https:\/\/tuzlahortum.com.tr\/ru\/wp-json\/wp\/v2\/types\/product"}],"replies":[{"embeddable":true,"href":"https:\/\/tuzlahortum.com.tr\/ru\/wp-json\/wp\/v2\/comments?post=935"}],"wp:featuredmedia":[{"embeddable":true,"href":"https:\/\/tuzlahortum.com.tr\/ru\/wp-json\/wp\/v2\/media\/1989"}],"wp:attachment":[{"href":"https:\/\/tuzlahortum.com.tr\/ru\/wp-json\/wp\/v2\/media?parent=935"}],"wp:term":[{"taxonomy":"product_brand","embeddable":true,"href":"https:\/\/tuzlahortum.com.tr\/ru\/wp-json\/wp\/v2\/product_brand?post=935"},{"taxonomy":"product_cat","embeddable":true,"href":"https:\/\/tuzlahortum.com.tr\/ru\/wp-json\/wp\/v2\/product_cat?post=935"},{"taxonomy":"product_tag","embeddable":true,"href":"https:\/\/tuzlahortum.com.tr\/ru\/wp-json\/wp\/v2\/product_tag?post=935"}],"curies":[{"name":"wp","href":"https:\/\/api.w.org\/{rel}","templated":true}]}}