{"id":911,"date":"2019-02-06T23:55:46","date_gmt":"2019-02-06T20:55:46","guid":{"rendered":"http:\/\/hortum.com.tr\/product\/import-placeholder-for-468\/"},"modified":"2024-03-21T17:40:51","modified_gmt":"2024-03-21T14:40:51","slug":"trelleborg-klerheat","status":"publish","type":"product","link":"https:\/\/tuzlahortum.com.tr\/ru\/product\/trelleborg-klerheat\/","title":{"rendered":"\u0422\u0440\u0435\u043b\u043b\u0435\u0431\u043e\u0440\u0433 \u041a\u041b\u0415\u0420\u0425\u0418\u0422"},"content":{"rendered":"<h2>\u0422\u0440\u0435\u043b\u043b\u0435\u0431\u043e\u0440\u0433 \u041a\u041b\u0415\u0420\u0425\u0418\u0422<\/h2>\n<p>\u0421\u0438\u0441\u0442\u0435\u043c\u044b \u0432\u043e\u0434\u043e\u0441\u043d\u0430\u0431\u0436\u0435\u043d\u0438\u044f\/\u043e\u0445\u043b\u0430\u0436\u0434\u0435\u043d\u0438\u044f<\/p>\n<p>\u041d\u0430 \u043f\u043b\u0430\u0432\u0438\u043b\u044c\u043d\u044b\u0445 \u043f\u043e\u0432\u0435\u0440\u0445\u043d\u043e\u0441\u0442\u044f\u0445 \u043d\u0430 \u0441\u0442\u0430\u043b\u0435\u043b\u0438\u0442\u0435\u0439\u043d\u044b\u0445 \u0437\u0430\u0432\u043e\u0434\u0430\u0445, \u0437\u0430\u0432\u043e\u0434\u0430\u0445 \u043f\u043e \u043f\u0440\u043e\u0438\u0437\u0432\u043e\u0434\u0441\u0442\u0432\u0443 \u0441\u0442\u0435\u043a\u043b\u0430, \u043b\u0438\u0442\u0435\u0439\u043d\u044b\u0445 \u0437\u0430\u0432\u043e\u0434\u0430\u0445 \u0438 \u0442. \u0434.<\/p>\n<p>\u0418\u0441\u043f\u043e\u043b\u044c\u0437\u0443\u0435\u0442\u0441\u044f \u0432 \u043a\u0430\u0447\u0435\u0441\u0442\u0432\u0435 \u043f\u0440\u043e\u043c\u044b\u0448\u043b\u0435\u043d\u043d\u043e\u0433\u043e \u043e\u0445\u043b\u0430\u0436\u0434\u0430\u044e\u0449\u0435\u0433\u043e \u0448\u043b\u0430\u043d\u0433\u0430 \u0438 \u0448\u043b\u0430\u043d\u0433\u0430 \u0434\u043b\u044f \u043e\u0445\u043b\u0430\u0436\u0434\u0435\u043d\u0438\u044f \u043a\u0430\u0431\u0435\u043b\u044f.<\/p>\n<p>\u041a\u0440\u043e\u043c\u0435 \u0442\u043e\u0433\u043e, \u0432 \u0440\u0430\u0431\u043e\u0447\u0438\u0445 \u043f\u043e\u043c\u0435\u0449\u0435\u043d\u0438\u044f\u0445 \u043f\u0440\u0438 \u0432\u044b\u0441\u043e\u043a\u0438\u0445 \u0442\u0435\u043c\u043f\u0435\u0440\u0430\u0442\u0443\u0440\u0430\u0445 \u0438 \u044d\u043b\u0435\u043a\u0442\u0440\u043e\u0438\u0437\u043e\u043b\u0438\u0440\u043e\u0432\u0430\u043d\u043d\u044b\u0445 \u0448\u043b\u0430\u043d\u0433\u0430\u0445<\/p>\n<p>\u041e\u043d \u0438\u0441\u043f\u043e\u043b\u044c\u0437\u0443\u0435\u0442\u0441\u044f \u0432 \u043d\u0435\u043e\u0431\u0445\u043e\u0434\u0438\u043c\u044b\u0445 \u043f\u0440\u0438\u043b\u043e\u0436\u0435\u043d\u0438\u044f\u0445.<\/p>\n<p>\u041f\u0440\u0435\u0438\u043c\u0443\u0449\u0435\u0441\u0442\u0432\u0430<\/p>\n<p>*\u0423\u0441\u0442\u043e\u0439\u0447\u0438\u0432 \u043a \u0431\u0440\u044b\u0437\u0433\u0430\u043c \u0441\u0442\u0430\u043b\u0438 \u0438 \u0432\u0440\u0435\u043c\u0435\u043d\u043d\u043e\u0439 \u0440\u0430\u0434\u0438\u0430\u0446\u0438\u043e\u043d\u043d\u043e\u0439 \u0442\u0435\u043c\u043f\u0435\u0440\u0430\u0442\u0443\u0440\u0435 +400\u00b0C.<\/p>\n<p>*\u0412\u043d\u0435\u0448\u043d\u0435\u0435 \u043f\u043e\u043a\u0440\u044b\u0442\u0438\u0435 \u0438\u0437\u0433\u043e\u0442\u043e\u0432\u043b\u0435\u043d\u043e \u0438\u0437 \u0441\u0442\u0435\u043a\u043b\u043e\u0441\u0435\u0442\u043a\u0438 \u0438 \u043f\u043e\u044d\u0442\u043e\u043c\u0443 \u044f\u0432\u043b\u044f\u0435\u0442\u0441\u044f \u043e\u0433\u043d\u0435\u0441\u0442\u043e\u0439\u043a\u0438\u043c.<\/p>\n<p>*\u041d\u0430 \u0448\u043b\u0430\u043d\u0433 \u043d\u0430 \u0441\u0442\u0435\u043a\u043b\u043e\u043f\u0440\u043e\u0432\u043e\u0434\u0435 \u043d\u0430\u043d\u0435\u0441\u0435\u043d\u043e \u0434\u043e\u043f\u043e\u043b\u043d\u0438\u0442\u0435\u043b\u044c\u043d\u043e\u0435 \u0442\u043e\u043d\u043a\u043e\u0435 \u0440\u0435\u0437\u0438\u043d\u043e\u0432\u043e\u0435 \u043f\u043e\u043a\u0440\u044b\u0442\u0438\u0435 \u0434\u043b\u044f \u0437\u0430\u0449\u0438\u0442\u044b \u043f\u0440\u0438 \u0442\u0440\u0430\u043d\u0441\u043f\u043e\u0440\u0442\u0438\u0440\u043e\u0432\u043a\u0435 \u0438 \u043c\u043e\u043d\u0442\u0430\u0436\u0435.<\/p>\n<p>\u0422\u0435\u0445\u043d\u0438\u0447\u0435\u0441\u043a\u043e\u0435 \u043e\u043f\u0438\u0441\u0430\u043d\u0438\u0435<\/p>\n<p>\u0412\u043d\u0443\u0442\u0440\u0435\u043d\u043d\u044f\u044f \u0442\u0440\u0443\u0431\u043a\u0430: \u0440\u0435\u0437\u0438\u043d\u0430 EPDM \u0441 \u0438\u0437\u043e\u043b\u044f\u0446\u0438\u043e\u043d\u043d\u044b\u043c\u0438 \u0441\u0432\u043e\u0439\u0441\u0442\u0432\u0430\u043c\u0438, \u0431\u0435\u0436\u0435\u0432\u043e\u0433\u043e \u0446\u0432\u0435\u0442\u0430, \u0433\u043b\u0430\u0434\u043a\u0430\u044f.<\/p>\n<p>\u0410\u0440\u043c\u0438\u0440\u043e\u0432\u0430\u043d\u0438\u0435: \u0441\u0438\u043d\u0442\u0435\u0442\u0438\u0447\u0435\u0441\u043a\u043e\u0435 \u0442\u0435\u043a\u0441\u0442\u0438\u043b\u044c\u043d\u043e\u0435 \u0438 \u0441\u0442\u0435\u043a\u043b\u043e\u0432\u043e\u043b\u043e\u043a\u043d\u043e.<\/p>\n<p>\u041f\u043e\u043a\u0440\u044b\u0442\u0438\u0435: EPDM, \u0447\u0435\u0440\u043d\u043e\u0433\u043e \u0446\u0432\u0435\u0442\u0430, \u0438\u043c\u0438\u0442\u0430\u0446\u0438\u044f \u0442\u043a\u0430\u043d\u0438.<\/p>\n<p>\u0414\u0438\u0430\u043f\u0430\u0437\u043e\u043d \u0442\u0435\u043c\u043f\u0435\u0440\u0430\u0442\u0443\u0440: \u043e\u0442 -30\u00b0C \u0434\u043e +100\u00b0C.<\/p>\n<p>\u0423\u0441\u0442\u043e\u0439\u0447\u0438\u0432 \u043a \u0431\u0440\u044b\u0437\u0433\u0430\u043c \u0441\u0442\u0430\u043b\u0438 \u0438 \u0432\u0440\u0435\u043c\u0435\u043d\u043d\u043e\u0439 \u0440\u0430\u0434\u0438\u0430\u0446\u0438\u043e\u043d\u043d\u043e\u0439 \u0442\u0435\u043c\u043f\u0435\u0440\u0430\u0442\u0443\u0440\u0435 +400\u00b0C.<\/p>\n<p>\u042d\u043b\u0435\u043a\u0442\u0440\u0438\u0447\u0435\u0441\u043a\u0438\u0435 \u0441\u0432\u043e\u0439\u0441\u0442\u0432\u0430: R&gt;1010 \u041e\u043c\/\u043c (\u0438\u0437\u043e\u043b\u0438\u0440\u043e\u0432\u0430\u043d\u043d\u044b\u0439).<\/p>\n<p>\u041f\u0440\u043e\u0434\u043e\u043b\u044c\u043d\u043e\u0435 \u044d\u043b\u0435\u043a\u0442\u0440\u0438\u0447\u0435\u0441\u043a\u043e\u0435 \u0441\u043e\u043f\u0440\u043e\u0442\u0438\u0432\u043b\u0435\u043d\u0438\u0435 &gt;16 \u043a\u0412 \u043d\u0430 40 \u043c\u043c.<\/p>\n<div class=\"video video-fit mb\" style=\"padding-top:56.25%;\"><p><iframe loading=\"lazy\" title=\"\u041f\u0443\u0442\u0430\u043d\u0438\u0446\u0430 \u0432 \u0438\u0437\u043c\u0435\u0440\u0435\u043d\u0438\u044f\u0445 (\u0434\u044e\u0439\u043c\u044b, \u043f\u0430\u043b\u044c\u0446\u044b, \u0434\u044b\u043c\u043a\u0430, \u043c\u0438\u043b\u043b\u0438\u043c\u0435\u0442\u0440\u044b)\" width=\"1020\" height=\"574\" src=\"https:\/\/www.youtube.com\/embed\/uKk6AG_AZls?feature=oembed\" frameborder=\"0\" allow=\"accelerometer; autoplay; clipboard-write; encrypted-media; gyroscope; picture-in-picture; web-share\" referrerpolicy=\"strict-origin-when-cross-origin\" allowfullscreen><\/iframe><\/p>\n<\/div>\n<div class=\"video video-fit mb\" style=\"padding-top:56.25%;\"><p>https:\/\/www.youtube.com\/watch?v=O8ZlzKEjfEQ%20<\/p>\n<\/div>\n<p><img data-recalc-dims=\"1\" loading=\"lazy\" decoding=\"async\" class=\"alignnone size-medium wp-image-2100\" src=\"https:\/\/i0.wp.com\/hortum.com.tr\/wp-content\/uploads\/urunler\/trelleborg\/Trelleborg-KLERHEAT-800x163.jpg?resize=800%2C163\" alt=\"\" width=\"800\" height=\"163\" title=\"\" srcset=\"https:\/\/i0.wp.com\/tuzlahortum.com.tr\/wp-content\/uploads\/urunler\/trelleborg\/Trelleborg-KLERHEAT.jpg?resize=800%2C163&amp;ssl=1 800w, https:\/\/i0.wp.com\/tuzlahortum.com.tr\/wp-content\/uploads\/urunler\/trelleborg\/Trelleborg-KLERHEAT.jpg?resize=768%2C156&amp;ssl=1 768w, https:\/\/i0.wp.com\/tuzlahortum.com.tr\/wp-content\/uploads\/urunler\/trelleborg\/Trelleborg-KLERHEAT.jpg?resize=600%2C122&amp;ssl=1 600w, https:\/\/i0.wp.com\/tuzlahortum.com.tr\/wp-content\/uploads\/urunler\/trelleborg\/Trelleborg-KLERHEAT.jpg?w=919&amp;ssl=1 919w\" sizes=\"auto, (max-width: 800px) 100vw, 800px\" \/><\/p>","protected":false},"excerpt":{"rendered":"<p>Trelleborg KLERHEAT Su\/So\u011futma uygulamalar\u0131 \u00c7elikhaneler, cam \u00fcretim tesisleri, d\u00f6k\u00fcmhaneler, vs.&#8217;de bulunan ergitme y\u00fczeylerinde end\u00fcstriyel so\u011futma hortumu olarak ve kablo so\u011futma hortumu olarak kullan\u0131l\u0131r. Ayr\u0131ca y\u00fcksek s\u0131cakl\u0131klardaki \u00e7al\u0131\u015fma alanlar\u0131nda ve elektriksel a\u00e7\u0131dan izolasyonlu hortum gereken uygulamalarda kullan\u0131l\u0131r. Avantajlar *\u00c7elik s\u0131\u00e7ramas\u0131na ve +400\u00b0C ge\u00e7ici radyasyon s\u0131cakl\u0131\u011f\u0131na kar\u015f\u0131\u00a0dayan\u0131kl\u0131d\u0131r. *D\u0131\u015f kaplamas\u0131 cam \u00f6rg\u00fc kuma\u015ftan yap\u0131lm\u0131\u015ft\u0131r ve dolay\u0131s\u0131yla yanmaya kar\u015f\u0131 [&#8230;]\n","protected":false},"featured_media":2652,"comment_status":"open","ping_status":"closed","template":"","meta":{"jetpack_post_was_ever_published":false},"product_brand":[],"product_cat":[1185],"product_tag":[556,1189,1188,393,259,555,525],"class_list":{"0":"post-911","1":"product","2":"type-product","3":"status-publish","4":"has-post-thumbnail","6":"product_cat-su-ve-sulama-hortumlari","7":"product_tag-asinmaya-yuksek-dayanim","8":"product_tag-cam-uretim-tesisleri","9":"product_tag-celikhane","10":"product_tag-dokumhaneler","11":"product_tag-sogutma","12":"product_tag-su","13":"product_tag-temizlik","15":"first","16":"instock","17":"taxable","18":"shipping-taxable","19":"product-type-variable"},"jetpack-related-posts":[{"id":21716,"url":"https:\/\/tuzlahortum.com.tr\/ru\/product\/ostro-2gf\/","url_meta":{"origin":911,"position":0},"title":"\u041e\u0421\u0422\u0420\u041e 2GF","author":"admin","date":"11 \u0430\u0432\u0433\u0443\u0441\u0442\u0430 2025","format":false,"excerpt":"\u00a0 \u00dcr\u00fcn Ad\u0131: OSTRO 2GF \u00dcr\u00fcn Kodu: CWFG855 \u00c7ift Kat Cam Elyaf Kapl\u0131, So\u011futma Suyu D\u0131\u015f Ortam S\u0131cakl\u0131\u011f\u0131 600\u00b0C\u2019ye Kadar Kullanim Alan\u0131 : \u00c7elik fabrikalar\u0131 ve d\u00f6k\u00fcmhanelerin so\u011futma suyu sistemleri i\u00e7in, \u0131s\u0131ya ve erimi\u015f metal temas\u0131na dayan\u0131kl\u0131. Hortumun \u0131s\u0131 kaynaklar\u0131na (600\u00b0C'ye kadar) yak\u0131n \u00e7al\u0131\u015ft\u0131\u011f\u0131 yerlerde kullan\u0131l\u0131r. Alt Katman : Yal\u0131tkan\u2026","rel":"","context":"\u041f\u043e\u0445\u043e\u0436\u0430\u044f \u0437\u0430\u043f\u0438\u0441\u044c","block_context":{"text":"\u041f\u043e\u0445\u043e\u0436\u0430\u044f \u0437\u0430\u043f\u0438\u0441\u044c","link":""},"img":{"alt_text":"","src":"https:\/\/i0.wp.com\/tuzlahortum.com.tr\/wp-content\/uploads\/2025\/08\/ostro2gf-p.png?fit=505%2C505&ssl=1&resize=350%2C200","width":350,"height":200},"classes":[]},{"id":21719,"url":"https:\/\/tuzlahortum.com.tr\/ru\/product\/ostro-flanged\/","url_meta":{"origin":911,"position":1},"title":"OSTRO FLANGED","author":"admin","date":"11 \u0430\u0432\u0433\u0443\u0441\u0442\u0430 2025","format":false,"excerpt":"\u00a0 \u00dcr\u00fcn Ad\u0131: OSTRO FLANGED \u00dcr\u00fcn Kodu: CWFG125 \u00c7ift Kat Cam Elyaf Kapl\u0131, Flan\u015fl\u0131, So\u011futma Suyu D\u0131\u015f Ortam S\u0131cakl\u0131\u011f\u0131 600\u00b0C\u2019ye Kadar Kullanim Alan\u0131 : \u00c7elik fabrikalar\u0131 ve d\u00f6k\u00fcmhanelerin so\u011futma suyu sistemleri i\u00e7in. Is\u0131ya ve erimi\u015f metal temas\u0131na dayan\u0131kl\u0131d\u0131r. Hortumun \u0131s\u0131 kaynaklar\u0131na (600\u00b0C'ye kadar) yak\u0131n \u00e7al\u0131\u015ft\u0131\u011f\u0131 yerlerde kullan\u0131l\u0131r. Alt Katman :\u2026","rel":"","context":"\u041f\u043e\u0445\u043e\u0436\u0430\u044f \u0437\u0430\u043f\u0438\u0441\u044c","block_context":{"text":"\u041f\u043e\u0445\u043e\u0436\u0430\u044f \u0437\u0430\u043f\u0438\u0441\u044c","link":""},"img":{"alt_text":"","src":"https:\/\/i0.wp.com\/tuzlahortum.com.tr\/wp-content\/uploads\/2025\/08\/ostro-flanged.png?fit=496%2C496&ssl=1&resize=350%2C200","width":350,"height":200},"classes":[]},{"id":21713,"url":"https:\/\/tuzlahortum.com.tr\/ru\/product\/ostro-gf\/","url_meta":{"origin":911,"position":2},"title":"\u041e\u0421\u0422\u0420\u041e \u0413\u0424","author":"admin","date":"11 \u0430\u0432\u0433\u0443\u0441\u0442\u0430 2025","format":false,"excerpt":"\u00a0 \u00dcr\u00fcn Ad\u0131: OSTRO GF \u00dcr\u00fcn Kodu: CWFG857 Cam Elyaf Kaplama So\u011futma Suyu D\u0131\u015f S\u0131cakl\u0131k 600\u00b0C Kullanim Alan\u0131 : \u00c7elik fabrikalar\u0131, d\u00f6k\u00fcmhaneler vb. yerlerde \u00e7ok y\u00fcksek ortam s\u0131cakl\u0131klar\u0131nda so\u011futma suyunun de\u015farj\u0131 i\u00e7in. Alt Katman : Yal\u0131tkan Beyaz EPDM Kau\u00e7uk. Takviye Katman\u0131 : Y\u00fcksek Mukavemetli Sentetik Tekstil. \u00dcst Katman : Hava\u2026","rel":"","context":"\u041f\u043e\u0445\u043e\u0436\u0430\u044f \u0437\u0430\u043f\u0438\u0441\u044c","block_context":{"text":"\u041f\u043e\u0445\u043e\u0436\u0430\u044f \u0437\u0430\u043f\u0438\u0441\u044c","link":""},"img":{"alt_text":"","src":"https:\/\/i0.wp.com\/tuzlahortum.com.tr\/wp-content\/uploads\/2025\/08\/ostrogf-p.png?fit=513%2C513&ssl=1&resize=350%2C200","width":350,"height":200},"classes":[]},{"id":903,"url":"https:\/\/tuzlahortum.com.tr\/ru\/product\/trelleborg-boat-sanitary-hose\/","url_meta":{"origin":911,"position":3},"title":"\u0421\u0410\u041d\u0418\u0422\u0410\u0420\u041d\u042b\u0419 \u0428\u041b\u0410\u041d\u0413 Trelleborg \u0414\u041b\u042f \u041b\u041e\u0414\u041a\u0418","author":"admin","date":"6 \u0444\u0435\u0432\u0440\u0430\u043b\u044f 2019","format":false,"excerpt":"Trelleborg BOAT SANITARY HOSESu\/\u00d6zel uygulamalar Tatil teknelerinin tuvalet sistemleri i\u00e7in at\u0131k su hortumu. Avantajlar *Esnek. *Dola\u015fmaya kar\u015f\u0131 dayan\u0131kl\u0131. *Dif\u00fczyon ge\u00e7irimi yoktur (tuvalet sisteminden gelen kokuyu ge\u00e7irmez). *Kolayl\u0131kla kesilir ve plastik helisten dolay\u0131 ezilmez. Teknik a\u00e7\u0131klama \u0130\u00e7 t\u00fcp :\u00a0S\u0131zd\u0131rmaz butil kau\u00e7uk, siyah. Takviye :\u00a0g\u00f6m\u00fcl\u00fc \u00e7elik yay ile sentetik tekstil. Kaplama :\u00a0EPDM,\u2026","rel":"","context":"\u041f\u043e\u0445\u043e\u0436\u0430\u044f \u0437\u0430\u043f\u0438\u0441\u044c","block_context":{"text":"\u041f\u043e\u0445\u043e\u0436\u0430\u044f \u0437\u0430\u043f\u0438\u0441\u044c","link":""},"img":{"alt_text":"","src":"https:\/\/i0.wp.com\/tuzlahortum.com.tr\/wp-content\/uploads\/2019\/02\/BOAT-SANITARY-HOSE.jpg?fit=800%2C800&ssl=1&resize=350%2C200","width":350,"height":200,"srcset":"https:\/\/i0.wp.com\/tuzlahortum.com.tr\/wp-content\/uploads\/2019\/02\/BOAT-SANITARY-HOSE.jpg?fit=800%2C800&ssl=1&resize=350%2C200 1x, https:\/\/i0.wp.com\/tuzlahortum.com.tr\/wp-content\/uploads\/2019\/02\/BOAT-SANITARY-HOSE.jpg?fit=800%2C800&ssl=1&resize=525%2C300 1.5x, https:\/\/i0.wp.com\/tuzlahortum.com.tr\/wp-content\/uploads\/2019\/02\/BOAT-SANITARY-HOSE.jpg?fit=800%2C800&ssl=1&resize=700%2C400 2x"},"classes":[]},{"id":21707,"url":"https:\/\/tuzlahortum.com.tr\/ru\/product\/ege-gf\/","url_meta":{"origin":911,"position":4},"title":"AEGEAN GF","author":"admin","date":"11 \u0430\u0432\u0433\u0443\u0441\u0442\u0430 2025","format":false,"excerpt":"\u00a0 \u00dcr\u00fcn Ad\u0131: EGE GF \u00dcr\u00fcn Kodu: CPH855 Cam Elyaf Kaplama Su D\u0131\u015f S\u0131cakl\u0131k 600 \u00b0C Kullanim Alan\u0131 : \u00c7elik fabrikalar\u0131 ve d\u00f6k\u00fcmhanelerde so\u011futma suyu transferi i\u00e7in. Alt Katman : Siyah Do\u011fal ve Sentetik Kau\u00e7uk. Takviye Katman\u0131 : Y\u00fcksek Mukavemetli Sentetik Tekstil. \u00dcst Katman : Siyah, Is\u0131 (600 \u00b0C`a Kadar)\u2026","rel":"","context":"\u041f\u043e\u0445\u043e\u0436\u0430\u044f \u0437\u0430\u043f\u0438\u0441\u044c","block_context":{"text":"\u041f\u043e\u0445\u043e\u0436\u0430\u044f \u0437\u0430\u043f\u0438\u0441\u044c","link":""},"img":{"alt_text":"","src":"https:\/\/i0.wp.com\/tuzlahortum.com.tr\/wp-content\/uploads\/2025\/08\/egegf-p.png?fit=505%2C505&ssl=1&resize=350%2C200","width":350,"height":200},"classes":[]},{"id":21725,"url":"https:\/\/tuzlahortum.com.tr\/ru\/product\/buhar-gf\/","url_meta":{"origin":911,"position":5},"title":"STEAM GF","author":"admin","date":"11 \u0430\u0432\u0433\u0443\u0441\u0442\u0430 2025","format":false,"excerpt":"\u00a0 \u00dcr\u00fcn Ad\u0131: BUHAR GF \u00dcr\u00fcn Kodu: SGF521 Cam Elyaf Kaplama Buhar D\u0131\u015f S\u0131cakl\u0131k 600\u00b0C Kullanim Alan\u0131 : Maksimum 7 Bar (102 PSI) \u00e7al\u0131\u015fma bas\u0131nc\u0131nda, 600\u00b0C'ye kadar \u0131s\u0131 kaynaklar\u0131na yak\u0131n \u00e7al\u0131\u015fan genel doymu\u015f buhar hizmetleri i\u00e7in. Alt Katman : EPDM Kau\u00e7uk, Dayan\u0131kl\u0131, \u00d6zel Sentetik Kau\u00e7uk ve Cam Elyaf\u0131. Takviye Katman\u0131\u2026","rel":"","context":"\u041f\u043e\u0445\u043e\u0436\u0430\u044f \u0437\u0430\u043f\u0438\u0441\u044c","block_context":{"text":"\u041f\u043e\u0445\u043e\u0436\u0430\u044f \u0437\u0430\u043f\u0438\u0441\u044c","link":""},"img":{"alt_text":"","src":"https:\/\/i0.wp.com\/tuzlahortum.com.tr\/wp-content\/uploads\/2025\/08\/buhargf-p.png?fit=513%2C513&ssl=1&resize=350%2C200","width":350,"height":200},"classes":[]}],"jetpack_sharing_enabled":true,"jetpack_likes_enabled":true,"_links":{"self":[{"href":"https:\/\/tuzlahortum.com.tr\/ru\/wp-json\/wp\/v2\/product\/911","targetHints":{"allow":["GET"]}}],"collection":[{"href":"https:\/\/tuzlahortum.com.tr\/ru\/wp-json\/wp\/v2\/product"}],"about":[{"href":"https:\/\/tuzlahortum.com.tr\/ru\/wp-json\/wp\/v2\/types\/product"}],"replies":[{"embeddable":true,"href":"https:\/\/tuzlahortum.com.tr\/ru\/wp-json\/wp\/v2\/comments?post=911"}],"wp:featuredmedia":[{"embeddable":true,"href":"https:\/\/tuzlahortum.com.tr\/ru\/wp-json\/wp\/v2\/media\/2652"}],"wp:attachment":[{"href":"https:\/\/tuzlahortum.com.tr\/ru\/wp-json\/wp\/v2\/media?parent=911"}],"wp:term":[{"taxonomy":"product_brand","embeddable":true,"href":"https:\/\/tuzlahortum.com.tr\/ru\/wp-json\/wp\/v2\/product_brand?post=911"},{"taxonomy":"product_cat","embeddable":true,"href":"https:\/\/tuzlahortum.com.tr\/ru\/wp-json\/wp\/v2\/product_cat?post=911"},{"taxonomy":"product_tag","embeddable":true,"href":"https:\/\/tuzlahortum.com.tr\/ru\/wp-json\/wp\/v2\/product_tag?post=911"}],"curies":[{"name":"wp","href":"https:\/\/api.w.org\/{rel}","templated":true}]}}