{"id":9042,"date":"2019-04-09T12:02:58","date_gmt":"2019-04-09T09:02:58","guid":{"rendered":"https:\/\/tuzlahortum.com.tr\/?post_type=product&#038;p=9042"},"modified":"2024-03-21T17:38:31","modified_gmt":"2024-03-21T14:38:31","slug":"kumlama-nozulu-performer-nozul-400","status":"publish","type":"product","link":"https:\/\/tuzlahortum.com.tr\/ru\/product\/kumlama-nozulu-performer-nozul-400\/","title":{"rendered":"\u0421\u043e\u043f\u043b\u043e \u0434\u043b\u044f \u043f\u0435\u0441\u043a\u043e\u0441\u0442\u0440\u0443\u0439\u043d\u043e\u0439 \u043e\u0431\u0440\u0430\u0431\u043e\u0442\u043a\u0438 \u2013 Performer Nozzle 400"},"content":{"rendered":"<h2>\u0421\u043e\u043f\u043b\u043e \u0434\u043b\u044f \u043f\u0435\u0441\u043a\u043e\u0441\u0442\u0440\u0443\u0439\u043d\u043e\u0439 \u043e\u0431\u0440\u0430\u0431\u043e\u0442\u043a\u0438 \u2013 Performer Nozzle 400<\/h2>\n<p style=\"font-weight: 400\">Performer \u2013 \u0443\u0441\u043e\u0432\u0435\u0440\u0448\u0435\u043d\u0441\u0442\u0432\u043e\u0432\u0430\u043d\u043d\u0430\u044f \u043c\u043e\u0434\u0435\u043b\u044c \u0441 \u0432\u044b\u0441\u043e\u043a\u043e\u0439 \u043f\u0440\u043e\u0438\u0437\u0432\u043e\u0434\u0438\u0442\u0435\u043b\u044c\u043d\u043e\u0441\u0442\u044c\u044e. \u041e\u0441\u043d\u0430\u0449\u0435\u043d \u0438\u0437\u043d\u043e\u0441\u043e\u0441\u0442\u043e\u0439\u043a\u0438\u043c \u0432\u043a\u043b\u0430\u0434\u044b\u0448\u0435\u043c \u0438 \u043f\u0440\u043e\u0447\u043d\u044b\u043c \u0438 \u043b\u0435\u0433\u043a\u0438\u043c \u043f\u043e\u043b\u0438\u0443\u0440\u0435\u0442\u0430\u043d\u043e\u0432\u044b\u043c \u043f\u043e\u043a\u0440\u044b\u0442\u0438\u0435\u043c. \u041f\u043e\u0434\u0445\u043e\u0434\u0438\u0442 \u0434\u043b\u044f \u0441\u0442\u0440\u0443\u0439\u043d\u043e\u0439 \u043e\u0431\u0440\u0430\u0431\u043e\u0442\u043a\u0438 \u043e\u043a\u0441\u0438\u0434\u0430 \u0430\u043b\u044e\u043c\u0438\u043d\u0438\u044f, \u043a\u0430\u0440\u0431\u0438\u0434\u0430 \u043a\u0440\u0435\u043c\u043d\u0438\u044f, \u0441\u0442\u0430\u043b\u044c\u043d\u043e\u0439 \u043a\u0440\u043e\u0448\u043a\u0438 \u0438\u043b\u0438 \u0432\u044b\u0441\u043e\u043a\u043e\u0430\u0431\u0440\u0430\u0437\u0438\u0432\u043d\u044b\u0445 \u043c\u0430\u0442\u0435\u0440\u0438\u0430\u043b\u043e\u0432 \u0441 \u043f\u043e\u043c\u043e\u0449\u044c\u044e \u0441\u0435\u0440\u0438\u0438 \u0441\u0442\u0440\u0443\u0439\u043d\u044b\u0445 \u0441\u043e\u043f\u0435\u043b Contracor Performer.<\/p>\n<p style=\"font-weight: 400\">\u0414\u043e\u0441\u0442\u0443\u043f\u0435\u043d \u0432 \u043f\u044f\u0442\u0438 \u0440\u0430\u0437\u043d\u044b\u0445 \u0440\u0430\u0437\u043c\u0435\u0440\u0430\u0445. \u0412\u044b \u043c\u043e\u0436\u0435\u0442\u0435 \u0432\u044b\u0431\u0440\u0430\u0442\u044c \u043f\u0440\u0430\u0432\u0438\u043b\u044c\u043d\u044b\u0439 \u0440\u0430\u0437\u043c\u0435\u0440 \u0441\u043e\u043f\u043b\u0430, \u0447\u0442\u043e\u0431\u044b \u043e\u0442\u0440\u0435\u0433\u0443\u043b\u0438\u0440\u043e\u0432\u0430\u0442\u044c \u043f\u043e\u0434\u0430\u0447\u0443 \u0441\u0436\u0430\u0442\u043e\u0433\u043e \u0432\u043e\u0437\u0434\u0443\u0445\u0430 \u0438 \u043e\u043f\u0442\u0438\u043c\u0438\u0437\u0438\u0440\u043e\u0432\u0430\u0442\u044c \u0440\u0430\u0441\u0445\u043e\u0434 \u043f\u0435\u0441\u043a\u0430.<\/p>\n<ul style=\"font-weight: 400\">\n<li>\u0418\u0437\u0433\u043e\u0442\u043e\u0432\u043b\u0435\u043d \u0438\u0437 \u0438\u0437\u043d\u043e\u0441\u043e\u0441\u0442\u043e\u0439\u043a\u043e\u0433\u043e \u043a\u0430\u0440\u0431\u0438\u0434\u0430 \u0432\u043e\u043b\u044c\u0444\u0440\u0430\u043c\u0430 (TC).<\/li>\n<li>\u0421\u0440\u043e\u043a \u0441\u043b\u0443\u0436\u0431\u044b: 400 \u0447\u0430\u0441\u043e\u0432<\/li>\n<li>\u041f\u043e\u043a\u0440\u044b\u0442\u0438\u0435: \u041f\u043e\u043b\u0438\u0443\u0440\u0435\u0442\u0430\u043d.<\/li>\n<li>\u0420\u0435\u0437\u044c\u0431\u0430: \u0430\u043b\u044e\u043c\u0438\u043d\u0438\u0439, \u043f\u043e\u0434\u0445\u043e\u0434\u0438\u0442 \u0434\u043b\u044f \u0434\u0435\u0440\u0436\u0430\u0442\u0435\u043b\u044f \u043d\u0430\u0441\u0430\u0434\u043a\u0438 NHP \u0434\u0438\u0430\u043c\u0435\u0442\u0440\u043e\u043c 50 \u043c\u043c.<\/li>\n<li>\u0420\u0430\u0437\u043c\u0435\u0440 \u0432\u0445\u043e\u0434\u0430: 32 \u043c\u043c<\/li>\n<\/ul>\n<table width=\"709\">\n<tbody>\n<tr>\n<td width=\"142\"><strong>\u0410\u0440\u0442\u0438\u043a\u0443\u043b \u2116.<\/strong><\/td>\n<td width=\"130\"><strong>\u0422\u0438\u043f<\/strong><\/td>\n<td colspan=\"2\" width=\"437\"><strong>\u041e\u043f\u0438\u0441\u0430\u043d\u0438\u0435<\/strong><\/td>\n<\/tr>\n<tr>\n<td width=\"142\">10113062<\/td>\n<td colspan=\"2\" width=\"165\">\u0418\u0441\u043f\u043e\u043b\u043d\u0438\u0442\u0435\u043b\u044c 400 \u04456,5<\/td>\n<td width=\"402\">\u0421\u043e\u043f\u043b\u043e \u0412\u0435\u043d\u0442\u0443\u0440\u0438, \u043a\u0430\u0440\u0431\u0438\u0434 \u0432\u043e\u043b\u044c\u0444\u0440\u0430\u043c\u0430, 6,5 \u043c\u043c x 130 \u043c\u043c<\/td>\n<\/tr>\n<tr>\n<td width=\"142\">10113063<\/td>\n<td colspan=\"2\" width=\"165\">\u0418\u0441\u043f\u043e\u043b\u043d\u0438\u0442\u0435\u043b\u044c 400 x8.0<\/td>\n<td width=\"402\">\u0421\u043e\u043f\u043b\u043e \u0412\u0435\u043d\u0442\u0443\u0440\u0438, \u043a\u0430\u0440\u0431\u0438\u0434 \u0432\u043e\u043b\u044c\u0444\u0440\u0430\u043c\u0430, 8,0 x 150 \u043c\u043c<\/td>\n<\/tr>\n<tr>\n<td width=\"142\">10113064<\/td>\n<td colspan=\"2\" width=\"165\">\u0418\u0441\u043f\u043e\u043b\u043d\u0438\u0442\u0435\u043b\u044c 400 \u04459,5<\/td>\n<td width=\"402\">\u0421\u043e\u043f\u043b\u043e \u0412\u0435\u043d\u0442\u0443\u0440\u0438, \u043a\u0430\u0440\u0431\u0438\u0434 \u0432\u043e\u043b\u044c\u0444\u0440\u0430\u043c\u0430, 9,5 x 170 \u043c\u043c<\/td>\n<\/tr>\n<tr>\n<td width=\"142\">10113065<\/td>\n<td colspan=\"2\" width=\"165\">\u0418\u0441\u043f\u043e\u043b\u043d\u0438\u0442\u0435\u043b\u044c 400 x11.0<\/td>\n<td width=\"402\">\u0421\u043e\u043f\u043b\u043e \u0412\u0435\u043d\u0442\u0443\u0440\u0438, \u043a\u0430\u0440\u0431\u0438\u0434 \u0432\u043e\u043b\u044c\u0444\u0440\u0430\u043c\u0430, 11,0 x 200 \u043c\u043c<\/td>\n<\/tr>\n<tr>\n<td width=\"142\">10113066<\/td>\n<td colspan=\"2\" width=\"165\">\u0418\u0441\u043f\u043e\u043b\u043d\u0438\u0442\u0435\u043b\u044c 400\u044512,5<\/td>\n<td width=\"402\">\u0421\u043e\u043f\u043b\u043e \u0412\u0435\u043d\u0442\u0443\u0440\u0438, \u043a\u0430\u0440\u0431\u0438\u0434 \u0432\u043e\u043b\u044c\u0444\u0440\u0430\u043c\u0430, 12,5 \u043c\u043c x 210 \u043c\u043c<\/td>\n<\/tr>\n<\/tbody>\n<\/table>","protected":false},"excerpt":{"rendered":"<p>Kumlama Nozulu &#8211; Performer Nozul 400 Performer, y\u00fcksek performansl\u0131 geli\u015fmi\u015f bir modeldir. Y\u00fcksek a\u015f\u0131nmaya dayan\u0131kl\u0131 g\u00f6mlek ve sa\u011flam, hafif poli\u00fcretan k\u0131l\u0131f ile donat\u0131lm\u0131\u015ft\u0131r. Contracor Performer\u00a0kumlama nozul serisi ile al\u00fcminyum oksit, silikon karb\u00fcr, \u00e7elik grit veya y\u00fcksek derecede a\u015f\u0131nd\u0131r\u0131c\u0131 kumlama i\u00e7in uygundur. Be\u015f farkl\u0131 boyutta mevcuttur. Bas\u0131n\u00e7l\u0131 hava kayna\u011f\u0131n\u0131 ayarlamak ve kum t\u00fcketimini optimize etmek i\u00e7in [&#8230;]\n","protected":false},"featured_media":9060,"comment_status":"open","ping_status":"closed","template":"","meta":{"jetpack_post_was_ever_published":false},"product_brand":[],"product_cat":[2326],"product_tag":[911,925,924,2294,2293,933],"class_list":{"0":"post-9042","1":"product","2":"type-product","3":"status-publish","4":"has-post-thumbnail","6":"product_cat-kumlama-malzemeleri","7":"product_tag-kumlama","8":"product_tag-kumlama-nozulu","9":"product_tag-nozul","10":"product_tag-performer-nozul","11":"product_tag-performer-nozul-400","12":"product_tag-tungsten","14":"first","15":"instock","16":"taxable","17":"shipping-taxable","18":"product-type-variable"},"jetpack-related-posts":[{"id":9054,"url":"https:\/\/tuzlahortum.com.tr\/ru\/product\/kumlama-nozulu-performer-nozul-1000\/","url_meta":{"origin":9042,"position":0},"title":"\u0421\u043e\u043f\u043b\u043e \u0434\u043b\u044f \u043f\u0435\u0441\u043a\u043e\u0441\u0442\u0440\u0443\u0439\u043d\u043e\u0439 \u043e\u0431\u0440\u0430\u0431\u043e\u0442\u043a\u0438 \u2013 Performer Nozzle 1000","author":"\u0130smail \u00c7elik","date":"9 \u0430\u043f\u0440\u0435\u043b\u044f 2019","format":false,"excerpt":"Kumlama Nozulu - Performer Nozul 1000Performer, y\u00fcksek performansl\u0131 geli\u015fmi\u015f bir modeldir. Y\u00fcksek a\u015f\u0131nmaya dayan\u0131kl\u0131 g\u00f6mlek ve sa\u011flam, hafif poli\u00fcretan k\u0131l\u0131f ile donat\u0131lm\u0131\u015ft\u0131r. Contracor Performer\u00a0kumlama nozul serisi ile al\u00fcminyum oksit, silikon karb\u00fcr, \u00e7elik grit veya y\u00fcksek derecede a\u015f\u0131nd\u0131r\u0131c\u0131 kumlama i\u00e7in uygundur. Be\u015f farkl\u0131 boyutta mevcuttur. Bas\u0131n\u00e7l\u0131 hava kayna\u011f\u0131n\u0131 ayarlamak ve kum\u2026","rel":"","context":"\u041f\u043e\u0445\u043e\u0436\u0430\u044f \u0437\u0430\u043f\u0438\u0441\u044c","block_context":{"text":"\u041f\u043e\u0445\u043e\u0436\u0430\u044f \u0437\u0430\u043f\u0438\u0441\u044c","link":""},"img":{"alt_text":"","src":"https:\/\/i0.wp.com\/tuzlahortum.com.tr\/wp-content\/uploads\/2019\/04\/performer-1000.png?fit=650%2C325&ssl=1&resize=350%2C200","width":350,"height":200,"srcset":"https:\/\/i0.wp.com\/tuzlahortum.com.tr\/wp-content\/uploads\/2019\/04\/performer-1000.png?fit=650%2C325&ssl=1&resize=350%2C200 1x, https:\/\/i0.wp.com\/tuzlahortum.com.tr\/wp-content\/uploads\/2019\/04\/performer-1000.png?fit=650%2C325&ssl=1&resize=525%2C300 1.5x"},"classes":[]},{"id":9048,"url":"https:\/\/tuzlahortum.com.tr\/ru\/product\/kumlama-nozulu-performer-nozul-600\/","url_meta":{"origin":9042,"position":1},"title":"\u0421\u043e\u043f\u043b\u043e \u0434\u043b\u044f \u043f\u0435\u0441\u043a\u043e\u0441\u0442\u0440\u0443\u0439\u043d\u043e\u0439 \u043e\u0431\u0440\u0430\u0431\u043e\u0442\u043a\u0438 \u2013 Performer Nozzle 600","author":"\u0130smail \u00c7elik","date":"9 \u0430\u043f\u0440\u0435\u043b\u044f 2019","format":false,"excerpt":"Kumlama Nozulu - Performer Nozul 600Performer, y\u00fcksek performansl\u0131 geli\u015fmi\u015f bir modeldir. Y\u00fcksek a\u015f\u0131nmaya dayan\u0131kl\u0131 g\u00f6mlek ve sa\u011flam, hafif poli\u00fcretan k\u0131l\u0131f ile donat\u0131lm\u0131\u015ft\u0131r. Contracor Performer kumlama nozul serisi ile al\u00fcminyum oksit, silikon karb\u00fcr, \u00e7elik grit veya y\u00fcksek derecede a\u015f\u0131nd\u0131r\u0131c\u0131 kumlama i\u00e7in uygundur. Be\u015f farkl\u0131 boyutta mevcuttur. Bas\u0131n\u00e7l\u0131 hava kayna\u011f\u0131n\u0131 ayarlamak ve\u2026","rel":"","context":"\u041f\u043e\u0445\u043e\u0436\u0430\u044f \u0437\u0430\u043f\u0438\u0441\u044c","block_context":{"text":"\u041f\u043e\u0445\u043e\u0436\u0430\u044f \u0437\u0430\u043f\u0438\u0441\u044c","link":""},"img":{"alt_text":"","src":"https:\/\/i0.wp.com\/tuzlahortum.com.tr\/wp-content\/uploads\/2019\/04\/performer-600.png?fit=650%2C304&ssl=1&resize=350%2C200","width":350,"height":200,"srcset":"https:\/\/i0.wp.com\/tuzlahortum.com.tr\/wp-content\/uploads\/2019\/04\/performer-600.png?fit=650%2C304&ssl=1&resize=350%2C200 1x, https:\/\/i0.wp.com\/tuzlahortum.com.tr\/wp-content\/uploads\/2019\/04\/performer-600.png?fit=650%2C304&ssl=1&resize=525%2C300 1.5x"},"classes":[]},{"id":771,"url":"https:\/\/tuzlahortum.com.tr\/ru\/product\/kumlama-nozulu-venturi-tungsten\/","url_meta":{"origin":9042,"position":2},"title":"\u0421\u043e\u043f\u043b\u043e \u0434\u043b\u044f \u043f\u0435\u0441\u043a\u043e\u0441\u0442\u0440\u0443\u0439\u043d\u043e\u0439 \u043e\u0431\u0440\u0430\u0431\u043e\u0442\u043a\u0438 \u2013 \u0412\u0435\u043d\u0442\u0443\u0440\u0438 (\u0412\u043e\u043b\u044c\u0444\u0440\u0430\u043c)","author":"admin","date":"6 \u0444\u0435\u0432\u0440\u0430\u043b\u044f 2019","format":false,"excerpt":"Kumlama Nozulu - Venturi (Tungsten)RTC TIP NOZUL A\u015f\u0131nmaya dayan\u0131kl\u0131 Venturi kumlama nozullar\u0131 tungsten karb\u00fcrden (TC) yap\u0131lm\u0131\u015ft\u0131r. Servis \u00f6mr\u00fc: 400 saat K\u0131l\u0131f: Kau\u00e7uk Di\u015fli: Kau\u00e7uk, 50 mm NHP nozul tutucusuna uygun. Giri\u015f \u00f6l\u00e7\u00fcs\u00fc: 32 mm Article No. Type Description 10112062 RTC-6.5 Venturi nozzle, tungsten carbide, 6.5 mm x 130 mm 10112063\u2026","rel":"","context":"\u041f\u043e\u0445\u043e\u0436\u0430\u044f \u0437\u0430\u043f\u0438\u0441\u044c","block_context":{"text":"\u041f\u043e\u0445\u043e\u0436\u0430\u044f \u0437\u0430\u043f\u0438\u0441\u044c","link":""},"img":{"alt_text":"","src":"https:\/\/i0.wp.com\/tuzlahortum.com.tr\/wp-content\/uploads\/urunler\/Kumlama\/kumlama_nozulu.jpg?fit=380%2C298&ssl=1&resize=350%2C200","width":350,"height":200},"classes":[]},{"id":769,"url":"https:\/\/tuzlahortum.com.tr\/ru\/product\/kisa-kumlama-nozulu-venturi\/","url_meta":{"origin":9042,"position":3},"title":"\u041a\u043e\u0440\u043e\u0442\u043a\u043e\u0435 \u0441\u043e\u043f\u043b\u043e \u0434\u043b\u044f \u043f\u0435\u0441\u043a\u043e\u0441\u0442\u0440\u0443\u0439\u043d\u043e\u0439 \u043e\u0431\u0440\u0430\u0431\u043e\u0442\u043a\u0438 - \u0412\u0435\u043d\u0442\u0443\u0440\u0438","author":"admin","date":"6 \u0444\u0435\u0432\u0440\u0430\u043b\u044f 2019","format":false,"excerpt":"K\u0131sa Kumlama Nozulu -VenturiSTC TIP NOZUL A\u015f\u0131nmaya dayan\u0131kl\u0131 K\u0131sa Venturi kumlama nozullar\u0131 tungsten karb\u00fcrden (TC) yap\u0131lm\u0131\u015ft\u0131r. Servis \u00f6mr\u00fc: 400 saat K\u0131l\u0131f: Kau\u00e7uk Di\u015fli: Kau\u00e7uk, 50 mm NHP nozul tutucusuna uygun. Giri\u015f \u00f6l\u00e7\u00fcs\u00fc: 25 mm Article No. Type Description 10112570 STC-5.0 Short Venturi nozzle, tungsten carbide, 5.0 mm x 80 mm\u2026","rel":"","context":"\u041f\u043e\u0445\u043e\u0436\u0430\u044f \u0437\u0430\u043f\u0438\u0441\u044c","block_context":{"text":"\u041f\u043e\u0445\u043e\u0436\u0430\u044f \u0437\u0430\u043f\u0438\u0441\u044c","link":""},"img":{"alt_text":"","src":"https:\/\/i0.wp.com\/tuzlahortum.com.tr\/wp-content\/uploads\/2019\/04\/k%C4%B1sa-kumlama-nozulu.jpg?fit=500%2C500&ssl=1&resize=350%2C200","width":350,"height":200},"classes":[]},{"id":770,"url":"https:\/\/tuzlahortum.com.tr\/ru\/product\/kumlama-nozulu-gomme\/","url_meta":{"origin":9042,"position":4},"title":"\u041f\u0435\u0441\u043a\u043e\u0441\u0442\u0440\u0443\u0439\u043d\u0430\u044f \u043d\u0430\u0441\u0430\u0434\u043a\u0430 \u2013 \u0443\u0442\u043e\u043f\u043b\u0435\u043d\u043d\u0430\u044f","author":"admin","date":"6 \u0444\u0435\u0432\u0440\u0430\u043b\u044f 2019","format":false,"excerpt":"Kumlama Nozulu - G\u00f6mme400 saat \u00e7al\u0131\u015fma kapasitelidir. Manevra kabiliyeti sa\u011flayarak dar alanlar\u0131 kumlamada kullan\u0131l\u0131r. 6,5mm den 12,5mm \u00a0delik \u00e7aplar\u0131na kadar kullan\u0131m alan\u0131n\u0131za g\u00f6re tercih edebilirsiniz. 1 \u00bc\u201d hortumlarda HTC g\u00f6mme nozul i\u00e7 \u00e7ap\u0131 32mm kullan\u0131l\u0131r. 1\u201d hortumlarda GTC ise i\u00e7 \u00e7ap\u0131 25mm kullan\u0131l\u0131r.\u00a0\u00a0 120mm uzunlu\u011fundad\u0131r.","rel":"","context":"\u041f\u043e\u0445\u043e\u0436\u0430\u044f \u0437\u0430\u043f\u0438\u0441\u044c","block_context":{"text":"\u041f\u043e\u0445\u043e\u0436\u0430\u044f \u0437\u0430\u043f\u0438\u0441\u044c","link":""},"img":{"alt_text":"","src":"https:\/\/i0.wp.com\/tuzlahortum.com.tr\/wp-content\/uploads\/urunler\/Kumlama\/gomme_nozul.png?fit=665%2C309&ssl=1&resize=350%2C200","width":350,"height":200,"srcset":"https:\/\/i0.wp.com\/tuzlahortum.com.tr\/wp-content\/uploads\/urunler\/Kumlama\/gomme_nozul.png?fit=665%2C309&ssl=1&resize=350%2C200 1x, https:\/\/i0.wp.com\/tuzlahortum.com.tr\/wp-content\/uploads\/urunler\/Kumlama\/gomme_nozul.png?fit=665%2C309&ssl=1&resize=525%2C300 1.5x"},"classes":[]},{"id":9251,"url":"https:\/\/tuzlahortum.com.tr\/ru\/product\/kumlama-nozulu-gomme-kopya\/","url_meta":{"origin":9042,"position":5},"title":"\u0421\u043e\u043f\u043b\u043e \u0434\u043b\u044f \u043f\u0435\u0441\u043a\u043e\u0441\u0442\u0440\u0443\u0439\u043d\u043e\u0439 \u043e\u0431\u0440\u0430\u0431\u043e\u0442\u043a\u0438 \u2013 \u0443\u0442\u043e\u043f\u043b\u0435\u043d\u043d\u043e\u0435 (Kennametal)","author":"\u0130smail \u00c7elik","date":"21 \u044f\u043d\u0432\u0430\u0440\u044f 2020","format":false,"excerpt":"\u0421\u043e\u043f\u043b\u043e \u0434\u043b\u044f \u043f\u0435\u0441\u043a\u043e\u0441\u0442\u0440\u0443\u0439\u043d\u043e\u0439 \u043e\u0431\u0440\u0430\u0431\u043e\u0442\u043a\u0438 \u2013 \u0443\u0442\u043e\u043f\u043b\u0435\u043d\u043d\u043e\u0435 (Kennametal)","rel":"","context":"\u041f\u043e\u0445\u043e\u0436\u0430\u044f \u0437\u0430\u043f\u0438\u0441\u044c","block_context":{"text":"\u041f\u043e\u0445\u043e\u0436\u0430\u044f \u0437\u0430\u043f\u0438\u0441\u044c","link":""},"img":{"alt_text":"","src":"https:\/\/i0.wp.com\/tuzlahortum.com.tr\/wp-content\/uploads\/2020\/01\/Kennametal-Nozul-5.jpeg?fit=900%2C1200&ssl=1&resize=350%2C200","width":350,"height":200,"srcset":"https:\/\/i0.wp.com\/tuzlahortum.com.tr\/wp-content\/uploads\/2020\/01\/Kennametal-Nozul-5.jpeg?fit=900%2C1200&ssl=1&resize=350%2C200 1x, https:\/\/i0.wp.com\/tuzlahortum.com.tr\/wp-content\/uploads\/2020\/01\/Kennametal-Nozul-5.jpeg?fit=900%2C1200&ssl=1&resize=525%2C300 1.5x, https:\/\/i0.wp.com\/tuzlahortum.com.tr\/wp-content\/uploads\/2020\/01\/Kennametal-Nozul-5.jpeg?fit=900%2C1200&ssl=1&resize=700%2C400 2x"},"classes":[]}],"jetpack_sharing_enabled":true,"jetpack_likes_enabled":true,"_links":{"self":[{"href":"https:\/\/tuzlahortum.com.tr\/ru\/wp-json\/wp\/v2\/product\/9042","targetHints":{"allow":["GET"]}}],"collection":[{"href":"https:\/\/tuzlahortum.com.tr\/ru\/wp-json\/wp\/v2\/product"}],"about":[{"href":"https:\/\/tuzlahortum.com.tr\/ru\/wp-json\/wp\/v2\/types\/product"}],"replies":[{"embeddable":true,"href":"https:\/\/tuzlahortum.com.tr\/ru\/wp-json\/wp\/v2\/comments?post=9042"}],"wp:featuredmedia":[{"embeddable":true,"href":"https:\/\/tuzlahortum.com.tr\/ru\/wp-json\/wp\/v2\/media\/9060"}],"wp:attachment":[{"href":"https:\/\/tuzlahortum.com.tr\/ru\/wp-json\/wp\/v2\/media?parent=9042"}],"wp:term":[{"taxonomy":"product_brand","embeddable":true,"href":"https:\/\/tuzlahortum.com.tr\/ru\/wp-json\/wp\/v2\/product_brand?post=9042"},{"taxonomy":"product_cat","embeddable":true,"href":"https:\/\/tuzlahortum.com.tr\/ru\/wp-json\/wp\/v2\/product_cat?post=9042"},{"taxonomy":"product_tag","embeddable":true,"href":"https:\/\/tuzlahortum.com.tr\/ru\/wp-json\/wp\/v2\/product_tag?post=9042"}],"curies":[{"name":"wp","href":"https:\/\/api.w.org\/{rel}","templated":true}]}}