{"id":901,"date":"2019-02-06T23:55:26","date_gmt":"2019-02-06T20:55:26","guid":{"rendered":"http:\/\/hortum.com.tr\/product\/import-placeholder-for-58\/"},"modified":"2025-02-06T15:45:26","modified_gmt":"2025-02-06T12:45:26","slug":"bezli-su-verici-hortum5-bar","status":"publish","type":"product","link":"https:\/\/tuzlahortum.com.tr\/ru\/product\/bezli-su-verici-hortum5-bar\/","title":{"rendered":"\u0422\u043a\u0430\u043d\u0435\u0432\u044b\u0439 \u0448\u043b\u0430\u043d\u0433 \u0434\u043b\u044f \u043f\u043e\u0434\u0430\u0447\u0438 \u0432\u043e\u0434\u044b (5 \u0431\u0430\u0440)"},"content":{"rendered":"<h2>\u0422\u043a\u0430\u043d\u0435\u0432\u044b\u0439 \u0448\u043b\u0430\u043d\u0433 \u0434\u043b\u044f \u043f\u043e\u0434\u0430\u0447\u0438 \u0432\u043e\u0434\u044b (5 \u0431\u0430\u0440)<\/h2>\n<div>\u041e\u0411\u041b\u0410\u0421\u0422\u042c \u041f\u0420\u0418\u041c\u0415\u041d\u0415\u041d\u0418\u042f: \u0418\u0441\u043f\u043e\u043b\u044c\u0437\u0443\u0435\u0442\u0441\u044f \u0432 \u043a\u0430\u0447\u0435\u0441\u0442\u0432\u0435 \u043f\u0435\u0440\u0435\u0434\u0430\u044e\u0449\u0435\u0433\u043e \u0448\u043b\u0430\u043d\u0433\u0430 \u0432 \u043d\u0430\u0433\u043d\u0435\u0442\u0430\u0442\u0435\u043b\u044c\u043d\u044b\u0445 \u043d\u0430\u0441\u043e\u0441\u0430\u0445. \u041e\u043d \u043f\u043e\u0434\u0433\u043e\u0442\u043e\u0432\u043b\u0435\u043d \u0434\u043b\u044f \u043b\u0435\u0433\u043a\u043e\u0439 \u0442\u0440\u0430\u043d\u0441\u043f\u043e\u0440\u0442\u0438\u0440\u043e\u0432\u043a\u0438 \u0438 \u0445\u0440\u0430\u043d\u0435\u043d\u0438\u044f.<\/div>\n<div><\/div>\n<div>\u0421\u041e\u041a\u0420\u0410\u0429\u0415\u041d\u0418\u0415<\/div>\n<div>\u041d\u0438\u0437: SBR\/NR \u0447\u0435\u0440\u043d\u044b\u0439, \u0433\u043b\u044f\u043d\u0446\u0435\u0432\u044b\u0439<\/div>\n<div>\u0423\u0441\u0438\u043b\u0435\u043d\u0438\u0435: \u0412\u044b\u0441\u043e\u043a\u043e\u043f\u0440\u043e\u0447\u043d\u0430\u044f \u043a\u043e\u0440\u0434\u043e\u0432\u0430\u044f \u0442\u043a\u0430\u043d\u044c.<\/div>\n<div>\u0412\u0435\u0440\u0445: \u0447\u0435\u0440\u043d\u044b\u0439 SBR, \u0443\u0441\u0442\u043e\u0439\u0447\u0438\u0432\u044b\u0439 \u043a \u043b\u044e\u0431\u044b\u043c \u043a\u043b\u0438\u043c\u0430\u0442\u0438\u0447\u0435\u0441\u043a\u0438\u043c \u0443\u0441\u043b\u043e\u0432\u0438\u044f\u043c.<\/div>\n<div><\/div>\n<div><div class=\"row\"  id=\"row-1438935236\"><\/div>\n<div><div class=\"video video-fit mb\" style=\"padding-top:56.25%;\"><p><iframe loading=\"lazy\" title=\"\u041f\u0443\u0442\u0430\u043d\u0438\u0446\u0430 \u0432 \u0438\u0437\u043c\u0435\u0440\u0435\u043d\u0438\u044f\u0445 (\u0434\u044e\u0439\u043c\u044b, \u043f\u0430\u043b\u044c\u0446\u044b, \u0434\u044b\u043c\u043a\u0430, \u043c\u0438\u043b\u043b\u0438\u043c\u0435\u0442\u0440\u044b)\" width=\"1020\" height=\"574\" src=\"https:\/\/www.youtube.com\/embed\/uKk6AG_AZls?feature=oembed\" frameborder=\"0\" allow=\"accelerometer; autoplay; clipboard-write; encrypted-media; gyroscope; picture-in-picture; web-share\" referrerpolicy=\"strict-origin-when-cross-origin\" allowfullscreen><\/iframe><\/p>\n<\/div><\/div>\n<div><\/div><\/div>","protected":false},"excerpt":{"rendered":"<p>Bezli Su Verici Hortum(5 Bar) KULLANIM ALANLARI : Tahliye pompalar\u0131nda verici hortum olarak kullan\u0131lmaktad\u0131r. Kolay ta\u015f\u0131ma ve depolamaya uygun olarak haz\u0131rlanm\u0131\u015ft\u0131r. KONTR\u00dcKS\u0130YON Alt : SBR\/NR siyah, parlak Takviye : Y\u00fcksek mukavemetli kord bezi \u00dcst : SBR siyah, her t\u00fcrl\u00fc iklim \u015fartlar\u0131na dayan\u0131kl\u0131<\/p>","protected":false},"featured_media":1726,"comment_status":"open","ping_status":"closed","template":"","meta":{"jetpack_post_was_ever_published":false},"product_brand":[],"product_cat":[163],"product_tag":[795,786,1179,1180,787,789,723,788,818,796,793,794,791,792,652,1181],"class_list":{"0":"post-901","1":"product","2":"type-product","3":"status-publish","4":"has-post-thumbnail","6":"product_cat-su-hortumlari","7":"product_tag-bahce","8":"product_tag-bezli-su-hortumu","9":"product_tag-bezli-su-verici-hortumlar","10":"product_tag-insaat-hortumu","11":"product_tag-kaucuk-su-hortumu","12":"product_tag-lastik-su-hortumu","13":"product_tag-sanayi","14":"product_tag-sargili-su-hortumu","15":"product_tag-siyah-su-hortumu","16":"product_tag-spor-alanlari","17":"product_tag-su-basma-hortumu","18":"product_tag-su-bosaltma-hortumu","19":"product_tag-su-nakil","20":"product_tag-su-tahliye-hortumu","21":"product_tag-tarim","22":"product_tag-yikama-hortu","24":"first","25":"instock","26":"taxable","27":"shipping-taxable","28":"product-type-variable"},"jetpack-related-posts":[],"jetpack_sharing_enabled":true,"jetpack_likes_enabled":true,"_links":{"self":[{"href":"https:\/\/tuzlahortum.com.tr\/ru\/wp-json\/wp\/v2\/product\/901","targetHints":{"allow":["GET"]}}],"collection":[{"href":"https:\/\/tuzlahortum.com.tr\/ru\/wp-json\/wp\/v2\/product"}],"about":[{"href":"https:\/\/tuzlahortum.com.tr\/ru\/wp-json\/wp\/v2\/types\/product"}],"replies":[{"embeddable":true,"href":"https:\/\/tuzlahortum.com.tr\/ru\/wp-json\/wp\/v2\/comments?post=901"}],"wp:featuredmedia":[{"embeddable":true,"href":"https:\/\/tuzlahortum.com.tr\/ru\/wp-json\/wp\/v2\/media\/1726"}],"wp:attachment":[{"href":"https:\/\/tuzlahortum.com.tr\/ru\/wp-json\/wp\/v2\/media?parent=901"}],"wp:term":[{"taxonomy":"product_brand","embeddable":true,"href":"https:\/\/tuzlahortum.com.tr\/ru\/wp-json\/wp\/v2\/product_brand?post=901"},{"taxonomy":"product_cat","embeddable":true,"href":"https:\/\/tuzlahortum.com.tr\/ru\/wp-json\/wp\/v2\/product_cat?post=901"},{"taxonomy":"product_tag","embeddable":true,"href":"https:\/\/tuzlahortum.com.tr\/ru\/wp-json\/wp\/v2\/product_tag?post=901"}],"curies":[{"name":"wp","href":"https:\/\/api.w.org\/{rel}","templated":true}]}}