{"id":8923,"date":"2019-03-26T16:06:41","date_gmt":"2019-03-26T13:06:41","guid":{"rendered":"https:\/\/tuzlahortum.com.tr\/?post_type=product&#038;p=8923"},"modified":"2024-03-21T17:38:33","modified_gmt":"2024-03-21T14:38:33","slug":"trellflex-chem-ptfe-14-ss","status":"publish","type":"product","link":"https:\/\/tuzlahortum.com.tr\/ru\/product\/trellflex-chem-ptfe-14-ss\/","title":{"rendered":"TRELLFLEX CHEM PTFE 14 SS"},"content":{"rendered":"<h2>TRELLFLEX CHEM PTFE 14 SS<\/h2>\n<p>\u041a\u043e\u043c\u043f\u043e\u0437\u0438\u0442\u043d\u044b\u0435 \u0448\u043b\u0430\u043d\u0433\u0438\/\u0425\u0438\u043c\u0438\u0447\u0435\u0441\u043a\u0438\u0435 \u0438 \u043a\u043e\u0440\u0440\u043e\u0437\u0438\u0439\u043d\u044b\u0435 \u043f\u0440\u043e\u0434\u0443\u043a\u0442\u044b<br \/>\n\u0425\u0438\u043c\u0438\u0447\u0435\u0441\u043a\u0438\u0435 \u0432\u0435\u0449\u0435\u0441\u0442\u0432\u0430, \u043a\u043e\u0442\u043e\u0440\u044b\u0435 \u044f\u0432\u043b\u044f\u044e\u0442\u0441\u044f \u0441\u043b\u0438\u0448\u043a\u043e\u043c \u0430\u0433\u0440\u0435\u0441\u0441\u0438\u0432\u043d\u044b\u043c\u0438 \u0438\u043b\u0438 \u0441\u043b\u0438\u0448\u043a\u043e\u043c \u043a\u043e\u0440\u0440\u043e\u0437\u0438\u043e\u043d\u043d\u044b\u043c\u0438, \u043f\u0440\u0438\u0432\u043e\u0434\u044f\u0442 \u043a \u0443\u0434\u0430\u043b\u0435\u043d\u0438\u044e \u0438 \u0443\u0434\u0430\u043b\u0435\u043d\u0438\u044e \u0431\u043e\u043b\u044c\u0448\u0438\u043d\u0441\u0442\u0432\u0430 \u0445\u0438\u043c\u0438\u0447\u0435\u0441\u043a\u0438\u0445 \u043e\u0442\u0445\u043e\u0434\u043e\u0432.<br \/>\n\u044d\u0432\u0430\u043a\u0443\u0430\u0446\u0438\u044f.<br \/>\n\u041e\u0431\u043e\u0440\u0443\u0434\u043e\u0432\u0430\u043d\u0438\u0435 \u0434\u043b\u044f \u0430\u0432\u0442\u043e\u043c\u043e\u0431\u0438\u043b\u044c\u043d\u044b\u0445 \u0438 \u0436\u0435\u043b\u0435\u0437\u043d\u043e\u0434\u043e\u0440\u043e\u0436\u043d\u044b\u0445 \u0446\u0438\u0441\u0442\u0435\u0440\u043d \u0438\u043b\u0438 \u0441\u0442\u0430\u0446\u0438\u043e\u043d\u0430\u0440\u043d\u044b\u0445 \u0441\u0438\u0441\u0442\u0435\u043c \u0432 \u0445\u0438\u043c\u0438\u0447\u0435\u0441\u043a\u043e\u0439 \u043f\u0440\u043e\u043c\u044b\u0448\u043b\u0435\u043d\u043d\u043e\u0441\u0442\u0438.<br \/>\n\u041f\u0440\u0435\u0438\u043c\u0443\u0449\u0435\u0441\u0442\u0432\u0430<br \/>\n\u0428\u043b\u0430\u043d\u0433 \u0443\u0434\u043e\u0431\u0435\u043d \u0432 \u0442\u0440\u0430\u043d\u0441\u043f\u043e\u0440\u0442\u0438\u0440\u043e\u0432\u043a\u0435 \u0431\u043b\u0430\u0433\u043e\u0434\u0430\u0440\u044f \u0441\u0432\u043e\u0435\u0439 \u0433\u0438\u0431\u043a\u043e\u0441\u0442\u0438 (\u043c\u0430\u043b\u043e\u043c\u0443 \u0440\u0430\u0434\u0438\u0443\u0441\u0443 \u0438\u0437\u0433\u0438\u0431\u0430).<br \/>\n\u0415\u0433\u043e \u043c\u043e\u0436\u043d\u043e \u0438\u0441\u043f\u043e\u043b\u044c\u0437\u043e\u0432\u0430\u0442\u044c \u0432 \u0448\u0438\u0440\u043e\u043a\u043e\u043c \u0434\u0438\u0430\u043f\u0430\u0437\u043e\u043d\u0435 \u0442\u0435\u043c\u043f\u0435\u0440\u0430\u0442\u0443\u0440.<br \/>\n\u0415\u0433\u043e \u043c\u043e\u0436\u043d\u043e \u0438\u0441\u043f\u043e\u043b\u044c\u0437\u043e\u0432\u0430\u0442\u044c \u0434\u043b\u044f \u043c\u043d\u043e\u0433\u0438\u0445 \u0440\u0430\u0437\u043b\u0438\u0447\u043d\u044b\u0445 \u0445\u0438\u043c\u0438\u043a\u0430\u0442\u043e\u0432.<br \/>\n\u0422\u0435\u0445\u043d\u0438\u0447\u0435\u0441\u043a\u043e\u0435 \u043e\u043f\u0438\u0441\u0430\u043d\u0438\u0435<br \/>\n\u0412\u043d\u0443\u0442\u0440\u0435\u043d\u043d\u044f\u044f \u043f\u0440\u0443\u0436\u0438\u043d\u0430: \u043d\u0435\u0440\u0436\u0430\u0432\u0435\u044e\u0449\u0430\u044f \u0441\u0442\u0430\u043b\u044c 304L (\u043d\u0435\u0440\u0436\u0430\u0432\u0435\u044e\u0449\u0430\u044f \u0441\u0442\u0430\u043b\u044c 316L \u043f\u043e \u0437\u0430\u043f\u0440\u043e\u0441\u0443)<br \/>\n\u0412\u043d\u0443\u0442\u0440\u0435\u043d\u043d\u044f\u044f \u0442\u0440\u0443\u0431\u043a\u0430: \u043f\u043b\u0435\u043d\u043a\u0430 \u041f\u0422\u0424\u042d.<br \/>\n\u0410\u0440\u043c\u0438\u0440\u043e\u0432\u0430\u043d\u0438\u0435: \u0441\u043b\u043e\u0438 \u043f\u043e\u043b\u0438\u043f\u0440\u043e\u043f\u0438\u043b\u0435\u043d\u0430.<br \/>\n\u041f\u043e\u043a\u0440\u044b\u0442\u0438\u0435: \u0442\u043a\u0430\u043d\u044c \u0441 \u041f\u0412\u0425-\u043f\u043e\u043a\u0440\u044b\u0442\u0438\u0435\u043c, \u043a\u0440\u0430\u0441\u043d\u043e\u0433\u043e \u0446\u0432\u0435\u0442\u0430, \u0433\u043e\u0444\u0440\u0438\u0440\u043e\u0432\u0430\u043d\u043d\u0430\u044f.<br \/>\n\u0414\u0438\u0430\u043f\u0430\u0437\u043e\u043d \u0442\u0435\u043c\u043f\u0435\u0440\u0430\u0442\u0443\u0440: \u043e\u0442 -30\u00b0C \u0434\u043e +115\u00b0C.<br \/>\n\u042d\u043b\u0435\u043a\u0442\u0440\u0438\u0447\u0435\u0441\u043a\u0438\u0435 \u0441\u0432\u043e\u0439\u0441\u0442\u0432\u0430: \u22641,0 \u041e\u043c\/\u043c.<br \/>\n\u0421\u0442\u0430\u043d\u0434\u0430\u0440\u0442\/\u041e\u0434\u043e\u0431\u0440\u0435\u043d\u0438\u0435:<br \/>\nEN 13765 \u0438 \u0414\u041e\u041f\u041e\u0413.<br \/>\n\u0421\u0430\u043b\u044c\u043d\u0438\u043a\u0438\/\u0444\u0438\u0442\u0438\u043d\u0433\u0438<br \/>\n\u0412\u0441\u0435 \u0442\u0438\u043f\u044b \u043f\u0440\u0435\u0441\u0441-\u0444\u0438\u0442\u0438\u043d\u0433\u043e\u0432:<br \/>\n\u2014 \u0413\u0438\u0439\u043c\u0435\u043d (\u0430\u043b\u044e\u043c\u0438\u043d\u0438\u0439, \u043c\u0435\u0442\u0430\u043b\u043b\u0438\u0447\u0435\u0441\u043a\u0438\u0439 \u043f\u0438\u0441\u0442\u043e\u043b\u0435\u0442, \u043d\u0435\u0440\u0436\u0430\u0432\u0435\u044e\u0449\u0430\u044f \u0441\u0442\u0430\u043b\u044c);<br \/>\n\u2013 \u0440\u0435\u0437\u044c\u0431\u043e\u0432\u044b\u0435, \u043d\u0430\u0440\u0443\u0436\u043d\u0430\u044f \u0438 \u0432\u043d\u0443\u0442\u0440\u0435\u043d\u043d\u044f\u044f;<br \/>\n\u2013 \u041b\u0435\u0433\u043a\u043e \u043c\u043e\u043d\u0442\u0438\u0440\u0443\u0435\u043c\u044b\u0435 \u0441\u043e\u0435\u0434\u0438\u043d\u0438\u0442\u0435\u043b\u044c\u043d\u044b\u0435 \u0434\u0435\u0442\u0430\u043b\u0438 \u0441 \u043a\u0443\u043b\u0430\u0447\u043a\u043e\u0432\u044b\u043c \u043c\u0435\u0445\u0430\u043d\u0438\u0437\u043c\u043e\u043c (\u0442\u0438\u043f\u0430 \u041a\u0430\u043c\u043b\u043e\u043a).<br \/>\n\u0424\u0438\u043a\u0441\u0438\u0440\u043e\u0432\u0430\u043d\u043d\u044b\u0439 \u0438\u043b\u0438 \u0432\u0440\u0430\u0449\u0430\u044e\u0449\u0438\u0439\u0441\u044f \u0444\u043b\u0430\u043d\u0435\u0446 ISO PN10\/16, PN20 (ASA150).<\/p>\n<p><img data-recalc-dims=\"1\" loading=\"lazy\" decoding=\"async\" class=\"alignnone size-full wp-image-8822\" src=\"https:\/\/i0.wp.com\/tuzlahortum.com.tr\/wp-content\/uploads\/2019\/03\/TRELLFLEX-CHEM-14-SG.jpg?resize=893%2C263&#038;ssl=1\" alt=\"\" width=\"893\" height=\"263\" title=\"\" srcset=\"https:\/\/i0.wp.com\/tuzlahortum.com.tr\/wp-content\/uploads\/2019\/03\/TRELLFLEX-CHEM-14-SG.jpg?w=893&amp;ssl=1 893w, https:\/\/i0.wp.com\/tuzlahortum.com.tr\/wp-content\/uploads\/2019\/03\/TRELLFLEX-CHEM-14-SG.jpg?resize=800%2C236&amp;ssl=1 800w, https:\/\/i0.wp.com\/tuzlahortum.com.tr\/wp-content\/uploads\/2019\/03\/TRELLFLEX-CHEM-14-SG.jpg?resize=768%2C226&amp;ssl=1 768w, https:\/\/i0.wp.com\/tuzlahortum.com.tr\/wp-content\/uploads\/2019\/03\/TRELLFLEX-CHEM-14-SG.jpg?resize=600%2C177&amp;ssl=1 600w\" sizes=\"auto, (max-width: 893px) 100vw, 893px\" \/><\/p>\n<div class=\"video video-fit mb\" style=\"padding-top:56.25%;\"><p><iframe loading=\"lazy\" title=\"\u041f\u0443\u0442\u0430\u043d\u0438\u0446\u0430 \u0432 \u0438\u0437\u043c\u0435\u0440\u0435\u043d\u0438\u044f\u0445 (\u0434\u044e\u0439\u043c\u044b, \u043f\u0430\u043b\u044c\u0446\u044b, \u0434\u044b\u043c\u043a\u0430, \u043c\u0438\u043b\u043b\u0438\u043c\u0435\u0442\u0440\u044b)\" width=\"1020\" height=\"574\" src=\"https:\/\/www.youtube.com\/embed\/uKk6AG_AZls?feature=oembed\" frameborder=\"0\" allow=\"accelerometer; autoplay; clipboard-write; encrypted-media; gyroscope; picture-in-picture; web-share\" referrerpolicy=\"strict-origin-when-cross-origin\" allowfullscreen><\/iframe><\/p>\n<\/div>\n<div class=\"video video-fit mb\" style=\"padding-top:56.25%;\"><p>https:\/\/www.youtube.com\/watch?v=O8ZlzKEjfEQ%20<\/p>\n<\/div>","protected":false},"excerpt":{"rendered":"<p>TRELLFLEX CHEM PTFE 14 SS Kompozit hortumlar\/Kimyasal ve korozif \u00fcr\u00fcnler \u00c7ok agresif veya \u00e7ok korozif olan kimyasallar, kimyasal at\u0131klar\u0131n \u00e7o\u011funun \u00e7ekilmesi ve tahliyesi. Karayolu ve demiryolu tankerleri ekipman\u0131 veya kimya end\u00fcstrisindeki sabit sistemler. Avantajlar Hortumun esnekli\u011finden (d\u00fc\u015f\u00fck k\u0131vr\u0131lma yar\u0131\u00e7ap\u0131) dolay\u0131 ta\u015f\u0131mas\u0131 kolayd\u0131r. Geni\u015f bir s\u0131cakl\u0131k aral\u0131\u011f\u0131nda kullan\u0131labilir. Bir\u00e7ok farkl\u0131 kimyasal i\u00e7in kullan\u0131labilir. Teknik a\u00e7\u0131klama \u0130\u00e7 [&#8230;]\n","protected":false},"featured_media":8943,"comment_status":"open","ping_status":"closed","template":"","meta":{"jetpack_post_was_ever_published":false},"product_brand":[],"product_cat":[2209],"product_tag":[2241,2242,290,1176,904,905,2292,2240,2243,2107,343],"class_list":{"0":"post-8923","1":"product","2":"type-product","3":"status-publish","4":"has-post-thumbnail","6":"product_cat-kompozit-hortumlar-kimyasal","7":"product_tag-2241","8":"product_tag-2242","9":"product_tag-hortum","10":"product_tag-kimyasal","11":"product_tag-kompozit","12":"product_tag-kompozit-hortum","13":"product_tag-kompozit-hortum-kimyasal","14":"product_tag-korozif","15":"product_tag-polipropilen","16":"product_tag-ptfe","17":"product_tag-tahliye","19":"first","20":"instock","21":"taxable","22":"shipping-taxable","23":"product-type-variable"},"jetpack-related-posts":[{"id":8872,"url":"https:\/\/tuzlahortum.com.tr\/ru\/product\/trellflex-chem-ptfe-14-sg\/","url_meta":{"origin":8923,"position":0},"title":"TRELLFLEX CHEM PTFE 14 SG","author":"\u0130smail \u00c7elik","date":"26 \u043c\u0430\u0440\u0442\u0430 2019","format":false,"excerpt":"TRELLFLEX CHEM PTFE 14 SGKompozit hortumlar\/Kimyasal ve korozif \u00fcr\u00fcnler \u00c7ok agresif veya \u00e7ok korozif olan kimyasallar, kimyasal at\u0131klar\u0131n \u00e7o\u011funun \u00e7ekilmesi ve tahliyesi. Karayolu ve demiryolu tankerleri ekipman\u0131 veya kimya end\u00fcstrisindeki sabit sistemler. Avantajlar Hortumun esnekli\u011finden (d\u00fc\u015f\u00fck k\u0131vr\u0131lma yar\u0131\u00e7ap\u0131) dolay\u0131 ta\u015f\u0131mas\u0131 kolayd\u0131r. Geni\u015f bir s\u0131cakl\u0131k aral\u0131\u011f\u0131nda kullan\u0131labilir. Bir\u00e7ok farkl\u0131 kimyasal i\u00e7in\u2026","rel":"","context":"\u041f\u043e\u0445\u043e\u0436\u0430\u044f \u0437\u0430\u043f\u0438\u0441\u044c","block_context":{"text":"\u041f\u043e\u0445\u043e\u0436\u0430\u044f \u0437\u0430\u043f\u0438\u0441\u044c","link":""},"img":{"alt_text":"","src":"https:\/\/i0.wp.com\/tuzlahortum.com.tr\/wp-content\/uploads\/2019\/03\/trellflex-chem-ptfe-1.jpg?fit=624%2C602&ssl=1&resize=350%2C200","width":350,"height":200,"srcset":"https:\/\/i0.wp.com\/tuzlahortum.com.tr\/wp-content\/uploads\/2019\/03\/trellflex-chem-ptfe-1.jpg?fit=624%2C602&ssl=1&resize=350%2C200 1x, https:\/\/i0.wp.com\/tuzlahortum.com.tr\/wp-content\/uploads\/2019\/03\/trellflex-chem-ptfe-1.jpg?fit=624%2C602&ssl=1&resize=525%2C300 1.5x"},"classes":[]},{"id":8918,"url":"https:\/\/tuzlahortum.com.tr\/ru\/product\/trellflex-chem-ptfe-10-ss\/","url_meta":{"origin":8923,"position":1},"title":"TRELLFLEX CHEM PTFE 10 SS","author":"\u0130smail \u00c7elik","date":"26 \u043c\u0430\u0440\u0442\u0430 2019","format":false,"excerpt":"TRELLFLEX CHEM PTFE 10 SSKompozit hortumlar\/Kimyasal ve korozif \u00fcr\u00fcnler \u00c7ok agresif veya \u00e7ok korozif olan kimyasallar, kimyasal at\u0131klar\u0131n \u00e7o\u011funun \u00e7ekilmesi ve tahliyesi. Karayolu ve demiryolu tankerleri ekipman\u0131 veya kimya end\u00fcstrisindeki sabit sistemler. Avantajlar Hortumun esnekli\u011finden (d\u00fc\u015f\u00fck k\u0131vr\u0131lma yar\u0131\u00e7ap\u0131) dolay\u0131 ta\u015f\u0131mas\u0131 kolayd\u0131r. Geni\u015f bir s\u0131cakl\u0131k aral\u0131\u011f\u0131nda kullan\u0131labilir. Bir\u00e7ok farkl\u0131 kimyasal i\u00e7in\u2026","rel":"","context":"\u041f\u043e\u0445\u043e\u0436\u0430\u044f \u0437\u0430\u043f\u0438\u0441\u044c","block_context":{"text":"\u041f\u043e\u0445\u043e\u0436\u0430\u044f \u0437\u0430\u043f\u0438\u0441\u044c","link":""},"img":{"alt_text":"","src":"https:\/\/i0.wp.com\/tuzlahortum.com.tr\/wp-content\/uploads\/2019\/03\/trellflex-chem-ptfe-1.jpg?fit=624%2C602&ssl=1&resize=350%2C200","width":350,"height":200,"srcset":"https:\/\/i0.wp.com\/tuzlahortum.com.tr\/wp-content\/uploads\/2019\/03\/trellflex-chem-ptfe-1.jpg?fit=624%2C602&ssl=1&resize=350%2C200 1x, https:\/\/i0.wp.com\/tuzlahortum.com.tr\/wp-content\/uploads\/2019\/03\/trellflex-chem-ptfe-1.jpg?fit=624%2C602&ssl=1&resize=525%2C300 1.5x"},"classes":[]},{"id":8867,"url":"https:\/\/tuzlahortum.com.tr\/ru\/product\/trellflex-chem-ptfe-10-sg\/","url_meta":{"origin":8923,"position":2},"title":"TRELLFLEX CHEM PTFE 10 SG","author":"\u0130smail \u00c7elik","date":"26 \u043c\u0430\u0440\u0442\u0430 2019","format":false,"excerpt":"TRELLFLEX CHEM PTFE 10 SGKompozit hortumlar\/Kimyasal ve korozif \u00fcr\u00fcnler \u00c7ok agresif veya \u00e7ok korozif olan kimyasallar, kimyasal at\u0131klar\u0131n \u00e7o\u011funun \u00e7ekilmesi ve tahliyesi. Karayolu ve demiryolu tankerleri ekipman\u0131 veya kimya end\u00fcstrisindeki sabit sistemler. Avantajlar Hortumun esnekli\u011finden (d\u00fc\u015f\u00fck k\u0131vr\u0131lma yar\u0131\u00e7ap\u0131) dolay\u0131 ta\u015f\u0131mas\u0131 kolayd\u0131r. Geni\u015f bir s\u0131cakl\u0131k aral\u0131\u011f\u0131nda kullan\u0131labilir. Bir\u00e7ok farkl\u0131 kimyasal i\u00e7in\u2026","rel":"","context":"\u041f\u043e\u0445\u043e\u0436\u0430\u044f \u0437\u0430\u043f\u0438\u0441\u044c","block_context":{"text":"\u041f\u043e\u0445\u043e\u0436\u0430\u044f \u0437\u0430\u043f\u0438\u0441\u044c","link":""},"img":{"alt_text":"","src":"https:\/\/i0.wp.com\/tuzlahortum.com.tr\/wp-content\/uploads\/2019\/03\/trellflex-chem-ptfe-1.jpg?fit=624%2C602&ssl=1&resize=350%2C200","width":350,"height":200,"srcset":"https:\/\/i0.wp.com\/tuzlahortum.com.tr\/wp-content\/uploads\/2019\/03\/trellflex-chem-ptfe-1.jpg?fit=624%2C602&ssl=1&resize=350%2C200 1x, https:\/\/i0.wp.com\/tuzlahortum.com.tr\/wp-content\/uploads\/2019\/03\/trellflex-chem-ptfe-1.jpg?fit=624%2C602&ssl=1&resize=525%2C300 1.5x"},"classes":[]},{"id":8894,"url":"https:\/\/tuzlahortum.com.tr\/ru\/product\/trellflex-chem-14-ss\/","url_meta":{"origin":8923,"position":3},"title":"TRELLFLEX CHEM 14 \u0421\u0421","author":"\u0130smail \u00c7elik","date":"26 \u043c\u0430\u0440\u0442\u0430 2019","format":false,"excerpt":"TRELLFLEX CHEM 14 SSKompozit hortumlar\/Kimyasal ve korozif \u00fcr\u00fcnler Aromatik i\u00e7eri\u011fi %100'e kadar olan t\u00fcm petrol \u00fcr\u00fcnleri, agresif ve korozif kimyasallar\u0131n ve kimyasal at\u0131klar\u0131n b\u00fcy\u00fck bir k\u0131sm\u0131n\u0131n \u00e7ekilmesi ve tahliyesi. Karayolu ve demiryolu tankerleri ekipman\u0131 veya kimya end\u00fcstrisindeki sabit sistemler. Avantajlar Hortumun esnekli\u011finden (d\u00fc\u015f\u00fck k\u0131vr\u0131lma yar\u0131\u00e7ap\u0131) dolay\u0131 ta\u015f\u0131mas\u0131 kolayd\u0131r. Geni\u015f bir\u2026","rel":"","context":"\u041f\u043e\u0445\u043e\u0436\u0430\u044f \u0437\u0430\u043f\u0438\u0441\u044c","block_context":{"text":"\u041f\u043e\u0445\u043e\u0436\u0430\u044f \u0437\u0430\u043f\u0438\u0441\u044c","link":""},"img":{"alt_text":"","src":"https:\/\/i0.wp.com\/tuzlahortum.com.tr\/wp-content\/uploads\/2019\/03\/trellflex-chem.jpg?fit=669%2C604&ssl=1&resize=350%2C200","width":350,"height":200,"srcset":"https:\/\/i0.wp.com\/tuzlahortum.com.tr\/wp-content\/uploads\/2019\/03\/trellflex-chem.jpg?fit=669%2C604&ssl=1&resize=350%2C200 1x, https:\/\/i0.wp.com\/tuzlahortum.com.tr\/wp-content\/uploads\/2019\/03\/trellflex-chem.jpg?fit=669%2C604&ssl=1&resize=525%2C300 1.5x"},"classes":[]},{"id":8820,"url":"https:\/\/tuzlahortum.com.tr\/ru\/product\/trellflex-chem-14-sg\/","url_meta":{"origin":8923,"position":4},"title":"TRELLFLEX CHEM 14 SG","author":"\u0130smail \u00c7elik","date":"26 \u043c\u0430\u0440\u0442\u0430 2019","format":false,"excerpt":"TRELLFLEX CHEM 14 SGKompozit hortumlar\/Kimyasal ve korozif \u00fcr\u00fcnler Aromatik i\u00e7eri\u011fi %100'e kadar olan t\u00fcm petrol \u00fcr\u00fcnleri,agresif ve korozif kimyasallar\u0131n ve kimyasal at\u0131klar\u0131n b\u00fcy\u00fck bir k\u0131sm\u0131n\u0131n \u00e7ekilmesi ve tahliyesi. Karayolu ve demiryolu tankerleri ekipman\u0131 veya kimya end\u00fcstrisindeki sabit sistemler. Avantajlar Hortumun esnekli\u011finden (d\u00fc\u015f\u00fck k\u0131vr\u0131lma yar\u0131\u00e7ap\u0131) dolay\u0131 ta\u015f\u0131mas\u0131 kolayd\u0131r. Geni\u015f bir s\u0131cakl\u0131k\u2026","rel":"","context":"\u041f\u043e\u0445\u043e\u0436\u0430\u044f \u0437\u0430\u043f\u0438\u0441\u044c","block_context":{"text":"\u041f\u043e\u0445\u043e\u0436\u0430\u044f \u0437\u0430\u043f\u0438\u0441\u044c","link":""},"img":{"alt_text":"","src":"https:\/\/i0.wp.com\/tuzlahortum.com.tr\/wp-content\/uploads\/2019\/03\/trellflex-chem.jpg?fit=669%2C604&ssl=1&resize=350%2C200","width":350,"height":200,"srcset":"https:\/\/i0.wp.com\/tuzlahortum.com.tr\/wp-content\/uploads\/2019\/03\/trellflex-chem.jpg?fit=669%2C604&ssl=1&resize=350%2C200 1x, https:\/\/i0.wp.com\/tuzlahortum.com.tr\/wp-content\/uploads\/2019\/03\/trellflex-chem.jpg?fit=669%2C604&ssl=1&resize=525%2C300 1.5x"},"classes":[]},{"id":8906,"url":"https:\/\/tuzlahortum.com.tr\/ru\/product\/trellflex-chem-14-ps\/","url_meta":{"origin":8923,"position":5},"title":"TRELLFLEX CHEM 14 \u041f\u0421","author":"\u0130smail \u00c7elik","date":"26 \u043c\u0430\u0440\u0442\u0430 2019","format":false,"excerpt":"TRELLFLEX CHEM 14 PSKompozit hortumlar\/Kimyasal ve korozif \u00fcr\u00fcnler Aromatik i\u00e7eri\u011fi %100'e kadar olan t\u00fcm petrol \u00fcr\u00fcnleri, agresif ve korozif kimyasallar\u0131n ve kimyasal at\u0131klar\u0131n b\u00fcy\u00fck bir k\u0131sm\u0131n\u0131n \u00e7ekilmesi ve tahliyesi. Karayolu ve demiryolu tankerleri ekipman\u0131 veya kimya end\u00fcstrisindeki sabit sistemler. Avantajlar Hortumun esnekli\u011finden (d\u00fc\u015f\u00fck k\u0131vr\u0131lma yar\u0131\u00e7ap\u0131) dolay\u0131 ta\u015f\u0131mas\u0131 kolayd\u0131r. Geni\u015f bir\u2026","rel":"","context":"\u041f\u043e\u0445\u043e\u0436\u0430\u044f \u0437\u0430\u043f\u0438\u0441\u044c","block_context":{"text":"\u041f\u043e\u0445\u043e\u0436\u0430\u044f \u0437\u0430\u043f\u0438\u0441\u044c","link":""},"img":{"alt_text":"","src":"https:\/\/i0.wp.com\/tuzlahortum.com.tr\/wp-content\/uploads\/2019\/03\/trellflex-chem.jpg?fit=669%2C604&ssl=1&resize=350%2C200","width":350,"height":200,"srcset":"https:\/\/i0.wp.com\/tuzlahortum.com.tr\/wp-content\/uploads\/2019\/03\/trellflex-chem.jpg?fit=669%2C604&ssl=1&resize=350%2C200 1x, https:\/\/i0.wp.com\/tuzlahortum.com.tr\/wp-content\/uploads\/2019\/03\/trellflex-chem.jpg?fit=669%2C604&ssl=1&resize=525%2C300 1.5x"},"classes":[]}],"jetpack_sharing_enabled":true,"jetpack_likes_enabled":true,"_links":{"self":[{"href":"https:\/\/tuzlahortum.com.tr\/ru\/wp-json\/wp\/v2\/product\/8923","targetHints":{"allow":["GET"]}}],"collection":[{"href":"https:\/\/tuzlahortum.com.tr\/ru\/wp-json\/wp\/v2\/product"}],"about":[{"href":"https:\/\/tuzlahortum.com.tr\/ru\/wp-json\/wp\/v2\/types\/product"}],"replies":[{"embeddable":true,"href":"https:\/\/tuzlahortum.com.tr\/ru\/wp-json\/wp\/v2\/comments?post=8923"}],"wp:featuredmedia":[{"embeddable":true,"href":"https:\/\/tuzlahortum.com.tr\/ru\/wp-json\/wp\/v2\/media\/8943"}],"wp:attachment":[{"href":"https:\/\/tuzlahortum.com.tr\/ru\/wp-json\/wp\/v2\/media?parent=8923"}],"wp:term":[{"taxonomy":"product_brand","embeddable":true,"href":"https:\/\/tuzlahortum.com.tr\/ru\/wp-json\/wp\/v2\/product_brand?post=8923"},{"taxonomy":"product_cat","embeddable":true,"href":"https:\/\/tuzlahortum.com.tr\/ru\/wp-json\/wp\/v2\/product_cat?post=8923"},{"taxonomy":"product_tag","embeddable":true,"href":"https:\/\/tuzlahortum.com.tr\/ru\/wp-json\/wp\/v2\/product_tag?post=8923"}],"curies":[{"name":"wp","href":"https:\/\/api.w.org\/{rel}","templated":true}]}}