{"id":881,"date":"2019-02-06T23:55:22","date_gmt":"2019-02-06T20:55:22","guid":{"rendered":"http:\/\/hortum.com.tr\/product\/import-placeholder-for-405\/"},"modified":"2024-03-21T17:41:18","modified_gmt":"2024-03-21T14:41:18","slug":"sahra-tipi-yangin-dolabi-ts-en-671-1","status":"publish","type":"product","link":"https:\/\/tuzlahortum.com.tr\/ru\/product\/sahra-tipi-yangin-dolabi-ts-en-671-1\/","title":{"rendered":"\u041f\u043e\u043b\u0435\u0432\u043e\u0439 \u043f\u043e\u0436\u0430\u0440\u043d\u044b\u0439 \u0448\u043a\u0430\u0444 TS EN 671-1 (70\u00d765)"},"content":{"rendered":"<h2>\u041f\u043e\u043b\u0435\u0432\u043e\u0439 \u043f\u043e\u0436\u0430\u0440\u043d\u044b\u0439 \u0448\u043a\u0430\u0444 TS EN 671-1 (70\u00d765)<\/h2>\n<h3>\u0420\u0410\u0417\u041c\u0415\u0420 70*65<\/h3>\n<ul class=\"list-style-2\">\n<li class=\"check-list\">\u0421\u0438\u0441\u0442\u0435\u043c\u0430 \u043d\u0430 \u043a\u0440\u044b\u0442\u044b\u0445 \u043d\u043e\u0436\u043a\u0430\u0445<\/li>\n<li class=\"check-list\">\u041f\u043e\u043b\u0443\u0436\u0435\u0441\u0442\u043a\u0438\u0439 \u0440\u0435\u0437\u0438\u043d\u043e\u0432\u044b\u0439 \u043f\u043e\u0436\u0430\u0440\u043d\u044b\u0439 \u0440\u0443\u043a\u0430\u0432 TS EN 694, 1 \u0434\u044e\u0439\u043c.<\/li>\n<li class=\"check-list\">\u0424\u0438\u0442\u0438\u043d\u0433 \u0434\u043b\u044f \u043f\u043e\u0434\u043a\u043b\u044e\u0447\u0435\u043d\u0438\u044f \u0433\u0438\u0434\u0440\u0430\u043d\u0442\u0430 \u0441 \u043f\u0435\u0440\u0435\u0445\u043e\u0434\u043d\u0438\u043a\u043e\u043c 2&gt;1<\/li>\n<li class=\"check-list\">1-\u0434\u044e\u0439\u043c\u043e\u0432\u0430\u044f \u0441\u0442\u0440\u0443\u0439\u043d\u0430\u044f \u0444\u043e\u0440\u0441\u0443\u043d\u043a\u0430<\/li>\n<\/ul>\n<div class=\"row\">\n<table class=\"table table-bordered span4\">\n<thead>\n<tr>\n<th>20MT<\/th>\n<th>25\u041c\u0422<\/th>\n<th>30MT<\/th>\n<\/tr>\n<\/thead>\n<tbody>\n<tr>\n<td>\u041f\u0418-335<\/td>\n<td>\u041f\u0418-336<\/td>\n<td>\u041f\u0418-337<\/td>\n<\/tr>\n<\/tbody>\n<\/table>\n<\/div>","protected":false},"excerpt":{"rendered":"<p>Sahra Tipi Yang\u0131n Dolab\u0131 TS EN 671-1(70&#215;65) \u00d6L\u00c7\u00dc 70*65 \u00c7at\u0131l\u0131-Ayakl\u0131 Sistem 1&#8243; TS EN 694 yar\u0131 sert kau\u00e7uk yang\u0131n hortumu 2&gt;1&#8217;e d\u00fc\u015f\u00fcr\u00fcc\u00fcl\u00fc hidrant ba\u011flant\u0131 rakoru 1&#8243; jet sprey lans 20 MT 25 MT 30 MT P\u0130-335 P\u0130-336 P\u0130-337<\/p>","protected":false},"featured_media":7310,"comment_status":"open","ping_status":"closed","template":"","meta":{"jetpack_post_was_ever_published":false},"product_brand":[],"product_cat":[117],"product_tag":[1147,1146,1148,1149,350,256,352,349],"class_list":{"0":"post-881","1":"product","2":"type-product","3":"status-publish","4":"has-post-thumbnail","6":"product_cat-sahra-tipi","7":"product_tag-ayakli-sistem","8":"product_tag-catili","9":"product_tag-hidrant-baglanti-rakoru","10":"product_tag-sahra-tipi","11":"product_tag-sprey-lans","12":"product_tag-yangin","13":"product_tag-yangin-dolabi","14":"product_tag-yangin-hortumu","16":"first","17":"instock","18":"taxable","19":"shipping-taxable","20":"product-type-variable"},"jetpack-related-posts":[],"jetpack_sharing_enabled":true,"jetpack_likes_enabled":true,"_links":{"self":[{"href":"https:\/\/tuzlahortum.com.tr\/ru\/wp-json\/wp\/v2\/product\/881","targetHints":{"allow":["GET"]}}],"collection":[{"href":"https:\/\/tuzlahortum.com.tr\/ru\/wp-json\/wp\/v2\/product"}],"about":[{"href":"https:\/\/tuzlahortum.com.tr\/ru\/wp-json\/wp\/v2\/types\/product"}],"replies":[{"embeddable":true,"href":"https:\/\/tuzlahortum.com.tr\/ru\/wp-json\/wp\/v2\/comments?post=881"}],"wp:featuredmedia":[{"embeddable":true,"href":"https:\/\/tuzlahortum.com.tr\/ru\/wp-json\/wp\/v2\/media\/7310"}],"wp:attachment":[{"href":"https:\/\/tuzlahortum.com.tr\/ru\/wp-json\/wp\/v2\/media?parent=881"}],"wp:term":[{"taxonomy":"product_brand","embeddable":true,"href":"https:\/\/tuzlahortum.com.tr\/ru\/wp-json\/wp\/v2\/product_brand?post=881"},{"taxonomy":"product_cat","embeddable":true,"href":"https:\/\/tuzlahortum.com.tr\/ru\/wp-json\/wp\/v2\/product_cat?post=881"},{"taxonomy":"product_tag","embeddable":true,"href":"https:\/\/tuzlahortum.com.tr\/ru\/wp-json\/wp\/v2\/product_tag?post=881"}],"curies":[{"name":"wp","href":"https:\/\/api.w.org\/{rel}","templated":true}]}}