{"id":880,"date":"2019-02-06T23:55:21","date_gmt":"2019-02-06T20:55:21","guid":{"rendered":"http:\/\/hortum.com.tr\/product\/import-placeholder-for-230\/"},"modified":"2024-03-21T17:41:19","modified_gmt":"2024-03-21T14:41:19","slug":"tpu52-heavy","status":"publish","type":"product","link":"https:\/\/tuzlahortum.com.tr\/ru\/product\/tpu52-heavy\/","title":{"rendered":"\u0422\u041f\u042352 \u0422\u044f\u0436\u0435\u043b\u044b\u0439"},"content":{"rendered":"<h2>\u0422\u041f\u042352 \u0422\u044f\u0436\u0435\u043b\u044b\u0439<\/h2>\n<p><strong>\u041f\u0440\u043e\u0437\u0440\u0430\u0447\u043d\u044b\u0439 \u0448\u043b\u0430\u043d\u0433 \u0438\u0437 \u0441\u0442\u0430\u043b\u044c\u043d\u043e\u0439 \u043f\u0440\u043e\u0432\u043e\u043b\u043e\u043a\u0438<\/strong><\/p>\n<p><strong>\u0424\u0443\u043d\u043a\u0446\u0438\u0438 :<\/strong><\/p>\n<p>\u2022\u0412\u0441\u0430\u0441\u044b\u0432\u0430\u043d\u0438\u0435 \u0438 \u043f\u0435\u0440\u0435\u0434\u0430\u0447\u0430 \u043e\u0441\u0442\u0440\u044b\u0445 \u043c\u0430\u0442\u0435\u0440\u0438\u0430\u043b\u043e\u0432<\/p>\n<p>\u2022 \u041f\u0435\u0440\u0435\u043d\u043e\u0441 \u043c\u0435\u043b\u043a\u0438\u0445 \u0447\u0430\u0441\u0442\u0438\u0446<\/p>\n<p>\u2022 \u0412 \u043a\u0430\u0447\u0435\u0441\u0442\u0432\u0435 \u0437\u0430\u0449\u0438\u0442\u043d\u043e\u0433\u043e \u0448\u043b\u0430\u043d\u0433\u0430 \u043e\u0442 \u043c\u0435\u0445\u0430\u043d\u0438\u0447\u0435\u0441\u043a\u043e\u0433\u043e \u0434\u0430\u0432\u043b\u0435\u043d\u0438\u044f.<\/p>\n<p>\u2022 \u0412\u0441\u0430\u0441\u044b\u0432\u0430\u043d\u0438\u0435 \u0438 \u0442\u0440\u0430\u043d\u0441\u043f\u043e\u0440\u0442\u0438\u0440\u043e\u0432\u043a\u0430 \u0434\u0435\u0442\u0430\u043b\u0435\u0439 \u0432 \u0431\u0443\u043c\u0430\u0436\u043d\u043e\u0439 \u0438 \u0442\u0435\u043a\u0441\u0442\u0438\u043b\u044c\u043d\u043e\u0439 \u043f\u0440\u043e\u043c\u044b\u0448\u043b\u0435\u043d\u043d\u043e\u0441\u0442\u0438.<\/p>\n<p>\u2022 \u041f\u0435\u0440\u0435\u0434\u0430\u0447\u0430 \u0433\u0430\u0437\u043e\u043e\u0431\u0440\u0430\u0437\u043d\u044b\u0445 \u0438 \u0436\u0438\u0434\u043a\u0438\u0445 \u043c\u0430\u0442\u0435\u0440\u0438\u0430\u043b\u043e\u0432<\/p>\n<p>\u2022 \u0417\u0430\u0433\u0440\u0443\u0437\u043a\u0430 \u0441\u0438\u043b\u043e\u0441\u0430<\/p>\n<p>\u2022 \u041f\u0435\u0440\u0435\u043d\u043e\u0441 \u0430\u0433\u0440\u0435\u0441\u0441\u0438\u0432\u043d\u044b\u0445 \u0436\u0438\u0434\u043a\u043e\u0441\u0442\u0435\u0439 \u0438 \u043f\u044b\u043b\u0438<\/p>\n<p>\u2022 \u041f\u0435\u0440\u0435\u0434\u0430\u0447\u0430 \u0433\u0440\u0430\u043d\u0443\u043b<\/p>\n<p>\u2022 \u0412 \u043f\u0438\u0449\u0435\u0432\u043e\u0439 \u043f\u0440\u043e\u043c\u044b\u0448\u043b\u0435\u043d\u043d\u043e\u0441\u0442\u0438<\/p>\n<div class=\"video video-fit mb\" style=\"padding-top:56.25%;\"><p><iframe loading=\"lazy\" title=\"\u041f\u0443\u0442\u0430\u043d\u0438\u0446\u0430 \u0432 \u0438\u0437\u043c\u0435\u0440\u0435\u043d\u0438\u044f\u0445 (\u0434\u044e\u0439\u043c\u044b, \u043f\u0430\u043b\u044c\u0446\u044b, \u0434\u044b\u043c\u043a\u0430, \u043c\u0438\u043b\u043b\u0438\u043c\u0435\u0442\u0440\u044b)\" width=\"1020\" height=\"574\" src=\"https:\/\/www.youtube.com\/embed\/uKk6AG_AZls?feature=oembed\" frameborder=\"0\" allow=\"accelerometer; autoplay; clipboard-write; encrypted-media; gyroscope; picture-in-picture; web-share\" referrerpolicy=\"strict-origin-when-cross-origin\" allowfullscreen><\/iframe><\/p>\n<\/div>\n<p><strong>\u041e\u0431\u043b\u0430\u0441\u0442\u0438 \u0438\u0441\u043f\u043e\u043b\u044c\u0437\u043e\u0432\u0430\u043d\u0438\u044f:<\/strong><\/p>\n<p>\u2022 \u041b\u0435\u0433\u043a\u0430\u044f \u0438 \u0443\u0441\u0438\u043b\u0435\u043d\u043d\u0430\u044f \u043a\u043e\u043d\u0441\u0442\u0440\u0443\u043a\u0446\u0438\u044f<\/p>\n<p>\u2022 \u0445\u043e\u0440\u043e\u0448\u0430\u044f \u044d\u043b\u0430\u0441\u0442\u0438\u0447\u043d\u043e\u0441\u0442\u044c \u0438 \u0441\u0442\u0435\u043f\u0435\u043d\u044c \u0441\u0436\u0430\u0442\u0438\u044f: 4:1<\/p>\n<p>\u2022 \u0418\u0437\u043d\u043e\u0441\u043e\u0441\u0442\u043e\u0439\u043a\u0438\u0439<\/p>\n<p>\u2022 \u0423\u0441\u0442\u043e\u0439\u0447\u0438\u0432 \u043a \u0445\u0438\u043c\u0438\u0447\u0435\u0441\u043a\u0438\u043c \u0432\u0435\u0449\u0435\u0441\u0442\u0432\u0430\u043c<\/p>\n<p>\u2022 \u0425\u043e\u0440\u043e\u0448\u0438\u0439 \u0440\u0430\u0434\u0438\u0443\u0441 \u0438\u0437\u0433\u0438\u0431\u0430<\/p>\n<p>\u2022 \u0423\u0441\u0442\u043e\u0439\u0447\u0438\u0432 \u043a \u043f\u0440\u043e\u043d\u0438\u043a\u043d\u043e\u0432\u0435\u043d\u0438\u044e \u0433\u0430\u0437\u0430 \u0438 \u0436\u0438\u0434\u043a\u043e\u0441\u0442\u0438<\/p>\n<p>\u2022 \u0417\u0430\u0449\u0438\u0442\u0430 \u043e\u0442 \u043c\u0438\u043a\u0440\u043e\u0431\u043e\u0432<\/p>\n<p>\u2022 \u0423\u0441\u0442\u043e\u0439\u0447\u0438\u0432 \u043a \u043c\u0438\u043d\u0435\u0440\u0430\u043b\u044c\u043d\u044b\u043c \u043c\u0430\u0441\u043b\u0430\u043c<\/p>\n<p>\u2022 \u041c\u043e\u0436\u0435\u0442 \u0441\u043d\u0438\u043c\u0430\u0442\u044c \u0441\u0442\u0430\u0442\u0438\u0447\u0435\u0441\u043a\u043e\u0435 \u044d\u043b\u0435\u043a\u0442\u0440\u0438\u0447\u0435\u0441\u0442\u0432\u043e<\/p>\n<p>\u2022 \u0411\u043e\u043b\u0435\u0435 \u043f\u0440\u043e\u0447\u043d\u044b\u0439, \u0447\u0435\u043c Techni PU 50.<\/p>","protected":false},"excerpt":{"rendered":"<p>TPU52 Heavy \u00c7elik Telli \u015eeffaf Hortum \u00d6zellikler : \u2022Kesici materyallerin emilmesi ve\u00a0\u00a0 transferi \u2022 K\u00fc\u00e7\u00fck tanecikli par\u00e7alar\u0131n transferi \u2022 Mekanik bas\u0131nca kar\u015f\u0131 koruma\u00a0\u00a0\u00a0 hortumu olarak \u2022 Ka\u011f\u0131t ve tekstil sekt\u00f6r\u00fcnde par\u00e7a\u00a0\u00a0\u00a0 emilmesi ve transferi \u2022 Gazl\u0131 ve s\u0131v\u0131 materyallerin transferi \u2022 Silo y\u00fcklemesi \u2022 A\u015f\u0131nd\u0131r\u0131c\u0131 ak\u0131\u015fkan &amp; tozlar\u0131n transferi \u2022 Gran\u00fcl transferi \u2022 G\u0131da sekt\u00f6r\u00fcnde [&#8230;]\n","protected":false},"featured_media":1821,"comment_status":"open","ping_status":"closed","template":"","meta":{"jetpack_post_was_ever_published":false},"product_brand":[],"product_cat":[142,150],"product_tag":[480,509,507,510,1145,511,508],"class_list":{"0":"post-880","1":"product","2":"type-product","3":"status-publish","4":"has-post-thumbnail","6":"product_cat-agac-isleri-hortumlari","7":"product_cat-tarim-sektoru-hortumlari","8":"product_tag-antistatik","9":"product_tag-bakir-dis-spiral-tel","10":"product_tag-ester-poliuretan-kumas","11":"product_tag-mikrop-gecirmez","12":"product_tag-mineral-yaglara-karsi-dayanikli","13":"product_tag-statik-elektrik","14":"product_tag-transparent","16":"first","17":"instock","18":"taxable","19":"shipping-taxable","20":"product-type-variable"},"jetpack-related-posts":[],"jetpack_sharing_enabled":true,"jetpack_likes_enabled":true,"_links":{"self":[{"href":"https:\/\/tuzlahortum.com.tr\/ru\/wp-json\/wp\/v2\/product\/880","targetHints":{"allow":["GET"]}}],"collection":[{"href":"https:\/\/tuzlahortum.com.tr\/ru\/wp-json\/wp\/v2\/product"}],"about":[{"href":"https:\/\/tuzlahortum.com.tr\/ru\/wp-json\/wp\/v2\/types\/product"}],"replies":[{"embeddable":true,"href":"https:\/\/tuzlahortum.com.tr\/ru\/wp-json\/wp\/v2\/comments?post=880"}],"wp:featuredmedia":[{"embeddable":true,"href":"https:\/\/tuzlahortum.com.tr\/ru\/wp-json\/wp\/v2\/media\/1821"}],"wp:attachment":[{"href":"https:\/\/tuzlahortum.com.tr\/ru\/wp-json\/wp\/v2\/media?parent=880"}],"wp:term":[{"taxonomy":"product_brand","embeddable":true,"href":"https:\/\/tuzlahortum.com.tr\/ru\/wp-json\/wp\/v2\/product_brand?post=880"},{"taxonomy":"product_cat","embeddable":true,"href":"https:\/\/tuzlahortum.com.tr\/ru\/wp-json\/wp\/v2\/product_cat?post=880"},{"taxonomy":"product_tag","embeddable":true,"href":"https:\/\/tuzlahortum.com.tr\/ru\/wp-json\/wp\/v2\/product_tag?post=880"}],"curies":[{"name":"wp","href":"https:\/\/api.w.org\/{rel}","templated":true}]}}