{"id":879,"date":"2019-02-06T23:55:21","date_gmt":"2019-02-06T20:55:21","guid":{"rendered":"http:\/\/hortum.com.tr\/product\/import-placeholder-for-236\/"},"modified":"2024-03-21T17:41:20","modified_gmt":"2024-03-21T14:41:20","slug":"tc-24as","status":"publish","type":"product","link":"https:\/\/tuzlahortum.com.tr\/ru\/product\/tc-24as\/","title":{"rendered":"\u0422\u041a 24\u0410\u0421"},"content":{"rendered":"<h2>\u0422\u041a 24\u0410\u0421<\/h2>\n<div>\n<div>\u041c\u0410\u0422\u0415\u0420\u0418\u0410\u041b:<\/div>\n<div>\u0422\u043a\u0430\u043d\u0435\u0432\u0430\u044f \u0441\u0442\u0435\u043d\u043a\u0430: \u043b\u0430\u043c\u0438\u043d\u0438\u0440\u043e\u0432\u0430\u043d\u043d\u043e\u0435 \u0441\u0442\u0435\u043a\u043b\u043e\u0432\u043e\u043b\u043e\u043a\u043d\u043e \u0438\u0437 \u041f\u0422\u0424\u042d.<\/div>\n<div>\u2022 \u0412\u0435\u0441: 155-270 \u0433\/\u043c2.<\/div>\n<div>\u2022 \u041f\u0440\u0435\u0434\u0435\u043b \u043f\u0440\u043e\u0447\u043d\u043e\u0441\u0442\u0438: 800 \u041d\/5 \u0441\u043c, 1200 \u041d\/5 \u0441\u043c.<\/div>\n<div>\u2022 \u0422\u043e\u043b\u0449\u0438\u043d\u0430 \u0448\u0432\u0430: 0,08 \u2013 0,25 \u043c\u043c.<\/div>\n<div>\u2022 \u0426\u0432\u0435\u0442: \u0447\u0435\u0440\u043d\u044b\u0439<\/div>\n<div>\u0412\u043d\u0435\u0448\u043d\u044f\u044f \u0441\u043f\u0438\u0440\u0430\u043b\u044c: \u043e\u0446\u0438\u043d\u043a\u043e\u0432\u0430\u043d\u043d\u0430\u044f \u0441\u0442\u0430\u043b\u044c<\/div>\n<\/div>\n<div><\/div>\n<div><div class=\"video video-fit mb\" style=\"padding-top:56.25%;\"><p><iframe loading=\"lazy\" title=\"\u041f\u0443\u0442\u0430\u043d\u0438\u0446\u0430 \u0432 \u0438\u0437\u043c\u0435\u0440\u0435\u043d\u0438\u044f\u0445 (\u0434\u044e\u0439\u043c\u044b, \u043f\u0430\u043b\u044c\u0446\u044b, \u0434\u044b\u043c\u043a\u0430, \u043c\u0438\u043b\u043b\u0438\u043c\u0435\u0442\u0440\u044b)\" width=\"1020\" height=\"574\" src=\"https:\/\/www.youtube.com\/embed\/uKk6AG_AZls?feature=oembed\" frameborder=\"0\" allow=\"accelerometer; autoplay; clipboard-write; encrypted-media; gyroscope; picture-in-picture; web-share\" referrerpolicy=\"strict-origin-when-cross-origin\" allowfullscreen><\/iframe><\/p>\n<\/div><\/div>\n<div><\/div>\n<div>\n<div>\u041f\u0420\u0418\u041b\u041e\u0416\u0415\u041d\u0418\u042f:<\/div>\n<div>\u2022 \u0412 \u043a\u0440\u0430\u0441\u0438\u043b\u044c\u043d\u044b\u0445 \u0446\u0435\u0445\u0430\u0445<\/div>\n<div>\u2022 \u0424\u0430\u0440\u043c\u0430\u0446\u0435\u0432\u0442\u0438\u0447\u0435\u0441\u043a\u0430\u044f \u043f\u0440\u043e\u043c\u044b\u0448\u043b\u0435\u043d\u043d\u043e\u0441\u0442\u044c<\/div>\n<div>\u2022 \u0412 \u043c\u0435\u0441\u0442\u0430\u0445, \u0433\u0434\u0435 \u043c\u043e\u0436\u0435\u0442 \u0432\u043e\u0437\u043d\u0438\u043a\u043d\u0443\u0442\u044c \u044d\u043b\u0435\u043a\u0442\u0440\u0438\u0447\u0435\u0441\u043a\u0430\u044f \u0434\u0443\u0433\u0430<\/div>\n<div>\u2022 \u0412 \u0441\u0438\u0441\u0442\u0435\u043c\u0430\u0445 \u043d\u0438\u0437\u043a\u043e\u0433\u043e \u0434\u0430\u0432\u043b\u0435\u043d\u0438\u044f<\/div>\n<div>\u2022 \u0423\u0442\u0438\u043b\u0438\u0437\u0430\u0446\u0438\u044f \u0440\u0430\u0441\u0442\u0432\u043e\u0440\u0438\u0442\u0435\u043b\u0435\u0439 \u0432\u043e \u0432\u043d\u0435\u0448\u043d\u044e\u044e \u0441\u0440\u0435\u0434\u0443.<\/div>\n<div>\u2022 \u0412\u0437\u0440\u044b\u0432\u043e\u043e\u043f\u0430\u0441\u043d\u044b\u0435 \u0433\u0430\u0437\u044b \u0438 \u043f\u0430\u0440\u044b, \u043a\u043e\u0442\u043e\u0440\u044b\u0435 \u043c\u043e\u0433\u0443\u0442 \u0432\u044b\u0437\u0432\u0430\u0442\u044c \u0438\u0441\u043a\u0440\u044b.<\/div>\n<div>\u0432 \u0442\u0440\u0430\u043d\u0441\u043f\u043b\u0430\u043d\u0442\u0430\u0446\u0438\u0438<\/div>\n<div>\u2022 \u041d\u0430 \u0445\u0438\u043c\u0438\u0447\u0435\u0441\u043a\u0438\u0445 \u0437\u0430\u0432\u043e\u0434\u0430\u0445<\/div>\n<div>\u2022 \u0412 \u043b\u0430\u043a\u043e\u043a\u0440\u0430\u0441\u043e\u0447\u043d\u043e\u0439, \u0434\u0435\u0440\u0435\u0432\u043e\u043e\u0431\u0440\u0430\u0431\u0430\u0442\u044b\u0432\u0430\u044e\u0449\u0435\u0439 \u0438 \u0431\u0443\u043c\u0430\u0436\u043d\u043e\u0439 \u043f\u0440\u043e\u043c\u044b\u0448\u043b\u0435\u043d\u043d\u043e\u0441\u0442\u0438.<\/div>\n<div>\u0424\u0423\u041d\u041a\u0426\u0418\u0418:<\/div>\n<div>\u2022 \u0427\u0440\u0435\u0437\u0432\u044b\u0447\u0430\u0439\u043d\u043e \u0433\u0438\u0431\u043a\u0438\u0439<\/div>\n<div>\u2022 \u041e\u0442\u043b\u0438\u0447\u043d\u0430\u044f \u0443\u0441\u0442\u043e\u0439\u0447\u0438\u0432\u043e\u0441\u0442\u044c \u043a \u0430\u0442\u043c\u043e\u0441\u0444\u0435\u0440\u043d\u044b\u043c \u0432\u043e\u0437\u0434\u0435\u0439\u0441\u0442\u0432\u0438\u044f\u043c<\/div>\n<div>\u2022 \u0412\u043d\u0443\u0442\u0440\u0435\u043d\u043d\u044f\u044f \u0441\u0442\u0435\u043d\u043a\u0430 \u0448\u043b\u0430\u043d\u0433\u0430 \u0438\u043c\u0435\u0435\u0442 \u0430\u043d\u0442\u0438\u043f\u0440\u0438\u0433\u0430\u0440\u043d\u043e\u0435 \u043f\u043e\u043a\u0440\u044b\u0442\u0438\u0435.<\/div>\n<div>\u2022 \u041f\u043e\u0432\u0435\u0440\u0445\u043d\u043e\u0441\u0442\u043d\u043e\u0435 \u0441\u043e\u043f\u0440\u043e\u0442\u0438\u0432\u043b\u0435\u043d\u0438\u0435 Ro&lt;10 6\u041e\u043c<\/div>\n<div>\u2022 \u041d\u0438\u0437\u043a\u0438\u0439 \u0440\u0430\u0434\u0438\u0443\u0441 \u0438\u0437\u0433\u0438\u0431\u0430<\/div>\n<div>\u2022 \u041e\u0442\u043b\u0438\u0447\u043d\u0430\u044f \u0445\u0438\u043c\u0438\u0447\u0435\u0441\u043a\u0430\u044f \u0441\u0442\u043e\u0439\u043a\u043e\u0441\u0442\u044c<\/div>\n<div>\u2022 \u0423\u0441\u0442\u043e\u0439\u0447\u0438\u0432 \u043a \u043d\u0438\u0437\u043a\u0438\u043c \u0438 \u0432\u044b\u0441\u043e\u043a\u0438\u043c \u0442\u0435\u043c\u043f\u0435\u0440\u0430\u0442\u0443\u0440\u0430\u043c<\/div>\n<div>\u2022 \u0421\u043f\u0435\u0446\u0438\u0430\u043b\u044c\u043d\u044b\u0439 \u043c\u0435\u0442\u043e\u0434 \u0441\u043e\u0435\u0434\u0438\u043d\u0435\u043d\u0438\u044f \u0433\u0430\u0440\u0430\u043d\u0442\u0438\u0440\u0443\u0435\u0442, \u0447\u0442\u043e \u0448\u043b\u0430\u043d\u0433 \u0438\u043c\u0435\u0435\u0442 \u0441\u043f\u0438\u0440\u0430\u043b\u044c\u043d\u0443\u044e \u0444\u043e\u0440\u043c\u0443 \u0438<\/div>\n<div>\u0447\u0442\u043e\u0431\u044b \u043d\u0430\u0434\u0435\u0436\u043d\u043e \u0441\u043e\u0435\u0434\u0438\u043d\u0438\u0442\u044c \u0442\u043a\u0430\u043d\u044c.<\/div>\n<div>\u0433\u0430\u0440\u0430\u043d\u0442\u0438\u0438.<\/div>\n<div>\u2022 \u041c\u043e\u0436\u0435\u0442 \u0431\u044b\u0442\u044c \u0441\u0436\u0430\u0442\u043e \u0434\u043e \u0441\u043e\u043e\u0442\u043d\u043e\u0448\u0435\u043d\u0438\u044f 1:6.<\/div>\n<div>\u2022 \u041c\u0430\u0442\u0435\u0440\u0438\u0430\u043b \u0432\u043d\u0435\u0448\u043d\u0435\u0439 \u0441\u0442\u0435\u043d\u043a\u0438 \u0448\u043b\u0430\u043d\u0433\u0430 \u043e\u0447\u0435\u043d\u044c \u043f\u0440\u043e\u0447\u043d\u044b\u0439.<\/div>\n<div>\u2022 \u041f\u0440\u0438 \u043e\u043f\u0442\u0438\u043c\u0430\u043b\u044c\u043d\u043e\u043c \u0443\u0440\u043e\u0432\u043d\u0435 \u0436\u0438\u0434\u043a\u043e\u0441\u0442\u044c \u043d\u0435 \u043c\u043e\u0436\u0435\u0442 \u043e\u0441\u0442\u0430\u0432\u0430\u0442\u044c\u0441\u044f \u043d\u0430 \u0435\u0433\u043e \u043f\u043e\u0432\u0435\u0440\u0445\u043d\u043e\u0441\u0442\u0438.<\/div>\n<div>\u2022 \u0412\u043d\u0435\u0448\u043d\u044f\u044f \u0441\u043f\u0438\u0440\u0430\u043b\u044c \u0437\u0430\u0449\u0438\u0449\u0430\u0435\u0442 \u043e\u0442 \u0438\u0437\u043d\u043e\u0441\u0430.<\/div>\n<\/div>","protected":false},"excerpt":{"rendered":"<p>TC 24AS MATERYAL: Kuma\u015f Duvar\u0131: PTFE lamine cam Elyaf kuma\u015f \u2022 A\u011f\u0131rl\u0131k : 155-270 gr\/m2 \u2022 \u00c7ekme Dayan\u0131m\u0131 : 800 N\/5 cm 1200 N\/5 cm \u2022 Ek Kal\u0131nl\u0131\u011f\u0131 : 0.08 &#8211; 0.25 mm \u2022 Renk : Siyah D\u0131\u015f Spiral : Galvaniz \u00c7elik UYGULAMALAR: \u2022 Boyahanelerde \u2022 \u0130la\u00e7 end\u00fcstrisi \u2022 Elektrik ark\u0131 olu\u015fabilecek yerlerde \u2022 D\u00fc\u015f\u00fck [&#8230;]\n","protected":false},"featured_media":6349,"comment_status":"open","ping_status":"closed","template":"","meta":{"jetpack_post_was_ever_published":false},"product_brand":[],"product_cat":[145,146],"product_tag":[1144,692,1141,1143,481,1142,498,632,1140,454],"class_list":{"0":"post-879","1":"product","2":"type-product","3":"status-publish","4":"has-post-thumbnail","6":"product_cat-isiya-dayanikli-hortumlar","7":"product_cat-kimyasal-hortumlar","8":"product_tag-ahsap-ve-kagit-endustrisinde","9":"product_tag-boya","10":"product_tag-boyahanelerde","11":"product_tag-elektrik-arki","12":"product_tag-galvaniz-celik-dis-spiral","13":"product_tag-ilac-endustrisi","14":"product_tag-isiya-dayanikli","15":"product_tag-kimyasal-tesislerde","16":"product_tag-lamine-cam-elyaf-kumas","17":"product_tag-siyah","19":"first","20":"instock","21":"taxable","22":"shipping-taxable","23":"product-type-variable"},"jetpack-related-posts":[{"id":616,"url":"https:\/\/tuzlahortum.com.tr\/ru\/product\/tc-02as\/","url_meta":{"origin":879,"position":0},"title":"\u0422\u041a 02\u0410\u0421","author":"admin","date":"6 \u0444\u0435\u0432\u0440\u0430\u043b\u044f 2019","format":false,"excerpt":"TC 02ASMATERYAL: Kuma\u015f Duvar : Antistatik \u2264 10^8Ohm \u2022 A\u011f\u0131rl\u0131k : 570 gr\/m2 DIN EN ISO 2286-2 \u2022 \u00c7ekme Dayan\u0131m\u0131 : 2200 \/ 2200 N\/5 cm \u2022 Y\u0131rt\u0131lma Dayan\u0131m\u0131 : 310 \/ 350 N \u2022 Ek Kal\u0131nl\u0131\u011f\u0131 : 0,55 mm \u2022 Renk : Siyah D\u0131\u015f Spiral : Galvaniz \u00c7elik UYGULAMALAR:\u2026","rel":"","context":"\u041f\u043e\u0445\u043e\u0436\u0430\u044f \u0437\u0430\u043f\u0438\u0441\u044c","block_context":{"text":"\u041f\u043e\u0445\u043e\u0436\u0430\u044f \u0437\u0430\u043f\u0438\u0441\u044c","link":""},"img":{"alt_text":"","src":"https:\/\/i0.wp.com\/tuzlahortum.com.tr\/wp-content\/uploads\/2019\/03\/TC-02AS.jpg?fit=600%2C450&ssl=1&resize=350%2C200","width":350,"height":200,"srcset":"https:\/\/i0.wp.com\/tuzlahortum.com.tr\/wp-content\/uploads\/2019\/03\/TC-02AS.jpg?fit=600%2C450&ssl=1&resize=350%2C200 1x, https:\/\/i0.wp.com\/tuzlahortum.com.tr\/wp-content\/uploads\/2019\/03\/TC-02AS.jpg?fit=600%2C450&ssl=1&resize=525%2C300 1.5x"},"classes":[]},{"id":688,"url":"https:\/\/tuzlahortum.com.tr\/ru\/product\/tc-12\/","url_meta":{"origin":879,"position":1},"title":"\u0422\u041a 12","author":"admin","date":"6 \u0444\u0435\u0432\u0440\u0430\u043b\u044f 2019","format":false,"excerpt":"TC 12MATERYAL: Kuma\u015f Duvar\u0131 : Hypalon kapl\u0131 cam elyaf kuma\u015f \u2022 A\u011f\u0131rl\u0131k : 400 gr\/m2 \u2022 \u00c7ekme Dayan\u0131m\u0131 : Warp : 180 daN\/5cm Weft : 150 daN\/5cm \u2022 Ek Kal\u0131nl\u0131\u011f\u0131 : 0,40 mm \u2022 Standart Uzunluk : 5 mt. - 10 mt. \u2022 Renk : Siyah D\u0131\u015f Spiral : Galvaniz\u2026","rel":"","context":"\u041f\u043e\u0445\u043e\u0436\u0430\u044f \u0437\u0430\u043f\u0438\u0441\u044c","block_context":{"text":"\u041f\u043e\u0445\u043e\u0436\u0430\u044f \u0437\u0430\u043f\u0438\u0441\u044c","link":""},"img":{"alt_text":"","src":"https:\/\/i0.wp.com\/tuzlahortum.com.tr\/wp-content\/uploads\/2019\/03\/TC-11-12.jpg?fit=600%2C450&ssl=1&resize=350%2C200","width":350,"height":200,"srcset":"https:\/\/i0.wp.com\/tuzlahortum.com.tr\/wp-content\/uploads\/2019\/03\/TC-11-12.jpg?fit=600%2C450&ssl=1&resize=350%2C200 1x, https:\/\/i0.wp.com\/tuzlahortum.com.tr\/wp-content\/uploads\/2019\/03\/TC-11-12.jpg?fit=600%2C450&ssl=1&resize=525%2C300 1.5x"},"classes":[]},{"id":665,"url":"https:\/\/tuzlahortum.com.tr\/ru\/product\/tc-28\/","url_meta":{"origin":879,"position":2},"title":"\u0422\u041a 28","author":"admin","date":"6 \u0444\u0435\u0432\u0440\u0430\u043b\u044f 2019","format":false,"excerpt":"TC 28MATERYAL: Hortum Cidar\u0131 : \u00d6zel kaplamal\u0131 E-Camelyaf \u2022 A\u011f\u0131rl\u0131k : 490 gr\/m2 \u2022 \u00c7ekme Dayan\u0131m\u0131: Warp 1100 N\/cm, Weft 700 N\/cm \u2022 Kal\u0131nl\u0131k : 0.45 mm \u2022 Renk : Gri \u2022 Kaplama : \u00c7ift taraf\u0131 30 gr\/m2 Gri poli\u00fcretan kaplama \u2022 Alev S\u0131n\u0131f\u0131 : DIN 66083 D\u0131\u015f Spiaral :\u2026","rel":"","context":"\u041f\u043e\u0445\u043e\u0436\u0430\u044f \u0437\u0430\u043f\u0438\u0441\u044c","block_context":{"text":"\u041f\u043e\u0445\u043e\u0436\u0430\u044f \u0437\u0430\u043f\u0438\u0441\u044c","link":""},"img":{"alt_text":"","src":"https:\/\/i0.wp.com\/tuzlahortum.com.tr\/wp-content\/uploads\/2019\/03\/TC-28.jpg?fit=600%2C450&ssl=1&resize=350%2C200","width":350,"height":200,"srcset":"https:\/\/i0.wp.com\/tuzlahortum.com.tr\/wp-content\/uploads\/2019\/03\/TC-28.jpg?fit=600%2C450&ssl=1&resize=350%2C200 1x, https:\/\/i0.wp.com\/tuzlahortum.com.tr\/wp-content\/uploads\/2019\/03\/TC-28.jpg?fit=600%2C450&ssl=1&resize=525%2C300 1.5x"},"classes":[]},{"id":689,"url":"https:\/\/tuzlahortum.com.tr\/ru\/product\/tc-20\/","url_meta":{"origin":879,"position":3},"title":"\u0422\u041a 20","author":"admin","date":"6 \u0444\u0435\u0432\u0440\u0430\u043b\u044f 2019","format":false,"excerpt":"TC 20MATERYAL: Hortum Duvar\u0131 : Silisyum oksit ve poli\u00fcretan kapl\u0131 E-Camelyaf kuma\u015f \u2022 A\u011f\u0131rl\u0131k : 1250 gr\/m2 \u2022 \u00c7ekme dayan\u0131m\u0131 : Warp: 35 daN\/cm, Weft: 25 daN\/cm \u2022 Kal\u0131nl\u0131k : Yakla\u015f\u0131k 2 mm \u2022 Renk : Gri D\u0131\u015f Spiral : Galvaniz veya Cr-Ni \u00e7elik UYGULAMALAR: \u2022 S\u0131cak hava transferi \u2022\u2026","rel":"","context":"\u041f\u043e\u0445\u043e\u0436\u0430\u044f \u0437\u0430\u043f\u0438\u0441\u044c","block_context":{"text":"\u041f\u043e\u0445\u043e\u0436\u0430\u044f \u0437\u0430\u043f\u0438\u0441\u044c","link":""},"img":{"alt_text":"","src":"https:\/\/i0.wp.com\/tuzlahortum.com.tr\/wp-content\/uploads\/2019\/03\/TC-21-20.jpg?fit=600%2C450&ssl=1&resize=350%2C200","width":350,"height":200,"srcset":"https:\/\/i0.wp.com\/tuzlahortum.com.tr\/wp-content\/uploads\/2019\/03\/TC-21-20.jpg?fit=600%2C450&ssl=1&resize=350%2C200 1x, https:\/\/i0.wp.com\/tuzlahortum.com.tr\/wp-content\/uploads\/2019\/03\/TC-21-20.jpg?fit=600%2C450&ssl=1&resize=525%2C300 1.5x"},"classes":[]},{"id":691,"url":"https:\/\/tuzlahortum.com.tr\/ru\/product\/tc-24\/","url_meta":{"origin":879,"position":4},"title":"\u0422\u041a 24","author":"admin","date":"6 \u0444\u0435\u0432\u0440\u0430\u043b\u044f 2019","format":false,"excerpt":"TC 24MATERYAL: Hortum Cidar\u0131 : PTFE (Teflon) Kapl\u0131 kuma\u015f \u2022 A\u011f\u0131rl\u0131k : 155 - 270 gr\/m2 \u00c7apa g\u00f6re de\u011fi\u015fmektedir \u2022 \u00c7ekme dayan\u0131m\u0131 : Warp: 800 N\/5cm, Weft: 1200 N\/5cm \u2022 Renk : Gri D\u0131\u015f Spiaral : Galvaniz \u00e7elik UYGULAMALAR: \u2022 S\u0131cak hava transferi \u2022 Egzoz transferi \u2022 Savunma sanayi \u0131s\u0131\u2026","rel":"","context":"\u041f\u043e\u0445\u043e\u0436\u0430\u044f \u0437\u0430\u043f\u0438\u0441\u044c","block_context":{"text":"\u041f\u043e\u0445\u043e\u0436\u0430\u044f \u0437\u0430\u043f\u0438\u0441\u044c","link":""},"img":{"alt_text":"","src":"https:\/\/i0.wp.com\/tuzlahortum.com.tr\/wp-content\/uploads\/2019\/03\/TC-24.jpg?fit=600%2C450&ssl=1&resize=350%2C200","width":350,"height":200,"srcset":"https:\/\/i0.wp.com\/tuzlahortum.com.tr\/wp-content\/uploads\/2019\/03\/TC-24.jpg?fit=600%2C450&ssl=1&resize=350%2C200 1x, https:\/\/i0.wp.com\/tuzlahortum.com.tr\/wp-content\/uploads\/2019\/03\/TC-24.jpg?fit=600%2C450&ssl=1&resize=525%2C300 1.5x"},"classes":[]},{"id":690,"url":"https:\/\/tuzlahortum.com.tr\/ru\/product\/tc-21\/","url_meta":{"origin":879,"position":5},"title":"\u0422\u041a 21","author":"admin","date":"6 \u0444\u0435\u0432\u0440\u0430\u043b\u044f 2019","format":false,"excerpt":"TC 21MATERYAL: Kuma\u015f Duvar\u0131 : 3 katl\u0131 \u00f6zel kapl\u0131 \u0131s\u0131 bariyerli y\u00fcksek \u0131s\u0131 kuma\u015f\u0131 \u2022 A\u011f\u0131rl\u0131k : 1250 gr\/m2 \u2022 \u00c7ekme Dayan\u0131m\u0131 : 35 \/ 25 daN\/cm \u2022 Renk : Gri D\u0131\u015f Spiral : Galvanizli veya paslanmaz \u00e7elik Cr-Ni UYGULAMALAR: \u2022 S\u0131cak hava transferi \u2022 Savunma sanayinde \u2022 Cam elyaf\u2026","rel":"","context":"\u041f\u043e\u0445\u043e\u0436\u0430\u044f \u0437\u0430\u043f\u0438\u0441\u044c","block_context":{"text":"\u041f\u043e\u0445\u043e\u0436\u0430\u044f \u0437\u0430\u043f\u0438\u0441\u044c","link":""},"img":{"alt_text":"","src":"https:\/\/i0.wp.com\/tuzlahortum.com.tr\/wp-content\/uploads\/2019\/03\/TC-21-20.jpg?fit=600%2C450&ssl=1&resize=350%2C200","width":350,"height":200,"srcset":"https:\/\/i0.wp.com\/tuzlahortum.com.tr\/wp-content\/uploads\/2019\/03\/TC-21-20.jpg?fit=600%2C450&ssl=1&resize=350%2C200 1x, https:\/\/i0.wp.com\/tuzlahortum.com.tr\/wp-content\/uploads\/2019\/03\/TC-21-20.jpg?fit=600%2C450&ssl=1&resize=525%2C300 1.5x"},"classes":[]}],"jetpack_sharing_enabled":true,"jetpack_likes_enabled":true,"_links":{"self":[{"href":"https:\/\/tuzlahortum.com.tr\/ru\/wp-json\/wp\/v2\/product\/879","targetHints":{"allow":["GET"]}}],"collection":[{"href":"https:\/\/tuzlahortum.com.tr\/ru\/wp-json\/wp\/v2\/product"}],"about":[{"href":"https:\/\/tuzlahortum.com.tr\/ru\/wp-json\/wp\/v2\/types\/product"}],"replies":[{"embeddable":true,"href":"https:\/\/tuzlahortum.com.tr\/ru\/wp-json\/wp\/v2\/comments?post=879"}],"wp:featuredmedia":[{"embeddable":true,"href":"https:\/\/tuzlahortum.com.tr\/ru\/wp-json\/wp\/v2\/media\/6349"}],"wp:attachment":[{"href":"https:\/\/tuzlahortum.com.tr\/ru\/wp-json\/wp\/v2\/media?parent=879"}],"wp:term":[{"taxonomy":"product_brand","embeddable":true,"href":"https:\/\/tuzlahortum.com.tr\/ru\/wp-json\/wp\/v2\/product_brand?post=879"},{"taxonomy":"product_cat","embeddable":true,"href":"https:\/\/tuzlahortum.com.tr\/ru\/wp-json\/wp\/v2\/product_cat?post=879"},{"taxonomy":"product_tag","embeddable":true,"href":"https:\/\/tuzlahortum.com.tr\/ru\/wp-json\/wp\/v2\/product_tag?post=879"}],"curies":[{"name":"wp","href":"https:\/\/api.w.org\/{rel}","templated":true}]}}