{"id":8750,"date":"2019-03-26T12:39:22","date_gmt":"2019-03-26T09:39:22","guid":{"rendered":"https:\/\/tuzlahortum.com.tr\/?post_type=product&#038;p=8750"},"modified":"2024-03-21T17:38:45","modified_gmt":"2024-03-21T14:38:45","slug":"trellflex-oil-14-gg","status":"publish","type":"product","link":"https:\/\/tuzlahortum.com.tr\/ru\/product\/trellflex-oil-14-gg\/","title":{"rendered":"\u0422\u0420\u0415\u041b\u041b\u0424\u041b\u0415\u041a\u0421 \u041c\u0410\u0421\u041b\u041e 14GG"},"content":{"rendered":"<h2>\u0422\u0420\u0415\u041b\u041b\u0424\u041b\u0415\u041a\u0421 \u041c\u0410\u0421\u041b\u041e 14GG<\/h2>\n<p>\u041a\u043e\u043c\u043f\u043e\u0437\u0438\u0442\u043d\u044b\u0435 \u0448\u043b\u0430\u043d\u0433\u0438\/\u041d\u0435\u0444\u0442\u044c \u0438 \u043d\u0435\u0444\u0442\u0435\u043f\u0440\u043e\u0434\u0443\u043a\u0442\u044b<br \/>\nAromatik i\u00e7eri\u011fi %50&#8217;ye kadar olan hafif veya a\u011f\u0131r petrol \u00fcr\u00fcnleri ve t\u00fcrevlerinin \u00e7ekilmesi ve<br \/>\n\u044d\u0432\u0430\u043a\u0443\u0430\u0446\u0438\u044f.<br \/>\n\u0410\u0432\u0442\u043e\u043c\u043e\u0431\u0438\u043b\u044c\u043d\u044b\u0439 \u0438\u043b\u0438 \u0436\u0435\u043b\u0435\u0437\u043d\u043e\u0434\u043e\u0440\u043e\u0436\u043d\u044b\u0439 \u0442\u0440\u0430\u043d\u0441\u043f\u043e\u0440\u0442 \u0438\u043b\u0438 \u0441\u0442\u0430\u0446\u0438\u043e\u043d\u0430\u0440\u043d\u043e\u0435 \u043e\u0431\u043e\u0440\u0443\u0434\u043e\u0432\u0430\u043d\u0438\u0435.<br \/>\n\u041f\u0440\u0435\u0438\u043c\u0443\u0449\u0435\u0441\u0442\u0432\u0430<br \/>\n\u0422\u0440\u0430\u043d\u0441\u043f\u043e\u0440\u0442\u0438\u0440\u043e\u0432\u0430\u0442\u044c \u043c\u043e\u0436\u043d\u043e \u043a\u0430\u043a \u0447\u0435\u0440\u043d\u043e\u0435, \u0442\u0430\u043a \u0438 \u0431\u0435\u043b\u043e\u0435 \u043c\u0430\u0441\u043b\u043e.<br \/>\n\u041c\u0430\u043b\u044b\u0439 \u0440\u0430\u0434\u0438\u0443\u0441 \u0438\u0437\u0433\u0438\u0431\u0430.<br \/>\n\u0422\u0435\u0445\u043d\u0438\u0447\u0435\u0441\u043a\u043e\u0435 \u043e\u043f\u0438\u0441\u0430\u043d\u0438\u0435<br \/>\n\u0412\u043d\u0443\u0442\u0440\u0435\u043d\u043d\u044f\u044f \u043f\u0440\u0443\u0436\u0438\u043d\u0430: \u043e\u0446\u0438\u043d\u043a\u043e\u0432\u0430\u043d\u043d\u0430\u044f \u0441\u0442\u0430\u043b\u044c.<br \/>\n\u0412\u043d\u0443\u0442\u0440\u0435\u043d\u043d\u044f\u044f \u0442\u0440\u0443\u0431\u043a\u0430: \u043f\u043e\u043b\u0438\u043f\u0440\u043e\u043f\u0438\u043b\u0435\u043d\u043e\u0432\u0430\u044f \u043f\u043b\u0435\u043d\u043a\u0430.<br \/>\n\u0410\u0440\u043c\u0438\u0440\u043e\u0432\u0430\u043d\u0438\u0435: \u0441\u043b\u043e\u0438 \u043f\u043e\u043b\u0438\u043f\u0440\u043e\u043f\u0438\u043b\u0435\u043d\u0430.<br \/>\n\u041f\u043e\u043a\u0440\u044b\u0442\u0438\u0435: \u0442\u043a\u0430\u043d\u044c \u0441 \u041f\u0412\u0425 \u043f\u043e\u043a\u0440\u044b\u0442\u0438\u0435\u043c, \u0447\u0435\u0440\u043d\u0430\u044f, \u0433\u043e\u0444\u0440\u0438\u0440\u043e\u0432\u0430\u043d\u043d\u0430\u044f.<br \/>\n\u0412\u043d\u0435\u0448\u043d\u044f\u044f \u043f\u0440\u0443\u0436\u0438\u043d\u0430: \u043e\u0446\u0438\u043d\u043a\u043e\u0432\u0430\u043d\u043d\u0430\u044f \u0441\u0442\u0430\u043b\u044c.<br \/>\n\u0414\u0438\u0430\u043f\u0430\u0437\u043e\u043d \u0442\u0435\u043c\u043f\u0435\u0440\u0430\u0442\u0443\u0440: \u043e\u0442 -30\u00b0C \u0434\u043e +100\u00b0C.<br \/>\n\u042d\u043b\u0435\u043a\u0442\u0440\u0438\u0447\u0435\u0441\u043a\u0438\u0435 \u0441\u0432\u043e\u0439\u0441\u0442\u0432\u0430: \u22642,5 \u041e\u043c\/\u043c \u0434\u043b\u044f \u043d\u0430\u0440\u0443\u0436\u043d\u043e\u0433\u043e \u0434\u0438\u0430\u043c\u0435\u0442\u0440\u0430 &lt;50 \u043c\u043c.<br \/>\n\u043d\u0430\u0440\u0443\u0436\u043d\u044b\u0439 \u0434\u0438\u0430\u043c\u0435\u0442\u0440 \u226550 \u043c\u043c. \u0434\u043b\u044f \u22641,0 \u041e\u043c\/\u043c.<br \/>\n\u0421\u0442\u0430\u043d\u0434\u0430\u0440\u0442\/\u041e\u0434\u043e\u0431\u0440\u0435\u043d\u0438\u0435:<br \/>\nEN 13765 \u0438 TMD.<br \/>\n\u0421\u0430\u043b\u044c\u043d\u0438\u043a\u0438\/\u0444\u0438\u0442\u0438\u043d\u0433\u0438<br \/>\n\u0413\u0438\u0439\u043c\u0435\u043d (\u0430\u043b\u044e\u043c\u0438\u043d\u0438\u0439, \u043c\u0435\u0442\u0430\u043b\u043b\u0438\u0447\u0435\u0441\u043a\u0438\u0439 \u043f\u0438\u0441\u0442\u043e\u043b\u0435\u0442, \u043d\u0435\u0440\u0436\u0430\u0432\u0435\u044e\u0449\u0430\u044f \u0441\u0442\u0430\u043b\u044c);<br \/>\n\u041f\u043e\u0432\u043e\u0440\u043e\u0442\u043d\u044b\u0439 \u043c\u0435\u0445\u0430\u043d\u0438\u0437\u043c \u0441 \u0448\u0430\u0440\u043d\u0438\u0440\u043d\u043e-\u0441\u043e\u0447\u043b\u0435\u043d\u0435\u043d\u043d\u043e\u0439 \u043f\u0435\u0440\u0435\u0434\u0430\u0447\u0435\u0439, \u043e\u0445\u0432\u0430\u0442\u044b\u0432\u0430\u0435\u043c\u044b\u0439 \u0438 \u043e\u0445\u0432\u0430\u0442\u044b\u0432\u0430\u044e\u0449\u0438\u0439: \u0430\u043b\u044e\u043c\u0438\u043d\u0438\u0439 \u0438\u043b\u0438 \u0448\u0430\u0440\u0438\u043a\u043e\u0432\u044b\u0439 \u0441\u043f\u043b\u0430\u0432. \u041b\u0435\u0433\u043a\u043e \u043c\u043e\u043d\u0442\u0438\u0440\u0443\u0435\u0442\u0441\u044f \u0441 \u043a\u0443\u043b\u0430\u0447\u043a\u043e\u0432\u044b\u043c \u043c\u0435\u0445\u0430\u043d\u0438\u0437\u043c\u043e\u043c.<br \/>\n\u0430\u0440\u043c\u0430\u0442\u0443\u0440\u0430 (\u0442\u0438\u043f\u0430 \u041a\u0430\u043c\u043b\u043e\u043a).<br \/>\n\u0424\u0438\u043a\u0441\u0438\u0440\u043e\u0432\u0430\u043d\u043d\u044b\u0439 \u0438\u043b\u0438 \u0432\u0440\u0430\u0449\u0430\u044e\u0449\u0438\u0439\u0441\u044f ISO PN10\/16, PN20 (ASA150).<\/p>\n<p><img data-recalc-dims=\"1\" loading=\"lazy\" decoding=\"async\" class=\"alignnone size-full wp-image-8752\" src=\"https:\/\/i0.wp.com\/tuzlahortum.com.tr\/wp-content\/uploads\/2019\/03\/TRELLFLEX-OIL-14-GG.jpg?resize=895%2C269&#038;ssl=1\" alt=\"\" width=\"895\" height=\"269\" title=\"\" srcset=\"https:\/\/i0.wp.com\/tuzlahortum.com.tr\/wp-content\/uploads\/2019\/03\/TRELLFLEX-OIL-14-GG.jpg?w=895&amp;ssl=1 895w, https:\/\/i0.wp.com\/tuzlahortum.com.tr\/wp-content\/uploads\/2019\/03\/TRELLFLEX-OIL-14-GG.jpg?resize=800%2C240&amp;ssl=1 800w, https:\/\/i0.wp.com\/tuzlahortum.com.tr\/wp-content\/uploads\/2019\/03\/TRELLFLEX-OIL-14-GG.jpg?resize=768%2C231&amp;ssl=1 768w, https:\/\/i0.wp.com\/tuzlahortum.com.tr\/wp-content\/uploads\/2019\/03\/TRELLFLEX-OIL-14-GG.jpg?resize=600%2C180&amp;ssl=1 600w\" sizes=\"auto, (max-width: 895px) 100vw, 895px\" \/><\/p>\n<div class=\"video video-fit mb\" style=\"padding-top:56.25%;\"><p><iframe loading=\"lazy\" title=\"\u041f\u0443\u0442\u0430\u043d\u0438\u0446\u0430 \u0432 \u0438\u0437\u043c\u0435\u0440\u0435\u043d\u0438\u044f\u0445 (\u0434\u044e\u0439\u043c\u044b, \u043f\u0430\u043b\u044c\u0446\u044b, \u0434\u044b\u043c\u043a\u0430, \u043c\u0438\u043b\u043b\u0438\u043c\u0435\u0442\u0440\u044b)\" width=\"1020\" height=\"574\" src=\"https:\/\/www.youtube.com\/embed\/uKk6AG_AZls?feature=oembed\" frameborder=\"0\" allow=\"accelerometer; autoplay; clipboard-write; encrypted-media; gyroscope; picture-in-picture; web-share\" referrerpolicy=\"strict-origin-when-cross-origin\" allowfullscreen><\/iframe><\/p>\n<\/div>\n<div class=\"video video-fit mb\" style=\"padding-top:56.25%;\"><p>https:\/\/www.youtube.com\/watch?v=O8ZlzKEjfEQ%20<\/p>\n<\/div>","protected":false},"excerpt":{"rendered":"<p>TRELLFLEX OIL 14 GG Kompozit hortumlar\/Ya\u011f ve petrol Aromatik i\u00e7eri\u011fi %50&#8217;ye kadar olan hafif veya a\u011f\u0131r petrol \u00fcr\u00fcnleri ve t\u00fcrevlerinin \u00e7ekilmesi ve tahliyesi. Karayolu veya demiryolu ta\u015f\u0131tlar\u0131 veya sabit donan\u0131mlar. Avantajlar Hem siyah hem de beyaz ya\u011f ta\u015f\u0131nabilir. D\u00fc\u015f\u00fck k\u0131vr\u0131lma yar\u0131\u00e7ap\u0131. Teknik a\u00e7\u0131klama \u0130\u00e7 yay: galvanize \u00e7elik \u0130\u00e7 t\u00fcp : polipropilen film. Takviye : polipropilen [&#8230;]\n","protected":false},"featured_media":8946,"comment_status":"open","ping_status":"closed","template":"","meta":{"jetpack_post_was_ever_published":false},"product_brand":[],"product_cat":[2208],"product_tag":[2222,290,2221,904,905,732,343,548],"class_list":{"0":"post-8750","1":"product","2":"type-product","3":"status-publish","4":"has-post-thumbnail","6":"product_cat-kompozit-hortumlar-akaryakit","7":"product_tag-demiryolu","8":"product_tag-hortum","9":"product_tag-karayolu","10":"product_tag-kompozit","11":"product_tag-kompozit-hortum","12":"product_tag-petrol","13":"product_tag-tahliye","14":"product_tag-yag","16":"first","17":"instock","18":"taxable","19":"shipping-taxable","20":"product-type-variable"},"jetpack-related-posts":[],"jetpack_sharing_enabled":true,"jetpack_likes_enabled":true,"_links":{"self":[{"href":"https:\/\/tuzlahortum.com.tr\/ru\/wp-json\/wp\/v2\/product\/8750","targetHints":{"allow":["GET"]}}],"collection":[{"href":"https:\/\/tuzlahortum.com.tr\/ru\/wp-json\/wp\/v2\/product"}],"about":[{"href":"https:\/\/tuzlahortum.com.tr\/ru\/wp-json\/wp\/v2\/types\/product"}],"replies":[{"embeddable":true,"href":"https:\/\/tuzlahortum.com.tr\/ru\/wp-json\/wp\/v2\/comments?post=8750"}],"wp:featuredmedia":[{"embeddable":true,"href":"https:\/\/tuzlahortum.com.tr\/ru\/wp-json\/wp\/v2\/media\/8946"}],"wp:attachment":[{"href":"https:\/\/tuzlahortum.com.tr\/ru\/wp-json\/wp\/v2\/media?parent=8750"}],"wp:term":[{"taxonomy":"product_brand","embeddable":true,"href":"https:\/\/tuzlahortum.com.tr\/ru\/wp-json\/wp\/v2\/product_brand?post=8750"},{"taxonomy":"product_cat","embeddable":true,"href":"https:\/\/tuzlahortum.com.tr\/ru\/wp-json\/wp\/v2\/product_cat?post=8750"},{"taxonomy":"product_tag","embeddable":true,"href":"https:\/\/tuzlahortum.com.tr\/ru\/wp-json\/wp\/v2\/product_tag?post=8750"}],"curies":[{"name":"wp","href":"https:\/\/api.w.org\/{rel}","templated":true}]}}