{"id":875,"date":"2019-02-06T23:54:59","date_gmt":"2019-02-06T20:54:59","guid":{"rendered":"http:\/\/hortum.com.tr\/product\/import-placeholder-for-273\/"},"modified":"2024-03-21T17:41:22","modified_gmt":"2024-03-21T14:41:22","slug":"hava-jak-cesitleri-erkek-disigovde-uc","status":"publish","type":"product","link":"https:\/\/tuzlahortum.com.tr\/ru\/product\/hava-jak-cesitleri-erkek-disigovde-uc\/","title":{"rendered":"\u0422\u0438\u043f\u044b \u0432\u043e\u0437\u0434\u0443\u0448\u043d\u044b\u0445 \u0440\u0430\u0437\u044a\u0435\u043c\u043e\u0432 (\u043f\u0430\u043f\u0430-\u043c\u0430\u043c\u0430, \u0441\u043e \u0441\u0442\u043e\u0440\u043e\u043d\u044b \u043a\u043e\u0440\u043f\u0443\u0441\u0430)"},"content":{"rendered":"<h2>\u0422\u0438\u043f\u044b \u0432\u043e\u0437\u0434\u0443\u0448\u043d\u044b\u0445 \u0440\u0430\u0437\u044a\u0435\u043c\u043e\u0432 (\u043f\u0430\u043f\u0430-\u043c\u0430\u043c\u0430, \u0441\u043e \u0441\u0442\u043e\u0440\u043e\u043d\u044b \u043a\u043e\u0440\u043f\u0443\u0441\u0430)<\/h2>\n<p>\u041f\u043d\u0435\u0432\u043c\u0430\u0442\u0438\u0447\u0435\u0441\u043a\u0438\u0435 \u0430\u0432\u0442\u043e\u043c\u0430\u0442\u0438\u0447\u0435\u0441\u043a\u0438\u0435 \u0441\u043e\u0435\u0434\u0438\u043d\u0435\u043d\u0438\u044f \u0441\u0435\u0440\u0438\u0438 PN25 \u043c\u043e\u0436\u043d\u043e \u0440\u0430\u0437\u0431\u0438\u0440\u0430\u0442\u044c \u0438 \u0441\u043e\u0431\u0438\u0440\u0430\u0442\u044c \u043e\u0434\u043d\u043e\u0439 \u0440\u0443\u043a\u043e\u0439 \u043f\u043e\u0434 \u0434\u0430\u0432\u043b\u0435\u043d\u0438\u0435\u043c.<\/p>\n<p>\u0412 \u0441\u0435\u0440\u0438\u0438 PN25 \u043f\u0440\u0443\u0436\u0438\u043d\u044b \u0445\u0440\u043e\u043c\u043e\u043d\u0438\u043a\u0435\u043b\u0435\u0432\u044b\u0435. \u041f\u043d\u0435\u0432\u043c\u0430\u0442\u0438\u0447\u0435\u0441\u043a\u0438\u0435 \u0430\u0432\u0442\u043e\u043c\u0430\u0442\u0438\u0447\u0435\u0441\u043a\u0438\u0435 \u0441\u043e\u0435\u0434\u0438\u043d\u0435\u043d\u0438\u044f \u0441\u0435\u0440\u0438\u0438 Pn25, \u043f\u0440\u043e\u0447\u043d\u044b\u0435 \u0438 \u0434\u043e\u043b\u0433\u043e\u0432\u0435\u0447\u043d\u044b\u0435 \u043a\u043e\u043d\u0441\u0442\u0440\u0443\u043a\u0446\u0438\u0438,<\/p>\n<p>\u0411\u043b\u0430\u0433\u043e\u0434\u0430\u0440\u044f \u0432\u044b\u0441\u043e\u043a\u043e\u0439 \u043f\u0440\u043e\u043f\u0443\u0441\u043a\u043d\u043e\u0439 \u0441\u043f\u043e\u0441\u043e\u0431\u043d\u043e\u0441\u0442\u0438 \u0438 \u043f\u0440\u043e\u0441\u0442\u043e\u0442\u0435 \u0438\u0441\u043f\u043e\u043b\u044c\u0437\u043e\u0432\u0430\u043d\u0438\u044f \u0435\u0433\u043e \u043c\u043e\u0436\u043d\u043e \u0431\u0435\u0437\u043e\u043f\u0430\u0441\u043d\u043e \u0438\u0441\u043f\u043e\u043b\u044c\u0437\u043e\u0432\u0430\u0442\u044c \u0432 \u043b\u0438\u043d\u0438\u044f\u0445 \u0441\u0436\u0430\u0442\u043e\u0433\u043e \u0432\u043e\u0437\u0434\u0443\u0445\u0430 \u0432\u043e \u0432\u0441\u0435\u0445 \u043e\u0442\u0440\u0430\u0441\u043b\u044f\u0445 \u043f\u0440\u043e\u043c\u044b\u0448\u043b\u0435\u043d\u043d\u043e\u0441\u0442\u0438.<\/p>\n<p>\u0438\u0441\u043f\u043e\u043b\u044c\u0437\u0443\u0435\u0442\u0441\u044f.<\/p>\n<table border=\"0\" width=\"1022\">\n<tbody>\n<tr>\n<td width=\"578\">\u0421\u043e\u0432\u043c\u0435\u0441\u0442\u0438\u043c\u043e\u0441\u0442\u044c<\/td>\n<td width=\"444\">Rectus 26 (\u0435\u0432\u0440\u043e\u043f\u0435\u0439\u0441\u043a\u0438\u0439 \u0441\u0442\u0430\u043d\u0434\u0430\u0440\u0442)<\/td>\n<\/tr>\n<tr>\n<td>\u041c\u0430\u0442\u0435\u0440\u0438\u0430\u043b<\/td>\n<td>\u0410\u0432\u0442\u043e\u043c\u0430\u0442\u0438\u0447\u0435\u0441\u043a\u0430\u044f \u0441\u0442\u0430\u043b\u044c<\/td>\n<\/tr>\n<tr>\n<td>\u0443\u043f\u043b\u043e\u0442\u043d\u0435\u043d\u0438\u0435<\/td>\n<td>\u041d\u0438\u0442\u0440\u0438\u043b\u043e\u0432\u043e\u0435 \u0443\u043f\u043b\u043e\u0442\u043d\u0438\u0442\u0435\u043b\u044c\u043d\u043e\u0435 \u043a\u043e\u043b\u044c\u0446\u043e (NBR)<\/td>\n<\/tr>\n<tr>\n<td>\u0420\u0430\u0431\u043e\u0447\u0430\u044f \u0442\u0435\u043c\u043f\u0435\u0440\u0430\u0442\u0443\u0440\u0430<\/td>\n<td>\u043e\u0442 -30 \u00b0\u0421 \u0434\u043e +110 \u00b0\u0421<\/td>\n<\/tr>\n<tr>\n<td>\u041f\u043e\u043a\u0440\u044b\u0442\u0438\u0435<\/td>\n<td>\u041e\u0446\u0438\u043d\u043a\u043e\u0432\u0430\u043d\u043d\u044b\u0439 (\u043f\u0430\u0441\u0441\u0438\u0432\u0430\u0446\u0438\u044f \u0445\u0440\u043e\u043c III)<\/td>\n<\/tr>\n<tr>\n<td>\u0422\u0435\u0440\u043c\u0438\u0447\u0435\u0441\u043a\u0430\u044f \u043e\u0431\u0440\u0430\u0431\u043e\u0442\u043a\u0430<\/td>\n<td>\u043f\u043e \u043a\u0440\u0430\u044f\u043c<\/td>\n<\/tr>\n<tr>\n<td>\u0412\u0435\u0441\u043d\u0430<\/td>\n<td>\u0425\u0440\u043e\u043c \u041d\u0438\u043a\u0435\u043b\u044c<\/td>\n<\/tr>\n<tr>\n<td>\u0421\u0438\u0441\u0442\u0435\u043c\u0430 \u043a\u0440\u0435\u043f\u043b\u0435\u043d\u0438\u044f<\/td>\n<td>\u041a\u043e\u043d\u0447\u0438\u043a \u0432\u044b\u0434\u0432\u0438\u043d\u0443\u0442 \u0432\u043f\u0435\u0440\u0435\u0434 (\u043e\u0434\u043d\u0430 \u0440\u0443\u043a\u0430)<\/td>\n<\/tr>\n<tr>\n<td>\u0421\u0438\u0441\u0442\u0435\u043c\u0430 \u044d\u043a\u0441\u0442\u0440\u0430\u043a\u0446\u0438\u0438<\/td>\n<td>\u041a\u043e\u043b\u044c\u0446\u043e \u0432\u0442\u044f\u043d\u0443\u0442\u043e (\u043e\u0434\u043d\u0430 \u0440\u0443\u043a\u0430)<\/td>\n<\/tr>\n<tr>\n<td>\u0412\u043e\u0437\u043c\u043e\u0436\u043d\u043e\u0441\u0442\u044c \u0443\u0441\u0442\u0430\u043d\u043e\u0432\u043a\u0438 \u043f\u043e\u0434 \u0434\u0430\u0432\u043b\u0435\u043d\u0438\u0435\u043c<\/td>\n<td>\u043c\u043e\u0436\u043d\u043e \u0441\u0434\u0435\u043b\u0430\u0442\u044c<\/td>\n<\/tr>\n<tr>\n<td>\u0421\u044a\u0435\u043c\u043d\u044b\u0439 \u043f\u043e\u0434 \u0434\u0430\u0432\u043b\u0435\u043d\u0438\u0435\u043c<\/td>\n<td>\u043c\u043e\u0436\u043d\u043e \u0441\u0434\u0435\u043b\u0430\u0442\u044c<\/td>\n<\/tr>\n<tr>\n<td>\u0412 \u043e\u0441\u043e\u0431\u044b\u0445 \u0441\u043b\u0443\u0447\u0430\u044f\u0445<\/td>\n<td>\u0412\u0418\u0422\u041e\u041d<\/td>\n<\/tr>\n<tr>\n<td>\u041e\u0431\u043b\u0430\u0441\u0442\u0438 \u0438\u0441\u043f\u043e\u043b\u044c\u0437\u043e\u0432\u0430\u043d\u0438\u044f<\/td>\n<td>\u041b\u0438\u043d\u0438\u0438 \u0441\u0436\u0430\u0442\u043e\u0433\u043e \u0432\u043e\u0437\u0434\u0443\u0445\u0430 \u0432\u043e \u0432\u0441\u0435\u0445 \u043e\u0442\u0440\u0430\u0441\u043b\u044f\u0445 \u043f\u0440\u043e\u043c\u044b\u0448\u043b\u0435\u043d\u043d\u043e\u0441\u0442\u0438<\/td>\n<\/tr>\n<\/tbody>\n<\/table>\n<div class=\"video video-fit mb\" style=\"padding-top:56.25%;\"><p><iframe loading=\"lazy\" title=\"\u0412\u043e\u0437\u0434\u0443\u0448\u043d\u044b\u0435 \u0434\u043e\u043c\u043a\u0440\u0430\u0442\u044b\" width=\"1020\" height=\"574\" src=\"https:\/\/www.youtube.com\/embed\/YFDzAoEaZfM?feature=oembed\" frameborder=\"0\" allow=\"accelerometer; autoplay; clipboard-write; encrypted-media; gyroscope; picture-in-picture; web-share\" referrerpolicy=\"strict-origin-when-cross-origin\" allowfullscreen><\/iframe><\/p>\n<\/div>","protected":false},"excerpt":{"rendered":"<p>Hava Jak \u00c7e\u015fitleri (Erkek-Di\u015fi,G\u00f6vde-U\u00e7) PN25 Serisi Pn\u00f6matik Otomatik Rekorlar bas\u0131n\u00e7 alt\u0131nda tek elle s\u00f6k\u00fcl\u00fcp tak\u0131labilme \u00f6zelli\u011fine sahiptir. PN25 serisinde yaylar krom nikeldir.\u00a0 Pn25 Serisi Pn\u00f6matik Otomatik Rekorlar, sa\u011flam ve dayan\u0131kl\u0131 yap\u0131lar\u0131, y\u00fcksek hava ak\u0131m kapasiteleri ve kullan\u0131m kolayl\u0131\u011f\u0131 sayesinde t\u00fcm sanayide bas\u0131n\u00e7l\u0131 hava hatlar\u0131nda g\u00fcvenle kullan\u0131lmaktad\u0131r. Uyumluluk Rectus 26 (Avrupa Standard\u0131) Malzeme Otomat \u00c7eli\u011fi S\u0131zd\u0131rmazl\u0131k [&#8230;]\n","protected":false},"featured_media":7243,"comment_status":"open","ping_status":"closed","template":"","meta":[],"product_brand":[],"product_cat":[91],"product_tag":[1130,1128,1129,257,292,2266,2267,1132,1131,1133],"class_list":{"0":"post-875","1":"product","2":"type-product","3":"status-publish","4":"has-post-thumbnail","6":"product_cat-hidrolik-baglanti-elemanlari","7":"product_tag-1-2","8":"product_tag-1-4","9":"product_tag-3-8","10":"product_tag-disi","11":"product_tag-erkek","12":"product_tag-hava-jak","13":"product_tag-hava-jaki","14":"product_tag-hortum-uclu","15":"product_tag-jak","16":"product_tag-jak-cesitleri","18":"first","19":"instock","20":"taxable","21":"shipping-taxable","22":"product-type-variable"},"jetpack-related-posts":[{"id":7222,"url":"https:\/\/tuzlahortum.com.tr\/ru\/product\/hava-jak-cesitleri-hortumgovde-uc\/","url_meta":{"origin":875,"position":0},"title":"\u0422\u0438\u043f\u044b \u0432\u043e\u0437\u0434\u0443\u0448\u043d\u044b\u0445 \u0440\u0430\u0437\u044a\u0435\u043c\u043e\u0432 (\u0448\u043b\u0430\u043d\u0433, \u043a\u043e\u043d\u0435\u0446 \u043a\u043e\u0440\u043f\u0443\u0441\u0430)","author":"\u0130smail \u00c7elik","date":"8 \u043c\u0430\u0440\u0442\u0430 2019","format":false,"excerpt":"Hava Jak \u00c7e\u015fitleri (Hortum,G\u00f6vde-U\u00e7)PN25 Serisi Pn\u00f6matik Otomatik Rekorlar bas\u0131n\u00e7 alt\u0131nda tek elle s\u00f6k\u00fcl\u00fcp tak\u0131labilme \u00f6zelli\u011fine sahiptir. PN25 serisinde yaylar krom nikeldir.\u00a0 Pn25 Serisi Pn\u00f6matik Otomatik Rekorlar, sa\u011flam ve dayan\u0131kl\u0131 yap\u0131lar\u0131, y\u00fcksek hava ak\u0131m kapasiteleri ve kullan\u0131m kolayl\u0131\u011f\u0131 sayesinde t\u00fcm sanayide bas\u0131n\u00e7l\u0131 hava hatlar\u0131nda g\u00fcvenle kullan\u0131lmaktad\u0131r. Uyumluluk Rectus 26 (Avrupa Standard\u0131)\u2026","rel":"","context":"\u041f\u043e\u0445\u043e\u0436\u0430\u044f \u0437\u0430\u043f\u0438\u0441\u044c","block_context":{"text":"\u041f\u043e\u0445\u043e\u0436\u0430\u044f \u0437\u0430\u043f\u0438\u0441\u044c","link":""},"img":{"alt_text":"","src":"https:\/\/i0.wp.com\/tuzlahortum.com.tr\/wp-content\/uploads\/2019\/03\/hava-jak-%C3%A7e%C5%9Fitleri.jpg?fit=502%2C570&ssl=1&resize=350%2C200","width":350,"height":200},"classes":[]},{"id":669,"url":"https:\/\/tuzlahortum.com.tr\/ru\/product\/hidrolik-bilya-gobekli-otomatik-rekor\/","url_meta":{"origin":875,"position":1},"title":"\u0410\u0432\u0442\u043e\u043c\u0430\u0442\u0438\u0447\u0435\u0441\u043a\u043e\u0435 \u0441\u043e\u0435\u0434\u0438\u043d\u0435\u043d\u0438\u0435 \u0441 \u0433\u0438\u0434\u0440\u0430\u0432\u043b\u0438\u0447\u0435\u0441\u043a\u043e\u0439 \u0448\u0430\u0440\u043e\u0432\u043e\u0439 \u0441\u0442\u0443\u043f\u0438\u0446\u0435\u0439","author":"admin","date":"6 \u0444\u0435\u0432\u0440\u0430\u043b\u044f 2019","format":false,"excerpt":"Hidrolik Bilya G\u00f6bekli Otomatik RekorBT Serisi Hidrolik Bilya G\u00f6bekli Otomatik Rekorlar pek\u00e7ok end\u00fcstriyel alanda hidrolik \u00e7abuk ba\u011flant\u0131 eleman\u0131 olarak kullan\u0131lmaktad\u0131rlar.\u00a0BT Serisi'nde erkek u\u00e7lar \u0131s\u0131l i\u015flem uygulanarak sertle\u015ftirilmi\u015ftir.Valf SistemiBilyal\u0131Malzeme\u00a0Otomat \u00c7eli\u011fiVida \u00d6l\u00e7\u00fcs\u00fc\u00a0BSP (\u0130ste\u011fe Ba\u011fl\u0131: NPT, Metrik)S\u0131zd\u0131rmazl\u0131k\u00a0Nitril O-ring (NBR)\u00c7al\u0131\u015fma S\u0131cakl\u0131\u011f\u0131\u00a0-30 \u00b0C ile +110 \u00b0CKaplama\u00a0Galvaniz (Chrome III pasivasyon)Is\u0131l \u0130\u015flemOtomatik Erkek RekorTakma SistemiY\u00fcz\u00fck geri \u00e7ekilerek\u00c7\u0131karma\u2026","rel":"","context":"\u041f\u043e\u0445\u043e\u0436\u0430\u044f \u0437\u0430\u043f\u0438\u0441\u044c","block_context":{"text":"\u041f\u043e\u0445\u043e\u0436\u0430\u044f \u0437\u0430\u043f\u0438\u0441\u044c","link":""},"img":{"alt_text":"","src":"https:\/\/i0.wp.com\/tuzlahortum.com.tr\/wp-content\/uploads\/2019\/02\/Hidrolik-Bilya-G%C3%B6bekli-Otomatik-Rekor.jpg?fit=400%2C400&ssl=1&resize=350%2C200","width":350,"height":200},"classes":[]},{"id":874,"url":"https:\/\/tuzlahortum.com.tr\/ru\/product\/hidrolik-otomatik-rekor\/","url_meta":{"origin":875,"position":2},"title":"\u0413\u0438\u0434\u0440\u0430\u0432\u043b\u0438\u0447\u0435\u0441\u043a\u0438\u0439 \u0430\u0432\u0442\u043e\u043c\u0430\u0442\u0438\u0447\u0435\u0441\u043a\u0438\u0439 \u0448\u0430\u0440\u043d\u0438\u0440","author":"admin","date":"6 \u0444\u0435\u0432\u0440\u0430\u043b\u044f 2019","format":false,"excerpt":"Hidrolik Otomatik RekorQC Serisi Hidrolik Otomatik Rekorlar pek \u00e7ok tar\u0131msal ve end\u00fcstriyel alanda hidrolik \u00e7abuk\u00a0ba\u011flant\u0131 eleman\u0131 olarak kullan\u0131lmaktad\u0131rlar.QC Serisi'nde erkek u\u00e7lar \u0131s\u0131l i\u015flem uygulanarak sertle\u015ftirilmi\u015ftir.UyumlulukISO 7241-AValf SistemiPimliMalzemeOtomat \u00c7eli\u011fiVida \u00d6l\u00e7\u00fcs\u00fcBSP (\u0130ste\u011fe Ba\u011fl\u0131: Metrik)S\u0131zd\u0131rmazl\u0131kNitril O-ring (NBR)\u00c7al\u0131\u015fma S\u0131cakl\u0131\u011f\u0131-30 \u00b0C ile +110 \u00b0CKaplamaGalvaniz (Chrome III pasivasyon)Is\u0131l \u0130\u015flemOtomatik Erkek RekorTakma SistemiY\u00fcz\u00fck geri \u00e7ekilerek\u00c7\u0131karma SistemiY\u00fcz\u00fck geri\u2026","rel":"","context":"\u041f\u043e\u0445\u043e\u0436\u0430\u044f \u0437\u0430\u043f\u0438\u0441\u044c","block_context":{"text":"\u041f\u043e\u0445\u043e\u0436\u0430\u044f \u0437\u0430\u043f\u0438\u0441\u044c","link":""},"img":{"alt_text":"","src":"https:\/\/i0.wp.com\/tuzlahortum.com.tr\/wp-content\/uploads\/2019\/02\/Hidrolik-Otomatik-Rekor.jpg?fit=400%2C400&ssl=1&resize=350%2C200","width":350,"height":200},"classes":[]},{"id":672,"url":"https:\/\/tuzlahortum.com.tr\/ru\/product\/paslanmaz-hidrolik-otomatik-rekor\/","url_meta":{"origin":875,"position":3},"title":"\u041d\u0435\u0440\u0436\u0430\u0432\u0435\u044e\u0449\u0438\u0439 \u0433\u0438\u0434\u0440\u0430\u0432\u043b\u0438\u0447\u0435\u0441\u043a\u0438\u0439 \u0430\u0432\u0442\u043e\u043c\u0430\u0442\u0438\u0447\u0435\u0441\u043a\u0438\u0439 \u0441\u043e\u044e\u0437","author":"admin","date":"6 \u0444\u0435\u0432\u0440\u0430\u043b\u044f 2019","format":false,"excerpt":"Paslanmaz Hidrolik Otomatik RekorKomple olarak AISI 316-L kalite paslanmaz \u00e7elikten imal edilen QCSS Serisi Otomatik Rekorlar her t\u00fcrl\u00fc kimyasal ve korozyona kar\u015f\u0131 m\u00fckemmel dirence sahiptir.Standart olarak V\u0130TON s\u0131zd\u0131rmazl\u0131k kullan\u0131lan QCSS serisinde y\u00fcksek \u0131s\u0131ya dayan\u0131kl\u0131 \u00f6zel yaylar kullan\u0131lmaktad\u0131r.\u00a0UyumlulukISO 7241-AValf SistemiPimliMalzeme\u00a0316-L kalite paslanmaz \u00e7elikVida \u00d6l\u00e7\u00fcs\u00fc\u00a0BSP (\u0130ste\u011fe Ba\u011fl\u0131: NPT, Metrik)S\u0131zd\u0131rmazl\u0131k\u00a0V\u0130TON\u00c7al\u0131\u015fma S\u0131cakl\u0131\u011f\u0131\u00a0-30 \u00b0C ile\u2026","rel":"","context":"\u041f\u043e\u0445\u043e\u0436\u0430\u044f \u0437\u0430\u043f\u0438\u0441\u044c","block_context":{"text":"\u041f\u043e\u0445\u043e\u0436\u0430\u044f \u0437\u0430\u043f\u0438\u0441\u044c","link":""},"img":{"alt_text":"","src":"https:\/\/i0.wp.com\/tuzlahortum.com.tr\/wp-content\/uploads\/2019\/02\/Paslanmaz-Hidrolik-Otomatik-Rekor.jpg?fit=400%2C400&ssl=1&resize=350%2C200","width":350,"height":200},"classes":[]},{"id":13235,"url":"https:\/\/tuzlahortum.com.tr\/ru\/product\/flow-eko-jak-1-2-3-4-disi-uc\/","url_meta":{"origin":875,"position":4},"title":"\u0420\u0410\u0417\u042a\u0415\u041c FLOW ECO 1\/2 \u2013 3\/4 \u0412\u041d\u0423\u0422\u0420\u0415\u041d\u041d\u0418\u0419 \u041a\u041e\u041d\u0415\u0426","author":"admin","date":"28 \u043c\u0430\u0440\u0442\u0430 2024","format":false,"excerpt":"FLOW EKO JAK 1\/2 - 3\/4 D\u0130\u015e\u0130 U\u00c7 FLOW EKO JAK - 1\/2\" - 3\/4\" Di\u015fi U\u00e7, bah\u00e7e sulama sistemlerindeki uyumluluk sorunlar\u0131n\u0131 gidermek ve daha etkili bir sulama deneyimi sunmak i\u00e7in tasarlanm\u0131\u015ft\u0131r. \u00d6zellikler: Evrensel Uyumluluk: Bu di\u015fi u\u00e7, \u00e7o\u011fu standart bah\u00e7e sulama ekipman\u0131yla uyumlu olarak tasarlanm\u0131\u015ft\u0131r. Farkl\u0131 \u00e7aplardaki hortumlar\u0131 ve\u2026","rel":"","context":"\u041f\u043e\u0445\u043e\u0436\u0430\u044f \u0437\u0430\u043f\u0438\u0441\u044c","block_context":{"text":"\u041f\u043e\u0445\u043e\u0436\u0430\u044f \u0437\u0430\u043f\u0438\u0441\u044c","link":""},"img":{"alt_text":"","src":"https:\/\/i0.wp.com\/tuzlahortum.com.tr\/wp-content\/uploads\/2024\/03\/jak_eko_disi_uc_1.jpg?fit=800%2C800&ssl=1&resize=350%2C200","width":350,"height":200,"srcset":"https:\/\/i0.wp.com\/tuzlahortum.com.tr\/wp-content\/uploads\/2024\/03\/jak_eko_disi_uc_1.jpg?fit=800%2C800&ssl=1&resize=350%2C200 1x, https:\/\/i0.wp.com\/tuzlahortum.com.tr\/wp-content\/uploads\/2024\/03\/jak_eko_disi_uc_1.jpg?fit=800%2C800&ssl=1&resize=525%2C300 1.5x, https:\/\/i0.wp.com\/tuzlahortum.com.tr\/wp-content\/uploads\/2024\/03\/jak_eko_disi_uc_1.jpg?fit=800%2C800&ssl=1&resize=700%2C400 2x"},"classes":[]},{"id":789,"url":"https:\/\/tuzlahortum.com.tr\/ru\/product\/kuresel-vana-pn25-tse\/","url_meta":{"origin":875,"position":5},"title":"\u0428\u0430\u0440\u043e\u0432\u043e\u0439 \u043a\u0440\u0430\u043d PN25 TSE","author":"admin","date":"6 \u0444\u0435\u0432\u0440\u0430\u043b\u044f 2019","format":false,"excerpt":"K\u00fcresel Vana PN25 TSETS CEN\/TS 13547 T\u00fcrk Standartlar\u0131 Enstit\u00fcs\u00fc Onay\u0131.ISO 9001 Kalite Sistem Sertfikas\u0131.Maksimum ak\u0131\u015fkanl\u0131k i\u00e7in tam ge\u00e7i\u015f.Daha uzun \u00f6m\u00fcr i\u00e7in kurum kaplama k\u00fcre.ISO 228 Di\u015fi X Di\u015fi ba\u011flant\u0131.Kol \u00fczerinde A\u00e7\u0131k-Kapal\u0131 i\u015fareti.Maksimum g\u00fcvenlik i\u00e7in PTFE conta ve EPDM O-ring.Kal\u0131n PVC kapl\u0131 \u00e7elik kol.End\u00fcstriyel, Tesisat ve sulama sistemlerinde kullan\u0131lmak \u00fczere geni\u015f\u2026","rel":"","context":"\u041f\u043e\u0445\u043e\u0436\u0430\u044f \u0437\u0430\u043f\u0438\u0441\u044c","block_context":{"text":"\u041f\u043e\u0445\u043e\u0436\u0430\u044f \u0437\u0430\u043f\u0438\u0441\u044c","link":""},"img":{"alt_text":"","src":"https:\/\/i0.wp.com\/tuzlahortum.com.tr\/wp-content\/uploads\/2019\/02\/K%C3%BCresel-Vana-PN16-PN25-PN40-TSE.jpg?fit=520%2C350&ssl=1&resize=350%2C200","width":350,"height":200},"classes":[]}],"jetpack_sharing_enabled":true,"jetpack_likes_enabled":true,"_links":{"self":[{"href":"https:\/\/tuzlahortum.com.tr\/ru\/wp-json\/wp\/v2\/product\/875","targetHints":{"allow":["GET"]}}],"collection":[{"href":"https:\/\/tuzlahortum.com.tr\/ru\/wp-json\/wp\/v2\/product"}],"about":[{"href":"https:\/\/tuzlahortum.com.tr\/ru\/wp-json\/wp\/v2\/types\/product"}],"replies":[{"embeddable":true,"href":"https:\/\/tuzlahortum.com.tr\/ru\/wp-json\/wp\/v2\/comments?post=875"}],"wp:featuredmedia":[{"embeddable":true,"href":"https:\/\/tuzlahortum.com.tr\/ru\/wp-json\/wp\/v2\/media\/7243"}],"wp:attachment":[{"href":"https:\/\/tuzlahortum.com.tr\/ru\/wp-json\/wp\/v2\/media?parent=875"}],"wp:term":[{"taxonomy":"product_brand","embeddable":true,"href":"https:\/\/tuzlahortum.com.tr\/ru\/wp-json\/wp\/v2\/product_brand?post=875"},{"taxonomy":"product_cat","embeddable":true,"href":"https:\/\/tuzlahortum.com.tr\/ru\/wp-json\/wp\/v2\/product_cat?post=875"},{"taxonomy":"product_tag","embeddable":true,"href":"https:\/\/tuzlahortum.com.tr\/ru\/wp-json\/wp\/v2\/product_tag?post=875"}],"curies":[{"name":"wp","href":"https:\/\/api.w.org\/{rel}","templated":true}]}}