{"id":8740,"date":"2019-03-26T12:36:22","date_gmt":"2019-03-26T09:36:22","guid":{"rendered":"https:\/\/tuzlahortum.com.tr\/?post_type=product&#038;p=8740"},"modified":"2024-03-21T17:38:45","modified_gmt":"2024-03-21T14:38:45","slug":"trellflex-oil-10-gg","status":"publish","type":"product","link":"https:\/\/tuzlahortum.com.tr\/ru\/product\/trellflex-oil-10-gg\/","title":{"rendered":"\u0422\u0420\u0415\u041b\u041b\u0424\u041b\u0415\u041a\u0421 \u041c\u0410\u0421\u041b\u041e 10GG"},"content":{"rendered":"<h2>\u0422\u0420\u0415\u041b\u041b\u0424\u041b\u0415\u041a\u0421 \u041c\u0410\u0421\u041b\u041e 10GG<\/h2>\n<p>\u041a\u043e\u043c\u043f\u043e\u0437\u0438\u0442\u043d\u044b\u0435 \u0448\u043b\u0430\u043d\u0433\u0438\/\u041d\u0435\u0444\u0442\u044c \u0438 \u043d\u0435\u0444\u0442\u0435\u043f\u0440\u043e\u0434\u0443\u043a\u0442\u044b<br \/>\nAromatik i\u00e7eri\u011fi %50&#8217;ye kadar olan hafif veya a\u011f\u0131r petrol \u00fcr\u00fcnleri ve t\u00fcrevlerinin \u00e7ekilmesi ve<br \/>\n\u044d\u0432\u0430\u043a\u0443\u0430\u0446\u0438\u044f.<br \/>\n\u0410\u0432\u0442\u043e\u043c\u043e\u0431\u0438\u043b\u044c\u043d\u044b\u0439 \u0438\u043b\u0438 \u0436\u0435\u043b\u0435\u0437\u043d\u043e\u0434\u043e\u0440\u043e\u0436\u043d\u044b\u0439 \u0442\u0440\u0430\u043d\u0441\u043f\u043e\u0440\u0442 \u0438\u043b\u0438 \u0441\u0442\u0430\u0446\u0438\u043e\u043d\u0430\u0440\u043d\u043e\u0435 \u043e\u0431\u043e\u0440\u0443\u0434\u043e\u0432\u0430\u043d\u0438\u0435.<br \/>\n\u041f\u0440\u0435\u0438\u043c\u0443\u0449\u0435\u0441\u0442\u0432\u0430<br \/>\n\u0422\u0440\u0430\u043d\u0441\u043f\u043e\u0440\u0442\u0438\u0440\u043e\u0432\u0430\u0442\u044c \u043c\u043e\u0436\u043d\u043e \u043a\u0430\u043a \u0447\u0435\u0440\u043d\u043e\u0435, \u0442\u0430\u043a \u0438 \u0431\u0435\u043b\u043e\u0435 \u043c\u0430\u0441\u043b\u043e.<br \/>\n\u041c\u0430\u043b\u044b\u0439 \u0440\u0430\u0434\u0438\u0443\u0441 \u0438\u0437\u0433\u0438\u0431\u0430.<br \/>\n\u0422\u0435\u0445\u043d\u0438\u0447\u0435\u0441\u043a\u043e\u0435 \u043e\u043f\u0438\u0441\u0430\u043d\u0438\u0435<br \/>\n\u0412\u043d\u0443\u0442\u0440\u0435\u043d\u043d\u044f\u044f \u043f\u0440\u0443\u0436\u0438\u043d\u0430: \u043e\u0446\u0438\u043d\u043a\u043e\u0432\u0430\u043d\u043d\u0430\u044f \u0441\u0442\u0430\u043b\u044c.<br \/>\n\u0412\u043d\u0443\u0442\u0440\u0435\u043d\u043d\u044f\u044f \u0442\u0440\u0443\u0431\u043a\u0430: \u043f\u043e\u043b\u0438\u043f\u0440\u043e\u043f\u0438\u043b\u0435\u043d\u043e\u0432\u0430\u044f \u043f\u043b\u0435\u043d\u043a\u0430.<br \/>\n\u0410\u0440\u043c\u0438\u0440\u043e\u0432\u0430\u043d\u0438\u0435: \u0441\u043b\u043e\u0438 \u043f\u043e\u043b\u0438\u043f\u0440\u043e\u043f\u0438\u043b\u0435\u043d\u0430.<br \/>\n\u041f\u043e\u043a\u0440\u044b\u0442\u0438\u0435: \u0442\u043a\u0430\u043d\u044c \u0441 \u041f\u0412\u0425 \u043f\u043e\u043a\u0440\u044b\u0442\u0438\u0435\u043c, \u0447\u0435\u0440\u043d\u0430\u044f, \u0433\u043e\u0444\u0440\u0438\u0440\u043e\u0432\u0430\u043d\u043d\u0430\u044f.<br \/>\n\u0412\u043d\u0435\u0448\u043d\u044f\u044f \u043f\u0440\u0443\u0436\u0438\u043d\u0430: \u043e\u0446\u0438\u043d\u043a\u043e\u0432\u0430\u043d\u043d\u0430\u044f \u0441\u0442\u0430\u043b\u044c.<br \/>\n\u0414\u0438\u0430\u043f\u0430\u0437\u043e\u043d \u0442\u0435\u043c\u043f\u0435\u0440\u0430\u0442\u0443\u0440: \u043e\u0442 -30\u00b0C \u0434\u043e +100\u00b0C.<br \/>\n\u042d\u043b\u0435\u043a\u0442\u0440\u0438\u0447\u0435\u0441\u043a\u0438\u0435 \u0441\u0432\u043e\u0439\u0441\u0442\u0432\u0430: \u22641,0 \u041e\u043c\/\u043c.<br \/>\n\u0421\u0442\u0430\u043d\u0434\u0430\u0440\u0442\/\u041e\u0434\u043e\u0431\u0440\u0435\u043d\u0438\u0435:<br \/>\nEN 13765 \u0438 \u0414\u041e\u041f\u041e\u0413.<br \/>\n\u0421\u0430\u043b\u044c\u043d\u0438\u043a\u0438\/\u0444\u0438\u0442\u0438\u043d\u0433\u0438<br \/>\n\u0412\u0441\u0435 \u0442\u0438\u043f\u044b \u043f\u0440\u0435\u0441\u0441-\u0444\u0438\u0442\u0438\u043d\u0433\u043e\u0432:<br \/>\n\u2013 Guillemin (\u0430\u043b\u044e\u043c\u0438\u043d\u0438\u0439, \u0448\u0430\u0440\u0438\u043a\u043e\u0432\u044b\u0439 \u0441\u043f\u043b\u0430\u0432, \u043d\u0435\u0440\u0436\u0430\u0432\u0435\u044e\u0449\u0430\u044f \u0441\u0442\u0430\u043b\u044c);<br \/>\n\u2013 \u0440\u0435\u0437\u044c\u0431\u043e\u0432\u044b\u0435, \u043d\u0430\u0440\u0443\u0436\u043d\u0430\u044f \u0438 \u0432\u043d\u0443\u0442\u0440\u0435\u043d\u043d\u044f\u044f;<br \/>\n\u2013 \u041b\u0435\u0433\u043a\u043e \u043c\u043e\u043d\u0442\u0438\u0440\u0443\u0435\u043c\u044b\u0435 \u0441\u043e\u0435\u0434\u0438\u043d\u0438\u0442\u0435\u043b\u044c\u043d\u044b\u0435 \u0434\u0435\u0442\u0430\u043b\u0438 \u0441 \u043a\u0443\u043b\u0430\u0447\u043a\u043e\u0432\u044b\u043c \u043c\u0435\u0445\u0430\u043d\u0438\u0437\u043c\u043e\u043c (\u0442\u0438\u043f\u0430 \u041a\u0430\u043c\u043b\u043e\u043a).<br \/>\n\u0424\u0438\u043a\u0441\u0438\u0440\u043e\u0432\u0430\u043d\u043d\u044b\u0439 \u0438\u043b\u0438 \u0432\u0440\u0430\u0449\u0430\u044e\u0449\u0438\u0439\u0441\u044f \u0444\u043b\u0430\u043d\u0435\u0446 ISO PN10\/16, PN20 (ASA150).<\/p>\n<p><img data-recalc-dims=\"1\" loading=\"lazy\" decoding=\"async\" class=\"alignnone size-full wp-image-8751\" src=\"https:\/\/i0.wp.com\/tuzlahortum.com.tr\/wp-content\/uploads\/2019\/03\/TRELLFLEX-OIL-10-GG.jpg?resize=897%2C122&#038;ssl=1\" alt=\"\" width=\"897\" height=\"122\" title=\"\" srcset=\"https:\/\/i0.wp.com\/tuzlahortum.com.tr\/wp-content\/uploads\/2019\/03\/TRELLFLEX-OIL-10-GG.jpg?w=897&amp;ssl=1 897w, https:\/\/i0.wp.com\/tuzlahortum.com.tr\/wp-content\/uploads\/2019\/03\/TRELLFLEX-OIL-10-GG.jpg?resize=800%2C109&amp;ssl=1 800w, https:\/\/i0.wp.com\/tuzlahortum.com.tr\/wp-content\/uploads\/2019\/03\/TRELLFLEX-OIL-10-GG.jpg?resize=768%2C104&amp;ssl=1 768w, https:\/\/i0.wp.com\/tuzlahortum.com.tr\/wp-content\/uploads\/2019\/03\/TRELLFLEX-OIL-10-GG.jpg?resize=600%2C82&amp;ssl=1 600w\" sizes=\"auto, (max-width: 897px) 100vw, 897px\" \/><\/p>\n<div class=\"video video-fit mb\" style=\"padding-top:56.25%;\"><p><iframe loading=\"lazy\" title=\"\u041f\u0443\u0442\u0430\u043d\u0438\u0446\u0430 \u0432 \u0438\u0437\u043c\u0435\u0440\u0435\u043d\u0438\u044f\u0445 (\u0434\u044e\u0439\u043c\u044b, \u043f\u0430\u043b\u044c\u0446\u044b, \u0434\u044b\u043c\u043a\u0430, \u043c\u0438\u043b\u043b\u0438\u043c\u0435\u0442\u0440\u044b)\" width=\"1020\" height=\"574\" src=\"https:\/\/www.youtube.com\/embed\/uKk6AG_AZls?feature=oembed\" frameborder=\"0\" allow=\"accelerometer; autoplay; clipboard-write; encrypted-media; gyroscope; picture-in-picture; web-share\" referrerpolicy=\"strict-origin-when-cross-origin\" allowfullscreen><\/iframe><\/p>\n<\/div>\n<div class=\"video video-fit mb\" style=\"padding-top:56.25%;\"><p>https:\/\/www.youtube.com\/watch?v=O8ZlzKEjfEQ%20<\/p>\n<\/div>","protected":false},"excerpt":{"rendered":"<p>TRELLFLEX OIL 10 GG Kompozit hortumlar\/Ya\u011f ve petrol Aromatik i\u00e7eri\u011fi %50&#8217;ye kadar olan hafif veya a\u011f\u0131r petrol \u00fcr\u00fcnleri ve t\u00fcrevlerinin \u00e7ekilmesi ve tahliyesi. Karayolu veya demiryol ta\u015f\u0131tlar\u0131 veya sabit donan\u0131mlar. Avantajlar Hem siyah hem de beyaz ya\u011f ta\u015f\u0131nabilir. D\u00fc\u015f\u00fck k\u0131vr\u0131lma yar\u0131\u00e7ap\u0131. Teknik a\u00e7\u0131klama \u0130\u00e7 yay: galvanize \u00e7elik \u0130\u00e7 t\u00fcp : polipropilen film. Takviye : polipropilen [&#8230;]\n","protected":false},"featured_media":8946,"comment_status":"open","ping_status":"closed","template":"","meta":{"jetpack_post_was_ever_published":false},"product_brand":[],"product_cat":[2208],"product_tag":[2222,290,2221,904,905,732,343,548],"class_list":{"0":"post-8740","1":"product","2":"type-product","3":"status-publish","4":"has-post-thumbnail","6":"product_cat-kompozit-hortumlar-akaryakit","7":"product_tag-demiryolu","8":"product_tag-hortum","9":"product_tag-karayolu","10":"product_tag-kompozit","11":"product_tag-kompozit-hortum","12":"product_tag-petrol","13":"product_tag-tahliye","14":"product_tag-yag","16":"first","17":"instock","18":"taxable","19":"shipping-taxable","20":"product-type-variable"},"jetpack-related-posts":[{"id":8750,"url":"https:\/\/tuzlahortum.com.tr\/ru\/product\/trellflex-oil-14-gg\/","url_meta":{"origin":8740,"position":0},"title":"\u0422\u0420\u0415\u041b\u041b\u0424\u041b\u0415\u041a\u0421 \u041c\u0410\u0421\u041b\u041e 14GG","author":"\u0130smail \u00c7elik","date":"26 \u043c\u0430\u0440\u0442\u0430 2019","format":false,"excerpt":"TRELLFLEX OIL 14 GGKompozit hortumlar\/Ya\u011f ve petrol Aromatik i\u00e7eri\u011fi %50'ye kadar olan hafif veya a\u011f\u0131r petrol \u00fcr\u00fcnleri ve t\u00fcrevlerinin \u00e7ekilmesi ve tahliyesi. Karayolu veya demiryolu ta\u015f\u0131tlar\u0131 veya sabit donan\u0131mlar. Avantajlar Hem siyah hem de beyaz ya\u011f ta\u015f\u0131nabilir. D\u00fc\u015f\u00fck k\u0131vr\u0131lma yar\u0131\u00e7ap\u0131. Teknik a\u00e7\u0131klama \u0130\u00e7 yay: galvanize \u00e7elik \u0130\u00e7 t\u00fcp : polipropilen\u2026","rel":"","context":"\u041f\u043e\u0445\u043e\u0436\u0430\u044f \u0437\u0430\u043f\u0438\u0441\u044c","block_context":{"text":"\u041f\u043e\u0445\u043e\u0436\u0430\u044f \u0437\u0430\u043f\u0438\u0441\u044c","link":""},"img":{"alt_text":"","src":"https:\/\/i0.wp.com\/tuzlahortum.com.tr\/wp-content\/uploads\/2019\/03\/trellflex-oil-1.jpg?fit=667%2C604&ssl=1&resize=350%2C200","width":350,"height":200,"srcset":"https:\/\/i0.wp.com\/tuzlahortum.com.tr\/wp-content\/uploads\/2019\/03\/trellflex-oil-1.jpg?fit=667%2C604&ssl=1&resize=350%2C200 1x, https:\/\/i0.wp.com\/tuzlahortum.com.tr\/wp-content\/uploads\/2019\/03\/trellflex-oil-1.jpg?fit=667%2C604&ssl=1&resize=525%2C300 1.5x"},"classes":[]},{"id":8755,"url":"https:\/\/tuzlahortum.com.tr\/ru\/product\/trellflex-oil-vr-gg\/","url_meta":{"origin":8740,"position":1},"title":"TRELLFLEX OIL VR GG","author":"\u0130smail \u00c7elik","date":"26 \u043c\u0430\u0440\u0442\u0430 2019","format":false,"excerpt":"TRELLFLEX OIL VR GGKompozit hortumlar\/Buhar kazan\u0131m\u0131 Hidrokarbon buhar kazan\u0131m\u0131. Avantajlar Hortumun esnekli\u011finden (d\u00fc\u015f\u00fck k\u0131vr\u0131lma yar\u0131\u00e7ap\u0131) dolay\u0131 ta\u015f\u0131mas\u0131 kolayd\u0131r. Ba\u011flant\u0131 par\u00e7alar\u0131na ba\u011flanan iki helis ile elektriksel iletkenlik sa\u011flan\u0131r. Teknik a\u00e7\u0131klama \u0130\u00e7 yay: galvanize \u00e7elik \u0130\u00e7 t\u00fcp : polipropilen. Takviye : polipropilen katmanlar. Kaplama : PVC kapl\u0131 kuma\u015f, sar\u0131, oluklu. D\u0131\u015f yay:\u2026","rel":"","context":"\u041f\u043e\u0445\u043e\u0436\u0430\u044f \u0437\u0430\u043f\u0438\u0441\u044c","block_context":{"text":"\u041f\u043e\u0445\u043e\u0436\u0430\u044f \u0437\u0430\u043f\u0438\u0441\u044c","link":""},"img":{"alt_text":"","src":"https:\/\/i0.wp.com\/tuzlahortum.com.tr\/wp-content\/uploads\/2019\/03\/trellflex-oil-vr-1.jpg?fit=647%2C604&ssl=1&resize=350%2C200","width":350,"height":200,"srcset":"https:\/\/i0.wp.com\/tuzlahortum.com.tr\/wp-content\/uploads\/2019\/03\/trellflex-oil-vr-1.jpg?fit=647%2C604&ssl=1&resize=350%2C200 1x, https:\/\/i0.wp.com\/tuzlahortum.com.tr\/wp-content\/uploads\/2019\/03\/trellflex-oil-vr-1.jpg?fit=647%2C604&ssl=1&resize=525%2C300 1.5x"},"classes":[]},{"id":8808,"url":"https:\/\/tuzlahortum.com.tr\/ru\/product\/trellflex-chem-10-pg\/","url_meta":{"origin":8740,"position":2},"title":"TRELLFLEX CHEM 10 PG","author":"\u0130smail \u00c7elik","date":"26 \u043c\u0430\u0440\u0442\u0430 2019","format":false,"excerpt":"TRELLFLEX CHEM 10 PGKompozit hortumlar\/Kimyasal ve korozif \u00fcr\u00fcnler Aromatik i\u00e7eri\u011fi %100'e kadar olan t\u00fcm petrol \u00fcr\u00fcnleri, agresif ve korozif kimyasallar\u0131n ve kimyasal at\u0131klar\u0131n b\u00fcy\u00fck bir k\u0131sm\u0131n\u0131n \u00e7ekilmesi ve tahliyesi. Karayolu ve demiryolu tankerleri ekipman\u0131 veya kimya end\u00fcstrisindeki sabit sistemler. Avantajlar Hortumun esnekli\u011finden (d\u00fc\u015f\u00fck k\u0131vr\u0131lma yar\u0131\u00e7ap\u0131) dolay\u0131 ta\u015f\u0131mas\u0131 kolayd\u0131r. Geni\u015f bir\u2026","rel":"","context":"\u041f\u043e\u0445\u043e\u0436\u0430\u044f \u0437\u0430\u043f\u0438\u0441\u044c","block_context":{"text":"\u041f\u043e\u0445\u043e\u0436\u0430\u044f \u0437\u0430\u043f\u0438\u0441\u044c","link":""},"img":{"alt_text":"","src":"https:\/\/i0.wp.com\/tuzlahortum.com.tr\/wp-content\/uploads\/2019\/03\/trellflex-chem.jpg?fit=669%2C604&ssl=1&resize=350%2C200","width":350,"height":200,"srcset":"https:\/\/i0.wp.com\/tuzlahortum.com.tr\/wp-content\/uploads\/2019\/03\/trellflex-chem.jpg?fit=669%2C604&ssl=1&resize=350%2C200 1x, https:\/\/i0.wp.com\/tuzlahortum.com.tr\/wp-content\/uploads\/2019\/03\/trellflex-chem.jpg?fit=669%2C604&ssl=1&resize=525%2C300 1.5x"},"classes":[]},{"id":8884,"url":"https:\/\/tuzlahortum.com.tr\/ru\/product\/trellflex-chem-10-ps\/","url_meta":{"origin":8740,"position":3},"title":"TRELLFLEX CHEM 10 \u041f\u0421","author":"\u0130smail \u00c7elik","date":"26 \u043c\u0430\u0440\u0442\u0430 2019","format":false,"excerpt":"TRELLFLEX CHEM 10 PSKompozit hortumlar\/Kimyasal ve korozif \u00fcr\u00fcnler Aromatik i\u00e7eri\u011fi %100'e kadar olan t\u00fcm petrol \u00fcr\u00fcnleri, agresif ve korozif kimyasallar\u0131n ve kimyasal at\u0131klar\u0131n b\u00fcy\u00fck bir k\u0131sm\u0131n\u0131n \u00e7ekilmesi ve tahliyesi. Karayolu ve demiryolu tankerleri ekipman\u0131 veya kimya end\u00fcstrisindeki sabit sistemler. Avantajlar Hortumun esnekli\u011finden (d\u00fc\u015f\u00fck k\u0131vr\u0131lma yar\u0131\u00e7ap\u0131) dolay\u0131 ta\u015f\u0131mas\u0131 kolayd\u0131r. Geni\u015f bir\u2026","rel":"","context":"\u041f\u043e\u0445\u043e\u0436\u0430\u044f \u0437\u0430\u043f\u0438\u0441\u044c","block_context":{"text":"\u041f\u043e\u0445\u043e\u0436\u0430\u044f \u0437\u0430\u043f\u0438\u0441\u044c","link":""},"img":{"alt_text":"","src":"https:\/\/i0.wp.com\/tuzlahortum.com.tr\/wp-content\/uploads\/2019\/03\/trellflex-chem.jpg?fit=669%2C604&ssl=1&resize=350%2C200","width":350,"height":200,"srcset":"https:\/\/i0.wp.com\/tuzlahortum.com.tr\/wp-content\/uploads\/2019\/03\/trellflex-chem.jpg?fit=669%2C604&ssl=1&resize=350%2C200 1x, https:\/\/i0.wp.com\/tuzlahortum.com.tr\/wp-content\/uploads\/2019\/03\/trellflex-chem.jpg?fit=669%2C604&ssl=1&resize=525%2C300 1.5x"},"classes":[]},{"id":8821,"url":"https:\/\/tuzlahortum.com.tr\/ru\/product\/trellflex-chem-14-pg\/","url_meta":{"origin":8740,"position":4},"title":"TRELLFLEX CHEM 14 PG","author":"\u0130smail \u00c7elik","date":"26 \u043c\u0430\u0440\u0442\u0430 2019","format":false,"excerpt":"TRELLFLEX CHEM 14 PGKompozit hortumlar\/Kimyasal ve korozif \u00fcr\u00fcnler Aromatik i\u00e7eri\u011fi %100'e kadar olan t\u00fcm petrol \u00fcr\u00fcnleri, agresif ve korozif kimyasallar\u0131n ve kimyasal at\u0131klar\u0131n b\u00fcy\u00fck bir k\u0131sm\u0131n\u0131n \u00e7ekilmesi ve tahliyesi. Karayolu ve demiryolu tankerleri ekipman\u0131 veya kimya end\u00fcstrisindeki sabit sistemler. Avantajlar Hortumun esnekli\u011finden (d\u00fc\u015f\u00fck k\u0131vr\u0131lma yar\u0131\u00e7ap\u0131) dolay\u0131 ta\u015f\u0131mas\u0131 kolayd\u0131r. Geni\u015f bir\u2026","rel":"","context":"\u041f\u043e\u0445\u043e\u0436\u0430\u044f \u0437\u0430\u043f\u0438\u0441\u044c","block_context":{"text":"\u041f\u043e\u0445\u043e\u0436\u0430\u044f \u0437\u0430\u043f\u0438\u0441\u044c","link":""},"img":{"alt_text":"","src":"https:\/\/i0.wp.com\/tuzlahortum.com.tr\/wp-content\/uploads\/2019\/03\/trellflex-chem.jpg?fit=669%2C604&ssl=1&resize=350%2C200","width":350,"height":200,"srcset":"https:\/\/i0.wp.com\/tuzlahortum.com.tr\/wp-content\/uploads\/2019\/03\/trellflex-chem.jpg?fit=669%2C604&ssl=1&resize=350%2C200 1x, https:\/\/i0.wp.com\/tuzlahortum.com.tr\/wp-content\/uploads\/2019\/03\/trellflex-chem.jpg?fit=669%2C604&ssl=1&resize=525%2C300 1.5x"},"classes":[]},{"id":8820,"url":"https:\/\/tuzlahortum.com.tr\/ru\/product\/trellflex-chem-14-sg\/","url_meta":{"origin":8740,"position":5},"title":"TRELLFLEX CHEM 14 SG","author":"\u0130smail \u00c7elik","date":"26 \u043c\u0430\u0440\u0442\u0430 2019","format":false,"excerpt":"TRELLFLEX CHEM 14 SGKompozit hortumlar\/Kimyasal ve korozif \u00fcr\u00fcnler Aromatik i\u00e7eri\u011fi %100'e kadar olan t\u00fcm petrol \u00fcr\u00fcnleri,agresif ve korozif kimyasallar\u0131n ve kimyasal at\u0131klar\u0131n b\u00fcy\u00fck bir k\u0131sm\u0131n\u0131n \u00e7ekilmesi ve tahliyesi. Karayolu ve demiryolu tankerleri ekipman\u0131 veya kimya end\u00fcstrisindeki sabit sistemler. Avantajlar Hortumun esnekli\u011finden (d\u00fc\u015f\u00fck k\u0131vr\u0131lma yar\u0131\u00e7ap\u0131) dolay\u0131 ta\u015f\u0131mas\u0131 kolayd\u0131r. Geni\u015f bir s\u0131cakl\u0131k\u2026","rel":"","context":"\u041f\u043e\u0445\u043e\u0436\u0430\u044f \u0437\u0430\u043f\u0438\u0441\u044c","block_context":{"text":"\u041f\u043e\u0445\u043e\u0436\u0430\u044f \u0437\u0430\u043f\u0438\u0441\u044c","link":""},"img":{"alt_text":"","src":"https:\/\/i0.wp.com\/tuzlahortum.com.tr\/wp-content\/uploads\/2019\/03\/trellflex-chem.jpg?fit=669%2C604&ssl=1&resize=350%2C200","width":350,"height":200,"srcset":"https:\/\/i0.wp.com\/tuzlahortum.com.tr\/wp-content\/uploads\/2019\/03\/trellflex-chem.jpg?fit=669%2C604&ssl=1&resize=350%2C200 1x, https:\/\/i0.wp.com\/tuzlahortum.com.tr\/wp-content\/uploads\/2019\/03\/trellflex-chem.jpg?fit=669%2C604&ssl=1&resize=525%2C300 1.5x"},"classes":[]}],"jetpack_sharing_enabled":true,"jetpack_likes_enabled":true,"_links":{"self":[{"href":"https:\/\/tuzlahortum.com.tr\/ru\/wp-json\/wp\/v2\/product\/8740","targetHints":{"allow":["GET"]}}],"collection":[{"href":"https:\/\/tuzlahortum.com.tr\/ru\/wp-json\/wp\/v2\/product"}],"about":[{"href":"https:\/\/tuzlahortum.com.tr\/ru\/wp-json\/wp\/v2\/types\/product"}],"replies":[{"embeddable":true,"href":"https:\/\/tuzlahortum.com.tr\/ru\/wp-json\/wp\/v2\/comments?post=8740"}],"wp:featuredmedia":[{"embeddable":true,"href":"https:\/\/tuzlahortum.com.tr\/ru\/wp-json\/wp\/v2\/media\/8946"}],"wp:attachment":[{"href":"https:\/\/tuzlahortum.com.tr\/ru\/wp-json\/wp\/v2\/media?parent=8740"}],"wp:term":[{"taxonomy":"product_brand","embeddable":true,"href":"https:\/\/tuzlahortum.com.tr\/ru\/wp-json\/wp\/v2\/product_brand?post=8740"},{"taxonomy":"product_cat","embeddable":true,"href":"https:\/\/tuzlahortum.com.tr\/ru\/wp-json\/wp\/v2\/product_cat?post=8740"},{"taxonomy":"product_tag","embeddable":true,"href":"https:\/\/tuzlahortum.com.tr\/ru\/wp-json\/wp\/v2\/product_tag?post=8740"}],"curies":[{"name":"wp","href":"https:\/\/api.w.org\/{rel}","templated":true}]}}