{"id":874,"date":"2019-02-06T23:54:59","date_gmt":"2019-02-06T20:54:59","guid":{"rendered":"http:\/\/hortum.com.tr\/product\/import-placeholder-for-309\/"},"modified":"2024-03-21T17:41:23","modified_gmt":"2024-03-21T14:41:23","slug":"hidrolik-otomatik-rekor","status":"publish","type":"product","link":"https:\/\/tuzlahortum.com.tr\/ru\/product\/hidrolik-otomatik-rekor\/","title":{"rendered":"\u0413\u0438\u0434\u0440\u0430\u0432\u043b\u0438\u0447\u0435\u0441\u043a\u0438\u0439 \u0430\u0432\u0442\u043e\u043c\u0430\u0442\u0438\u0447\u0435\u0441\u043a\u0438\u0439 \u0448\u0430\u0440\u043d\u0438\u0440"},"content":{"rendered":"<h2>\u0413\u0438\u0434\u0440\u0430\u0432\u043b\u0438\u0447\u0435\u0441\u043a\u0438\u0439 \u0430\u0432\u0442\u043e\u043c\u0430\u0442\u0438\u0447\u0435\u0441\u043a\u0438\u0439 \u0448\u0430\u0440\u043d\u0438\u0440<\/h2>\n<p>\u0413\u0438\u0434\u0440\u0430\u0432\u043b\u0438\u0447\u0435\u0441\u043a\u0438\u0435 \u0430\u0432\u0442\u043e\u043c\u0430\u0442\u0438\u0447\u0435\u0441\u043a\u0438\u0435 \u0441\u043e\u0435\u0434\u0438\u043d\u0435\u043d\u0438\u044f \u0441\u0435\u0440\u0438\u0438 QC \u0438\u0441\u043f\u043e\u043b\u044c\u0437\u0443\u044e\u0442\u0441\u044f \u0432\u043e \u043c\u043d\u043e\u0433\u0438\u0445 \u0441\u0435\u043b\u044c\u0441\u043a\u043e\u0445\u043e\u0437\u044f\u0439\u0441\u0442\u0432\u0435\u043d\u043d\u044b\u0445 \u0438 \u043f\u0440\u043e\u043c\u044b\u0448\u043b\u0435\u043d\u043d\u044b\u0445 \u043e\u0431\u043b\u0430\u0441\u0442\u044f\u0445.\u00a0<br \/>\u0418\u0445 \u0438\u0441\u043f\u043e\u043b\u044c\u0437\u0443\u044e\u0442 \u0432 \u043a\u0430\u0447\u0435\u0441\u0442\u0432\u0435 \u043a\u0440\u0435\u043f\u043b\u0435\u043d\u0438\u0439.<br \/>\u0412 \u0441\u0435\u0440\u0438\u0438 QC \u043e\u0445\u0432\u0430\u0442\u044b\u0432\u0430\u0435\u043c\u044b\u0435 \u043a\u043e\u043d\u0446\u044b \u0437\u0430\u043a\u0430\u043b\u0435\u043d\u044b \u043f\u0443\u0442\u0435\u043c \u0442\u0435\u0440\u043c\u043e\u043e\u0431\u0440\u0430\u0431\u043e\u0442\u043a\u0438.<\/p>\n<p><img data-recalc-dims=\"1\" loading=\"lazy\" decoding=\"async\" class=\"alignnone size-full wp-image-2881\" src=\"https:\/\/i0.wp.com\/hortum.com.tr\/wp-content\/uploads\/2019\/02\/Hidrolik-Otomatik-Rekor2.jpg?resize=449%2C197\" alt=\"\" width=\"449\" height=\"197\" title=\"\"><\/p>\n<table border=\"0\" width=\"100%\">\n<tbody>\n<tr>\n<td width=\"172\" data-sheets-value=\"{&quot;1&quot;:2,&quot;2&quot;:&quot;Uyumluluk&quot;}\">\u0421\u043e\u0432\u043c\u0435\u0441\u0442\u0438\u043c\u043e\u0441\u0442\u044c<\/td>\n<td width=\"252\" data-sheets-value=\"{&quot;1&quot;:2,&quot;2&quot;:&quot;ISO 7241-A&quot;}\">\u0418\u0421\u041e 7241-\u0410<\/td>\n<\/tr>\n<tr>\n<td width=\"172\" data-sheets-value=\"{&quot;1&quot;:2,&quot;2&quot;:&quot;Valf Sistemi&quot;}\">\u041a\u043b\u0430\u043f\u0430\u043d\u043d\u0430\u044f \u0441\u0438\u0441\u0442\u0435\u043c\u0430<\/td>\n<td width=\"252\" data-sheets-value=\"{&quot;1&quot;:2,&quot;2&quot;:&quot;Pimli&quot;}\">\u0441 \u0431\u0443\u043b\u0430\u0432\u043a\u043e\u0439<\/td>\n<\/tr>\n<tr>\n<td width=\"172\" data-sheets-value=\"{&quot;1&quot;:2,&quot;2&quot;:&quot;Malzeme&quot;}\">\u041c\u0430\u0442\u0435\u0440\u0438\u0430\u043b<\/td>\n<td width=\"252\" data-sheets-value=\"{&quot;1&quot;:2,&quot;2&quot;:&quot;Otomat \u00c7eli\u011fi&quot;}\">\u0410\u0432\u0442\u043e\u043c\u0430\u0442\u0438\u0447\u0435\u0441\u043a\u0430\u044f \u0441\u0442\u0430\u043b\u044c<\/td>\n<\/tr>\n<tr>\n<td width=\"172\" data-sheets-value=\"{&quot;1&quot;:2,&quot;2&quot;:&quot;Vida \u00d6l\u00e7\u00fcs\u00fc&quot;}\">\u0420\u0430\u0437\u043c\u0435\u0440 \u0432\u0438\u043d\u0442\u0430<\/td>\n<td width=\"252\" data-sheets-value=\"{&quot;1&quot;:2,&quot;2&quot;:&quot;BSP (\u0130ste\u011fe Ba\u011fl\u0131: Metrik)&quot;}\">BSP (\u0434\u043e\u043f\u043e\u043b\u043d\u0438\u0442\u0435\u043b\u044c\u043d\u043e: \u043c\u0435\u0442\u0440\u0438\u0447\u0435\u0441\u043a\u0430\u044f \u0441\u0438\u0441\u0442\u0435\u043c\u0430)<\/td>\n<\/tr>\n<tr>\n<td width=\"172\" data-sheets-value=\"{&quot;1&quot;:2,&quot;2&quot;:&quot;S\u0131zd\u0131rmazl\u0131k&quot;}\">\u0443\u043f\u043b\u043e\u0442\u043d\u0435\u043d\u0438\u0435<\/td>\n<td width=\"252\" data-sheets-value=\"{&quot;1&quot;:2,&quot;2&quot;:&quot;Nitril O-ring (NBR)&quot;}\">\u041d\u0438\u0442\u0440\u0438\u043b\u043e\u0432\u043e\u0435 \u0443\u043f\u043b\u043e\u0442\u043d\u0438\u0442\u0435\u043b\u044c\u043d\u043e\u0435 \u043a\u043e\u043b\u044c\u0446\u043e (NBR)<\/td>\n<\/tr>\n<tr>\n<td width=\"172\" data-sheets-value=\"{&quot;1&quot;:2,&quot;2&quot;:&quot;\u00c7al\u0131\u015fma S\u0131cakl\u0131\u011f\u0131&quot;}\">\u0420\u0430\u0431\u043e\u0447\u0430\u044f \u0442\u0435\u043c\u043f\u0435\u0440\u0430\u0442\u0443\u0440\u0430<\/td>\n<td width=\"252\" data-sheets-value=\"{&quot;1&quot;:2,&quot;2&quot;:&quot;-30 \u00b0C ile +110 \u00b0C&quot;}\">\u043e\u0442 -30 \u00b0\u0421 \u0434\u043e +110 \u00b0\u0421<\/td>\n<\/tr>\n<tr>\n<td width=\"172\" data-sheets-value=\"{&quot;1&quot;:2,&quot;2&quot;:&quot;Kaplama&quot;}\">\u041f\u043e\u043a\u0440\u044b\u0442\u0438\u0435<\/td>\n<td width=\"252\" data-sheets-value=\"{&quot;1&quot;:2,&quot;2&quot;:&quot;Galvaniz (Chrome III pasivasyon)&quot;}\">\u041e\u0446\u0438\u043d\u043a\u043e\u0432\u0430\u043d\u043d\u044b\u0439 (\u043f\u0430\u0441\u0441\u0438\u0432\u0430\u0446\u0438\u044f \u0445\u0440\u043e\u043c III)<\/td>\n<\/tr>\n<tr>\n<td width=\"172\" data-sheets-value=\"{&quot;1&quot;:2,&quot;2&quot;:&quot;Is\u0131l \u0130\u015flem&quot;}\">\u0422\u0435\u0440\u043c\u0438\u0447\u0435\u0441\u043a\u0430\u044f \u043e\u0431\u0440\u0430\u0431\u043e\u0442\u043a\u0430<\/td>\n<td width=\"252\" data-sheets-value=\"{&quot;1&quot;:2,&quot;2&quot;:&quot;Otomatik Erkek Rekor&quot;}\">\u0410\u0432\u0442\u043e\u043c\u0430\u0442\u0438\u0447\u0435\u0441\u043a\u0430\u044f \u043c\u0443\u0436\u0441\u043a\u0430\u044f \u0437\u0430\u043f\u0438\u0441\u044c<\/td>\n<\/tr>\n<tr>\n<td width=\"172\" data-sheets-value=\"{&quot;1&quot;:2,&quot;2&quot;:&quot;Takma Sistemi&quot;}\">\u0421\u0438\u0441\u0442\u0435\u043c\u0430 \u043a\u0440\u0435\u043f\u043b\u0435\u043d\u0438\u044f<\/td>\n<td width=\"252\" data-sheets-value=\"{&quot;1&quot;:2,&quot;2&quot;:&quot;Y\u00fcz\u00fck geri \u00e7ekilerek&quot;}\">\u041a\u043e\u043b\u044c\u0446\u043e \u0432\u0442\u044f\u043d\u0443\u0442\u043e<\/td>\n<\/tr>\n<tr>\n<td width=\"172\" data-sheets-value=\"{&quot;1&quot;:2,&quot;2&quot;:&quot;\u00c7\u0131karma Sistemi&quot;}\">\u0421\u0438\u0441\u0442\u0435\u043c\u0430 \u044d\u043a\u0441\u0442\u0440\u0430\u043a\u0446\u0438\u0438<\/td>\n<td width=\"252\" data-sheets-value=\"{&quot;1&quot;:2,&quot;2&quot;:&quot;Y\u00fcz\u00fck geri \u00e7ekilerek&quot;}\">\u041a\u043e\u043b\u044c\u0446\u043e \u0432\u0442\u044f\u043d\u0443\u0442\u043e<\/td>\n<\/tr>\n<tr>\n<td width=\"172\" data-sheets-value=\"{&quot;1&quot;:2,&quot;2&quot;:&quot;Bas\u0131n\u00e7 Alt\u0131nda Tak\u0131labilme&quot;}\">\u0412\u043e\u0437\u043c\u043e\u0436\u043d\u043e\u0441\u0442\u044c \u0443\u0441\u0442\u0430\u043d\u043e\u0432\u043a\u0438 \u043f\u043e\u0434 \u0434\u0430\u0432\u043b\u0435\u043d\u0438\u0435\u043c<\/td>\n<td width=\"252\" data-sheets-value=\"{&quot;1&quot;:2,&quot;2&quot;:&quot;Yap\u0131lamaz&quot;}\">\u041d\u0435\u0432\u043e\u0437\u043c\u043e\u0436\u043d\u043e \u0441\u0434\u0435\u043b\u0430\u0442\u044c<\/td>\n<\/tr>\n<tr>\n<td width=\"172\" data-sheets-value=\"{&quot;1&quot;:2,&quot;2&quot;:&quot;Bas\u0131n\u00e7 Alt\u0131nda \u00c7\u0131kar\u0131labilme&quot;}\">\u0421\u044a\u0435\u043c\u043d\u044b\u0439 \u043f\u043e\u0434 \u0434\u0430\u0432\u043b\u0435\u043d\u0438\u0435\u043c<\/td>\n<td width=\"252\" data-sheets-value=\"{&quot;1&quot;:2,&quot;2&quot;:&quot;Yap\u0131lamaz&quot;}\">\u041d\u0435\u0432\u043e\u0437\u043c\u043e\u0436\u043d\u043e \u0441\u0434\u0435\u043b\u0430\u0442\u044c<\/td>\n<\/tr>\n<tr>\n<td width=\"172\" data-sheets-value=\"{&quot;1&quot;:2,&quot;2&quot;:&quot;\u00d6zel Hallerde&quot;}\">\u0412 \u043e\u0441\u043e\u0431\u044b\u0445 \u0441\u043b\u0443\u0447\u0430\u044f\u0445<\/td>\n<td width=\"252\" data-sheets-value=\"{&quot;1&quot;:2,&quot;2&quot;:&quot;V\u0130TON &amp; Is\u0131ya dayan\u0131kl\u0131 \u00f6zel yay (-30 \u00b0C ile +225 \u00b0C), Poli\u00fcretan (PU)&quot;}\">\u0412\u0418\u0422\u041e\u041d \u0438 \u0441\u043f\u0435\u0446\u0438\u0430\u043b\u044c\u043d\u0430\u044f \u0442\u0435\u0440\u043c\u043e\u0441\u0442\u043e\u0439\u043a\u0430\u044f \u043f\u0440\u0443\u0436\u0438\u043d\u0430 (\u043e\u0442 -30 \u00b0C \u0434\u043e +225 \u00b0C), \u043f\u043e\u043b\u0438\u0443\u0440\u0435\u0442\u0430\u043d (\u041f\u0423)<\/td>\n<\/tr>\n<tr>\n<td width=\"172\" data-sheets-value=\"{&quot;1&quot;:2,&quot;2&quot;:&quot;Kullan\u0131m Alan\u0131&quot;}\">\u041e\u0431\u043b\u0430\u0441\u0442\u044c \u0438\u0441\u043f\u043e\u043b\u044c\u0437\u043e\u0432\u0430\u043d\u0438\u044f<\/td>\n<td width=\"252\" data-sheets-value=\"{&quot;1&quot;:2,&quot;2&quot;:&quot;Tar\u0131m, havac\u0131l\u0131k, in\u015faat, \u00fcretim, savunma, mobil hidrolik, TIR Dorseler&quot;}\">\u0421\u0435\u043b\u044c\u0441\u043a\u043e\u0435 \u0445\u043e\u0437\u044f\u0439\u0441\u0442\u0432\u043e, \u0430\u0432\u0438\u0430\u0446\u0438\u044f, \u0441\u0442\u0440\u043e\u0438\u0442\u0435\u043b\u044c\u0441\u0442\u0432\u043e, \u043f\u0440\u043e\u0438\u0437\u0432\u043e\u0434\u0441\u0442\u0432\u043e, \u043e\u0431\u043e\u0440\u043e\u043d\u0430, \u043c\u043e\u0431\u0438\u043b\u044c\u043d\u0430\u044f \u0433\u0438\u0434\u0440\u0430\u0432\u043b\u0438\u043a\u0430, \u043f\u0440\u0438\u0446\u0435\u043f\u044b \u041c\u0414\u041f<\/td>\n<\/tr>\n<\/tbody>\n<\/table>","protected":false},"excerpt":{"rendered":"<p>Hidrolik Otomatik Rekor QC Serisi Hidrolik Otomatik Rekorlar pek \u00e7ok tar\u0131msal ve end\u00fcstriyel alanda hidrolik \u00e7abuk\u00a0ba\u011flant\u0131 eleman\u0131 olarak kullan\u0131lmaktad\u0131rlar.QC Serisi&#8217;nde erkek u\u00e7lar \u0131s\u0131l i\u015flem uygulanarak sertle\u015ftirilmi\u015ftir. Uyumluluk ISO 7241-A Valf Sistemi Pimli Malzeme Otomat \u00c7eli\u011fi Vida \u00d6l\u00e7\u00fcs\u00fc BSP (\u0130ste\u011fe Ba\u011fl\u0131: Metrik) S\u0131zd\u0131rmazl\u0131k Nitril O-ring (NBR) \u00c7al\u0131\u015fma S\u0131cakl\u0131\u011f\u0131 -30 \u00b0C ile +110 \u00b0C Kaplama Galvaniz (Chrome [&#8230;]\n","protected":false},"featured_media":2880,"comment_status":"open","ping_status":"closed","template":"","meta":{"jetpack_post_was_ever_published":false},"product_brand":[],"product_cat":[91],"product_tag":[650,1126,646,649,653,647,655,648,296,652,656,1127,654],"class_list":{"0":"post-874","1":"product","2":"type-product","3":"status-publish","4":"has-post-thumbnail","6":"product_cat-hidrolik-baglanti-elemanlari","7":"product_tag-30-c","8":"product_tag-225-c","9":"product_tag-celik","10":"product_tag-galvaniz-kaplama","11":"product_tag-havacilik","12":"product_tag-hidrolik","13":"product_tag-makine","14":"product_tag-otomatik-rekor","15":"product_tag-otomotiv","16":"product_tag-tarim","17":"product_tag-techizat","18":"product_tag-tir-dorselerde","19":"product_tag-yapi-ve-savunma","21":"first","22":"instock","23":"taxable","24":"shipping-taxable","25":"product-type-variable"},"jetpack-related-posts":[],"jetpack_sharing_enabled":true,"jetpack_likes_enabled":true,"_links":{"self":[{"href":"https:\/\/tuzlahortum.com.tr\/ru\/wp-json\/wp\/v2\/product\/874","targetHints":{"allow":["GET"]}}],"collection":[{"href":"https:\/\/tuzlahortum.com.tr\/ru\/wp-json\/wp\/v2\/product"}],"about":[{"href":"https:\/\/tuzlahortum.com.tr\/ru\/wp-json\/wp\/v2\/types\/product"}],"replies":[{"embeddable":true,"href":"https:\/\/tuzlahortum.com.tr\/ru\/wp-json\/wp\/v2\/comments?post=874"}],"wp:featuredmedia":[{"embeddable":true,"href":"https:\/\/tuzlahortum.com.tr\/ru\/wp-json\/wp\/v2\/media\/2880"}],"wp:attachment":[{"href":"https:\/\/tuzlahortum.com.tr\/ru\/wp-json\/wp\/v2\/media?parent=874"}],"wp:term":[{"taxonomy":"product_brand","embeddable":true,"href":"https:\/\/tuzlahortum.com.tr\/ru\/wp-json\/wp\/v2\/product_brand?post=874"},{"taxonomy":"product_cat","embeddable":true,"href":"https:\/\/tuzlahortum.com.tr\/ru\/wp-json\/wp\/v2\/product_cat?post=874"},{"taxonomy":"product_tag","embeddable":true,"href":"https:\/\/tuzlahortum.com.tr\/ru\/wp-json\/wp\/v2\/product_tag?post=874"}],"curies":[{"name":"wp","href":"https:\/\/api.w.org\/{rel}","templated":true}]}}