{"id":873,"date":"2019-02-06T23:54:59","date_gmt":"2019-02-06T20:54:59","guid":{"rendered":"http:\/\/hortum.com.tr\/product\/import-placeholder-for-584\/"},"modified":"2024-03-21T17:41:24","modified_gmt":"2024-03-21T14:41:24","slug":"duz-yassi-verici-l","status":"publish","type":"product","link":"https:\/\/tuzlahortum.com.tr\/ru\/product\/duz-yassi-verici-l\/","title":{"rendered":"\u041f\u043b\u043e\u0441\u043a\u0438\u0439 \u041f\u043b\u043e\u0441\u043a\u0438\u0439 \u0414\u0438\u0441\u043f\u0435\u043d\u0441\u0435\u0440 L"},"content":{"rendered":"<h2>\u041f\u043b\u043e\u0441\u043a\u0438\u0439 \u041f\u043b\u043e\u0441\u043a\u0438\u0439 \u0414\u0438\u0441\u043f\u0435\u043d\u0441\u0435\u0440 L<\/h2>\n<table border=\"0\" width=\"100%\">\n<tbody>\n<tr valign=\"top\">\n<td width=\"370\">\u0413\u0418\u0411\u041a\u0410\u042f \u041f\u041e\u0414\u041b\u0410\u0416\u041a\u0410 \u041f\u0412\u0425<\/p>\n<p>\u0412\u042b\u0421\u041e\u041a\u041e\u041f\u0420\u041e\u0427\u041d\u042b\u0419 \u0421\u0418\u041d\u0422\u0415\u0422\u0418\u0427\u0415\u0421\u041a\u0418\u0419 \u0422\u0415\u041a\u0421\u0422\u0418\u041b\u042c.<\/td>\n<\/tr>\n<tr valign=\"top\">\n<td width=\"60\">\u041f\u041e\u041a\u0420\u042b\u0422\u0418\u0415 \u041f\u0412\u0425, \u0423\u0421\u0422\u041e\u0419\u0427\u0418\u0412\u041e\u0415 \u041a \u041b\u0415\u0413\u041a\u0418\u041c \u0425\u0418\u041c\u0418\u041a\u0410\u0422\u0410\u041c \u0418 \u0412\u0421\u0415\u041c \u041f\u041e\u0413\u041e\u0414\u041d\u042b\u041c \u0423\u0421\u041b\u041e\u0412\u0418\u042f\u041c.<\/td>\n<td width=\"15\"><\/td>\n<td width=\"370\"><\/td>\n<\/tr>\n<tr valign=\"top\">\n<td width=\"60\">\u0412\u0421\u0415 \u0412\u0418\u0414\u042b \u0412\u041e\u0414\u042b, \u041b\u0415\u0413\u041a\u0418\u0425 \u0425\u0418\u041c\u0418\u041a\u0410\u0422\u041e\u0412 \u0418 \u0422.\u0414. \u0412 \u0421\u0415\u041b\u042c\u0421\u041a\u041e\u041c \u0425\u041e\u0417\u042f\u0419\u0421\u0422\u0412\u0415 \u0418 \u041f\u0420\u041e\u041c\u042b\u0428\u041b\u0415\u041d\u041d\u041e\u0421\u0422\u0418. \u0412 \u042d\u0412\u0410\u041a\u0423\u0410\u0426\u0418\u041e\u041d\u041d\u042b\u0425 \u0420\u0410\u0411\u041e\u0422\u0410\u0425<\/td>\n<\/tr>\n<\/tbody>\n<\/table>\n<p><img data-recalc-dims=\"1\" loading=\"lazy\" decoding=\"async\" class=\"alignnone size-medium wp-image-1994\" src=\"https:\/\/i0.wp.com\/hortum.com.tr\/wp-content\/uploads\/urunler\/plastik\/Standart-Hizmet-Yass%C4%B1-Verici-bar-659x400.jpg?resize=659%2C400\" alt=\"\" width=\"659\" height=\"400\" title=\"\" srcset=\"https:\/\/i0.wp.com\/tuzlahortum.com.tr\/wp-content\/uploads\/urunler\/plastik\/Standart-Hizmet-Yass%C4%B1-Verici-bar.jpg?resize=659%2C400&amp;ssl=1 659w, https:\/\/i0.wp.com\/tuzlahortum.com.tr\/wp-content\/uploads\/urunler\/plastik\/Standart-Hizmet-Yass%C4%B1-Verici-bar.jpg?resize=768%2C466&amp;ssl=1 768w, https:\/\/i0.wp.com\/tuzlahortum.com.tr\/wp-content\/uploads\/urunler\/plastik\/Standart-Hizmet-Yass%C4%B1-Verici-bar.jpg?resize=600%2C364&amp;ssl=1 600w, https:\/\/i0.wp.com\/tuzlahortum.com.tr\/wp-content\/uploads\/urunler\/plastik\/Standart-Hizmet-Yass%C4%B1-Verici-bar.jpg?w=832&amp;ssl=1 832w\" sizes=\"auto, (max-width: 659px) 100vw, 659px\" \/><\/p>\n<div class=\"video video-fit mb\" style=\"padding-top:56.25%;\"><p><iframe loading=\"lazy\" title=\"\u041f\u0443\u0442\u0430\u043d\u0438\u0446\u0430 \u0432 \u0438\u0437\u043c\u0435\u0440\u0435\u043d\u0438\u044f\u0445 (\u0434\u044e\u0439\u043c\u044b, \u043f\u0430\u043b\u044c\u0446\u044b, \u0434\u044b\u043c\u043a\u0430, \u043c\u0438\u043b\u043b\u0438\u043c\u0435\u0442\u0440\u044b)\" width=\"1020\" height=\"574\" src=\"https:\/\/www.youtube.com\/embed\/uKk6AG_AZls?feature=oembed\" frameborder=\"0\" allow=\"accelerometer; autoplay; clipboard-write; encrypted-media; gyroscope; picture-in-picture; web-share\" referrerpolicy=\"strict-origin-when-cross-origin\" allowfullscreen><\/iframe><\/p>\n<\/div>\n<div class=\"video video-fit mb\" style=\"padding-top:56.25%;\"><p>https:\/\/www.youtube.com\/watch?v=O8ZlzKEjfEQ%20<\/p>\n<\/div>","protected":false},"excerpt":{"rendered":"<p>\u041f\u043b\u043e\u0441\u043a\u0438\u0439 \u043f\u0435\u0440\u0435\u0434\u0430\u0442\u0447\u0438\u043a L \u0413\u0438\u0431\u043a\u0438\u0439 \u041f\u0412\u0425 \u043d\u0438\u0436\u043d\u0438\u0439 \u0441\u043b\u043e\u0439 \u0432\u044b\u0441\u043e\u043a\u043e\u043f\u0440\u043e\u0447\u043d\u044b\u0439 \u0441\u0438\u043d\u0442\u0435\u0442\u0438\u0447\u0435\u0441\u043a\u0438\u0439 \u0442\u0435\u043a\u0441\u0442\u0438\u043b\u044c. \u041f\u0412\u0425 \u0432\u0435\u0440\u0445\u043d\u0438\u0439 \u0441\u043b\u043e\u0439 \u0443\u0441\u0442\u043e\u0439\u0447\u0438\u0432 \u043a \u043b\u0435\u0433\u043a\u0438\u043c \u0445\u0438\u043c\u0438\u0447\u0435\u0441\u043a\u0438\u043c \u0432\u0435\u0449\u0435\u0441\u0442\u0432\u0430\u043c \u0438 \u0432\u0441\u0435\u043c \u043f\u043e\u0433\u043e\u0434\u043d\u044b\u043c \u0443\u0441\u043b\u043e\u0432\u0438\u044f\u043c. \u0432\u043e \u0432\u0441\u0435\u0445 \u0432\u0438\u0434\u0430\u0445 \u0432\u043e\u0434\u044b, \u043b\u0435\u0433\u043a\u0438\u0445 \u0445\u0438\u043c\u0438\u0447\u0435\u0441\u043a\u0438\u0445 \u0432\u0435\u0449\u0435\u0441\u0442\u0432 \u0438 \u0442.\u0434. \u0432 \u0441\u0435\u043b\u044c\u0441\u043a\u043e\u043c \u0445\u043e\u0437\u044f\u0439\u0441\u0442\u0432\u0435 \u0438 \u043f\u0440\u043e\u043c\u044b\u0448\u043b\u0435\u043d\u043d\u043e\u0441\u0442\u0438.<\/p>","protected":false},"featured_media":1993,"comment_status":"open","ping_status":"closed","template":"","meta":{"jetpack_post_was_ever_published":false},"product_brand":[],"product_cat":[169],"product_tag":[676,1124,1125,723,343,652,576,1123,661],"class_list":{"0":"post-873","1":"product","2":"type-product","3":"status-publish","4":"has-post-thumbnail","6":"product_cat-pvc-yassi-hortumlari","7":"product_tag-duz","8":"product_tag-duz-yassi-verici","9":"product_tag-hafif-kimyasallar","10":"product_tag-sanayi","11":"product_tag-tahliye","12":"product_tag-tarim","13":"product_tag-verici","14":"product_tag-yassi","15":"product_tag-yuksek-mukavemetli","17":"first","18":"instock","19":"taxable","20":"shipping-taxable","21":"product-type-variable"},"jetpack-related-posts":[{"id":872,"url":"https:\/\/tuzlahortum.com.tr\/ru\/product\/duz-yassi-verici-m\/","url_meta":{"origin":873,"position":0},"title":"\u041f\u043b\u043e\u0441\u043a\u0438\u0439 \u0434\u0438\u0441\u043f\u0435\u043d\u0441\u0435\u0440 M","author":"admin","date":"6 \u0444\u0435\u0432\u0440\u0430\u043b\u044f 2019","format":false,"excerpt":"\u041f\u043b\u043e\u0441\u043a\u0438\u0439 \u043f\u043b\u043e\u0441\u043a\u0438\u0439 \u043f\u0435\u0440\u0435\u0434\u0430\u0442\u0447\u0438\u043a M \u0413\u0438\u0431\u043a\u0438\u0439 \u041f\u0412\u0425\/NBR \u043d\u0438\u0436\u043d\u0438\u0439 \u0441\u043b\u043e\u0439 \u0432\u044b\u0441\u043e\u043a\u043e\u043f\u0440\u043e\u0447\u043d\u044b\u0439 \u0441\u0438\u043d\u0442\u0435\u0442\u0438\u0447\u0435\u0441\u043a\u0438\u0439 \u0442\u0435\u043a\u0441\u0442\u0438\u043b\u044c. \u0432\u0435\u0440\u0445\u043d\u0438\u0439 \u0441\u043b\u043e\u0439 \u041f\u0412\u0425 \u0443\u0441\u0442\u043e\u0439\u0447\u0438\u0432 \u043a \u043b\u0435\u0433\u043a\u0438\u043c \u0445\u0438\u043c\u0438\u0447\u0435\u0441\u043a\u0438\u043c \u0432\u0435\u0449\u0435\u0441\u0442\u0432\u0430\u043c \u0438 \u0432\u0441\u0435\u043c \u043f\u043e\u0433\u043e\u0434\u043d\u044b\u043c \u0443\u0441\u043b\u043e\u0432\u0438\u044f\u043c. \u0441\u0440\u0435\u0434\u043d\u0438\u0439 \u0443\u0440\u043e\u0432\u0435\u043d\u044c \u044d\u043a\u0441\u043f\u043b\u0443\u0430\u0442\u0430\u0446\u0438\u0438 \u0432 \u0441\u0435\u043b\u044c\u0441\u043a\u043e\u043c \u0445\u043e\u0437\u044f\u0439\u0441\u0442\u0432\u0435 \u0438 \u043f\u0440\u043e\u043c\u044b\u0448\u043b\u0435\u043d\u043d\u043e\u0441\u0442\u0438 \u0432\u0441\u0435 \u0432\u0438\u0434\u044b \u0432\u043e\u0434\u044b, \u043b\u0435\u0433\u043a\u0438\u0435 \u0445\u0438\u043c\u0438\u0447\u0435\u0441\u043a\u0438\u0435 \u0432\u0435\u0449\u0435\u0441\u0442\u0432\u0430 \u0438 \u0442.\u0434. \u042d\u0432\u0430\u043a\u0443\u0430\u0446\u0438\u043e\u043d\u043d\u044b\u0435 \u0440\u0430\u0431\u043e\u0442\u044b","rel":"","context":"\u041f\u043e\u0445\u043e\u0436\u0430\u044f \u0437\u0430\u043f\u0438\u0441\u044c","block_context":{"text":"\u041f\u043e\u0445\u043e\u0436\u0430\u044f \u0437\u0430\u043f\u0438\u0441\u044c","link":""},"img":{"alt_text":"","src":"https:\/\/i0.wp.com\/hortum.com.tr\/wp-content\/uploads\/urunler\/plastik\/Orta-Hizmet-Yass%C4%B1-Verici-bar-568x400.jpg?resize=350%2C200","width":350,"height":200,"srcset":"https:\/\/i0.wp.com\/hortum.com.tr\/wp-content\/uploads\/urunler\/plastik\/Orta-Hizmet-Yass%C4%B1-Verici-bar-568x400.jpg?resize=350%2C200 1x, https:\/\/i0.wp.com\/hortum.com.tr\/wp-content\/uploads\/urunler\/plastik\/Orta-Hizmet-Yass%C4%B1-Verici-bar-568x400.jpg?resize=525%2C300 1.5x"},"classes":[]},{"id":867,"url":"https:\/\/tuzlahortum.com.tr\/ru\/product\/hv-tipi-kirmizi-verici-hortum-standart\/","url_meta":{"origin":873,"position":1},"title":"\u041a\u0440\u0430\u0441\u043d\u044b\u0439 \u0448\u043b\u0430\u043d\u0433 \u043f\u0435\u0440\u0435\u0434\u0430\u0442\u0447\u0438\u043a\u0430 \u0442\u0438\u043f\u0430 HV (\u0421\u0422\u0410\u041d\u0414\u0410\u0420\u0422\u041d\u042b\u0419)","author":"admin","date":"6 \u0444\u0435\u0432\u0440\u0430\u043b\u044f 2019","format":false,"excerpt":"HV Tipi K\u0131rm\u0131z\u0131 Verici Hortum (STANDART)\u00d6zellikler Verici olarak kullan\u0131labilir. Esnek \u015feffaf PVC, y\u00fcksek mukavemetli, k\u0131r\u0131lmaya kar\u015f\u0131 maksimum dayan\u0131kl\u0131 sert PVC takviyesiyle \u00fcretilmektedir. \u0130\u00e7 y\u00fczey d\u00fcz, d\u0131\u015f y\u00fczey bo\u011fumludur. \u00c7al\u0131\u015fma S\u0131cakl\u0131\u011f\u0131 -5\u00b0C ile +60\u00b0C aras\u0131 Kullan\u0131m Alanlar\u0131 Tar\u0131m ve sanayide her t\u00fcrl\u00fc su ve hafif kimyasallar\u0131n tahliye i\u015flerinde kullan\u0131l\u0131r, Verici hortumlar\u2026","rel":"","context":"\u041f\u043e\u0445\u043e\u0436\u0430\u044f \u0437\u0430\u043f\u0438\u0441\u044c","block_context":{"text":"\u041f\u043e\u0445\u043e\u0436\u0430\u044f \u0437\u0430\u043f\u0438\u0441\u044c","link":""},"img":{"alt_text":"","src":"https:\/\/i0.wp.com\/tuzlahortum.com.tr\/wp-content\/uploads\/urunler\/plastik\/25.jpg?fit=583%2C324&ssl=1&resize=350%2C200","width":350,"height":200,"srcset":"https:\/\/i0.wp.com\/tuzlahortum.com.tr\/wp-content\/uploads\/urunler\/plastik\/25.jpg?fit=583%2C324&ssl=1&resize=350%2C200 1x, https:\/\/i0.wp.com\/tuzlahortum.com.tr\/wp-content\/uploads\/urunler\/plastik\/25.jpg?fit=583%2C324&ssl=1&resize=525%2C300 1.5x"},"classes":[]},{"id":868,"url":"https:\/\/tuzlahortum.com.tr\/ru\/product\/hv-tipi-kirmizi-verici-hortum-orta-hizmet\/","url_meta":{"origin":873,"position":2},"title":"\u041a\u0440\u0430\u0441\u043d\u044b\u0439 \u0440\u0430\u0437\u0434\u0430\u0442\u043e\u0447\u043d\u044b\u0439 \u0448\u043b\u0430\u043d\u0433 \u0442\u0438\u043f\u0430 HV (\u0421\u0420\u0415\u0414\u041d\u042f\u042f \u041d\u0410\u0427\u0410\u041b\u042c\u041d\u041e\u0421\u0422\u042c)","author":"admin","date":"6 \u0444\u0435\u0432\u0440\u0430\u043b\u044f 2019","format":false,"excerpt":"HV Tipi K\u0131rm\u0131z\u0131 Verici Hortum (ORTA H\u0130ZMET)\u00d6zellikler Verici olarak kullan\u0131labilir. Esnek \u015feffaf PVC, y\u00fcksek mukavemetli, k\u0131r\u0131lmaya kar\u015f\u0131 maksimum dayan\u0131kl\u0131 sert PVC takviyesiyle \u00fcretilmektedir. \u00c7al\u0131\u015fma S\u0131cakl\u0131\u011f\u0131 -5\u00b0C ile +60\u00b0C aras\u0131 Kullan\u0131m Alanlar\u0131 Tar\u0131m ve sanayide her t\u00fcrl\u00fc su ve hafif kimyasallar\u0131n tahliye i\u015flerinde kullan\u0131l\u0131r, Verici hortumlar hafif bas\u0131nca mukavemet \u00f6zelliklerinden dolay\u0131\u2026","rel":"","context":"\u041f\u043e\u0445\u043e\u0436\u0430\u044f \u0437\u0430\u043f\u0438\u0441\u044c","block_context":{"text":"\u041f\u043e\u0445\u043e\u0436\u0430\u044f \u0437\u0430\u043f\u0438\u0441\u044c","link":""},"img":{"alt_text":"","src":"https:\/\/i0.wp.com\/tuzlahortum.com.tr\/wp-content\/uploads\/urunler\/plastik\/25.jpg?fit=583%2C324&ssl=1&resize=350%2C200","width":350,"height":200,"srcset":"https:\/\/i0.wp.com\/tuzlahortum.com.tr\/wp-content\/uploads\/urunler\/plastik\/25.jpg?fit=583%2C324&ssl=1&resize=350%2C200 1x, https:\/\/i0.wp.com\/tuzlahortum.com.tr\/wp-content\/uploads\/urunler\/plastik\/25.jpg?fit=583%2C324&ssl=1&resize=525%2C300 1.5x"},"classes":[]},{"id":828,"url":"https:\/\/tuzlahortum.com.tr\/ru\/product\/te-tipi-gri-toz-emis-hortumu-standart\/","url_meta":{"origin":873,"position":3},"title":"\u0421\u0435\u0440\u044b\u0439 \u043f\u044b\u043b\u0435\u043e\u0442\u0441\u0430\u0441\u044b\u0432\u0430\u044e\u0449\u0438\u0439 \u0448\u043b\u0430\u043d\u0433 \u0442\u0438\u043f\u0430 TE (\u0421\u0422\u0410\u041d\u0414\u0410\u0420\u0422\u041d\u042b\u0419)","author":"admin","date":"6 \u0444\u0435\u0432\u0440\u0430\u043b\u044f 2019","format":false,"excerpt":"TE Tipi Gri Toz Emi\u015f Hortumu (STANDART)\u00d6zellikler Verici olarak kullan\u0131labilir. Esnek \u015feffaf PVC, y\u00fcksek mukavemetli, k\u0131r\u0131lmaya kar\u015f\u0131 maksimum dayan\u0131kl\u0131 sert PVC takviyesiyle \u00fcretilmektedir. \u0130\u00e7 y\u00fczey d\u00fcz, d\u0131\u015f y\u00fczey bo\u011fumludur. \u00c7al\u0131\u015fma S\u0131cakl\u0131\u011f\u0131 -5\u00b0C ile +60\u00b0C aras\u0131 Kullan\u0131m Alanlar\u0131 Her t\u00fcrl\u00fc hava, duman, gaz, tala\u015f vb. emme i\u015flerinde \u00f6zellikle tekstil ve mobilya\u2026","rel":"","context":"\u041f\u043e\u0445\u043e\u0436\u0430\u044f \u0437\u0430\u043f\u0438\u0441\u044c","block_context":{"text":"\u041f\u043e\u0445\u043e\u0436\u0430\u044f \u0437\u0430\u043f\u0438\u0441\u044c","link":""},"img":{"alt_text":"","src":"https:\/\/i0.wp.com\/tuzlahortum.com.tr\/wp-content\/uploads\/urunler\/plastik\/19.jpg?fit=588%2C373&ssl=1&resize=350%2C200","width":350,"height":200,"srcset":"https:\/\/i0.wp.com\/tuzlahortum.com.tr\/wp-content\/uploads\/urunler\/plastik\/19.jpg?fit=588%2C373&ssl=1&resize=350%2C200 1x, https:\/\/i0.wp.com\/tuzlahortum.com.tr\/wp-content\/uploads\/urunler\/plastik\/19.jpg?fit=588%2C373&ssl=1&resize=525%2C300 1.5x"},"classes":[]},{"id":732,"url":"https:\/\/tuzlahortum.com.tr\/ru\/product\/gida-icme-suyu-verici-hortum\/","url_meta":{"origin":873,"position":4},"title":"\u0428\u043b\u0430\u043d\u0433 \u0434\u043b\u044f \u0434\u043e\u0437\u0430\u0442\u043e\u0440\u0430 \u043f\u0438\u0449\u0435\u0432\u043e\u0439 \u043f\u0438\u0442\u044c\u0435\u0432\u043e\u0439 \u0432\u043e\u0434\u044b","author":"admin","date":"6 \u0444\u0435\u0432\u0440\u0430\u043b\u044f 2019","format":false,"excerpt":"G\u0131da \u0130\u00e7me Suyu Verici HortumKULLANIM ALANLARI : \u0130\u00e7me suyunun ta\u015f\u0131nma ve nakillerinde kullan\u0131l\u0131r. FDA (G\u0131da) Normlar\u0131na Uygun Olarak \u00dcretilmektedir KONTR\u00dcKS\u0130YON Alt : NR\/NBR, beyaz, d\u00fcz, g\u0131da t\u00fcz\u00fc\u011f\u00fcne uygun Takviye : Y\u00fcksek mukavemetli kord bezi \u00dcst : NR\/EPDM, NBR\/PVC\/SBR k\u0131rm\u0131z\u0131 veya mavi, a\u015f\u0131nmaya ve her t\u00fcrl\u00fc iklim \u015fartlar\u0131na dayan\u0131kl\u0131","rel":"","context":"\u041f\u043e\u0445\u043e\u0436\u0430\u044f \u0437\u0430\u043f\u0438\u0441\u044c","block_context":{"text":"\u041f\u043e\u0445\u043e\u0436\u0430\u044f \u0437\u0430\u043f\u0438\u0441\u044c","link":""},"img":{"alt_text":"","src":"https:\/\/i0.wp.com\/tuzlahortum.com.tr\/wp-content\/uploads\/urunler\/kaucuk\/superlas-sut-yagli-gida-verici-hortum.jpg?fit=360%2C270&ssl=1&resize=350%2C200","width":350,"height":200},"classes":[]},{"id":648,"url":"https:\/\/tuzlahortum.com.tr\/ru\/product\/yagli-gida-verici-hortum\/","url_meta":{"origin":873,"position":5},"title":"\u0428\u043b\u0430\u043d\u0433 \u0434\u043b\u044f \u0434\u043e\u0437\u0438\u0440\u043e\u0432\u0430\u043d\u0438\u044f \u0436\u0438\u0440\u043d\u044b\u0445 \u043f\u0438\u0449\u0435\u0432\u044b\u0445 \u043f\u0440\u043e\u0434\u0443\u043a\u0442\u043e\u0432","author":"admin","date":"6 \u0444\u0435\u0432\u0440\u0430\u043b\u044f 2019","format":false,"excerpt":"Ya\u011fl\u0131 G\u0131da Verici HortumKULLANIM ALANLARI : S\u00fct ve ya\u011f gibi her t\u00fcrl\u00fc alkols\u00fcz g\u0131da ta\u015f\u0131nma ve nakillerinde kullan\u0131l\u0131r. FDA (G\u0131da) Normlar\u0131na Uygun Olarak \u00dcretilmektedir KONTR\u00dcKS\u0130YON Alt : NR\/NBR, beyaz, d\u00fcz, g\u0131da t\u00fcz\u00fc\u011f\u00fcne uygun Takviye : Y\u00fcksek mukavemetli kord bezi \u00dcst : NR\/EPDM, NBR\/PVC\/SBR k\u0131rm\u0131z\u0131 veya mavi, a\u015f\u0131nmaya ve her t\u00fcrl\u00fc\u2026","rel":"","context":"\u041f\u043e\u0445\u043e\u0436\u0430\u044f \u0437\u0430\u043f\u0438\u0441\u044c","block_context":{"text":"\u041f\u043e\u0445\u043e\u0436\u0430\u044f \u0437\u0430\u043f\u0438\u0441\u044c","link":""},"img":{"alt_text":"","src":"https:\/\/i0.wp.com\/tuzlahortum.com.tr\/wp-content\/uploads\/urunler\/kaucuk\/superlas-sut-yagli-gida-verici-hortum.jpg?fit=360%2C270&ssl=1&resize=350%2C200","width":350,"height":200},"classes":[]}],"jetpack_sharing_enabled":true,"jetpack_likes_enabled":true,"_links":{"self":[{"href":"https:\/\/tuzlahortum.com.tr\/ru\/wp-json\/wp\/v2\/product\/873","targetHints":{"allow":["GET"]}}],"collection":[{"href":"https:\/\/tuzlahortum.com.tr\/ru\/wp-json\/wp\/v2\/product"}],"about":[{"href":"https:\/\/tuzlahortum.com.tr\/ru\/wp-json\/wp\/v2\/types\/product"}],"replies":[{"embeddable":true,"href":"https:\/\/tuzlahortum.com.tr\/ru\/wp-json\/wp\/v2\/comments?post=873"}],"wp:featuredmedia":[{"embeddable":true,"href":"https:\/\/tuzlahortum.com.tr\/ru\/wp-json\/wp\/v2\/media\/1993"}],"wp:attachment":[{"href":"https:\/\/tuzlahortum.com.tr\/ru\/wp-json\/wp\/v2\/media?parent=873"}],"wp:term":[{"taxonomy":"product_brand","embeddable":true,"href":"https:\/\/tuzlahortum.com.tr\/ru\/wp-json\/wp\/v2\/product_brand?post=873"},{"taxonomy":"product_cat","embeddable":true,"href":"https:\/\/tuzlahortum.com.tr\/ru\/wp-json\/wp\/v2\/product_cat?post=873"},{"taxonomy":"product_tag","embeddable":true,"href":"https:\/\/tuzlahortum.com.tr\/ru\/wp-json\/wp\/v2\/product_tag?post=873"}],"curies":[{"name":"wp","href":"https:\/\/api.w.org\/{rel}","templated":true}]}}