{"id":870,"date":"2019-02-06T23:54:58","date_gmt":"2019-02-06T20:54:58","guid":{"rendered":"http:\/\/hortum.com.tr\/product\/import-placeholder-for-121\/"},"modified":"2024-03-21T17:41:28","modified_gmt":"2024-03-21T14:41:28","slug":"e-tipi-yesil-emici-hortum-standart","status":"publish","type":"product","link":"https:\/\/tuzlahortum.com.tr\/ru\/product\/e-tipi-yesil-emici-hortum-standart\/","title":{"rendered":"\u0417\u0435\u043b\u0435\u043d\u044b\u0439 \u0432\u0441\u0430\u0441\u044b\u0432\u0430\u044e\u0449\u0438\u0439 \u0448\u043b\u0430\u043d\u0433 \u0442\u0438\u043f\u0430 E (\u0421\u0422\u0410\u041d\u0414\u0410\u0420\u0422\u041d\u042b\u0419)"},"content":{"rendered":"<h2>\u0417\u0435\u043b\u0435\u043d\u044b\u0439 \u0432\u0441\u0430\u0441\u044b\u0432\u0430\u044e\u0449\u0438\u0439 \u0448\u043b\u0430\u043d\u0433 \u0442\u0438\u043f\u0430 E (\u0421\u0422\u0410\u041d\u0414\u0410\u0420\u0422\u041d\u042b\u0419)<\/h2>\n<p>\u041e\u0441\u043e\u0431\u0435\u043d\u043d\u043e\u0441\u0442\u0438: \u041c\u043e\u0436\u0435\u0442 \u0438\u0441\u043f\u043e\u043b\u044c\u0437\u043e\u0432\u0430\u0442\u044c\u0441\u044f \u0432 \u043a\u0430\u0447\u0435\u0441\u0442\u0432\u0435 \u043f\u043e\u0433\u043b\u043e\u0442\u0438\u0442\u0435\u043b\u044f \u0438 \u043f\u0435\u0440\u0435\u0434\u0430\u0442\u0447\u0438\u043a\u0430 \u0434\u043b\u044f \u0442\u044f\u0436\u0435\u043b\u044b\u0445 \u0443\u0441\u043b\u043e\u0432\u0438\u0439 \u044d\u043a\u0441\u043f\u043b\u0443\u0430\u0442\u0430\u0446\u0438\u0438. \u0413\u0438\u0431\u043a\u0438\u0439 \u043f\u0440\u043e\u0437\u0440\u0430\u0447\u043d\u044b\u0439 \u041f\u0412\u0425, \u0432\u044b\u0441\u043e\u043a\u0430\u044f \u043f\u0440\u043e\u0447\u043d\u043e\u0441\u0442\u044c,<\/p>\n<p>\u0418\u0437\u0433\u043e\u0442\u0430\u0432\u043b\u0438\u0432\u0430\u0435\u0442\u0441\u044f \u0441 \u0442\u0432\u0435\u0440\u0434\u044b\u043c \u0430\u0440\u043c\u0438\u0440\u043e\u0432\u0430\u043d\u0438\u0435\u043c \u0438\u0437 \u041f\u0412\u0425, \u043c\u0430\u043a\u0441\u0438\u043c\u0430\u043b\u044c\u043d\u043e \u0443\u0441\u0442\u043e\u0439\u0447\u0438\u0432\u044b\u043c \u043a \u043f\u043e\u043b\u043e\u043c\u043a\u0435. \u0412\u043d\u0443\u0442\u0440\u0435\u043d\u043d\u044f\u044f \u0438 \u0432\u043d\u0435\u0448\u043d\u044f\u044f \u043f\u043e\u0432\u0435\u0440\u0445\u043d\u043e\u0441\u0442\u0438 \u0433\u043b\u0430\u0434\u043a\u0438\u0435.<\/p>\n<p>\u0420\u0430\u0431\u043e\u0447\u0430\u044f \u0442\u0435\u043c\u043f\u0435\u0440\u0430\u0442\u0443\u0440\u0430 \u043e\u0442 -5\u00b0C \u0434\u043e +60\u00b0C. \u041e\u0431\u043b\u0430\u0441\u0442\u0438 \u043f\u0440\u0438\u043c\u0435\u043d\u0435\u043d\u0438\u044f \u0412\u0441\u0435 \u0432\u0438\u0434\u044b \u043f\u0440\u0438\u043c\u0435\u043d\u0435\u043d\u0438\u044f \u0432 \u0441\u0435\u043b\u044c\u0441\u043a\u043e\u043c \u0445\u043e\u0437\u044f\u0439\u0441\u0442\u0432\u0435, \u043f\u0440\u043e\u043c\u044b\u0448\u043b\u0435\u043d\u043d\u043e\u0441\u0442\u0438 \u0438 \u0441\u0442\u0440\u043e\u0438\u0442\u0435\u043b\u044c\u0441\u0442\u0432\u0435.<\/p>\n<p>\u0415\u0433\u043e \u043c\u043e\u0436\u043d\u043e \u0438\u0441\u043f\u043e\u043b\u044c\u0437\u043e\u0432\u0430\u0442\u044c \u0432 \u0442\u044f\u0436\u0435\u043b\u044b\u0445 \u0443\u0441\u043b\u043e\u0432\u0438\u044f\u0445, \u0432\u0441\u0430\u0441\u044b\u0432\u0430\u043d\u0438\u0438 \u043d\u0430\u0441\u043e\u0441\u043e\u0432, \u0442\u0440\u0430\u043d\u0441\u043f\u043e\u0440\u0442\u0438\u0440\u043e\u0432\u043a\u0435 \u0436\u0438\u0434\u043a\u043e\u0441\u0442\u0435\u0439 \u0438 \u0434\u0440\u0443\u0433\u0438\u0445 \u043c\u0430\u0442\u0435\u0440\u0438\u0430\u043b\u043e\u0432.<\/p>\n<div class=\"video video-fit mb\" style=\"padding-top:56.25%;\"><p><iframe loading=\"lazy\" title=\"\u041f\u0443\u0442\u0430\u043d\u0438\u0446\u0430 \u0432 \u0438\u0437\u043c\u0435\u0440\u0435\u043d\u0438\u044f\u0445 (\u0434\u044e\u0439\u043c\u044b, \u043f\u0430\u043b\u044c\u0446\u044b, \u0434\u044b\u043c\u043a\u0430, \u043c\u0438\u043b\u043b\u0438\u043c\u0435\u0442\u0440\u044b)\" width=\"1020\" height=\"574\" src=\"https:\/\/www.youtube.com\/embed\/uKk6AG_AZls?feature=oembed\" frameborder=\"0\" allow=\"accelerometer; autoplay; clipboard-write; encrypted-media; gyroscope; picture-in-picture\" allowfullscreen><\/iframe><\/p>\n<\/div>\n<div class=\"video video-fit mb\" style=\"padding-top:56.25%;\"><p>https:\/\/www.youtube.com\/watch?v=O8ZlzKEjfEQ%20<\/p>\n<\/div>\n<p><img data-recalc-dims=\"1\" loading=\"lazy\" decoding=\"async\" class=\"alignnone size-full wp-image-2022\" src=\"https:\/\/i0.wp.com\/hortum.com.tr\/wp-content\/uploads\/urunler\/plastik\/E-TI%CC%87PI%CC%87-YES%CC%A7I%CC%87L-EMI%CC%87CI%CC%87-SPI%CC%87RAL-HORTUM-STANDART.jpg?resize=510%2C267\" alt=\"\" width=\"510\" height=\"267\" title=\"\"><\/p>","protected":false},"excerpt":{"rendered":"<p>E Tipi Ye\u015fil Emici Hortum (STANDART) \u00d6zellikler A\u011f\u0131r hizmet emici ve verici olarak kullan\u0131labilir. Esnek \u015feffaf PVC, y\u00fcksek mukavemetli, k\u0131r\u0131lmaya kar\u015f\u0131 maksimum dayan\u0131kl\u0131 sert PVC takviyesiyle \u00fcretilmektedir. \u0130\u00e7 ve d\u0131\u015f y\u00fczey d\u00fczd\u00fcr. \u00c7al\u0131\u015fma S\u0131cakl\u0131\u011f\u0131 -5\u00b0C ile +60\u00b0C aras\u0131 Kullan\u0131m Alanlar\u0131 Tar\u0131m, sanayi ve in\u015faat sekt\u00f6r\u00fcnde her t\u00fcrl\u00fc a\u011f\u0131r hizmetlerde, pompa emi\u015flerinde, likit ve sair malzeme [&#8230;]\n","protected":false},"featured_media":2032,"comment_status":"open","ping_status":"closed","template":"","meta":{"jetpack_post_was_ever_published":false},"product_brand":[],"product_cat":[168],"product_tag":[1054,1061,1060,1059,1055,953,1058,1057,1122],"class_list":{"0":"post-870","1":"product","2":"type-product","3":"status-publish","4":"has-post-thumbnail","6":"product_cat-pvc-spiralli-hortumlari","7":"product_tag-emis-hortumu","8":"product_tag-insaat-hortumlari","9":"product_tag-sanayi-hortumlari","10":"product_tag-tarim-hortumlari","11":"product_tag-tekne-hortumu","12":"product_tag-vakum-hortumu","13":"product_tag-vidanjor-hortumu","14":"product_tag-yat-hortumu","15":"product_tag-yesil-emici-hortum","17":"first","18":"instock","19":"taxable","20":"shipping-taxable","21":"product-type-variable"},"jetpack-related-posts":[],"jetpack_sharing_enabled":true,"jetpack_likes_enabled":true,"_links":{"self":[{"href":"https:\/\/tuzlahortum.com.tr\/ru\/wp-json\/wp\/v2\/product\/870","targetHints":{"allow":["GET"]}}],"collection":[{"href":"https:\/\/tuzlahortum.com.tr\/ru\/wp-json\/wp\/v2\/product"}],"about":[{"href":"https:\/\/tuzlahortum.com.tr\/ru\/wp-json\/wp\/v2\/types\/product"}],"replies":[{"embeddable":true,"href":"https:\/\/tuzlahortum.com.tr\/ru\/wp-json\/wp\/v2\/comments?post=870"}],"wp:featuredmedia":[{"embeddable":true,"href":"https:\/\/tuzlahortum.com.tr\/ru\/wp-json\/wp\/v2\/media\/2032"}],"wp:attachment":[{"href":"https:\/\/tuzlahortum.com.tr\/ru\/wp-json\/wp\/v2\/media?parent=870"}],"wp:term":[{"taxonomy":"product_brand","embeddable":true,"href":"https:\/\/tuzlahortum.com.tr\/ru\/wp-json\/wp\/v2\/product_brand?post=870"},{"taxonomy":"product_cat","embeddable":true,"href":"https:\/\/tuzlahortum.com.tr\/ru\/wp-json\/wp\/v2\/product_cat?post=870"},{"taxonomy":"product_tag","embeddable":true,"href":"https:\/\/tuzlahortum.com.tr\/ru\/wp-json\/wp\/v2\/product_tag?post=870"}],"curies":[{"name":"wp","href":"https:\/\/api.w.org\/{rel}","templated":true}]}}