{"id":848,"date":"2019-02-06T23:54:52","date_gmt":"2019-02-06T20:54:52","guid":{"rendered":"http:\/\/hortum.com.tr\/product\/import-placeholder-for-367\/"},"modified":"2024-03-21T17:41:40","modified_gmt":"2024-03-21T14:41:40","slug":"pvcafs","status":"publish","type":"product","link":"https:\/\/tuzlahortum.com.tr\/ru\/product\/pvcafs\/","title":{"rendered":"\u041f\u0412\u041a\u0410\u0424\u0421"},"content":{"rendered":"<h2>\u041f\u0412\u041a\u0410\u0424\u0421<\/h2>\n<div>\u041d\u0435\u0438\u0437\u043e\u043b\u0438\u0440\u043e\u0432\u0430\u043d\u043d\u044b\u0435, \u0430\u0440\u043c\u0438\u0440\u043e\u0432\u0430\u043d\u043d\u044b\u0435 \u0433\u0438\u0431\u043a\u0438\u0435 \u0432\u043e\u0437\u0434\u0443\u0445\u043e\u0432\u043e\u0434\u044b \u0438\u0437 \u041f\u0412\u0425.<\/div>\n<div>\n<h4>\u041e\u0431\u0449\u0438\u0435 \u0445\u0430\u0440\u0430\u043a\u0442\u0435\u0440\u0438\u0441\u0442\u0438\u043a\u0438<\/h4>\n<div class=\"txt\">\n<p>\u041d\u0435\u0438\u0437\u043e\u043b\u0438\u0440\u043e\u0432\u0430\u043d\u043d\u044b\u0435 \u0430\u0440\u043c\u0438\u0440\u043e\u0432\u0430\u043d\u043d\u044b\u0435 \u0433\u0438\u0431\u043a\u0438\u0435 \u0432\u043e\u0437\u0434\u0443\u0445\u043e\u0432\u043e\u0434\u044b \u0438\u0437 \u041f\u0412\u0425 PVCAFS \u043f\u0440\u0435\u0434\u0441\u0442\u0430\u0432\u043b\u044f\u044e\u0442 \u0441\u043e\u0431\u043e\u0439 \u043c\u043d\u043e\u0433\u043e\u0446\u0435\u043b\u0435\u0432\u044b\u0435 \u043d\u0435\u0438\u0437\u043e\u043b\u0438\u0440\u043e\u0432\u0430\u043d\u043d\u044b\u0435 \u0433\u0438\u0431\u043a\u0438\u0435 \u0432\u043e\u0437\u0434\u0443\u0445\u043e\u0432\u043e\u0434\u044b, \u0441\u043f\u0435\u0446\u0438\u0430\u043b\u044c\u043d\u043e \u0440\u0430\u0437\u0440\u0430\u0431\u043e\u0442\u0430\u043d\u043d\u044b\u0435 \u0434\u043b\u044f \u0441\u0438\u0441\u0442\u0435\u043c \u043e\u0442\u043e\u043f\u043b\u0435\u043d\u0438\u044f, \u043e\u0445\u043b\u0430\u0436\u0434\u0435\u043d\u0438\u044f, \u0432\u0435\u043d\u0442\u0438\u043b\u044f\u0446\u0438\u0438, \u043a\u043e\u043d\u0434\u0438\u0446\u0438\u043e\u043d\u0438\u0440\u043e\u0432\u0430\u043d\u0438\u044f, \u043e\u0442\u0432\u043e\u0434\u0430 \u043e\u0442\u0445\u043e\u0434\u044f\u0449\u0438\u0445 \u0433\u0430\u0437\u043e\u0432 \u0438 \u043f\u044b\u043b\u0438, \u0440\u0430\u0431\u043e\u0442\u0430\u044e\u0449\u0438\u0445 \u043f\u0440\u0438 \u043d\u0438\u0437\u043a\u043e\u043c \u0438 \u0441\u0440\u0435\u0434\u043d\u0435\u043c \u0434\u0430\u0432\u043b\u0435\u043d\u0438\u0438.<\/p>\n<p>\u0415\u0433\u043e \u043c\u043e\u0436\u043d\u043e \u0438\u0441\u043f\u043e\u043b\u044c\u0437\u043e\u0432\u0430\u0442\u044c \u0432 \u0441\u0438\u0441\u0442\u0435\u043c\u0430\u0445, \u0442\u0440\u0435\u0431\u0443\u044e\u0449\u0438\u0445 \u0447\u0440\u0435\u0437\u043c\u0435\u0440\u043d\u043e\u0439 \u0432\u0438\u0431\u0440\u0430\u0446\u0438\u0438 \u0438\/\u0438\u043b\u0438 \u043f\u043e\u0441\u0442\u043e\u044f\u043d\u043d\u043e\u0433\u043e \u0434\u0432\u0438\u0436\u0435\u043d\u0438\u044f.<\/p>\n<p>\u041e\u043d \u043f\u0440\u043e\u0438\u0437\u0432\u043e\u0434\u0438\u0442\u0441\u044f \u043f\u0443\u0442\u0435\u043c \u0430\u0440\u043c\u0438\u0440\u043e\u0432\u0430\u043d\u0438\u044f \u0447\u0440\u0435\u0437\u0432\u044b\u0447\u0430\u0439\u043d\u043e \u043f\u0440\u043e\u0447\u043d\u044b\u0445 \u0430\u0440\u043c\u0438\u0440\u043e\u0432\u0430\u043d\u043d\u044b\u0445 \u043f\u043e\u043b\u043e\u0441 \u041f\u0412\u0425 \u0432\u044b\u0441\u043e\u043a\u043e\u043f\u0440\u043e\u0447\u043d\u043e\u0439 \u0441\u043f\u0438\u0440\u0430\u043b\u044c\u043d\u043e\u0439 \u0441\u0442\u0430\u043b\u044c\u043d\u043e\u0439 \u043f\u0440\u043e\u0432\u043e\u043b\u043e\u043a\u043e\u0439.<\/p>\n<p>\u0413\u0438\u0431\u043a\u0438\u0435 \u0432\u043e\u0437\u0434\u0443\u0445\u043e\u0432\u043e\u0434\u044b PVCAFS \u0433\u0435\u0440\u043c\u0435\u0442\u0438\u0447\u043d\u044b.<\/p>\n<p>PVCAFS \u043e\u0431\u043b\u0430\u0434\u0430\u0435\u0442 \u0447\u0440\u0435\u0437\u0432\u044b\u0447\u0430\u0439\u043d\u043e \u0432\u044b\u0441\u043e\u043a\u043e\u0439 \u0433\u0438\u0431\u043a\u043e\u0441\u0442\u044c\u044e, \u0438\u0437\u0433\u0438\u0431\u043e\u043c \u0438 \u0441\u0436\u0438\u043c\u0430\u0435\u043c\u043e\u0441\u0442\u044c\u044e. \u041b\u0435\u0433\u043a\u043e \u043c\u043e\u043d\u0442\u0438\u0440\u0443\u0435\u0442\u0441\u044f \u0432 \u043e\u0432\u0430\u043b\u044c\u043d\u044b\u0435, \u043a\u0440\u0443\u0433\u043b\u044b\u0435 \u0438 \u0443\u0433\u043b\u043e\u0432\u044b\u0435 \u0448\u0432\u044b.<\/p>\n<p>\u0420\u0430\u0437\u043c\u0435\u0440\u044b, \u0434\u043e\u043f\u0443\u0441\u043a\u0438 \u0438 \u043c\u0435\u0445\u0430\u043d\u0438\u0447\u0435\u0441\u043a\u0438\u0435 \u043f\u0440\u043e\u0447\u043d\u043e\u0441\u0442\u043d\u044b\u0435 \u0445\u0430\u0440\u0430\u043a\u0442\u0435\u0440\u0438\u0441\u0442\u0438\u043a\u0438 \u0433\u0438\u0431\u043a\u0438\u0445 \u0432\u043e\u0437\u0434\u0443\u0445\u043e\u0432\u043e\u0434\u043e\u0432 PVCAFS \u043f\u0440\u043e\u0432\u0435\u0440\u0435\u043d\u044b, \u043a\u043b\u0430\u0441\u0441\u0438\u0444\u0438\u0446\u0438\u0440\u043e\u0432\u0430\u043d\u044b \u0438 \u0441\u0435\u0440\u0442\u0438\u0444\u0438\u0446\u0438\u0440\u043e\u0432\u0430\u043d\u044b \u0432 \u0441\u043e\u043e\u0442\u0432\u0435\u0442\u0441\u0442\u0432\u0438\u0438 \u0441\u043e \u0441\u0442\u0430\u043d\u0434\u0430\u0440\u0442\u043e\u043c EN 13180.<\/p>\n<\/div>\n<\/div>\n<div class=\"video video-fit mb\" style=\"padding-top:56.25%;\"><p><iframe loading=\"lazy\" title=\"\u041f\u0443\u0442\u0430\u043d\u0438\u0446\u0430 \u0432 \u0438\u0437\u043c\u0435\u0440\u0435\u043d\u0438\u044f\u0445 (\u0434\u044e\u0439\u043c\u044b, \u043f\u0430\u043b\u044c\u0446\u044b, \u0434\u044b\u043c\u043a\u0430, \u043c\u0438\u043b\u043b\u0438\u043c\u0435\u0442\u0440\u044b)\" width=\"1020\" height=\"574\" src=\"https:\/\/www.youtube.com\/embed\/uKk6AG_AZls?feature=oembed\" frameborder=\"0\" allow=\"accelerometer; autoplay; clipboard-write; encrypted-media; gyroscope; picture-in-picture; web-share\" referrerpolicy=\"strict-origin-when-cross-origin\" allowfullscreen><\/iframe><\/p>\n<\/div>\n<div>\n<h4>\u041e\u0441\u043e\u0431\u0435\u043d\u043d\u043e\u0441\u0442\u0438 \u0438 \u043f\u0440\u0435\u0438\u043c\u0443\u0449\u0435\u0441\u0442\u0432\u0430<\/h4>\n<div class=\"wrp clearfix\">\n<div class=\"tripleContent\">\n<p><b>\u0410\u0420\u041c\u0418\u0420\u041e\u0412\u0410\u041d\u041d\u0410\u042f \u041a\u041e\u041d\u0421\u0422\u0420\u0423\u041a\u0426\u0418\u042f \u0418\u0417 \u041f\u0412\u0425<\/b><\/p>\n<div class=\"txt\">\n<ul>\n<li>\u0423\u0441\u0442\u043e\u0439\u0447\u0438\u0432\u043e\u0441\u0442\u044c \u043a \u0441\u0438\u043b\u044c\u043d\u043e\u0439 \u0432\u0438\u0431\u0440\u0430\u0446\u0438\u0438<\/li>\n<li>\u041f\u0435\u0440\u0435\u043d\u043e\u0441 \u043f\u044b\u043b\u0438 \u0438\/\u0438\u043b\u0438 \u0447\u0430\u0441\u0442\u0438\u0446<\/li>\n<li>\u041d\u0435 \u043f\u0440\u043e\u043f\u0443\u0441\u043a\u0430\u0435\u0442 \u0423\u0424-\u043b\u0443\u0447\u0438<\/li>\n<li>\u0445\u0438\u043c\u0438\u0447\u0435\u0441\u043a\u0430\u044f \u0441\u0442\u043e\u0439\u043a\u043e\u0441\u0442\u044c<\/li>\n<\/ul>\n<\/div>\n<\/div>\n<div class=\"tripleContent\">\n<p><b>\u0413\u0418\u0411\u041a\u0410\u042f \u0418 \u041d\u0415\u041f\u0420\u0415\u0420\u042b\u0412\u041d\u0410\u042f \u0421\u0422\u0420\u0423\u041a\u0422\u0423\u0420\u0410<\/b><\/p>\n<div class=\"txt\">\n<ul>\n<li>\u041b\u0435\u0433\u043a\u043e\u0441\u0442\u044c \u0445\u0440\u0430\u043d\u0435\u043d\u0438\u044f<\/li>\n<li>\u041b\u0435\u0433\u043a\u043e\u0441\u0442\u044c \u0442\u0440\u0430\u043d\u0441\u043f\u043e\u0440\u0442\u0438\u0440\u043e\u0432\u043a\u0438<\/li>\n<li>\u041d\u0438\u0437\u043a\u0438\u0435 \u0437\u0430\u0442\u0440\u0430\u0442\u044b \u043d\u0430 \u0440\u0430\u0431\u043e\u0447\u0443\u044e \u0441\u0438\u043b\u0443<\/li>\n<li>\u0412\u044b\u0441\u043e\u043a\u0430\u044f \u0443\u0441\u0442\u043e\u0439\u0447\u0438\u0432\u043e\u0441\u0442\u044c \u043a \u0440\u0430\u0437\u0440\u044b\u0432\u0430\u043c \u0438 \u0443\u0434\u0430\u0440\u0430\u043c<\/li>\n<li>\u0433\u0435\u0440\u043c\u0435\u0442\u0438\u0437\u0430\u0446\u0438\u044f \u0432\u043e\u0437\u0434\u0443\u0445\u0430<\/li>\n<li>\u044d\u043d\u0435\u0440\u0433\u043e\u044d\u0444\u0444\u0435\u043a\u0442\u0438\u0432\u043d\u043e\u0441\u0442\u044c<\/li>\n<li>\u041d\u0438\u0437\u043a\u0438\u0435 \u0437\u0430\u0442\u0440\u0430\u0442\u044b \u043d\u0430 \u044d\u043a\u0441\u043f\u043b\u0443\u0430\u0442\u0430\u0446\u0438\u044e \u0438 \u0442\u0435\u0445\u043d\u0438\u0447\u0435\u0441\u043a\u043e\u0435 \u043e\u0431\u0441\u043b\u0443\u0436\u0438\u0432\u0430\u043d\u0438\u0435<\/li>\n<\/ul>\n<\/div>\n<\/div>\n<div class=\"tripleContent\">\n<p><b>\u0413\u041b\u0410\u0414\u041a\u0410\u042f \u0412\u041d\u0423\u0422\u0420\u0415\u041d\u041d\u042f\u042f \u041a\u041e\u0416\u0410<\/b><\/p>\n<div class=\"txt\">\n<ul>\n<li>\u041d\u0438\u0437\u043a\u0430\u044f \u043f\u043e\u0442\u0435\u0440\u044f \u0434\u0430\u0432\u043b\u0435\u043d\u0438\u044f<\/li>\n<li>\u041d\u0438\u0437\u043a\u0438\u0435 \u043e\u043f\u0435\u0440\u0430\u0446\u0438\u043e\u043d\u043d\u044b\u0435 \u0440\u0430\u0441\u0445\u043e\u0434\u044b<\/li>\n<\/ul>\n<\/div>\n<\/div>\n<\/div>\n<div class=\"wrp clearfix\">\n<div class=\"tripleContent\">\n<p><b>\u0421\u0422\u0410\u041b\u042c\u041d\u0410\u042f \u041f\u0420\u041e\u0412\u041e\u041b\u041e\u041a\u0410 \u0412\u042b\u0421\u041e\u041a\u041e\u0413\u041e \u041d\u0410\u041f\u0420\u042f\u0416\u0415\u041d\u0418\u042f<\/b><\/p>\n<div class=\"txt\">\n<ul>\n<li>\u0432\u044b\u0441\u043e\u043a\u0430\u044f \u043f\u0440\u043e\u0447\u043d\u043e\u0441\u0442\u044c<\/li>\n<li>\u043d\u0435\u0434\u0435\u0444\u043e\u0440\u043c\u0430\u0446\u0438\u044f<\/li>\n<li>\u041f\u0440\u043e\u0441\u0442\u0430\u044f \u0441\u0431\u043e\u0440\u043a\u0430<\/li>\n<\/ul>\n<\/div>\n<\/div>\n<\/div>\n<\/div>","protected":false},"excerpt":{"rendered":"<p>PVCAFS \u0130zolesiz, takviyeli PVC flexible hava kanallar\u0131 Genel \u00d6zellikler PVCAFS izolesiz takviyeli PVC flexible hava kanallar\u0131, d\u00fc\u015f\u00fck ve orta bas\u0131n\u00e7ta \u00e7al\u0131\u015fan \u0131s\u0131tma, so\u011futma, havaland\u0131rma, iklimlendirme, at\u0131k gaz ve toz aktarma sistemleri i\u00e7in \u00f6zel olarak dizayn edilmi\u015f, \u00e7ok ama\u00e7l\u0131 bir izolesiz (yal\u0131t\u0131ms\u0131z) flexible hava kanal\u0131d\u0131r. A\u015f\u0131r\u0131 titre\u015fimli ve\/veya s\u00fcrekli hareketlilik gerektiren sistemlerde kullan\u0131labilir. Son derece mukavim [&#8230;]\n","protected":false},"featured_media":6854,"comment_status":"open","ping_status":"closed","template":"","meta":{"jetpack_post_was_ever_published":false},"product_brand":[],"product_cat":[139],"product_tag":[265,264,260,261,258,266,262,259,267,263],"class_list":{"0":"post-848","1":"product","2":"type-product","3":"status-publish","4":"has-post-thumbnail","6":"product_cat-pvc-esnek-hava-kanali","7":"product_tag-bukulme","8":"product_tag-esneme","9":"product_tag-havalandirma-ve-iklimlendirme-sistemleri","10":"product_tag-helezon-celik","11":"product_tag-isitma","12":"product_tag-sikistirilabilme","13":"product_tag-sizdirmaz","14":"product_tag-sogutma","15":"product_tag-tasima-kolayligi","16":"product_tag-yogusmayi-engelleme","18":"first","19":"instock","20":"taxable","21":"shipping-taxable","22":"product-type-variable"},"jetpack-related-posts":[{"id":854,"url":"https:\/\/tuzlahortum.com.tr\/ru\/product\/pvcafs-heavy\/","url_meta":{"origin":848,"position":0},"title":"PVCAFS-\u0422\u042f\u0416\u0415\u041b\u042b\u0419","author":"admin","date":"6 \u0444\u0435\u0432\u0440\u0430\u043b\u044f 2019","format":false,"excerpt":"PVCAFS-HEAVY\u0130zolesiz, end\u00fcstriyel takviyeli PVC flexible hava kanallar\u0131 Genel \u00d6zellikler PVCAFS-HEAVY izolesiz end\u00fcstriyel takviyeli PVC flexible hava kanallar\u0131, d\u00fc\u015f\u00fck ve orta bas\u0131n\u00e7ta \u00e7al\u0131\u015fan \u0131s\u0131tma, so\u011futma, havaland\u0131rma, iklimlendirme, at\u0131k gaz ve toz aktarma sistemleri i\u00e7in \u00f6zel olarak dizayn edilmi\u015f, \u00e7ok ama\u00e7l\u0131 bir izolesiz (yal\u0131t\u0131ms\u0131z) flexible hava kanal\u0131d\u0131r. A\u015f\u0131r\u0131 titre\u015fimli ve\/veya s\u00fcrekli hareketlilik\u2026","rel":"","context":"\u041f\u043e\u0445\u043e\u0436\u0430\u044f \u0437\u0430\u043f\u0438\u0441\u044c","block_context":{"text":"\u041f\u043e\u0445\u043e\u0436\u0430\u044f \u0437\u0430\u043f\u0438\u0441\u044c","link":""},"img":{"alt_text":"","src":"https:\/\/i0.wp.com\/tuzlahortum.com.tr\/wp-content\/uploads\/2019\/03\/PVC-AFS-Heavy-.jpg?fit=800%2C800&ssl=1&resize=350%2C200","width":350,"height":200,"srcset":"https:\/\/i0.wp.com\/tuzlahortum.com.tr\/wp-content\/uploads\/2019\/03\/PVC-AFS-Heavy-.jpg?fit=800%2C800&ssl=1&resize=350%2C200 1x, https:\/\/i0.wp.com\/tuzlahortum.com.tr\/wp-content\/uploads\/2019\/03\/PVC-AFS-Heavy-.jpg?fit=800%2C800&ssl=1&resize=525%2C300 1.5x, https:\/\/i0.wp.com\/tuzlahortum.com.tr\/wp-content\/uploads\/2019\/03\/PVC-AFS-Heavy-.jpg?fit=800%2C800&ssl=1&resize=700%2C400 2x"},"classes":[]},{"id":849,"url":"https:\/\/tuzlahortum.com.tr\/ru\/product\/pvcafs-m\/","url_meta":{"origin":848,"position":1},"title":"\u041f\u0412\u0425\u0410\u0424\u0421.\u041c","author":"admin","date":"6 \u0444\u0435\u0432\u0440\u0430\u043b\u044f 2019","format":false,"excerpt":"PVCAFS.M \u0130zolesiz, takviyeli PVC flexible hava kanallar\u0131 Genel \u00d6zellikler D\u00fc\u015f\u00fck ve orta bas\u0131n\u00e7ta \u00e7al\u0131\u015fan \u0131s\u0131tma, so\u011futma, havaland\u0131rma, iklimlendirme sistemleri i\u00e7in \u00f6zel olarak dizayn edilmi\u015f, \u00e7ok ama\u00e7l\u0131 bir izolesiz (yal\u0131t\u0131ms\u0131z) flexible hava kanal\u0131d\u0131r. PVC kapl\u0131 polyester yap\u0131n\u0131n y\u00fcksek gerilimli helezon \u00e7elik tel ile takviyesiyle \u00fcretilmi\u015ftir. PVCAFS.M son derece y\u00fcksek esneme, b\u00fck\u00fclme\u2026","rel":"","context":"\u041f\u043e\u0445\u043e\u0436\u0430\u044f \u0437\u0430\u043f\u0438\u0441\u044c","block_context":{"text":"\u041f\u043e\u0445\u043e\u0436\u0430\u044f \u0437\u0430\u043f\u0438\u0441\u044c","link":""},"img":{"alt_text":"","src":"https:\/\/i0.wp.com\/tuzlahortum.com.tr\/wp-content\/uploads\/2019\/03\/PVCFAS.M.png?fit=800%2C800&ssl=1&resize=350%2C200","width":350,"height":200,"srcset":"https:\/\/i0.wp.com\/tuzlahortum.com.tr\/wp-content\/uploads\/2019\/03\/PVCFAS.M.png?fit=800%2C800&ssl=1&resize=350%2C200 1x, https:\/\/i0.wp.com\/tuzlahortum.com.tr\/wp-content\/uploads\/2019\/03\/PVCFAS.M.png?fit=800%2C800&ssl=1&resize=525%2C300 1.5x, https:\/\/i0.wp.com\/tuzlahortum.com.tr\/wp-content\/uploads\/2019\/03\/PVCFAS.M.png?fit=800%2C800&ssl=1&resize=700%2C400 2x"},"classes":[]},{"id":588,"url":"https:\/\/tuzlahortum.com.tr\/ru\/product\/aluafs-hijyen-green\/","url_meta":{"origin":848,"position":2},"title":"\u0410\u041b\u0423\u0410\u0424\u0421 \u0413\u0418\u0413\u0418\u0415\u041d\u0410 \u0417\u0415\u041b\u0415\u041d\u042b\u0419","author":"admin","date":"6 \u0444\u0435\u0432\u0440\u0430\u043b\u044f 2019","format":false,"excerpt":"ALUAFS H\u0130JYEN GREENGreenguard sertifikal\u0131, izolesiz, hijyen al\u00fcminyum flexible hava kanallar\u0131 Genel \u00d6zellikler Flexible Kanal Konstr\u00fcksiyonu 3 kat Al\u00fcminyum + 2 kat Polyester + Hijyen Kaplama Flexible Kanal Nominal Kal\u0131nl\u0131\u011f\u0131 70 mikron + Hijyen Kaplama \u00c7ap Aral\u0131\u011f\u0131 82 mm - 800 mm \u00c7al\u0131\u015fma S\u0131cakl\u0131\u011f\u0131 Aral\u0131\u011f\u0131 -30 \u00b0C \/ +150 \u00b0C Hava\u2026","rel":"","context":"\u041f\u043e\u0445\u043e\u0436\u0430\u044f \u0437\u0430\u043f\u0438\u0441\u044c","block_context":{"text":"\u041f\u043e\u0445\u043e\u0436\u0430\u044f \u0437\u0430\u043f\u0438\u0441\u044c","link":""},"img":{"alt_text":"","src":"https:\/\/i0.wp.com\/tuzlahortum.com.tr\/wp-content\/uploads\/2019\/03\/ALUAFS-HYGIENE-GREEN.png?fit=800%2C800&ssl=1&resize=350%2C200","width":350,"height":200,"srcset":"https:\/\/i0.wp.com\/tuzlahortum.com.tr\/wp-content\/uploads\/2019\/03\/ALUAFS-HYGIENE-GREEN.png?fit=800%2C800&ssl=1&resize=350%2C200 1x, https:\/\/i0.wp.com\/tuzlahortum.com.tr\/wp-content\/uploads\/2019\/03\/ALUAFS-HYGIENE-GREEN.png?fit=800%2C800&ssl=1&resize=525%2C300 1.5x, https:\/\/i0.wp.com\/tuzlahortum.com.tr\/wp-content\/uploads\/2019\/03\/ALUAFS-HYGIENE-GREEN.png?fit=800%2C800&ssl=1&resize=700%2C400 2x"},"classes":[]},{"id":846,"url":"https:\/\/tuzlahortum.com.tr\/ru\/product\/polyafs\/","url_meta":{"origin":848,"position":3},"title":"\u041f\u041e\u041b\u042f\u0424\u0421","author":"admin","date":"6 \u0444\u0435\u0432\u0440\u0430\u043b\u044f 2019","format":false,"excerpt":"POLYAFS\u0130zolesiz polyester flexible flexible hava kanallar\u0131 Genel \u00d6zellikler Flexible Kanal Konstr\u00fcksiyonu 2 kat Polyester Flexible Kanal Nominal Kal\u0131nl\u0131\u011f\u0131 30 mikron \u00c7ap Aral\u0131\u011f\u0131 82 mm - 800 mm \u00c7al\u0131\u015fma S\u0131cakl\u0131\u011f\u0131 Aral\u0131\u011f\u0131 -30 \u00b0C \/ +120 \u00b0C Hava Ak\u0131\u015f H\u0131z\u0131 30 m\/s (maksimum) \u00c7al\u0131\u015fma Bas\u0131nc\u0131 3000 Pa (maksimum) Standart Uzunluk 7.6 m\u2026","rel":"","context":"\u041f\u043e\u0445\u043e\u0436\u0430\u044f \u0437\u0430\u043f\u0438\u0441\u044c","block_context":{"text":"\u041f\u043e\u0445\u043e\u0436\u0430\u044f \u0437\u0430\u043f\u0438\u0441\u044c","link":""},"img":{"alt_text":"","src":"https:\/\/i0.wp.com\/tuzlahortum.com.tr\/wp-content\/uploads\/2019\/03\/POLYAFS.png?fit=800%2C800&ssl=1&resize=350%2C200","width":350,"height":200,"srcset":"https:\/\/i0.wp.com\/tuzlahortum.com.tr\/wp-content\/uploads\/2019\/03\/POLYAFS.png?fit=800%2C800&ssl=1&resize=350%2C200 1x, https:\/\/i0.wp.com\/tuzlahortum.com.tr\/wp-content\/uploads\/2019\/03\/POLYAFS.png?fit=800%2C800&ssl=1&resize=525%2C300 1.5x, https:\/\/i0.wp.com\/tuzlahortum.com.tr\/wp-content\/uploads\/2019\/03\/POLYAFS.png?fit=800%2C800&ssl=1&resize=700%2C400 2x"},"classes":[]},{"id":586,"url":"https:\/\/tuzlahortum.com.tr\/ru\/product\/aluafs-forte-green\/","url_meta":{"origin":848,"position":4},"title":"\u0410\u041b\u0423\u0410\u0424\u0421 \u0424\u041e\u0420\u0422\u0415 \u0417\u0415\u041b\u0415\u041d\u042b\u0419","author":"admin","date":"6 \u0444\u0435\u0432\u0440\u0430\u043b\u044f 2019","format":false,"excerpt":"ALUAFS FORTE GREENGreenguard sertifikal\u0131, y\u00fcksek mukavemetli, izolesiz aluminyum flexible hava kanallar\u0131 Genel \u00d6zellikler Flexible Kanal Konstr\u00fcksiyonu 3 kat Al\u00fcminyum + 2 kat Polyester Flexible Kanal Nominal Kal\u0131nl\u0131\u011f\u0131 70 mikron \u00c7ap Aral\u0131\u011f\u0131 52 mm - 800 mm \u00c7al\u0131\u015fma S\u0131cakl\u0131\u011f\u0131 Aral\u0131\u011f\u0131 -30 \u00b0C \/ +150 \u00b0C Hava Ak\u0131\u015f H\u0131z\u0131 30 m\/s (maksimum)\u2026","rel":"","context":"\u041f\u043e\u0445\u043e\u0436\u0430\u044f \u0437\u0430\u043f\u0438\u0441\u044c","block_context":{"text":"\u041f\u043e\u0445\u043e\u0436\u0430\u044f \u0437\u0430\u043f\u0438\u0441\u044c","link":""},"img":{"alt_text":"","src":"https:\/\/i0.wp.com\/tuzlahortum.com.tr\/wp-content\/uploads\/2019\/03\/ALUAFS.70-FORTE-GREEN.png?fit=800%2C800&ssl=1&resize=350%2C200","width":350,"height":200,"srcset":"https:\/\/i0.wp.com\/tuzlahortum.com.tr\/wp-content\/uploads\/2019\/03\/ALUAFS.70-FORTE-GREEN.png?fit=800%2C800&ssl=1&resize=350%2C200 1x, https:\/\/i0.wp.com\/tuzlahortum.com.tr\/wp-content\/uploads\/2019\/03\/ALUAFS.70-FORTE-GREEN.png?fit=800%2C800&ssl=1&resize=525%2C300 1.5x, https:\/\/i0.wp.com\/tuzlahortum.com.tr\/wp-content\/uploads\/2019\/03\/ALUAFS.70-FORTE-GREEN.png?fit=800%2C800&ssl=1&resize=700%2C400 2x"},"classes":[]},{"id":847,"url":"https:\/\/tuzlahortum.com.tr\/ru\/product\/isoafs-pvc-m\/","url_meta":{"origin":848,"position":5},"title":"\u0418\u0421\u041e\u0410\u0424\u0421-\u041f\u0412\u0425.\u041c","author":"admin","date":"6 \u0444\u0435\u0432\u0440\u0430\u043b\u044f 2019","format":false,"excerpt":"ISOAFS-PVC.M Duvar PVC Kapl\u0131 Polyester A\u011f Duvar Kal\u0131nl\u0131\u011f\u0131 220 mikron Hava Ak\u0131\u015f H\u0131z\u0131 30 m\/s (maksimum) Paketleme Tekli karton kutu ISOAFS-PVC.M \u0131s\u0131 izoleli takviyeli PVC flexible hava kanallar\u0131, d\u00fc\u015f\u00fck ve orta bas\u0131n\u00e7ta \u00e7al\u0131\u015fan \u0131s\u0131tma, so\u011futma, havaland\u0131rma, iklimlendirme sistemleri i\u00e7in \u00f6zel olarak dizayn edilmi\u015f, \u00e7ok ama\u00e7l\u0131 bir \u0131s\u0131 izoleli (yal\u0131t\u0131ml\u0131) flexible\u2026","rel":"","context":"\u041f\u043e\u0445\u043e\u0436\u0430\u044f \u0437\u0430\u043f\u0438\u0441\u044c","block_context":{"text":"\u041f\u043e\u0445\u043e\u0436\u0430\u044f \u0437\u0430\u043f\u0438\u0441\u044c","link":""},"img":{"alt_text":"","src":"https:\/\/i0.wp.com\/tuzlahortum.com.tr\/wp-content\/uploads\/2019\/03\/ISOAFS-PVC.M.png?fit=800%2C800&ssl=1&resize=350%2C200","width":350,"height":200,"srcset":"https:\/\/i0.wp.com\/tuzlahortum.com.tr\/wp-content\/uploads\/2019\/03\/ISOAFS-PVC.M.png?fit=800%2C800&ssl=1&resize=350%2C200 1x, https:\/\/i0.wp.com\/tuzlahortum.com.tr\/wp-content\/uploads\/2019\/03\/ISOAFS-PVC.M.png?fit=800%2C800&ssl=1&resize=525%2C300 1.5x, https:\/\/i0.wp.com\/tuzlahortum.com.tr\/wp-content\/uploads\/2019\/03\/ISOAFS-PVC.M.png?fit=800%2C800&ssl=1&resize=700%2C400 2x"},"classes":[]}],"jetpack_sharing_enabled":true,"jetpack_likes_enabled":true,"_links":{"self":[{"href":"https:\/\/tuzlahortum.com.tr\/ru\/wp-json\/wp\/v2\/product\/848","targetHints":{"allow":["GET"]}}],"collection":[{"href":"https:\/\/tuzlahortum.com.tr\/ru\/wp-json\/wp\/v2\/product"}],"about":[{"href":"https:\/\/tuzlahortum.com.tr\/ru\/wp-json\/wp\/v2\/types\/product"}],"replies":[{"embeddable":true,"href":"https:\/\/tuzlahortum.com.tr\/ru\/wp-json\/wp\/v2\/comments?post=848"}],"wp:featuredmedia":[{"embeddable":true,"href":"https:\/\/tuzlahortum.com.tr\/ru\/wp-json\/wp\/v2\/media\/6854"}],"wp:attachment":[{"href":"https:\/\/tuzlahortum.com.tr\/ru\/wp-json\/wp\/v2\/media?parent=848"}],"wp:term":[{"taxonomy":"product_brand","embeddable":true,"href":"https:\/\/tuzlahortum.com.tr\/ru\/wp-json\/wp\/v2\/product_brand?post=848"},{"taxonomy":"product_cat","embeddable":true,"href":"https:\/\/tuzlahortum.com.tr\/ru\/wp-json\/wp\/v2\/product_cat?post=848"},{"taxonomy":"product_tag","embeddable":true,"href":"https:\/\/tuzlahortum.com.tr\/ru\/wp-json\/wp\/v2\/product_tag?post=848"}],"curies":[{"name":"wp","href":"https:\/\/api.w.org\/{rel}","templated":true}]}}