{"id":847,"date":"2019-02-06T23:54:35","date_gmt":"2019-02-06T20:54:35","guid":{"rendered":"http:\/\/hortum.com.tr\/product\/import-placeholder-for-375\/"},"modified":"2024-03-21T17:41:41","modified_gmt":"2024-03-21T14:41:41","slug":"isoafs-pvc-m","status":"publish","type":"product","link":"https:\/\/tuzlahortum.com.tr\/ru\/product\/isoafs-pvc-m\/","title":{"rendered":"\u0418\u0421\u041e\u0410\u0424\u0421-\u041f\u0412\u0425.\u041c"},"content":{"rendered":"<h2>\u0418\u0421\u041e\u0410\u0424\u0421-\u041f\u0412\u0425.\u041c<\/h2>\n<div id=\"collapseThree\" class=\"panel-collapse collapse in\" role=\"tabpanel\" aria-labelledby=\"headingThree\" aria-expanded=\"true\">\n<div class=\"panel-body\">\n<div>\n<table class=\"table table-hover table-bordered\">\n<tbody>\n<tr>\n<th class=\"urunDetayth\">\u0421\u0442\u0435\u043d\u0430<\/th>\n<td>\u041f\u043e\u043b\u0438\u044d\u0444\u0438\u0440\u043d\u0430\u044f \u0441\u0435\u0442\u043a\u0430 \u0441 \u041f\u0412\u0425-\u043f\u043e\u043a\u0440\u044b\u0442\u0438\u0435\u043c<\/td>\n<\/tr>\n<tr>\n<th class=\"urunDetayth\">\u0422\u043e\u043b\u0449\u0438\u043d\u0430 \u0441\u0442\u0435\u043d\u044b<\/th>\n<td>220 \u043c\u0438\u043a\u0440\u043e\u043d<\/td>\n<\/tr>\n<tr>\n<th class=\"urunDetayth\">\u0420\u0430\u0441\u0445\u043e\u0434 \u0432\u043e\u0437\u0434\u0443\u0445\u0430<\/th>\n<td>30 \u043c\/\u0441 (\u043c\u0430\u043a\u0441\u0438\u043c\u0443\u043c)<\/td>\n<\/tr>\n<tr>\n<th class=\"urunDetayth\">\u0423\u043f\u0430\u043a\u043e\u0432\u043a\u0430<\/th>\n<td>\u043e\u0434\u043d\u0430 \u043a\u0430\u0440\u0442\u043e\u043d\u043d\u0430\u044f \u043a\u043e\u0440\u043e\u0431\u043a\u0430<\/td>\n<\/tr>\n<\/tbody>\n<\/table>\n<\/div>\n<div class=\"video video-fit mb\" style=\"padding-top:56.25%;\"><p><iframe loading=\"lazy\" title=\"\u041f\u0443\u0442\u0430\u043d\u0438\u0446\u0430 \u0432 \u0438\u0437\u043c\u0435\u0440\u0435\u043d\u0438\u044f\u0445 (\u0434\u044e\u0439\u043c\u044b, \u043f\u0430\u043b\u044c\u0446\u044b, \u0434\u044b\u043c\u043a\u0430, \u043c\u0438\u043b\u043b\u0438\u043c\u0435\u0442\u0440\u044b)\" width=\"1020\" height=\"574\" src=\"https:\/\/www.youtube.com\/embed\/uKk6AG_AZls?feature=oembed\" frameborder=\"0\" allow=\"accelerometer; autoplay; clipboard-write; encrypted-media; gyroscope; picture-in-picture; web-share\" referrerpolicy=\"strict-origin-when-cross-origin\" allowfullscreen><\/iframe><\/p>\n<\/div>\n<div><\/div>\n<div>\u0412\u043e\u0437\u0434\u0443\u0445\u043e\u0432\u043e\u0434\u044b \u0433\u0438\u0431\u043a\u0438\u0435 \u0442\u0435\u043f\u043b\u043e\u0438\u0437\u043e\u043b\u0438\u0440\u043e\u0432\u0430\u043d\u043d\u044b\u0435 \u0430\u0440\u043c\u0438\u0440\u043e\u0432\u0430\u043d\u043d\u044b\u0435 \u041f\u0412\u0425 ISOAFS-PVC.M \u2013 \u044d\u0442\u043e \u0443\u043d\u0438\u0432\u0435\u0440\u0441\u0430\u043b\u044c\u043d\u044b\u0439 \u0442\u0435\u043f\u043b\u043e\u0438\u0437\u043e\u043b\u0438\u0440\u043e\u0432\u0430\u043d\u043d\u044b\u0439 \u0433\u0438\u0431\u043a\u0438\u0439 \u0432\u043e\u0437\u0434\u0443\u0445\u043e\u0432\u043e\u0434, \u0441\u043f\u0435\u0446\u0438\u0430\u043b\u044c\u043d\u043e \u0440\u0430\u0437\u0440\u0430\u0431\u043e\u0442\u0430\u043d\u043d\u044b\u0439 \u0434\u043b\u044f \u0441\u0438\u0441\u0442\u0435\u043c \u043e\u0442\u043e\u043f\u043b\u0435\u043d\u0438\u044f, \u043e\u0445\u043b\u0430\u0436\u0434\u0435\u043d\u0438\u044f, \u0432\u0435\u043d\u0442\u0438\u043b\u044f\u0446\u0438\u0438 \u0438 \u043a\u043e\u043d\u0434\u0438\u0446\u0438\u043e\u043d\u0438\u0440\u043e\u0432\u0430\u043d\u0438\u044f \u0432\u043e\u0437\u0434\u0443\u0445\u0430, \u0440\u0430\u0431\u043e\u0442\u0430\u044e\u0449\u0438\u0445 \u043f\u0440\u0438 \u043d\u0438\u0437\u043a\u043e\u043c \u0438 \u0441\u0440\u0435\u0434\u043d\u0435\u043c \u0434\u0430\u0432\u043b\u0435\u043d\u0438\u0438.<\/div>\n<div><\/div>\n<div>\u0418\u0437\u0433\u043e\u0442\u0430\u0432\u043b\u0438\u0432\u0430\u0435\u0442\u0441\u044f \u043f\u0443\u0442\u0435\u043c \u0438\u0437\u043e\u043b\u044f\u0446\u0438\u0438 \u0438\u0437\u0434\u0435\u043b\u0438\u044f \u041f\u0412\u0425\u0410\u0424\u0421.\u041c, \u043a\u043e\u0442\u043e\u0440\u043e\u0435 \u043f\u0440\u043e\u0438\u0437\u0432\u043e\u0434\u0438\u0442\u0441\u044f \u043f\u0443\u0442\u0435\u043c \u0430\u0440\u043c\u0438\u0440\u043e\u0432\u0430\u043d\u0438\u044f \u043f\u043e\u043b\u0438\u044d\u0444\u0438\u0440\u043d\u043e\u0439 \u0441\u0442\u0440\u0443\u043a\u0442\u0443\u0440\u044b \u0441 \u041f\u0412\u0425-\u043f\u043e\u043a\u0440\u044b\u0442\u0438\u0435\u043c \u0432\u044b\u0441\u043e\u043a\u043e\u043f\u0440\u043e\u0447\u043d\u043e\u0439 \u0441\u043f\u0438\u0440\u0430\u043b\u044c\u043d\u043e\u0439 \u0441\u0442\u0430\u043b\u044c\u043d\u043e\u0439 \u043f\u0440\u043e\u0432\u043e\u043b\u043e\u043a\u043e\u0439, \u0441\u0442\u0435\u043a\u043b\u043e\u0432\u0430\u0442\u043e\u0439. \u041d\u0430 \u0438\u0437\u043e\u043b\u044f\u0446\u0438\u043e\u043d\u043d\u044b\u0439 \u043c\u0430\u0442\u0435\u0440\u0438\u0430\u043b \u0443\u043a\u043b\u0430\u0434\u044b\u0432\u0430\u0435\u0442\u0441\u044f \u043f\u043e\u043b\u0438\u044d\u0442\u0438\u043b\u0435\u043d\u043e\u0432\u0430\u044f \u043e\u0431\u043e\u043b\u043e\u0447\u043a\u0430, \u0442\u043e \u0435\u0441\u0442\u044c \u0432\u043b\u0430\u0433\u043e\u0437\u0430\u0449\u0438\u0442\u0430.<\/div>\n<div><\/div>\n<div>ISOAFS-\u041f\u0412\u0425.\u041c \u043e\u0431\u043b\u0430\u0434\u0430\u0435\u0442 \u0447\u0440\u0435\u0437\u0432\u044b\u0447\u0430\u0439\u043d\u043e \u0432\u044b\u0441\u043e\u043a\u043e\u0439 \u0433\u0438\u0431\u043a\u043e\u0441\u0442\u044c\u044e, \u0438\u0437\u0433\u0438\u0431\u043e\u043c \u0438 \u0441\u0436\u0438\u043c\u0430\u0435\u043c\u043e\u0441\u0442\u044c\u044e. \u041b\u0435\u0433\u043a\u043e \u043c\u043e\u043d\u0442\u0438\u0440\u0443\u0435\u0442\u0441\u044f \u0432 \u043e\u0432\u0430\u043b\u044c\u043d\u044b\u0435, \u043a\u0440\u0443\u0433\u043b\u044b\u0435 \u0438 \u0443\u0433\u043b\u043e\u0432\u044b\u0435 \u0448\u0432\u044b.<\/div>\n<div><\/div>\n<div>\u0420\u0430\u0437\u043c\u0435\u0440\u044b, \u0434\u043e\u043f\u0443\u0441\u043a\u0438 \u0438 \u043c\u0435\u0445\u0430\u043d\u0438\u0447\u0435\u0441\u043a\u0438 \u043f\u0440\u043e\u0447\u043d\u043e\u0441\u0442\u043d\u044b\u0435 \u0445\u0430\u0440\u0430\u043a\u0442\u0435\u0440\u0438\u0441\u0442\u0438\u043a\u0438 \u0433\u0438\u0431\u043a\u0438\u0445 \u0432\u043e\u0437\u0434\u0443\u0445\u043e\u0432\u043e\u0434\u043e\u0432 ISOAFS-PVC.M \u043f\u0440\u043e\u0432\u0435\u0440\u0435\u043d\u044b, \u043a\u043b\u0430\u0441\u0441\u0438\u0444\u0438\u0446\u0438\u0440\u043e\u0432\u0430\u043d\u044b \u0438 \u0441\u0435\u0440\u0442\u0438\u0444\u0438\u0446\u0438\u0440\u043e\u0432\u0430\u043d\u044b \u0432 \u0441\u043e\u043e\u0442\u0432\u0435\u0442\u0441\u0442\u0432\u0438\u0438 \u0441\u043e \u0441\u0442\u0430\u043d\u0434\u0430\u0440\u0442\u043e\u043c EN 13180.<\/div>\n<\/div>\n<\/div>","protected":false},"excerpt":{"rendered":"<p>ISOAFS-PVC.M Duvar PVC Kapl\u0131 Polyester A\u011f Duvar Kal\u0131nl\u0131\u011f\u0131 220 mikron Hava Ak\u0131\u015f H\u0131z\u0131 30 m\/s (maksimum) Paketleme Tekli karton kutu ISOAFS-PVC.M \u0131s\u0131 izoleli takviyeli PVC flexible hava kanallar\u0131, d\u00fc\u015f\u00fck ve orta bas\u0131n\u00e7ta \u00e7al\u0131\u015fan \u0131s\u0131tma, so\u011futma, havaland\u0131rma, iklimlendirme sistemleri i\u00e7in \u00f6zel olarak dizayn edilmi\u015f, \u00e7ok ama\u00e7l\u0131 bir \u0131s\u0131 izoleli (yal\u0131t\u0131ml\u0131) flexible hava kanal\u0131d\u0131r. PVC kapl\u0131 polyester [&#8230;]\n","protected":false},"featured_media":6747,"comment_status":"open","ping_status":"closed","template":"","meta":{"jetpack_post_was_ever_published":false},"product_brand":[],"product_cat":[139],"product_tag":[265,264,260,261,258,266,262,259,267,263],"class_list":{"0":"post-847","1":"product","2":"type-product","3":"status-publish","4":"has-post-thumbnail","6":"product_cat-pvc-esnek-hava-kanali","7":"product_tag-bukulme","8":"product_tag-esneme","9":"product_tag-havalandirma-ve-iklimlendirme-sistemleri","10":"product_tag-helezon-celik","11":"product_tag-isitma","12":"product_tag-sikistirilabilme","13":"product_tag-sizdirmaz","14":"product_tag-sogutma","15":"product_tag-tasima-kolayligi","16":"product_tag-yogusmayi-engelleme","18":"first","19":"instock","20":"taxable","21":"shipping-taxable","22":"product-type-variable"},"jetpack-related-posts":[],"jetpack_sharing_enabled":true,"jetpack_likes_enabled":true,"_links":{"self":[{"href":"https:\/\/tuzlahortum.com.tr\/ru\/wp-json\/wp\/v2\/product\/847","targetHints":{"allow":["GET"]}}],"collection":[{"href":"https:\/\/tuzlahortum.com.tr\/ru\/wp-json\/wp\/v2\/product"}],"about":[{"href":"https:\/\/tuzlahortum.com.tr\/ru\/wp-json\/wp\/v2\/types\/product"}],"replies":[{"embeddable":true,"href":"https:\/\/tuzlahortum.com.tr\/ru\/wp-json\/wp\/v2\/comments?post=847"}],"wp:featuredmedia":[{"embeddable":true,"href":"https:\/\/tuzlahortum.com.tr\/ru\/wp-json\/wp\/v2\/media\/6747"}],"wp:attachment":[{"href":"https:\/\/tuzlahortum.com.tr\/ru\/wp-json\/wp\/v2\/media?parent=847"}],"wp:term":[{"taxonomy":"product_brand","embeddable":true,"href":"https:\/\/tuzlahortum.com.tr\/ru\/wp-json\/wp\/v2\/product_brand?post=847"},{"taxonomy":"product_cat","embeddable":true,"href":"https:\/\/tuzlahortum.com.tr\/ru\/wp-json\/wp\/v2\/product_cat?post=847"},{"taxonomy":"product_tag","embeddable":true,"href":"https:\/\/tuzlahortum.com.tr\/ru\/wp-json\/wp\/v2\/product_tag?post=847"}],"curies":[{"name":"wp","href":"https:\/\/api.w.org\/{rel}","templated":true}]}}