{"id":842,"date":"2019-02-06T23:54:34","date_gmt":"2019-02-06T20:54:34","guid":{"rendered":"http:\/\/hortum.com.tr\/product\/import-placeholder-for-597\/"},"modified":"2024-03-21T17:41:44","modified_gmt":"2024-03-21T14:41:44","slug":"e-tipi-poliropilen-kamlok","status":"publish","type":"product","link":"https:\/\/tuzlahortum.com.tr\/ru\/product\/e-tipi-poliropilen-kamlok\/","title":{"rendered":"\u041f\u043e\u043b\u0438\u043f\u0440\u043e\u043f\u0438\u043b\u0435\u043d\u043e\u0432\u044b\u0439 \u043a\u0430\u043c\u043b\u043e\u043a \u0442\u0438\u043f\u0430 E"},"content":{"rendered":"<h2>\u041f\u043e\u043b\u0438\u043f\u0440\u043e\u043f\u0438\u043b\u0435\u043d\u043e\u0432\u044b\u0439 \u043a\u0430\u043c\u043b\u043e\u043a \u0442\u0438\u043f\u0430 E<\/h2>\n<p>https:\/\/www.youtube.com\/watch?v=O8ZlzKEjfEQ<\/p>\n<p style=\"text-align: center;\">\n    <a href=\"https:\/\/www.flow-hose.com.tr\/technical-info\/2-2\/kamloklar\" target=\"_blank\" class=\"button\" style=\"margin-top:12px;\" rel=\"noopener\">\u041d\u0430\u0436\u043c\u0438\u0442\u0435, \u0447\u0442\u043e\u0431\u044b \u043f\u0440\u043e\u0441\u043c\u043e\u0442\u0440\u0435\u0442\u044c \u0440\u0443\u043a\u043e\u0432\u043e\u0434\u0441\u0442\u0432\u043e \u043f\u043e \u041a\u0430\u043c\u043b\u043e\u043a\u0443<\/a><\/p>","protected":false},"excerpt":{"rendered":"<p>E Tipi Poliropilen Kamlok https:\/\/www.youtube.com\/watch?v=O8ZlzKEjfEQ Kamlok Rehberi i\u00e7in t\u0131klay\u0131n\u0131z<\/p>","protected":false},"featured_media":12590,"comment_status":"open","ping_status":"closed","template":"","meta":{"jetpack_post_was_ever_published":false},"product_brand":[],"product_cat":[2330],"product_tag":[271,279,278,270,269,277,2332,274,276,275],"class_list":{"0":"post-842","1":"product","2":"type-product","3":"status-publish","4":"has-post-thumbnail","6":"product_cat-polipropilen-kamloklar","7":"product_tag-baglanti-elemani","8":"product_tag-e-tipi","9":"product_tag-hizli-baglanti","10":"product_tag-hortum-baglantisi","11":"product_tag-kamlok","12":"product_tag-kolay-baglanti","13":"product_tag-poliropilen","14":"product_tag-sok","15":"product_tag-sok-tak","16":"product_tag-tak","18":"first","19":"instock","20":"taxable","21":"shipping-taxable","22":"product-type-variable"},"jetpack-related-posts":[{"id":705,"url":"https:\/\/tuzlahortum.com.tr\/ru\/product\/a-tipi-poliropilen-kamlok\/","url_meta":{"origin":842,"position":0},"title":"\u0422\u0438\u043f \u043f\u043e\u043b\u0438\u043f\u0440\u043e\u043f\u0438\u043b\u0435\u043d\u043e\u0432\u044b\u0439 \u043a\u0430\u043c\u043b\u043e\u043a","author":"admin","date":"6 \u0444\u0435\u0432\u0440\u0430\u043b\u044f 2019","format":false,"excerpt":"A Tipi Poliropilen Kamlokhttps:\/\/www.youtube.com\/watch?v=O8ZlzKEjfEQ Kamlok Rehberi i\u00e7in t\u0131klay\u0131n\u0131z","rel":"","context":"\u041f\u043e\u0445\u043e\u0436\u0430\u044f \u0437\u0430\u043f\u0438\u0441\u044c","block_context":{"text":"\u041f\u043e\u0445\u043e\u0436\u0430\u044f \u0437\u0430\u043f\u0438\u0441\u044c","link":""},"img":{"alt_text":"","src":"https:\/\/i0.wp.com\/tuzlahortum.com.tr\/wp-content\/uploads\/2019\/02\/PPA.jpg?fit=901%2C579&ssl=1&resize=350%2C200","width":350,"height":200,"srcset":"https:\/\/i0.wp.com\/tuzlahortum.com.tr\/wp-content\/uploads\/2019\/02\/PPA.jpg?fit=901%2C579&ssl=1&resize=350%2C200 1x, https:\/\/i0.wp.com\/tuzlahortum.com.tr\/wp-content\/uploads\/2019\/02\/PPA.jpg?fit=901%2C579&ssl=1&resize=525%2C300 1.5x, https:\/\/i0.wp.com\/tuzlahortum.com.tr\/wp-content\/uploads\/2019\/02\/PPA.jpg?fit=901%2C579&ssl=1&resize=700%2C400 2x"},"classes":[]},{"id":707,"url":"https:\/\/tuzlahortum.com.tr\/ru\/product\/c-tipi-poliropilen-kamlok\/","url_meta":{"origin":842,"position":1},"title":"\u041f\u043e\u043b\u0438\u043f\u0440\u043e\u043f\u0438\u043b\u0435\u043d\u043e\u0432\u044b\u0439 \u043a\u0430\u043c\u043b\u043e\u043a \u0442\u0438\u043f\u0430 C","author":"admin","date":"6 \u0444\u0435\u0432\u0440\u0430\u043b\u044f 2019","format":false,"excerpt":"C Tipi Poliropilen Kamlokhttps:\/\/www.youtube.com\/watch?v=O8ZlzKEjfEQ Kamlok Rehberi i\u00e7in t\u0131klay\u0131n\u0131z","rel":"","context":"\u041f\u043e\u0445\u043e\u0436\u0430\u044f \u0437\u0430\u043f\u0438\u0441\u044c","block_context":{"text":"\u041f\u043e\u0445\u043e\u0436\u0430\u044f \u0437\u0430\u043f\u0438\u0441\u044c","link":""},"img":{"alt_text":"","src":"https:\/\/i0.wp.com\/tuzlahortum.com.tr\/wp-content\/uploads\/2019\/02\/PPC.jpg?fit=900%2C580&ssl=1&resize=350%2C200","width":350,"height":200,"srcset":"https:\/\/i0.wp.com\/tuzlahortum.com.tr\/wp-content\/uploads\/2019\/02\/PPC.jpg?fit=900%2C580&ssl=1&resize=350%2C200 1x, https:\/\/i0.wp.com\/tuzlahortum.com.tr\/wp-content\/uploads\/2019\/02\/PPC.jpg?fit=900%2C580&ssl=1&resize=525%2C300 1.5x, https:\/\/i0.wp.com\/tuzlahortum.com.tr\/wp-content\/uploads\/2019\/02\/PPC.jpg?fit=900%2C580&ssl=1&resize=700%2C400 2x"},"classes":[]},{"id":708,"url":"https:\/\/tuzlahortum.com.tr\/ru\/product\/dc-tipi-poliropilen-kamlok\/","url_meta":{"origin":842,"position":2},"title":"\u041f\u043e\u043b\u0438\u043f\u0440\u043e\u043f\u0438\u043b\u0435\u043d\u043e\u0432\u044b\u0439 \u043a\u0430\u043c\u043b\u043e\u043a \u043f\u043e\u0441\u0442\u043e\u044f\u043d\u043d\u043e\u0433\u043e \u0442\u043e\u043a\u0430","author":"admin","date":"6 \u0444\u0435\u0432\u0440\u0430\u043b\u044f 2019","format":false,"excerpt":"DC Tipi Poliropilen Kamlokhttps:\/\/www.youtube.com\/watch?v=O8ZlzKEjfEQ Kamlok Rehberi i\u00e7in t\u0131klay\u0131n\u0131z","rel":"","context":"\u041f\u043e\u0445\u043e\u0436\u0430\u044f \u0437\u0430\u043f\u0438\u0441\u044c","block_context":{"text":"\u041f\u043e\u0445\u043e\u0436\u0430\u044f \u0437\u0430\u043f\u0438\u0441\u044c","link":""},"img":{"alt_text":"","src":"https:\/\/i0.wp.com\/tuzlahortum.com.tr\/wp-content\/uploads\/2019\/02\/PPDC.jpg?fit=900%2C579&ssl=1&resize=350%2C200","width":350,"height":200,"srcset":"https:\/\/i0.wp.com\/tuzlahortum.com.tr\/wp-content\/uploads\/2019\/02\/PPDC.jpg?fit=900%2C579&ssl=1&resize=350%2C200 1x, https:\/\/i0.wp.com\/tuzlahortum.com.tr\/wp-content\/uploads\/2019\/02\/PPDC.jpg?fit=900%2C579&ssl=1&resize=525%2C300 1.5x, https:\/\/i0.wp.com\/tuzlahortum.com.tr\/wp-content\/uploads\/2019\/02\/PPDC.jpg?fit=900%2C579&ssl=1&resize=700%2C400 2x"},"classes":[]},{"id":840,"url":"https:\/\/tuzlahortum.com.tr\/ru\/product\/b-tipi-poliropilen-kamlok\/","url_meta":{"origin":842,"position":3},"title":"\u041f\u043e\u043b\u0438\u043f\u0440\u043e\u043f\u0438\u043b\u0435\u043d\u043e\u0432\u044b\u0439 \u043a\u0430\u043c\u043b\u043e\u043a \u0442\u0438\u043f\u0430 B","author":"admin","date":"6 \u0444\u0435\u0432\u0440\u0430\u043b\u044f 2019","format":false,"excerpt":"B Tipi Poliropilen Kamlokhttps:\/\/www.youtube.com\/watch?v=O8ZlzKEjfEQ Kamlok Rehberi i\u00e7in t\u0131klay\u0131n\u0131z","rel":"","context":"\u041f\u043e\u0445\u043e\u0436\u0430\u044f \u0437\u0430\u043f\u0438\u0441\u044c","block_context":{"text":"\u041f\u043e\u0445\u043e\u0436\u0430\u044f \u0437\u0430\u043f\u0438\u0441\u044c","link":""},"img":{"alt_text":"","src":"https:\/\/i0.wp.com\/tuzlahortum.com.tr\/wp-content\/uploads\/2019\/02\/PPB.jpg?fit=900%2C580&ssl=1&resize=350%2C200","width":350,"height":200,"srcset":"https:\/\/i0.wp.com\/tuzlahortum.com.tr\/wp-content\/uploads\/2019\/02\/PPB.jpg?fit=900%2C580&ssl=1&resize=350%2C200 1x, https:\/\/i0.wp.com\/tuzlahortum.com.tr\/wp-content\/uploads\/2019\/02\/PPB.jpg?fit=900%2C580&ssl=1&resize=525%2C300 1.5x, https:\/\/i0.wp.com\/tuzlahortum.com.tr\/wp-content\/uploads\/2019\/02\/PPB.jpg?fit=900%2C580&ssl=1&resize=700%2C400 2x"},"classes":[]},{"id":841,"url":"https:\/\/tuzlahortum.com.tr\/ru\/product\/d-tipi-poliropilen-kamlok\/","url_meta":{"origin":842,"position":4},"title":"\u041f\u043e\u043b\u0438\u043f\u0440\u043e\u043f\u0438\u043b\u0435\u043d\u043e\u0432\u044b\u0439 \u043a\u0430\u043c\u043b\u043e\u043a \u0442\u0438\u043f\u0430 D","author":"admin","date":"6 \u0444\u0435\u0432\u0440\u0430\u043b\u044f 2019","format":false,"excerpt":"D Tipi Poliropilen Kamlokhttps:\/\/www.youtube.com\/watch?v=O8ZlzKEjfEQ Kamlok Rehberi i\u00e7in t\u0131klay\u0131n\u0131z","rel":"","context":"\u041f\u043e\u0445\u043e\u0436\u0430\u044f \u0437\u0430\u043f\u0438\u0441\u044c","block_context":{"text":"\u041f\u043e\u0445\u043e\u0436\u0430\u044f \u0437\u0430\u043f\u0438\u0441\u044c","link":""},"img":{"alt_text":"","src":"https:\/\/i0.wp.com\/tuzlahortum.com.tr\/wp-content\/uploads\/2019\/02\/PPD.jpg?fit=900%2C580&ssl=1&resize=350%2C200","width":350,"height":200,"srcset":"https:\/\/i0.wp.com\/tuzlahortum.com.tr\/wp-content\/uploads\/2019\/02\/PPD.jpg?fit=900%2C580&ssl=1&resize=350%2C200 1x, https:\/\/i0.wp.com\/tuzlahortum.com.tr\/wp-content\/uploads\/2019\/02\/PPD.jpg?fit=900%2C580&ssl=1&resize=525%2C300 1.5x, https:\/\/i0.wp.com\/tuzlahortum.com.tr\/wp-content\/uploads\/2019\/02\/PPD.jpg?fit=900%2C580&ssl=1&resize=700%2C400 2x"},"classes":[]},{"id":843,"url":"https:\/\/tuzlahortum.com.tr\/ru\/product\/f-tipi-poliropilen-kamlok\/","url_meta":{"origin":842,"position":5},"title":"\u041f\u043e\u043b\u0438\u043f\u0440\u043e\u043f\u0438\u043b\u0435\u043d\u043e\u0432\u044b\u0439 \u043a\u0430\u043c\u043b\u043e\u043a \u0442\u0438\u043f\u0430 F","author":"admin","date":"6 \u0444\u0435\u0432\u0440\u0430\u043b\u044f 2019","format":false,"excerpt":"F Tipi Poliropilen Kamlokhttps:\/\/www.youtube.com\/watch?v=O8ZlzKEjfEQ Kamlok Rehberi i\u00e7in t\u0131klay\u0131n\u0131z","rel":"","context":"\u041f\u043e\u0445\u043e\u0436\u0430\u044f \u0437\u0430\u043f\u0438\u0441\u044c","block_context":{"text":"\u041f\u043e\u0445\u043e\u0436\u0430\u044f \u0437\u0430\u043f\u0438\u0441\u044c","link":""},"img":{"alt_text":"","src":"https:\/\/i0.wp.com\/tuzlahortum.com.tr\/wp-content\/uploads\/2019\/02\/PPF.jpg?fit=900%2C579&ssl=1&resize=350%2C200","width":350,"height":200,"srcset":"https:\/\/i0.wp.com\/tuzlahortum.com.tr\/wp-content\/uploads\/2019\/02\/PPF.jpg?fit=900%2C579&ssl=1&resize=350%2C200 1x, https:\/\/i0.wp.com\/tuzlahortum.com.tr\/wp-content\/uploads\/2019\/02\/PPF.jpg?fit=900%2C579&ssl=1&resize=525%2C300 1.5x, https:\/\/i0.wp.com\/tuzlahortum.com.tr\/wp-content\/uploads\/2019\/02\/PPF.jpg?fit=900%2C579&ssl=1&resize=700%2C400 2x"},"classes":[]}],"jetpack_sharing_enabled":true,"jetpack_likes_enabled":true,"_links":{"self":[{"href":"https:\/\/tuzlahortum.com.tr\/ru\/wp-json\/wp\/v2\/product\/842","targetHints":{"allow":["GET"]}}],"collection":[{"href":"https:\/\/tuzlahortum.com.tr\/ru\/wp-json\/wp\/v2\/product"}],"about":[{"href":"https:\/\/tuzlahortum.com.tr\/ru\/wp-json\/wp\/v2\/types\/product"}],"replies":[{"embeddable":true,"href":"https:\/\/tuzlahortum.com.tr\/ru\/wp-json\/wp\/v2\/comments?post=842"}],"wp:featuredmedia":[{"embeddable":true,"href":"https:\/\/tuzlahortum.com.tr\/ru\/wp-json\/wp\/v2\/media\/12590"}],"wp:attachment":[{"href":"https:\/\/tuzlahortum.com.tr\/ru\/wp-json\/wp\/v2\/media?parent=842"}],"wp:term":[{"taxonomy":"product_brand","embeddable":true,"href":"https:\/\/tuzlahortum.com.tr\/ru\/wp-json\/wp\/v2\/product_brand?post=842"},{"taxonomy":"product_cat","embeddable":true,"href":"https:\/\/tuzlahortum.com.tr\/ru\/wp-json\/wp\/v2\/product_cat?post=842"},{"taxonomy":"product_tag","embeddable":true,"href":"https:\/\/tuzlahortum.com.tr\/ru\/wp-json\/wp\/v2\/product_tag?post=842"}],"curies":[{"name":"wp","href":"https:\/\/api.w.org\/{rel}","templated":true}]}}