{"id":839,"date":"2019-02-06T23:54:33","date_gmt":"2019-02-06T20:54:33","guid":{"rendered":"http:\/\/hortum.com.tr\/product\/import-placeholder-for-142\/"},"modified":"2024-03-21T17:41:47","modified_gmt":"2024-03-21T14:41:47","slug":"alcak-yogunluk-1-kalite-polietilen-su-borulari","status":"publish","type":"product","link":"https:\/\/tuzlahortum.com.tr\/ru\/product\/alcak-yogunluk-1-kalite-polietilen-su-borulari\/","title":{"rendered":"\u0412\u043e\u0434\u043e\u043f\u0440\u043e\u0432\u043e\u0434\u043d\u044b\u0435 \u0442\u0440\u0443\u0431\u044b \u0438\u0437 \u043f\u043e\u043b\u0438\u044d\u0442\u0438\u043b\u0435\u043d\u0430 \u043d\u0438\u0437\u043a\u043e\u0439 \u043f\u043b\u043e\u0442\u043d\u043e\u0441\u0442\u0438 1-\u0433\u043e \u043a\u0430\u0447\u0435\u0441\u0442\u0432\u0430"},"content":{"rendered":"<h2>\u0412\u043e\u0434\u043e\u043f\u0440\u043e\u0432\u043e\u0434\u043d\u044b\u0435 \u0442\u0440\u0443\u0431\u044b \u0438\u0437 \u043f\u043e\u043b\u0438\u044d\u0442\u0438\u043b\u0435\u043d\u0430 \u043d\u0438\u0437\u043a\u043e\u0439 \u043f\u043b\u043e\u0442\u043d\u043e\u0441\u0442\u0438 1-\u0433\u043e \u043a\u0430\u0447\u0435\u0441\u0442\u0432\u0430<\/h2>\n<p><strong>\u0424\u0443\u043d\u043a\u0446\u0438\u0438<\/strong> \u041f\u0440\u043e\u0438\u0437\u0432\u043e\u0434\u0438\u0442\u0441\u044f \u0438\u0437 \u043f\u043e\u043b\u0438\u044d\u0442\u0438\u043b\u0435\u043d\u043e\u0432\u043e\u0433\u043e \u0441\u044b\u0440\u044c\u044f \u0432\u044b\u0441\u0448\u0435\u0433\u043e \u043a\u0430\u0447\u0435\u0441\u0442\u0432\u0430. \u041c\u044f\u0433\u043a\u043e\u0441\u0442\u044c \u0438 \u0433\u0438\u0431\u043a\u043e\u0441\u0442\u044c \u043e\u0431\u0435\u0441\u043f\u0435\u0447\u0438\u0432\u0430\u044e\u0442 \u043f\u0440\u043e\u0441\u0442\u043e\u0442\u0443 \u0443\u0441\u0442\u0430\u043d\u043e\u0432\u043a\u0438. \u041f\u0440\u043e\u0438\u0437\u0432\u043e\u0434\u0438\u0442\u0441\u044f \u043f\u043e \u043d\u043e\u0440\u043c\u0435 TS 418-2.<\/p>\n<p><strong>\u0420\u0430\u0431\u043e\u0447\u0430\u044f \u0442\u0435\u043c\u043f\u0435\u0440\u0430\u0442\u0443\u0440\u0430<\/strong> \u043e\u0442 -5\u00b0\u0421 \u0434\u043e +60\u00b0\u0421<\/p>\n<p><strong>\u041e\u0431\u043b\u0430\u0441\u0442\u0438 \u0438\u0441\u043f\u043e\u043b\u044c\u0437\u043e\u0432\u0430\u043d\u0438\u044f<\/strong> \u041f\u0440\u0438\u043c\u0435\u043d\u044f\u0435\u0442\u0441\u044f \u043f\u0440\u0438 \u0433\u043e\u0440\u043e\u0434\u0441\u043a\u043e\u043c \u0432\u043e\u0434\u043e\u043f\u0440\u043e\u0432\u043e\u0434\u0435 \u0438 \u0431\u043b\u0430\u0433\u043e\u0443\u0441\u0442\u0440\u043e\u0439\u0441\u0442\u0432\u0435 \u0442\u0435\u0440\u0440\u0438\u0442\u043e\u0440\u0438\u0439. \u0412\u044b\u043f\u0443\u0441\u043a\u0430\u0435\u0442\u0441\u044f \u0432 \u0441\u0432\u0435\u0442\u043b\u043e-\u0433\u043e\u043b\u0443\u0431\u043e\u043c \u0438 \u0431\u0435\u043b\u043e\u043c \u0446\u0432\u0435\u0442\u0430\u0445.<\/p>\n<div class=\"video video-fit mb\" style=\"padding-top:56.25%;\"><p><iframe loading=\"lazy\" title=\"\u041f\u0443\u0442\u0430\u043d\u0438\u0446\u0430 \u0432 \u0438\u0437\u043c\u0435\u0440\u0435\u043d\u0438\u044f\u0445 (\u0434\u044e\u0439\u043c\u044b, \u043f\u0430\u043b\u044c\u0446\u044b, \u0434\u044b\u043c\u043a\u0430, \u043c\u0438\u043b\u043b\u0438\u043c\u0435\u0442\u0440\u044b)\" width=\"1020\" height=\"574\" src=\"https:\/\/www.youtube.com\/embed\/uKk6AG_AZls?feature=oembed\" frameborder=\"0\" allow=\"accelerometer; autoplay; clipboard-write; encrypted-media; gyroscope; picture-in-picture; web-share\" referrerpolicy=\"strict-origin-when-cross-origin\" allowfullscreen><\/iframe><\/p>\n<\/div>\n<table class=\"table table-bordered\">\n<thead>\n<tr>\n<th><\/th>\n<th>\u0414\u0438\u0430\u043c\u0435\u0442\u0440 (\u0434\u044e\u0439\u043c)<\/th>\n<th>\u0412\u043d\u0435\u0448\u043d\u0438\u0439 \u0434\u0438\u0430\u043c\u0435\u0442\u0440 (\u043c\u043c)<\/th>\n<th>\u00a0 C.\u0414\u0430\u0432\u043b\u0435\u043d\u0438\u0435 (\u0431\u0430\u0440)<\/th>\n<th>\u0414\u043b\u0438\u043d\u0430 (\u043c)<\/th>\n<\/tr>\n<\/thead>\n<tbody>\n<tr>\n<th scope=\"row\"><\/th>\n<td>1\/2\u2033<\/td>\n<td>20<\/td>\n<td>10<\/td>\n<td>100<\/td>\n<\/tr>\n<tr>\n<th scope=\"row\"><\/th>\n<td>3,4\u2033<\/td>\n<td>25<\/td>\n<td>10<\/td>\n<td>100<\/td>\n<\/tr>\n<tr>\n<th scope=\"row\"><\/th>\n<td>1\u2033<\/td>\n<td>32<\/td>\n<td>10<\/td>\n<td>100<\/td>\n<\/tr>\n<tr>\n<th scope=\"row\"><\/th>\n<td>1 1\/4\u2033<\/td>\n<td>40<\/td>\n<td>10<\/td>\n<td>100<\/td>\n<\/tr>\n<tr>\n<th scope=\"row\"><\/th>\n<td>1 1\/2\u2033<\/td>\n<td>50<\/td>\n<td>10<\/td>\n<td>100<\/td>\n<\/tr>\n<tr>\n<th scope=\"row\"><\/th>\n<td>2\u2033<\/td>\n<td>63<\/td>\n<td>10<\/td>\n<td>100<\/td>\n<\/tr>\n<tr>\n<th scope=\"row\"><\/th>\n<td>1\/2\u2033<\/td>\n<td>20<\/td>\n<td>6<\/td>\n<td>100<\/td>\n<\/tr>\n<tr>\n<th scope=\"row\"><\/th>\n<td>3,4\u2033<\/td>\n<td>25<\/td>\n<td>6<\/td>\n<td>100<\/td>\n<\/tr>\n<tr>\n<th scope=\"row\"><\/th>\n<td>1\u2033<\/td>\n<td>32<\/td>\n<td>6<\/td>\n<td>100<\/td>\n<\/tr>\n<tr>\n<th scope=\"row\"><\/th>\n<td>1 1\/4\u2033<\/td>\n<td>40<\/td>\n<td>6<\/td>\n<td>100<\/td>\n<\/tr>\n<tr>\n<th scope=\"row\"><\/th>\n<td>1 1\/2\u2033<\/td>\n<td>50<\/td>\n<td>6<\/td>\n<td>100<\/td>\n<\/tr>\n<tr>\n<th scope=\"row\"><\/th>\n<td>2\u2033<\/td>\n<td>63<\/td>\n<td>6<\/td>\n<td>100<\/td>\n<\/tr>\n<\/tbody>\n<\/table>","protected":false},"excerpt":{"rendered":"<p>Al\u00e7ak Yo\u011funluk 1. Kalite Polietilen Su Borular\u0131 \u00d6zellikler 1. kalite polietilen hammaddeden \u00fcretilmi\u015ftir. Yumu\u015fak ve esnek olmas\u0131 montaj kolayl\u0131\u011f\u0131 sa\u011flar. TS 418-2 normuna g\u00f6re \u00fcretilmi\u015ftir. \u00c7al\u0131\u015fma S\u0131cakl\u0131\u011f\u0131 -5\u00b0C ile +60\u00b0C aras\u0131 Kullan\u0131m Alanlar\u0131 \u015eehir \u015febeke suyu da\u011f\u0131t\u0131m\u0131nda ve peysaj d\u00fczenleme i\u015flerinde kullan\u0131l\u0131r. A\u00e7\u0131k mavi ve beyaz renkte \u00fcretilir. \u00c7ap(inch) D\u0131\u015f \u00c7ap (mm) \u00a0 \u00c7.Bas\u0131nc\u0131 \u00a0 [&#8230;]\n","protected":false},"featured_media":1450,"comment_status":"open","ping_status":"closed","template":"","meta":{"jetpack_post_was_ever_published":false},"product_brand":[],"product_cat":[167],"product_tag":[1096,1098,1095,1094,1097],"class_list":{"0":"post-839","1":"product","2":"type-product","3":"status-publish","4":"has-post-thumbnail","6":"product_cat-polietilen-su-borulari","7":"product_tag-beyaz","8":"product_tag-kangal","9":"product_tag-sebeke","10":"product_tag-sehir","11":"product_tag-toprak-alti","13":"first","14":"instock","15":"taxable","16":"shipping-taxable","17":"product-type-variable"},"jetpack-related-posts":[{"id":5473,"url":"https:\/\/tuzlahortum.com.tr\/ru\/product\/alcak-yogunluk-2-kalite-polietilen-su-borulari\/","url_meta":{"origin":839,"position":0},"title":"\u0412\u043e\u0434\u043e\u043f\u0440\u043e\u0432\u043e\u0434\u043d\u044b\u0435 \u0442\u0440\u0443\u0431\u044b \u0438\u0437 \u043f\u043e\u043b\u0438\u044d\u0442\u0438\u043b\u0435\u043d\u0430 \u043d\u0438\u0437\u043a\u043e\u0439 \u043f\u043b\u043e\u0442\u043d\u043e\u0441\u0442\u0438 2-\u0433\u043e \u043a\u0430\u0447\u0435\u0441\u0442\u0432\u0430","author":"\u0130smail \u00c7elik","date":"28 \u0444\u0435\u0432\u0440\u0430\u043b\u044f 2019","format":false,"excerpt":"Al\u00e7ak Yo\u011funluk 2. Kalite Polietilen Su Borular\u0131 \u00d6zellikler 2. kalite polietilen hammaddeden \u00fcretilmi\u015ftir. Yumu\u015fak ve esnek olmas\u0131 montaj kolayl\u0131\u011f\u0131 sa\u011flar. TS 418-2 normuna g\u00f6re \u00fcretilmi\u015ftir. \u00c7al\u0131\u015fma S\u0131cakl\u0131\u011f\u0131 -5\u00b0C ile +60\u00b0C aras\u0131 Kullan\u0131m Alanlar\u0131 \u015eehir \u015febeke suyu da\u011f\u0131t\u0131m\u0131nda ve peysaj d\u00fczenleme i\u015flerinde kullan\u0131l\u0131r. A\u00e7\u0131k mavi ve beyaz renkte \u00fcretilir. \u00c7ap(inch) D\u0131\u015f\u2026","rel":"","context":"\u041f\u043e\u0445\u043e\u0436\u0430\u044f \u0437\u0430\u043f\u0438\u0441\u044c","block_context":{"text":"\u041f\u043e\u0445\u043e\u0436\u0430\u044f \u0437\u0430\u043f\u0438\u0441\u044c","link":""},"img":{"alt_text":"","src":"https:\/\/i0.wp.com\/tuzlahortum.com.tr\/wp-content\/uploads\/2019\/02\/AL%C3%87AK-YO%C4%9EUNLUK-2.-KAL%C4%B0TE-P.E.-SU-BORULARI.jpg?fit=640%2C480&ssl=1&resize=350%2C200","width":350,"height":200,"srcset":"https:\/\/i0.wp.com\/tuzlahortum.com.tr\/wp-content\/uploads\/2019\/02\/AL%C3%87AK-YO%C4%9EUNLUK-2.-KAL%C4%B0TE-P.E.-SU-BORULARI.jpg?fit=640%2C480&ssl=1&resize=350%2C200 1x, https:\/\/i0.wp.com\/tuzlahortum.com.tr\/wp-content\/uploads\/2019\/02\/AL%C3%87AK-YO%C4%9EUNLUK-2.-KAL%C4%B0TE-P.E.-SU-BORULARI.jpg?fit=640%2C480&ssl=1&resize=525%2C300 1.5x"},"classes":[]},{"id":831,"url":"https:\/\/tuzlahortum.com.tr\/ru\/product\/pnomatik-polietilen-hortum\/","url_meta":{"origin":839,"position":1},"title":"\u041f\u043d\u0435\u0432\u043c\u0430\u0442\u0438\u0447\u0435\u0441\u043a\u0438\u0439 \u043f\u043e\u043b\u0438\u044d\u0442\u0438\u043b\u0435\u043d\u043e\u0432\u044b\u0439 \u0448\u043b\u0430\u043d\u0433","author":"admin","date":"6 \u0444\u0435\u0432\u0440\u0430\u043b\u044f 2019","format":false,"excerpt":"Pnomatik Polietilen Hortum TEKN\u0130K B\u0130LG\u0130LER Fiziksel \u00d6zellikleri D\u00fc\u015f\u00fck yo\u011funluk, d\u00fc\u015f\u00fck a\u011f\u0131rl\u0131k Gerilim alt\u0131nda \u00e7atlamaya kar\u015f\u0131 mukavemet Kolay i\u015fleme D\u0131\u015f etkenlerden , nemden etkilenmeme Sa\u011fl\u0131\u011fa uygunluluk Bask\u0131 ve renklendirmeye uygunluk Kolay \u015fekil verilebilme Hidroliz dayan\u0131m\u0131 Otomatik rakorlar ile kolay kullan\u0131m Y\u00fcksek kimyasal ak\u0131\u015fkan dayan\u0131m\u0131 Hammadde \u00d6zellikleri Yo\u011funluk: 0.921 g\/cm3 Sertlik: 47\u2026","rel":"","context":"\u041f\u043e\u0445\u043e\u0436\u0430\u044f \u0437\u0430\u043f\u0438\u0441\u044c","block_context":{"text":"\u041f\u043e\u0445\u043e\u0436\u0430\u044f \u0437\u0430\u043f\u0438\u0441\u044c","link":""},"img":{"alt_text":"","src":"https:\/\/i0.wp.com\/tuzlahortum.com.tr\/wp-content\/uploads\/urunler\/Pnomatik\/pno.polietilen-hortum.jpg?fit=700%2C421&ssl=1&resize=350%2C200","width":350,"height":200,"srcset":"https:\/\/i0.wp.com\/tuzlahortum.com.tr\/wp-content\/uploads\/urunler\/Pnomatik\/pno.polietilen-hortum.jpg?fit=700%2C421&ssl=1&resize=350%2C200 1x, https:\/\/i0.wp.com\/tuzlahortum.com.tr\/wp-content\/uploads\/urunler\/Pnomatik\/pno.polietilen-hortum.jpg?fit=700%2C421&ssl=1&resize=525%2C300 1.5x, https:\/\/i0.wp.com\/tuzlahortum.com.tr\/wp-content\/uploads\/urunler\/Pnomatik\/pno.polietilen-hortum.jpg?fit=700%2C421&ssl=1&resize=700%2C400 2x"},"classes":[]},{"id":824,"url":"https:\/\/tuzlahortum.com.tr\/ru\/product\/meteor-orgulu-hortumlar-standart\/","url_meta":{"origin":839,"position":2},"title":"\u0428\u043b\u0430\u043d\u0433\u0438 \u0441 \u043e\u043f\u043b\u0435\u0442\u043a\u043e\u0439 Meteor (\u0421\u0422\u0410\u041d\u0414\u0410\u0420\u0422\u041d\u042b\u0415)","author":"admin","date":"6 \u0444\u0435\u0432\u0440\u0430\u043b\u044f 2019","format":false,"excerpt":"Meteor \u00d6rg\u00fcl\u00fc Hortumlar (STANDART)\u00d6zellikler Alt kat y\u00fcksek kaliteli kau\u00e7uk takviyeli PVC malzeme, takviye, y\u00fcksek mukavemetli polyester iplik, \u00fcst katta a\u015f\u0131nmaya ve hava \u015fartlar\u0131nadayan\u0131kl\u0131 PVC ile \u00fcretilmi\u015ftir. \u00c7al\u0131\u015fma S\u0131cakl\u0131\u011f\u0131 -10\u00b0C ile +50\u00b0C aras\u0131 Kullan\u0131m Alanlar\u0131 Ev, bah\u00e7e, tarla, sanayi ve in\u015faat sekt\u00f6r\u00fcnde sulama ve tahliye i\u015flerinde ve hafif kimyasal maddelerin nakliyesinde\u2026","rel":"","context":"\u041f\u043e\u0445\u043e\u0436\u0430\u044f \u0437\u0430\u043f\u0438\u0441\u044c","block_context":{"text":"\u041f\u043e\u0445\u043e\u0436\u0430\u044f \u0437\u0430\u043f\u0438\u0441\u044c","link":""},"img":{"alt_text":"","src":"https:\/\/i0.wp.com\/tuzlahortum.com.tr\/wp-content\/uploads\/2019\/03\/Meteor-%C3%96rg%C3%BCl%C3%BC-HortumlarSTANDART.jpg?fit=640%2C480&ssl=1&resize=350%2C200","width":350,"height":200,"srcset":"https:\/\/i0.wp.com\/tuzlahortum.com.tr\/wp-content\/uploads\/2019\/03\/Meteor-%C3%96rg%C3%BCl%C3%BC-HortumlarSTANDART.jpg?fit=640%2C480&ssl=1&resize=350%2C200 1x, https:\/\/i0.wp.com\/tuzlahortum.com.tr\/wp-content\/uploads\/2019\/03\/Meteor-%C3%96rg%C3%BCl%C3%BC-HortumlarSTANDART.jpg?fit=640%2C480&ssl=1&resize=525%2C300 1.5x"},"classes":[]},{"id":5392,"url":"https:\/\/tuzlahortum.com.tr\/ru\/product\/meteor-orgulu-hortumlar-super\/","url_meta":{"origin":839,"position":3},"title":"\u0428\u043b\u0430\u043d\u0433\u0438 \u0441 \u043e\u043f\u043b\u0435\u0442\u043a\u043e\u0439 \u00ab\u041c\u0435\u0442\u0435\u043e\u0440\u00bb (\u0421\u0423\u041f\u0415\u0420)","author":"\u0130smail \u00c7elik","date":"28 \u0444\u0435\u0432\u0440\u0430\u043b\u044f 2019","format":false,"excerpt":"Meteor \u00d6rg\u00fcl\u00fc Hortumlar (S\u00dcPER)\u00d6zellikler Alt kat y\u00fcksek kaliteli kau\u00e7uk takviyeli PVC malzeme, takviye, y\u00fcksek mukavemetli polyester iplik, \u00fcst katta a\u015f\u0131nmaya ve hava \u015fartlar\u0131na dayan\u0131kl\u0131 PVC ile \u00fcretilmi\u015ftir. \u00c7al\u0131\u015fma S\u0131cakl\u0131\u011f\u0131 -10\u00b0C ile +50\u00b0C aras\u0131 Kullan\u0131m Alanlar\u0131 Ev, bah\u00e7e, tarla, sanayi ve in\u015faat sekt\u00f6r\u00fcnde sulama ve tahliye i\u015flerinde ve hafif kimyasal maddelerin\u2026","rel":"","context":"\u041f\u043e\u0445\u043e\u0436\u0430\u044f \u0437\u0430\u043f\u0438\u0441\u044c","block_context":{"text":"\u041f\u043e\u0445\u043e\u0436\u0430\u044f \u0437\u0430\u043f\u0438\u0441\u044c","link":""},"img":{"alt_text":"","src":"https:\/\/i0.wp.com\/tuzlahortum.com.tr\/wp-content\/uploads\/2019\/03\/Meteor-%C3%96rg%C3%BCl%C3%BC-HortumlarSTANDART.jpg?fit=640%2C480&ssl=1&resize=350%2C200","width":350,"height":200,"srcset":"https:\/\/i0.wp.com\/tuzlahortum.com.tr\/wp-content\/uploads\/2019\/03\/Meteor-%C3%96rg%C3%BCl%C3%BC-HortumlarSTANDART.jpg?fit=640%2C480&ssl=1&resize=350%2C200 1x, https:\/\/i0.wp.com\/tuzlahortum.com.tr\/wp-content\/uploads\/2019\/03\/Meteor-%C3%96rg%C3%BCl%C3%BC-HortumlarSTANDART.jpg?fit=640%2C480&ssl=1&resize=525%2C300 1.5x"},"classes":[]},{"id":833,"url":"https:\/\/tuzlahortum.com.tr\/ru\/product\/polietilen-spiral-hortum\/","url_meta":{"origin":839,"position":4},"title":"\u041f\u043e\u043b\u0438\u044d\u0442\u0438\u043b\u0435\u043d\u043e\u0432\u044b\u0439 \u0441\u043f\u0438\u0440\u0430\u043b\u044c\u043d\u044b\u0439 \u0448\u043b\u0430\u043d\u0433","author":"admin","date":"6 \u0444\u0435\u0432\u0440\u0430\u043b\u044f 2019","format":false,"excerpt":"Polietilen Spiral Hortum\u0130ki ucu 1\/4 Rekorlu ve iki ucu yayl\u0131 Shrink","rel":"","context":"\u041f\u043e\u0445\u043e\u0436\u0430\u044f \u0437\u0430\u043f\u0438\u0441\u044c","block_context":{"text":"\u041f\u043e\u0445\u043e\u0436\u0430\u044f \u0437\u0430\u043f\u0438\u0441\u044c","link":""},"img":{"alt_text":"","src":"https:\/\/i0.wp.com\/tuzlahortum.com.tr\/wp-content\/uploads\/urunler\/Pnomatik\/0001950_5x8-polietilen-damper-hortumu-takim-45-metre_550.jpeg?fit=550%2C550&ssl=1&resize=350%2C200","width":350,"height":200,"srcset":"https:\/\/i0.wp.com\/tuzlahortum.com.tr\/wp-content\/uploads\/urunler\/Pnomatik\/0001950_5x8-polietilen-damper-hortumu-takim-45-metre_550.jpeg?fit=550%2C550&ssl=1&resize=350%2C200 1x, https:\/\/i0.wp.com\/tuzlahortum.com.tr\/wp-content\/uploads\/urunler\/Pnomatik\/0001950_5x8-polietilen-damper-hortumu-takim-45-metre_550.jpeg?fit=550%2C550&ssl=1&resize=525%2C300 1.5x"},"classes":[]},{"id":22720,"url":"https:\/\/tuzlahortum.com.tr\/ru\/product\/selwater\/","url_meta":{"origin":839,"position":5},"title":"\u0421\u0415\u041b\u0412\u0410\u0422\u0415\u0420","author":"admin","date":"11 \u0430\u0432\u0433\u0443\u0441\u0442\u0430 2025","format":false,"excerpt":"\u00a0 \u00dcr\u00fcn Ad\u0131: SELWATER \u00dcr\u00fcn Kodu: WAT510 Tekstil \u00d6rg\u00fcl\u00fc Orta Bas\u0131n\u00e7 Su Kullanim Alan\u0131 : Orta Bas\u0131n\u00e7ta Ya\u011flama Tabancalar\u0131 \u0130\u00e7in Su ve Ya\u011f \u0130\u00e7in. Alt Katman : Ya\u011f, gres ve su bazl\u0131 s\u0131v\u0131lara dayan\u0131kl\u0131 polietilen. Takviye Katman\u0131 : Y\u00fcksek Mukavemetli Polyester Fiber \u00d6rg\u00fc. \u00dcst Katman : Hava Ko\u015fullar\u0131na Dayan\u0131kl\u0131 Termorub\u00ae.\u2026","rel":"","context":"\u041f\u043e\u0445\u043e\u0436\u0430\u044f \u0437\u0430\u043f\u0438\u0441\u044c","block_context":{"text":"\u041f\u043e\u0445\u043e\u0436\u0430\u044f \u0437\u0430\u043f\u0438\u0441\u044c","link":""},"img":{"alt_text":"","src":"https:\/\/i0.wp.com\/tuzlahortum.com.tr\/wp-content\/uploads\/2025\/08\/THERMO_32.png?fit=592%2C592&ssl=1&resize=350%2C200","width":350,"height":200,"srcset":"https:\/\/i0.wp.com\/tuzlahortum.com.tr\/wp-content\/uploads\/2025\/08\/THERMO_32.png?fit=592%2C592&ssl=1&resize=350%2C200 1x, https:\/\/i0.wp.com\/tuzlahortum.com.tr\/wp-content\/uploads\/2025\/08\/THERMO_32.png?fit=592%2C592&ssl=1&resize=525%2C300 1.5x"},"classes":[]}],"jetpack_sharing_enabled":true,"jetpack_likes_enabled":true,"_links":{"self":[{"href":"https:\/\/tuzlahortum.com.tr\/ru\/wp-json\/wp\/v2\/product\/839","targetHints":{"allow":["GET"]}}],"collection":[{"href":"https:\/\/tuzlahortum.com.tr\/ru\/wp-json\/wp\/v2\/product"}],"about":[{"href":"https:\/\/tuzlahortum.com.tr\/ru\/wp-json\/wp\/v2\/types\/product"}],"replies":[{"embeddable":true,"href":"https:\/\/tuzlahortum.com.tr\/ru\/wp-json\/wp\/v2\/comments?post=839"}],"wp:featuredmedia":[{"embeddable":true,"href":"https:\/\/tuzlahortum.com.tr\/ru\/wp-json\/wp\/v2\/media\/1450"}],"wp:attachment":[{"href":"https:\/\/tuzlahortum.com.tr\/ru\/wp-json\/wp\/v2\/media?parent=839"}],"wp:term":[{"taxonomy":"product_brand","embeddable":true,"href":"https:\/\/tuzlahortum.com.tr\/ru\/wp-json\/wp\/v2\/product_brand?post=839"},{"taxonomy":"product_cat","embeddable":true,"href":"https:\/\/tuzlahortum.com.tr\/ru\/wp-json\/wp\/v2\/product_cat?post=839"},{"taxonomy":"product_tag","embeddable":true,"href":"https:\/\/tuzlahortum.com.tr\/ru\/wp-json\/wp\/v2\/product_tag?post=839"}],"curies":[{"name":"wp","href":"https:\/\/api.w.org\/{rel}","templated":true}]}}