{"id":831,"date":"2019-02-06T23:54:31","date_gmt":"2019-02-06T20:54:31","guid":{"rendered":"http:\/\/hortum.com.tr\/product\/import-placeholder-for-608\/"},"modified":"2025-08-20T11:44:34","modified_gmt":"2025-08-20T08:44:34","slug":"pnomatik-polietilen-hortum","status":"publish","type":"product","link":"https:\/\/tuzlahortum.com.tr\/ru\/product\/pnomatik-polietilen-hortum\/","title":{"rendered":"\u041f\u043d\u0435\u0432\u043c\u0430\u0442\u0438\u0447\u0435\u0441\u043a\u0438\u0439 \u043f\u043e\u043b\u0438\u044d\u0442\u0438\u043b\u0435\u043d\u043e\u0432\u044b\u0439 \u0448\u043b\u0430\u043d\u0433"},"content":{"rendered":"<h2>\u041f\u043d\u0435\u0432\u043c\u0430\u0442\u0438\u0447\u0435\u0441\u043a\u0438\u0439 \u043f\u043e\u043b\u0438\u044d\u0442\u0438\u043b\u0435\u043d\u043e\u0432\u044b\u0439 \u0448\u043b\u0430\u043d\u0433<\/h2>\n<div class=\"productsTechnical\"><span class=\"head\">\u0422\u0415\u0425\u041d\u0418\u0427\u0415\u0421\u041a\u0410\u042f \u0418\u041d\u0424\u041e\u0420\u041c\u0410\u0426\u0418\u042f<\/span><\/div>\n<div><\/div>\n<div class=\"productsTechnical\">\n<p><span class=\"technical\">\u0424\u0438\u0437\u0438\u0447\u0435\u0441\u043a\u0438\u0435 \u0441\u0432\u043e\u0439\u0441\u0442\u0432\u0430<\/span><\/p>\n<ul>\n<li>\u041d\u0438\u0437\u043a\u0430\u044f \u043f\u043b\u043e\u0442\u043d\u043e\u0441\u0442\u044c, \u043c\u0430\u043b\u044b\u0439 \u0432\u0435\u0441<\/li>\n<li>\u0423\u0441\u0442\u043e\u0439\u0447\u0438\u0432\u043e\u0441\u0442\u044c \u043a \u0440\u0430\u0441\u0442\u0440\u0435\u0441\u043a\u0438\u0432\u0430\u043d\u0438\u044e \u043f\u043e\u0434 \u043d\u0430\u043f\u0440\u044f\u0436\u0435\u043d\u0438\u0435\u043c<\/li>\n<li>\u041f\u0440\u043e\u0441\u0442\u0430\u044f \u043e\u0431\u0440\u0430\u0431\u043e\u0442\u043a\u0430<\/li>\n<li>\u041d\u0435 \u043f\u043e\u0434\u0432\u0435\u0440\u0436\u0435\u043d \u0432\u043b\u0438\u044f\u043d\u0438\u044e \u0432\u043d\u0435\u0448\u043d\u0438\u0445 \u0444\u0430\u043a\u0442\u043e\u0440\u043e\u0432 \u0438 \u0432\u043b\u0430\u0433\u0438.<\/li>\n<li>\u0421\u043e\u0432\u043c\u0435\u0441\u0442\u0438\u043c\u043e\u0441\u0442\u044c \u0441\u043e \u0437\u0434\u043e\u0440\u043e\u0432\u044c\u0435\u043c<\/li>\n<li>\u041f\u0440\u0438\u0433\u043e\u0434\u043d\u043e\u0441\u0442\u044c \u0434\u043b\u044f \u043f\u0435\u0447\u0430\u0442\u0438 \u0438 \u0440\u0430\u0441\u043a\u0440\u0430\u0448\u0438\u0432\u0430\u043d\u0438\u044f.<\/li>\n<li>\u041b\u0435\u0433\u043a\u043e \u043f\u0440\u0438\u0434\u0430\u0432\u0430\u0442\u044c \u0444\u043e\u0440\u043c\u0443<\/li>\n<li>\u0423\u0441\u0442\u043e\u0439\u0447\u0438\u0432\u043e\u0441\u0442\u044c \u043a \u0433\u0438\u0434\u0440\u043e\u043b\u0438\u0437\u0443<\/li>\n<li>\u041f\u0440\u043e\u0441\u0442\u043e\u0442\u0430 \u0438\u0441\u043f\u043e\u043b\u044c\u0437\u043e\u0432\u0430\u043d\u0438\u044f \u0431\u043b\u0430\u0433\u043e\u0434\u0430\u0440\u044f \u0430\u0432\u0442\u043e\u043c\u0430\u0442\u0438\u0447\u0435\u0441\u043a\u0438\u043c \u0441\u043e\u0435\u0434\u0438\u043d\u0435\u043d\u0438\u044f\u043c<\/li>\n<li>\u0412\u044b\u0441\u043e\u043a\u0430\u044f \u0441\u0442\u043e\u0439\u043a\u043e\u0441\u0442\u044c \u043a \u0445\u0438\u043c\u0438\u0447\u0435\u0441\u043a\u0438\u043c \u0436\u0438\u0434\u043a\u043e\u0441\u0442\u044f\u043c<\/li>\n<\/ul>\n<\/div>\n<div class=\"video video-fit mb\" style=\"padding-top:56.25%;\"><p><iframe loading=\"lazy\" title=\"\u041f\u0443\u0442\u0430\u043d\u0438\u0446\u0430 \u0432 \u0438\u0437\u043c\u0435\u0440\u0435\u043d\u0438\u044f\u0445 (\u0434\u044e\u0439\u043c\u044b, \u043f\u0430\u043b\u044c\u0446\u044b, \u0434\u044b\u043c\u043a\u0430, \u043c\u0438\u043b\u043b\u0438\u043c\u0435\u0442\u0440\u044b)\" width=\"1020\" height=\"574\" src=\"https:\/\/www.youtube.com\/embed\/uKk6AG_AZls?feature=oembed\" frameborder=\"0\" allow=\"accelerometer; autoplay; clipboard-write; encrypted-media; gyroscope; picture-in-picture; web-share\" referrerpolicy=\"strict-origin-when-cross-origin\" allowfullscreen><\/iframe><\/p>\n<\/div>\n<div class=\"productsTechnical\">\n<p><span class=\"technical\">\u0421\u0432\u043e\u0439\u0441\u0442\u0432\u0430 \u0441\u044b\u0440\u044c\u044f<\/span><\/p>\n<ul>\n<li>\u041f\u043b\u043e\u0442\u043d\u043e\u0441\u0442\u044c: 0,921 \u0433\/\u0441\u043c3<\/li>\n<li>\u0422\u0432\u0435\u0440\u0434\u043e\u0441\u0442\u044c: 47 D<\/li>\n<li>\u0422\u0435\u043c\u043f\u0435\u0440\u0430\u0442\u0443\u0440\u0430 \u043f\u043b\u0430\u0432\u043b\u0435\u043d\u0438\u044f 110 \u00b0\u0421.<\/li>\n<li>\u041f\u043e\u043b\u0438\u044d\u0442\u0438\u043b\u0435\u043d\u043e\u0432\u044b\u0435 \u0448\u043b\u0430\u043d\u0433\u0438, \u043f\u0440\u043e\u0438\u0437\u0432\u043e\u0434\u0438\u043c\u044b\u0435 \u043d\u0430\u0448\u0435\u0439 \u043a\u043e\u043c\u043f\u0430\u043d\u0438\u0435\u0439, \u043f\u0440\u043e\u0438\u0437\u0432\u043e\u0434\u044f\u0442\u0441\u044f \u0432 \u0441\u043e\u043e\u0442\u0432\u0435\u0442\u0441\u0442\u0432\u0438\u0438 \u0441 \u043d\u043e\u0440\u043c\u043e\u0439 DIN 8072.<\/li>\n<li>\u0420\u0430\u0431\u043e\u0447\u0435\u0435 \u0434\u0430\u0432\u043b\u0435\u043d\u0438\u0435 \u0441\u043e\u0441\u0442\u0430\u0432\u043b\u044f\u0435\u0442 \u043e\u0442 6 \u0434\u043e 15 \u0430\u0442\u043c.<\/li>\n<li>\u0414\u0430\u0432\u043b\u0435\u043d\u0438\u0435 \u0432\u0437\u0440\u044b\u0432\u0430 \u0441\u043e\u0441\u0442\u0430\u0432\u043b\u044f\u0435\u0442 \u043e\u0442 18 \u0434\u043e 45 \u0430\u0442\u043c. \u042d\u0442\u0438 \u0437\u043d\u0430\u0447\u0435\u043d\u0438\u044f \u0434\u0435\u0439\u0441\u0442\u0432\u0438\u0442\u0435\u043b\u044c\u043d\u044b \u0434\u043b\u044f \u0442\u0435\u043c\u043f\u0435\u0440\u0430\u0442\u0443\u0440\u044b 23\u00b0C (73\u00b0F) \u0438 \u0432\u0430\u0440\u044c\u0438\u0440\u0443\u044e\u0442\u0441\u044f \u0432 \u0437\u0430\u0432\u0438\u0441\u0438\u043c\u043e\u0441\u0442\u0438 \u043e\u0442 \u0434\u0438\u0430\u043c\u0435\u0442\u0440\u0430 \u0438 \u0442\u043e\u043b\u0449\u0438\u043d\u044b \u0441\u0442\u0435\u043d\u043e\u043a \u0448\u043b\u0430\u043d\u0433\u043e\u0432.<\/li>\n<li>\u041f\u0440\u0435\u0434\u0435\u043b \u0442\u0435\u043c\u043f\u0435\u0440\u0430\u0442\u0443\u0440\u044b -20\u00b0C\/+60\u00b0C -4\u00b0F\/+140\u00b0F<\/li>\n<\/ul>\n<\/div>","protected":false},"excerpt":{"rendered":"<p>Pnomatik Polietilen Hortum TEKN\u0130K B\u0130LG\u0130LER Fiziksel \u00d6zellikleri D\u00fc\u015f\u00fck yo\u011funluk, d\u00fc\u015f\u00fck a\u011f\u0131rl\u0131k Gerilim alt\u0131nda \u00e7atlamaya kar\u015f\u0131 mukavemet Kolay i\u015fleme D\u0131\u015f etkenlerden , nemden etkilenmeme Sa\u011fl\u0131\u011fa uygunluluk Bask\u0131 ve renklendirmeye uygunluk Kolay \u015fekil verilebilme Hidroliz dayan\u0131m\u0131 Otomatik rakorlar ile kolay kullan\u0131m Y\u00fcksek kimyasal ak\u0131\u015fkan dayan\u0131m\u0131 Hammadde \u00d6zellikleri Yo\u011funluk: 0.921 g\/cm3 Sertlik: 47 D Erime s\u0131cakl\u0131\u011f\u0131 110 \u00b0C [&#8230;]\n","protected":false},"featured_media":2043,"comment_status":"open","ping_status":"closed","template":"","meta":{"jetpack_post_was_ever_published":false},"product_brand":[],"product_cat":[166],"product_tag":[290,1080,1084,1083],"class_list":{"0":"post-831","1":"product","2":"type-product","3":"status-publish","4":"has-post-thumbnail","6":"product_cat-pnomatik-hortumlar","7":"product_tag-hortum","8":"product_tag-pnomatik","9":"product_tag-pnomatik-polietilen-hortum","10":"product_tag-polietilen","12":"first","13":"instock","14":"taxable","15":"shipping-taxable","16":"product-type-variable"},"jetpack-related-posts":[{"id":830,"url":"https:\/\/tuzlahortum.com.tr\/ru\/product\/pnomatik-polyamid-hortum\/","url_meta":{"origin":831,"position":0},"title":"\u041f\u043d\u0435\u0432\u043c\u0430\u0442\u0438\u0447\u0435\u0441\u043a\u0438\u0439 \u043f\u043e\u043b\u0438\u0430\u043c\u0438\u0434\u043d\u044b\u0439 \u0448\u043b\u0430\u043d\u0433","author":"admin","date":"6 \u0444\u0435\u0432\u0440\u0430\u043b\u044f 2019","format":false,"excerpt":"Pnomatik Polyamid Hortum TEKN\u0130K B\u0130LG\u0130LER Fiziksel \u00d6zellikleri D\u00fc\u015f\u00fck s\u0131cakl\u0131kta y\u00fcksek darbe dayan\u0131m\u0131 UV ve s\u0131cakl\u0131k dayan\u0131m\u0131 Y\u00fcksek bas\u0131n\u00e7 dayan\u0131m\u0131 D\u0131\u015f ortam a\u015f\u0131nma direnci Otomatik rakor ile kolay kullan\u0131m Hidroliz dayan\u0131m\u0131 Y\u00fcksek \u00f6l\u00e7\u00fc hassasiyeti \u00c7inko klor\u00fcr dayan\u0131m\u0131 Akaryak\u0131t, ya\u011f ve kimyasallara kar\u015f\u0131 y\u00fcksek dayan\u0131m Hammadde \u00d6zellikleri Yo\u011funluk: 1,02 g\/cm3 Sertlik 67\u2026","rel":"","context":"\u041f\u043e\u0445\u043e\u0436\u0430\u044f \u0437\u0430\u043f\u0438\u0441\u044c","block_context":{"text":"\u041f\u043e\u0445\u043e\u0436\u0430\u044f \u0437\u0430\u043f\u0438\u0441\u044c","link":""},"img":{"alt_text":"","src":"https:\/\/i0.wp.com\/tuzlahortum.com.tr\/wp-content\/uploads\/urunler\/Pnomatik\/0001595_polyamid-12-hortum_550.jpeg?fit=490%2C550&ssl=1&resize=350%2C200","width":350,"height":200},"classes":[]},{"id":832,"url":"https:\/\/tuzlahortum.com.tr\/ru\/product\/pnomatik-poliuretan-hortum\/","url_meta":{"origin":831,"position":1},"title":"\u041f\u043d\u0435\u0432\u043c\u0430\u0442\u0438\u0447\u0435\u0441\u043a\u0438\u0439 \u043f\u043e\u043b\u0438\u0443\u0440\u0435\u0442\u0430\u043d\u043e\u0432\u044b\u0439 \u0448\u043b\u0430\u043d\u0433","author":"admin","date":"6 \u0444\u0435\u0432\u0440\u0430\u043b\u044f 2019","format":false,"excerpt":"Pnomatik Poli\u00fcretan Hortum TEKN\u0130K B\u0130LG\u0130LER Fiziksel \u00d6zellikleri D\u00fc\u015f\u00fck s\u0131cakl\u0131kta y\u00fcksek esneklik Y\u00fcksek elastikiyet A\u015f\u0131nma direnci K\u0131r\u0131lmaya kar\u015f\u0131 mukavemet M\u00fckemmel \u015feffafl\u0131k Y\u00fcksek hidroliz ve mikrobiyal dayan\u0131m Ya\u011f ve gres ya\u011f\u0131na kar\u015f\u0131 dayan\u0131m Hammadde \u00d6zellikleri Yo\u011funluk: 1,21 g\/cm3 Sertlik 95 - 98 A Erime s\u0131cakl\u0131\u011f\u0131 150 \u00b0C Patlama bas\u0131n\u00e7lar\u0131 15 atm ile\u2026","rel":"","context":"\u041f\u043e\u0445\u043e\u0436\u0430\u044f \u0437\u0430\u043f\u0438\u0441\u044c","block_context":{"text":"\u041f\u043e\u0445\u043e\u0436\u0430\u044f \u0437\u0430\u043f\u0438\u0441\u044c","link":""},"img":{"alt_text":"","src":"https:\/\/i0.wp.com\/tuzlahortum.com.tr\/wp-content\/uploads\/urunler\/Pnomatik\/0001599_poliuretan-hortum_550.jpeg?fit=496%2C550&ssl=1&resize=350%2C200","width":350,"height":200},"classes":[]},{"id":833,"url":"https:\/\/tuzlahortum.com.tr\/ru\/product\/polietilen-spiral-hortum\/","url_meta":{"origin":831,"position":2},"title":"\u041f\u043e\u043b\u0438\u044d\u0442\u0438\u043b\u0435\u043d\u043e\u0432\u044b\u0439 \u0441\u043f\u0438\u0440\u0430\u043b\u044c\u043d\u044b\u0439 \u0448\u043b\u0430\u043d\u0433","author":"admin","date":"6 \u0444\u0435\u0432\u0440\u0430\u043b\u044f 2019","format":false,"excerpt":"Polietilen Spiral Hortum\u0130ki ucu 1\/4 Rekorlu ve iki ucu yayl\u0131 Shrink","rel":"","context":"\u041f\u043e\u0445\u043e\u0436\u0430\u044f \u0437\u0430\u043f\u0438\u0441\u044c","block_context":{"text":"\u041f\u043e\u0445\u043e\u0436\u0430\u044f \u0437\u0430\u043f\u0438\u0441\u044c","link":""},"img":{"alt_text":"","src":"https:\/\/i0.wp.com\/tuzlahortum.com.tr\/wp-content\/uploads\/urunler\/Pnomatik\/0001950_5x8-polietilen-damper-hortumu-takim-45-metre_550.jpeg?fit=550%2C550&ssl=1&resize=350%2C200","width":350,"height":200,"srcset":"https:\/\/i0.wp.com\/tuzlahortum.com.tr\/wp-content\/uploads\/urunler\/Pnomatik\/0001950_5x8-polietilen-damper-hortumu-takim-45-metre_550.jpeg?fit=550%2C550&ssl=1&resize=350%2C200 1x, https:\/\/i0.wp.com\/tuzlahortum.com.tr\/wp-content\/uploads\/urunler\/Pnomatik\/0001950_5x8-polietilen-damper-hortumu-takim-45-metre_550.jpeg?fit=550%2C550&ssl=1&resize=525%2C300 1.5x"},"classes":[]},{"id":941,"url":"https:\/\/tuzlahortum.com.tr\/ru\/product\/tc-27\/","url_meta":{"origin":831,"position":3},"title":"\u0422\u041a 27","author":"admin","date":"6 \u0444\u0435\u0432\u0440\u0430\u043b\u044f 2019","format":false,"excerpt":"TC 27MATERYAL: Hortum duvar\u0131 : Polietilen Film \u2022 A\u011f\u0131rl\u0131k : 400 gr\/m2 \u2022 \u00c7ekme dayan\u0131m\u0131 : 80 \/ 80 kg.F \u2022 Y\u0131rt\u0131lma dayan\u0131m\u0131 : 5 \/ 6 kg.F \u2022 Kal\u0131nl\u0131k : 0.35 mm \u2022 Renk : Mavi D\u0131\u015f Spiral : Galvaniz \u00c7elik UYGULAMALAR: \u2022 \u00a0Klima \u2022 \u00a0Havaland\u0131rma \u2022 \u00a0Maden havaland\u0131rmas\u0131\u2026","rel":"","context":"\u041f\u043e\u0445\u043e\u0436\u0430\u044f \u0437\u0430\u043f\u0438\u0441\u044c","block_context":{"text":"\u041f\u043e\u0445\u043e\u0436\u0430\u044f \u0437\u0430\u043f\u0438\u0441\u044c","link":""},"img":{"alt_text":"","src":"https:\/\/i0.wp.com\/tuzlahortum.com.tr\/wp-content\/uploads\/2019\/03\/TC-27.jpg?fit=600%2C450&ssl=1&resize=350%2C200","width":350,"height":200,"srcset":"https:\/\/i0.wp.com\/tuzlahortum.com.tr\/wp-content\/uploads\/2019\/03\/TC-27.jpg?fit=600%2C450&ssl=1&resize=350%2C200 1x, https:\/\/i0.wp.com\/tuzlahortum.com.tr\/wp-content\/uploads\/2019\/03\/TC-27.jpg?fit=600%2C450&ssl=1&resize=525%2C300 1.5x"},"classes":[]},{"id":839,"url":"https:\/\/tuzlahortum.com.tr\/ru\/product\/alcak-yogunluk-1-kalite-polietilen-su-borulari\/","url_meta":{"origin":831,"position":4},"title":"\u0412\u043e\u0434\u043e\u043f\u0440\u043e\u0432\u043e\u0434\u043d\u044b\u0435 \u0442\u0440\u0443\u0431\u044b \u0438\u0437 \u043f\u043e\u043b\u0438\u044d\u0442\u0438\u043b\u0435\u043d\u0430 \u043d\u0438\u0437\u043a\u043e\u0439 \u043f\u043b\u043e\u0442\u043d\u043e\u0441\u0442\u0438 1-\u0433\u043e \u043a\u0430\u0447\u0435\u0441\u0442\u0432\u0430","author":"admin","date":"6 \u0444\u0435\u0432\u0440\u0430\u043b\u044f 2019","format":false,"excerpt":"Al\u00e7ak Yo\u011funluk 1. Kalite Polietilen Su Borular\u0131\u00d6zellikler 1. kalite polietilen hammaddeden \u00fcretilmi\u015ftir. Yumu\u015fak ve esnek olmas\u0131 montaj kolayl\u0131\u011f\u0131 sa\u011flar. TS 418-2 normuna g\u00f6re \u00fcretilmi\u015ftir. \u00c7al\u0131\u015fma S\u0131cakl\u0131\u011f\u0131 -5\u00b0C ile +60\u00b0C aras\u0131 Kullan\u0131m Alanlar\u0131 \u015eehir \u015febeke suyu da\u011f\u0131t\u0131m\u0131nda ve peysaj d\u00fczenleme i\u015flerinde kullan\u0131l\u0131r. A\u00e7\u0131k mavi ve beyaz renkte \u00fcretilir. \u00c7ap(inch) D\u0131\u015f \u00c7ap\u2026","rel":"","context":"\u041f\u043e\u0445\u043e\u0436\u0430\u044f \u0437\u0430\u043f\u0438\u0441\u044c","block_context":{"text":"\u041f\u043e\u0445\u043e\u0436\u0430\u044f \u0437\u0430\u043f\u0438\u0441\u044c","link":""},"img":{"alt_text":"","src":"https:\/\/i0.wp.com\/tuzlahortum.com.tr\/wp-content\/uploads\/kategoriler\/polietilenkangal.jpg?fit=374%2C325&ssl=1&resize=350%2C200","width":350,"height":200},"classes":[]},{"id":5473,"url":"https:\/\/tuzlahortum.com.tr\/ru\/product\/alcak-yogunluk-2-kalite-polietilen-su-borulari\/","url_meta":{"origin":831,"position":5},"title":"\u0412\u043e\u0434\u043e\u043f\u0440\u043e\u0432\u043e\u0434\u043d\u044b\u0435 \u0442\u0440\u0443\u0431\u044b \u0438\u0437 \u043f\u043e\u043b\u0438\u044d\u0442\u0438\u043b\u0435\u043d\u0430 \u043d\u0438\u0437\u043a\u043e\u0439 \u043f\u043b\u043e\u0442\u043d\u043e\u0441\u0442\u0438 2-\u0433\u043e \u043a\u0430\u0447\u0435\u0441\u0442\u0432\u0430","author":"\u0130smail \u00c7elik","date":"28 \u0444\u0435\u0432\u0440\u0430\u043b\u044f 2019","format":false,"excerpt":"Al\u00e7ak Yo\u011funluk 2. Kalite Polietilen Su Borular\u0131 \u00d6zellikler 2. kalite polietilen hammaddeden \u00fcretilmi\u015ftir. Yumu\u015fak ve esnek olmas\u0131 montaj kolayl\u0131\u011f\u0131 sa\u011flar. TS 418-2 normuna g\u00f6re \u00fcretilmi\u015ftir. \u00c7al\u0131\u015fma S\u0131cakl\u0131\u011f\u0131 -5\u00b0C ile +60\u00b0C aras\u0131 Kullan\u0131m Alanlar\u0131 \u015eehir \u015febeke suyu da\u011f\u0131t\u0131m\u0131nda ve peysaj d\u00fczenleme i\u015flerinde kullan\u0131l\u0131r. A\u00e7\u0131k mavi ve beyaz renkte \u00fcretilir. \u00c7ap(inch) D\u0131\u015f\u2026","rel":"","context":"\u041f\u043e\u0445\u043e\u0436\u0430\u044f \u0437\u0430\u043f\u0438\u0441\u044c","block_context":{"text":"\u041f\u043e\u0445\u043e\u0436\u0430\u044f \u0437\u0430\u043f\u0438\u0441\u044c","link":""},"img":{"alt_text":"","src":"https:\/\/i0.wp.com\/tuzlahortum.com.tr\/wp-content\/uploads\/2019\/02\/AL%C3%87AK-YO%C4%9EUNLUK-2.-KAL%C4%B0TE-P.E.-SU-BORULARI.jpg?fit=640%2C480&ssl=1&resize=350%2C200","width":350,"height":200,"srcset":"https:\/\/i0.wp.com\/tuzlahortum.com.tr\/wp-content\/uploads\/2019\/02\/AL%C3%87AK-YO%C4%9EUNLUK-2.-KAL%C4%B0TE-P.E.-SU-BORULARI.jpg?fit=640%2C480&ssl=1&resize=350%2C200 1x, https:\/\/i0.wp.com\/tuzlahortum.com.tr\/wp-content\/uploads\/2019\/02\/AL%C3%87AK-YO%C4%9EUNLUK-2.-KAL%C4%B0TE-P.E.-SU-BORULARI.jpg?fit=640%2C480&ssl=1&resize=525%2C300 1.5x"},"classes":[]}],"jetpack_sharing_enabled":true,"jetpack_likes_enabled":true,"_links":{"self":[{"href":"https:\/\/tuzlahortum.com.tr\/ru\/wp-json\/wp\/v2\/product\/831","targetHints":{"allow":["GET"]}}],"collection":[{"href":"https:\/\/tuzlahortum.com.tr\/ru\/wp-json\/wp\/v2\/product"}],"about":[{"href":"https:\/\/tuzlahortum.com.tr\/ru\/wp-json\/wp\/v2\/types\/product"}],"replies":[{"embeddable":true,"href":"https:\/\/tuzlahortum.com.tr\/ru\/wp-json\/wp\/v2\/comments?post=831"}],"wp:featuredmedia":[{"embeddable":true,"href":"https:\/\/tuzlahortum.com.tr\/ru\/wp-json\/wp\/v2\/media\/2043"}],"wp:attachment":[{"href":"https:\/\/tuzlahortum.com.tr\/ru\/wp-json\/wp\/v2\/media?parent=831"}],"wp:term":[{"taxonomy":"product_brand","embeddable":true,"href":"https:\/\/tuzlahortum.com.tr\/ru\/wp-json\/wp\/v2\/product_brand?post=831"},{"taxonomy":"product_cat","embeddable":true,"href":"https:\/\/tuzlahortum.com.tr\/ru\/wp-json\/wp\/v2\/product_cat?post=831"},{"taxonomy":"product_tag","embeddable":true,"href":"https:\/\/tuzlahortum.com.tr\/ru\/wp-json\/wp\/v2\/product_tag?post=831"}],"curies":[{"name":"wp","href":"https:\/\/api.w.org\/{rel}","templated":true}]}}