{"id":830,"date":"2019-02-06T23:54:31","date_gmt":"2019-02-06T20:54:31","guid":{"rendered":"http:\/\/hortum.com.tr\/product\/import-placeholder-for-610\/"},"modified":"2025-08-20T11:44:59","modified_gmt":"2025-08-20T08:44:59","slug":"pnomatik-polyamid-hortum","status":"publish","type":"product","link":"https:\/\/tuzlahortum.com.tr\/ru\/product\/pnomatik-polyamid-hortum\/","title":{"rendered":"\u041f\u043d\u0435\u0432\u043c\u0430\u0442\u0438\u0447\u0435\u0441\u043a\u0438\u0439 \u043f\u043e\u043b\u0438\u0430\u043c\u0438\u0434\u043d\u044b\u0439 \u0448\u043b\u0430\u043d\u0433"},"content":{"rendered":"<h2>\u041f\u043d\u0435\u0432\u043c\u0430\u0442\u0438\u0447\u0435\u0441\u043a\u0438\u0439 \u043f\u043e\u043b\u0438\u0430\u043c\u0438\u0434\u043d\u044b\u0439 \u0448\u043b\u0430\u043d\u0433<\/h2>\n<div class=\"productsTechnical\"><span class=\"head\">\u0422\u0415\u0425\u041d\u0418\u0427\u0415\u0421\u041a\u0410\u042f \u0418\u041d\u0424\u041e\u0420\u041c\u0410\u0426\u0418\u042f<\/span><\/div>\n<div><\/div>\n<div class=\"productsTechnical\">\n<p><span class=\"technical\">\u0424\u0438\u0437\u0438\u0447\u0435\u0441\u043a\u0438\u0435 \u0441\u0432\u043e\u0439\u0441\u0442\u0432\u0430<\/span><\/p>\n<ul>\n<li>\u0412\u044b\u0441\u043e\u043a\u0430\u044f \u0443\u0434\u0430\u0440\u043e\u043f\u0440\u043e\u0447\u043d\u043e\u0441\u0442\u044c \u043f\u0440\u0438 \u043d\u0438\u0437\u043a\u043e\u0439 \u0442\u0435\u043c\u043f\u0435\u0440\u0430\u0442\u0443\u0440\u0435<\/li>\n<li>\u0423\u0441\u0442\u043e\u0439\u0447\u0438\u0432\u043e\u0441\u0442\u044c \u043a \u0443\u043b\u044c\u0442\u0440\u0430\u0444\u0438\u043e\u043b\u0435\u0442\u0443 \u0438 \u0442\u0435\u043c\u043f\u0435\u0440\u0430\u0442\u0443\u0440\u0435<\/li>\n<li>\u0412\u044b\u0441\u043e\u043a\u0430\u044f \u043f\u0440\u043e\u0447\u043d\u043e\u0441\u0442\u044c \u043d\u0430 \u0441\u0436\u0430\u0442\u0438\u0435<\/li>\n<li>\u0418\u0437\u043d\u043e\u0441\u043e\u0441\u0442\u043e\u0439\u043a\u043e\u0441\u0442\u044c \u043d\u0430 \u043e\u0442\u043a\u0440\u044b\u0442\u043e\u043c \u0432\u043e\u0437\u0434\u0443\u0445\u0435<\/li>\n<li>\u041f\u0440\u043e\u0441\u0442\u043e\u0435 \u0438\u0441\u043f\u043e\u043b\u044c\u0437\u043e\u0432\u0430\u043d\u0438\u0435 \u0441 \u0430\u0432\u0442\u043e\u043c\u0430\u0442\u0438\u0447\u0435\u0441\u043a\u0438\u043c \u0441\u043e\u0435\u0434\u0438\u043d\u0435\u043d\u0438\u0435\u043c<\/li>\n<li>\u0423\u0441\u0442\u043e\u0439\u0447\u0438\u0432\u043e\u0441\u0442\u044c \u043a \u0433\u0438\u0434\u0440\u043e\u043b\u0438\u0437\u0443<\/li>\n<li>\u0412\u044b\u0441\u043e\u043a\u0430\u044f \u0442\u043e\u0447\u043d\u043e\u0441\u0442\u044c \u0438\u0437\u043c\u0435\u0440\u0435\u043d\u0438\u044f<\/li>\n<li>\u0423\u0441\u0442\u043e\u0439\u0447\u0438\u0432\u043e\u0441\u0442\u044c \u043a \u0445\u043b\u043e\u0440\u0438\u0434\u0443 \u0446\u0438\u043d\u043a\u0430<\/li>\n<li>\u0412\u044b\u0441\u043e\u043a\u0430\u044f \u0441\u0442\u043e\u0439\u043a\u043e\u0441\u0442\u044c \u043a \u0442\u043e\u043f\u043b\u0438\u0432\u0443, \u043c\u0430\u0441\u043b\u0443 \u0438 \u0445\u0438\u043c\u0438\u043a\u0430\u0442\u0430\u043c<\/li>\n<\/ul>\n<div class=\"video video-fit mb\" style=\"padding-top:56.25%;\"><p><iframe loading=\"lazy\" title=\"\u041f\u0443\u0442\u0430\u043d\u0438\u0446\u0430 \u0432 \u0438\u0437\u043c\u0435\u0440\u0435\u043d\u0438\u044f\u0445 (\u0434\u044e\u0439\u043c\u044b, \u043f\u0430\u043b\u044c\u0446\u044b, \u0434\u044b\u043c\u043a\u0430, \u043c\u0438\u043b\u043b\u0438\u043c\u0435\u0442\u0440\u044b)\" width=\"1020\" height=\"574\" src=\"https:\/\/www.youtube.com\/embed\/uKk6AG_AZls?feature=oembed\" frameborder=\"0\" allow=\"accelerometer; autoplay; clipboard-write; encrypted-media; gyroscope; picture-in-picture; web-share\" referrerpolicy=\"strict-origin-when-cross-origin\" allowfullscreen><\/iframe><\/p>\n<\/div>\n<p><span class=\"technical\">\u0421\u0432\u043e\u0439\u0441\u0442\u0432\u0430 \u0441\u044b\u0440\u044c\u044f<\/span><\/p>\n<ul>\n<li>\u041f\u043b\u043e\u0442\u043d\u043e\u0441\u0442\u044c: 1,02 \u0433\/\u0441\u043c3<\/li>\n<li>\u0422\u0432\u0435\u0440\u0434\u043e\u0441\u0442\u044c 67D<\/li>\n<li>\u0422\u0435\u043c\u043f\u0435\u0440\u0430\u0442\u0443\u0440\u0430 \u043f\u043b\u0430\u0432\u043b\u0435\u043d\u0438\u044f 173 \u00baC<\/li>\n<li>\u0412\u043e\u0434\u043e\u043f\u043e\u0433\u043b\u043e\u0449\u0435\u043d\u0438\u0435 1,4 1\u0422\u041f3\u0422<\/li>\n<li>\u0412\u043b\u0430\u0433\u043e\u043f\u043e\u0433\u043b\u043e\u0449\u0435\u043d\u0438\u0435 0,7 1\u0422\u04203\u0422<\/li>\n<li>\u0420\u0430\u0431\u043e\u0447\u0435\u0435 \u0434\u0430\u0432\u043b\u0435\u043d\u0438\u0435 \u0441\u043e\u0441\u0442\u0430\u0432\u043b\u044f\u0435\u0442 \u043e\u0442 15 \u0434\u043e 50 \u0430\u0442\u043c.<\/li>\n<li>\u0414\u0430\u0432\u043b\u0435\u043d\u0438\u0435 \u0432\u0437\u0440\u044b\u0432\u0430 \u0441\u043e\u0441\u0442\u0430\u0432\u043b\u044f\u0435\u0442 \u043e\u0442 45 \u0434\u043e 150 \u0430\u0442\u043c. \u042d\u0442\u0438 \u0437\u043d\u0430\u0447\u0435\u043d\u0438\u044f \u0434\u0435\u0439\u0441\u0442\u0432\u0438\u0442\u0435\u043b\u044c\u043d\u044b \u0434\u043b\u044f \u0442\u0435\u043c\u043f\u0435\u0440\u0430\u0442\u0443\u0440\u044b 23\u00b0C (73\u00b0F) \u0438 \u0432\u0430\u0440\u044c\u0438\u0440\u0443\u044e\u0442\u0441\u044f \u0432 \u0437\u0430\u0432\u0438\u0441\u0438\u043c\u043e\u0441\u0442\u0438 \u043e\u0442 \u0434\u0438\u0430\u043c\u0435\u0442\u0440\u0430 \u0438 \u0442\u043e\u043b\u0449\u0438\u043d\u044b \u0441\u0442\u0435\u043d\u043e\u043a \u0448\u043b\u0430\u043d\u0433\u043e\u0432.<\/li>\n<li>\u041f\u0440\u0435\u0434\u0435\u043b \u0442\u0435\u043c\u043f\u0435\u0440\u0430\u0442\u0443\u0440\u044b -40\u00b0C\/+90\u00b0C (-40\u00b0F\/+194\u00b0F)<\/li>\n<\/ul>\n<\/div>","protected":false},"excerpt":{"rendered":"<p>Pnomatik Polyamid Hortum TEKN\u0130K B\u0130LG\u0130LER Fiziksel \u00d6zellikleri D\u00fc\u015f\u00fck s\u0131cakl\u0131kta y\u00fcksek darbe dayan\u0131m\u0131 UV ve s\u0131cakl\u0131k dayan\u0131m\u0131 Y\u00fcksek bas\u0131n\u00e7 dayan\u0131m\u0131 D\u0131\u015f ortam a\u015f\u0131nma direnci Otomatik rakor ile kolay kullan\u0131m Hidroliz dayan\u0131m\u0131 Y\u00fcksek \u00f6l\u00e7\u00fc hassasiyeti \u00c7inko klor\u00fcr dayan\u0131m\u0131 Akaryak\u0131t, ya\u011f ve kimyasallara kar\u015f\u0131 y\u00fcksek dayan\u0131m Hammadde \u00d6zellikleri Yo\u011funluk: 1,02 g\/cm3 Sertlik 67 D Erime s\u0131cakl\u0131\u011f\u0131 173 \u00baC [&#8230;]\n","protected":false},"featured_media":2052,"comment_status":"open","ping_status":"closed","template":"","meta":{"jetpack_post_was_ever_published":false},"product_brand":[],"product_cat":[166],"product_tag":[290,1080,1082,1081],"class_list":{"0":"post-830","1":"product","2":"type-product","3":"status-publish","4":"has-post-thumbnail","6":"product_cat-pnomatik-hortumlar","7":"product_tag-hortum","8":"product_tag-pnomatik","9":"product_tag-pnomatik-polyamid-hortum","10":"product_tag-polyamid","12":"first","13":"instock","14":"taxable","15":"shipping-taxable","16":"product-type-variable"},"jetpack-related-posts":[{"id":831,"url":"https:\/\/tuzlahortum.com.tr\/ru\/product\/pnomatik-polietilen-hortum\/","url_meta":{"origin":830,"position":0},"title":"\u041f\u043d\u0435\u0432\u043c\u0430\u0442\u0438\u0447\u0435\u0441\u043a\u0438\u0439 \u043f\u043e\u043b\u0438\u044d\u0442\u0438\u043b\u0435\u043d\u043e\u0432\u044b\u0439 \u0448\u043b\u0430\u043d\u0433","author":"admin","date":"6 \u0444\u0435\u0432\u0440\u0430\u043b\u044f 2019","format":false,"excerpt":"Pnomatik Polietilen Hortum TEKN\u0130K B\u0130LG\u0130LER Fiziksel \u00d6zellikleri D\u00fc\u015f\u00fck yo\u011funluk, d\u00fc\u015f\u00fck a\u011f\u0131rl\u0131k Gerilim alt\u0131nda \u00e7atlamaya kar\u015f\u0131 mukavemet Kolay i\u015fleme D\u0131\u015f etkenlerden , nemden etkilenmeme Sa\u011fl\u0131\u011fa uygunluluk Bask\u0131 ve renklendirmeye uygunluk Kolay \u015fekil verilebilme Hidroliz dayan\u0131m\u0131 Otomatik rakorlar ile kolay kullan\u0131m Y\u00fcksek kimyasal ak\u0131\u015fkan dayan\u0131m\u0131 Hammadde \u00d6zellikleri Yo\u011funluk: 0.921 g\/cm3 Sertlik: 47\u2026","rel":"","context":"\u041f\u043e\u0445\u043e\u0436\u0430\u044f \u0437\u0430\u043f\u0438\u0441\u044c","block_context":{"text":"\u041f\u043e\u0445\u043e\u0436\u0430\u044f \u0437\u0430\u043f\u0438\u0441\u044c","link":""},"img":{"alt_text":"","src":"https:\/\/i0.wp.com\/tuzlahortum.com.tr\/wp-content\/uploads\/urunler\/Pnomatik\/pno.polietilen-hortum.jpg?fit=700%2C421&ssl=1&resize=350%2C200","width":350,"height":200,"srcset":"https:\/\/i0.wp.com\/tuzlahortum.com.tr\/wp-content\/uploads\/urunler\/Pnomatik\/pno.polietilen-hortum.jpg?fit=700%2C421&ssl=1&resize=350%2C200 1x, https:\/\/i0.wp.com\/tuzlahortum.com.tr\/wp-content\/uploads\/urunler\/Pnomatik\/pno.polietilen-hortum.jpg?fit=700%2C421&ssl=1&resize=525%2C300 1.5x, https:\/\/i0.wp.com\/tuzlahortum.com.tr\/wp-content\/uploads\/urunler\/Pnomatik\/pno.polietilen-hortum.jpg?fit=700%2C421&ssl=1&resize=700%2C400 2x"},"classes":[]},{"id":832,"url":"https:\/\/tuzlahortum.com.tr\/ru\/product\/pnomatik-poliuretan-hortum\/","url_meta":{"origin":830,"position":1},"title":"\u041f\u043d\u0435\u0432\u043c\u0430\u0442\u0438\u0447\u0435\u0441\u043a\u0438\u0439 \u043f\u043e\u043b\u0438\u0443\u0440\u0435\u0442\u0430\u043d\u043e\u0432\u044b\u0439 \u0448\u043b\u0430\u043d\u0433","author":"admin","date":"6 \u0444\u0435\u0432\u0440\u0430\u043b\u044f 2019","format":false,"excerpt":"Pnomatik Poli\u00fcretan Hortum TEKN\u0130K B\u0130LG\u0130LER Fiziksel \u00d6zellikleri D\u00fc\u015f\u00fck s\u0131cakl\u0131kta y\u00fcksek esneklik Y\u00fcksek elastikiyet A\u015f\u0131nma direnci K\u0131r\u0131lmaya kar\u015f\u0131 mukavemet M\u00fckemmel \u015feffafl\u0131k Y\u00fcksek hidroliz ve mikrobiyal dayan\u0131m Ya\u011f ve gres ya\u011f\u0131na kar\u015f\u0131 dayan\u0131m Hammadde \u00d6zellikleri Yo\u011funluk: 1,21 g\/cm3 Sertlik 95 - 98 A Erime s\u0131cakl\u0131\u011f\u0131 150 \u00b0C Patlama bas\u0131n\u00e7lar\u0131 15 atm ile\u2026","rel":"","context":"\u041f\u043e\u0445\u043e\u0436\u0430\u044f \u0437\u0430\u043f\u0438\u0441\u044c","block_context":{"text":"\u041f\u043e\u0445\u043e\u0436\u0430\u044f \u0437\u0430\u043f\u0438\u0441\u044c","link":""},"img":{"alt_text":"","src":"https:\/\/i0.wp.com\/tuzlahortum.com.tr\/wp-content\/uploads\/urunler\/Pnomatik\/0001599_poliuretan-hortum_550.jpeg?fit=496%2C550&ssl=1&resize=350%2C200","width":350,"height":200},"classes":[]},{"id":654,"url":"https:\/\/tuzlahortum.com.tr\/ru\/product\/trelleborg-airflat\/","url_meta":{"origin":830,"position":2},"title":"\u0422\u0440\u0435\u043b\u043b\u0435\u0431\u043e\u0440\u0433 AIRFLAT","author":"admin","date":"6 \u0444\u0435\u0432\u0440\u0430\u043b\u044f 2019","format":false,"excerpt":"Trelleborg AIRFLATHava\/Bas\u0131n\u00e7l\u0131 hava uygulamalar\u0131 Bay\u0131nd\u0131rl\u0131k hizmetleri, tar\u0131m ve t\u00fcm end\u00fcstrilerde \u00e7ok ama\u00e7l\u0131 uygulamalara y\u00f6nelik hafif, d\u00fcz\u00a0hortum. \u00d6zellikle y\u00fcksek uzunluk ve hafif a\u011f\u0131rl\u0131klara ihtiya\u00e7 duyuldu\u011funda ve eri\u015fimin kolay olmad\u0131\u011f\u0131 alanlarda s\u0131v\u0131 ve benzeri s\u0131v\u0131lar\u0131n yan\u0131 s\u0131ra bas\u0131n\u00e7l\u0131 hava pompalanmas\u0131 ve ta\u015f\u0131nmas\u0131 i\u00e7in\u00a0tasarlanm\u0131\u015ft\u0131r. Avantajlar *Ta\u015f\u0131mas\u0131 ve depolanmas\u0131 kolayd\u0131r, \u00e7ok d\u00fc\u015f\u00fck a\u011f\u0131rl\u0131k, sar\u0131labilir.\u2026","rel":"","context":"\u041f\u043e\u0445\u043e\u0436\u0430\u044f \u0437\u0430\u043f\u0438\u0441\u044c","block_context":{"text":"\u041f\u043e\u0445\u043e\u0436\u0430\u044f \u0437\u0430\u043f\u0438\u0441\u044c","link":""},"img":{"alt_text":"","src":"https:\/\/i0.wp.com\/tuzlahortum.com.tr\/wp-content\/uploads\/2019\/02\/AIRFLAT.jpg?fit=800%2C800&ssl=1&resize=350%2C200","width":350,"height":200,"srcset":"https:\/\/i0.wp.com\/tuzlahortum.com.tr\/wp-content\/uploads\/2019\/02\/AIRFLAT.jpg?fit=800%2C800&ssl=1&resize=350%2C200 1x, https:\/\/i0.wp.com\/tuzlahortum.com.tr\/wp-content\/uploads\/2019\/02\/AIRFLAT.jpg?fit=800%2C800&ssl=1&resize=525%2C300 1.5x, https:\/\/i0.wp.com\/tuzlahortum.com.tr\/wp-content\/uploads\/2019\/02\/AIRFLAT.jpg?fit=800%2C800&ssl=1&resize=700%2C400 2x"},"classes":[]},{"id":689,"url":"https:\/\/tuzlahortum.com.tr\/ru\/product\/tc-20\/","url_meta":{"origin":830,"position":3},"title":"\u0422\u041a 20","author":"admin","date":"6 \u0444\u0435\u0432\u0440\u0430\u043b\u044f 2019","format":false,"excerpt":"TC 20MATERYAL: Hortum Duvar\u0131 : Silisyum oksit ve poli\u00fcretan kapl\u0131 E-Camelyaf kuma\u015f \u2022 A\u011f\u0131rl\u0131k : 1250 gr\/m2 \u2022 \u00c7ekme dayan\u0131m\u0131 : Warp: 35 daN\/cm, Weft: 25 daN\/cm \u2022 Kal\u0131nl\u0131k : Yakla\u015f\u0131k 2 mm \u2022 Renk : Gri D\u0131\u015f Spiral : Galvaniz veya Cr-Ni \u00e7elik UYGULAMALAR: \u2022 S\u0131cak hava transferi \u2022\u2026","rel":"","context":"\u041f\u043e\u0445\u043e\u0436\u0430\u044f \u0437\u0430\u043f\u0438\u0441\u044c","block_context":{"text":"\u041f\u043e\u0445\u043e\u0436\u0430\u044f \u0437\u0430\u043f\u0438\u0441\u044c","link":""},"img":{"alt_text":"","src":"https:\/\/i0.wp.com\/tuzlahortum.com.tr\/wp-content\/uploads\/2019\/03\/TC-21-20.jpg?fit=600%2C450&ssl=1&resize=350%2C200","width":350,"height":200,"srcset":"https:\/\/i0.wp.com\/tuzlahortum.com.tr\/wp-content\/uploads\/2019\/03\/TC-21-20.jpg?fit=600%2C450&ssl=1&resize=350%2C200 1x, https:\/\/i0.wp.com\/tuzlahortum.com.tr\/wp-content\/uploads\/2019\/03\/TC-21-20.jpg?fit=600%2C450&ssl=1&resize=525%2C300 1.5x"},"classes":[]},{"id":614,"url":"https:\/\/tuzlahortum.com.tr\/ru\/product\/tc-01fr\/","url_meta":{"origin":830,"position":4},"title":"\u0422\u041a 01\u0424\u0420","author":"admin","date":"6 \u0444\u0435\u0432\u0440\u0430\u043b\u044f 2019","format":false,"excerpt":"TC 01FRMATERYAL: Kuma\u015f Duvar\u0131 : PVC Kapl\u0131 Kuma\u015f, Alev Y\u00fcr\u00fcmez \u00d6zellikte \u2022 A\u011f\u0131rl\u0131k : 430 gr\/m2 \u2022 \u00c7ekme Dayan\u0131m\u0131 : 100\/100 kg.F \u2022 Y\u0131rt\u0131lma Dayan\u0131m\u0131 : 5\/6 kg.F \u2022 Renk : Sar\u0131 - Siyah - Gri D\u0131\u015f Spiral : Galvaniz \u00c7elik UYGULAMALAR: \u2022 Klima \u2022 Havaland\u0131rma \u2022 Emi\u015f uygulamas\u0131 \u2022\u2026","rel":"","context":"\u041f\u043e\u0445\u043e\u0436\u0430\u044f \u0437\u0430\u043f\u0438\u0441\u044c","block_context":{"text":"\u041f\u043e\u0445\u043e\u0436\u0430\u044f \u0437\u0430\u043f\u0438\u0441\u044c","link":""},"img":{"alt_text":"","src":"https:\/\/i0.wp.com\/tuzlahortum.com.tr\/wp-content\/uploads\/2019\/03\/TC-02FR-01FR-TC25.jpg?fit=600%2C450&ssl=1&resize=350%2C200","width":350,"height":200,"srcset":"https:\/\/i0.wp.com\/tuzlahortum.com.tr\/wp-content\/uploads\/2019\/03\/TC-02FR-01FR-TC25.jpg?fit=600%2C450&ssl=1&resize=350%2C200 1x, https:\/\/i0.wp.com\/tuzlahortum.com.tr\/wp-content\/uploads\/2019\/03\/TC-02FR-01FR-TC25.jpg?fit=600%2C450&ssl=1&resize=525%2C300 1.5x"},"classes":[]},{"id":617,"url":"https:\/\/tuzlahortum.com.tr\/ru\/product\/tc-02fr\/","url_meta":{"origin":830,"position":5},"title":"\u0422\u041a 02\u0424\u0420","author":"admin","date":"6 \u0444\u0435\u0432\u0440\u0430\u043b\u044f 2019","format":false,"excerpt":"TC 02FRMATERYAL: Kuma\u015f Duvar\u0131 : PVC Kapl\u0131 kuma\u015f, Alev Y\u00fcr\u00fcmez \u00d6zellikte \u2022 A\u011f\u0131rl\u0131k : 630 gr\/m2 \u2022 \u00c7ekme Dayan\u0131m\u0131 : Warp 200 kg.F, Weft 200 kg.F \u2022 Kuma\u015f Dayan\u0131m\u0131 : Warp 25 kg.F, Weft 25 kg.F \u2022 Kal\u0131nl\u0131k : 0,55 mm \u2022 Renk : Sar\u0131 \u2013 Siyah \u2013 Gri -\u2026","rel":"","context":"\u041f\u043e\u0445\u043e\u0436\u0430\u044f \u0437\u0430\u043f\u0438\u0441\u044c","block_context":{"text":"\u041f\u043e\u0445\u043e\u0436\u0430\u044f \u0437\u0430\u043f\u0438\u0441\u044c","link":""},"img":{"alt_text":"","src":"https:\/\/i0.wp.com\/tuzlahortum.com.tr\/wp-content\/uploads\/2019\/03\/TC-02FR-01FR-TC25.jpg?fit=600%2C450&ssl=1&resize=350%2C200","width":350,"height":200,"srcset":"https:\/\/i0.wp.com\/tuzlahortum.com.tr\/wp-content\/uploads\/2019\/03\/TC-02FR-01FR-TC25.jpg?fit=600%2C450&ssl=1&resize=350%2C200 1x, https:\/\/i0.wp.com\/tuzlahortum.com.tr\/wp-content\/uploads\/2019\/03\/TC-02FR-01FR-TC25.jpg?fit=600%2C450&ssl=1&resize=525%2C300 1.5x"},"classes":[]}],"jetpack_sharing_enabled":true,"jetpack_likes_enabled":true,"_links":{"self":[{"href":"https:\/\/tuzlahortum.com.tr\/ru\/wp-json\/wp\/v2\/product\/830","targetHints":{"allow":["GET"]}}],"collection":[{"href":"https:\/\/tuzlahortum.com.tr\/ru\/wp-json\/wp\/v2\/product"}],"about":[{"href":"https:\/\/tuzlahortum.com.tr\/ru\/wp-json\/wp\/v2\/types\/product"}],"replies":[{"embeddable":true,"href":"https:\/\/tuzlahortum.com.tr\/ru\/wp-json\/wp\/v2\/comments?post=830"}],"wp:featuredmedia":[{"embeddable":true,"href":"https:\/\/tuzlahortum.com.tr\/ru\/wp-json\/wp\/v2\/media\/2052"}],"wp:attachment":[{"href":"https:\/\/tuzlahortum.com.tr\/ru\/wp-json\/wp\/v2\/media?parent=830"}],"wp:term":[{"taxonomy":"product_brand","embeddable":true,"href":"https:\/\/tuzlahortum.com.tr\/ru\/wp-json\/wp\/v2\/product_brand?post=830"},{"taxonomy":"product_cat","embeddable":true,"href":"https:\/\/tuzlahortum.com.tr\/ru\/wp-json\/wp\/v2\/product_cat?post=830"},{"taxonomy":"product_tag","embeddable":true,"href":"https:\/\/tuzlahortum.com.tr\/ru\/wp-json\/wp\/v2\/product_tag?post=830"}],"curies":[{"name":"wp","href":"https:\/\/api.w.org\/{rel}","templated":true}]}}