{"id":828,"date":"2019-02-06T23:54:30","date_gmt":"2019-02-06T20:54:30","guid":{"rendered":"http:\/\/hortum.com.tr\/product\/import-placeholder-for-124\/"},"modified":"2024-03-21T17:41:54","modified_gmt":"2024-03-21T14:41:54","slug":"te-tipi-gri-toz-emis-hortumu-standart","status":"publish","type":"product","link":"https:\/\/tuzlahortum.com.tr\/ru\/product\/te-tipi-gri-toz-emis-hortumu-standart\/","title":{"rendered":"\u0421\u0435\u0440\u044b\u0439 \u043f\u044b\u043b\u0435\u043e\u0442\u0441\u0430\u0441\u044b\u0432\u0430\u044e\u0449\u0438\u0439 \u0448\u043b\u0430\u043d\u0433 \u0442\u0438\u043f\u0430 TE (\u0421\u0422\u0410\u041d\u0414\u0410\u0420\u0422\u041d\u042b\u0419)"},"content":{"rendered":"<h2>\u0421\u0435\u0440\u044b\u0439 \u043f\u044b\u043b\u0435\u043e\u0442\u0441\u0430\u0441\u044b\u0432\u0430\u044e\u0449\u0438\u0439 \u0448\u043b\u0430\u043d\u0433 \u0442\u0438\u043f\u0430 TE (\u0421\u0422\u0410\u041d\u0414\u0410\u0420\u0422\u041d\u042b\u0419)<\/h2>\n<p>\u0424\u0443\u043d\u043a\u0446\u0438\u0438<\/p>\n<p>\u0415\u0433\u043e \u043c\u043e\u0436\u043d\u043e \u0438\u0441\u043f\u043e\u043b\u044c\u0437\u043e\u0432\u0430\u0442\u044c \u0432 \u043a\u0430\u0447\u0435\u0441\u0442\u0432\u0435 \u043f\u0435\u0440\u0435\u0434\u0430\u0442\u0447\u0438\u043a\u0430. \u0413\u0438\u0431\u043a\u0438\u0439 \u043f\u0440\u043e\u0437\u0440\u0430\u0447\u043d\u044b\u0439 \u041f\u0412\u0425, \u0432\u044b\u0441\u043e\u043a\u0430\u044f \u043f\u0440\u043e\u0447\u043d\u043e\u0441\u0442\u044c, \u043c\u0430\u043a\u0441\u0438\u043c\u0430\u043b\u044c\u043d\u0430\u044f \u0443\u0441\u0442\u043e\u0439\u0447\u0438\u0432\u043e\u0441\u0442\u044c \u043a \u0438\u0437\u043b\u043e\u043c\u0443.<\/p>\n<p>\u0418\u0437\u0433\u043e\u0442\u0430\u0432\u043b\u0438\u0432\u0430\u0435\u0442\u0441\u044f \u0441 \u0430\u0440\u043c\u0438\u0440\u043e\u0432\u0430\u043d\u0438\u0435\u043c \u0438\u0437 \u0442\u0432\u0435\u0440\u0434\u043e\u0433\u043e \u041f\u0412\u0425. \u0412\u043d\u0443\u0442\u0440\u0435\u043d\u043d\u044f\u044f \u043f\u043e\u0432\u0435\u0440\u0445\u043d\u043e\u0441\u0442\u044c \u043f\u043b\u043e\u0441\u043a\u0430\u044f, \u0432\u043d\u0435\u0448\u043d\u044f\u044f - \u0443\u0437\u043b\u043e\u0432\u0430\u0442\u0430\u044f.<br \/>\n\u0420\u0430\u0431\u043e\u0447\u0430\u044f \u0442\u0435\u043c\u043f\u0435\u0440\u0430\u0442\u0443\u0440\u0430<\/p>\n<p>\u043e\u0442 -5\u00b0\u0421 \u0434\u043e +60\u00b0\u0421<\/p>\n<p>\u041e\u0431\u043b\u0430\u0441\u0442\u0438 \u0438\u0441\u043f\u043e\u043b\u044c\u0437\u043e\u0432\u0430\u043d\u0438\u044f<\/p>\n<p>\u0412\u0441\u0435 \u0432\u0438\u0434\u044b \u0432\u043e\u0437\u0434\u0443\u0445\u0430, \u0434\u044b\u043c\u0430, \u0433\u0430\u0437\u0430, \u043e\u043f\u0438\u043b\u043e\u043a \u0438 \u0442. \u0434. \u041f\u0440\u0438\u043c\u0435\u043d\u044f\u0435\u0442\u0441\u044f \u043f\u0440\u0438 \u0430\u0441\u043f\u0438\u0440\u0430\u0446\u0438\u043e\u043d\u043d\u044b\u0445 \u0440\u0430\u0431\u043e\u0442\u0430\u0445, \u043e\u0441\u043e\u0431\u0435\u043d\u043d\u043e \u0432 \u0442\u0435\u043a\u0441\u0442\u0438\u043b\u044c\u043d\u043e\u0439 \u0438 \u043c\u0435\u0431\u0435\u043b\u044c\u043d\u043e\u0439 \u043f\u0440\u043e\u043c\u044b\u0448\u043b\u0435\u043d\u043d\u043e\u0441\u0442\u0438.<\/p>\n<div class=\"video video-fit mb\" style=\"padding-top:56.25%;\"><p><iframe loading=\"lazy\" title=\"\u041f\u0443\u0442\u0430\u043d\u0438\u0446\u0430 \u0432 \u0438\u0437\u043c\u0435\u0440\u0435\u043d\u0438\u044f\u0445 (\u0434\u044e\u0439\u043c\u044b, \u043f\u0430\u043b\u044c\u0446\u044b, \u0434\u044b\u043c\u043a\u0430, \u043c\u0438\u043b\u043b\u0438\u043c\u0435\u0442\u0440\u044b)\" width=\"1020\" height=\"574\" src=\"https:\/\/www.youtube.com\/embed\/uKk6AG_AZls?feature=oembed\" frameborder=\"0\" allow=\"accelerometer; autoplay; clipboard-write; encrypted-media; gyroscope; picture-in-picture; web-share\" referrerpolicy=\"strict-origin-when-cross-origin\" allowfullscreen><\/iframe><\/p>\n<\/div>\n<div class=\"video video-fit mb\" style=\"padding-top:56.25%;\"><p>https:\/\/www.youtube.com\/watch?v=O8ZlzKEjfEQ%20<\/p>\n<\/div>\n<p><img data-recalc-dims=\"1\" loading=\"lazy\" decoding=\"async\" class=\"alignnone size-full wp-image-1991\" src=\"https:\/\/i0.wp.com\/hortum.com.tr\/wp-content\/uploads\/urunler\/plastik\/TE-TI%CC%87PI%CC%87-TOZ-EMI%CC%87CI%CC%87-SPI%CC%87RAL-HORTUM-STANDART.jpg?resize=308%2C306\" alt=\"\" width=\"308\" height=\"306\" title=\"\" srcset=\"https:\/\/i0.wp.com\/tuzlahortum.com.tr\/wp-content\/uploads\/urunler\/plastik\/TE-TI%CC%87PI%CC%87-TOZ-EMI%CC%87CI%CC%87-SPI%CC%87RAL-HORTUM-STANDART.jpg?w=308&amp;ssl=1 308w, https:\/\/i0.wp.com\/tuzlahortum.com.tr\/wp-content\/uploads\/urunler\/plastik\/TE-TI%CC%87PI%CC%87-TOZ-EMI%CC%87CI%CC%87-SPI%CC%87RAL-HORTUM-STANDART.jpg?resize=100%2C100&amp;ssl=1 100w\" sizes=\"auto, (max-width: 308px) 100vw, 308px\" \/><\/p>","protected":false},"excerpt":{"rendered":"<p>TE Tipi Gri Toz Emi\u015f Hortumu (STANDART) \u00d6zellikler Verici olarak kullan\u0131labilir. Esnek \u015feffaf PVC, y\u00fcksek mukavemetli, k\u0131r\u0131lmaya kar\u015f\u0131 maksimum dayan\u0131kl\u0131 sert PVC takviyesiyle \u00fcretilmektedir. \u0130\u00e7 y\u00fczey d\u00fcz, d\u0131\u015f y\u00fczey bo\u011fumludur. \u00c7al\u0131\u015fma S\u0131cakl\u0131\u011f\u0131 -5\u00b0C ile +60\u00b0C aras\u0131 Kullan\u0131m Alanlar\u0131 Her t\u00fcrl\u00fc hava, duman, gaz, tala\u015f vb. emme i\u015flerinde \u00f6zellikle tekstil ve mobilya sekt\u00f6r\u00fcnde kullan\u0131l\u0131r.<\/p>","protected":false},"featured_media":2034,"comment_status":"open","ping_status":"closed","template":"","meta":[],"product_brand":[],"product_cat":[168],"product_tag":[1016,1070,969,1071,1069,625,629,723,1068],"class_list":{"0":"post-828","1":"product","2":"type-product","3":"status-publish","4":"has-post-thumbnail","6":"product_cat-pvc-spiralli-hortumlari","7":"product_tag-bogumlu","8":"product_tag-cok-esnek-hortum","9":"product_tag-ekonomik","10":"product_tag-hafif","11":"product_tag-havalandirma-hortumu","12":"product_tag-insaat","13":"product_tag-maden-ocaklari","14":"product_tag-sanayi","15":"product_tag-te-tipi-gri-toz-emis-hortumu","17":"first","18":"instock","19":"taxable","20":"shipping-taxable","21":"product-type-variable"},"jetpack-related-posts":[{"id":866,"url":"https:\/\/tuzlahortum.com.tr\/ru\/product\/te-tipi-gri-toz-emis-hortumu-orta-hizmet\/","url_meta":{"origin":828,"position":0},"title":"\u0421\u0435\u0440\u044b\u0439 \u043f\u044b\u043b\u0435\u043e\u0442\u0441\u0430\u0441\u044b\u0432\u0430\u044e\u0449\u0438\u0439 \u0448\u043b\u0430\u043d\u0433 \u0442\u0438\u043f\u0430 TE (\u0421\u0420\u0415\u0414\u041d\u042f\u042f \u041d\u0410\u0413\u0420\u0423\u0417\u041a\u0410)","author":"admin","date":"6 \u0444\u0435\u0432\u0440\u0430\u043b\u044f 2019","format":false,"excerpt":"TE Tipi Gri Toz Emi\u015f Hortumu (ORTA H\u0130ZMET)\u00d6zellikler Verici olarak kullan\u0131labilir. Esnek \u015feffaf PVC, y\u00fcksek mukavemetli, k\u0131r\u0131lmaya kar\u015f\u0131 maksimum dayan\u0131kl\u0131 sert PVC takviyesiyle \u00fcretilmektedir. \u0130\u00e7 y\u00fczey d\u00fcz, d\u0131\u015f y\u00fczey bo\u011fumludur. \u00c7al\u0131\u015fma S\u0131cakl\u0131\u011f\u0131 -5\u00b0C ile +60\u00b0C aras\u0131 Kullan\u0131m Alanlar\u0131 Her t\u00fcrl\u00fc hava, duman, gaz, tala\u015f vb. emme i\u015flerinde \u00f6zellikle tekstil ve\u2026","rel":"","context":"\u041f\u043e\u0445\u043e\u0436\u0430\u044f \u0437\u0430\u043f\u0438\u0441\u044c","block_context":{"text":"\u041f\u043e\u0445\u043e\u0436\u0430\u044f \u0437\u0430\u043f\u0438\u0441\u044c","link":""},"img":{"alt_text":"","src":"https:\/\/i0.wp.com\/tuzlahortum.com.tr\/wp-content\/uploads\/urunler\/plastik\/19.jpg?fit=588%2C373&ssl=1&resize=350%2C200","width":350,"height":200,"srcset":"https:\/\/i0.wp.com\/tuzlahortum.com.tr\/wp-content\/uploads\/urunler\/plastik\/19.jpg?fit=588%2C373&ssl=1&resize=350%2C200 1x, https:\/\/i0.wp.com\/tuzlahortum.com.tr\/wp-content\/uploads\/urunler\/plastik\/19.jpg?fit=588%2C373&ssl=1&resize=525%2C300 1.5x"},"classes":[]},{"id":825,"url":"https:\/\/tuzlahortum.com.tr\/ru\/product\/v-tipi-sari-verici-hortum-standart\/","url_meta":{"origin":828,"position":1},"title":"\u0416\u0435\u043b\u0442\u044b\u0439 \u0440\u0430\u0437\u0434\u0430\u0442\u043e\u0447\u043d\u044b\u0439 \u0448\u043b\u0430\u043d\u0433 \u0442\u0438\u043f\u0430 V (\u0421\u0422\u0410\u041d\u0414\u0410\u0420\u0422\u041d\u042b\u0419)","author":"admin","date":"6 \u0444\u0435\u0432\u0440\u0430\u043b\u044f 2019","format":false,"excerpt":"V Tipi Sar\u0131 Verici Hortum (STANDART)\u00d6zellikler Emici ve verici olarak kullan\u0131labilir. Esnek \u015feffaf PVC, y\u00fcksek mukavemetli, k\u0131r\u0131lmaya kar\u015f\u0131 maksimum dayan\u0131kl\u0131 sert PVC takviyesiyle \u00fcretilmektedir. \u0130\u00e7 ve d\u0131\u015f y\u00fczey d\u00fczd\u00fcr. \u00c7al\u0131\u015fma S\u0131cakl\u0131\u011f\u0131 -5\u00b0C ile +60\u00b0C aras\u0131 Kullan\u0131m Alanlar\u0131 Tar\u0131m, sanayi ve in\u015faat sekt\u00f6r\u00fcnde , pompa emi\u015flerinde, likit ve sair malzeme naklinde\u00a0\u2026","rel":"","context":"\u041f\u043e\u0445\u043e\u0436\u0430\u044f \u0437\u0430\u043f\u0438\u0441\u044c","block_context":{"text":"\u041f\u043e\u0445\u043e\u0436\u0430\u044f \u0437\u0430\u043f\u0438\u0441\u044c","link":""},"img":{"alt_text":"","src":"https:\/\/i0.wp.com\/tuzlahortum.com.tr\/wp-content\/uploads\/urunler\/plastik\/39.jpg?fit=456%2C232&ssl=1&resize=350%2C200","width":350,"height":200},"classes":[]},{"id":870,"url":"https:\/\/tuzlahortum.com.tr\/ru\/product\/e-tipi-yesil-emici-hortum-standart\/","url_meta":{"origin":828,"position":2},"title":"\u0417\u0435\u043b\u0435\u043d\u044b\u0439 \u0432\u0441\u0430\u0441\u044b\u0432\u0430\u044e\u0449\u0438\u0439 \u0448\u043b\u0430\u043d\u0433 \u0442\u0438\u043f\u0430 E (\u0421\u0422\u0410\u041d\u0414\u0410\u0420\u0422\u041d\u042b\u0419)","author":"admin","date":"6 \u0444\u0435\u0432\u0440\u0430\u043b\u044f 2019","format":false,"excerpt":"E Tipi Ye\u015fil Emici Hortum (STANDART)\u00d6zellikler A\u011f\u0131r hizmet emici ve verici olarak kullan\u0131labilir. Esnek \u015feffaf PVC, y\u00fcksek mukavemetli, k\u0131r\u0131lmaya kar\u015f\u0131 maksimum dayan\u0131kl\u0131 sert PVC takviyesiyle \u00fcretilmektedir. \u0130\u00e7 ve d\u0131\u015f y\u00fczey d\u00fczd\u00fcr. \u00c7al\u0131\u015fma S\u0131cakl\u0131\u011f\u0131 -5\u00b0C ile +60\u00b0C aras\u0131 Kullan\u0131m Alanlar\u0131 Tar\u0131m, sanayi ve in\u015faat sekt\u00f6r\u00fcnde her t\u00fcrl\u00fc a\u011f\u0131r hizmetlerde, pompa emi\u015flerinde,\u2026","rel":"","context":"\u041f\u043e\u0445\u043e\u0436\u0430\u044f \u0437\u0430\u043f\u0438\u0441\u044c","block_context":{"text":"\u041f\u043e\u0445\u043e\u0436\u0430\u044f \u0437\u0430\u043f\u0438\u0441\u044c","link":""},"img":{"alt_text":"","src":"https:\/\/i0.wp.com\/tuzlahortum.com.tr\/wp-content\/uploads\/urunler\/plastik\/33.jpg?fit=487%2C276&ssl=1&resize=350%2C200","width":350,"height":200},"classes":[]},{"id":862,"url":"https:\/\/tuzlahortum.com.tr\/ru\/product\/ls-tipi-beyaz-spiralli-lavabo-sifon-hortumu-standart\/","url_meta":{"origin":828,"position":3},"title":"\u0411\u0435\u043b\u044b\u0439 \u0441\u043f\u0438\u0440\u0430\u043b\u044c\u043d\u044b\u0439 \u0441\u0438\u0444\u043e\u043d\u043d\u044b\u0439 \u0448\u043b\u0430\u043d\u0433 \u0434\u043b\u044f \u0440\u0430\u043a\u043e\u0432\u0438\u043d\u044b \u0442\u0438\u043f\u0430 LS (\u0421\u0422\u0410\u041d\u0414\u0410\u0420\u0422\u041d\u042b\u0419)","author":"admin","date":"6 \u0444\u0435\u0432\u0440\u0430\u043b\u044f 2019","format":false,"excerpt":"LS Tipi Beyaz Spiralli Lavabo Sifon Hortumu (STANDART)LS ve LLS Tipi hortumlar\u0131n i\u00e7 y\u00fczeyinin d\u00fczg\u00fcn olu\u015fu su ak\u0131\u015f\u0131n\u0131 kolayla\u015ft\u0131ran en \u00f6nemli \u00f6zelli\u011fidir. \u00d6zellikler Verici olarak kullan\u0131labilir. Esnek \u015feffaf PVC, y\u00fcksek mukavemetli, k\u0131r\u0131lmaya kar\u015f\u0131 maksimum dayan\u0131kl\u0131 sert PVC takviyesiyle \u00fcretilmektedir. \u0130\u00e7 y\u00fczey d\u00fcz, d\u0131\u015f y\u00fczey bo\u011fumludur. \u00c7al\u0131\u015fma S\u0131cakl\u0131\u011f\u0131 -5\u00b0C ile +60\u00b0C\u2026","rel":"","context":"\u041f\u043e\u0445\u043e\u0436\u0430\u044f \u0437\u0430\u043f\u0438\u0441\u044c","block_context":{"text":"\u041f\u043e\u0445\u043e\u0436\u0430\u044f \u0437\u0430\u043f\u0438\u0441\u044c","link":""},"img":{"alt_text":"","src":"https:\/\/i0.wp.com\/tuzlahortum.com.tr\/wp-content\/uploads\/urunler\/plastik\/LS-TI%CC%87PI%CC%87-BEYAZ-SPI%CC%87RALLI%CC%87-LAVABO-SI%CC%87FON-HORTUMU-ORTA-1.jpg?fit=640%2C480&ssl=1&resize=350%2C200","width":350,"height":200,"srcset":"https:\/\/i0.wp.com\/tuzlahortum.com.tr\/wp-content\/uploads\/urunler\/plastik\/LS-TI%CC%87PI%CC%87-BEYAZ-SPI%CC%87RALLI%CC%87-LAVABO-SI%CC%87FON-HORTUMU-ORTA-1.jpg?fit=640%2C480&ssl=1&resize=350%2C200 1x, https:\/\/i0.wp.com\/tuzlahortum.com.tr\/wp-content\/uploads\/urunler\/plastik\/LS-TI%CC%87PI%CC%87-BEYAZ-SPI%CC%87RALLI%CC%87-LAVABO-SI%CC%87FON-HORTUMU-ORTA-1.jpg?fit=640%2C480&ssl=1&resize=525%2C300 1.5x"},"classes":[]},{"id":864,"url":"https:\/\/tuzlahortum.com.tr\/ru\/product\/lls-tipi-seffaf-spiralli-lavabo-sifon-hortumu-standart\/","url_meta":{"origin":828,"position":4},"title":"\u041f\u0440\u043e\u0437\u0440\u0430\u0447\u043d\u044b\u0439 \u0441\u043f\u0438\u0440\u0430\u043b\u044c\u043d\u044b\u0439 \u0441\u0438\u0444\u043e\u043d\u043d\u044b\u0439 \u0448\u043b\u0430\u043d\u0433 \u0434\u043b\u044f \u0440\u0430\u043a\u043e\u0432\u0438\u043d\u044b \u0442\u0438\u043f\u0430 LLS (\u0421\u0422\u0410\u041d\u0414\u0410\u0420\u0422\u041d\u042b\u0419)","author":"admin","date":"6 \u0444\u0435\u0432\u0440\u0430\u043b\u044f 2019","format":false,"excerpt":"LLS Tipi \u015eeffaf Spiralli Lavabo Sifon Hortumu (STANDART)LS ve LLS Tipi hortumlar\u0131n i\u00e7 y\u00fczeyinin d\u00fczg\u00fcn olu\u015fu su ak\u0131\u015f\u0131n\u0131 kolayla\u015ft\u0131ran en \u00f6nemli \u00f6zelli\u011fidir. \u00d6zellikler Verici olarak kullan\u0131labilir. Esnek \u015feffaf PVC, y\u00fcksek mukavemetli, k\u0131r\u0131lmaya kar\u015f\u0131 maksimum dayan\u0131kl\u0131 sert PVC takviyesiyle \u00fcretilmektedir. \u0130\u00e7 y\u00fczey d\u00fcz, d\u0131\u015f y\u00fczey bo\u011fumludur. \u00c7al\u0131\u015fma S\u0131cakl\u0131\u011f\u0131 -5\u00b0C ile +60\u00b0C\u2026","rel":"","context":"\u041f\u043e\u0445\u043e\u0436\u0430\u044f \u0437\u0430\u043f\u0438\u0441\u044c","block_context":{"text":"\u041f\u043e\u0445\u043e\u0436\u0430\u044f \u0437\u0430\u043f\u0438\u0441\u044c","link":""},"img":{"alt_text":"","src":"https:\/\/i0.wp.com\/tuzlahortum.com.tr\/wp-content\/uploads\/urunler\/plastik\/LLS-TI%CC%87PI%CC%87-S%CC%A7EFFAF-SPI%CC%87RALLI%CC%87-LAVABO-SI%CC%87FON-HORTUMU-ORTA-1.jpg?fit=640%2C480&ssl=1&resize=350%2C200","width":350,"height":200,"srcset":"https:\/\/i0.wp.com\/tuzlahortum.com.tr\/wp-content\/uploads\/urunler\/plastik\/LLS-TI%CC%87PI%CC%87-S%CC%A7EFFAF-SPI%CC%87RALLI%CC%87-LAVABO-SI%CC%87FON-HORTUMU-ORTA-1.jpg?fit=640%2C480&ssl=1&resize=350%2C200 1x, https:\/\/i0.wp.com\/tuzlahortum.com.tr\/wp-content\/uploads\/urunler\/plastik\/LLS-TI%CC%87PI%CC%87-S%CC%A7EFFAF-SPI%CC%87RALLI%CC%87-LAVABO-SI%CC%87FON-HORTUMU-ORTA-1.jpg?fit=640%2C480&ssl=1&resize=525%2C300 1.5x"},"classes":[]},{"id":573,"url":"https:\/\/tuzlahortum.com.tr\/ru\/product\/trelleborg-klegaine-grv\/","url_meta":{"origin":828,"position":5},"title":"\u0422\u0440\u0435\u043b\u043b\u0435\u0431\u043e\u0440\u0433 \u041a\u041b\u0415\u0413\u0410\u0419\u041d \u0413\u0420\u0412","author":"admin","date":"6 \u0444\u0435\u0432\u0440\u0430\u043b\u044f 2019","format":false,"excerpt":"Trelleborg KLEGAINE GRVEnd\u00fcstriyel hortumlar\/PVC Havaland\u0131rma, toz ve duman tahliyesi i\u00e7in a\u011f\u0131r hizmet ko\u015fullar\u0131na uygun. \u00d6zellikle s\u00fcrekli esnemeye ihtiya\u00e7 duyulan mobil uygulamalar (bas\u0131n\u00e7s\u0131z s\u0131hhi tesisatlar: mobil ev, tekne, karavan, stand, vs.) i\u00e7in uygundur. Kablo kanal\u0131. Avantajlar *Dayan\u0131kl\u0131d\u0131r ve ta\u015f\u0131mas\u0131 kolayd\u0131r. *\u00c7ok iyi esneklik. *Yar\u0131 rijit darbeye dayan\u0131kl\u0131 PVC helis. *Ak\u0131\u015f\u0131 optimize\u2026","rel":"","context":"\u041f\u043e\u0445\u043e\u0436\u0430\u044f \u0437\u0430\u043f\u0438\u0441\u044c","block_context":{"text":"\u041f\u043e\u0445\u043e\u0436\u0430\u044f \u0437\u0430\u043f\u0438\u0441\u044c","link":""},"img":{"alt_text":"","src":"https:\/\/i0.wp.com\/tuzlahortum.com.tr\/wp-content\/uploads\/2019\/02\/KLEGAINE-GRV.jpg?fit=800%2C800&ssl=1&resize=350%2C200","width":350,"height":200,"srcset":"https:\/\/i0.wp.com\/tuzlahortum.com.tr\/wp-content\/uploads\/2019\/02\/KLEGAINE-GRV.jpg?fit=800%2C800&ssl=1&resize=350%2C200 1x, https:\/\/i0.wp.com\/tuzlahortum.com.tr\/wp-content\/uploads\/2019\/02\/KLEGAINE-GRV.jpg?fit=800%2C800&ssl=1&resize=525%2C300 1.5x, https:\/\/i0.wp.com\/tuzlahortum.com.tr\/wp-content\/uploads\/2019\/02\/KLEGAINE-GRV.jpg?fit=800%2C800&ssl=1&resize=700%2C400 2x"},"classes":[]}],"jetpack_sharing_enabled":true,"jetpack_likes_enabled":true,"_links":{"self":[{"href":"https:\/\/tuzlahortum.com.tr\/ru\/wp-json\/wp\/v2\/product\/828","targetHints":{"allow":["GET"]}}],"collection":[{"href":"https:\/\/tuzlahortum.com.tr\/ru\/wp-json\/wp\/v2\/product"}],"about":[{"href":"https:\/\/tuzlahortum.com.tr\/ru\/wp-json\/wp\/v2\/types\/product"}],"replies":[{"embeddable":true,"href":"https:\/\/tuzlahortum.com.tr\/ru\/wp-json\/wp\/v2\/comments?post=828"}],"wp:featuredmedia":[{"embeddable":true,"href":"https:\/\/tuzlahortum.com.tr\/ru\/wp-json\/wp\/v2\/media\/2034"}],"wp:attachment":[{"href":"https:\/\/tuzlahortum.com.tr\/ru\/wp-json\/wp\/v2\/media?parent=828"}],"wp:term":[{"taxonomy":"product_brand","embeddable":true,"href":"https:\/\/tuzlahortum.com.tr\/ru\/wp-json\/wp\/v2\/product_brand?post=828"},{"taxonomy":"product_cat","embeddable":true,"href":"https:\/\/tuzlahortum.com.tr\/ru\/wp-json\/wp\/v2\/product_cat?post=828"},{"taxonomy":"product_tag","embeddable":true,"href":"https:\/\/tuzlahortum.com.tr\/ru\/wp-json\/wp\/v2\/product_tag?post=828"}],"curies":[{"name":"wp","href":"https:\/\/api.w.org\/{rel}","templated":true}]}}