{"id":826,"date":"2019-02-06T23:54:30","date_gmt":"2019-02-06T20:54:30","guid":{"rendered":"http:\/\/hortum.com.tr\/product\/import-placeholder-for-144\/"},"modified":"2024-03-21T17:41:56","modified_gmt":"2024-03-21T14:41:56","slug":"pvc-seffaf-otomotiv-ve-sanayi-hortumlari","status":"publish","type":"product","link":"https:\/\/tuzlahortum.com.tr\/ru\/product\/pvc-seffaf-otomotiv-ve-sanayi-hortumlari\/","title":{"rendered":"\u041f\u0440\u043e\u0437\u0440\u0430\u0447\u043d\u044b\u0435 \u0430\u0432\u0442\u043e\u043c\u043e\u0431\u0438\u043b\u044c\u043d\u044b\u0435 \u0438 \u043f\u0440\u043e\u043c\u044b\u0448\u043b\u0435\u043d\u043d\u044b\u0435 \u0448\u043b\u0430\u043d\u0433\u0438 \u0438\u0437 \u041f\u0412\u0425"},"content":{"rendered":"<h2>\u041f\u0440\u043e\u0437\u0440\u0430\u0447\u043d\u044b\u0435 \u0430\u0432\u0442\u043e\u043c\u043e\u0431\u0438\u043b\u044c\u043d\u044b\u0435 \u0438 \u043f\u0440\u043e\u043c\u044b\u0448\u043b\u0435\u043d\u043d\u044b\u0435 \u0448\u043b\u0430\u043d\u0433\u0438 \u0438\u0437 \u041f\u0412\u0425<\/h2>\n<p><strong>\u0424\u0443\u043d\u043a\u0446\u0438\u0438<\/strong><\/p>\n<p>\u0418\u0437\u0433\u043e\u0442\u043e\u0432\u043b\u0435\u043d \u0438\u0437 \u0438\u0437\u043d\u043e\u0441\u043e\u0441\u0442\u043e\u0439\u043a\u043e\u0433\u043e \u043f\u0440\u043e\u0437\u0440\u0430\u0447\u043d\u043e\u0433\u043e \u041f\u0412\u0425.<\/p>\n<p><strong>\u0420\u0430\u0431\u043e\u0447\u0430\u044f \u0442\u0435\u043c\u043f\u0435\u0440\u0430\u0442\u0443\u0440\u0430<\/strong><\/p>\n<p>\u043e\u0442 -10\u00b0\u0421 \u0434\u043e +50\u00b0\u0421<\/p>\n<p><strong>\u041e\u0431\u043b\u0430\u0441\u0442\u0438 \u0438\u0441\u043f\u043e\u043b\u044c\u0437\u043e\u0432\u0430\u043d\u0438\u044f<\/strong><\/p>\n<p>\u041e\u043d \u0438\u0441\u043f\u043e\u043b\u044c\u0437\u0443\u0435\u0442\u0441\u044f \u0432 \u0430\u0432\u0442\u043e\u043c\u043e\u0431\u0438\u043b\u044c\u043d\u043e\u0439 \u0438 \u0441\u0442\u0440\u043e\u0438\u0442\u0435\u043b\u044c\u043d\u043e\u0439 \u043f\u0440\u043e\u043c\u044b\u0448\u043b\u0435\u043d\u043d\u043e\u0441\u0442\u0438.<\/p>\n<table class=\"table table-bordered\">\n<thead>\n<tr>\n<th><\/th>\n<th>\u0412\u043d\u0443\u0442\u0440\u0435\u043d\u043d\u0438\u0439 \u0434\u0438\u0430\u043c\u0435\u0442\u0440 (\u043c\u043c)<\/th>\n<th>\u0412\u043d\u0435\u0448\u043d\u0438\u0439 \u0434\u0438\u0430\u043c\u0435\u0442\u0440 (\u043c\u043c)<\/th>\n<th>\u0414\u043b\u0438\u043d\u0430 (\u043c)<\/th>\n<\/tr>\n<\/thead>\n<tbody>\n<tr>\n<th scope=\"row\"><\/th>\n<td>4<\/td>\n<td>8 \u043c\u043c<\/td>\n<td>100<\/td>\n<\/tr>\n<tr>\n<th scope=\"row\"><\/th>\n<td>5<\/td>\n<td>9 \u043c\u043c<\/td>\n<td>100<\/td>\n<\/tr>\n<tr>\n<th scope=\"row\"><\/th>\n<td>6<\/td>\n<td>9 \u043c\u043c<\/td>\n<td>100<\/td>\n<\/tr>\n<tr>\n<th scope=\"row\"><\/th>\n<td>6<\/td>\n<td>10 \u043c\u043c<\/td>\n<td>100<\/td>\n<\/tr>\n<tr>\n<th scope=\"row\"><\/th>\n<td>7<\/td>\n<td>12 \u043c\u043c<\/td>\n<td>100<\/td>\n<\/tr>\n<tr>\n<th scope=\"row\"><\/th>\n<td>8<\/td>\n<td>13 \u043c\u043c<\/td>\n<td>100<\/td>\n<\/tr>\n<tr>\n<th scope=\"row\"><\/th>\n<td>9<\/td>\n<td>14 \u043c\u043c<\/td>\n<td>100<\/td>\n<\/tr>\n<tr>\n<th scope=\"row\"><\/th>\n<td>10<\/td>\n<td>16 \u043c\u043c<\/td>\n<td>100<\/td>\n<\/tr>\n<\/tbody>\n<\/table>\n<div class=\"video video-fit mb\" style=\"padding-top:56.25%;\"><p><iframe loading=\"lazy\" title=\"\u041f\u0443\u0442\u0430\u043d\u0438\u0446\u0430 \u0432 \u0438\u0437\u043c\u0435\u0440\u0435\u043d\u0438\u044f\u0445 (\u0434\u044e\u0439\u043c\u044b, \u043f\u0430\u043b\u044c\u0446\u044b, \u0434\u044b\u043c\u043a\u0430, \u043c\u0438\u043b\u043b\u0438\u043c\u0435\u0442\u0440\u044b)\" width=\"1020\" height=\"574\" src=\"https:\/\/www.youtube.com\/embed\/uKk6AG_AZls?feature=oembed\" frameborder=\"0\" allow=\"accelerometer; autoplay; clipboard-write; encrypted-media; gyroscope; picture-in-picture; web-share\" referrerpolicy=\"strict-origin-when-cross-origin\" allowfullscreen><\/iframe><\/p>\n<\/div>","protected":false},"excerpt":{"rendered":"<p>PVC \u015eeffaf Otomotiv ve Sanayi Hortumlar\u0131 \u00d6zellikler A\u015f\u0131nmaya \u00a0dayan\u0131kl\u0131 \u015feffaf\u00a0PVC ile \u00fcretilmi\u015ftir. \u00c7al\u0131\u015fma S\u0131cakl\u0131\u011f\u0131 -10\u00b0C ile +50\u00b0C aras\u0131 Kullan\u0131m Alanlar\u0131 Otomotiv sanayisi ve in\u015faat sekt\u00f6r\u00fcnde kullan\u0131l\u0131r. \u0130\u00e7 \u00c7ap (mm) D\u0131\u015f \u00c7ap (mm) Uzunluk (mt) 4 8 mm 100 5 9 mm 100 6 9 mm 100 6 10 mm 100 7 12 mm 100 8 [&#8230;]\n","protected":false},"featured_media":2521,"comment_status":"open","ping_status":"closed","template":"","meta":{"jetpack_post_was_ever_published":false},"product_brand":[],"product_cat":[170],"product_tag":[],"class_list":{"0":"post-826","1":"product","2":"type-product","3":"status-publish","4":"has-post-thumbnail","6":"product_cat-seffaf-hortumlar","8":"first","9":"instock","10":"taxable","11":"shipping-taxable","12":"product-type-variable"},"jetpack-related-posts":[],"jetpack_sharing_enabled":true,"jetpack_likes_enabled":true,"_links":{"self":[{"href":"https:\/\/tuzlahortum.com.tr\/ru\/wp-json\/wp\/v2\/product\/826","targetHints":{"allow":["GET"]}}],"collection":[{"href":"https:\/\/tuzlahortum.com.tr\/ru\/wp-json\/wp\/v2\/product"}],"about":[{"href":"https:\/\/tuzlahortum.com.tr\/ru\/wp-json\/wp\/v2\/types\/product"}],"replies":[{"embeddable":true,"href":"https:\/\/tuzlahortum.com.tr\/ru\/wp-json\/wp\/v2\/comments?post=826"}],"wp:featuredmedia":[{"embeddable":true,"href":"https:\/\/tuzlahortum.com.tr\/ru\/wp-json\/wp\/v2\/media\/2521"}],"wp:attachment":[{"href":"https:\/\/tuzlahortum.com.tr\/ru\/wp-json\/wp\/v2\/media?parent=826"}],"wp:term":[{"taxonomy":"product_brand","embeddable":true,"href":"https:\/\/tuzlahortum.com.tr\/ru\/wp-json\/wp\/v2\/product_brand?post=826"},{"taxonomy":"product_cat","embeddable":true,"href":"https:\/\/tuzlahortum.com.tr\/ru\/wp-json\/wp\/v2\/product_cat?post=826"},{"taxonomy":"product_tag","embeddable":true,"href":"https:\/\/tuzlahortum.com.tr\/ru\/wp-json\/wp\/v2\/product_tag?post=826"}],"curies":[{"name":"wp","href":"https:\/\/api.w.org\/{rel}","templated":true}]}}