{"id":820,"date":"2019-02-06T23:54:28","date_gmt":"2019-02-06T20:54:28","guid":{"rendered":"http:\/\/hortum.com.tr\/product\/import-placeholder-for-579\/"},"modified":"2024-03-21T17:42:01","modified_gmt":"2024-03-21T14:42:01","slug":"kaset-kombine-hortumu","status":"publish","type":"product","link":"https:\/\/tuzlahortum.com.tr\/ru\/product\/kaset-kombine-hortumu\/","title":{"rendered":"\u041a\u0430\u0441\u0441\u0435\u0442\u043d\u044b\u0439 \u043a\u043e\u043c\u0431\u0438\u043d\u0438\u0440\u043e\u0432\u0430\u043d\u043d\u044b\u0439 \u0448\u043b\u0430\u043d\u0433"},"content":{"rendered":"<h2>\u041a\u0430\u0441\u0441\u0435\u0442\u043d\u044b\u0439 \u043a\u043e\u043c\u0431\u0438\u043d\u0438\u0440\u043e\u0432\u0430\u043d\u043d\u044b\u0439 \u0448\u043b\u0430\u043d\u0433<\/h2>\n<div class=\"video video-fit mb\" style=\"padding-top:56.25%;\"><p><iframe loading=\"lazy\" title=\"\u041f\u0443\u0442\u0430\u043d\u0438\u0446\u0430 \u0432 \u0438\u0437\u043c\u0435\u0440\u0435\u043d\u0438\u044f\u0445 (\u0434\u044e\u0439\u043c\u044b, \u043f\u0430\u043b\u044c\u0446\u044b, \u0434\u044b\u043c\u043a\u0430, \u043c\u0438\u043b\u043b\u0438\u043c\u0435\u0442\u0440\u044b)\" width=\"1020\" height=\"574\" src=\"https:\/\/www.youtube.com\/embed\/uKk6AG_AZls?feature=oembed\" frameborder=\"0\" allow=\"accelerometer; autoplay; clipboard-write; encrypted-media; gyroscope; picture-in-picture\" allowfullscreen><\/iframe><\/p>\n<\/div>\n<div class=\"video video-fit mb\" style=\"padding-top:56.25%;\"><p>https:\/\/www.youtube.com\/watch?v=O8ZlzKEjfEQ%20<\/p>\n<\/div>","protected":false},"excerpt":{"rendered":"<p>\u041a\u0430\u0441\u0441\u0435\u0442\u043d\u044b\u0439 \u043a\u043e\u043c\u0431\u0438\u043d\u0438\u0440\u043e\u0432\u0430\u043d\u043d\u044b\u0439 \u0448\u043b\u0430\u043d\u0433<\/p>","protected":false},"featured_media":1735,"comment_status":"open","ping_status":"closed","template":"","meta":{"jetpack_post_was_ever_published":false},"product_brand":[],"product_cat":[2327],"product_tag":[1037,290,1035,1034,1038,1036,1033],"class_list":{"0":"post-820","1":"product","2":"type-product","3":"status-publish","4":"has-post-thumbnail","6":"product_cat-kanal-acma-hortumlari","7":"product_tag-boom","8":"product_tag-hortum","9":"product_tag-kaset","10":"product_tag-kaset-hortumu","11":"product_tag-kombine","12":"product_tag-vakum","13":"product_tag-vidanjor","15":"first","16":"instock","17":"taxable","18":"shipping-taxable","19":"product-type-variable"},"jetpack-related-posts":[{"id":934,"url":"https:\/\/tuzlahortum.com.tr\/ru\/product\/thermo-kalorifer-hortumu\/","url_meta":{"origin":820,"position":0},"title":"\u0422\u0435\u0440\u043c\u043e\u043d\u0430\u0433\u0440\u0435\u0432\u0430\u0442\u0435\u043b\u044c\u043d\u044b\u0439 \u0448\u043b\u0430\u043d\u0433","author":"admin","date":"6 \u0444\u0435\u0432\u0440\u0430\u043b\u044f 2019","format":false,"excerpt":"Thermo Kalorifer Hortumu\u00d6zellikler : \u2022 Is\u0131 yal\u0131t\u0131m\u0131 sa\u011flayan \u00f6zel \u00fcst kat. \u2022 Ya\u011f ge\u00e7irmez, elektrik iletmez, U.V. ve Ozon\u2019 a dayan\u0131kl\u0131d\u0131r. \u2022 -20\u00b0C ile +65\u00b0C aras\u0131nda s\u0131cakl\u0131\u011fa dayan\u0131kl\u0131d\u0131r. Kullan\u0131m Alanlar\u0131 : \u2022 S\u0131cak su aktar\u0131m\u0131nda ve devirdaim i\u015flerinde kullan\u0131l\u0131r.","rel":"","context":"\u041f\u043e\u0445\u043e\u0436\u0430\u044f \u0437\u0430\u043f\u0438\u0441\u044c","block_context":{"text":"\u041f\u043e\u0445\u043e\u0436\u0430\u044f \u0437\u0430\u043f\u0438\u0441\u044c","link":""},"img":{"alt_text":"","src":"https:\/\/i0.wp.com\/hortum.com.tr\/wp-content\/uploads\/urunler\/plastik\/Thermo-Kalorifer-Hortumu-2.jpg?resize=350%2C200","width":350,"height":200,"srcset":"https:\/\/i0.wp.com\/hortum.com.tr\/wp-content\/uploads\/urunler\/plastik\/Thermo-Kalorifer-Hortumu-2.jpg?resize=350%2C200 1x, https:\/\/i0.wp.com\/hortum.com.tr\/wp-content\/uploads\/urunler\/plastik\/Thermo-Kalorifer-Hortumu-2.jpg?resize=525%2C300 1.5x"},"classes":[]},{"id":937,"url":"https:\/\/tuzlahortum.com.tr\/ru\/product\/thermo-kompresor-hortumu-10-bar\/","url_meta":{"origin":820,"position":1},"title":"\u0428\u043b\u0430\u043d\u0433 \u0442\u0435\u0440\u043c\u043e\u043a\u043e\u043c\u043f\u0440\u0435\u0441\u0441\u043e\u0440\u0430 (10 \u0431\u0430\u0440)","author":"admin","date":"6 \u0444\u0435\u0432\u0440\u0430\u043b\u044f 2019","format":false,"excerpt":"Thermo Kompres\u00f6r Hortumu (10 Bar)\u00d6zellikler : \u2022 \u00d6zel Sentetik PVC, y\u00fcksek mukavemetli polyester ile takviye edilmi\u015ftir. \u2022 Kompres\u00f6r ya\u011flar\u0131na ve hert\u00fcrl\u00fc hava \u015fartlar\u0131na kar\u015f\u0131 dayan\u0131kl\u0131d\u0131r. \u2022 -20\u00b0C ile +60\u00b0C aras\u0131nda s\u0131cakl\u0131\u011fa dayan\u0131kl\u0131d\u0131r. Kullan\u0131m Alanlar\u0131 : \u2022 Hert\u00fcrl\u00fc bas\u0131n\u00e7l\u0131 hava tahliyesine ve hava ile \u00e7al\u0131\u015fan aletlerde kullan\u0131l\u0131r.","rel":"","context":"\u041f\u043e\u0445\u043e\u0436\u0430\u044f \u0437\u0430\u043f\u0438\u0441\u044c","block_context":{"text":"\u041f\u043e\u0445\u043e\u0436\u0430\u044f \u0437\u0430\u043f\u0438\u0441\u044c","link":""},"img":{"alt_text":"","src":"https:\/\/i0.wp.com\/hortum.com.tr\/wp-content\/uploads\/urunler\/plastik\/Thermo-Kompreso%CC%88r-Hortumu-10-Bar-1.jpg?resize=350%2C200","width":350,"height":200,"srcset":"https:\/\/i0.wp.com\/hortum.com.tr\/wp-content\/uploads\/urunler\/plastik\/Thermo-Kompreso%CC%88r-Hortumu-10-Bar-1.jpg?resize=350%2C200 1x, https:\/\/i0.wp.com\/hortum.com.tr\/wp-content\/uploads\/urunler\/plastik\/Thermo-Kompreso%CC%88r-Hortumu-10-Bar-1.jpg?resize=525%2C300 1.5x"},"classes":[]},{"id":717,"url":"https:\/\/tuzlahortum.com.tr\/ru\/product\/katlanabilir-silobas-hortumu\/","url_meta":{"origin":820,"position":2},"title":"\u0421\u043a\u043b\u0430\u0434\u043d\u043e\u0439 \u0448\u043b\u0430\u043d\u0433 Silobas","author":"admin","date":"6 \u0444\u0435\u0432\u0440\u0430\u043b\u044f 2019","format":false,"excerpt":"Katlanabilir Silobas HortumuKULLANIM ALANLARI : \u0130nce, kolay ta\u015f\u0131nabilir, \u00e7imento, kum gibi a\u015f\u0131nd\u0131r\u0131c\u0131 maddelerin pnomatik ve hidrolik naklinde KONTR\u00dcKS\u0130YON Alt : Sentetik ve do\u011fal kau\u00e7uk kar\u0131\u015f\u0131m\u0131, a\u015f\u0131nmaya dayan\u0131kl\u0131, siyah, d\u00fcz Takviye : Y\u00fcksek mukavemetli kord bezi, g\u00f6m\u00fcl\u00fc bak\u0131r tel \u00dcst : SBR, siyah, s\u00fcrt\u00fcnmeye ve iklim \u015fartlar\u0131na dayan\u0131kl\u0131","rel":"","context":"\u041f\u043e\u0445\u043e\u0436\u0430\u044f \u0437\u0430\u043f\u0438\u0441\u044c","block_context":{"text":"\u041f\u043e\u0445\u043e\u0436\u0430\u044f \u0437\u0430\u043f\u0438\u0441\u044c","link":""},"img":{"alt_text":"","src":"https:\/\/i0.wp.com\/tuzlahortum.com.tr\/wp-content\/uploads\/urunler\/kaucuk\/superlas-silobas-hortumu.jpg?fit=360%2C270&ssl=1&resize=350%2C200","width":350,"height":200},"classes":[]},{"id":859,"url":"https:\/\/tuzlahortum.com.tr\/ru\/product\/vidanjor-hortumu\/","url_meta":{"origin":820,"position":3},"title":"\u0432\u0430\u043a\u0443\u0443\u043c\u043d\u044b\u0439 \u0448\u043b\u0430\u043d\u0433 \u0434\u043b\u044f \u0433\u0440\u0443\u0437\u043e\u0432\u0438\u043a\u0430","author":"admin","date":"6 \u0444\u0435\u0432\u0440\u0430\u043b\u044f 2019","format":false,"excerpt":"Vidanj\u00f6r hortumu\u00d6zellikler Emici ve verici olarak kullan\u0131labilir. Esnek \u015feffaf PVC, y\u00fcksek mukavemetli, k\u0131r\u0131lmaya kar\u015f\u0131 maksimum dayan\u0131kl\u0131 sert PVC takviyesiyle \u00fcretilmektedir. \u00c7al\u0131\u015fma S\u0131cakl\u0131\u011f\u0131 -5\u00b0C ile +60\u00b0C aras\u0131 Kullan\u0131m Alanlar\u0131 Vidanj\u00f6rlerde a\u011f\u0131r hizmetlerde her t\u00fcrl\u00fc \u00a0likit ve sair malzeme naklinde kullan\u0131labilir. \u00c7ap (inch) \u00c7ap (mm) Uzunluk (mt) 4\" 102 mm 15","rel":"","context":"\u041f\u043e\u0445\u043e\u0436\u0430\u044f \u0437\u0430\u043f\u0438\u0441\u044c","block_context":{"text":"\u041f\u043e\u0445\u043e\u0436\u0430\u044f \u0437\u0430\u043f\u0438\u0441\u044c","link":""},"img":{"alt_text":"","src":"https:\/\/i0.wp.com\/tuzlahortum.com.tr\/wp-content\/uploads\/urunler\/plastik\/VI%CC%87DANJO%CC%88R-HORTUMU.jpg?fit=640%2C480&ssl=1&resize=350%2C200","width":350,"height":200,"srcset":"https:\/\/i0.wp.com\/tuzlahortum.com.tr\/wp-content\/uploads\/urunler\/plastik\/VI%CC%87DANJO%CC%88R-HORTUMU.jpg?fit=640%2C480&ssl=1&resize=350%2C200 1x, https:\/\/i0.wp.com\/tuzlahortum.com.tr\/wp-content\/uploads\/urunler\/plastik\/VI%CC%87DANJO%CC%88R-HORTUMU.jpg?fit=640%2C480&ssl=1&resize=525%2C300 1.5x"},"classes":[]},{"id":710,"url":"https:\/\/tuzlahortum.com.tr\/ru\/product\/beton-enjeksiyon-hortumu\/","url_meta":{"origin":820,"position":4},"title":"\u0428\u043b\u0430\u043d\u0433 \u0434\u043b\u044f \u0438\u043d\u044a\u0435\u043a\u0446\u0438\u0439 \u0431\u0435\u0442\u043e\u043d\u0430","author":"admin","date":"6 \u0444\u0435\u0432\u0440\u0430\u043b\u044f 2019","format":false,"excerpt":"Beton Enjeksiyon HortumuKULLANIM ALANLARI : Y\u00fcksek bina ve t\u00fcnel in\u015faatlar\u0131nda s\u0131va ve har\u00e7 gibi malzemelerin bas\u0131n\u00e7l\u0131 uygulamalar\u0131nda Alt : Tabi sentetik ve do\u011fal kau\u00e7uk kar\u0131\u015f\u0131m\u0131, siyah,k\u0131r\u0131lmaya dayan\u0131kl\u0131 Takviye : Y\u00fcksek mukavemetli kord bezi, iletken bak\u0131r tel \u00dcst : SBR, siyah, s\u00fcrt\u00fcnmeye ve iklim \u015fartlar\u0131na dayan\u0131kl\u0131 \u00a0 \u00a0 \u00a0 \u00a0 \u00a0\u2026","rel":"","context":"\u041f\u043e\u0445\u043e\u0436\u0430\u044f \u0437\u0430\u043f\u0438\u0441\u044c","block_context":{"text":"\u041f\u043e\u0445\u043e\u0436\u0430\u044f \u0437\u0430\u043f\u0438\u0441\u044c","link":""},"img":{"alt_text":"","src":"https:\/\/i0.wp.com\/tuzlahortum.com.tr\/wp-content\/uploads\/urunler\/kaucuk\/Beton-Enjeksiyon-Hortumu.jpg?fit=535%2C283&ssl=1&resize=350%2C200","width":350,"height":200,"srcset":"https:\/\/i0.wp.com\/tuzlahortum.com.tr\/wp-content\/uploads\/urunler\/kaucuk\/Beton-Enjeksiyon-Hortumu.jpg?fit=535%2C283&ssl=1&resize=350%2C200 1x, https:\/\/i0.wp.com\/tuzlahortum.com.tr\/wp-content\/uploads\/urunler\/kaucuk\/Beton-Enjeksiyon-Hortumu.jpg?fit=535%2C283&ssl=1&resize=525%2C300 1.5x"},"classes":[]},{"id":825,"url":"https:\/\/tuzlahortum.com.tr\/ru\/product\/v-tipi-sari-verici-hortum-standart\/","url_meta":{"origin":820,"position":5},"title":"\u0416\u0435\u043b\u0442\u044b\u0439 \u0440\u0430\u0437\u0434\u0430\u0442\u043e\u0447\u043d\u044b\u0439 \u0448\u043b\u0430\u043d\u0433 \u0442\u0438\u043f\u0430 V (\u0421\u0422\u0410\u041d\u0414\u0410\u0420\u0422\u041d\u042b\u0419)","author":"admin","date":"6 \u0444\u0435\u0432\u0440\u0430\u043b\u044f 2019","format":false,"excerpt":"V Tipi Sar\u0131 Verici Hortum (STANDART)\u00d6zellikler Emici ve verici olarak kullan\u0131labilir. Esnek \u015feffaf PVC, y\u00fcksek mukavemetli, k\u0131r\u0131lmaya kar\u015f\u0131 maksimum dayan\u0131kl\u0131 sert PVC takviyesiyle \u00fcretilmektedir. \u0130\u00e7 ve d\u0131\u015f y\u00fczey d\u00fczd\u00fcr. \u00c7al\u0131\u015fma S\u0131cakl\u0131\u011f\u0131 -5\u00b0C ile +60\u00b0C aras\u0131 Kullan\u0131m Alanlar\u0131 Tar\u0131m, sanayi ve in\u015faat sekt\u00f6r\u00fcnde , pompa emi\u015flerinde, likit ve sair malzeme naklinde\u00a0\u2026","rel":"","context":"\u041f\u043e\u0445\u043e\u0436\u0430\u044f \u0437\u0430\u043f\u0438\u0441\u044c","block_context":{"text":"\u041f\u043e\u0445\u043e\u0436\u0430\u044f \u0437\u0430\u043f\u0438\u0441\u044c","link":""},"img":{"alt_text":"","src":"https:\/\/i0.wp.com\/tuzlahortum.com.tr\/wp-content\/uploads\/urunler\/plastik\/39.jpg?fit=456%2C232&ssl=1&resize=350%2C200","width":350,"height":200},"classes":[]}],"jetpack_sharing_enabled":true,"jetpack_likes_enabled":true,"_links":{"self":[{"href":"https:\/\/tuzlahortum.com.tr\/ru\/wp-json\/wp\/v2\/product\/820","targetHints":{"allow":["GET"]}}],"collection":[{"href":"https:\/\/tuzlahortum.com.tr\/ru\/wp-json\/wp\/v2\/product"}],"about":[{"href":"https:\/\/tuzlahortum.com.tr\/ru\/wp-json\/wp\/v2\/types\/product"}],"replies":[{"embeddable":true,"href":"https:\/\/tuzlahortum.com.tr\/ru\/wp-json\/wp\/v2\/comments?post=820"}],"wp:featuredmedia":[{"embeddable":true,"href":"https:\/\/tuzlahortum.com.tr\/ru\/wp-json\/wp\/v2\/media\/1735"}],"wp:attachment":[{"href":"https:\/\/tuzlahortum.com.tr\/ru\/wp-json\/wp\/v2\/media?parent=820"}],"wp:term":[{"taxonomy":"product_brand","embeddable":true,"href":"https:\/\/tuzlahortum.com.tr\/ru\/wp-json\/wp\/v2\/product_brand?post=820"},{"taxonomy":"product_cat","embeddable":true,"href":"https:\/\/tuzlahortum.com.tr\/ru\/wp-json\/wp\/v2\/product_cat?post=820"},{"taxonomy":"product_tag","embeddable":true,"href":"https:\/\/tuzlahortum.com.tr\/ru\/wp-json\/wp\/v2\/product_tag?post=820"}],"curies":[{"name":"wp","href":"https:\/\/api.w.org\/{rel}","templated":true}]}}