{"id":817,"date":"2019-02-06T23:54:08","date_gmt":"2019-02-06T20:54:08","guid":{"rendered":"http:\/\/hortum.com.tr\/product\/import-placeholder-for-145\/"},"modified":"2024-03-21T17:42:03","modified_gmt":"2024-03-21T14:42:03","slug":"super-orgulu-seffaf-hortum","status":"publish","type":"product","link":"https:\/\/tuzlahortum.com.tr\/ru\/product\/super-orgulu-seffaf-hortum\/","title":{"rendered":"\u0421\u0443\u043f\u0435\u0440\u043f\u043b\u0435\u0442\u0435\u043d\u044b\u0439 \u043f\u0440\u043e\u0437\u0440\u0430\u0447\u043d\u044b\u0439 \u0448\u043b\u0430\u043d\u0433"},"content":{"rendered":"<h2>\u0421\u0443\u043f\u0435\u0440\u043f\u043b\u0435\u0442\u0435\u043d\u044b\u0439 \u043f\u0440\u043e\u0437\u0440\u0430\u0447\u043d\u044b\u0439 \u0448\u043b\u0430\u043d\u0433<\/h2>\n<p>\u0424\u0443\u043d\u043a\u0446\u0438\u0438<\/p>\n<p>\u041d\u0438\u0436\u043d\u0438\u0439 \u0441\u043b\u043e\u0439 \u0438\u0437\u0433\u043e\u0442\u043e\u0432\u043b\u0435\u043d \u0438\u0437 \u043f\u0440\u043e\u0437\u0440\u0430\u0447\u043d\u043e\u0433\u043e \u041f\u0412\u0425 \u0438 \u0432\u044b\u0441\u043e\u043a\u043e\u043f\u0440\u043e\u0447\u043d\u043e\u0439 \u043f\u043e\u043b\u0438\u044d\u0444\u0438\u0440\u043d\u043e\u0439 \u043d\u0438\u0442\u0438, \u0432\u0435\u0440\u0445\u043d\u0438\u0439 \u0441\u043b\u043e\u0439 \u2013 \u0438\u0437 \u0438\u0437\u043d\u043e\u0441\u043e\u0441\u0442\u043e\u0439\u043a\u043e\u0433\u043e \u043f\u0440\u043e\u0437\u0440\u0430\u0447\u043d\u043e\u0433\u043e \u041f\u0412\u0425.<br \/>\n\u0420\u0430\u0431\u043e\u0447\u0430\u044f \u0442\u0435\u043c\u043f\u0435\u0440\u0430\u0442\u0443\u0440\u0430<\/p>\n<p>\u043e\u0442 -10\u00b0\u0421 \u0434\u043e +50\u00b0\u0421<\/p>\n<p>\u041e\u0431\u043b\u0430\u0441\u0442\u0438 \u0438\u0441\u043f\u043e\u043b\u044c\u0437\u043e\u0432\u0430\u043d\u0438\u044f<\/p>\n<p>\u041f\u0440\u0438\u043c\u0435\u043d\u044f\u0435\u0442\u0441\u044f \u043f\u0440\u0438 \u0438\u0440\u0440\u0438\u0433\u0430\u0446\u0438\u043e\u043d\u043d\u044b\u0445 \u0438 \u0434\u0440\u0435\u043d\u0430\u0436\u043d\u044b\u0445 \u0440\u0430\u0431\u043e\u0442\u0430\u0445, \u0430 \u0442\u0430\u043a\u0436\u0435 \u043f\u0440\u0438 \u0442\u0440\u0430\u043d\u0441\u043f\u043e\u0440\u0442\u0438\u0440\u043e\u0432\u043a\u0435 \u043b\u0435\u0433\u043a\u0438\u0445 \u0445\u0438\u043c\u0438\u043a\u0430\u0442\u043e\u0432 \u0432 \u0431\u044b\u0442\u0443, \u0441\u0430\u0434\u0443, \u043f\u043e\u043b\u0435, \u043f\u0440\u043e\u043c\u044b\u0448\u043b\u0435\u043d\u043d\u043e\u0441\u0442\u0438 \u0438 \u0441\u0442\u0440\u043e\u0438\u0442\u0435\u043b\u044c\u0441\u0442\u0432\u0435.<\/p>\n<div class=\"video video-fit mb\" style=\"padding-top:56.25%;\"><p><iframe loading=\"lazy\" title=\"\u041f\u0443\u0442\u0430\u043d\u0438\u0446\u0430 \u0432 \u0438\u0437\u043c\u0435\u0440\u0435\u043d\u0438\u044f\u0445 (\u0434\u044e\u0439\u043c\u044b, \u043f\u0430\u043b\u044c\u0446\u044b, \u0434\u044b\u043c\u043a\u0430, \u043c\u0438\u043b\u043b\u0438\u043c\u0435\u0442\u0440\u044b)\" width=\"1020\" height=\"574\" src=\"https:\/\/www.youtube.com\/embed\/uKk6AG_AZls?feature=oembed\" frameborder=\"0\" allow=\"accelerometer; autoplay; clipboard-write; encrypted-media; gyroscope; picture-in-picture; web-share\" referrerpolicy=\"strict-origin-when-cross-origin\" allowfullscreen><\/iframe><\/p>\n<\/div>\n<p><img data-recalc-dims=\"1\" loading=\"lazy\" decoding=\"async\" class=\"alignnone size-full wp-image-2021\" src=\"https:\/\/i0.wp.com\/hortum.com.tr\/wp-content\/uploads\/2019\/02\/rg%C3%BCl%C3%BC-%C5%9Feffafs%C3%BCper-1.jpg?resize=446%2C157\" alt=\"\" width=\"446\" height=\"157\" title=\"\"><\/p>","protected":false},"excerpt":{"rendered":"<p>\u0421\u0443\u043f\u0435\u0440 \u043f\u043b\u0435\u0442\u0435\u043d\u044b\u0439 \u043f\u0440\u043e\u0437\u0440\u0430\u0447\u043d\u044b\u0439 \u0448\u043b\u0430\u043d\u0433 \u041e\u0441\u043e\u0431\u0435\u043d\u043d\u043e\u0441\u0442\u0438 \u0418\u0437\u0433\u043e\u0442\u043e\u0432\u043b\u0435\u043d \u0438\u0437 \u043f\u0440\u043e\u0437\u0440\u0430\u0447\u043d\u043e\u0433\u043e \u041f\u0412\u0425 \u0438 \u0432\u044b\u0441\u043e\u043a\u043e\u043f\u0440\u043e\u0447\u043d\u043e\u0439 \u043f\u043e\u043b\u0438\u044d\u0444\u0438\u0440\u043d\u043e\u0439 \u043d\u0438\u0442\u0438 \u043d\u0430 \u043d\u0438\u0436\u043d\u0435\u043c \u0441\u043b\u043e\u0435 \u0438 \u0438\u0437\u043d\u043e\u0441\u043e\u0441\u0442\u043e\u0439\u043a\u043e\u0433\u043e \u043f\u0440\u043e\u0437\u0440\u0430\u0447\u043d\u043e\u0433\u043e \u041f\u0412\u0425 \u043d\u0430 \u0432\u0435\u0440\u0445\u043d\u0435\u043c \u0441\u043b\u043e\u0435. \u0420\u0430\u0431\u043e\u0447\u0430\u044f \u0442\u0435\u043c\u043f\u0435\u0440\u0430\u0442\u0443\u0440\u0430 \u043e\u0442 -10\u00b0C \u0434\u043e +50\u00b0C \u041e\u0431\u043b\u0430\u0441\u0442\u044c \u043f\u0440\u0438\u043c\u0435\u043d\u0435\u043d\u0438\u044f \u041e\u0440\u043e\u0441\u0438\u0442\u0435\u043b\u044c\u043d\u044b\u0435 \u0438 \u0434\u0440\u0435\u043d\u0430\u0436\u043d\u044b\u0435 \u0440\u0430\u0431\u043e\u0442\u044b \u0432 \u0434\u043e\u043c\u0435, \u0441\u0430\u0434\u0443, \u043f\u043e\u043b\u0435, \u043f\u0440\u043e\u043c\u044b\u0448\u043b\u0435\u043d\u043d\u043e\u0441\u0442\u0438 \u0438 \u0441\u0442\u0440\u043e\u0438\u0442\u0435\u043b\u044c\u0441\u0442\u0432\u0435, \u0430 \u0442\u0430\u043a\u0436\u0435 \u0442\u0440\u0430\u043d\u0441\u043f\u043e\u0440\u0442\u0438\u0440\u043e\u0432\u043a\u0430 \u043b\u0435\u0433\u043a\u0438\u0445 \u0445\u0438\u043c\u0438\u0447\u0435\u0441\u043a\u0438\u0445 \u0432\u0435\u0449\u0435\u0441\u0442\u0432.<\/p>","protected":false},"featured_media":2036,"comment_status":"open","ping_status":"closed","template":"","meta":[],"product_brand":[],"product_cat":[165],"product_tag":[358,1019,1023],"class_list":{"0":"post-817","1":"product","2":"type-product","3":"status-publish","4":"has-post-thumbnail","6":"product_cat-plastik-bahce-hortumlari","7":"product_tag-pvc","8":"product_tag-seffaf","9":"product_tag-yuksek-basinc","11":"first","12":"instock","13":"featured","14":"taxable","15":"shipping-taxable","16":"product-type-variable"},"jetpack-related-posts":[{"id":813,"url":"https:\/\/tuzlahortum.com.tr\/ru\/product\/orgulu-seffaf-hortum-ekonomik\/","url_meta":{"origin":817,"position":0},"title":"\u041f\u043b\u0435\u0442\u0435\u043d\u044b\u0439 \u043f\u0440\u043e\u0437\u0440\u0430\u0447\u043d\u044b\u0439 \u0448\u043b\u0430\u043d\u0433 (\u042d\u041a\u041e\u041d\u041e\u041c\u0418\u0427\u041d\u042b\u0419)","author":"admin","date":"6 \u0444\u0435\u0432\u0440\u0430\u043b\u044f 2019","format":false,"excerpt":"\u00d6rg\u00fcl\u00fc \u015eeffaf Hortum (EKONOM\u0130K)\u00d6zellikler Alt kat \u015feffaf PVC ve y\u00fcksek mukavemetli polyester iplik, \u00fcst katta a\u015f\u0131nmaya dayan\u0131kl\u0131 \u015feffaf PVC ile \u00fcretilmi\u015ftir. \u00c7al\u0131\u015fma S\u0131cakl\u0131\u011f\u0131 -10\u00b0C ile +50\u00b0C aras\u0131 Kullan\u0131m Alanlar\u0131 Ev, bah\u00e7e, tarla, sanayi ve in\u015faat sekt\u00f6r\u00fcnde sulama ve tahliye i\u015flerinde kullan\u0131l\u0131r .","rel":"","context":"\u041f\u043e\u0445\u043e\u0436\u0430\u044f \u0437\u0430\u043f\u0438\u0441\u044c","block_context":{"text":"\u041f\u043e\u0445\u043e\u0436\u0430\u044f \u0437\u0430\u043f\u0438\u0441\u044c","link":""},"img":{"alt_text":"","src":"https:\/\/i0.wp.com\/tuzlahortum.com.tr\/wp-content\/uploads\/kategoriler\/orguluseffaf.png?fit=498%2C335&ssl=1&resize=350%2C200","width":350,"height":200},"classes":[]},{"id":814,"url":"https:\/\/tuzlahortum.com.tr\/ru\/product\/orgulu-seffaf-hortum-standart\/","url_meta":{"origin":817,"position":1},"title":"\u041f\u043b\u0435\u0442\u0435\u043d\u044b\u0439 \u043f\u0440\u043e\u0437\u0440\u0430\u0447\u043d\u044b\u0439 \u0448\u043b\u0430\u043d\u0433 (\u0421\u0422\u0410\u041d\u0414\u0410\u0420\u0422)","author":"admin","date":"6 \u0444\u0435\u0432\u0440\u0430\u043b\u044f 2019","format":false,"excerpt":"\u00d6rg\u00fcl\u00fc \u015eeffaf Hortum (STANDART)\u00d6zellikler Alt kat \u015feffaf PVC ve y\u00fcksek mukavemetli polyester iplik, \u00fcst katta a\u015f\u0131nmaya dayan\u0131kl\u0131 \u015feffaf PVC ile \u00fcretilmi\u015ftir. \u00c7al\u0131\u015fma S\u0131cakl\u0131\u011f\u0131 -10\u00b0C ile +50\u00b0C aras\u0131 Kullan\u0131m Alanlar\u0131 Ev, bah\u00e7e, tarla, sanayi ve in\u015faat sekt\u00f6r\u00fcnde sulama ve tahliye i\u015flerinde kullan\u0131l\u0131r.","rel":"","context":"\u041f\u043e\u0445\u043e\u0436\u0430\u044f \u0437\u0430\u043f\u0438\u0441\u044c","block_context":{"text":"\u041f\u043e\u0445\u043e\u0436\u0430\u044f \u0437\u0430\u043f\u0438\u0441\u044c","link":""},"img":{"alt_text":"","src":"https:\/\/i0.wp.com\/tuzlahortum.com.tr\/wp-content\/uploads\/kategoriler\/orguluseffaf.png?fit=498%2C335&ssl=1&resize=350%2C200","width":350,"height":200},"classes":[]},{"id":8132,"url":"https:\/\/tuzlahortum.com.tr\/ru\/product\/super-extra-orgulu-seffaf-hortum\/","url_meta":{"origin":817,"position":2},"title":"\u041f\u0440\u043e\u0437\u0440\u0430\u0447\u043d\u044b\u0439 \u043f\u043b\u0435\u0442\u0435\u043d\u044b\u0439 \u0448\u043b\u0430\u043d\u0433 Super Extra","author":"\u0130smail \u00c7elik","date":"14 \u043c\u0430\u0440\u0442\u0430 2019","format":false,"excerpt":"S\u00fcper Extra \u00d6rg\u00fcl\u00fc \u015eeffaf Hortum\u00d6zellikler : \u2022 1. S\u0131n\u0131f PVC\u2019 den imal edilmi\u015ftir. \u2022 Y\u00fcksek kaliteli polyester takviye edilmi\u015ftir \u2022 A\u015f\u0131nmaya dayan\u0131kl\u0131d\u0131r. \u2022 -20\u00b0C ile +65\u00b0C aras\u0131nda s\u0131cakl\u0131\u011fa dayan\u0131kl\u0131d\u0131r. Kullan\u0131m Alanlar\u0131 : \u2022 Sanayide, petrol-petrol t\u00fcrevleri, hafif kimyasal maddelerin tahliyesi ve bas\u0131n\u00e7l\u0131 sulama i\u015flemlerinde kullan\u0131l\u0131r.","rel":"","context":"\u041f\u043e\u0445\u043e\u0436\u0430\u044f \u0437\u0430\u043f\u0438\u0441\u044c","block_context":{"text":"\u041f\u043e\u0445\u043e\u0436\u0430\u044f \u0437\u0430\u043f\u0438\u0441\u044c","link":""},"img":{"alt_text":"","src":"https:\/\/i0.wp.com\/hortum.com.tr\/wp-content\/uploads\/2019\/03\/S%C3%BCper-Extra-%C3%96rg%C3%BCl%C3%BC-%C5%9Eeffaf-Hortum-2.jpg?resize=350%2C200","width":350,"height":200,"srcset":"https:\/\/i0.wp.com\/hortum.com.tr\/wp-content\/uploads\/2019\/03\/S%C3%BCper-Extra-%C3%96rg%C3%BCl%C3%BC-%C5%9Eeffaf-Hortum-2.jpg?resize=350%2C200 1x, https:\/\/i0.wp.com\/hortum.com.tr\/wp-content\/uploads\/2019\/03\/S%C3%BCper-Extra-%C3%96rg%C3%BCl%C3%BC-%C5%9Eeffaf-Hortum-2.jpg?resize=525%2C300 1.5x"},"classes":[]},{"id":861,"url":"https:\/\/tuzlahortum.com.tr\/ru\/product\/jakuzi-ve-havuz-hortumlari-beyaz-orgulu-ve-seffaf\/","url_meta":{"origin":817,"position":3},"title":"\u0428\u041b\u0410\u041d\u0413\u0418 \u0414\u041b\u042f \u0414\u0416\u0410\u041a\u0423\u0417\u0418 \u0418 \u0411\u0410\u0421\u0421\u0415\u0419\u041d\u0410 \u0411\u0415\u041b\u042b\u0415 \u041f\u041b\u0415\u0422\u0415\u041d\u041d\u042b\u0415 \u0418 \u041f\u0420\u041e\u0417\u0420\u0410\u0427\u041d\u042b\u0415","author":"admin","date":"6 \u0444\u0435\u0432\u0440\u0430\u043b\u044f 2019","format":false,"excerpt":"JAKUZ\u0130 VE HAVUZ HORTUMLARI BEYAZ \u00d6RG\u00dcL\u00dc ve \u015eEFFAF\u00d6zellikler Alt kat y\u00fcksek kaliteli \u015feffaf malzeme, y\u00fcksek mukavemetli, k\u0131r\u0131lmaya kar\u015f\u0131 maksimum dayan\u0131kl\u0131 sert PVC takviyesiyle \u00fcretilmektedir. \u00c7al\u0131\u015fma S\u0131cakl\u0131\u011f\u0131 -5\u00b0C ile +60\u00b0C aras\u0131 Kullan\u0131m Alanlar\u0131 Y\u00fczme havuzu su sirk\u00fclasyonu\u00a0,\u00a0jakuzi k\u00fcvet sistemlerinde kullan\u0131labilir.","rel":"","context":"\u041f\u043e\u0445\u043e\u0436\u0430\u044f \u0437\u0430\u043f\u0438\u0441\u044c","block_context":{"text":"\u041f\u043e\u0445\u043e\u0436\u0430\u044f \u0437\u0430\u043f\u0438\u0441\u044c","link":""},"img":{"alt_text":"","src":"https:\/\/i0.wp.com\/tuzlahortum.com.tr\/wp-content\/uploads\/urunler\/plastik\/JAKUZI%CC%87-VE-HAVUZ-HORTUMLARI-BEYAZ-O%CC%88RGU%CC%88LU%CC%88-ve-S%CC%A7EFFAF.jpg?fit=640%2C480&ssl=1&resize=350%2C200","width":350,"height":200,"srcset":"https:\/\/i0.wp.com\/tuzlahortum.com.tr\/wp-content\/uploads\/urunler\/plastik\/JAKUZI%CC%87-VE-HAVUZ-HORTUMLARI-BEYAZ-O%CC%88RGU%CC%88LU%CC%88-ve-S%CC%A7EFFAF.jpg?fit=640%2C480&ssl=1&resize=350%2C200 1x, https:\/\/i0.wp.com\/tuzlahortum.com.tr\/wp-content\/uploads\/urunler\/plastik\/JAKUZI%CC%87-VE-HAVUZ-HORTUMLARI-BEYAZ-O%CC%88RGU%CC%88LU%CC%88-ve-S%CC%A7EFFAF.jpg?fit=640%2C480&ssl=1&resize=525%2C300 1.5x"},"classes":[]},{"id":5392,"url":"https:\/\/tuzlahortum.com.tr\/ru\/product\/meteor-orgulu-hortumlar-super\/","url_meta":{"origin":817,"position":4},"title":"\u0428\u043b\u0430\u043d\u0433\u0438 \u0441 \u043e\u043f\u043b\u0435\u0442\u043a\u043e\u0439 \u00ab\u041c\u0435\u0442\u0435\u043e\u0440\u00bb (\u0421\u0423\u041f\u0415\u0420)","author":"\u0130smail \u00c7elik","date":"28 \u0444\u0435\u0432\u0440\u0430\u043b\u044f 2019","format":false,"excerpt":"Meteor \u00d6rg\u00fcl\u00fc Hortumlar (S\u00dcPER)\u00d6zellikler Alt kat y\u00fcksek kaliteli kau\u00e7uk takviyeli PVC malzeme, takviye, y\u00fcksek mukavemetli polyester iplik, \u00fcst katta a\u015f\u0131nmaya ve hava \u015fartlar\u0131na dayan\u0131kl\u0131 PVC ile \u00fcretilmi\u015ftir. \u00c7al\u0131\u015fma S\u0131cakl\u0131\u011f\u0131 -10\u00b0C ile +50\u00b0C aras\u0131 Kullan\u0131m Alanlar\u0131 Ev, bah\u00e7e, tarla, sanayi ve in\u015faat sekt\u00f6r\u00fcnde sulama ve tahliye i\u015flerinde ve hafif kimyasal maddelerin\u2026","rel":"","context":"\u041f\u043e\u0445\u043e\u0436\u0430\u044f \u0437\u0430\u043f\u0438\u0441\u044c","block_context":{"text":"\u041f\u043e\u0445\u043e\u0436\u0430\u044f \u0437\u0430\u043f\u0438\u0441\u044c","link":""},"img":{"alt_text":"","src":"https:\/\/i0.wp.com\/tuzlahortum.com.tr\/wp-content\/uploads\/2019\/03\/Meteor-%C3%96rg%C3%BCl%C3%BC-HortumlarSTANDART.jpg?fit=640%2C480&ssl=1&resize=350%2C200","width":350,"height":200,"srcset":"https:\/\/i0.wp.com\/tuzlahortum.com.tr\/wp-content\/uploads\/2019\/03\/Meteor-%C3%96rg%C3%BCl%C3%BC-HortumlarSTANDART.jpg?fit=640%2C480&ssl=1&resize=350%2C200 1x, https:\/\/i0.wp.com\/tuzlahortum.com.tr\/wp-content\/uploads\/2019\/03\/Meteor-%C3%96rg%C3%BCl%C3%BC-HortumlarSTANDART.jpg?fit=640%2C480&ssl=1&resize=525%2C300 1.5x"},"classes":[]},{"id":21959,"url":"https:\/\/tuzlahortum.com.tr\/ru\/product\/eco\/","url_meta":{"origin":817,"position":5},"title":"\u042d\u041a\u041e","author":"admin","date":"11 \u0430\u0432\u0433\u0443\u0441\u0442\u0430 2025","format":false,"excerpt":"\u00a0 \u00dcr\u00fcn Ad\u0131: ECO \u00dcr\u00fcn Kodu: TBW12 PVC \u00d6rg\u00fcl\u00fc \u015eeffaf Kullanim Alan\u0131 : Bah\u00e7ecilik ve Genel Su Tahliye Hizmetleri. Alt Katman : \u015eeffaf PVC. Takviye Katman\u0131 : Sentetik Tekstil. \u00dcst Katman : A\u015f\u0131nmaya, Ozona ve Hava Ko\u015fullar\u0131na Dayan\u0131kl\u0131 \u015eeffaf PVC. -5\u00b0C \/ +60\u00b0C -23\u00b0F \/ +140\u00b0F Markalama : M\u00fcrekkep P\u00fcsk\u00fcrtmeli\u2026","rel":"","context":"\u041f\u043e\u0445\u043e\u0436\u0430\u044f \u0437\u0430\u043f\u0438\u0441\u044c","block_context":{"text":"\u041f\u043e\u0445\u043e\u0436\u0430\u044f \u0437\u0430\u043f\u0438\u0441\u044c","link":""},"img":{"alt_text":"","src":"https:\/\/i0.wp.com\/tuzlahortum.com.tr\/wp-content\/uploads\/2025\/08\/PVC_79.png?fit=445%2C445&ssl=1&resize=350%2C200","width":350,"height":200},"classes":[]}],"jetpack_sharing_enabled":true,"jetpack_likes_enabled":true,"_links":{"self":[{"href":"https:\/\/tuzlahortum.com.tr\/ru\/wp-json\/wp\/v2\/product\/817","targetHints":{"allow":["GET"]}}],"collection":[{"href":"https:\/\/tuzlahortum.com.tr\/ru\/wp-json\/wp\/v2\/product"}],"about":[{"href":"https:\/\/tuzlahortum.com.tr\/ru\/wp-json\/wp\/v2\/types\/product"}],"replies":[{"embeddable":true,"href":"https:\/\/tuzlahortum.com.tr\/ru\/wp-json\/wp\/v2\/comments?post=817"}],"wp:featuredmedia":[{"embeddable":true,"href":"https:\/\/tuzlahortum.com.tr\/ru\/wp-json\/wp\/v2\/media\/2036"}],"wp:attachment":[{"href":"https:\/\/tuzlahortum.com.tr\/ru\/wp-json\/wp\/v2\/media?parent=817"}],"wp:term":[{"taxonomy":"product_brand","embeddable":true,"href":"https:\/\/tuzlahortum.com.tr\/ru\/wp-json\/wp\/v2\/product_brand?post=817"},{"taxonomy":"product_cat","embeddable":true,"href":"https:\/\/tuzlahortum.com.tr\/ru\/wp-json\/wp\/v2\/product_cat?post=817"},{"taxonomy":"product_tag","embeddable":true,"href":"https:\/\/tuzlahortum.com.tr\/ru\/wp-json\/wp\/v2\/product_tag?post=817"}],"curies":[{"name":"wp","href":"https:\/\/api.w.org\/{rel}","templated":true}]}}