{"id":816,"date":"2019-02-06T23:54:08","date_gmt":"2019-02-06T20:54:08","guid":{"rendered":"http:\/\/hortum.com.tr\/product\/import-placeholder-for-574\/"},"modified":"2024-03-21T17:42:04","modified_gmt":"2024-03-21T14:42:04","slug":"seraluks-silikonlu-hortum-standart","status":"publish","type":"product","link":"https:\/\/tuzlahortum.com.tr\/ru\/product\/seraluks-silikonlu-hortum-standart\/","title":{"rendered":"\u0421\u0438\u043b\u0438\u043a\u043e\u043d\u043e\u0432\u044b\u0439 \u0448\u043b\u0430\u043d\u0433 Seral\u00fcks (\u0421\u0422\u0410\u041d\u0414\u0410\u0420\u0422)"},"content":{"rendered":"<h2>\u0421\u0438\u043b\u0438\u043a\u043e\u043d\u043e\u0432\u044b\u0439 \u0448\u043b\u0430\u043d\u0433 Seral\u00fcks (\u0421\u0422\u0410\u041d\u0414\u0410\u0420\u0422)<\/h2>\n<p>\u0424\u0443\u043d\u043a\u0446\u0438\u0438<\/p>\n<p>\u041e\u043d \u0438\u0437\u0433\u043e\u0442\u043e\u0432\u043b\u0435\u043d \u0438\u0437 \u0441\u043f\u0435\u0446\u0438\u0430\u043b\u044c\u043d\u043e\u0439 \u0441\u043c\u0435\u0441\u0438 \u0443\u0441\u0442\u043e\u0439\u0447\u0438\u0432\u043e\u0433\u043e \u043a \u0438\u0441\u0442\u0438\u0440\u0430\u043d\u0438\u044e \u041f\u0412\u0425. \u041e\u043d \u0441\u0443\u043f\u0435\u0440\u044d\u043b\u0430\u0441\u0442\u0438\u0447\u043d\u044b\u0439.<br \/>\n\u0420\u0430\u0431\u043e\u0447\u0430\u044f \u0442\u0435\u043c\u043f\u0435\u0440\u0430\u0442\u0443\u0440\u0430<\/p>\n<p>\u043e\u0442 -10\u00b0\u0421 \u0434\u043e +50\u00b0\u0421<\/p>\n<p>\u041e\u0431\u043b\u0430\u0441\u0442\u0438 \u0438\u0441\u043f\u043e\u043b\u044c\u0437\u043e\u0432\u0430\u043d\u0438\u044f<\/p>\n<p>\u041f\u0440\u0438\u043c\u0435\u043d\u044f\u0435\u0442\u0441\u044f \u043f\u0440\u0438 \u0438\u0440\u0440\u0438\u0433\u0430\u0446\u0438\u043e\u043d\u043d\u044b\u0445 \u0438 \u0434\u0440\u0435\u043d\u0430\u0436\u043d\u044b\u0445 \u0440\u0430\u0431\u043e\u0442\u0430\u0445 \u0432 \u0434\u043e\u043c\u0430\u0448\u043d\u0435\u043c, \u0441\u0430\u0434\u043e\u0432\u043e\u043c, \u043f\u043e\u043b\u0435\u0432\u043e\u043c, \u043f\u0440\u043e\u043c\u044b\u0448\u043b\u0435\u043d\u043d\u043e\u043c \u0438 \u0441\u0442\u0440\u043e\u0438\u0442\u0435\u043b\u044c\u043d\u043e\u043c \u0441\u0435\u043a\u0442\u043e\u0440\u0430\u0445.<\/p>\n<div class=\"video video-fit mb\" style=\"padding-top:56.25%;\"><p><iframe loading=\"lazy\" title=\"\u041f\u0443\u0442\u0430\u043d\u0438\u0446\u0430 \u0432 \u0438\u0437\u043c\u0435\u0440\u0435\u043d\u0438\u044f\u0445 (\u0434\u044e\u0439\u043c\u044b, \u043f\u0430\u043b\u044c\u0446\u044b, \u0434\u044b\u043c\u043a\u0430, \u043c\u0438\u043b\u043b\u0438\u043c\u0435\u0442\u0440\u044b)\" width=\"1020\" height=\"574\" src=\"https:\/\/www.youtube.com\/embed\/uKk6AG_AZls?feature=oembed\" frameborder=\"0\" allow=\"accelerometer; autoplay; clipboard-write; encrypted-media; gyroscope; picture-in-picture; web-share\" referrerpolicy=\"strict-origin-when-cross-origin\" allowfullscreen><\/iframe><\/p>\n<\/div>\n<p><img data-recalc-dims=\"1\" loading=\"lazy\" decoding=\"async\" class=\"alignnone size-full wp-image-2039\" src=\"https:\/\/i0.wp.com\/hortum.com.tr\/wp-content\/uploads\/2019\/02\/Seral%C3%BCks-Silikonlu-Hortum-STANDART.jpg?resize=394%2C144\" alt=\"\" width=\"394\" height=\"144\" title=\"\"><\/p>","protected":false},"excerpt":{"rendered":"<p>\u0421\u0438\u043b\u0438\u043a\u043e\u043d\u043e\u0432\u044b\u0439 \u0448\u043b\u0430\u043d\u0433 Seral\u00fcks (\u0421\u0422\u0410\u041d\u0414\u0410\u0420\u0422) \u0425\u0430\u0440\u0430\u043a\u0442\u0435\u0440\u0438\u0441\u0442\u0438\u043a\u0438 \u0418\u0437\u0433\u043e\u0442\u043e\u0432\u043b\u0435\u043d \u0438\u0437 \u0438\u0437\u043d\u043e\u0441\u043e\u0441\u0442\u043e\u0439\u043a\u043e\u0439 \u0441\u043f\u0435\u0446\u0438\u0430\u043b\u044c\u043d\u043e\u0439 \u0441\u043c\u0435\u0441\u0438 \u041f\u0412\u0425. \u0421\u0443\u043f\u0435\u0440\u044d\u043b\u0430\u0441\u0442\u0438\u0447\u043d\u044b\u0439. \u0420\u0430\u0431\u043e\u0447\u0430\u044f \u0442\u0435\u043c\u043f\u0435\u0440\u0430\u0442\u0443\u0440\u0430 \u043e\u0442 -10\u00b0C \u0434\u043e +50\u00b0C \u041e\u0431\u043b\u0430\u0441\u0442\u0438 \u043f\u0440\u0438\u043c\u0435\u043d\u0435\u043d\u0438\u044f \u0418\u0441\u043f\u043e\u043b\u044c\u0437\u0443\u0435\u0442\u0441\u044f \u0434\u043b\u044f \u043e\u0440\u043e\u0448\u0435\u043d\u0438\u044f \u0438 \u0434\u0440\u0435\u043d\u0430\u0436\u043d\u044b\u0445 \u0440\u0430\u0431\u043e\u0442 \u0432 \u0434\u043e\u043c\u0435, \u0441\u0430\u0434\u0443, \u043f\u043e\u043b\u0435, \u043f\u0440\u043e\u043c\u044b\u0448\u043b\u0435\u043d\u043d\u043e\u0441\u0442\u0438 \u0438 \u0441\u0442\u0440\u043e\u0438\u0442\u0435\u043b\u044c\u0441\u0442\u0432\u0435.<\/p>","protected":false},"featured_media":2000,"comment_status":"open","ping_status":"closed","template":"","meta":[],"product_brand":[],"product_cat":[165],"product_tag":[795,1024,1025,1027,358,723,962,343,1026],"class_list":{"0":"post-816","1":"product","2":"type-product","3":"status-publish","4":"has-post-thumbnail","6":"product_cat-plastik-bahce-hortumlari","7":"product_tag-bahce","8":"product_tag-elastik","9":"product_tag-ev","10":"product_tag-insaat-sektorunde","11":"product_tag-pvc","12":"product_tag-sanayi","13":"product_tag-sulama","14":"product_tag-tahliye","15":"product_tag-tarla","17":"first","18":"instock","19":"taxable","20":"shipping-taxable","21":"product-type-variable"},"jetpack-related-posts":[{"id":2038,"url":"https:\/\/tuzlahortum.com.tr\/ru\/product\/seraluks-silikonlu-hortum-super\/","url_meta":{"origin":816,"position":0},"title":"\u0421\u0438\u043b\u0438\u043a\u043e\u043d\u043e\u0432\u044b\u0439 \u0448\u043b\u0430\u043d\u0433 Seralux (\u0421\u0423\u041f\u0415\u0420)","author":"\u0130smail \u00c7elik","date":"12 \u0444\u0435\u0432\u0440\u0430\u043b\u044f 2019","format":false,"excerpt":"Seral\u00fcks Silikonlu Hortum (S\u00dcPER)\u00d6zellikler A\u015f\u0131nmaya \u00a0dayan\u0131kl\u0131 \u00f6zel kar\u0131\u015f\u0131m PVC ile \u00fcretilmi\u015ftir. S\u00fcper elastiktir. \u00c7al\u0131\u015fma S\u0131cakl\u0131\u011f\u0131 -10\u00b0C ile +50\u00b0C aras\u0131 Kullan\u0131m Alanlar\u0131 Ev, bah\u00e7e, tarla, sanayi ve in\u015faat sekt\u00f6r\u00fcnde sulama ve tahliye i\u015flerinde kullan\u0131l\u0131r.","rel":"","context":"\u041f\u043e\u0445\u043e\u0436\u0430\u044f \u0437\u0430\u043f\u0438\u0441\u044c","block_context":{"text":"\u041f\u043e\u0445\u043e\u0436\u0430\u044f \u0437\u0430\u043f\u0438\u0441\u044c","link":""},"img":{"alt_text":"","src":"https:\/\/i0.wp.com\/tuzlahortum.com.tr\/wp-content\/uploads\/urunler\/plastik\/SERALU%CC%88KS-SI%CC%87LI%CC%87KONLU-HORTUM-STANDART.jpg?fit=640%2C480&ssl=1&resize=350%2C200","width":350,"height":200,"srcset":"https:\/\/i0.wp.com\/tuzlahortum.com.tr\/wp-content\/uploads\/urunler\/plastik\/SERALU%CC%88KS-SI%CC%87LI%CC%87KONLU-HORTUM-STANDART.jpg?fit=640%2C480&ssl=1&resize=350%2C200 1x, https:\/\/i0.wp.com\/tuzlahortum.com.tr\/wp-content\/uploads\/urunler\/plastik\/SERALU%CC%88KS-SI%CC%87LI%CC%87KONLU-HORTUM-STANDART.jpg?fit=640%2C480&ssl=1&resize=525%2C300 1.5x"},"classes":[]},{"id":815,"url":"https:\/\/tuzlahortum.com.tr\/ru\/product\/seraluks-silikonlu-orgulu-hortum\/","url_meta":{"origin":816,"position":1},"title":"\u0428\u043b\u0430\u043d\u0433 Seralux \u0432 \u0441\u0438\u043b\u0438\u043a\u043e\u043d\u043e\u0432\u043e\u0439 \u043e\u043f\u043b\u0435\u0442\u043a\u0435","author":"admin","date":"6 \u0444\u0435\u0432\u0440\u0430\u043b\u044f 2019","format":false,"excerpt":"Seral\u00fcks Silikonlu \u00d6rg\u00fcl\u00fc Hortum\u00d6zellikler Alt kat, \u015feffaf PVC ve\u00a0y\u00fcksek mukavemetli polyester iplik, \u00fcst katta a\u015f\u0131nmaya \u00a0dayan\u0131kl\u0131 \u00f6zel kar\u0131\u015f\u0131m PVC ile \u00fcretilmi\u015ftir. \u00c7al\u0131\u015fma S\u0131cakl\u0131\u011f\u0131 -10\u00b0C ile +50\u00b0C aras\u0131 Kullan\u0131m Alanlar\u0131 Ev, bah\u00e7e, tarla, sanayi ve in\u015faat sekt\u00f6r\u00fcnde sulama ve tahliye i\u015flerinde kullan\u0131l\u0131r.","rel":"","context":"\u041f\u043e\u0445\u043e\u0436\u0430\u044f \u0437\u0430\u043f\u0438\u0441\u044c","block_context":{"text":"\u041f\u043e\u0445\u043e\u0436\u0430\u044f \u0437\u0430\u043f\u0438\u0441\u044c","link":""},"img":{"alt_text":"","src":"https:\/\/i0.wp.com\/tuzlahortum.com.tr\/wp-content\/uploads\/urunler\/plastik\/SERALU%CC%88KS-SLI%CC%87KONLU-O%CC%88RGU%CC%88LU%CC%88-HORTUM.jpg?fit=640%2C480&ssl=1&resize=350%2C200","width":350,"height":200,"srcset":"https:\/\/i0.wp.com\/tuzlahortum.com.tr\/wp-content\/uploads\/urunler\/plastik\/SERALU%CC%88KS-SLI%CC%87KONLU-O%CC%88RGU%CC%88LU%CC%88-HORTUM.jpg?fit=640%2C480&ssl=1&resize=350%2C200 1x, https:\/\/i0.wp.com\/tuzlahortum.com.tr\/wp-content\/uploads\/urunler\/plastik\/SERALU%CC%88KS-SLI%CC%87KONLU-O%CC%88RGU%CC%88LU%CC%88-HORTUM.jpg?fit=640%2C480&ssl=1&resize=525%2C300 1.5x"},"classes":[]},{"id":814,"url":"https:\/\/tuzlahortum.com.tr\/ru\/product\/orgulu-seffaf-hortum-standart\/","url_meta":{"origin":816,"position":2},"title":"\u041f\u043b\u0435\u0442\u0435\u043d\u044b\u0439 \u043f\u0440\u043e\u0437\u0440\u0430\u0447\u043d\u044b\u0439 \u0448\u043b\u0430\u043d\u0433 (\u0421\u0422\u0410\u041d\u0414\u0410\u0420\u0422)","author":"admin","date":"6 \u0444\u0435\u0432\u0440\u0430\u043b\u044f 2019","format":false,"excerpt":"\u00d6rg\u00fcl\u00fc \u015eeffaf Hortum (STANDART)\u00d6zellikler Alt kat \u015feffaf PVC ve y\u00fcksek mukavemetli polyester iplik, \u00fcst katta a\u015f\u0131nmaya dayan\u0131kl\u0131 \u015feffaf PVC ile \u00fcretilmi\u015ftir. \u00c7al\u0131\u015fma S\u0131cakl\u0131\u011f\u0131 -10\u00b0C ile +50\u00b0C aras\u0131 Kullan\u0131m Alanlar\u0131 Ev, bah\u00e7e, tarla, sanayi ve in\u015faat sekt\u00f6r\u00fcnde sulama ve tahliye i\u015flerinde kullan\u0131l\u0131r.","rel":"","context":"\u041f\u043e\u0445\u043e\u0436\u0430\u044f \u0437\u0430\u043f\u0438\u0441\u044c","block_context":{"text":"\u041f\u043e\u0445\u043e\u0436\u0430\u044f \u0437\u0430\u043f\u0438\u0441\u044c","link":""},"img":{"alt_text":"","src":"https:\/\/i0.wp.com\/tuzlahortum.com.tr\/wp-content\/uploads\/kategoriler\/orguluseffaf.png?fit=498%2C335&ssl=1&resize=350%2C200","width":350,"height":200},"classes":[]},{"id":825,"url":"https:\/\/tuzlahortum.com.tr\/ru\/product\/v-tipi-sari-verici-hortum-standart\/","url_meta":{"origin":816,"position":3},"title":"\u0416\u0435\u043b\u0442\u044b\u0439 \u0440\u0430\u0437\u0434\u0430\u0442\u043e\u0447\u043d\u044b\u0439 \u0448\u043b\u0430\u043d\u0433 \u0442\u0438\u043f\u0430 V (\u0421\u0422\u0410\u041d\u0414\u0410\u0420\u0422\u041d\u042b\u0419)","author":"admin","date":"6 \u0444\u0435\u0432\u0440\u0430\u043b\u044f 2019","format":false,"excerpt":"V Tipi Sar\u0131 Verici Hortum (STANDART)\u00d6zellikler Emici ve verici olarak kullan\u0131labilir. Esnek \u015feffaf PVC, y\u00fcksek mukavemetli, k\u0131r\u0131lmaya kar\u015f\u0131 maksimum dayan\u0131kl\u0131 sert PVC takviyesiyle \u00fcretilmektedir. \u0130\u00e7 ve d\u0131\u015f y\u00fczey d\u00fczd\u00fcr. \u00c7al\u0131\u015fma S\u0131cakl\u0131\u011f\u0131 -5\u00b0C ile +60\u00b0C aras\u0131 Kullan\u0131m Alanlar\u0131 Tar\u0131m, sanayi ve in\u015faat sekt\u00f6r\u00fcnde , pompa emi\u015flerinde, likit ve sair malzeme naklinde\u00a0\u2026","rel":"","context":"\u041f\u043e\u0445\u043e\u0436\u0430\u044f \u0437\u0430\u043f\u0438\u0441\u044c","block_context":{"text":"\u041f\u043e\u0445\u043e\u0436\u0430\u044f \u0437\u0430\u043f\u0438\u0441\u044c","link":""},"img":{"alt_text":"","src":"https:\/\/i0.wp.com\/tuzlahortum.com.tr\/wp-content\/uploads\/urunler\/plastik\/39.jpg?fit=456%2C232&ssl=1&resize=350%2C200","width":350,"height":200},"classes":[]},{"id":870,"url":"https:\/\/tuzlahortum.com.tr\/ru\/product\/e-tipi-yesil-emici-hortum-standart\/","url_meta":{"origin":816,"position":4},"title":"\u0417\u0435\u043b\u0435\u043d\u044b\u0439 \u0432\u0441\u0430\u0441\u044b\u0432\u0430\u044e\u0449\u0438\u0439 \u0448\u043b\u0430\u043d\u0433 \u0442\u0438\u043f\u0430 E (\u0421\u0422\u0410\u041d\u0414\u0410\u0420\u0422\u041d\u042b\u0419)","author":"admin","date":"6 \u0444\u0435\u0432\u0440\u0430\u043b\u044f 2019","format":false,"excerpt":"E Tipi Ye\u015fil Emici Hortum (STANDART)\u00d6zellikler A\u011f\u0131r hizmet emici ve verici olarak kullan\u0131labilir. Esnek \u015feffaf PVC, y\u00fcksek mukavemetli, k\u0131r\u0131lmaya kar\u015f\u0131 maksimum dayan\u0131kl\u0131 sert PVC takviyesiyle \u00fcretilmektedir. \u0130\u00e7 ve d\u0131\u015f y\u00fczey d\u00fczd\u00fcr. \u00c7al\u0131\u015fma S\u0131cakl\u0131\u011f\u0131 -5\u00b0C ile +60\u00b0C aras\u0131 Kullan\u0131m Alanlar\u0131 Tar\u0131m, sanayi ve in\u015faat sekt\u00f6r\u00fcnde her t\u00fcrl\u00fc a\u011f\u0131r hizmetlerde, pompa emi\u015flerinde,\u2026","rel":"","context":"\u041f\u043e\u0445\u043e\u0436\u0430\u044f \u0437\u0430\u043f\u0438\u0441\u044c","block_context":{"text":"\u041f\u043e\u0445\u043e\u0436\u0430\u044f \u0437\u0430\u043f\u0438\u0441\u044c","link":""},"img":{"alt_text":"","src":"https:\/\/i0.wp.com\/tuzlahortum.com.tr\/wp-content\/uploads\/urunler\/plastik\/33.jpg?fit=487%2C276&ssl=1&resize=350%2C200","width":350,"height":200},"classes":[]},{"id":867,"url":"https:\/\/tuzlahortum.com.tr\/ru\/product\/hv-tipi-kirmizi-verici-hortum-standart\/","url_meta":{"origin":816,"position":5},"title":"\u041a\u0440\u0430\u0441\u043d\u044b\u0439 \u0448\u043b\u0430\u043d\u0433 \u043f\u0435\u0440\u0435\u0434\u0430\u0442\u0447\u0438\u043a\u0430 \u0442\u0438\u043f\u0430 HV (\u0421\u0422\u0410\u041d\u0414\u0410\u0420\u0422\u041d\u042b\u0419)","author":"admin","date":"6 \u0444\u0435\u0432\u0440\u0430\u043b\u044f 2019","format":false,"excerpt":"HV Tipi K\u0131rm\u0131z\u0131 Verici Hortum (STANDART)\u00d6zellikler Verici olarak kullan\u0131labilir. Esnek \u015feffaf PVC, y\u00fcksek mukavemetli, k\u0131r\u0131lmaya kar\u015f\u0131 maksimum dayan\u0131kl\u0131 sert PVC takviyesiyle \u00fcretilmektedir. \u0130\u00e7 y\u00fczey d\u00fcz, d\u0131\u015f y\u00fczey bo\u011fumludur. \u00c7al\u0131\u015fma S\u0131cakl\u0131\u011f\u0131 -5\u00b0C ile +60\u00b0C aras\u0131 Kullan\u0131m Alanlar\u0131 Tar\u0131m ve sanayide her t\u00fcrl\u00fc su ve hafif kimyasallar\u0131n tahliye i\u015flerinde kullan\u0131l\u0131r, Verici hortumlar\u2026","rel":"","context":"\u041f\u043e\u0445\u043e\u0436\u0430\u044f \u0437\u0430\u043f\u0438\u0441\u044c","block_context":{"text":"\u041f\u043e\u0445\u043e\u0436\u0430\u044f \u0437\u0430\u043f\u0438\u0441\u044c","link":""},"img":{"alt_text":"","src":"https:\/\/i0.wp.com\/tuzlahortum.com.tr\/wp-content\/uploads\/urunler\/plastik\/25.jpg?fit=583%2C324&ssl=1&resize=350%2C200","width":350,"height":200,"srcset":"https:\/\/i0.wp.com\/tuzlahortum.com.tr\/wp-content\/uploads\/urunler\/plastik\/25.jpg?fit=583%2C324&ssl=1&resize=350%2C200 1x, https:\/\/i0.wp.com\/tuzlahortum.com.tr\/wp-content\/uploads\/urunler\/plastik\/25.jpg?fit=583%2C324&ssl=1&resize=525%2C300 1.5x"},"classes":[]}],"jetpack_sharing_enabled":true,"jetpack_likes_enabled":true,"_links":{"self":[{"href":"https:\/\/tuzlahortum.com.tr\/ru\/wp-json\/wp\/v2\/product\/816","targetHints":{"allow":["GET"]}}],"collection":[{"href":"https:\/\/tuzlahortum.com.tr\/ru\/wp-json\/wp\/v2\/product"}],"about":[{"href":"https:\/\/tuzlahortum.com.tr\/ru\/wp-json\/wp\/v2\/types\/product"}],"replies":[{"embeddable":true,"href":"https:\/\/tuzlahortum.com.tr\/ru\/wp-json\/wp\/v2\/comments?post=816"}],"wp:featuredmedia":[{"embeddable":true,"href":"https:\/\/tuzlahortum.com.tr\/ru\/wp-json\/wp\/v2\/media\/2000"}],"wp:attachment":[{"href":"https:\/\/tuzlahortum.com.tr\/ru\/wp-json\/wp\/v2\/media?parent=816"}],"wp:term":[{"taxonomy":"product_brand","embeddable":true,"href":"https:\/\/tuzlahortum.com.tr\/ru\/wp-json\/wp\/v2\/product_brand?post=816"},{"taxonomy":"product_cat","embeddable":true,"href":"https:\/\/tuzlahortum.com.tr\/ru\/wp-json\/wp\/v2\/product_cat?post=816"},{"taxonomy":"product_tag","embeddable":true,"href":"https:\/\/tuzlahortum.com.tr\/ru\/wp-json\/wp\/v2\/product_tag?post=816"}],"curies":[{"name":"wp","href":"https:\/\/api.w.org\/{rel}","templated":true}]}}