{"id":8132,"date":"2019-03-14T15:56:14","date_gmt":"2019-03-14T12:56:14","guid":{"rendered":"http:\/\/hortum.com.tr\/?post_type=product&#038;p=8132"},"modified":"2024-03-21T17:38:51","modified_gmt":"2024-03-21T14:38:51","slug":"super-extra-orgulu-seffaf-hortum","status":"publish","type":"product","link":"https:\/\/tuzlahortum.com.tr\/ru\/product\/super-extra-orgulu-seffaf-hortum\/","title":{"rendered":"\u041f\u0440\u043e\u0437\u0440\u0430\u0447\u043d\u044b\u0439 \u043f\u043b\u0435\u0442\u0435\u043d\u044b\u0439 \u0448\u043b\u0430\u043d\u0433 Super Extra"},"content":{"rendered":"<h2>\u041f\u0440\u043e\u0437\u0440\u0430\u0447\u043d\u044b\u0439 \u043f\u043b\u0435\u0442\u0435\u043d\u044b\u0439 \u0448\u043b\u0430\u043d\u0433 Super Extra<\/h2>\n<p>\u0424\u0443\u043d\u043a\u0446\u0438\u0438 :<br \/>\n\u2022 \u0418\u0437\u0433\u043e\u0442\u043e\u0432\u043b\u0435\u043d \u0438\u0437 \u041f\u0412\u0425 1-\u0433\u043e \u043a\u043b\u0430\u0441\u0441\u0430.<br \/>\n\u2022 \u0412\u044b\u0441\u043e\u043a\u043e\u043a\u0430\u0447\u0435\u0441\u0442\u0432\u0435\u043d\u043d\u044b\u0439 \u0430\u0440\u043c\u0438\u0440\u043e\u0432\u0430\u043d\u043d\u044b\u0439 \u043f\u043e\u043b\u0438\u044d\u0441\u0442\u0435\u0440.<br \/>\n\u2022 \u0423\u0441\u0442\u043e\u0439\u0447\u0438\u0432 \u043a \u0438\u0437\u043d\u043e\u0441\u0443.<br \/>\n\u2022 \u0423\u0441\u0442\u043e\u0439\u0447\u0438\u0432 \u043a \u0442\u0435\u043c\u043f\u0435\u0440\u0430\u0442\u0443\u0440\u0430\u043c \u043e\u0442 -20\u00b0C \u0434\u043e +65\u00b0C.<\/p>\n<p>\u041e\u0431\u043b\u0430\u0441\u0442\u0438 \u0438\u0441\u043f\u043e\u043b\u044c\u0437\u043e\u0432\u0430\u043d\u0438\u044f:<br \/>\n\u2022 \u0412 \u043f\u0440\u043e\u043c\u044b\u0448\u043b\u0435\u043d\u043d\u043e\u0441\u0442\u0438 \u043e\u043d \u0438\u0441\u043f\u043e\u043b\u044c\u0437\u0443\u0435\u0442\u0441\u044f \u043f\u0440\u0438 \u0441\u0431\u0440\u043e\u0441\u0435 \u043d\u0435\u0444\u0442\u0438 \u0438 \u043d\u0435\u0444\u0442\u0435\u043f\u0440\u043e\u0434\u0443\u043a\u0442\u043e\u0432, \u043b\u0435\u0433\u043a\u0438\u0445 \u0445\u0438\u043c\u0438\u043a\u0430\u0442\u043e\u0432 \u0438 \u0432 \u043f\u0440\u043e\u0446\u0435\u0441\u0441\u0430\u0445 \u043e\u0440\u043e\u0448\u0435\u043d\u0438\u044f \u043f\u043e\u0434 \u0434\u0430\u0432\u043b\u0435\u043d\u0438\u0435\u043c.<\/p>\n<div class=\"video video-fit mb\" style=\"padding-top:56.25%;\"><p><iframe loading=\"lazy\" title=\"\u041f\u0443\u0442\u0430\u043d\u0438\u0446\u0430 \u0432 \u0438\u0437\u043c\u0435\u0440\u0435\u043d\u0438\u044f\u0445 (\u0434\u044e\u0439\u043c\u044b, \u043f\u0430\u043b\u044c\u0446\u044b, \u0434\u044b\u043c\u043a\u0430, \u043c\u0438\u043b\u043b\u0438\u043c\u0435\u0442\u0440\u044b)\" width=\"1020\" height=\"574\" src=\"https:\/\/www.youtube.com\/embed\/uKk6AG_AZls?feature=oembed\" frameborder=\"0\" allow=\"accelerometer; autoplay; clipboard-write; encrypted-media; gyroscope; picture-in-picture; web-share\" referrerpolicy=\"strict-origin-when-cross-origin\" allowfullscreen><\/iframe><\/p>\n<\/div>\n<p><img data-recalc-dims=\"1\" loading=\"lazy\" decoding=\"async\" class=\"alignnone size-full wp-image-8141\" src=\"https:\/\/i0.wp.com\/hortum.com.tr\/wp-content\/uploads\/2019\/03\/S%C3%BCper-Extra-%C3%96rg%C3%BCl%C3%BC-%C5%9Eeffaf-Hortum-2.jpg?resize=632%2C205\" alt=\"\" width=\"632\" height=\"205\" title=\"\" srcset=\"https:\/\/i0.wp.com\/tuzlahortum.com.tr\/wp-content\/uploads\/2019\/03\/S%C3%BCper-Extra-%C3%96rg%C3%BCl%C3%BC-%C5%9Eeffaf-Hortum-2.jpg?w=632&amp;ssl=1 632w, https:\/\/i0.wp.com\/tuzlahortum.com.tr\/wp-content\/uploads\/2019\/03\/S%C3%BCper-Extra-%C3%96rg%C3%BCl%C3%BC-%C5%9Eeffaf-Hortum-2.jpg?resize=600%2C195&amp;ssl=1 600w\" sizes=\"auto, (max-width: 632px) 100vw, 632px\" \/><\/p>","protected":false},"excerpt":{"rendered":"<p>\u041f\u0440\u043e\u0437\u0440\u0430\u0447\u043d\u044b\u0439 \u0448\u043b\u0430\u043d\u0433 \u0441 \u043e\u043f\u043b\u0435\u0442\u043a\u043e\u0439 Super Extra \u041e\u0441\u043e\u0431\u0435\u043d\u043d\u043e\u0441\u0442\u0438: - \u0418\u0437\u0433\u043e\u0442\u043e\u0432\u043b\u0435\u043d \u0438\u0437 \u041f\u0412\u0425 1-\u0433\u043e \u043a\u043b\u0430\u0441\u0441\u0430. - \u0412\u044b\u0441\u043e\u043a\u043e\u043a\u0430\u0447\u0435\u0441\u0442\u0432\u0435\u043d\u043d\u044b\u0439 \u0430\u0440\u043c\u0438\u0440\u043e\u0432\u0430\u043d\u043d\u044b\u0439 \u043f\u043e\u043b\u0438\u044d\u0441\u0442\u0435\u0440 - \u0423\u0441\u0442\u043e\u0439\u0447\u0438\u0432 \u043a \u0438\u0441\u0442\u0438\u0440\u0430\u043d\u0438\u044e. - \u0423\u0441\u0442\u043e\u0439\u0447\u0438\u0432 \u043a \u0442\u0435\u043c\u043f\u0435\u0440\u0430\u0442\u0443\u0440\u0430\u043c \u043e\u0442 -20\u00b0C \u0434\u043e +65\u00b0C. \u041e\u0431\u043b\u0430\u0441\u0442\u0438 \u043f\u0440\u0438\u043c\u0435\u043d\u0435\u043d\u0438\u044f : - \u0418\u0441\u043f\u043e\u043b\u044c\u0437\u0443\u0435\u0442\u0441\u044f \u0432 \u043f\u0440\u043e\u043c\u044b\u0448\u043b\u0435\u043d\u043d\u043e\u0441\u0442\u0438, \u043f\u0440\u0438 \u043f\u0440\u043e\u0438\u0437\u0432\u043e\u0434\u0441\u0442\u0432\u0435 \u043d\u0435\u0444\u0442\u0438 \u0438 \u043d\u0435\u0444\u0442\u0435\u043f\u0440\u043e\u0434\u0443\u043a\u0442\u043e\u0432, \u043f\u0440\u0438 \u0441\u0431\u0440\u043e\u0441\u0435 \u043b\u0435\u0433\u043a\u0438\u0445 \u0445\u0438\u043c\u0438\u0447\u0435\u0441\u043a\u0438\u0445 \u0432\u0435\u0449\u0435\u0441\u0442\u0432 \u0438 \u0432 \u043f\u0440\u043e\u0446\u0435\u0441\u0441\u0430\u0445 \u043e\u0440\u043e\u0448\u0435\u043d\u0438\u044f \u043f\u043e\u0434 \u0434\u0430\u0432\u043b\u0435\u043d\u0438\u0435\u043c.<\/p>","protected":false},"featured_media":8140,"comment_status":"open","ping_status":"closed","template":"","meta":[],"product_brand":[],"product_cat":[165],"product_tag":[2162,732,358,723,1019,343,1023],"class_list":{"0":"post-8132","1":"product","2":"type-product","3":"status-publish","4":"has-post-thumbnail","6":"product_cat-plastik-bahce-hortumlari","7":"product_tag-hafif-kimyasal","8":"product_tag-petrol","9":"product_tag-pvc","10":"product_tag-sanayi","11":"product_tag-seffaf","12":"product_tag-tahliye","13":"product_tag-yuksek-basinc","15":"first","16":"instock","17":"taxable","18":"shipping-taxable","19":"product-type-variable"},"jetpack-related-posts":[{"id":817,"url":"https:\/\/tuzlahortum.com.tr\/ru\/product\/super-orgulu-seffaf-hortum\/","url_meta":{"origin":8132,"position":0},"title":"\u0421\u0443\u043f\u0435\u0440\u043f\u043b\u0435\u0442\u0435\u043d\u044b\u0439 \u043f\u0440\u043e\u0437\u0440\u0430\u0447\u043d\u044b\u0439 \u0448\u043b\u0430\u043d\u0433","author":"admin","date":"6 \u0444\u0435\u0432\u0440\u0430\u043b\u044f 2019","format":false,"excerpt":"S\u00fcper \u00d6rg\u00fcl\u00fc \u015eeffaf Hortum\u00d6zellikler Alt kat \u015feffaf PVC ve y\u00fcksek mukavemetli polyester iplik, \u00fcst katta a\u015f\u0131nmaya dayan\u0131kl\u0131 \u015feffaf PVC ile \u00fcretilmi\u015ftir. \u00c7al\u0131\u015fma S\u0131cakl\u0131\u011f\u0131 -10\u00b0C ile +50\u00b0C aras\u0131 Kullan\u0131m Alanlar\u0131 Ev, bah\u00e7e, tarla, sanayi ve in\u015faat sekt\u00f6r\u00fcnde sulama ve tahliye i\u015flerinde ve hafif kimyasal maddelerin naklinde kullan\u0131l\u0131r.","rel":"","context":"\u041f\u043e\u0445\u043e\u0436\u0430\u044f \u0437\u0430\u043f\u0438\u0441\u044c","block_context":{"text":"\u041f\u043e\u0445\u043e\u0436\u0430\u044f \u0437\u0430\u043f\u0438\u0441\u044c","link":""},"img":{"alt_text":"","src":"https:\/\/i0.wp.com\/tuzlahortum.com.tr\/wp-content\/uploads\/2019\/02\/S%C3%BCper-%C3%96rg%C3%BCl%C3%BC-%C5%9Eeffaf-Hortum.jpg?fit=640%2C480&ssl=1&resize=350%2C200","width":350,"height":200,"srcset":"https:\/\/i0.wp.com\/tuzlahortum.com.tr\/wp-content\/uploads\/2019\/02\/S%C3%BCper-%C3%96rg%C3%BCl%C3%BC-%C5%9Eeffaf-Hortum.jpg?fit=640%2C480&ssl=1&resize=350%2C200 1x, https:\/\/i0.wp.com\/tuzlahortum.com.tr\/wp-content\/uploads\/2019\/02\/S%C3%BCper-%C3%96rg%C3%BCl%C3%BC-%C5%9Eeffaf-Hortum.jpg?fit=640%2C480&ssl=1&resize=525%2C300 1.5x"},"classes":[]},{"id":9100,"url":"https:\/\/tuzlahortum.com.tr\/ru\/product\/marin-hortumu\/","url_meta":{"origin":8132,"position":1},"title":"\u041c\u043e\u0440\u0441\u043a\u043e\u0439 \u0448\u043b\u0430\u043d\u0433","author":"\u0130smail \u00c7elik","date":"11 \u0438\u044e\u043d\u044f 2019","format":false,"excerpt":"Marin Hortumu\u00d6zellikler : \u2022 \u00dcst kat 1. S\u0131n\u0131f PVC\u2019 den imal edilmi\u015ftir. \u2022 Alt kat beyaz PVC\u2019 den imal edilmi\u015ftir. \u2022 Y\u00fcksek kaliteli polyester takviye edilmi\u015ftir. \u2022 -5\u00b0C ile +65\u00b0C aras\u0131nda s\u0131cakl\u0131\u011fa dayan\u0131kl\u0131d\u0131r. Kullan\u0131m Alanlar\u0131 : \u2022 Tekne ve yatlarda, ev, bah\u00e7e sulama i\u015flerinde, k\u0131smen ya\u011f-yak\u0131ta dayan\u0131ml\u0131d\u0131r.","rel":"","context":"\u041f\u043e\u0445\u043e\u0436\u0430\u044f \u0437\u0430\u043f\u0438\u0441\u044c","block_context":{"text":"\u041f\u043e\u0445\u043e\u0436\u0430\u044f \u0437\u0430\u043f\u0438\u0441\u044c","link":""},"img":{"alt_text":"","src":"https:\/\/i0.wp.com\/tuzlahortum.com.tr\/wp-content\/uploads\/2019\/06\/Marin-Hortumu-2.jpg?resize=350%2C200&ssl=1","width":350,"height":200,"srcset":"https:\/\/i0.wp.com\/tuzlahortum.com.tr\/wp-content\/uploads\/2019\/06\/Marin-Hortumu-2.jpg?resize=350%2C200&ssl=1 1x, https:\/\/i0.wp.com\/tuzlahortum.com.tr\/wp-content\/uploads\/2019\/06\/Marin-Hortumu-2.jpg?resize=525%2C300&ssl=1 1.5x"},"classes":[]},{"id":692,"url":"https:\/\/tuzlahortum.com.tr\/ru\/product\/pulverizator-ilaclama-hortumu\/","url_meta":{"origin":8132,"position":2},"title":"\u0428\u043b\u0430\u043d\u0433 \u0434\u043b\u044f \u0440\u0430\u0441\u043f\u044b\u043b\u0435\u043d\u0438\u044f \u043f\u0443\u043b\u044c\u0432\u0435\u0440\u0438\u0437\u0430\u0442\u043e\u0440\u0430","author":"admin","date":"6 \u0444\u0435\u0432\u0440\u0430\u043b\u044f 2019","format":false,"excerpt":"Pulverizat\u00f6r \u0130la\u00e7lama Hortumu\u00d6zellikler : \u2022 1. S\u0131n\u0131f PVC\u2019 den imal edilmi\u015ftir. \u2022 \u00c7ekmeye ve gerilmeye kar\u015f\u0131 y\u00fcksek derecede dayan\u0131kl\u0131d\u0131r. \u2022 -20\u00b0C ile +60\u00b0C aras\u0131nda s\u0131cakl\u0131\u011fa dayan\u0131kl\u0131d\u0131r. Kullan\u0131m Alanlar\u0131 : \u2022 Tar\u0131m sanayinde, y\u00fcksek bas\u0131n\u00e7l\u0131 ila\u00e7lama i\u015flerinde kullan\u0131l\u0131r. \u00a0","rel":"","context":"\u041f\u043e\u0445\u043e\u0436\u0430\u044f \u0437\u0430\u043f\u0438\u0441\u044c","block_context":{"text":"\u041f\u043e\u0445\u043e\u0436\u0430\u044f \u0437\u0430\u043f\u0438\u0441\u044c","link":""},"img":{"alt_text":"","src":"","width":0,"height":0},"classes":[]},{"id":937,"url":"https:\/\/tuzlahortum.com.tr\/ru\/product\/thermo-kompresor-hortumu-10-bar\/","url_meta":{"origin":8132,"position":3},"title":"\u0428\u043b\u0430\u043d\u0433 \u0442\u0435\u0440\u043c\u043e\u043a\u043e\u043c\u043f\u0440\u0435\u0441\u0441\u043e\u0440\u0430 (10 \u0431\u0430\u0440)","author":"admin","date":"6 \u0444\u0435\u0432\u0440\u0430\u043b\u044f 2019","format":false,"excerpt":"Thermo Kompres\u00f6r Hortumu (10 Bar)\u00d6zellikler : \u2022 \u00d6zel Sentetik PVC, y\u00fcksek mukavemetli polyester ile takviye edilmi\u015ftir. \u2022 Kompres\u00f6r ya\u011flar\u0131na ve hert\u00fcrl\u00fc hava \u015fartlar\u0131na kar\u015f\u0131 dayan\u0131kl\u0131d\u0131r. \u2022 -20\u00b0C ile +60\u00b0C aras\u0131nda s\u0131cakl\u0131\u011fa dayan\u0131kl\u0131d\u0131r. Kullan\u0131m Alanlar\u0131 : \u2022 Hert\u00fcrl\u00fc bas\u0131n\u00e7l\u0131 hava tahliyesine ve hava ile \u00e7al\u0131\u015fan aletlerde kullan\u0131l\u0131r.","rel":"","context":"\u041f\u043e\u0445\u043e\u0436\u0430\u044f \u0437\u0430\u043f\u0438\u0441\u044c","block_context":{"text":"\u041f\u043e\u0445\u043e\u0436\u0430\u044f \u0437\u0430\u043f\u0438\u0441\u044c","link":""},"img":{"alt_text":"","src":"https:\/\/i0.wp.com\/hortum.com.tr\/wp-content\/uploads\/urunler\/plastik\/Thermo-Kompreso%CC%88r-Hortumu-10-Bar-1.jpg?resize=350%2C200","width":350,"height":200,"srcset":"https:\/\/i0.wp.com\/hortum.com.tr\/wp-content\/uploads\/urunler\/plastik\/Thermo-Kompreso%CC%88r-Hortumu-10-Bar-1.jpg?resize=350%2C200 1x, https:\/\/i0.wp.com\/hortum.com.tr\/wp-content\/uploads\/urunler\/plastik\/Thermo-Kompreso%CC%88r-Hortumu-10-Bar-1.jpg?resize=525%2C300 1.5x"},"classes":[]},{"id":813,"url":"https:\/\/tuzlahortum.com.tr\/ru\/product\/orgulu-seffaf-hortum-ekonomik\/","url_meta":{"origin":8132,"position":4},"title":"\u041f\u043b\u0435\u0442\u0435\u043d\u044b\u0439 \u043f\u0440\u043e\u0437\u0440\u0430\u0447\u043d\u044b\u0439 \u0448\u043b\u0430\u043d\u0433 (\u042d\u041a\u041e\u041d\u041e\u041c\u0418\u0427\u041d\u042b\u0419)","author":"admin","date":"6 \u0444\u0435\u0432\u0440\u0430\u043b\u044f 2019","format":false,"excerpt":"\u00d6rg\u00fcl\u00fc \u015eeffaf Hortum (EKONOM\u0130K)\u00d6zellikler Alt kat \u015feffaf PVC ve y\u00fcksek mukavemetli polyester iplik, \u00fcst katta a\u015f\u0131nmaya dayan\u0131kl\u0131 \u015feffaf PVC ile \u00fcretilmi\u015ftir. \u00c7al\u0131\u015fma S\u0131cakl\u0131\u011f\u0131 -10\u00b0C ile +50\u00b0C aras\u0131 Kullan\u0131m Alanlar\u0131 Ev, bah\u00e7e, tarla, sanayi ve in\u015faat sekt\u00f6r\u00fcnde sulama ve tahliye i\u015flerinde kullan\u0131l\u0131r .","rel":"","context":"\u041f\u043e\u0445\u043e\u0436\u0430\u044f \u0437\u0430\u043f\u0438\u0441\u044c","block_context":{"text":"\u041f\u043e\u0445\u043e\u0436\u0430\u044f \u0437\u0430\u043f\u0438\u0441\u044c","link":""},"img":{"alt_text":"","src":"https:\/\/i0.wp.com\/tuzlahortum.com.tr\/wp-content\/uploads\/kategoriler\/orguluseffaf.png?fit=498%2C335&ssl=1&resize=350%2C200","width":350,"height":200},"classes":[]},{"id":814,"url":"https:\/\/tuzlahortum.com.tr\/ru\/product\/orgulu-seffaf-hortum-standart\/","url_meta":{"origin":8132,"position":5},"title":"\u041f\u043b\u0435\u0442\u0435\u043d\u044b\u0439 \u043f\u0440\u043e\u0437\u0440\u0430\u0447\u043d\u044b\u0439 \u0448\u043b\u0430\u043d\u0433 (\u0421\u0422\u0410\u041d\u0414\u0410\u0420\u0422)","author":"admin","date":"6 \u0444\u0435\u0432\u0440\u0430\u043b\u044f 2019","format":false,"excerpt":"\u00d6rg\u00fcl\u00fc \u015eeffaf Hortum (STANDART)\u00d6zellikler Alt kat \u015feffaf PVC ve y\u00fcksek mukavemetli polyester iplik, \u00fcst katta a\u015f\u0131nmaya dayan\u0131kl\u0131 \u015feffaf PVC ile \u00fcretilmi\u015ftir. \u00c7al\u0131\u015fma S\u0131cakl\u0131\u011f\u0131 -10\u00b0C ile +50\u00b0C aras\u0131 Kullan\u0131m Alanlar\u0131 Ev, bah\u00e7e, tarla, sanayi ve in\u015faat sekt\u00f6r\u00fcnde sulama ve tahliye i\u015flerinde kullan\u0131l\u0131r.","rel":"","context":"\u041f\u043e\u0445\u043e\u0436\u0430\u044f \u0437\u0430\u043f\u0438\u0441\u044c","block_context":{"text":"\u041f\u043e\u0445\u043e\u0436\u0430\u044f \u0437\u0430\u043f\u0438\u0441\u044c","link":""},"img":{"alt_text":"","src":"https:\/\/i0.wp.com\/tuzlahortum.com.tr\/wp-content\/uploads\/kategoriler\/orguluseffaf.png?fit=498%2C335&ssl=1&resize=350%2C200","width":350,"height":200},"classes":[]}],"jetpack_sharing_enabled":true,"jetpack_likes_enabled":true,"_links":{"self":[{"href":"https:\/\/tuzlahortum.com.tr\/ru\/wp-json\/wp\/v2\/product\/8132","targetHints":{"allow":["GET"]}}],"collection":[{"href":"https:\/\/tuzlahortum.com.tr\/ru\/wp-json\/wp\/v2\/product"}],"about":[{"href":"https:\/\/tuzlahortum.com.tr\/ru\/wp-json\/wp\/v2\/types\/product"}],"replies":[{"embeddable":true,"href":"https:\/\/tuzlahortum.com.tr\/ru\/wp-json\/wp\/v2\/comments?post=8132"}],"wp:featuredmedia":[{"embeddable":true,"href":"https:\/\/tuzlahortum.com.tr\/ru\/wp-json\/wp\/v2\/media\/8140"}],"wp:attachment":[{"href":"https:\/\/tuzlahortum.com.tr\/ru\/wp-json\/wp\/v2\/media?parent=8132"}],"wp:term":[{"taxonomy":"product_brand","embeddable":true,"href":"https:\/\/tuzlahortum.com.tr\/ru\/wp-json\/wp\/v2\/product_brand?post=8132"},{"taxonomy":"product_cat","embeddable":true,"href":"https:\/\/tuzlahortum.com.tr\/ru\/wp-json\/wp\/v2\/product_cat?post=8132"},{"taxonomy":"product_tag","embeddable":true,"href":"https:\/\/tuzlahortum.com.tr\/ru\/wp-json\/wp\/v2\/product_tag?post=8132"}],"curies":[{"name":"wp","href":"https:\/\/api.w.org\/{rel}","templated":true}]}}