{"id":807,"date":"2019-02-06T23:54:06","date_gmt":"2019-02-06T20:54:06","guid":{"rendered":"http:\/\/hortum.com.tr\/product\/import-placeholder-for-190\/"},"modified":"2024-03-21T17:42:13","modified_gmt":"2024-03-21T14:42:13","slug":"dp-tipi-paslanmaz-kamlok-316","status":"publish","type":"product","link":"https:\/\/tuzlahortum.com.tr\/ru\/product\/dp-tipi-paslanmaz-kamlok-316\/","title":{"rendered":"\u0422\u0438\u043f \u041a\u0430\u043c\u043b\u043e\u043a \u0414\u041f \u0438\u0437 \u043d\u0435\u0440\u0436\u0430\u0432\u0435\u044e\u0449\u0435\u0439 \u0441\u0442\u0430\u043b\u0438 (316)"},"content":{"rendered":"<h2>\u0422\u0438\u043f \u041a\u0430\u043c\u043b\u043e\u043a \u0414\u041f \u0438\u0437 \u043d\u0435\u0440\u0436\u0430\u0432\u0435\u044e\u0449\u0435\u0439 \u0441\u0442\u0430\u043b\u0438 (316)<\/h2>\n<h6>\u041c\u042b \u041f\u0420\u0415\u0414\u041b\u0410\u0413\u0410\u0415\u041c \u042d\u0422\u041e \u041d\u0410\u0428\u0418\u041c \u041a\u041b\u0418\u0415\u041d\u0422\u0410\u041c, \u0422\u0410\u041a \u041a\u0410\u041a \u042d\u0422\u041e \u041f\u0420\u0415\u0414\u0421\u0422\u0410\u0412\u041b\u042f\u0415\u0422 \u041c\u041e\u0414\u0415\u041b\u042c \u0418\u0417 \u041d\u0415\u0420\u0416\u0410\u0412\u0415\u042e\u0429\u0415\u0413\u041e \u041a\u0410\u041c\u041b\u041e\u041a\u0410 (\u0422\u0418\u041f\u0410 DP), \u0424\u041e\u0420\u041c\u0410 \u041a\u0420\u042b\u0428\u041a\u0418 \u041c\u0423\u0416\u0421\u041a\u041e\u0419 \u041c\u041e\u0414\u0415\u041b\u042c<\/h6>\n<h6>\u041e\u0411\u041b\u0410\u0421\u0422\u0418 \u0418\u0421\u041f\u041e\u041b\u042c\u0417\u041e\u0412\u0410\u041d\u0418\u042f<\/h6>\n<ul>\n<li>\n<h6>\u0414\u041b\u042f \u0412\u0421\u0415\u0425 \u0425\u0418\u041c\u0418\u041a\u0410\u0422\u041e\u0412 \u0418 \u0422.\u041f. \u041a\u0418\u0421\u041b\u041e\u0422, \u0420\u0410\u0421\u0422\u0412\u041e\u0420\u0418\u0422\u0415\u041b\u0415\u0419, \u041c\u0410\u0421\u041b\u0410 \u0418 \u0422.\u041f.<\/h6>\n<\/li>\n<li>\n<h6>\u041d\u0410 \u041c\u0415\u0422\u0410\u041b\u041b\u0423\u0420\u0413\u0418\u0427\u0415\u0421\u041a\u0418\u0425 \u0417\u0410\u0412\u041e\u0414\u0410\u0425<\/h6>\n<\/li>\n<li>\n<h6>\u0422\u0410\u041a\u0416\u0415 \u0412 \u0416\u0410\u0420\u041a\u0418\u0425 \u0421\u0420\u0415\u0414\u0410\u0425<\/h6>\n<\/li>\n<li>\n<h6>\u0421\u0423\u0414\u041e\u0412\u041e\u0419 \u0421\u0415\u041a\u0422\u041e\u0420 \u041c\u041e\u0420\u0421\u041a\u0410\u042f \u0412\u041e\u0414\u0410<\/h6>\n<\/li>\n<\/ul>\n<h6>\u0418 \u0422.\u0414. \u042f\u0412\u041b\u042f\u042e\u0422\u0421\u042f \u041e\u0414\u041d\u0418\u041c \u0421\u0410\u041c\u042b\u041c \u041f\u0420\u0415\u0414\u041f\u041e\u0427\u0422\u0418\u0422\u0415\u041b\u042c\u041d\u042b\u041c\u0418 \u0421\u041e\u0415\u0414\u0418\u041d\u0418\u0422\u0415\u041b\u042c\u041d\u042b\u041c\u0418 \u0427\u0410\u0421\u0422\u042f\u041c\u0418 \u0411\u041b\u0410\u0413\u041e\u0414\u0410\u0420\u042f \u041f\u0420\u041e\u0421\u0422\u041e\u0422\u0415 \u0418\u0421\u041f\u041e\u041b\u042c\u0417\u041e\u0412\u0410\u041d\u0418\u042f \u0418 \u041d\u0410\u0414\u0415\u0416\u041d\u041e\u0421\u0422\u0418 \u041e\u0411\u041e\u0420\u0423\u0414\u041e\u0412\u0410\u041d\u0418\u042f, \u041f\u041e\u0414\u0425\u041e\u0414\u042f\u0429\u0415\u0413\u041e \u0414\u041b\u042f \u041c\u041d\u041e\u0413\u0418\u0425 \u0426\u0415\u041b\u0415\u0419.<\/h6>\n<p style=\"text-align: center;\">\n    <a href=\"https:\/\/www.flow-hose.com.tr\/technical-info\/2-2\/kamloklar\" target=\"_blank\" class=\"button\" style=\"margin-top:12px;\" rel=\"noopener\">\u041d\u0430\u0436\u043c\u0438\u0442\u0435, \u0447\u0442\u043e\u0431\u044b \u043f\u0440\u043e\u0441\u043c\u043e\u0442\u0440\u0435\u0442\u044c \u0440\u0443\u043a\u043e\u0432\u043e\u0434\u0441\u0442\u0432\u043e \u043f\u043e \u041a\u0430\u043c\u043b\u043e\u043a\u0443<\/a>\n<\/p>\n<p><iframe loading=\"lazy\" title=\"\u0422\u0438\u043f\u044b \u043a\u0430\u043c\u043b\u043e\u043a\u043e\u0432, \u043e\u0431\u043b\u0430\u0441\u0442\u0438 \u043f\u0440\u0438\u043c\u0435\u043d\u0435\u043d\u0438\u044f, \u0437\u0430\u043f\u0430\u0441\u043d\u044b\u0435 \u0447\u0430\u0441\u0442\u0438\" width=\"1020\" height=\"574\" src=\"https:\/\/www.youtube.com\/embed\/O8ZlzKEjfEQ?feature=oembed\" frameborder=\"0\" allow=\"accelerometer; autoplay; clipboard-write; encrypted-media; gyroscope; picture-in-picture; web-share\" referrerpolicy=\"strict-origin-when-cross-origin\" allowfullscreen><\/iframe><\/p>","protected":false},"excerpt":{"rendered":"<p>DP Tipi Paslanmaz Kamlok (316) PASLANMAZ KAMLOK \u00a0 (DP T\u0130P\u0130) ERKEK MODEL KAPAK \u015eEKL\u0130 OLUP \u00a0M\u00dc\u015eTER\u0130M\u0130ZE SUNMAKTAYIZ KULLANIMI ALANLARI K\u0130MYEV\u0130 MADDE AS\u0130T , SOLVENT , PETROL VB T\u00dcM K\u0130MYASALLAR \u0130\u00c7\u0130N DEM\u0130R \u00c7EL\u0130K FABR\u0130KALARINDA SICAK ORTAMLAR DA GEM\u0130 SEKT\u00d6R\u00dc DEN\u0130Z SUYU VB B\u0130R \u00c7OK AMACA UYGUN KULLANIM KOLAYLI\u011eI VE G\u00dcVEN\u0130L\u0130R EK\u0130PMAN OLMASI EN \u00c7OK TERC\u0130H ED\u0130LEN [&#8230;]\n","protected":false},"featured_media":12679,"comment_status":"open","ping_status":"closed","template":"","meta":{"jetpack_post_was_ever_published":false},"product_brand":[],"product_cat":[1015],"product_tag":[271,752,278,270,269,277,666,1081,274,276,275],"class_list":{"0":"post-807","1":"product","2":"type-product","3":"status-publish","4":"has-post-thumbnail","6":"product_cat-paslanmaz-kamloklar","7":"product_tag-baglanti-elemani","8":"product_tag-dp-tipi","9":"product_tag-hizli-baglanti","10":"product_tag-hortum-baglantisi","11":"product_tag-kamlok","12":"product_tag-kolay-baglanti","13":"product_tag-paslanmaz","14":"product_tag-polyamid","15":"product_tag-sok","16":"product_tag-sok-tak","17":"product_tag-tak","19":"first","20":"instock","21":"taxable","22":"shipping-taxable","23":"product-type-variable"},"jetpack-related-posts":[{"id":12824,"url":"https:\/\/tuzlahortum.com.tr\/ru\/product\/dp-tipi-paslanmaz-kamlok-304\/","url_meta":{"origin":807,"position":0},"title":"\u0422\u0438\u043f \u041a\u0430\u043c\u043b\u043e\u043a \u0414\u041f \u0438\u0437 \u043d\u0435\u0440\u0436\u0430\u0432\u0435\u044e\u0449\u0435\u0439 \u0441\u0442\u0430\u043b\u0438 (304)","author":"admin","date":"13 \u0441\u0435\u043d\u0442\u044f\u0431\u0440\u044f 2023","format":false,"excerpt":"DP Tipi Paslanmaz Kamlok (304)PASLANMAZ KAMLOK \u00a0 (DP T\u0130P\u0130) ERKEK MODEL KAPAK \u015eEKL\u0130 OLUP \u00a0M\u00dc\u015eTER\u0130M\u0130ZE SUNMAKTAYIZ KULLANIMI ALANLARI K\u0130MYEV\u0130 MADDE AS\u0130T , SOLVENT , PETROL VB T\u00dcM K\u0130MYASALLAR \u0130\u00c7\u0130N DEM\u0130R \u00c7EL\u0130K FABR\u0130KALARINDA SICAK ORTAMLAR DA GEM\u0130 SEKT\u00d6R\u00dc DEN\u0130Z SUYU VB B\u0130R \u00c7OK AMACA UYGUN KULLANIM KOLAYLI\u011eI VE G\u00dcVEN\u0130L\u0130R EK\u0130PMAN OLMASI\u2026","rel":"","context":"\u041f\u043e\u0445\u043e\u0436\u0430\u044f \u0437\u0430\u043f\u0438\u0441\u044c","block_context":{"text":"\u041f\u043e\u0445\u043e\u0436\u0430\u044f \u0437\u0430\u043f\u0438\u0441\u044c","link":""},"img":{"alt_text":"","src":"https:\/\/i0.wp.com\/tuzlahortum.com.tr\/wp-content\/uploads\/2019\/02\/304DP-1.jpg?fit=1168%2C1200&ssl=1&resize=350%2C200","width":350,"height":200,"srcset":"https:\/\/i0.wp.com\/tuzlahortum.com.tr\/wp-content\/uploads\/2019\/02\/304DP-1.jpg?fit=1168%2C1200&ssl=1&resize=350%2C200 1x, https:\/\/i0.wp.com\/tuzlahortum.com.tr\/wp-content\/uploads\/2019\/02\/304DP-1.jpg?fit=1168%2C1200&ssl=1&resize=525%2C300 1.5x, https:\/\/i0.wp.com\/tuzlahortum.com.tr\/wp-content\/uploads\/2019\/02\/304DP-1.jpg?fit=1168%2C1200&ssl=1&resize=700%2C400 2x, https:\/\/i0.wp.com\/tuzlahortum.com.tr\/wp-content\/uploads\/2019\/02\/304DP-1.jpg?fit=1168%2C1200&ssl=1&resize=1050%2C600 3x"},"classes":[]},{"id":806,"url":"https:\/\/tuzlahortum.com.tr\/ru\/product\/dc-tipi-paslanmaz-kamlok-316\/","url_meta":{"origin":807,"position":1},"title":"\u0422\u0438\u043f \u041a\u0430\u043c\u043b\u043e\u043a \u0414\u041a \u043d\u0435\u0440\u0436\u0430\u0432\u0435\u044e\u0449\u0438\u0439 (316)","author":"admin","date":"6 \u0444\u0435\u0432\u0440\u0430\u043b\u044f 2019","format":false,"excerpt":"DC Tipi Paslanmaz Kamlok (316)DC T\u0130P\u0130 PASLANMAZ KAMLOK\u00a0\u00a0 (DC T\u0130P\u0130) D\u0130\u015e\u0130 \u00a0MODEL KAPAK \u015eEKL\u0130 OLUP \u00a0M\u00dc\u015eTER\u0130M\u0130ZE SUNMAKTAYIZ KULLANIM ALANLARI K\u0130MYEV\u0130 MADDE AS\u0130T , SOLVENT , PETROL VB T\u00dcM K\u0130MYASALLAR \u0130\u00c7\u0130N DEM\u0130R \u00c7EL\u0130K FABR\u0130KALARINDA SICAK ORTAMLAR DA GEM\u0130 SEKT\u00d6R\u00dc DEN\u0130Z SUYU VB B\u0130R \u00c7OK AMACA UYGUN KULLANIM KOLAYLI\u011eI VE G\u00dcVEN\u0130L\u0130R EK\u0130PMAN\u2026","rel":"","context":"\u041f\u043e\u0445\u043e\u0436\u0430\u044f \u0437\u0430\u043f\u0438\u0441\u044c","block_context":{"text":"\u041f\u043e\u0445\u043e\u0436\u0430\u044f \u0437\u0430\u043f\u0438\u0441\u044c","link":""},"img":{"alt_text":"","src":"https:\/\/i0.wp.com\/tuzlahortum.com.tr\/wp-content\/uploads\/2019\/02\/316DC-1-1.jpg?fit=1200%2C1187&ssl=1&resize=350%2C200","width":350,"height":200,"srcset":"https:\/\/i0.wp.com\/tuzlahortum.com.tr\/wp-content\/uploads\/2019\/02\/316DC-1-1.jpg?fit=1200%2C1187&ssl=1&resize=350%2C200 1x, https:\/\/i0.wp.com\/tuzlahortum.com.tr\/wp-content\/uploads\/2019\/02\/316DC-1-1.jpg?fit=1200%2C1187&ssl=1&resize=525%2C300 1.5x, https:\/\/i0.wp.com\/tuzlahortum.com.tr\/wp-content\/uploads\/2019\/02\/316DC-1-1.jpg?fit=1200%2C1187&ssl=1&resize=700%2C400 2x, https:\/\/i0.wp.com\/tuzlahortum.com.tr\/wp-content\/uploads\/2019\/02\/316DC-1-1.jpg?fit=1200%2C1187&ssl=1&resize=1050%2C600 3x"},"classes":[]},{"id":706,"url":"https:\/\/tuzlahortum.com.tr\/ru\/product\/f-tipi-paslanmaz-kamlok-316\/","url_meta":{"origin":807,"position":2},"title":"\u0422\u0438\u043f \u043a\u0430\u043c\u043b\u043e\u043a \u0444 \u0438\u0437 \u043d\u0435\u0440\u0436\u0430\u0432\u0435\u044e\u0449\u0435\u0439 \u0441\u0442\u0430\u043b\u0438 (316)","author":"admin","date":"6 \u0444\u0435\u0432\u0440\u0430\u043b\u044f 2019","format":false,"excerpt":"F Tipi Paslanmaz Kamlok (316)PASLANMAZ KAMLOK \u00a0 ( F T\u0130P\u0130) DI\u015eTAN D\u0130\u015eL\u0130 OLUP GENELL\u0130KLE BSP BORU D\u0130\u015e SE\u00c7ENE\u011e\u0130YLE M\u00dc\u015eTER\u0130M\u0130ZE SUNMAKTAYIZ KULLANIM ALANLARI K\u0130MYEV\u0130 MADDE AS\u0130T , SOLVENT , PETROL VB T\u00dcM K\u0130MYASALLAR \u0130\u00c7\u0130N DEM\u0130R \u00c7EL\u0130K FABR\u0130KALARINDA SICAK ORTAMLAR DA GEM\u0130 SEKT\u00d6R\u00dc DEN\u0130Z SUYU VB B\u0130R \u00c7OK AMACA UYGUN KULLANIM KOLAYLI\u011eI\u2026","rel":"","context":"\u041f\u043e\u0445\u043e\u0436\u0430\u044f \u0437\u0430\u043f\u0438\u0441\u044c","block_context":{"text":"\u041f\u043e\u0445\u043e\u0436\u0430\u044f \u0437\u0430\u043f\u0438\u0441\u044c","link":""},"img":{"alt_text":"","src":"https:\/\/i0.wp.com\/tuzlahortum.com.tr\/wp-content\/uploads\/2019\/02\/316F-1-1.jpg?fit=1200%2C1187&ssl=1&resize=350%2C200","width":350,"height":200,"srcset":"https:\/\/i0.wp.com\/tuzlahortum.com.tr\/wp-content\/uploads\/2019\/02\/316F-1-1.jpg?fit=1200%2C1187&ssl=1&resize=350%2C200 1x, https:\/\/i0.wp.com\/tuzlahortum.com.tr\/wp-content\/uploads\/2019\/02\/316F-1-1.jpg?fit=1200%2C1187&ssl=1&resize=525%2C300 1.5x, https:\/\/i0.wp.com\/tuzlahortum.com.tr\/wp-content\/uploads\/2019\/02\/316F-1-1.jpg?fit=1200%2C1187&ssl=1&resize=700%2C400 2x, https:\/\/i0.wp.com\/tuzlahortum.com.tr\/wp-content\/uploads\/2019\/02\/316F-1-1.jpg?fit=1200%2C1187&ssl=1&resize=1050%2C600 3x"},"classes":[]},{"id":802,"url":"https:\/\/tuzlahortum.com.tr\/ru\/product\/a-tipi-paslanmaz-kamlok-316\/","url_meta":{"origin":807,"position":3},"title":"\u0422\u0438\u043f \u041a\u0430\u043c\u043b\u043e\u043a \u0438\u0437 \u043d\u0435\u0440\u0436\u0430\u0432\u0435\u044e\u0449\u0435\u0439 \u0441\u0442\u0430\u043b\u0438 (316)","author":"admin","date":"6 \u0444\u0435\u0432\u0440\u0430\u043b\u044f 2019","format":false,"excerpt":"A Tipi Paslanmaz Kamlok (316)( A T\u0130P\u0130 ) PASLANMAZ KAMLOK \u0130\u00c7TEN \u00a0D\u0130\u015eL\u0130 OLUP GENELL\u0130KLE \u00a0BSP \u00a0BORU D\u0130\u015e SE\u00c7ENE\u011e\u0130YLE M\u00dc\u015eTER\u0130M\u0130ZE SUNMAKTAYIZ KULLAN\u0131M ALANLARI K\u0130MYEV\u0130 MADDE AS\u0130T , SOLVENT , PETROL VB T\u00dcM K\u0130MYASALLAR \u0130\u00c7\u0130N DEM\u0130R \u00c7EL\u0130K FABR\u0130KALARINDA SICAK ORTAMLAR DA GEM\u0130 SEKT\u00d6R\u00dc DEN\u0130Z SUYU VB B\u0130R \u00c7OK AMACA UYGUN KULLANIM KOLAYLI\u011eI\u2026","rel":"","context":"\u041f\u043e\u0445\u043e\u0436\u0430\u044f \u0437\u0430\u043f\u0438\u0441\u044c","block_context":{"text":"\u041f\u043e\u0445\u043e\u0436\u0430\u044f \u0437\u0430\u043f\u0438\u0441\u044c","link":""},"img":{"alt_text":"","src":"https:\/\/i0.wp.com\/tuzlahortum.com.tr\/wp-content\/uploads\/2019\/02\/316A-.jpg?fit=1200%2C1187&ssl=1&resize=350%2C200","width":350,"height":200,"srcset":"https:\/\/i0.wp.com\/tuzlahortum.com.tr\/wp-content\/uploads\/2019\/02\/316A-.jpg?fit=1200%2C1187&ssl=1&resize=350%2C200 1x, https:\/\/i0.wp.com\/tuzlahortum.com.tr\/wp-content\/uploads\/2019\/02\/316A-.jpg?fit=1200%2C1187&ssl=1&resize=525%2C300 1.5x, https:\/\/i0.wp.com\/tuzlahortum.com.tr\/wp-content\/uploads\/2019\/02\/316A-.jpg?fit=1200%2C1187&ssl=1&resize=700%2C400 2x, https:\/\/i0.wp.com\/tuzlahortum.com.tr\/wp-content\/uploads\/2019\/02\/316A-.jpg?fit=1200%2C1187&ssl=1&resize=1050%2C600 3x"},"classes":[]},{"id":804,"url":"https:\/\/tuzlahortum.com.tr\/ru\/product\/c-tipi-paslanmaz-kamlok-316\/","url_meta":{"origin":807,"position":4},"title":"\u0422\u0438\u043f \u041a\u0430\u043c\u043b\u043e\u043a \u043a \u0438\u0437 \u043d\u0435\u0440\u0436\u0430\u0432\u0435\u044e\u0449\u0435\u0439 \u0441\u0442\u0430\u043b\u0438 (316)","author":"admin","date":"6 \u0444\u0435\u0432\u0440\u0430\u043b\u044f 2019","format":false,"excerpt":"C Tipi Paslanmaz Kamlok (316)C T\u0130P\u0130 PASLANMAZ KAMLOK D\u0130\u015e\u0130 \u00a0VE HORTUMA GE\u00c7ME \u00a0\u015eEKL\u0130 OLUP EKLEME MODEL\u0130 OLARAK \u00a0M\u00dc\u015eTER\u0130M\u0130ZE SUNMAKTAYIZ KULLANIM ALANLARI K\u0130MYEV\u0130 MADDE AS\u0130T , SOLVENT , PETROL VB T\u00dcM K\u0130MYASALLAR \u0130\u00c7\u0130N DEM\u0130R \u00c7EL\u0130K FABR\u0130KALARINDA SICAK ORTAMLAR DA GEM\u0130 SEKT\u00d6R\u00dc DEN\u0130Z SUYU VB B\u0130R \u00c7OK AMACA UYGUN KULLANIM KOLAYLI\u011eI VE\u2026","rel":"","context":"\u041f\u043e\u0445\u043e\u0436\u0430\u044f \u0437\u0430\u043f\u0438\u0441\u044c","block_context":{"text":"\u041f\u043e\u0445\u043e\u0436\u0430\u044f \u0437\u0430\u043f\u0438\u0441\u044c","link":""},"img":{"alt_text":"","src":"https:\/\/i0.wp.com\/tuzlahortum.com.tr\/wp-content\/uploads\/2019\/02\/316C-1.jpg?fit=1200%2C1187&ssl=1&resize=350%2C200","width":350,"height":200,"srcset":"https:\/\/i0.wp.com\/tuzlahortum.com.tr\/wp-content\/uploads\/2019\/02\/316C-1.jpg?fit=1200%2C1187&ssl=1&resize=350%2C200 1x, https:\/\/i0.wp.com\/tuzlahortum.com.tr\/wp-content\/uploads\/2019\/02\/316C-1.jpg?fit=1200%2C1187&ssl=1&resize=525%2C300 1.5x, https:\/\/i0.wp.com\/tuzlahortum.com.tr\/wp-content\/uploads\/2019\/02\/316C-1.jpg?fit=1200%2C1187&ssl=1&resize=700%2C400 2x, https:\/\/i0.wp.com\/tuzlahortum.com.tr\/wp-content\/uploads\/2019\/02\/316C-1.jpg?fit=1200%2C1187&ssl=1&resize=1050%2C600 3x"},"classes":[]},{"id":805,"url":"https:\/\/tuzlahortum.com.tr\/ru\/product\/d-tipi-paslanmaz-kamlok-316\/","url_meta":{"origin":807,"position":5},"title":"\u0422\u0438\u043f \u043a\u0430\u043c\u043b\u043e\u043a \u0434 \u0438\u0437 \u043d\u0435\u0440\u0436\u0430\u0432\u0435\u044e\u0449\u0435\u0439 \u0441\u0442\u0430\u043b\u0438 (316)","author":"admin","date":"6 \u0444\u0435\u0432\u0440\u0430\u043b\u044f 2019","format":false,"excerpt":"D Tipi Paslanmaz Kamlok (316)Paslanmaz Kamlok\u00a0( D T\u0130P\u0130) \u0130\u00c7TEN \u00a0D\u0130\u015eL\u0130 OLUP GENELL\u0130KLE \u00a0BSP \u00a0BORU D\u0130\u015e SE\u00c7ENE\u011e\u0130YLE M\u00dc\u015eTER\u0130M\u0130ZE SUNMAKTAYIZ KULLANIM ALANLARI K\u0130MYEV\u0130 MADDE AS\u0130T , SOLVENT , PETROL VB T\u00dcM K\u0130MYASALLAR \u0130\u00c7\u0130N DEM\u0130R \u00c7EL\u0130K FABR\u0130KALARINDA SICAK ORTAMLAR DA GEM\u0130 SEKT\u00d6R\u00dc DEN\u0130Z SUYU VB B\u0130R \u00c7OK AMACA UYGUN KULLANIM KOLAYLI\u011eI VE G\u00dcVEN\u0130L\u0130R\u2026","rel":"","context":"\u041f\u043e\u0445\u043e\u0436\u0430\u044f \u0437\u0430\u043f\u0438\u0441\u044c","block_context":{"text":"\u041f\u043e\u0445\u043e\u0436\u0430\u044f \u0437\u0430\u043f\u0438\u0441\u044c","link":""},"img":{"alt_text":"","src":"https:\/\/i0.wp.com\/tuzlahortum.com.tr\/wp-content\/uploads\/2019\/02\/316D-1.jpg?fit=1200%2C1187&ssl=1&resize=350%2C200","width":350,"height":200,"srcset":"https:\/\/i0.wp.com\/tuzlahortum.com.tr\/wp-content\/uploads\/2019\/02\/316D-1.jpg?fit=1200%2C1187&ssl=1&resize=350%2C200 1x, https:\/\/i0.wp.com\/tuzlahortum.com.tr\/wp-content\/uploads\/2019\/02\/316D-1.jpg?fit=1200%2C1187&ssl=1&resize=525%2C300 1.5x, https:\/\/i0.wp.com\/tuzlahortum.com.tr\/wp-content\/uploads\/2019\/02\/316D-1.jpg?fit=1200%2C1187&ssl=1&resize=700%2C400 2x, https:\/\/i0.wp.com\/tuzlahortum.com.tr\/wp-content\/uploads\/2019\/02\/316D-1.jpg?fit=1200%2C1187&ssl=1&resize=1050%2C600 3x"},"classes":[]}],"jetpack_sharing_enabled":true,"jetpack_likes_enabled":true,"_links":{"self":[{"href":"https:\/\/tuzlahortum.com.tr\/ru\/wp-json\/wp\/v2\/product\/807","targetHints":{"allow":["GET"]}}],"collection":[{"href":"https:\/\/tuzlahortum.com.tr\/ru\/wp-json\/wp\/v2\/product"}],"about":[{"href":"https:\/\/tuzlahortum.com.tr\/ru\/wp-json\/wp\/v2\/types\/product"}],"replies":[{"embeddable":true,"href":"https:\/\/tuzlahortum.com.tr\/ru\/wp-json\/wp\/v2\/comments?post=807"}],"wp:featuredmedia":[{"embeddable":true,"href":"https:\/\/tuzlahortum.com.tr\/ru\/wp-json\/wp\/v2\/media\/12679"}],"wp:attachment":[{"href":"https:\/\/tuzlahortum.com.tr\/ru\/wp-json\/wp\/v2\/media?parent=807"}],"wp:term":[{"taxonomy":"product_brand","embeddable":true,"href":"https:\/\/tuzlahortum.com.tr\/ru\/wp-json\/wp\/v2\/product_brand?post=807"},{"taxonomy":"product_cat","embeddable":true,"href":"https:\/\/tuzlahortum.com.tr\/ru\/wp-json\/wp\/v2\/product_cat?post=807"},{"taxonomy":"product_tag","embeddable":true,"href":"https:\/\/tuzlahortum.com.tr\/ru\/wp-json\/wp\/v2\/product_tag?post=807"}],"curies":[{"name":"wp","href":"https:\/\/api.w.org\/{rel}","templated":true}]}}