{"id":8063,"date":"2019-03-13T13:41:14","date_gmt":"2019-03-13T10:41:14","guid":{"rendered":"http:\/\/hortum.com.tr\/?post_type=product&#038;p=8063"},"modified":"2024-03-21T17:38:53","modified_gmt":"2024-03-21T14:38:53","slug":"nozul-lamba-kafesi","status":"publish","type":"product","link":"https:\/\/tuzlahortum.com.tr\/ru\/product\/nozul-lamba-kafesi\/","title":{"rendered":"\u0421\u043e\u043f\u043b\u043e \u041b\u0430\u043c\u043f\u0430 \u041a\u043b\u0435\u0442\u043a\u0430"},"content":{"rendered":"<h2>\u0421\u043e\u043f\u043b\u043e \u041b\u0430\u043c\u043f\u0430 \u041a\u043b\u0435\u0442\u043a\u0430<\/h2>","protected":false},"excerpt":{"rendered":"<p>\u0421\u043e\u043f\u043b\u043e \u041b\u0430\u043c\u043f\u0430 \u041a\u043b\u0435\u0442\u043a\u0430<\/p>","protected":false},"featured_media":8065,"comment_status":"open","ping_status":"closed","template":"","meta":{"jetpack_post_was_ever_published":false},"product_brand":[],"product_cat":[76],"product_tag":[2148,911,2150,924,2147,2149],"class_list":{"0":"post-8063","1":"product","2":"type-product","3":"status-publish","4":"has-post-thumbnail","6":"product_cat-kumlama-ekipmanlari","7":"product_tag-kafes","8":"product_tag-kumlama","9":"product_tag-lamba-kafesi","10":"product_tag-nozul","11":"product_tag-nozul-kafesi","12":"product_tag-nozul-lamba-kafesi","14":"first","15":"instock","16":"taxable","17":"shipping-taxable","18":"product-type-simple"},"jetpack-related-posts":[{"id":974,"url":"https:\/\/tuzlahortum.com.tr\/ru\/product\/yangin-jet-nozulu\/","url_meta":{"origin":8063,"position":0},"title":"\u041e\u0433\u043d\u0435\u0441\u0442\u0440\u0443\u0439\u043d\u043e\u0435 \u0441\u043e\u043f\u043b\u043e","author":"admin","date":"7 \u0444\u0435\u0432\u0440\u0430\u043b\u044f 2019","format":false,"excerpt":"\u041e\u0433\u043d\u0435\u0441\u0442\u0440\u0443\u0439\u043d\u043e\u0435 \u0441\u043e\u043f\u043b\u043e","rel":"","context":"\u041f\u043e\u0445\u043e\u0436\u0430\u044f \u0437\u0430\u043f\u0438\u0441\u044c","block_context":{"text":"\u041f\u043e\u0445\u043e\u0436\u0430\u044f \u0437\u0430\u043f\u0438\u0441\u044c","link":""},"img":{"alt_text":"","src":"https:\/\/i0.wp.com\/tuzlahortum.com.tr\/wp-content\/uploads\/2019\/02\/Yang%C4%B1n-Jet-Nozulu.jpg?fit=300%2C300&ssl=1&resize=350%2C200","width":350,"height":200},"classes":[]},{"id":9251,"url":"https:\/\/tuzlahortum.com.tr\/ru\/product\/kumlama-nozulu-gomme-kopya\/","url_meta":{"origin":8063,"position":1},"title":"\u0421\u043e\u043f\u043b\u043e \u0434\u043b\u044f \u043f\u0435\u0441\u043a\u043e\u0441\u0442\u0440\u0443\u0439\u043d\u043e\u0439 \u043e\u0431\u0440\u0430\u0431\u043e\u0442\u043a\u0438 \u2013 \u0443\u0442\u043e\u043f\u043b\u0435\u043d\u043d\u043e\u0435 (Kennametal)","author":"\u0130smail \u00c7elik","date":"21 \u044f\u043d\u0432\u0430\u0440\u044f 2020","format":false,"excerpt":"\u0421\u043e\u043f\u043b\u043e \u0434\u043b\u044f \u043f\u0435\u0441\u043a\u043e\u0441\u0442\u0440\u0443\u0439\u043d\u043e\u0439 \u043e\u0431\u0440\u0430\u0431\u043e\u0442\u043a\u0438 \u2013 \u0443\u0442\u043e\u043f\u043b\u0435\u043d\u043d\u043e\u0435 (Kennametal)","rel":"","context":"\u041f\u043e\u0445\u043e\u0436\u0430\u044f \u0437\u0430\u043f\u0438\u0441\u044c","block_context":{"text":"\u041f\u043e\u0445\u043e\u0436\u0430\u044f \u0437\u0430\u043f\u0438\u0441\u044c","link":""},"img":{"alt_text":"","src":"https:\/\/i0.wp.com\/tuzlahortum.com.tr\/wp-content\/uploads\/2020\/01\/Kennametal-Nozul-5.jpeg?fit=900%2C1200&ssl=1&resize=350%2C200","width":350,"height":200,"srcset":"https:\/\/i0.wp.com\/tuzlahortum.com.tr\/wp-content\/uploads\/2020\/01\/Kennametal-Nozul-5.jpeg?fit=900%2C1200&ssl=1&resize=350%2C200 1x, https:\/\/i0.wp.com\/tuzlahortum.com.tr\/wp-content\/uploads\/2020\/01\/Kennametal-Nozul-5.jpeg?fit=900%2C1200&ssl=1&resize=525%2C300 1.5x, https:\/\/i0.wp.com\/tuzlahortum.com.tr\/wp-content\/uploads\/2020\/01\/Kennametal-Nozul-5.jpeg?fit=900%2C1200&ssl=1&resize=700%2C400 2x"},"classes":[]},{"id":973,"url":"https:\/\/tuzlahortum.com.tr\/ru\/product\/plastik-sis-nozulu\/","url_meta":{"origin":8063,"position":2},"title":"\u041f\u043b\u0430\u0441\u0442\u0438\u043a\u043e\u0432\u0430\u044f \u043f\u0440\u043e\u0442\u0438\u0432\u043e\u0442\u0443\u043c\u0430\u043d\u043d\u0430\u044f \u043d\u0430\u0441\u0430\u0434\u043a\u0430 (\u0441 \u0436\u0435\u043b\u0442\u043e\u0439 \u043f\u043b\u0430\u0441\u0442\u0438\u043d\u043a\u043e\u0439)","author":"admin","date":"7 \u0444\u0435\u0432\u0440\u0430\u043b\u044f 2019","format":false,"excerpt":"\u041f\u043b\u0430\u0441\u0442\u0438\u043a\u043e\u0432\u0430\u044f \u043f\u0440\u043e\u0442\u0438\u0432\u043e\u0442\u0443\u043c\u0430\u043d\u043d\u0430\u044f \u043d\u0430\u0441\u0430\u0434\u043a\u0430 (\u0441 \u0436\u0435\u043b\u0442\u043e\u0439 \u043f\u043b\u0430\u0441\u0442\u0438\u043d\u043a\u043e\u0439)","rel":"","context":"\u041f\u043e\u0445\u043e\u0436\u0430\u044f \u0437\u0430\u043f\u0438\u0441\u044c","block_context":{"text":"\u041f\u043e\u0445\u043e\u0436\u0430\u044f \u0437\u0430\u043f\u0438\u0441\u044c","link":""},"img":{"alt_text":"","src":"https:\/\/i0.wp.com\/tuzlahortum.com.tr\/wp-content\/uploads\/2019\/02\/Plastik-Sis-Nozulu.jpg?fit=300%2C300&ssl=1&resize=350%2C200","width":350,"height":200},"classes":[]},{"id":768,"url":"https:\/\/tuzlahortum.com.tr\/ru\/product\/kumlama-nozulu-boron-carbide\/","url_meta":{"origin":8063,"position":3},"title":"\u0421\u043e\u043f\u043b\u043e \u0434\u043b\u044f \u043f\u0435\u0441\u043a\u043e\u0441\u0442\u0440\u0443\u0439\u043d\u043e\u0439 \u043e\u0431\u0440\u0430\u0431\u043e\u0442\u043a\u0438 (\u043a\u0430\u0440\u0431\u0438\u0434 \u0431\u043e\u0440\u0430)","author":"admin","date":"6 \u0444\u0435\u0432\u0440\u0430\u043b\u044f 2019","format":false,"excerpt":"Kumlama Nozulu (Boron Carbide)\u00a0Boron carbide \u00f6zelli\u011fine sahip 1000 saat \u00e7al\u0131\u015fma kapasiteli kumlama nozuludur. 6,5mm den 12,5mm delik \u00e7aplar\u0131na kadar kullan\u0131m alan\u0131n\u0131za g\u00f6re tercih edebilirsiniz. 130mm uzunlu\u011fundad\u0131r.","rel":"","context":"\u041f\u043e\u0445\u043e\u0436\u0430\u044f \u0437\u0430\u043f\u0438\u0441\u044c","block_context":{"text":"\u041f\u043e\u0445\u043e\u0436\u0430\u044f \u0437\u0430\u043f\u0438\u0441\u044c","link":""},"img":{"alt_text":"","src":"https:\/\/i0.wp.com\/tuzlahortum.com.tr\/wp-content\/uploads\/urunler\/Kumlama\/kumlama_nozulu.jpg?fit=380%2C298&ssl=1&resize=350%2C200","width":350,"height":200},"classes":[]},{"id":9054,"url":"https:\/\/tuzlahortum.com.tr\/ru\/product\/kumlama-nozulu-performer-nozul-1000\/","url_meta":{"origin":8063,"position":4},"title":"\u0421\u043e\u043f\u043b\u043e \u0434\u043b\u044f \u043f\u0435\u0441\u043a\u043e\u0441\u0442\u0440\u0443\u0439\u043d\u043e\u0439 \u043e\u0431\u0440\u0430\u0431\u043e\u0442\u043a\u0438 \u2013 Performer Nozzle 1000","author":"\u0130smail \u00c7elik","date":"9 \u0430\u043f\u0440\u0435\u043b\u044f 2019","format":false,"excerpt":"Kumlama Nozulu - Performer Nozul 1000Performer, y\u00fcksek performansl\u0131 geli\u015fmi\u015f bir modeldir. Y\u00fcksek a\u015f\u0131nmaya dayan\u0131kl\u0131 g\u00f6mlek ve sa\u011flam, hafif poli\u00fcretan k\u0131l\u0131f ile donat\u0131lm\u0131\u015ft\u0131r. Contracor Performer\u00a0kumlama nozul serisi ile al\u00fcminyum oksit, silikon karb\u00fcr, \u00e7elik grit veya y\u00fcksek derecede a\u015f\u0131nd\u0131r\u0131c\u0131 kumlama i\u00e7in uygundur. Be\u015f farkl\u0131 boyutta mevcuttur. Bas\u0131n\u00e7l\u0131 hava kayna\u011f\u0131n\u0131 ayarlamak ve kum\u2026","rel":"","context":"\u041f\u043e\u0445\u043e\u0436\u0430\u044f \u0437\u0430\u043f\u0438\u0441\u044c","block_context":{"text":"\u041f\u043e\u0445\u043e\u0436\u0430\u044f \u0437\u0430\u043f\u0438\u0441\u044c","link":""},"img":{"alt_text":"","src":"https:\/\/i0.wp.com\/tuzlahortum.com.tr\/wp-content\/uploads\/2019\/04\/performer-1000.png?fit=650%2C325&ssl=1&resize=350%2C200","width":350,"height":200,"srcset":"https:\/\/i0.wp.com\/tuzlahortum.com.tr\/wp-content\/uploads\/2019\/04\/performer-1000.png?fit=650%2C325&ssl=1&resize=350%2C200 1x, https:\/\/i0.wp.com\/tuzlahortum.com.tr\/wp-content\/uploads\/2019\/04\/performer-1000.png?fit=650%2C325&ssl=1&resize=525%2C300 1.5x"},"classes":[]},{"id":9042,"url":"https:\/\/tuzlahortum.com.tr\/ru\/product\/kumlama-nozulu-performer-nozul-400\/","url_meta":{"origin":8063,"position":5},"title":"\u0421\u043e\u043f\u043b\u043e \u0434\u043b\u044f \u043f\u0435\u0441\u043a\u043e\u0441\u0442\u0440\u0443\u0439\u043d\u043e\u0439 \u043e\u0431\u0440\u0430\u0431\u043e\u0442\u043a\u0438 \u2013 Performer Nozzle 400","author":"\u0130smail \u00c7elik","date":"9 \u0430\u043f\u0440\u0435\u043b\u044f 2019","format":false,"excerpt":"Kumlama Nozulu - Performer Nozul 400Performer, y\u00fcksek performansl\u0131 geli\u015fmi\u015f bir modeldir. Y\u00fcksek a\u015f\u0131nmaya dayan\u0131kl\u0131 g\u00f6mlek ve sa\u011flam, hafif poli\u00fcretan k\u0131l\u0131f ile donat\u0131lm\u0131\u015ft\u0131r. Contracor Performer\u00a0kumlama nozul serisi ile al\u00fcminyum oksit, silikon karb\u00fcr, \u00e7elik grit veya y\u00fcksek derecede a\u015f\u0131nd\u0131r\u0131c\u0131 kumlama i\u00e7in uygundur. Be\u015f farkl\u0131 boyutta mevcuttur. Bas\u0131n\u00e7l\u0131 hava kayna\u011f\u0131n\u0131 ayarlamak ve kum\u2026","rel":"","context":"\u041f\u043e\u0445\u043e\u0436\u0430\u044f \u0437\u0430\u043f\u0438\u0441\u044c","block_context":{"text":"\u041f\u043e\u0445\u043e\u0436\u0430\u044f \u0437\u0430\u043f\u0438\u0441\u044c","link":""},"img":{"alt_text":"","src":"https:\/\/i0.wp.com\/tuzlahortum.com.tr\/wp-content\/uploads\/2019\/04\/performer-400.png?fit=650%2C323&ssl=1&resize=350%2C200","width":350,"height":200,"srcset":"https:\/\/i0.wp.com\/tuzlahortum.com.tr\/wp-content\/uploads\/2019\/04\/performer-400.png?fit=650%2C323&ssl=1&resize=350%2C200 1x, https:\/\/i0.wp.com\/tuzlahortum.com.tr\/wp-content\/uploads\/2019\/04\/performer-400.png?fit=650%2C323&ssl=1&resize=525%2C300 1.5x"},"classes":[]}],"jetpack_sharing_enabled":true,"jetpack_likes_enabled":true,"_links":{"self":[{"href":"https:\/\/tuzlahortum.com.tr\/ru\/wp-json\/wp\/v2\/product\/8063","targetHints":{"allow":["GET"]}}],"collection":[{"href":"https:\/\/tuzlahortum.com.tr\/ru\/wp-json\/wp\/v2\/product"}],"about":[{"href":"https:\/\/tuzlahortum.com.tr\/ru\/wp-json\/wp\/v2\/types\/product"}],"replies":[{"embeddable":true,"href":"https:\/\/tuzlahortum.com.tr\/ru\/wp-json\/wp\/v2\/comments?post=8063"}],"wp:featuredmedia":[{"embeddable":true,"href":"https:\/\/tuzlahortum.com.tr\/ru\/wp-json\/wp\/v2\/media\/8065"}],"wp:attachment":[{"href":"https:\/\/tuzlahortum.com.tr\/ru\/wp-json\/wp\/v2\/media?parent=8063"}],"wp:term":[{"taxonomy":"product_brand","embeddable":true,"href":"https:\/\/tuzlahortum.com.tr\/ru\/wp-json\/wp\/v2\/product_brand?post=8063"},{"taxonomy":"product_cat","embeddable":true,"href":"https:\/\/tuzlahortum.com.tr\/ru\/wp-json\/wp\/v2\/product_cat?post=8063"},{"taxonomy":"product_tag","embeddable":true,"href":"https:\/\/tuzlahortum.com.tr\/ru\/wp-json\/wp\/v2\/product_tag?post=8063"}],"curies":[{"name":"wp","href":"https:\/\/api.w.org\/{rel}","templated":true}]}}