{"id":806,"date":"2019-02-06T23:54:06","date_gmt":"2019-02-06T20:54:06","guid":{"rendered":"http:\/\/hortum.com.tr\/product\/import-placeholder-for-189\/"},"modified":"2024-03-21T17:42:14","modified_gmt":"2024-03-21T14:42:14","slug":"dc-tipi-paslanmaz-kamlok-316","status":"publish","type":"product","link":"https:\/\/tuzlahortum.com.tr\/ru\/product\/dc-tipi-paslanmaz-kamlok-316\/","title":{"rendered":"\u0422\u0438\u043f \u041a\u0430\u043c\u043b\u043e\u043a \u0414\u041a \u043d\u0435\u0440\u0436\u0430\u0432\u0435\u044e\u0449\u0438\u0439 (316)"},"content":{"rendered":"<h2>\u0422\u0438\u043f \u041a\u0430\u043c\u043b\u043e\u043a \u0414\u041a \u043d\u0435\u0440\u0436\u0430\u0432\u0435\u044e\u0449\u0438\u0439 (316)<\/h2>\n<h6>\u0422\u0418\u041f DC \u2014 \u041d\u0415\u0420\u0416\u0410\u0412\u0415\u042e\u0429\u0418\u0419 \u041a\u0410\u041c\u041b\u041e\u041a (\u0422\u0418\u041f DC), \u0424\u041e\u0420\u041c\u0410 \u041a\u0420\u042b\u0428\u041a\u0418 \u041c\u041e\u0414\u0415\u041b\u042c \u00ab\u0416\u0415\u041d\u0421\u041a\u0410\u042f\u00bb, \u0418 \u041c\u042b \u041f\u0420\u0415\u0414\u041b\u0410\u0413\u0410\u0415\u041c \u0415\u0415 \u041d\u0410\u0428\u0418\u041c \u041a\u041b\u0418\u0415\u041d\u0422\u0410\u041c.<\/h6>\n<h6>\u041e\u0411\u041b\u0410\u0421\u0422\u0418 \u0418\u0421\u041f\u041e\u041b\u042c\u0417\u041e\u0412\u0410\u041d\u0418\u042f<\/h6>\n<ul>\n<li>\n<h6>\u0414\u041b\u042f \u0412\u0421\u0415\u0425 \u0425\u0418\u041c\u0418\u041a\u0410\u0422\u041e\u0412 \u0418 \u0422.\u041f. \u041a\u0418\u0421\u041b\u041e\u0422, \u0420\u0410\u0421\u0422\u0412\u041e\u0420\u0418\u0422\u0415\u041b\u0415\u0419, \u041c\u0410\u0421\u041b\u0410 \u0418 \u0422.\u041f.<\/h6>\n<\/li>\n<li>\n<h6>\u041d\u0410 \u041c\u0415\u0422\u0410\u041b\u041b\u0423\u0420\u0413\u0418\u0427\u0415\u0421\u041a\u0418\u0425 \u0417\u0410\u0412\u041e\u0414\u0410\u0425<\/h6>\n<\/li>\n<li>\n<h6>\u0422\u0410\u041a\u0416\u0415 \u0412 \u0416\u0410\u0420\u041a\u0418\u0425 \u0421\u0420\u0415\u0414\u0410\u0425<\/h6>\n<\/li>\n<li>\n<h6>\u0421\u0423\u0414\u041e\u0412\u041e\u0419 \u0421\u0415\u041a\u0422\u041e\u0420 \u041c\u041e\u0420\u0421\u041a\u0410\u042f \u0412\u041e\u0414\u0410<\/h6>\n<\/li>\n<\/ul>\n<h6>\u0418 \u0422.\u0414. \u042f\u0412\u041b\u042f\u042e\u0422\u0421\u042f \u041e\u0414\u041d\u0418\u041c \u0421\u0410\u041c\u042b\u041c \u041f\u0420\u0415\u0414\u041f\u041e\u0427\u0422\u0418\u0422\u0415\u041b\u042c\u041d\u042b\u041c\u0418 \u0421\u041e\u0415\u0414\u0418\u041d\u0418\u0422\u0415\u041b\u042c\u041d\u042b\u041c\u0418 \u0427\u0410\u0421\u0422\u042f\u041c\u0418 \u0411\u041b\u0410\u0413\u041e\u0414\u0410\u0420\u042f \u041f\u0420\u041e\u0421\u0422\u041e\u0422\u0415 \u0418\u0421\u041f\u041e\u041b\u042c\u0417\u041e\u0412\u0410\u041d\u0418\u042f \u0418 \u041d\u0410\u0414\u0415\u0416\u041d\u041e\u0421\u0422\u0418 \u041e\u0411\u041e\u0420\u0423\u0414\u041e\u0412\u0410\u041d\u0418\u042f, \u041f\u041e\u0414\u0425\u041e\u0414\u042f\u0429\u0415\u0413\u041e \u0414\u041b\u042f \u041c\u041d\u041e\u0413\u0418\u0425 \u0426\u0415\u041b\u0415\u0419.<\/h6>\n<p style=\"text-align: center;\">\n    <a href=\"https:\/\/www.flow-hose.com.tr\/technical-info\/2-2\/kamloklar\" target=\"_blank\" class=\"button\" style=\"margin-top:12px;\" rel=\"noopener\">\u041d\u0430\u0436\u043c\u0438\u0442\u0435, \u0447\u0442\u043e\u0431\u044b \u043f\u0440\u043e\u0441\u043c\u043e\u0442\u0440\u0435\u0442\u044c \u0440\u0443\u043a\u043e\u0432\u043e\u0434\u0441\u0442\u0432\u043e \u043f\u043e \u041a\u0430\u043c\u043b\u043e\u043a\u0443<\/a>\n<\/p>\n<p><iframe loading=\"lazy\" title=\"\u0422\u0438\u043f\u044b \u043a\u0430\u043c\u043b\u043e\u043a\u043e\u0432, \u043e\u0431\u043b\u0430\u0441\u0442\u0438 \u043f\u0440\u0438\u043c\u0435\u043d\u0435\u043d\u0438\u044f, \u0437\u0430\u043f\u0430\u0441\u043d\u044b\u0435 \u0447\u0430\u0441\u0442\u0438\" width=\"1020\" height=\"574\" src=\"https:\/\/www.youtube.com\/embed\/O8ZlzKEjfEQ?feature=oembed\" frameborder=\"0\" allow=\"accelerometer; autoplay; clipboard-write; encrypted-media; gyroscope; picture-in-picture; web-share\" referrerpolicy=\"strict-origin-when-cross-origin\" allowfullscreen><\/iframe><\/p>","protected":false},"excerpt":{"rendered":"<p>DC Tipi Paslanmaz Kamlok (316) DC T\u0130P\u0130 PASLANMAZ KAMLOK\u00a0\u00a0 (DC T\u0130P\u0130) D\u0130\u015e\u0130 \u00a0MODEL KAPAK \u015eEKL\u0130 OLUP \u00a0M\u00dc\u015eTER\u0130M\u0130ZE SUNMAKTAYIZ KULLANIM ALANLARI K\u0130MYEV\u0130 MADDE AS\u0130T , SOLVENT , PETROL VB T\u00dcM K\u0130MYASALLAR \u0130\u00c7\u0130N DEM\u0130R \u00c7EL\u0130K FABR\u0130KALARINDA SICAK ORTAMLAR DA GEM\u0130 SEKT\u00d6R\u00dc DEN\u0130Z SUYU VB B\u0130R \u00c7OK AMACA UYGUN KULLANIM KOLAYLI\u011eI VE G\u00dcVEN\u0130L\u0130R EK\u0130PMAN OLMASI EN \u00c7OK TERC\u0130H [&#8230;]\n","protected":false},"featured_media":12680,"comment_status":"open","ping_status":"closed","template":"","meta":{"jetpack_post_was_ever_published":false},"product_brand":[],"product_cat":[1015],"product_tag":[271,751,278,270,269,277,666,1081,274,276,275],"class_list":{"0":"post-806","1":"product","2":"type-product","3":"status-publish","4":"has-post-thumbnail","6":"product_cat-paslanmaz-kamloklar","7":"product_tag-baglanti-elemani","8":"product_tag-dc-tipi","9":"product_tag-hizli-baglanti","10":"product_tag-hortum-baglantisi","11":"product_tag-kamlok","12":"product_tag-kolay-baglanti","13":"product_tag-paslanmaz","14":"product_tag-polyamid","15":"product_tag-sok","16":"product_tag-sok-tak","17":"product_tag-tak","19":"first","20":"instock","21":"taxable","22":"shipping-taxable","23":"product-type-variable"},"jetpack-related-posts":[],"jetpack_sharing_enabled":true,"jetpack_likes_enabled":true,"_links":{"self":[{"href":"https:\/\/tuzlahortum.com.tr\/ru\/wp-json\/wp\/v2\/product\/806","targetHints":{"allow":["GET"]}}],"collection":[{"href":"https:\/\/tuzlahortum.com.tr\/ru\/wp-json\/wp\/v2\/product"}],"about":[{"href":"https:\/\/tuzlahortum.com.tr\/ru\/wp-json\/wp\/v2\/types\/product"}],"replies":[{"embeddable":true,"href":"https:\/\/tuzlahortum.com.tr\/ru\/wp-json\/wp\/v2\/comments?post=806"}],"wp:featuredmedia":[{"embeddable":true,"href":"https:\/\/tuzlahortum.com.tr\/ru\/wp-json\/wp\/v2\/media\/12680"}],"wp:attachment":[{"href":"https:\/\/tuzlahortum.com.tr\/ru\/wp-json\/wp\/v2\/media?parent=806"}],"wp:term":[{"taxonomy":"product_brand","embeddable":true,"href":"https:\/\/tuzlahortum.com.tr\/ru\/wp-json\/wp\/v2\/product_brand?post=806"},{"taxonomy":"product_cat","embeddable":true,"href":"https:\/\/tuzlahortum.com.tr\/ru\/wp-json\/wp\/v2\/product_cat?post=806"},{"taxonomy":"product_tag","embeddable":true,"href":"https:\/\/tuzlahortum.com.tr\/ru\/wp-json\/wp\/v2\/product_tag?post=806"}],"curies":[{"name":"wp","href":"https:\/\/api.w.org\/{rel}","templated":true}]}}