{"id":801,"date":"2019-02-06T23:54:04","date_gmt":"2019-02-06T20:54:04","guid":{"rendered":"http:\/\/hortum.com.tr\/product\/import-placeholder-for-271\/"},"modified":"2024-03-21T17:42:18","modified_gmt":"2024-03-21T14:42:18","slug":"paslanmaz-flex-hortum","status":"publish","type":"product","link":"https:\/\/tuzlahortum.com.tr\/ru\/product\/paslanmaz-flex-hortum\/","title":{"rendered":"\u0413\u0438\u0431\u043a\u0438\u0439 \u0448\u043b\u0430\u043d\u0433 \u0438\u0437 \u043d\u0435\u0440\u0436\u0430\u0432\u0435\u044e\u0449\u0435\u0439 \u0441\u0442\u0430\u043b\u0438"},"content":{"rendered":"<h2>\u0413\u0438\u0431\u043a\u0438\u0439 \u0448\u043b\u0430\u043d\u0433 \u0438\u0437 \u043d\u0435\u0440\u0436\u0430\u0432\u0435\u044e\u0449\u0435\u0439 \u0441\u0442\u0430\u043b\u0438<\/h2>\n<p><strong>\u041f\u041e \u0421\u041f\u0415\u0426\u0418\u0410\u041b\u042c\u041d\u042b\u041c \u0417\u0410\u041a\u0410\u0417\u0410\u041c \u0418\u0417\u0413\u041e\u0422\u041e\u0412\u041b\u042f\u042e\u0422\u0421\u042f \u041a\u0410\u0422\u0423\u0428\u041a\u0418 \u0418 \u0424\u041b\u0410\u041d\u0426\u042b \u041d\u0410 \u041a\u041e\u041d\u0426\u0410\u0425 \u0428\u041b\u0410\u041d\u0413\u041e\u0412.<\/strong><\/p>\n<p>1. \u0421\u0438\u043b\u044c\u0444\u043e\u043d\u044b \u0448\u043b\u0430\u043d\u0433\u0430: AISI 304, \u043f\u0440\u043e\u0432\u043e\u043b\u043e\u0447\u043d\u0430\u044f \u043e\u043f\u043b\u0435\u0442\u043a\u0430 \u0438\u0437 \u043d\u0435\u0440\u0436\u0430\u0432\u0435\u044e\u0449\u0435\u0439 \u0441\u0442\u0430\u043b\u0438 AISI 304.<\/p>\n<p>2. \u0414\u0438\u0430\u043f\u0430\u0437\u043e\u043d \u0442\u0435\u043c\u043f\u0435\u0440\u0430\u0442\u0443\u0440: \u043e\u0442 -250\u00b0C \u0434\u043e +500\u00b0C.<\/p>\n<p>3. \u0412\u044b\u0441\u043e\u043a\u0430\u044f \u0444\u0438\u0437\u0438\u0447\u0435\u0441\u043a\u0430\u044f \u043f\u0440\u043e\u0447\u043d\u043e\u0441\u0442\u044c \u0438 \u043b\u0435\u0433\u043a\u0438\u0439 \u0432\u0435\u0441.<\/p>\n<p>4. \u0410\u043d\u0442\u0438\u043a\u043e\u0440\u0440\u043e\u0437\u0438\u0439\u043d\u0430\u044f \u0437\u0430\u0449\u0438\u0442\u0430<\/p>\n<p>5. \u0423\u0441\u0442\u043e\u0439\u0447\u0438\u0432 \u043a \u043e\u0433\u043d\u044e, \u0432\u043b\u0430\u0433\u0435, \u0438\u0441\u0442\u0438\u0440\u0430\u043d\u0438\u044e \u0438 \u043f\u0440\u043e\u043d\u0438\u043a\u0430\u044e\u0449\u0435\u0439 \u0436\u0438\u0434\u043a\u043e\u0441\u0442\u0438.<\/p>\n<p>6. \u041d\u0430\u0441\u043e\u0441, \u043a\u043e\u043c\u043f\u0440\u0435\u0441\u0441\u043e\u0440, \u0434\u0432\u0438\u0433\u0430\u0442\u0435\u043b\u044c \u0438 \u0442. \u0434. \u041f\u043e\u0433\u043b\u043e\u0449\u0430\u0435\u0442 \u0437\u0432\u0443\u043a\u0438 \u0438 \u0432\u0438\u0431\u0440\u0430\u0446\u0438\u0438 \u043c\u0430\u0448\u0438\u043d\u044b.<\/p>\n<p>7. \u0421\u0442\u0430\u0431\u0438\u043b\u0438\u0437\u0438\u0440\u0443\u0435\u0442 \u043f\u043e\u0441\u0442\u043e\u044f\u043d\u043d\u044b\u0435 \u0438\u043b\u0438 \u043f\u0440\u0435\u0440\u044b\u0432\u0438\u0441\u0442\u044b\u0435 \u0434\u0432\u0438\u0436\u0435\u043d\u0438\u044f. .<\/p>\n<p>8. \u0423\u0440\u0430\u0432\u043d\u043e\u0432\u0435\u0448\u0438\u0432\u0430\u0435\u0442 \u0443\u0441\u043b\u043e\u0432\u0438\u044f \u0442\u0435\u043f\u043b\u043e\u0432\u043e\u0433\u043e \u0440\u0430\u0441\u0448\u0438\u0440\u0435\u043d\u0438\u044f \u0438\u043b\u0438 \u0441\u0436\u0430\u0442\u0438\u044f \u0442\u0440\u0443\u0431.<\/p>\n<p>9. \u041e\u0431\u0435\u0441\u043f\u0435\u0447\u0438\u0432\u0430\u0435\u0442 \u0431\u044b\u0441\u0442\u0440\u043e\u0435 \u0438 \u0433\u0438\u0431\u043a\u043e\u0435 \u0440\u0435\u0448\u0435\u043d\u0438\u0435 \u0432 \u043c\u0435\u0441\u0442\u0430\u0445, \u0433\u0434\u0435 \u043f\u0440\u043e\u043a\u043b\u0430\u0434\u043a\u0430 \u0436\u0435\u0441\u0442\u043a\u0438\u0445 \u0442\u0440\u0443\u0431 \u0437\u0430\u0442\u0440\u0443\u0434\u043d\u0435\u043d\u0430.<\/p>\n<p>10. \u041c\u043e\u043d\u0442\u0430\u0436: \u0441 \u043f\u043e\u0432\u043e\u0440\u043e\u0442\u043d\u044b\u043c \u0444\u043b\u0430\u043d\u0446\u0435\u043c, \u0444\u0438\u043a\u0441\u0438\u0440\u043e\u0432\u0430\u043d\u043d\u044b\u043c \u0444\u043b\u0430\u043d\u0446\u0435\u043c, \u043f\u0440\u0438\u0432\u0430\u0440\u043d\u043e\u0439 \u0448\u0435\u0439\u043a\u043e\u0439, \u043d\u0438\u043f\u043f\u0435\u043b\u0435\u043c \u0438\u043b\u0438 \u043c\u0443\u0444\u0442\u043e\u0439. \u0412 \u043f\u0440\u043e\u0446\u0435\u0441\u0441\u0435 \u0441\u043e\u0435\u0434\u0438\u043d\u0435\u043d\u0438\u044f \u043e\u043f\u0446\u0438\u043e\u043d\u0430\u043b\u044c\u043d\u043e \u0432\u044b\u043f\u043e\u043b\u043d\u044f\u0435\u0442\u0441\u044f \u0436\u0435\u043b\u0442\u0430\u044f \u0438 \u0430\u0440\u0433\u043e\u043d\u043e\u0432\u0430\u044f \u0441\u0432\u0430\u0440\u043a\u0430.<\/p>\n<p><strong>\u041e\u0411\u041b\u0410\u0421\u0422\u0418 \u0418\u0421\u041f\u041e\u041b\u042c\u0417\u041e\u0412\u0410\u041d\u0418\u042f<\/strong><\/p>\n<p>\u041d\u0430 \u043d\u0435\u0444\u0442\u0435\u043f\u0435\u0440\u0435\u0440\u0430\u0431\u0430\u0442\u044b\u0432\u0430\u044e\u0449\u0438\u0445 \u0437\u0430\u0432\u043e\u0434\u0430\u0445, \u044d\u043d\u0435\u0440\u0433\u0435\u0442\u0438\u0447\u0435\u0441\u043a\u0438\u0445 \u043e\u0431\u044a\u0435\u043a\u0442\u0430\u0445, \u0441\u0442\u0430\u043b\u0435\u043b\u0438\u0442\u0435\u0439\u043d\u044b\u0445 \u043f\u0440\u0435\u0434\u043f\u0440\u0438\u044f\u0442\u0438\u044f\u0445, \u0430\u0442\u043e\u043c\u043d\u044b\u0445 \u044d\u043b\u0435\u043a\u0442\u0440\u043e\u0441\u0442\u0430\u043d\u0446\u0438\u044f\u0445, \u0444\u0430\u0440\u043c\u0430\u0446\u0435\u0432\u0442\u0438\u0447\u0435\u0441\u043a\u043e\u0439 \u043f\u0440\u043e\u043c\u044b\u0448\u043b\u0435\u043d\u043d\u043e\u0441\u0442\u0438, \u0445\u0438\u043c\u0438\u0447\u0435\u0441\u043a\u043e\u0439 \u043f\u0440\u043e\u043c\u044b\u0448\u043b\u0435\u043d\u043d\u043e\u0441\u0442\u0438, \u043a\u043e\u0442\u043b\u0430\u0445, \u043d\u0430\u043f\u043e\u043b\u044c\u043d\u044b\u0445 \u043f\u043e\u043a\u0440\u044b\u0442\u0438\u044f\u0445, \u043d\u0435\u0444\u0442\u044f\u043d\u044b\u0445 \u0441\u0438\u0441\u0442\u0435\u043c\u0430\u0445, \u0430\u0432\u0442\u043e\u043c\u043e\u0431\u0438\u043b\u044c\u043d\u043e\u0439 \u043f\u0440\u043e\u043c\u044b\u0448\u043b\u0435\u043d\u043d\u043e\u0441\u0442\u0438, \u043f\u0430\u0440\u043e\u0432\u044b\u0445, \u0433\u043e\u0440\u044f\u0447\u0438\u0445 \u0438 \u043f\u043d\u0435\u0432\u043c\u0430\u0442\u0438\u0447\u0435\u0441\u043a\u0438\u0445 \u0441\u0438\u0441\u0442\u0435\u043c\u0430\u0445, \u0432\u0430\u043a\u0443\u0443\u043c\u043d\u044b\u0445 \u0441\u0438\u0441\u0442\u0435\u043c\u0430\u0445, \u043e\u0431\u043e\u0440\u043e\u043d\u043d\u043e\u0439 \u043f\u0440\u043e\u043c\u044b\u0448\u043b\u0435\u043d\u043d\u043e\u0441\u0442\u0438.<\/p>\n<p><img data-recalc-dims=\"1\" height=\"100\" width=\"100\" decoding=\"async\" src=\"https:\/\/i0.wp.com\/tuzlahortum.com.tr\/image\/cache\/data\/urunler\/FLAN%C5%9ELI%20PASLANMAZ%20HORTUM.-100x100.jpg?resize=100%2C100\" alt=\"\" title=\"\"><img data-recalc-dims=\"1\" height=\"100\" width=\"100\" decoding=\"async\" src=\"https:\/\/i0.wp.com\/tuzlahortum.com.tr\/image\/cache\/data\/urunler\/FLAN%C5%9ELI%20PASLANMAZ%20HORT.2.-100x100.jpg?resize=100%2C100\" alt=\"\" title=\"\"><img data-recalc-dims=\"1\" height=\"100\" width=\"100\" decoding=\"async\" src=\"https:\/\/i0.wp.com\/tuzlahortum.com.tr\/image\/cache\/data\/urunler\/paslanmaz_flex_hortum-100x100.jpg?resize=100%2C100\" alt=\"\" title=\"\"><img data-recalc-dims=\"1\" height=\"100\" width=\"100\" decoding=\"async\" src=\"https:\/\/i0.wp.com\/tuzlahortum.com.tr\/image\/cache\/data\/urunler\/FLAN%C5%9ELI%20REKORLU%20PASLANMAZ%20HORTUM.-100x100.jpg?resize=100%2C100\" alt=\"\" title=\"\"><div class=\"video video-fit mb\" style=\"padding-top:56.25%;\"><p><iframe loading=\"lazy\" title=\"\u041f\u0443\u0442\u0430\u043d\u0438\u0446\u0430 \u0432 \u0438\u0437\u043c\u0435\u0440\u0435\u043d\u0438\u044f\u0445 (\u0434\u044e\u0439\u043c\u044b, \u043f\u0430\u043b\u044c\u0446\u044b, \u0434\u044b\u043c\u043a\u0430, \u043c\u0438\u043b\u043b\u0438\u043c\u0435\u0442\u0440\u044b)\" width=\"1020\" height=\"574\" src=\"https:\/\/www.youtube.com\/embed\/uKk6AG_AZls?feature=oembed\" frameborder=\"0\" allow=\"accelerometer; autoplay; clipboard-write; encrypted-media; gyroscope; picture-in-picture; web-share\" referrerpolicy=\"strict-origin-when-cross-origin\" allowfullscreen><\/iframe><\/p>\n<\/div>","protected":false},"excerpt":{"rendered":"<p>Paslanmaz Flex Hortum \u00d6ZEL S\u0130PAR\u0130\u015eLER HORTUM U\u00c7LARINA REKOR VE FLAN\u015e YAPILIR 1. Hortum k\u00f6r\u00fc\u011f\u00fc :AISI 304, tel \u00f6rg\u00fcs\u00fc AISI 304\u00a0kalite paslanmaz \u00e7elik. 2. S\u0131cakl\u0131k aral\u0131\u011f\u0131 : -250\u00b0C\u00a0\u00a0ile +500\u00b0C 3. Y\u00fcksek fiziksel gerilme ve hafiflik 4. Korozyon onleyici 5. Ate\u015fe, neme, a\u015f\u0131nmaya ve panetran s\u0131v\u0131ya dayan\u0131kl\u0131 6. Pompa, Kompres\u00f6r, Motor vb. makinelarin seslerini\u00a0ve titreimleri absorbe eder. [&#8230;]\n","protected":false},"featured_media":1025,"comment_status":"open","ping_status":"closed","template":"","meta":{"jetpack_post_was_ever_published":false},"product_brand":[],"product_cat":[88],"product_tag":[1004,683,1007,1006,685,1011,1010,1009,1003,1008,1013,856,1005,1014,1012],"class_list":{"0":"post-801","1":"product","2":"type-product","3":"status-publish","4":"has-post-thumbnail","6":"product_cat-hidrolik-hortumlar","7":"product_tag-absorbe","8":"product_tag-buhar","9":"product_tag-celik-tesislerinde","10":"product_tag-guc-tesislerinde","11":"product_tag-ilac-endustrisinde","12":"product_tag-kat-sanayisinde","13":"product_tag-kazanlarda","14":"product_tag-kimya-endustrisinde","15":"product_tag-korozyon","16":"product_tag-nukleer-santrallerinde","17":"product_tag-otomotiv-endustrisinde","18":"product_tag-paslanmaz-celik","19":"product_tag-rafinerilerde","20":"product_tag-sicak-su-v","21":"product_tag-yag-sistemlerinde","23":"first","24":"instock","25":"featured","26":"taxable","27":"shipping-taxable","28":"product-type-variable"},"jetpack-related-posts":[],"jetpack_sharing_enabled":true,"jetpack_likes_enabled":true,"_links":{"self":[{"href":"https:\/\/tuzlahortum.com.tr\/ru\/wp-json\/wp\/v2\/product\/801","targetHints":{"allow":["GET"]}}],"collection":[{"href":"https:\/\/tuzlahortum.com.tr\/ru\/wp-json\/wp\/v2\/product"}],"about":[{"href":"https:\/\/tuzlahortum.com.tr\/ru\/wp-json\/wp\/v2\/types\/product"}],"replies":[{"embeddable":true,"href":"https:\/\/tuzlahortum.com.tr\/ru\/wp-json\/wp\/v2\/comments?post=801"}],"wp:featuredmedia":[{"embeddable":true,"href":"https:\/\/tuzlahortum.com.tr\/ru\/wp-json\/wp\/v2\/media\/1025"}],"wp:attachment":[{"href":"https:\/\/tuzlahortum.com.tr\/ru\/wp-json\/wp\/v2\/media?parent=801"}],"wp:term":[{"taxonomy":"product_brand","embeddable":true,"href":"https:\/\/tuzlahortum.com.tr\/ru\/wp-json\/wp\/v2\/product_brand?post=801"},{"taxonomy":"product_cat","embeddable":true,"href":"https:\/\/tuzlahortum.com.tr\/ru\/wp-json\/wp\/v2\/product_cat?post=801"},{"taxonomy":"product_tag","embeddable":true,"href":"https:\/\/tuzlahortum.com.tr\/ru\/wp-json\/wp\/v2\/product_tag?post=801"}],"curies":[{"name":"wp","href":"https:\/\/api.w.org\/{rel}","templated":true}]}}