{"id":799,"date":"2019-02-06T23:54:04","date_gmt":"2019-02-06T20:54:04","guid":{"rendered":"http:\/\/hortum.com.tr\/product\/import-placeholder-for-352\/"},"modified":"2024-03-21T17:42:20","modified_gmt":"2024-03-21T14:42:20","slug":"kuresel-rakorlu-bas","status":"publish","type":"product","link":"https:\/\/tuzlahortum.com.tr\/ru\/product\/kuresel-rakorlu-bas\/","title":{"rendered":"\u0411\u0430\u0441-\u0433\u0438\u0442\u0430\u0440\u044b \u0441 \u0448\u0430\u0440\u043e\u0432\u044b\u043c \u0444\u0438\u0442\u0438\u043d\u0433\u043e\u043c (50 \u0448\u0442.\/\u043a\u043e\u0440.)"},"content":{"rendered":"<h2>\u0411\u0430\u0441-\u0433\u0438\u0442\u0430\u0440\u044b \u0441 \u0448\u0430\u0440\u043e\u0432\u044b\u043c \u0444\u0438\u0442\u0438\u043d\u0433\u043e\u043c (50 \u0448\u0442.\/\u043a\u043e\u0440.)<\/h2>\n<p>\u0421\u0435\u0440\u0442\u0438\u0444\u0438\u043a\u0430\u0442 \u0441\u0438\u0441\u0442\u0435\u043c\u044b \u043a\u0430\u0447\u0435\u0441\u0442\u0432\u0430 ISO 9001.<\/p>\n<p>\u041f\u043e\u043b\u043d\u043e\u043f\u0440\u043e\u0445\u043e\u0434\u043d\u043e\u0439 \u0434\u043b\u044f \u043c\u0430\u043a\u0441\u0438\u043c\u0430\u043b\u044c\u043d\u043e\u0439 \u0442\u0435\u043a\u0443\u0447\u0435\u0441\u0442\u0438.<\/p>\n<p>\u0421\u0444\u0435\u0440\u0430 \u043f\u043e\u043a\u0440\u044b\u0442\u0430 \u0441\u0430\u0436\u0435\u0439 \u0434\u043b\u044f \u0443\u0432\u0435\u043b\u0438\u0447\u0435\u043d\u0438\u044f \u0441\u0440\u043e\u043a\u0430 \u0441\u043b\u0443\u0436\u0431\u044b.<\/p>\n<p>ISO 228 \u0420\u043e\u0437\u0435\u0442\u043a\u0430 X \u0420\u043e\u0437\u0435\u0442\u043a\u0430.<\/p>\n<p>\u0417\u043d\u0430\u043a \u00ab\u041e\u0442\u043a\u0440\u044b\u0442\u043e-\u0417\u0430\u043a\u0440\u044b\u0442\u043e\u00bb \u043d\u0430 \u0440\u0443\u0447\u043a\u0435<\/p>\n<p>\u0423\u043f\u043b\u043e\u0442\u043d\u0435\u043d\u0438\u0435 \u0438\u0437 PTFE \u0438 \u0443\u043f\u043b\u043e\u0442\u043d\u0438\u0442\u0435\u043b\u044c\u043d\u043e\u0435 \u043a\u043e\u043b\u044c\u0446\u043e \u0438\u0437 EPDM \u0434\u043b\u044f \u043c\u0430\u043a\u0441\u0438\u043c\u0430\u043b\u044c\u043d\u043e\u0439 \u0431\u0435\u0437\u043e\u043f\u0430\u0441\u043d\u043e\u0441\u0442\u0438.<\/p>\n<p>\u0422\u043e\u043b\u0441\u0442\u0430\u044f \u0437\u0430\u043a\u0440\u044b\u0442\u0430\u044f \u0441\u0442\u0430\u043b\u044c\u043d\u0430\u044f \u0433\u0438\u043b\u044c\u0437\u0430 \u0438\u0437 \u041f\u0412\u0425.<\/p>","protected":false},"excerpt":{"rendered":"<p>K\u00fcresel Rakorlu Bas(50 Adet\/Koli) ISO 9001 Kalite Sistem Sertfikas\u0131. Maksimum ak\u0131\u015fkanl\u0131k i\u00e7in tam ge\u00e7i\u015f. Daha uzun \u00f6m\u00fcr i\u00e7in kurum kaplama k\u00fcre. ISO 228 Di\u015fi X Di\u015fi ba\u011flant\u0131. Kol \u00fczerinde A\u00e7\u0131k-Kapal\u0131 i\u015fareti Maksimum g\u00fcvenlik i\u00e7in PTFE conta ve EPDM O-ring. Kal\u0131n PVC kapal\u0131 \u00e7elik kol.<\/p>","protected":false},"featured_media":2876,"comment_status":"open","ping_status":"closed","template":"","meta":{"jetpack_post_was_ever_published":false},"product_brand":[],"product_cat":[205],"product_tag":[998,995,997,996,999],"class_list":{"0":"post-799","1":"product","2":"type-product","3":"status-publish","4":"has-post-thumbnail","6":"product_cat-musluk-vanalari","7":"product_tag-bas","8":"product_tag-celik-kol","9":"product_tag-kuresel-rakorlu-bas","10":"product_tag-pvc-kapli","11":"product_tag-rakorlu","13":"first","14":"instock","15":"taxable","16":"shipping-taxable","17":"product-type-variable"},"jetpack-related-posts":[{"id":800,"url":"https:\/\/tuzlahortum.com.tr\/ru\/product\/kuresel-bas\/","url_meta":{"origin":799,"position":0},"title":"Global Bass (70 \u0448\u0442.\/\u043a\u043e\u0440\u043e\u0431\u043a\u0430)","author":"admin","date":"6 \u0444\u0435\u0432\u0440\u0430\u043b\u044f 2019","format":false,"excerpt":"K\u00fcresel Bas(70 Adet\/Koli)ISO 9001 Kalite Sistem Sertfikas\u0131. Maksimum ak\u0131\u015fkanl\u0131k i\u00e7in tam ge\u00e7i\u015f. Daha uzun \u00f6m\u00fcri\u00e7in kurum kaplama k\u00fcre.\u00a0 ISO 228 Di\u015fi X Di\u015fi ba\u011flant\u0131. Kol \u00fczerinde A\u00e7\u0131k-Kapal\u0131 i\u015faretiMaksimum g\u00fcvenlik i\u00e7in PTFE conta ve EPDM O-ring. Kal\u0131n PVC kapal\u0131 \u00e7elik kol.","rel":"","context":"\u041f\u043e\u0445\u043e\u0436\u0430\u044f \u0437\u0430\u043f\u0438\u0441\u044c","block_context":{"text":"\u041f\u043e\u0445\u043e\u0436\u0430\u044f \u0437\u0430\u043f\u0438\u0441\u044c","link":""},"img":{"alt_text":"","src":"https:\/\/i0.wp.com\/tuzlahortum.com.tr\/wp-content\/uploads\/2019\/02\/K%C3%BCresel-Bas.jpg?fit=520%2C350&ssl=1&resize=350%2C200","width":350,"height":200},"classes":[]},{"id":798,"url":"https:\/\/tuzlahortum.com.tr\/ru\/product\/kuresel-bahce-muslugu\/","url_meta":{"origin":799,"position":1},"title":"\u0421\u0444\u0435\u0440\u0438\u0447\u0435\u0441\u043a\u0438\u0439 \u0441\u0430\u0434\u043e\u0432\u044b\u0439 \u043a\u0440\u0430\u043d (60 \u0448\u0442.\/\u043a\u043e\u0440\u043e\u0431\u043a\u0430)","author":"admin","date":"6 \u0444\u0435\u0432\u0440\u0430\u043b\u044f 2019","format":false,"excerpt":"K\u00fcresel Bah\u00e7e Muslu\u011fu(60 Adet\/Koli)ISO 9001 Kalite Sistem Sertfikas\u0131.Maksimum ak\u0131\u015fkanl\u0131k i\u00e7in tam ge\u00e7i\u015f.Daha uzun \u00f6m\u00fcr i\u00e7in kurum kaplama k\u00fcre.ISO 228 Di\u015fi X Di\u015fi ba\u011flant\u0131.Kol \u00fczerinde A\u00e7\u0131k-Kapal\u0131 i\u015faretiMaksimum g\u00fcvenlik i\u00e7in PTFE conta ve EPDM O-ring.Kal\u0131n PVC kapal\u0131 \u00e7elik kol.","rel":"","context":"\u041f\u043e\u0445\u043e\u0436\u0430\u044f \u0437\u0430\u043f\u0438\u0441\u044c","block_context":{"text":"\u041f\u043e\u0445\u043e\u0436\u0430\u044f \u0437\u0430\u043f\u0438\u0441\u044c","link":""},"img":{"alt_text":"","src":"https:\/\/i0.wp.com\/tuzlahortum.com.tr\/wp-content\/uploads\/2019\/02\/K%C3%BCresel-Bah%C3%A7e-Muslu%C4%9Fu.jpg?fit=520%2C350&ssl=1&resize=350%2C200","width":350,"height":200},"classes":[]},{"id":959,"url":"https:\/\/tuzlahortum.com.tr\/ru\/product\/sahra-tipi-yangin-dolabi-ts-en-671-2-cift-makarali\/","url_meta":{"origin":799,"position":2},"title":"\u041f\u043e\u0436\u0430\u0440\u043d\u044b\u0439 \u0448\u043a\u0430\u0444 \u043f\u043e\u043b\u0435\u0432\u043e\u0433\u043e \u0442\u0438\u043f\u0430 TS EN 671-2 \u0441 \u0434\u0432\u043e\u0439\u043d\u044b\u043c \u0440\u043e\u043b\u0438\u043a\u043e\u043c (100 \u00d7 60)","author":"admin","date":"6 \u0444\u0435\u0432\u0440\u0430\u043b\u044f 2019","format":false,"excerpt":"Sahra Tipi Yang\u0131n Dolab\u0131 TS EN 671-2 \u00c7ift Makaral\u0131(100x60)\u00d6L\u00c7\u00dc 100*60 \u00c7at\u0131l\u0131-Ayakl\u0131 Sistem 2\" bez yang\u0131n hortumu (50 AT\u00dc) 2\" Hidrant ba\u011flant\u0131 rakoru (3 adet) 2\" lans (rakorlu-1 adet) 40 MT 50 MT 60 MT P\u0130-345 P\u0130-346 P\u0130-347","rel":"","context":"\u041f\u043e\u0445\u043e\u0436\u0430\u044f \u0437\u0430\u043f\u0438\u0441\u044c","block_context":{"text":"\u041f\u043e\u0445\u043e\u0436\u0430\u044f \u0437\u0430\u043f\u0438\u0441\u044c","link":""},"img":{"alt_text":"","src":"https:\/\/i0.wp.com\/tuzlahortum.com.tr\/wp-content\/uploads\/2019\/03\/Sahra-Tipi-Yang%C4%B1n-Dolab%C4%B1-TS-EN-671-2-%C3%87ift-Makaral%C4%B1.jpg?fit=356%2C633&ssl=1&resize=350%2C200","width":350,"height":200},"classes":[]},{"id":792,"url":"https:\/\/tuzlahortum.com.tr\/ru\/product\/kuresel-vana-pn40-tse\/","url_meta":{"origin":799,"position":3},"title":"\u0428\u0430\u0440\u043e\u0432\u043e\u0439 \u043a\u0440\u0430\u043d PN40 TSE","author":"admin","date":"6 \u0444\u0435\u0432\u0440\u0430\u043b\u044f 2019","format":false,"excerpt":"K\u00fcresel Vana PN40 TSETS CEN\/EN 13547 T\u00fcrk Standartlar\u0131 Enstit\u00fcs\u00fc Onay\u0131.ISO 9001 Kalite Sistem Sertfikas\u0131.Maksimum ak\u0131\u015fkanl\u0131k i\u00e7in tam ge\u00e7i\u015f.Daha uzun \u00f6m\u00fcr i\u00e7in kurum kaplama k\u00fcre.ISO 228 Di\u015fi X Di\u015fi ba\u011flant\u0131.Kol \u00fczerinde A\u00e7\u0131k-Kapal\u0131 i\u015fareti.Maksimum g\u00fcvenlik i\u00e7in PTFE conta ve EPDM O-ring.Kal\u0131n PVC kapl\u0131 \u00e7elik kol.End\u00fcstriyel, Tesisat ve sulama sistemlerinde kullan\u0131lmak \u00fczere geni\u015f\u2026","rel":"","context":"\u041f\u043e\u0445\u043e\u0436\u0430\u044f \u0437\u0430\u043f\u0438\u0441\u044c","block_context":{"text":"\u041f\u043e\u0445\u043e\u0436\u0430\u044f \u0437\u0430\u043f\u0438\u0441\u044c","link":""},"img":{"alt_text":"","src":"https:\/\/i0.wp.com\/tuzlahortum.com.tr\/wp-content\/uploads\/2019\/02\/K%C3%BCresel-Vana-PN16-PN25-PN40-TSE.jpg?fit=520%2C350&ssl=1&resize=350%2C200","width":350,"height":200},"classes":[]},{"id":787,"url":"https:\/\/tuzlahortum.com.tr\/ru\/product\/kuresel-vana-pn10-tse\/","url_meta":{"origin":799,"position":4},"title":"\u0428\u0430\u0440\u043e\u0432\u043e\u0439 \u043a\u0440\u0430\u043d PN10 TSE","author":"admin","date":"6 \u0444\u0435\u0432\u0440\u0430\u043b\u044f 2019","format":false,"excerpt":"K\u00fcresel Vana PN10 TSETS CEN\/EN 13828 T\u00fcrk Standartlar\u0131 Enstit\u00fcs\u00fc Onay\u0131.ISO 9001 Kalite Sistem Sertfikas\u0131.Maksimum ak\u0131\u015fkanl\u0131k i\u00e7in tam ge\u00e7i\u015f.Daha uzun \u00f6m\u00fcr i\u00e7in kurum kaplama k\u00fcre.ISO 228 Di\u015fi X Di\u015fi ba\u011flant\u0131.Kol \u00fczerinde A\u00e7\u0131k-Kapal\u0131 i\u015fareti.Maksimum g\u00fcvenlik i\u00e7in PTFE conta ve EPDM O-ring.Kal\u0131n PVC kapl\u0131 \u00e7elik kol.\u0130\u00e7me suyu sistemlerinde kulan\u0131lmak \u00fczere geni\u015f kullan\u0131m alan\u0131.S\u0131cakl\u0131k\u2026","rel":"","context":"\u041f\u043e\u0445\u043e\u0436\u0430\u044f \u0437\u0430\u043f\u0438\u0441\u044c","block_context":{"text":"\u041f\u043e\u0445\u043e\u0436\u0430\u044f \u0437\u0430\u043f\u0438\u0441\u044c","link":""},"img":{"alt_text":"","src":"https:\/\/i0.wp.com\/tuzlahortum.com.tr\/wp-content\/uploads\/2019\/02\/K%C3%BCresel-Vana-PN10-TSE.jpg?fit=520%2C350&ssl=1&resize=350%2C200","width":350,"height":200},"classes":[]},{"id":788,"url":"https:\/\/tuzlahortum.com.tr\/ru\/product\/kuresel-vana-pn16-tse\/","url_meta":{"origin":799,"position":5},"title":"\u0428\u0430\u0440\u043e\u0432\u043e\u0439 \u043a\u0440\u0430\u043d PN16 TSE","author":"admin","date":"6 \u0444\u0435\u0432\u0440\u0430\u043b\u044f 2019","format":false,"excerpt":"K\u00fcresel Vana PN16 TSETS CEN\/EN 13547 T\u00fcrk Standartlar\u0131 Enstit\u00fcs\u00fc Onay\u0131.ISO 9001 Kalite Sistem Sertfikas\u0131.Maksimum ak\u0131\u015fkanl\u0131k i\u00e7in tam ge\u00e7i\u015f.Daha uzun \u00f6m\u00fcr i\u00e7in kurum kaplama k\u00fcre.ISO 228 Di\u015fi X Di\u015fi ba\u011flant\u0131.Kol \u00fczerinde A\u00e7\u0131k-Kapal\u0131 i\u015fareti.Maksimum g\u00fcvenlik i\u00e7in PTFE conta ve EPDM O-ring.Kal\u0131n PVC kapl\u0131 \u00e7elik kol.End\u00fcstriyel, Tesisat ve sulama sistemlerinde kullan\u0131lmak \u00fczere geni\u015f\u2026","rel":"","context":"\u041f\u043e\u0445\u043e\u0436\u0430\u044f \u0437\u0430\u043f\u0438\u0441\u044c","block_context":{"text":"\u041f\u043e\u0445\u043e\u0436\u0430\u044f \u0437\u0430\u043f\u0438\u0441\u044c","link":""},"img":{"alt_text":"","src":"https:\/\/i0.wp.com\/tuzlahortum.com.tr\/wp-content\/uploads\/2019\/02\/K%C3%BCresel-Vana-PN16-PN25-PN40-TSE.jpg?fit=520%2C350&ssl=1&resize=350%2C200","width":350,"height":200},"classes":[]}],"jetpack_sharing_enabled":true,"jetpack_likes_enabled":true,"_links":{"self":[{"href":"https:\/\/tuzlahortum.com.tr\/ru\/wp-json\/wp\/v2\/product\/799","targetHints":{"allow":["GET"]}}],"collection":[{"href":"https:\/\/tuzlahortum.com.tr\/ru\/wp-json\/wp\/v2\/product"}],"about":[{"href":"https:\/\/tuzlahortum.com.tr\/ru\/wp-json\/wp\/v2\/types\/product"}],"replies":[{"embeddable":true,"href":"https:\/\/tuzlahortum.com.tr\/ru\/wp-json\/wp\/v2\/comments?post=799"}],"wp:featuredmedia":[{"embeddable":true,"href":"https:\/\/tuzlahortum.com.tr\/ru\/wp-json\/wp\/v2\/media\/2876"}],"wp:attachment":[{"href":"https:\/\/tuzlahortum.com.tr\/ru\/wp-json\/wp\/v2\/media?parent=799"}],"wp:term":[{"taxonomy":"product_brand","embeddable":true,"href":"https:\/\/tuzlahortum.com.tr\/ru\/wp-json\/wp\/v2\/product_brand?post=799"},{"taxonomy":"product_cat","embeddable":true,"href":"https:\/\/tuzlahortum.com.tr\/ru\/wp-json\/wp\/v2\/product_cat?post=799"},{"taxonomy":"product_tag","embeddable":true,"href":"https:\/\/tuzlahortum.com.tr\/ru\/wp-json\/wp\/v2\/product_tag?post=799"}],"curies":[{"name":"wp","href":"https:\/\/api.w.org\/{rel}","templated":true}]}}