{"id":798,"date":"2019-02-06T23:54:04","date_gmt":"2019-02-06T20:54:04","guid":{"rendered":"http:\/\/hortum.com.tr\/product\/import-placeholder-for-351\/"},"modified":"2024-03-21T17:42:21","modified_gmt":"2024-03-21T14:42:21","slug":"kuresel-bahce-muslugu","status":"publish","type":"product","link":"https:\/\/tuzlahortum.com.tr\/ru\/product\/kuresel-bahce-muslugu\/","title":{"rendered":"\u0421\u0444\u0435\u0440\u0438\u0447\u0435\u0441\u043a\u0438\u0439 \u0441\u0430\u0434\u043e\u0432\u044b\u0439 \u043a\u0440\u0430\u043d (60 \u0448\u0442.\/\u043a\u043e\u0440\u043e\u0431\u043a\u0430)"},"content":{"rendered":"<h2>\u0421\u0444\u0435\u0440\u0438\u0447\u0435\u0441\u043a\u0438\u0439 \u0441\u0430\u0434\u043e\u0432\u044b\u0439 \u043a\u0440\u0430\u043d (60 \u0448\u0442.\/\u043a\u043e\u0440\u043e\u0431\u043a\u0430)<\/h2>\n<p>\u0421\u0435\u0440\u0442\u0438\u0444\u0438\u043a\u0430\u0442 \u0441\u0438\u0441\u0442\u0435\u043c\u044b \u043a\u0430\u0447\u0435\u0441\u0442\u0432\u0430 ISO 9001.<\/p>\n<p>\u041f\u043e\u043b\u043d\u043e\u043f\u0440\u043e\u0445\u043e\u0434\u043d\u043e\u0439 \u0434\u043b\u044f \u043c\u0430\u043a\u0441\u0438\u043c\u0430\u043b\u044c\u043d\u043e\u0439 \u0442\u0435\u043a\u0443\u0447\u0435\u0441\u0442\u0438.<\/p>\n<p>\u0421\u0444\u0435\u0440\u0430 \u043f\u043e\u043a\u0440\u044b\u0442\u0430 \u0441\u0430\u0436\u0435\u0439 \u0434\u043b\u044f \u0443\u0432\u0435\u043b\u0438\u0447\u0435\u043d\u0438\u044f \u0441\u0440\u043e\u043a\u0430 \u0441\u043b\u0443\u0436\u0431\u044b.<\/p>\n<p><img data-recalc-dims=\"1\" loading=\"lazy\" decoding=\"async\" class=\"size-full wp-image-2873 alignright\" src=\"https:\/\/i0.wp.com\/hortum.com.tr\/wp-content\/uploads\/2019\/02\/K%C3%BCresel-Bah%C3%A7e-Muslu%C4%9Fu-T.jpg?resize=520%2C350\" alt=\"\" width=\"520\" height=\"350\" title=\"\"><\/p>\n<p>ISO 228 \u0420\u043e\u0437\u0435\u0442\u043a\u0430 X \u0420\u043e\u0437\u0435\u0442\u043a\u0430.<\/p>\n<p>\u0417\u043d\u0430\u043a \u00ab\u041e\u0442\u043a\u0440\u044b\u0442\u043e-\u0417\u0430\u043a\u0440\u044b\u0442\u043e\u00bb \u043d\u0430 \u0440\u0443\u0447\u043a\u0435<\/p>\n<p>\u0423\u043f\u043b\u043e\u0442\u043d\u0435\u043d\u0438\u0435 \u0438\u0437 PTFE \u0438 \u0443\u043f\u043b\u043e\u0442\u043d\u0438\u0442\u0435\u043b\u044c\u043d\u043e\u0435 \u043a\u043e\u043b\u044c\u0446\u043e \u0438\u0437 EPDM \u0434\u043b\u044f \u043c\u0430\u043a\u0441\u0438\u043c\u0430\u043b\u044c\u043d\u043e\u0439 \u0431\u0435\u0437\u043e\u043f\u0430\u0441\u043d\u043e\u0441\u0442\u0438.<\/p>\n<p>\u0422\u043e\u043b\u0441\u0442\u0430\u044f \u0437\u0430\u043a\u0440\u044b\u0442\u0430\u044f \u0441\u0442\u0430\u043b\u044c\u043d\u0430\u044f \u0433\u0438\u043b\u044c\u0437\u0430 \u0438\u0437 \u041f\u0412\u0425.<\/p>","protected":false},"excerpt":{"rendered":"<p>K\u00fcresel Bah\u00e7e Muslu\u011fu(60 Adet\/Koli) ISO 9001 Kalite Sistem Sertfikas\u0131. Maksimum ak\u0131\u015fkanl\u0131k i\u00e7in tam ge\u00e7i\u015f. Daha uzun \u00f6m\u00fcr i\u00e7in kurum kaplama k\u00fcre. ISO 228 Di\u015fi X Di\u015fi ba\u011flant\u0131. Kol \u00fczerinde A\u00e7\u0131k-Kapal\u0131 i\u015fareti Maksimum g\u00fcvenlik i\u00e7in PTFE conta ve EPDM O-ring. Kal\u0131n PVC kapal\u0131 \u00e7elik kol.<\/p>","protected":false},"featured_media":2872,"comment_status":"open","ping_status":"closed","template":"","meta":[],"product_brand":[],"product_cat":[205],"product_tag":[795,995,672,994,993,996],"class_list":{"0":"post-798","1":"product","2":"type-product","3":"status-publish","4":"has-post-thumbnail","6":"product_cat-musluk-vanalari","7":"product_tag-bahce","8":"product_tag-celik-kol","9":"product_tag-kuresel","10":"product_tag-kuresel-bahce-muslugu","11":"product_tag-muslugu","12":"product_tag-pvc-kapli","14":"first","15":"instock","16":"taxable","17":"shipping-taxable","18":"product-type-variable"},"jetpack-related-posts":[{"id":800,"url":"https:\/\/tuzlahortum.com.tr\/ru\/product\/kuresel-bas\/","url_meta":{"origin":798,"position":0},"title":"Global Bass (70 \u0448\u0442.\/\u043a\u043e\u0440\u043e\u0431\u043a\u0430)","author":"admin","date":"6 \u0444\u0435\u0432\u0440\u0430\u043b\u044f 2019","format":false,"excerpt":"K\u00fcresel Bas(70 Adet\/Koli)ISO 9001 Kalite Sistem Sertfikas\u0131. Maksimum ak\u0131\u015fkanl\u0131k i\u00e7in tam ge\u00e7i\u015f. Daha uzun \u00f6m\u00fcri\u00e7in kurum kaplama k\u00fcre.\u00a0 ISO 228 Di\u015fi X Di\u015fi ba\u011flant\u0131. Kol \u00fczerinde A\u00e7\u0131k-Kapal\u0131 i\u015faretiMaksimum g\u00fcvenlik i\u00e7in PTFE conta ve EPDM O-ring. Kal\u0131n PVC kapal\u0131 \u00e7elik kol.","rel":"","context":"\u041f\u043e\u0445\u043e\u0436\u0430\u044f \u0437\u0430\u043f\u0438\u0441\u044c","block_context":{"text":"\u041f\u043e\u0445\u043e\u0436\u0430\u044f \u0437\u0430\u043f\u0438\u0441\u044c","link":""},"img":{"alt_text":"","src":"https:\/\/i0.wp.com\/tuzlahortum.com.tr\/wp-content\/uploads\/2019\/02\/K%C3%BCresel-Bas.jpg?fit=520%2C350&ssl=1&resize=350%2C200","width":350,"height":200},"classes":[]},{"id":799,"url":"https:\/\/tuzlahortum.com.tr\/ru\/product\/kuresel-rakorlu-bas\/","url_meta":{"origin":798,"position":1},"title":"\u0411\u0430\u0441-\u0433\u0438\u0442\u0430\u0440\u044b \u0441 \u0448\u0430\u0440\u043e\u0432\u044b\u043c \u0444\u0438\u0442\u0438\u043d\u0433\u043e\u043c (50 \u0448\u0442.\/\u043a\u043e\u0440.)","author":"admin","date":"6 \u0444\u0435\u0432\u0440\u0430\u043b\u044f 2019","format":false,"excerpt":"K\u00fcresel Rakorlu Bas(50 Adet\/Koli)ISO 9001 Kalite Sistem Sertfikas\u0131.Maksimum ak\u0131\u015fkanl\u0131k i\u00e7in tam ge\u00e7i\u015f.Daha uzun \u00f6m\u00fcr i\u00e7in kurum kaplama k\u00fcre.ISO 228 Di\u015fi X Di\u015fi ba\u011flant\u0131.Kol \u00fczerinde A\u00e7\u0131k-Kapal\u0131 i\u015faretiMaksimum g\u00fcvenlik i\u00e7in PTFE conta ve EPDM O-ring.Kal\u0131n PVC kapal\u0131 \u00e7elik kol.","rel":"","context":"\u041f\u043e\u0445\u043e\u0436\u0430\u044f \u0437\u0430\u043f\u0438\u0441\u044c","block_context":{"text":"\u041f\u043e\u0445\u043e\u0436\u0430\u044f \u0437\u0430\u043f\u0438\u0441\u044c","link":""},"img":{"alt_text":"","src":"https:\/\/i0.wp.com\/tuzlahortum.com.tr\/wp-content\/uploads\/2019\/02\/K%C3%BCresel-Rakorlu-Bas.jpg?fit=520%2C350&ssl=1&resize=350%2C200","width":350,"height":200},"classes":[]},{"id":13243,"url":"https:\/\/tuzlahortum.com.tr\/ru\/product\/flow-eko-bahce-sulama-nozul-seti\/","url_meta":{"origin":798,"position":2},"title":"\u041d\u0410\u0411\u041e\u0420 \u041d\u0410\u0421\u0410\u0414\u041e\u041a \u0414\u041b\u042f \u041f\u041e\u041b\u0418\u0412\u0410 \u0421\u0410\u0414\u0410 FLOW ECO","author":"admin","date":"28 \u043c\u0430\u0440\u0442\u0430 2024","format":false,"excerpt":"FLOW EKO BAH\u00c7E SULAMA NOZUL SET\u0130 Bah\u00e7e sulama ihtiya\u00e7lar\u0131n\u0131z\u0131 kar\u015f\u0131lamak i\u00e7in tasarlanan FLOW EKO Bah\u00e7e Sulama Nozul Seti, pratik ve etkili bir sulama \u00e7\u00f6z\u00fcm\u00fc sunar. Set, bir nozul, iki hortum g\u00f6vde ve bir di\u015fi u\u00e7 olmak \u00fczere toplamda d\u00f6rt par\u00e7adan olu\u015fur. \u00d6zellikler: Nozul: Setin bir par\u00e7as\u0131 olan nozul, farkl\u0131 sulama\u2026","rel":"","context":"\u041f\u043e\u0445\u043e\u0436\u0430\u044f \u0437\u0430\u043f\u0438\u0441\u044c","block_context":{"text":"\u041f\u043e\u0445\u043e\u0436\u0430\u044f \u0437\u0430\u043f\u0438\u0441\u044c","link":""},"img":{"alt_text":"","src":"https:\/\/i0.wp.com\/tuzlahortum.com.tr\/wp-content\/uploads\/2024\/03\/bahce_nozul_seti_3.jpg?fit=800%2C800&ssl=1&resize=350%2C200","width":350,"height":200,"srcset":"https:\/\/i0.wp.com\/tuzlahortum.com.tr\/wp-content\/uploads\/2024\/03\/bahce_nozul_seti_3.jpg?fit=800%2C800&ssl=1&resize=350%2C200 1x, https:\/\/i0.wp.com\/tuzlahortum.com.tr\/wp-content\/uploads\/2024\/03\/bahce_nozul_seti_3.jpg?fit=800%2C800&ssl=1&resize=525%2C300 1.5x, https:\/\/i0.wp.com\/tuzlahortum.com.tr\/wp-content\/uploads\/2024\/03\/bahce_nozul_seti_3.jpg?fit=800%2C800&ssl=1&resize=700%2C400 2x"},"classes":[]},{"id":597,"url":"https:\/\/tuzlahortum.com.tr\/ru\/product\/galvaniz-demir-hortum-rekoru\/","url_meta":{"origin":798,"position":3},"title":"\u0417\u0430\u043f\u0438\u0441\u044c \u043e \u0448\u043b\u0430\u043d\u0433\u0435 \u0438\u0437 \u043e\u0446\u0438\u043d\u043a\u043e\u0432\u0430\u043d\u043d\u043e\u0433\u043e \u0436\u0435\u043b\u0435\u0437\u0430","author":"admin","date":"6 \u0444\u0435\u0432\u0440\u0430\u043b\u044f 2019","format":false,"excerpt":"Galvaniz Demir Hortum Rekoru \u00dcr\u00fcn \u00d6l\u00e7\u00fcs\u00fc Koli Adeti 1\/2\" 100 3\/4\" 80 1\" 100 1\u00bc\" 60 1\u00bd\" 40 2\" 40 2\u00bd\" 25 3\" 24 4\" 24 5\" 6 6\" 5 8\" 10\"","rel":"","context":"\u041f\u043e\u0445\u043e\u0436\u0430\u044f \u0437\u0430\u043f\u0438\u0441\u044c","block_context":{"text":"\u041f\u043e\u0445\u043e\u0436\u0430\u044f \u0437\u0430\u043f\u0438\u0441\u044c","link":""},"img":{"alt_text":"","src":"https:\/\/i0.wp.com\/tuzlahortum.com.tr\/wp-content\/uploads\/2019\/02\/Galvaniz-Demir-Hortum-Rekoru-300x300.jpg?fit=300%2C300&ssl=1&resize=350%2C200","width":350,"height":200},"classes":[]},{"id":13242,"url":"https:\/\/tuzlahortum.com.tr\/ru\/product\/flow-eko-bahce-sulama-tabancasi-seti\/","url_meta":{"origin":798,"position":4},"title":"\u041d\u0410\u0411\u041e\u0420 \u041f\u041e\u041b\u0418\u0412\u041a\u041e\u0412 \u0414\u041b\u042f \u0421\u0410\u0414\u041e\u0412 FLOW ECO","author":"admin","date":"28 \u043c\u0430\u0440\u0442\u0430 2024","format":false,"excerpt":"FLOW EKO BAH\u00c7E SULAMA TABANCASI SET\u0130 Bah\u00e7e sulama ihtiya\u00e7lar\u0131n\u0131z\u0131 kar\u015f\u0131lamak i\u00e7in tasarlanan FLOW EKO Bah\u00e7e Sulama Nozul Seti, pratik ve etkili bir sulama \u00e7\u00f6z\u00fcm\u00fc sunar. Set, bir tabanca, iki hortum g\u00f6vde ve bir di\u015fi u\u00e7 olmak \u00fczere toplamda d\u00f6rt par\u00e7adan olu\u015fur. \u00d6zellikler: Tabanca: Setin bir par\u00e7as\u0131 olan tabanca, farkl\u0131 sulama\u2026","rel":"","context":"\u041f\u043e\u0445\u043e\u0436\u0430\u044f \u0437\u0430\u043f\u0438\u0441\u044c","block_context":{"text":"\u041f\u043e\u0445\u043e\u0436\u0430\u044f \u0437\u0430\u043f\u0438\u0441\u044c","link":""},"img":{"alt_text":"","src":"https:\/\/i0.wp.com\/tuzlahortum.com.tr\/wp-content\/uploads\/2024\/03\/bahce_tabanca_seti_2.jpg?fit=800%2C800&ssl=1&resize=350%2C200","width":350,"height":200,"srcset":"https:\/\/i0.wp.com\/tuzlahortum.com.tr\/wp-content\/uploads\/2024\/03\/bahce_tabanca_seti_2.jpg?fit=800%2C800&ssl=1&resize=350%2C200 1x, https:\/\/i0.wp.com\/tuzlahortum.com.tr\/wp-content\/uploads\/2024\/03\/bahce_tabanca_seti_2.jpg?fit=800%2C800&ssl=1&resize=525%2C300 1.5x, https:\/\/i0.wp.com\/tuzlahortum.com.tr\/wp-content\/uploads\/2024\/03\/bahce_tabanca_seti_2.jpg?fit=800%2C800&ssl=1&resize=700%2C400 2x"},"classes":[]},{"id":792,"url":"https:\/\/tuzlahortum.com.tr\/ru\/product\/kuresel-vana-pn40-tse\/","url_meta":{"origin":798,"position":5},"title":"\u0428\u0430\u0440\u043e\u0432\u043e\u0439 \u043a\u0440\u0430\u043d PN40 TSE","author":"admin","date":"6 \u0444\u0435\u0432\u0440\u0430\u043b\u044f 2019","format":false,"excerpt":"K\u00fcresel Vana PN40 TSETS CEN\/EN 13547 T\u00fcrk Standartlar\u0131 Enstit\u00fcs\u00fc Onay\u0131.ISO 9001 Kalite Sistem Sertfikas\u0131.Maksimum ak\u0131\u015fkanl\u0131k i\u00e7in tam ge\u00e7i\u015f.Daha uzun \u00f6m\u00fcr i\u00e7in kurum kaplama k\u00fcre.ISO 228 Di\u015fi X Di\u015fi ba\u011flant\u0131.Kol \u00fczerinde A\u00e7\u0131k-Kapal\u0131 i\u015fareti.Maksimum g\u00fcvenlik i\u00e7in PTFE conta ve EPDM O-ring.Kal\u0131n PVC kapl\u0131 \u00e7elik kol.End\u00fcstriyel, Tesisat ve sulama sistemlerinde kullan\u0131lmak \u00fczere geni\u015f\u2026","rel":"","context":"\u041f\u043e\u0445\u043e\u0436\u0430\u044f \u0437\u0430\u043f\u0438\u0441\u044c","block_context":{"text":"\u041f\u043e\u0445\u043e\u0436\u0430\u044f \u0437\u0430\u043f\u0438\u0441\u044c","link":""},"img":{"alt_text":"","src":"https:\/\/i0.wp.com\/tuzlahortum.com.tr\/wp-content\/uploads\/2019\/02\/K%C3%BCresel-Vana-PN16-PN25-PN40-TSE.jpg?fit=520%2C350&ssl=1&resize=350%2C200","width":350,"height":200},"classes":[]}],"jetpack_sharing_enabled":true,"jetpack_likes_enabled":true,"_links":{"self":[{"href":"https:\/\/tuzlahortum.com.tr\/ru\/wp-json\/wp\/v2\/product\/798","targetHints":{"allow":["GET"]}}],"collection":[{"href":"https:\/\/tuzlahortum.com.tr\/ru\/wp-json\/wp\/v2\/product"}],"about":[{"href":"https:\/\/tuzlahortum.com.tr\/ru\/wp-json\/wp\/v2\/types\/product"}],"replies":[{"embeddable":true,"href":"https:\/\/tuzlahortum.com.tr\/ru\/wp-json\/wp\/v2\/comments?post=798"}],"wp:featuredmedia":[{"embeddable":true,"href":"https:\/\/tuzlahortum.com.tr\/ru\/wp-json\/wp\/v2\/media\/2872"}],"wp:attachment":[{"href":"https:\/\/tuzlahortum.com.tr\/ru\/wp-json\/wp\/v2\/media?parent=798"}],"wp:term":[{"taxonomy":"product_brand","embeddable":true,"href":"https:\/\/tuzlahortum.com.tr\/ru\/wp-json\/wp\/v2\/product_brand?post=798"},{"taxonomy":"product_cat","embeddable":true,"href":"https:\/\/tuzlahortum.com.tr\/ru\/wp-json\/wp\/v2\/product_cat?post=798"},{"taxonomy":"product_tag","embeddable":true,"href":"https:\/\/tuzlahortum.com.tr\/ru\/wp-json\/wp\/v2\/product_tag?post=798"}],"curies":[{"name":"wp","href":"https:\/\/api.w.org\/{rel}","templated":true}]}}