{"id":797,"date":"2019-02-06T23:54:04","date_gmt":"2019-02-06T20:54:04","guid":{"rendered":"http:\/\/hortum.com.tr\/product\/import-placeholder-for-349\/"},"modified":"2024-03-21T17:42:22","modified_gmt":"2024-03-21T14:42:22","slug":"mini-kuresel-vana","status":"publish","type":"product","link":"https:\/\/tuzlahortum.com.tr\/ru\/product\/mini-kuresel-vana\/","title":{"rendered":"\u041c\u0438\u043d\u0438-\u0448\u0430\u0440\u043e\u0432\u043e\u0439 \u043a\u043b\u0430\u043f\u0430\u043d"},"content":{"rendered":"<h2>\u041c\u0438\u043d\u0438-\u0448\u0430\u0440\u043e\u0432\u043e\u0439 \u043a\u043b\u0430\u043f\u0430\u043d<\/h2>\n<p>\u0421\u0435\u0440\u0442\u0438\u0444\u0438\u043a\u0430\u0442 \u0441\u0438\u0441\u0442\u0435\u043c\u044b \u043a\u0430\u0447\u0435\u0441\u0442\u0432\u0430 ISO 9001.<\/p>\n<p><img data-recalc-dims=\"1\" loading=\"lazy\" decoding=\"async\" class=\"size-full wp-image-2871 alignright\" src=\"https:\/\/i0.wp.com\/hortum.com.tr\/wp-content\/uploads\/2019\/02\/Mini-K%C3%BCresel-Vana-T.jpg?resize=520%2C350\" alt=\"\" width=\"520\" height=\"350\" title=\"\"><\/p>\n<p>\u0421\u0444\u0435\u0440\u0430 \u043f\u043e\u043a\u0440\u044b\u0442\u0430 \u0441\u0430\u0436\u0435\u0439 \u0434\u043b\u044f \u0443\u0432\u0435\u043b\u0438\u0447\u0435\u043d\u0438\u044f \u0441\u0440\u043e\u043a\u0430 \u0441\u043b\u0443\u0436\u0431\u044b.<\/p>\n<p>\u0423\u043f\u043b\u043e\u0442\u043d\u0435\u043d\u0438\u0435 \u0438\u0437 PTFE \u0438 \u0443\u043f\u043b\u043e\u0442\u043d\u0438\u0442\u0435\u043b\u044c\u043d\u043e\u0435 \u043a\u043e\u043b\u044c\u0446\u043e \u0438\u0437 EPDM \u0434\u043b\u044f \u043c\u0430\u043a\u0441\u0438\u043c\u0430\u043b\u044c\u043d\u043e\u0439 \u0431\u0435\u0437\u043e\u043f\u0430\u0441\u043d\u043e\u0441\u0442\u0438.<\/p>\n<p>\u041f\u043b\u0430\u0441\u0442\u0438\u043a\u043e\u0432\u044b\u0439 \u0440\u044b\u0447\u0430\u0433.<\/p>\n<p>\u0414\u043b\u044f \u0438\u0441\u043f\u043e\u043b\u044c\u0437\u043e\u0432\u0430\u043d\u0438\u044f \u0432 \u043f\u0440\u043e\u043c\u044b\u0448\u043b\u0435\u043d\u043d\u044b\u0445, \u0432\u043e\u0434\u043e\u043f\u0440\u043e\u0432\u043e\u0434\u043d\u044b\u0445 \u0438 \u0438\u0440\u0440\u0438\u0433\u0430\u0446\u0438\u043e\u043d\u043d\u044b\u0445 \u0441\u0438\u0441\u0442\u0435\u043c\u0430\u0445.<\/p>\n<p>\u0428\u0438\u0440\u043e\u043a\u0430\u044f \u043e\u0431\u043b\u0430\u0441\u0442\u044c \u0438\u0441\u043f\u043e\u043b\u044c\u0437\u043e\u0432\u0430\u043d\u0438\u044f.<\/p>\n<p>\u0422\u0435\u043c\u043f\u0435\u0440\u0430\u0442\u0443\u0440\u0430 -10\u00b0\u0421 + 120\u00b0\u0421<\/p>\n<p>\u00a0<\/p>","protected":false},"excerpt":{"rendered":"<p>Mini K\u00fcresel Vana ISO 9001 Kalite Sistem Sertfikas\u0131. Daha uzun \u00f6m\u00fcr i\u00e7in kurum kaplama k\u00fcre. Maksimum g\u00fcvenlik i\u00e7in PTFE conta ve EPDM O-ring. Plastik kol. End\u00fcstriyel, Tesisat ve sulama sistemlerinde kullan\u0131lmak \u00fczere geni\u015f kullan\u0131m alan\u0131. S\u0131cakl\u0131k -10\u00b0C + 120\u00b0C \u00a0<\/p>","protected":false},"featured_media":2870,"comment_status":"open","ping_status":"closed","template":"","meta":{"jetpack_post_was_ever_published":false},"product_brand":[],"product_cat":[204],"product_tag":[357,965,992,991,962,964,961,963],"class_list":{"0":"post-797","1":"product","2":"type-product","3":"status-publish","4":"has-post-thumbnail","6":"product_cat-mini-vanalar","7":"product_tag-endustriyel","8":"product_tag-kuresel-vana","9":"product_tag-mini-kuresel-vana","10":"product_tag-mini-vana","11":"product_tag-sulama","12":"product_tag-sulama-sistemi","13":"product_tag-tesisat","14":"product_tag-tesisat-sistemi","16":"first","17":"instock","18":"taxable","19":"shipping-taxable","20":"product-type-variable"},"jetpack-related-posts":[],"jetpack_sharing_enabled":true,"jetpack_likes_enabled":true,"_links":{"self":[{"href":"https:\/\/tuzlahortum.com.tr\/ru\/wp-json\/wp\/v2\/product\/797","targetHints":{"allow":["GET"]}}],"collection":[{"href":"https:\/\/tuzlahortum.com.tr\/ru\/wp-json\/wp\/v2\/product"}],"about":[{"href":"https:\/\/tuzlahortum.com.tr\/ru\/wp-json\/wp\/v2\/types\/product"}],"replies":[{"embeddable":true,"href":"https:\/\/tuzlahortum.com.tr\/ru\/wp-json\/wp\/v2\/comments?post=797"}],"wp:featuredmedia":[{"embeddable":true,"href":"https:\/\/tuzlahortum.com.tr\/ru\/wp-json\/wp\/v2\/media\/2870"}],"wp:attachment":[{"href":"https:\/\/tuzlahortum.com.tr\/ru\/wp-json\/wp\/v2\/media?parent=797"}],"wp:term":[{"taxonomy":"product_brand","embeddable":true,"href":"https:\/\/tuzlahortum.com.tr\/ru\/wp-json\/wp\/v2\/product_brand?post=797"},{"taxonomy":"product_cat","embeddable":true,"href":"https:\/\/tuzlahortum.com.tr\/ru\/wp-json\/wp\/v2\/product_cat?post=797"},{"taxonomy":"product_tag","embeddable":true,"href":"https:\/\/tuzlahortum.com.tr\/ru\/wp-json\/wp\/v2\/product_tag?post=797"}],"curies":[{"name":"wp","href":"https:\/\/api.w.org\/{rel}","templated":true}]}}