{"id":796,"date":"2019-02-06T23:54:03","date_gmt":"2019-02-06T20:54:03","guid":{"rendered":"http:\/\/hortum.com.tr\/product\/import-placeholder-for-411\/"},"modified":"2024-03-21T17:42:22","modified_gmt":"2024-03-21T14:42:22","slug":"tup-dolabi","status":"publish","type":"product","link":"https:\/\/tuzlahortum.com.tr\/ru\/product\/tup-dolabi\/","title":{"rendered":"\u0422\u0443\u0431\u0443\u0441\u043d\u044b\u0439 \u0448\u043a\u0430\u0444(65\u00d721)"},"content":{"rendered":"<h2>\u0422\u0443\u0431\u0443\u0441\u043d\u044b\u0439 \u0448\u043a\u0430\u0444(65\u00d721)<\/h2>\n<h3>\u0420\u0410\u0417\u041c\u0415\u0420 65*21<\/h3>\n<div class=\"row\">\n<table class=\"table table-bordered span2\">\n<thead>\n<tr>\n<th>\u041b\u0418\u0421\u0422\u041e\u0412\u0410\u042f \u041a\u0420\u042b\u0428\u041a\u0410 \u041d\u0410 \u041f\u041e\u0412\u0415\u0420\u0425\u041d\u041e\u0421\u0422\u0418<\/th>\n<th>\u0412\u0421\u0422\u0420\u0410\u0418\u0412\u0410\u0415\u041c\u0410\u042f \u0421\u0422\u0415\u041a\u041b\u042f\u041d\u041d\u0410\u042f \u041a\u0420\u042b\u0428\u041a\u0410<\/th>\n<\/tr>\n<\/thead>\n<tbody>\n<tr>\n<td>\u041f\u0418-328<\/td>\n<td>\u041f\u0418-329<\/td>\n<\/tr>\n<\/tbody>\n<\/table>\n<\/div>","protected":false},"excerpt":{"rendered":"<p>T\u00fcp Dolab\u0131(65&#215;21) \u00d6L\u00c7\u00dc 65*21 SIVA \u00dcST\u00dc SAC KAPAK SIVA ALTI CAM KAPAK P\u0130-328 P\u0130-329<\/p>","protected":false},"featured_media":7309,"comment_status":"open","ping_status":"closed","template":"","meta":{"jetpack_post_was_ever_published":false},"product_brand":[],"product_cat":[116],"product_tag":[990,987,348,955,347,988,989,256,352],"class_list":{"0":"post-796","1":"product","2":"type-product","3":"status-publish","4":"has-post-thumbnail","6":"product_cat-makarali-modeller","7":"product_tag-cam-kapak","8":"product_tag-dolap","9":"product_tag-sac-kapak","10":"product_tag-siva-alti","11":"product_tag-siva-ustu","12":"product_tag-tup","13":"product_tag-tup-dolabi","14":"product_tag-yangin","15":"product_tag-yangin-dolabi","17":"first","18":"instock","19":"taxable","20":"shipping-taxable","21":"product-type-simple"},"jetpack-related-posts":[],"jetpack_sharing_enabled":true,"jetpack_likes_enabled":true,"_links":{"self":[{"href":"https:\/\/tuzlahortum.com.tr\/ru\/wp-json\/wp\/v2\/product\/796","targetHints":{"allow":["GET"]}}],"collection":[{"href":"https:\/\/tuzlahortum.com.tr\/ru\/wp-json\/wp\/v2\/product"}],"about":[{"href":"https:\/\/tuzlahortum.com.tr\/ru\/wp-json\/wp\/v2\/types\/product"}],"replies":[{"embeddable":true,"href":"https:\/\/tuzlahortum.com.tr\/ru\/wp-json\/wp\/v2\/comments?post=796"}],"wp:featuredmedia":[{"embeddable":true,"href":"https:\/\/tuzlahortum.com.tr\/ru\/wp-json\/wp\/v2\/media\/7309"}],"wp:attachment":[{"href":"https:\/\/tuzlahortum.com.tr\/ru\/wp-json\/wp\/v2\/media?parent=796"}],"wp:term":[{"taxonomy":"product_brand","embeddable":true,"href":"https:\/\/tuzlahortum.com.tr\/ru\/wp-json\/wp\/v2\/product_brand?post=796"},{"taxonomy":"product_cat","embeddable":true,"href":"https:\/\/tuzlahortum.com.tr\/ru\/wp-json\/wp\/v2\/product_cat?post=796"},{"taxonomy":"product_tag","embeddable":true,"href":"https:\/\/tuzlahortum.com.tr\/ru\/wp-json\/wp\/v2\/product_tag?post=796"}],"curies":[{"name":"wp","href":"https:\/\/api.w.org\/{rel}","templated":true}]}}