{"id":791,"date":"2019-02-06T23:54:02","date_gmt":"2019-02-06T20:54:02","guid":{"rendered":"http:\/\/hortum.com.tr\/product\/import-placeholder-for-583\/"},"modified":"2024-03-21T17:42:29","modified_gmt":"2024-03-21T14:42:29","slug":"tam-gecisli-kuresel-vana-pn-16-2-parcali","status":"publish","type":"product","link":"https:\/\/tuzlahortum.com.tr\/ru\/product\/tam-gecisli-kuresel-vana-pn-16-2-parcali\/","title":{"rendered":"\u041f\u043e\u043b\u043d\u043e\u043f\u0440\u043e\u0445\u043e\u0434\u043d\u043e\u0439 \u0448\u0430\u0440\u043e\u0432\u043e\u0439 \u043a\u0440\u0430\u043d PN 16 \u2013 2 \u0448\u0442."},"content":{"rendered":"<h2>\u041f\u043e\u043b\u043d\u043e\u043f\u0440\u043e\u0445\u043e\u0434\u043d\u043e\u0439 \u0448\u0430\u0440\u043e\u0432\u043e\u0439 \u043a\u0440\u0430\u043d PN 16 \u2013 2 \u0448\u0442.<\/h2>\n<section id=\"genelozellikler\" class=\"content-current\">\n<div>TS CEN\/EN 3148 \u041e\u0434\u043e\u0431\u0440\u0435\u043d\u0438\u0435 \u0422\u0443\u0440\u0435\u0446\u043a\u043e\u0433\u043e \u0438\u043d\u0441\u0442\u0438\u0442\u0443\u0442\u0430 \u0441\u0442\u0430\u043d\u0434\u0430\u0440\u0442\u043e\u0432.<\/div>\n<div>\u0421\u0435\u0440\u0442\u0438\u0444\u0438\u043a\u0430\u0442 \u0441\u0438\u0441\u0442\u0435\u043c\u044b \u043a\u0430\u0447\u0435\u0441\u0442\u0432\u0430 ISO 9001.<\/div>\n<div>\u041f\u043e\u043b\u043d\u043e\u043f\u0440\u043e\u0445\u043e\u0434\u043d\u043e\u0439 \u0434\u043b\u044f \u043c\u0430\u043a\u0441\u0438\u043c\u0430\u043b\u044c\u043d\u043e\u0439 \u0442\u0435\u043a\u0443\u0447\u0435\u0441\u0442\u0438.<\/div>\n<div>\u0421\u0438\u0441\u0442\u0435\u043c\u044b \u0433\u043e\u0440\u044f\u0447\u0435\u0433\u043e, \u043f\u0435\u0440\u0435\u0433\u0440\u0435\u0442\u043e\u0433\u043e \u0438 \u0445\u043e\u043b\u043e\u0434\u043d\u043e\u0433\u043e \u0432\u043e\u0434\u043e\u0441\u043d\u0430\u0431\u0436\u0435\u043d\u0438\u044f<\/div>\n<div>\u0421\u0438\u0441\u0442\u0435\u043c\u044b \u0441\u0436\u0430\u0442\u043e\u0433\u043e \u0432\u043e\u0437\u0434\u0443\u0445\u0430<\/div>\n<div>\u0416\u0438\u0434\u043a\u043e\u0441\u0442\u0438, \u043d\u0435 \u043e\u0431\u043b\u0430\u0434\u0430\u044e\u0449\u0438\u0435 \u043a\u0438\u0441\u043b\u043e\u0442\u043d\u044b\u043c\u0438 \u0438\u043b\u0438 \u0449\u0435\u043b\u043e\u0447\u043d\u044b\u043c\u0438 \u0441\u0432\u043e\u0439\u0441\u0442\u0432\u0430\u043c\u0438.<\/div>\n<div>\u0420\u0443\u0447\u043a\u0430 \u0438\u0437 \u0442\u043e\u043b\u0441\u0442\u043e\u0439 \u0441\u0442\u0430\u043b\u0438 \u0441 \u041f\u0412\u0425-\u043f\u043e\u043a\u0440\u044b\u0442\u0438\u0435\u043c.<\/div>\n<div>\u0422\u0435\u043c\u043f\u0435\u0440\u0430\u0442\u0443\u0440\u0430 -10\u00b0\u0421 + 120\u00b0\u0421<\/div>\n<\/section>","protected":false},"excerpt":{"rendered":"<p>Tam Ge\u00e7i\u015fli K\u00fcresel Vana PN 16 &#8211; 2 Par\u00e7al\u0131 TS CEN\/EN 3148 T\u00fcrk Standartlar\u0131 Enstit\u00fcs\u00fc Onay\u0131. ISO 9001 Kalite Sistem Sertfikas\u0131. Maksimum ak\u0131\u015fkanl\u0131k i\u00e7in tam ge\u00e7i\u015f. S\u0131cak, K\u0131zg\u0131n ve so\u011fuk su sistemleri Bas\u0131n\u00e7l\u0131 hava sistemleri Asit ve alkali \u00f6zelli\u011fi bulunmayan ak\u0131\u015fkanlar Kal\u0131n PVC kapl\u0131 \u00e7elik kol. S\u0131cakl\u0131k -10\u00b0C + 120\u00b0C<\/p>","protected":false},"featured_media":2869,"comment_status":"open","ping_status":"closed","template":"","meta":{"jetpack_post_was_ever_published":false},"product_brand":[],"product_cat":[203],"product_tag":[978,357,965,979,962,975,977,961],"class_list":{"0":"post-791","1":"product","2":"type-product","3":"status-publish","4":"has-post-thumbnail","6":"product_cat-kuresel-vanalar","7":"product_tag-2-parcali","8":"product_tag-endustriyel","9":"product_tag-kuresel-vana","10":"product_tag-pn-16","11":"product_tag-sulama","12":"product_tag-tam-gecisli","13":"product_tag-tam-gecisli-kuresel-vana","14":"product_tag-tesisat","16":"first","17":"instock","18":"taxable","19":"shipping-taxable","20":"product-type-variable"},"jetpack-related-posts":[],"jetpack_sharing_enabled":true,"jetpack_likes_enabled":true,"_links":{"self":[{"href":"https:\/\/tuzlahortum.com.tr\/ru\/wp-json\/wp\/v2\/product\/791","targetHints":{"allow":["GET"]}}],"collection":[{"href":"https:\/\/tuzlahortum.com.tr\/ru\/wp-json\/wp\/v2\/product"}],"about":[{"href":"https:\/\/tuzlahortum.com.tr\/ru\/wp-json\/wp\/v2\/types\/product"}],"replies":[{"embeddable":true,"href":"https:\/\/tuzlahortum.com.tr\/ru\/wp-json\/wp\/v2\/comments?post=791"}],"wp:featuredmedia":[{"embeddable":true,"href":"https:\/\/tuzlahortum.com.tr\/ru\/wp-json\/wp\/v2\/media\/2869"}],"wp:attachment":[{"href":"https:\/\/tuzlahortum.com.tr\/ru\/wp-json\/wp\/v2\/media?parent=791"}],"wp:term":[{"taxonomy":"product_brand","embeddable":true,"href":"https:\/\/tuzlahortum.com.tr\/ru\/wp-json\/wp\/v2\/product_brand?post=791"},{"taxonomy":"product_cat","embeddable":true,"href":"https:\/\/tuzlahortum.com.tr\/ru\/wp-json\/wp\/v2\/product_cat?post=791"},{"taxonomy":"product_tag","embeddable":true,"href":"https:\/\/tuzlahortum.com.tr\/ru\/wp-json\/wp\/v2\/product_tag?post=791"}],"curies":[{"name":"wp","href":"https:\/\/api.w.org\/{rel}","templated":true}]}}