{"id":772,"date":"2019-02-06T23:53:40","date_gmt":"2019-02-06T20:53:40","guid":{"rendered":"http:\/\/hortum.com.tr\/product\/import-placeholder-for-115\/"},"modified":"2024-03-21T17:42:50","modified_gmt":"2024-03-21T14:42:50","slug":"kumlama-tulumu","status":"publish","type":"product","link":"https:\/\/tuzlahortum.com.tr\/ru\/product\/kumlama-tulumu\/","title":{"rendered":"\u041f\u0435\u0441\u043a\u043e\u0441\u0442\u0440\u0443\u0439\u043d\u044b\u0439 \u043a\u043e\u043c\u0431\u0438\u043d\u0435\u0437\u043e\u043d (\u0442\u043a\u0430\u043d\u044c)"},"content":{"rendered":"<h2>\u041f\u0435\u0441\u043a\u043e\u0441\u0442\u0440\u0443\u0439\u043d\u044b\u0439 \u043a\u043e\u043c\u0431\u0438\u043d\u0435\u0437\u043e\u043d (\u0442\u043a\u0430\u043d\u044c)<\/h2>\n<p>\u041d\u0430\u0448\u0438 \u043f\u0435\u0441\u043a\u043e\u0441\u0442\u0440\u0443\u0439\u043d\u044b\u0435 \u043a\u043e\u043c\u0431\u0438\u043d\u0435\u0437\u043e\u043d\u044b \u0438\u0437\u0433\u043e\u0442\u043e\u0432\u043b\u0435\u043d\u044b \u0438\u0437 \u043f\u044b\u043b\u0435\u043d\u0435\u043f\u0440\u043e\u043d\u0438\u0446\u0430\u0435\u043c\u043e\u0439, \u043f\u043b\u043e\u0442\u043d\u043e\u0439 \u0438 \u043f\u0440\u043e\u0447\u043d\u043e\u0439 \u0442\u043a\u0430\u043d\u0438. \u0415\u0441\u043b\u0438 \u043f\u044b\u043b\u044c \u043f\u043e\u043f\u0430\u0434\u0430\u0435\u0442 \u0432 \u043c\u0430\u0441\u043a\u0443 \u0438\u0437 \u043c\u0435\u0441\u0442\u0430 \u0435\u0435 \u043f\u0440\u0438\u0441\u043e\u0435\u0434\u0438\u043d\u0435\u043d\u0438\u044f, \u0443 \u043d\u0435\u0435 \u0438\u043c\u0435\u0435\u0442\u0441\u044f \u0432\u0442\u043e\u0440\u043e\u0435 \u0433\u043e\u0440\u043b\u043e, \u043a\u043e\u0442\u043e\u0440\u043e\u0435 \u043f\u0440\u0435\u0434\u043e\u0442\u0432\u0440\u0430\u0442\u0438\u0442 \u043f\u043e\u043f\u0430\u0434\u0430\u043d\u0438\u0435 \u043f\u044b\u043b\u0438 \u0432 \u043a\u043e\u043c\u0431\u0438\u043d\u0435\u0437\u043e\u043d.<\/p>","protected":false},"excerpt":{"rendered":"<p>Kumlama Tulumu(Kuma\u015f) Kumlama tulumlar\u0131m\u0131z, toz ge\u00e7irmeyen, s\u0131k dokuma ve dayan\u0131kl\u0131 bir kuma\u015ftan imal edilmi\u015ftir. Maskeye ba\u011fland\u0131\u011f\u0131 noktadan toz girmesi halinde tozun, tulumun i\u00e7ine girmesine engel olacak ikinci bo\u011faz\u0131 mevcuttur.<\/p>","protected":false},"featured_media":1783,"comment_status":"open","ping_status":"closed","template":"","meta":{"jetpack_post_was_ever_published":false},"product_brand":[],"product_cat":[2326],"product_tag":[294,911,935,936,934],"class_list":{"0":"post-772","1":"product","2":"type-product","3":"status-publish","4":"has-post-thumbnail","6":"product_cat-kumlama-malzemeleri","7":"product_tag-dayanikli","8":"product_tag-kumlama","9":"product_tag-kumlama-tulumu","10":"product_tag-toz-gecirmez","11":"product_tag-tulum","13":"first","14":"instock","15":"taxable","16":"shipping-taxable","17":"product-type-simple"},"jetpack-related-posts":[],"jetpack_sharing_enabled":true,"jetpack_likes_enabled":true,"_links":{"self":[{"href":"https:\/\/tuzlahortum.com.tr\/ru\/wp-json\/wp\/v2\/product\/772","targetHints":{"allow":["GET"]}}],"collection":[{"href":"https:\/\/tuzlahortum.com.tr\/ru\/wp-json\/wp\/v2\/product"}],"about":[{"href":"https:\/\/tuzlahortum.com.tr\/ru\/wp-json\/wp\/v2\/types\/product"}],"replies":[{"embeddable":true,"href":"https:\/\/tuzlahortum.com.tr\/ru\/wp-json\/wp\/v2\/comments?post=772"}],"wp:featuredmedia":[{"embeddable":true,"href":"https:\/\/tuzlahortum.com.tr\/ru\/wp-json\/wp\/v2\/media\/1783"}],"wp:attachment":[{"href":"https:\/\/tuzlahortum.com.tr\/ru\/wp-json\/wp\/v2\/media?parent=772"}],"wp:term":[{"taxonomy":"product_brand","embeddable":true,"href":"https:\/\/tuzlahortum.com.tr\/ru\/wp-json\/wp\/v2\/product_brand?post=772"},{"taxonomy":"product_cat","embeddable":true,"href":"https:\/\/tuzlahortum.com.tr\/ru\/wp-json\/wp\/v2\/product_cat?post=772"},{"taxonomy":"product_tag","embeddable":true,"href":"https:\/\/tuzlahortum.com.tr\/ru\/wp-json\/wp\/v2\/product_tag?post=772"}],"curies":[{"name":"wp","href":"https:\/\/api.w.org\/{rel}","templated":true}]}}