{"id":769,"date":"2019-02-06T23:53:39","date_gmt":"2019-02-06T20:53:39","guid":{"rendered":"http:\/\/hortum.com.tr\/product\/import-placeholder-for-118\/"},"modified":"2024-03-21T17:42:52","modified_gmt":"2024-03-21T14:42:52","slug":"kisa-kumlama-nozulu-venturi","status":"publish","type":"product","link":"https:\/\/tuzlahortum.com.tr\/ru\/product\/kisa-kumlama-nozulu-venturi\/","title":{"rendered":"\u041a\u043e\u0440\u043e\u0442\u043a\u043e\u0435 \u0441\u043e\u043f\u043b\u043e \u0434\u043b\u044f \u043f\u0435\u0441\u043a\u043e\u0441\u0442\u0440\u0443\u0439\u043d\u043e\u0439 \u043e\u0431\u0440\u0430\u0431\u043e\u0442\u043a\u0438 - \u0412\u0435\u043d\u0442\u0443\u0440\u0438"},"content":{"rendered":"<h2>\u041a\u043e\u0440\u043e\u0442\u043a\u043e\u0435 \u0441\u043e\u043f\u043b\u043e \u0434\u043b\u044f \u043f\u0435\u0441\u043a\u043e\u0441\u0442\u0440\u0443\u0439\u043d\u043e\u0439 \u043e\u0431\u0440\u0430\u0431\u043e\u0442\u043a\u0438 - \u0412\u0435\u043d\u0442\u0443\u0440\u0438<\/h2>\n<h5 style=\"font-weight: 400;\">\u0421\u041e\u041f\u041b\u041e \u0422\u0418\u041f\u0410 STC<\/h5>\n<h5 style=\"font-weight: 400;\">\u0418\u0437\u043d\u043e\u0441\u043e\u0441\u0442\u043e\u0439\u043a\u0438\u0435 \u043a\u043e\u0440\u043e\u0442\u043a\u0438\u0435 \u0441\u043e\u043f\u0435\u043b\u044b \u0412\u0435\u043d\u0442\u0443\u0440\u0438 \u0438\u0437\u0433\u043e\u0442\u043e\u0432\u043b\u0435\u043d\u044b \u0438\u0437 \u043a\u0430\u0440\u0431\u0438\u0434\u0430 \u0432\u043e\u043b\u044c\u0444\u0440\u0430\u043c\u0430 (TC).<\/h5>\n<h5 style=\"font-weight: 400;\">\u0421\u0440\u043e\u043a \u0441\u043b\u0443\u0436\u0431\u044b: 400 \u0447\u0430\u0441\u043e\u0432<\/h5>\n<h5 style=\"font-weight: 400;\">\u041a\u043e\u0440\u043f\u0443\u0441: \u0420\u0435\u0437\u0438\u043d\u0430<\/h5>\n<h5 style=\"font-weight: 400;\">\u0428\u0435\u0441\u0442\u0435\u0440\u043d\u044f: \u0420\u0435\u0437\u0438\u043d\u0430, \u043f\u043e\u0434\u0445\u043e\u0434\u0438\u0442 \u0434\u043b\u044f \u0434\u0435\u0440\u0436\u0430\u0442\u0435\u043b\u044f \u043d\u0430\u0441\u0430\u0434\u043a\u0438 NHP \u0434\u0438\u0430\u043c\u0435\u0442\u0440\u043e\u043c 50 \u043c\u043c.<\/h5>\n<h5 style=\"font-weight: 400;\">\u0420\u0430\u0437\u043c\u0435\u0440 \u0432\u0445\u043e\u0434\u0430: 25 \u043c\u043c<\/h5>\n<table width=\"732\">\n<tbody>\n<tr>\n<td width=\"130\"><strong>\u0410\u0440\u0442\u0438\u043a\u0443\u043b \u2116.<\/strong><\/td>\n<td colspan=\"2\" width=\"142\"><strong>\u0422\u0438\u043f<\/strong><\/td>\n<td width=\"461\"><strong>\u041e\u043f\u0438\u0441\u0430\u043d\u0438\u0435<\/strong><\/td>\n<\/tr>\n<tr>\n<td width=\"130\">10112570<\/td>\n<td width=\"130\">\u0421\u0422\u0426-5.0<\/td>\n<td colspan=\"2\" width=\"473\">\u041a\u043e\u0440\u043e\u0442\u043a\u043e\u0435 \u0441\u043e\u043f\u043b\u043e \u0412\u0435\u043d\u0442\u0443\u0440\u0438, \u043a\u0430\u0440\u0431\u0438\u0434 \u0432\u043e\u043b\u044c\u0444\u0440\u0430\u043c\u0430, 5,0 x 80 \u043c\u043c.<\/td>\n<\/tr>\n<tr>\n<td width=\"130\">10112571<\/td>\n<td width=\"130\">\u0421\u0422\u0426-6.5<\/td>\n<td colspan=\"2\" width=\"473\">\u041a\u043e\u0440\u043e\u0442\u043a\u043e\u0435 \u0441\u043e\u043f\u043b\u043e \u0412\u0435\u043d\u0442\u0443\u0440\u0438, \u043a\u0430\u0440\u0431\u0438\u0434 \u0432\u043e\u043b\u044c\u0444\u0440\u0430\u043c\u0430, 6,5 x 80 \u043c\u043c.<\/td>\n<\/tr>\n<tr>\n<td width=\"130\">10112572<\/td>\n<td width=\"130\">\u0421\u0422\u0426-8.0<\/td>\n<td colspan=\"2\" width=\"473\">\u041a\u043e\u0440\u043e\u0442\u043a\u043e\u0435 \u0441\u043e\u043f\u043b\u043e \u0412\u0435\u043d\u0442\u0443\u0440\u0438, \u043a\u0430\u0440\u0431\u0438\u0434 \u0432\u043e\u043b\u044c\u0444\u0440\u0430\u043c\u0430, 8,0 x 80 \u043c\u043c.<\/td>\n<\/tr>\n<tr>\n<td width=\"130\">10112573<\/td>\n<td width=\"130\">\u0421\u0422\u0426-9.5<\/td>\n<td colspan=\"2\" width=\"473\">\u041a\u043e\u0440\u043e\u0442\u043a\u043e\u0435 \u0441\u043e\u043f\u043b\u043e \u0412\u0435\u043d\u0442\u0443\u0440\u0438, \u043a\u0430\u0440\u0431\u0438\u0434 \u0432\u043e\u043b\u044c\u0444\u0440\u0430\u043c\u0430, 9,5 x 80 \u043c\u043c.<\/td>\n<\/tr>\n<tr>\n<td width=\"130\">10112574<\/td>\n<td width=\"130\">\u0421\u0422\u0426-11.0<\/td>\n<td colspan=\"2\" width=\"473\">\u041a\u043e\u0440\u043e\u0442\u043a\u043e\u0435 \u0441\u043e\u043f\u043b\u043e \u0412\u0435\u043d\u0442\u0443\u0440\u0438, \u043a\u0430\u0440\u0431\u0438\u0434 \u0432\u043e\u043b\u044c\u0444\u0440\u0430\u043c\u0430, 11,0 x 80 \u043c\u043c.<\/td>\n<\/tr>\n<tr>\n<td width=\"130\">10112575<\/td>\n<td width=\"130\">\u0421\u0422\u0426-12.5<\/td>\n<td colspan=\"2\" width=\"473\">\u041a\u043e\u0440\u043e\u0442\u043a\u043e\u0435 \u0441\u043e\u043f\u043b\u043e \u0412\u0435\u043d\u0442\u0443\u0440\u0438, \u043a\u0430\u0440\u0431\u0438\u0434 \u0432\u043e\u043b\u044c\u0444\u0440\u0430\u043c\u0430, 12,5 x 80 \u043c\u043c.<\/td>\n<\/tr>\n<\/tbody>\n<\/table>","protected":false},"excerpt":{"rendered":"<p>K\u0131sa Kumlama Nozulu -Venturi STC TIP NOZUL A\u015f\u0131nmaya dayan\u0131kl\u0131 K\u0131sa Venturi kumlama nozullar\u0131 tungsten karb\u00fcrden (TC) yap\u0131lm\u0131\u015ft\u0131r. Servis \u00f6mr\u00fc: 400 saat K\u0131l\u0131f: Kau\u00e7uk Di\u015fli: Kau\u00e7uk, 50 mm NHP nozul tutucusuna uygun. Giri\u015f \u00f6l\u00e7\u00fcs\u00fc: 25 mm Article No. Type Description 10112570 STC-5.0 Short Venturi nozzle, tungsten carbide, 5.0 mm x 80 mm 10112571 STC-6.5 Short Venturi [&#8230;]\n","protected":false},"featured_media":9041,"comment_status":"open","ping_status":"closed","template":"","meta":{"jetpack_post_was_ever_published":false},"product_brand":[],"product_cat":[2326],"product_tag":[930,911,928,924,932],"class_list":{"0":"post-769","1":"product","2":"type-product","3":"status-publish","4":"has-post-thumbnail","6":"product_cat-kumlama-malzemeleri","7":"product_tag-kisa","8":"product_tag-kumlama","9":"product_tag-kumlama-nozulu-kisa","10":"product_tag-nozul","11":"product_tag-venturi","13":"first","14":"instock","15":"taxable","16":"shipping-taxable","17":"product-type-variable"},"jetpack-related-posts":[{"id":771,"url":"https:\/\/tuzlahortum.com.tr\/ru\/product\/kumlama-nozulu-venturi-tungsten\/","url_meta":{"origin":769,"position":0},"title":"\u0421\u043e\u043f\u043b\u043e \u0434\u043b\u044f \u043f\u0435\u0441\u043a\u043e\u0441\u0442\u0440\u0443\u0439\u043d\u043e\u0439 \u043e\u0431\u0440\u0430\u0431\u043e\u0442\u043a\u0438 \u2013 \u0412\u0435\u043d\u0442\u0443\u0440\u0438 (\u0412\u043e\u043b\u044c\u0444\u0440\u0430\u043c)","author":"admin","date":"6 \u0444\u0435\u0432\u0440\u0430\u043b\u044f 2019","format":false,"excerpt":"Kumlama Nozulu - Venturi (Tungsten)RTC TIP NOZUL A\u015f\u0131nmaya dayan\u0131kl\u0131 Venturi kumlama nozullar\u0131 tungsten karb\u00fcrden (TC) yap\u0131lm\u0131\u015ft\u0131r. Servis \u00f6mr\u00fc: 400 saat K\u0131l\u0131f: Kau\u00e7uk Di\u015fli: Kau\u00e7uk, 50 mm NHP nozul tutucusuna uygun. Giri\u015f \u00f6l\u00e7\u00fcs\u00fc: 32 mm Article No. Type Description 10112062 RTC-6.5 Venturi nozzle, tungsten carbide, 6.5 mm x 130 mm 10112063\u2026","rel":"","context":"\u041f\u043e\u0445\u043e\u0436\u0430\u044f \u0437\u0430\u043f\u0438\u0441\u044c","block_context":{"text":"\u041f\u043e\u0445\u043e\u0436\u0430\u044f \u0437\u0430\u043f\u0438\u0441\u044c","link":""},"img":{"alt_text":"","src":"https:\/\/i0.wp.com\/tuzlahortum.com.tr\/wp-content\/uploads\/urunler\/Kumlama\/kumlama_nozulu.jpg?fit=380%2C298&ssl=1&resize=350%2C200","width":350,"height":200},"classes":[]},{"id":9042,"url":"https:\/\/tuzlahortum.com.tr\/ru\/product\/kumlama-nozulu-performer-nozul-400\/","url_meta":{"origin":769,"position":1},"title":"\u0421\u043e\u043f\u043b\u043e \u0434\u043b\u044f \u043f\u0435\u0441\u043a\u043e\u0441\u0442\u0440\u0443\u0439\u043d\u043e\u0439 \u043e\u0431\u0440\u0430\u0431\u043e\u0442\u043a\u0438 \u2013 Performer Nozzle 400","author":"\u0130smail \u00c7elik","date":"9 \u0430\u043f\u0440\u0435\u043b\u044f 2019","format":false,"excerpt":"Kumlama Nozulu - Performer Nozul 400Performer, y\u00fcksek performansl\u0131 geli\u015fmi\u015f bir modeldir. Y\u00fcksek a\u015f\u0131nmaya dayan\u0131kl\u0131 g\u00f6mlek ve sa\u011flam, hafif poli\u00fcretan k\u0131l\u0131f ile donat\u0131lm\u0131\u015ft\u0131r. Contracor Performer\u00a0kumlama nozul serisi ile al\u00fcminyum oksit, silikon karb\u00fcr, \u00e7elik grit veya y\u00fcksek derecede a\u015f\u0131nd\u0131r\u0131c\u0131 kumlama i\u00e7in uygundur. Be\u015f farkl\u0131 boyutta mevcuttur. Bas\u0131n\u00e7l\u0131 hava kayna\u011f\u0131n\u0131 ayarlamak ve kum\u2026","rel":"","context":"\u041f\u043e\u0445\u043e\u0436\u0430\u044f \u0437\u0430\u043f\u0438\u0441\u044c","block_context":{"text":"\u041f\u043e\u0445\u043e\u0436\u0430\u044f \u0437\u0430\u043f\u0438\u0441\u044c","link":""},"img":{"alt_text":"","src":"https:\/\/i0.wp.com\/tuzlahortum.com.tr\/wp-content\/uploads\/2019\/04\/performer-400.png?fit=650%2C323&ssl=1&resize=350%2C200","width":350,"height":200,"srcset":"https:\/\/i0.wp.com\/tuzlahortum.com.tr\/wp-content\/uploads\/2019\/04\/performer-400.png?fit=650%2C323&ssl=1&resize=350%2C200 1x, https:\/\/i0.wp.com\/tuzlahortum.com.tr\/wp-content\/uploads\/2019\/04\/performer-400.png?fit=650%2C323&ssl=1&resize=525%2C300 1.5x"},"classes":[]},{"id":9054,"url":"https:\/\/tuzlahortum.com.tr\/ru\/product\/kumlama-nozulu-performer-nozul-1000\/","url_meta":{"origin":769,"position":2},"title":"\u0421\u043e\u043f\u043b\u043e \u0434\u043b\u044f \u043f\u0435\u0441\u043a\u043e\u0441\u0442\u0440\u0443\u0439\u043d\u043e\u0439 \u043e\u0431\u0440\u0430\u0431\u043e\u0442\u043a\u0438 \u2013 Performer Nozzle 1000","author":"\u0130smail \u00c7elik","date":"9 \u0430\u043f\u0440\u0435\u043b\u044f 2019","format":false,"excerpt":"Kumlama Nozulu - Performer Nozul 1000Performer, y\u00fcksek performansl\u0131 geli\u015fmi\u015f bir modeldir. Y\u00fcksek a\u015f\u0131nmaya dayan\u0131kl\u0131 g\u00f6mlek ve sa\u011flam, hafif poli\u00fcretan k\u0131l\u0131f ile donat\u0131lm\u0131\u015ft\u0131r. Contracor Performer\u00a0kumlama nozul serisi ile al\u00fcminyum oksit, silikon karb\u00fcr, \u00e7elik grit veya y\u00fcksek derecede a\u015f\u0131nd\u0131r\u0131c\u0131 kumlama i\u00e7in uygundur. Be\u015f farkl\u0131 boyutta mevcuttur. Bas\u0131n\u00e7l\u0131 hava kayna\u011f\u0131n\u0131 ayarlamak ve kum\u2026","rel":"","context":"\u041f\u043e\u0445\u043e\u0436\u0430\u044f \u0437\u0430\u043f\u0438\u0441\u044c","block_context":{"text":"\u041f\u043e\u0445\u043e\u0436\u0430\u044f \u0437\u0430\u043f\u0438\u0441\u044c","link":""},"img":{"alt_text":"","src":"https:\/\/i0.wp.com\/tuzlahortum.com.tr\/wp-content\/uploads\/2019\/04\/performer-1000.png?fit=650%2C325&ssl=1&resize=350%2C200","width":350,"height":200,"srcset":"https:\/\/i0.wp.com\/tuzlahortum.com.tr\/wp-content\/uploads\/2019\/04\/performer-1000.png?fit=650%2C325&ssl=1&resize=350%2C200 1x, https:\/\/i0.wp.com\/tuzlahortum.com.tr\/wp-content\/uploads\/2019\/04\/performer-1000.png?fit=650%2C325&ssl=1&resize=525%2C300 1.5x"},"classes":[]},{"id":9048,"url":"https:\/\/tuzlahortum.com.tr\/ru\/product\/kumlama-nozulu-performer-nozul-600\/","url_meta":{"origin":769,"position":3},"title":"\u0421\u043e\u043f\u043b\u043e \u0434\u043b\u044f \u043f\u0435\u0441\u043a\u043e\u0441\u0442\u0440\u0443\u0439\u043d\u043e\u0439 \u043e\u0431\u0440\u0430\u0431\u043e\u0442\u043a\u0438 \u2013 Performer Nozzle 600","author":"\u0130smail \u00c7elik","date":"9 \u0430\u043f\u0440\u0435\u043b\u044f 2019","format":false,"excerpt":"Kumlama Nozulu - Performer Nozul 600Performer, y\u00fcksek performansl\u0131 geli\u015fmi\u015f bir modeldir. Y\u00fcksek a\u015f\u0131nmaya dayan\u0131kl\u0131 g\u00f6mlek ve sa\u011flam, hafif poli\u00fcretan k\u0131l\u0131f ile donat\u0131lm\u0131\u015ft\u0131r. Contracor Performer kumlama nozul serisi ile al\u00fcminyum oksit, silikon karb\u00fcr, \u00e7elik grit veya y\u00fcksek derecede a\u015f\u0131nd\u0131r\u0131c\u0131 kumlama i\u00e7in uygundur. Be\u015f farkl\u0131 boyutta mevcuttur. Bas\u0131n\u00e7l\u0131 hava kayna\u011f\u0131n\u0131 ayarlamak ve\u2026","rel":"","context":"\u041f\u043e\u0445\u043e\u0436\u0430\u044f \u0437\u0430\u043f\u0438\u0441\u044c","block_context":{"text":"\u041f\u043e\u0445\u043e\u0436\u0430\u044f \u0437\u0430\u043f\u0438\u0441\u044c","link":""},"img":{"alt_text":"","src":"https:\/\/i0.wp.com\/tuzlahortum.com.tr\/wp-content\/uploads\/2019\/04\/performer-600.png?fit=650%2C304&ssl=1&resize=350%2C200","width":350,"height":200,"srcset":"https:\/\/i0.wp.com\/tuzlahortum.com.tr\/wp-content\/uploads\/2019\/04\/performer-600.png?fit=650%2C304&ssl=1&resize=350%2C200 1x, https:\/\/i0.wp.com\/tuzlahortum.com.tr\/wp-content\/uploads\/2019\/04\/performer-600.png?fit=650%2C304&ssl=1&resize=525%2C300 1.5x"},"classes":[]},{"id":768,"url":"https:\/\/tuzlahortum.com.tr\/ru\/product\/kumlama-nozulu-boron-carbide\/","url_meta":{"origin":769,"position":4},"title":"\u0421\u043e\u043f\u043b\u043e \u0434\u043b\u044f \u043f\u0435\u0441\u043a\u043e\u0441\u0442\u0440\u0443\u0439\u043d\u043e\u0439 \u043e\u0431\u0440\u0430\u0431\u043e\u0442\u043a\u0438 (\u043a\u0430\u0440\u0431\u0438\u0434 \u0431\u043e\u0440\u0430)","author":"admin","date":"6 \u0444\u0435\u0432\u0440\u0430\u043b\u044f 2019","format":false,"excerpt":"Kumlama Nozulu (Boron Carbide)\u00a0Boron carbide \u00f6zelli\u011fine sahip 1000 saat \u00e7al\u0131\u015fma kapasiteli kumlama nozuludur. 6,5mm den 12,5mm delik \u00e7aplar\u0131na kadar kullan\u0131m alan\u0131n\u0131za g\u00f6re tercih edebilirsiniz. 130mm uzunlu\u011fundad\u0131r.","rel":"","context":"\u041f\u043e\u0445\u043e\u0436\u0430\u044f \u0437\u0430\u043f\u0438\u0441\u044c","block_context":{"text":"\u041f\u043e\u0445\u043e\u0436\u0430\u044f \u0437\u0430\u043f\u0438\u0441\u044c","link":""},"img":{"alt_text":"","src":"https:\/\/i0.wp.com\/tuzlahortum.com.tr\/wp-content\/uploads\/urunler\/Kumlama\/kumlama_nozulu.jpg?fit=380%2C298&ssl=1&resize=350%2C200","width":350,"height":200},"classes":[]},{"id":9251,"url":"https:\/\/tuzlahortum.com.tr\/ru\/product\/kumlama-nozulu-gomme-kopya\/","url_meta":{"origin":769,"position":5},"title":"\u0421\u043e\u043f\u043b\u043e \u0434\u043b\u044f \u043f\u0435\u0441\u043a\u043e\u0441\u0442\u0440\u0443\u0439\u043d\u043e\u0439 \u043e\u0431\u0440\u0430\u0431\u043e\u0442\u043a\u0438 \u2013 \u0443\u0442\u043e\u043f\u043b\u0435\u043d\u043d\u043e\u0435 (Kennametal)","author":"\u0130smail \u00c7elik","date":"21 \u044f\u043d\u0432\u0430\u0440\u044f 2020","format":false,"excerpt":"\u0421\u043e\u043f\u043b\u043e \u0434\u043b\u044f \u043f\u0435\u0441\u043a\u043e\u0441\u0442\u0440\u0443\u0439\u043d\u043e\u0439 \u043e\u0431\u0440\u0430\u0431\u043e\u0442\u043a\u0438 \u2013 \u0443\u0442\u043e\u043f\u043b\u0435\u043d\u043d\u043e\u0435 (Kennametal)","rel":"","context":"\u041f\u043e\u0445\u043e\u0436\u0430\u044f \u0437\u0430\u043f\u0438\u0441\u044c","block_context":{"text":"\u041f\u043e\u0445\u043e\u0436\u0430\u044f \u0437\u0430\u043f\u0438\u0441\u044c","link":""},"img":{"alt_text":"","src":"https:\/\/i0.wp.com\/tuzlahortum.com.tr\/wp-content\/uploads\/2020\/01\/Kennametal-Nozul-5.jpeg?fit=900%2C1200&ssl=1&resize=350%2C200","width":350,"height":200,"srcset":"https:\/\/i0.wp.com\/tuzlahortum.com.tr\/wp-content\/uploads\/2020\/01\/Kennametal-Nozul-5.jpeg?fit=900%2C1200&ssl=1&resize=350%2C200 1x, https:\/\/i0.wp.com\/tuzlahortum.com.tr\/wp-content\/uploads\/2020\/01\/Kennametal-Nozul-5.jpeg?fit=900%2C1200&ssl=1&resize=525%2C300 1.5x, https:\/\/i0.wp.com\/tuzlahortum.com.tr\/wp-content\/uploads\/2020\/01\/Kennametal-Nozul-5.jpeg?fit=900%2C1200&ssl=1&resize=700%2C400 2x"},"classes":[]}],"jetpack_sharing_enabled":true,"jetpack_likes_enabled":true,"_links":{"self":[{"href":"https:\/\/tuzlahortum.com.tr\/ru\/wp-json\/wp\/v2\/product\/769","targetHints":{"allow":["GET"]}}],"collection":[{"href":"https:\/\/tuzlahortum.com.tr\/ru\/wp-json\/wp\/v2\/product"}],"about":[{"href":"https:\/\/tuzlahortum.com.tr\/ru\/wp-json\/wp\/v2\/types\/product"}],"replies":[{"embeddable":true,"href":"https:\/\/tuzlahortum.com.tr\/ru\/wp-json\/wp\/v2\/comments?post=769"}],"wp:featuredmedia":[{"embeddable":true,"href":"https:\/\/tuzlahortum.com.tr\/ru\/wp-json\/wp\/v2\/media\/9041"}],"wp:attachment":[{"href":"https:\/\/tuzlahortum.com.tr\/ru\/wp-json\/wp\/v2\/media?parent=769"}],"wp:term":[{"taxonomy":"product_brand","embeddable":true,"href":"https:\/\/tuzlahortum.com.tr\/ru\/wp-json\/wp\/v2\/product_brand?post=769"},{"taxonomy":"product_cat","embeddable":true,"href":"https:\/\/tuzlahortum.com.tr\/ru\/wp-json\/wp\/v2\/product_cat?post=769"},{"taxonomy":"product_tag","embeddable":true,"href":"https:\/\/tuzlahortum.com.tr\/ru\/wp-json\/wp\/v2\/product_tag?post=769"}],"curies":[{"name":"wp","href":"https:\/\/api.w.org\/{rel}","templated":true}]}}