{"id":767,"date":"2019-02-06T23:53:38","date_gmt":"2019-02-06T20:53:38","guid":{"rendered":"http:\/\/hortum.com.tr\/product\/import-placeholder-for-561\/"},"modified":"2024-03-21T17:42:53","modified_gmt":"2024-03-21T14:42:53","slug":"kumlama-maskesi","status":"publish","type":"product","link":"https:\/\/tuzlahortum.com.tr\/ru\/product\/kumlama-maskesi\/","title":{"rendered":"\u041f\u0435\u0441\u043a\u043e\u0441\u0442\u0440\u0443\u0439\u043d\u0430\u044f \u043c\u0430\u0441\u043a\u0430 (\u043f\u043b\u0430\u0441\u0442\u0438\u043a-\u043f\u043e\u043b\u0438\u044d\u0441\u0442\u0435\u0440)"},"content":{"rendered":"<h2>\u041f\u0435\u0441\u043a\u043e\u0441\u0442\u0440\u0443\u0439\u043d\u0430\u044f \u043c\u0430\u0441\u043a\u0430 (\u043f\u043b\u0430\u0441\u0442\u0438\u043a-\u043f\u043e\u043b\u0438\u044d\u0441\u0442\u0435\u0440)<\/h2>","protected":false},"excerpt":{"rendered":"<p>\u041f\u0435\u0441\u043a\u043e\u0441\u0442\u0440\u0443\u0439\u043d\u0430\u044f \u043c\u0430\u0441\u043a\u0430 (\u043f\u043b\u0430\u0441\u0442\u0438\u043a-\u043f\u043e\u043b\u0438\u044d\u0441\u0442\u0435\u0440)<\/p>","protected":false},"featured_media":8197,"comment_status":"open","ping_status":"closed","template":"","meta":[],"product_brand":[],"product_cat":[2326],"product_tag":[911,914,912],"class_list":{"0":"post-767","1":"product","2":"type-product","3":"status-publish","4":"has-post-thumbnail","6":"product_cat-kumlama-malzemeleri","7":"product_tag-kumlama","8":"product_tag-kumlama-maskesi","9":"product_tag-maske","11":"first","12":"instock","13":"featured","14":"taxable","15":"shipping-taxable","16":"product-type-variable"},"jetpack-related-posts":[{"id":761,"url":"https:\/\/tuzlahortum.com.tr\/ru\/product\/kumlama-maskesicontracor\/","url_meta":{"origin":767,"position":0},"title":"\u041f\u0435\u0441\u043a\u043e\u0441\u0442\u0440\u0443\u0439\u043d\u0430\u044f \u043c\u0430\u0441\u043a\u0430 (\u041a\u043e\u043d\u0442\u0440\u0430\u043a\u043e\u0440)","author":"admin","date":"6 \u0444\u0435\u0432\u0440\u0430\u043b\u044f 2019","format":false,"excerpt":"\u041f\u0435\u0441\u043a\u043e\u0441\u0442\u0440\u0443\u0439\u043d\u0430\u044f \u043c\u0430\u0441\u043a\u0430 (\u041a\u043e\u043d\u0442\u0440\u0430\u043a\u043e\u0440)","rel":"","context":"\u041f\u043e\u0445\u043e\u0436\u0430\u044f \u0437\u0430\u043f\u0438\u0441\u044c","block_context":{"text":"\u041f\u043e\u0445\u043e\u0436\u0430\u044f \u0437\u0430\u043f\u0438\u0441\u044c","link":""},"img":{"alt_text":"","src":"https:\/\/i0.wp.com\/tuzlahortum.com.tr\/wp-content\/uploads\/urunler\/Kumlama\/contracor-comfort-kumlama-maskesi-2.jpg?fit=250%2C250&ssl=1&resize=350%2C200","width":350,"height":200},"classes":[]},{"id":775,"url":"https:\/\/tuzlahortum.com.tr\/ru\/product\/plastik-kumlama-nozul-tutucu\/","url_meta":{"origin":767,"position":1},"title":"\u041f\u043b\u0430\u0441\u0442\u0438\u043a\u043e\u0432\u044b\u0439 \u0434\u0435\u0440\u0436\u0430\u0442\u0435\u043b\u044c \u0441\u043e\u043f\u043b\u0430 \u0434\u043b\u044f \u043f\u0435\u0441\u043a\u043e\u0441\u0442\u0440\u0443\u0439\u043d\u043e\u0439 \u043e\u0431\u0440\u0430\u0431\u043e\u0442\u043a\u0438","author":"admin","date":"6 \u0444\u0435\u0432\u0440\u0430\u043b\u044f 2019","format":false,"excerpt":"Plastik Kumlama Nozul TutucuKumlama nozulu tutucu ba\u015fl\u0131klar; nozulu esnek ve vidal\u0131 yap\u0131s\u0131yla s\u0131k\u0131ca tutarak kumlama hortumuyla birlikte optimum ba\u011flant\u0131 sa\u011flar. A\u011f\u0131r olmayan hafif yap\u0131s\u0131yla kumlama i\u015fleminde operat\u00f6r\u00fc a\u011f\u0131rl\u0131\u011f\u0131yla yormaz ergonomik kullan\u0131m sa\u011flar. Vidalama deliklerinden kumlama hortumuna veya kumlama borusuna kolay monte edilebilir \u00f6zelliktedir.","rel":"","context":"\u041f\u043e\u0445\u043e\u0436\u0430\u044f \u0437\u0430\u043f\u0438\u0441\u044c","block_context":{"text":"\u041f\u043e\u0445\u043e\u0436\u0430\u044f \u0437\u0430\u043f\u0438\u0441\u044c","link":""},"img":{"alt_text":"","src":"https:\/\/i0.wp.com\/tuzlahortum.com.tr\/wp-content\/uploads\/urunler\/Kumlama\/kumlama-nozul-tutucu.jpg?fit=233%2C216&ssl=1&resize=350%2C200","width":350,"height":200},"classes":[]},{"id":9026,"url":"https:\/\/tuzlahortum.com.tr\/ru\/product\/kumlama-tulumu-guderi\/","url_meta":{"origin":767,"position":2},"title":"\u041a\u043e\u043c\u0431\u0438\u043d\u0435\u0437\u043e\u043d \u0434\u043b\u044f \u043f\u0435\u0441\u043a\u043e\u0441\u0442\u0440\u0443\u0439\u043d\u043e\u0439 \u043e\u0431\u0440\u0430\u0431\u043e\u0442\u043a\u0438 (\u0437\u0430\u043c\u0448\u0430)","author":"\u0130smail \u00c7elik","date":"2 \u0430\u043f\u0440\u0435\u043b\u044f 2019","format":false,"excerpt":"Kumlama Tulumu (G\u00fcderi)Bilindi\u011fi gibi kumlama i\u015flemlerinde operat\u00f6rler p\u00fcsk\u00fcrt\u00fclen sarf malzemeleri ve a\u00e7\u0131\u011fa \u00e7\u0131kan toz nedeniyle olduk\u00e7a zor \u015fartlarda \u00e7al\u0131\u015fmaktad\u0131rlar. Bu nedenle bizler operat\u00f6rlerin hareket kolayl\u0131\u011f\u0131 ve korunmalar\u0131 i\u00e7in \u00f6zel olarak imal edilmi\u015f kumlama tulumu sat\u0131\u015f\u0131n\u0131 yapmaktay\u0131z. L-XL-XXL boyutlar\u0131nda \u00fcretilen ve kumlama i\u015fleminde giyilmek \u00fczere \u00f6zel olarak tasarlanm\u0131\u015f kumlama elbisesi di\u011fer\u2026","rel":"","context":"\u041f\u043e\u0445\u043e\u0436\u0430\u044f \u0437\u0430\u043f\u0438\u0441\u044c","block_context":{"text":"\u041f\u043e\u0445\u043e\u0436\u0430\u044f \u0437\u0430\u043f\u0438\u0441\u044c","link":""},"img":{"alt_text":"","src":"https:\/\/i0.wp.com\/tuzlahortum.com.tr\/wp-content\/uploads\/urunler\/Kumlama\/kumlama_tulumu_on.jpg?fit=250%2C275&ssl=1&resize=350%2C200","width":350,"height":200},"classes":[]},{"id":9251,"url":"https:\/\/tuzlahortum.com.tr\/ru\/product\/kumlama-nozulu-gomme-kopya\/","url_meta":{"origin":767,"position":3},"title":"\u0421\u043e\u043f\u043b\u043e \u0434\u043b\u044f \u043f\u0435\u0441\u043a\u043e\u0441\u0442\u0440\u0443\u0439\u043d\u043e\u0439 \u043e\u0431\u0440\u0430\u0431\u043e\u0442\u043a\u0438 \u2013 \u0443\u0442\u043e\u043f\u043b\u0435\u043d\u043d\u043e\u0435 (Kennametal)","author":"\u0130smail \u00c7elik","date":"21 \u044f\u043d\u0432\u0430\u0440\u044f 2020","format":false,"excerpt":"\u0421\u043e\u043f\u043b\u043e \u0434\u043b\u044f \u043f\u0435\u0441\u043a\u043e\u0441\u0442\u0440\u0443\u0439\u043d\u043e\u0439 \u043e\u0431\u0440\u0430\u0431\u043e\u0442\u043a\u0438 \u2013 \u0443\u0442\u043e\u043f\u043b\u0435\u043d\u043d\u043e\u0435 (Kennametal)","rel":"","context":"\u041f\u043e\u0445\u043e\u0436\u0430\u044f \u0437\u0430\u043f\u0438\u0441\u044c","block_context":{"text":"\u041f\u043e\u0445\u043e\u0436\u0430\u044f \u0437\u0430\u043f\u0438\u0441\u044c","link":""},"img":{"alt_text":"","src":"https:\/\/i0.wp.com\/tuzlahortum.com.tr\/wp-content\/uploads\/2020\/01\/Kennametal-Nozul-5.jpeg?fit=900%2C1200&ssl=1&resize=350%2C200","width":350,"height":200,"srcset":"https:\/\/i0.wp.com\/tuzlahortum.com.tr\/wp-content\/uploads\/2020\/01\/Kennametal-Nozul-5.jpeg?fit=900%2C1200&ssl=1&resize=350%2C200 1x, https:\/\/i0.wp.com\/tuzlahortum.com.tr\/wp-content\/uploads\/2020\/01\/Kennametal-Nozul-5.jpeg?fit=900%2C1200&ssl=1&resize=525%2C300 1.5x, https:\/\/i0.wp.com\/tuzlahortum.com.tr\/wp-content\/uploads\/2020\/01\/Kennametal-Nozul-5.jpeg?fit=900%2C1200&ssl=1&resize=700%2C400 2x"},"classes":[]},{"id":763,"url":"https:\/\/tuzlahortum.com.tr\/ru\/product\/kumlama-kurtagzi-contasi\/","url_meta":{"origin":767,"position":4},"title":"\u041f\u0440\u043e\u043a\u043b\u0430\u0434\u043a\u0430 \u00ab\u043b\u0430\u0441\u0442\u043e\u0447\u043a\u0438\u043d \u0445\u0432\u043e\u0441\u0442\u00bb \u0434\u043b\u044f \u043f\u0435\u0441\u043a\u043e\u0441\u0442\u0440\u0443\u0439\u043d\u043e\u0439 \u043e\u0431\u0440\u0430\u0431\u043e\u0442\u043a\u0438 (\u0431\u043e\u043b\u044c\u0448\u0430\u044f)","author":"admin","date":"6 \u0444\u0435\u0432\u0440\u0430\u043b\u044f 2019","format":false,"excerpt":"Kumlama Kurta\u011fz\u0131 Contas\u0131(B\u00fcy\u00fck)Kumlama Kurta\u011f\u0131zlar\u0131nda kullan\u0131lan yedek conta","rel":"","context":"\u041f\u043e\u0445\u043e\u0436\u0430\u044f \u0437\u0430\u043f\u0438\u0441\u044c","block_context":{"text":"\u041f\u043e\u0445\u043e\u0436\u0430\u044f \u0437\u0430\u043f\u0438\u0441\u044c","link":""},"img":{"alt_text":"","src":"https:\/\/i0.wp.com\/tuzlahortum.com.tr\/wp-content\/uploads\/urunler\/Kumlama\/kumlama_kurtagzi_contasi.jpg?fit=300%2C300&ssl=1&resize=350%2C200","width":350,"height":200},"classes":[]},{"id":776,"url":"https:\/\/tuzlahortum.com.tr\/ru\/product\/kumlama-vak-vak-kuregi-aluminyum\/","url_meta":{"origin":767,"position":5},"title":"\u041b\u043e\u043f\u0430\u0442\u0430 \u0434\u043b\u044f \u043f\u0435\u0441\u043a\u043e\u0441\u0442\u0440\u0443\u0439\u043d\u043e\u0439 \u043e\u0431\u0440\u0430\u0431\u043e\u0442\u043a\u0438 \u0430\u043b\u044e\u043c\u0438\u043d\u0438\u044f","author":"admin","date":"6 \u0444\u0435\u0432\u0440\u0430\u043b\u044f 2019","format":false,"excerpt":"\u041b\u043e\u043f\u0430\u0442\u0430 \u0434\u043b\u044f \u043f\u0435\u0441\u043a\u043e\u0441\u0442\u0440\u0443\u0439\u043d\u043e\u0439 \u043e\u0431\u0440\u0430\u0431\u043e\u0442\u043a\u0438 \u0430\u043b\u044e\u043c\u0438\u043d\u0438\u044f","rel":"","context":"\u041f\u043e\u0445\u043e\u0436\u0430\u044f \u0437\u0430\u043f\u0438\u0441\u044c","block_context":{"text":"\u041f\u043e\u0445\u043e\u0436\u0430\u044f \u0437\u0430\u043f\u0438\u0441\u044c","link":""},"img":{"alt_text":"","src":"https:\/\/i0.wp.com\/tuzlahortum.com.tr\/wp-content\/uploads\/urunler\/Kumlama\/vakvak-kuregi-aluminyum2.jpg?fit=1200%2C900&ssl=1&resize=350%2C200","width":350,"height":200,"srcset":"https:\/\/i0.wp.com\/tuzlahortum.com.tr\/wp-content\/uploads\/urunler\/Kumlama\/vakvak-kuregi-aluminyum2.jpg?fit=1200%2C900&ssl=1&resize=350%2C200 1x, https:\/\/i0.wp.com\/tuzlahortum.com.tr\/wp-content\/uploads\/urunler\/Kumlama\/vakvak-kuregi-aluminyum2.jpg?fit=1200%2C900&ssl=1&resize=525%2C300 1.5x, https:\/\/i0.wp.com\/tuzlahortum.com.tr\/wp-content\/uploads\/urunler\/Kumlama\/vakvak-kuregi-aluminyum2.jpg?fit=1200%2C900&ssl=1&resize=700%2C400 2x, https:\/\/i0.wp.com\/tuzlahortum.com.tr\/wp-content\/uploads\/urunler\/Kumlama\/vakvak-kuregi-aluminyum2.jpg?fit=1200%2C900&ssl=1&resize=1050%2C600 3x"},"classes":[]}],"jetpack_sharing_enabled":true,"jetpack_likes_enabled":true,"_links":{"self":[{"href":"https:\/\/tuzlahortum.com.tr\/ru\/wp-json\/wp\/v2\/product\/767","targetHints":{"allow":["GET"]}}],"collection":[{"href":"https:\/\/tuzlahortum.com.tr\/ru\/wp-json\/wp\/v2\/product"}],"about":[{"href":"https:\/\/tuzlahortum.com.tr\/ru\/wp-json\/wp\/v2\/types\/product"}],"replies":[{"embeddable":true,"href":"https:\/\/tuzlahortum.com.tr\/ru\/wp-json\/wp\/v2\/comments?post=767"}],"wp:featuredmedia":[{"embeddable":true,"href":"https:\/\/tuzlahortum.com.tr\/ru\/wp-json\/wp\/v2\/media\/8197"}],"wp:attachment":[{"href":"https:\/\/tuzlahortum.com.tr\/ru\/wp-json\/wp\/v2\/media?parent=767"}],"wp:term":[{"taxonomy":"product_brand","embeddable":true,"href":"https:\/\/tuzlahortum.com.tr\/ru\/wp-json\/wp\/v2\/product_brand?post=767"},{"taxonomy":"product_cat","embeddable":true,"href":"https:\/\/tuzlahortum.com.tr\/ru\/wp-json\/wp\/v2\/product_cat?post=767"},{"taxonomy":"product_tag","embeddable":true,"href":"https:\/\/tuzlahortum.com.tr\/ru\/wp-json\/wp\/v2\/product_tag?post=767"}],"curies":[{"name":"wp","href":"https:\/\/api.w.org\/{rel}","templated":true}]}}