{"id":765,"date":"2019-02-06T23:53:38","date_gmt":"2019-02-06T20:53:38","guid":{"rendered":"http:\/\/hortum.com.tr\/product\/import-placeholder-for-107\/"},"modified":"2024-03-21T17:42:55","modified_gmt":"2024-03-21T14:42:55","slug":"kumlama-kurtagzi-dokum","status":"publish","type":"product","link":"https:\/\/tuzlahortum.com.tr\/ru\/product\/kumlama-kurtagzi-dokum\/","title":{"rendered":"\u041f\u0435\u0441\u043a\u043e\u0441\u0442\u0440\u0443\u0439\u043d\u0430\u044f \u043e\u0431\u0440\u0430\u0431\u043e\u0442\u043a\u0430 \u041b\u0438\u0442\u044c\u0435 \u0432 \u0444\u043e\u0440\u043c\u0435 \u043b\u0430\u0441\u0442\u043e\u0447\u043a\u0438\u043d\u043e\u0433\u043e \u0445\u0432\u043e\u0441\u0442\u0430"},"content":{"rendered":"<h2>\u041f\u0435\u0441\u043a\u043e\u0441\u0442\u0440\u0443\u0439\u043d\u0430\u044f \u043e\u0431\u0440\u0430\u0431\u043e\u0442\u043a\u0430 \u041b\u0438\u0442\u044c\u0435 \u0432 \u0444\u043e\u0440\u043c\u0435 \u043b\u0430\u0441\u0442\u043e\u0447\u043a\u0438\u043d\u043e\u0433\u043e \u0445\u0432\u043e\u0441\u0442\u0430<\/h2>\n<p>\u0421\u043e\u0435\u0434\u0438\u043d\u0438\u0442\u0435\u043b\u044c\u043d\u043e\u0435 \u0443\u0441\u0442\u0440\u043e\u0439\u0441\u0442\u0432\u043e, \u043a\u043e\u0442\u043e\u0440\u043e\u0435 \u043c\u043e\u0436\u043d\u043e \u0438\u0441\u043f\u043e\u043b\u044c\u0437\u043e\u0432\u0430\u0442\u044c \u0434\u043b\u044f \u043e\u0431\u044a\u0435\u0434\u0438\u043d\u0435\u043d\u0438\u044f \u0448\u043b\u0430\u043d\u0433\u043e\u0432 \u0434\u043b\u044f \u043f\u0435\u0441\u043a\u043e\u0441\u0442\u0440\u0443\u0439\u043d\u043e\u0439 \u043e\u0431\u0440\u0430\u0431\u043e\u0442\u043a\u0438 \u0438\u043b\u0438 \u043f\u043e\u0434\u043a\u043b\u044e\u0447\u0435\u043d\u0438\u044f \u0438\u0445 \u043a \u043a\u043e\u043d\u0442\u0443\u0440\u0430\u043c, \u043d\u0430\u043f\u0440\u0438\u043c\u0435\u0440, \u043a \u0431\u0443\u043d\u043a\u0435\u0440\u0430\u043c \u043a\u043e\u0442\u043b\u043e\u0432. \u041f\u043e \u0441\u0440\u0430\u0432\u043d\u0435\u043d\u0438\u044e \u0441 \u0434\u0440\u0443\u0433\u0438\u043c\u0438 \u0441\u0438\u0441\u0442\u0435\u043c\u0430\u043c\u0438, \u043f\u043e\u0441\u043a\u043e\u043b\u044c\u043a\u0443 \u0448\u043b\u0430\u043d\u0433 \u0443\u0441\u0442\u0430\u043d\u043e\u0432\u043b\u0435\u043d \u0432\u043d\u0443\u0442\u0440\u0438 \u0430\u0434\u0430\u043f\u0442\u0435\u0440\u0430, \u043f\u043e\u0442\u043e\u043a \u043c\u0430\u0442\u0435\u0440\u0438\u0430\u043b\u0430 \u043d\u0435 \u043e\u0433\u0440\u0430\u043d\u0438\u0447\u0438\u0432\u0430\u0435\u0442\u0441\u044f. \u0422\u0438\u043f\u044b \u00ab\u043b\u0430\u0441\u0442\u043e\u0447\u043a\u0438\u043d \u0445\u0432\u043e\u0441\u0442\u00bb \u0434\u043e\u0441\u0442\u0443\u043f\u043d\u044b \u0434\u043b\u044f \u043f\u0435\u0441\u043a\u043e\u0441\u0442\u0440\u0443\u0439\u043d\u044b\u0445 \u0448\u043b\u0430\u043d\u0433\u043e\u0432 \u0434\u0438\u0430\u043c\u0435\u0442\u0440\u043e\u043c 1 \u0434\u044e\u0439\u043c \u0438 1 1\/4 \u0434\u044e\u0439\u043c\u0430.<\/p>","protected":false},"excerpt":{"rendered":"<p>\u0421\u043e\u0435\u0434\u0438\u043d\u0438\u0442\u0435\u043b\u044c\u043d\u043e\u0435 \u0443\u0441\u0442\u0440\u043e\u0439\u0441\u0442\u0432\u043e, \u043a\u043e\u0442\u043e\u0440\u043e\u0435 \u043c\u043e\u0436\u043d\u043e \u0438\u0441\u043f\u043e\u043b\u044c\u0437\u043e\u0432\u0430\u0442\u044c \u0434\u043b\u044f \u0441\u043e\u0435\u0434\u0438\u043d\u0435\u043d\u0438\u044f \u0448\u043b\u0430\u043d\u0433\u043e\u0432 \u043f\u0435\u0441\u043a\u043e\u0441\u0442\u0440\u0443\u0439\u043d\u043e\u0433\u043e \u043b\u0438\u0442\u044c\u044f \u0438\u043b\u0438 \u0434\u043b\u044f \u043f\u043e\u0434\u043a\u043b\u044e\u0447\u0435\u043d\u0438\u044f \u0438\u0445 \u043a \u0442\u0430\u043a\u0438\u043c \u043a\u043e\u043d\u0442\u0443\u0440\u0430\u043c, \u043a\u0430\u043a \u0431\u0443\u043d\u043a\u0435\u0440 \u043a\u043e\u0442\u043b\u0430. \u0412 \u0441\u043e\u043e\u0442\u0432\u0435\u0442\u0441\u0442\u0432\u0438\u0438 \u0441 \u0434\u0440\u0443\u0433\u0438\u043c\u0438 \u0441\u0438\u0441\u0442\u0435\u043c\u0430\u043c\u0438, \u043f\u043e\u0441\u043a\u043e\u043b\u044c\u043a\u0443 \u0448\u043b\u0430\u043d\u0433 \u0443\u0441\u0442\u0430\u043d\u0430\u0432\u043b\u0438\u0432\u0430\u0435\u0442\u0441\u044f \u0432\u043d\u0443\u0442\u0440\u0438 \u0430\u0434\u0430\u043f\u0442\u0435\u0440\u0430, \u043f\u043e\u0442\u043e\u043a \u043c\u0430\u0442\u0435\u0440\u0438\u0430\u043b\u0430 \u043d\u0435 \u043e\u0433\u0440\u0430\u043d\u0438\u0447\u0438\u0432\u0430\u0435\u0442\u0441\u044f. \u041f\u0435\u0441\u043a\u043e\u0441\u0442\u0440\u0443\u0439\u043d\u044b\u0435 \u0448\u043b\u0430\u043d\u0433\u0438 1\u2033 \u0438 1 1\/4\u2033 \u0434\u043e\u0441\u0442\u0443\u043f\u043d\u044b \u0432 \u0437\u0430\u0432\u0438\u0441\u0438\u043c\u043e\u0441\u0442\u0438 \u043e\u0442 \u0442\u0438\u043f\u0430.<\/p>","protected":false},"featured_media":1787,"comment_status":"open","ping_status":"closed","template":"","meta":{"jetpack_post_was_ever_published":false},"product_brand":[],"product_cat":[2325],"product_tag":[851,911,922,918],"class_list":{"0":"post-765","1":"product","2":"type-product","3":"status-publish","4":"has-post-thumbnail","6":"product_cat-kurtagzi","7":"product_tag-dokum","8":"product_tag-kumlama","9":"product_tag-kumlama-kurtagzi-dokum","10":"product_tag-kurtagzi","12":"first","13":"instock","14":"featured","15":"taxable","16":"shipping-taxable","17":"product-type-variable"},"jetpack-related-posts":[{"id":763,"url":"https:\/\/tuzlahortum.com.tr\/ru\/product\/kumlama-kurtagzi-contasi\/","url_meta":{"origin":765,"position":0},"title":"\u041f\u0440\u043e\u043a\u043b\u0430\u0434\u043a\u0430 \u00ab\u043b\u0430\u0441\u0442\u043e\u0447\u043a\u0438\u043d \u0445\u0432\u043e\u0441\u0442\u00bb \u0434\u043b\u044f \u043f\u0435\u0441\u043a\u043e\u0441\u0442\u0440\u0443\u0439\u043d\u043e\u0439 \u043e\u0431\u0440\u0430\u0431\u043e\u0442\u043a\u0438 (\u0431\u043e\u043b\u044c\u0448\u0430\u044f)","author":"admin","date":"6 \u0444\u0435\u0432\u0440\u0430\u043b\u044f 2019","format":false,"excerpt":"Kumlama Kurta\u011fz\u0131 Contas\u0131(B\u00fcy\u00fck)Kumlama Kurta\u011f\u0131zlar\u0131nda kullan\u0131lan yedek conta","rel":"","context":"\u041f\u043e\u0445\u043e\u0436\u0430\u044f \u0437\u0430\u043f\u0438\u0441\u044c","block_context":{"text":"\u041f\u043e\u0445\u043e\u0436\u0430\u044f \u0437\u0430\u043f\u0438\u0441\u044c","link":""},"img":{"alt_text":"","src":"https:\/\/i0.wp.com\/tuzlahortum.com.tr\/wp-content\/uploads\/urunler\/Kumlama\/kumlama_kurtagzi_contasi.jpg?fit=300%2C300&ssl=1&resize=350%2C200","width":350,"height":200},"classes":[]},{"id":766,"url":"https:\/\/tuzlahortum.com.tr\/ru\/product\/kumlama-kurtagzi-dokum-disi\/","url_meta":{"origin":765,"position":1},"title":"\u041f\u0435\u0441\u043a\u043e\u0441\u0442\u0440\u0443\u0439\u043d\u0430\u044f \u043e\u0431\u0440\u0430\u0431\u043e\u0442\u043a\u0430, \u043b\u0438\u0442\u044c\u0435 \u00ab\u043b\u0430\u0441\u0442\u043e\u0447\u043a\u0438\u043d \u0445\u0432\u043e\u0441\u0442\u00bb \u2013 (\u0436\u0435\u043d\u0449\u0438\u043d\u0430)","author":"admin","date":"6 \u0444\u0435\u0432\u0440\u0430\u043b\u044f 2019","format":false,"excerpt":"\u041f\u0435\u0441\u043a\u043e\u0441\u0442\u0440\u0443\u0439\u043d\u0430\u044f \u043e\u0431\u0440\u0430\u0431\u043e\u0442\u043a\u0430, \u043b\u0438\u0442\u044c\u0435 \u00ab\u043b\u0430\u0441\u0442\u043e\u0447\u043a\u0438\u043d \u0445\u0432\u043e\u0441\u0442\u00bb - (\u0436\u0435\u043d\u0449\u0438\u043d\u0430)","rel":"","context":"\u041f\u043e\u0445\u043e\u0436\u0430\u044f \u0437\u0430\u043f\u0438\u0441\u044c","block_context":{"text":"\u041f\u043e\u0445\u043e\u0436\u0430\u044f \u0437\u0430\u043f\u0438\u0441\u044c","link":""},"img":{"alt_text":"","src":"https:\/\/i0.wp.com\/tuzlahortum.com.tr\/wp-content\/uploads\/urunler\/Kumlama\/kumlama_kurtagzi_dokum_disi.jpg?fit=400%2C400&ssl=1&resize=350%2C200","width":350,"height":200},"classes":[]},{"id":770,"url":"https:\/\/tuzlahortum.com.tr\/ru\/product\/kumlama-nozulu-gomme\/","url_meta":{"origin":765,"position":2},"title":"\u041f\u0435\u0441\u043a\u043e\u0441\u0442\u0440\u0443\u0439\u043d\u0430\u044f \u043d\u0430\u0441\u0430\u0434\u043a\u0430 \u2013 \u0443\u0442\u043e\u043f\u043b\u0435\u043d\u043d\u0430\u044f","author":"admin","date":"6 \u0444\u0435\u0432\u0440\u0430\u043b\u044f 2019","format":false,"excerpt":"Kumlama Nozulu - G\u00f6mme400 saat \u00e7al\u0131\u015fma kapasitelidir. Manevra kabiliyeti sa\u011flayarak dar alanlar\u0131 kumlamada kullan\u0131l\u0131r. 6,5mm den 12,5mm \u00a0delik \u00e7aplar\u0131na kadar kullan\u0131m alan\u0131n\u0131za g\u00f6re tercih edebilirsiniz. 1 \u00bc\u201d hortumlarda HTC g\u00f6mme nozul i\u00e7 \u00e7ap\u0131 32mm kullan\u0131l\u0131r. 1\u201d hortumlarda GTC ise i\u00e7 \u00e7ap\u0131 25mm kullan\u0131l\u0131r.\u00a0\u00a0 120mm uzunlu\u011fundad\u0131r.","rel":"","context":"\u041f\u043e\u0445\u043e\u0436\u0430\u044f \u0437\u0430\u043f\u0438\u0441\u044c","block_context":{"text":"\u041f\u043e\u0445\u043e\u0436\u0430\u044f \u0437\u0430\u043f\u0438\u0441\u044c","link":""},"img":{"alt_text":"","src":"https:\/\/i0.wp.com\/tuzlahortum.com.tr\/wp-content\/uploads\/urunler\/Kumlama\/gomme_nozul.png?fit=665%2C309&ssl=1&resize=350%2C200","width":350,"height":200,"srcset":"https:\/\/i0.wp.com\/tuzlahortum.com.tr\/wp-content\/uploads\/urunler\/Kumlama\/gomme_nozul.png?fit=665%2C309&ssl=1&resize=350%2C200 1x, https:\/\/i0.wp.com\/tuzlahortum.com.tr\/wp-content\/uploads\/urunler\/Kumlama\/gomme_nozul.png?fit=665%2C309&ssl=1&resize=525%2C300 1.5x"},"classes":[]},{"id":774,"url":"https:\/\/tuzlahortum.com.tr\/ru\/product\/kurtagzi-contasi\/","url_meta":{"origin":765,"position":3},"title":"\u041f\u0440\u043e\u043a\u043b\u0430\u0434\u043a\u0430 \u00ab\u043b\u0430\u0441\u0442\u043e\u0447\u043a\u0438\u043d \u0445\u0432\u043e\u0441\u0442\u00bb (\u043c\u0430\u043b\u0435\u043d\u044c\u043a\u0430\u044f)","author":"admin","date":"6 \u0444\u0435\u0432\u0440\u0430\u043b\u044f 2019","format":false,"excerpt":"\u041f\u0440\u043e\u043a\u043b\u0430\u0434\u043a\u0430 \u00ab\u043b\u0430\u0441\u0442\u043e\u0447\u043a\u0438\u043d \u0445\u0432\u043e\u0441\u0442\u00bb (\u043c\u0430\u043b\u0435\u043d\u044c\u043a\u0430\u044f)","rel":"","context":"\u041f\u043e\u0445\u043e\u0436\u0430\u044f \u0437\u0430\u043f\u0438\u0441\u044c","block_context":{"text":"\u041f\u043e\u0445\u043e\u0436\u0430\u044f \u0437\u0430\u043f\u0438\u0441\u044c","link":""},"img":{"alt_text":"","src":"https:\/\/i0.wp.com\/tuzlahortum.com.tr\/wp-content\/uploads\/urunler\/Kumlama\/kumlama_kurtagzi_contasi.jpg?fit=300%2C300&ssl=1&resize=350%2C200","width":350,"height":200},"classes":[]},{"id":8037,"url":"https:\/\/tuzlahortum.com.tr\/ru\/product\/erkek-kurtagzi\/","url_meta":{"origin":765,"position":4},"title":"\u041c\u0443\u0436\u0441\u043a\u043e\u0439 \u00ab\u043b\u0430\u0441\u0442\u043e\u0447\u043a\u0438\u043d \u0445\u0432\u043e\u0441\u0442\u00bb","author":"\u0130smail \u00c7elik","date":"13 \u043c\u0430\u0440\u0442\u0430 2019","format":false,"excerpt":"\u041c\u0443\u0436\u0441\u043a\u043e\u0439 \u00ab\u043b\u0430\u0441\u0442\u043e\u0447\u043a\u0438\u043d \u0445\u0432\u043e\u0441\u0442\u00bb","rel":"","context":"\u041f\u043e\u0445\u043e\u0436\u0430\u044f \u0437\u0430\u043f\u0438\u0441\u044c","block_context":{"text":"\u041f\u043e\u0445\u043e\u0436\u0430\u044f \u0437\u0430\u043f\u0438\u0441\u044c","link":""},"img":{"alt_text":"","src":"https:\/\/i0.wp.com\/tuzlahortum.com.tr\/wp-content\/uploads\/2019\/03\/erkek-kurta%C4%9Fz%C4%B1.jpg?fit=640%2C480&ssl=1&resize=350%2C200","width":350,"height":200,"srcset":"https:\/\/i0.wp.com\/tuzlahortum.com.tr\/wp-content\/uploads\/2019\/03\/erkek-kurta%C4%9Fz%C4%B1.jpg?fit=640%2C480&ssl=1&resize=350%2C200 1x, https:\/\/i0.wp.com\/tuzlahortum.com.tr\/wp-content\/uploads\/2019\/03\/erkek-kurta%C4%9Fz%C4%B1.jpg?fit=640%2C480&ssl=1&resize=525%2C300 1.5x"},"classes":[]},{"id":8043,"url":"https:\/\/tuzlahortum.com.tr\/ru\/product\/disi-kurtagzi\/","url_meta":{"origin":765,"position":5},"title":"\u0436\u0435\u043d\u0441\u043a\u0438\u0439 \u043b\u0430\u0441\u0442\u043e\u0447\u043a\u0438\u043d \u0445\u0432\u043e\u0441\u0442","author":"\u0130smail \u00c7elik","date":"13 \u043c\u0430\u0440\u0442\u0430 2019","format":false,"excerpt":"\u0436\u0435\u043d\u0441\u043a\u0438\u0439 \u043b\u0430\u0441\u0442\u043e\u0447\u043a\u0438\u043d \u0445\u0432\u043e\u0441\u0442","rel":"","context":"\u041f\u043e\u0445\u043e\u0436\u0430\u044f \u0437\u0430\u043f\u0438\u0441\u044c","block_context":{"text":"\u041f\u043e\u0445\u043e\u0436\u0430\u044f \u0437\u0430\u043f\u0438\u0441\u044c","link":""},"img":{"alt_text":"","src":"https:\/\/i0.wp.com\/tuzlahortum.com.tr\/wp-content\/uploads\/2019\/03\/di%C5%9Fi-kurta%C4%9Fz%C4%B1.jpg?fit=640%2C480&ssl=1&resize=350%2C200","width":350,"height":200,"srcset":"https:\/\/i0.wp.com\/tuzlahortum.com.tr\/wp-content\/uploads\/2019\/03\/di%C5%9Fi-kurta%C4%9Fz%C4%B1.jpg?fit=640%2C480&ssl=1&resize=350%2C200 1x, https:\/\/i0.wp.com\/tuzlahortum.com.tr\/wp-content\/uploads\/2019\/03\/di%C5%9Fi-kurta%C4%9Fz%C4%B1.jpg?fit=640%2C480&ssl=1&resize=525%2C300 1.5x"},"classes":[]}],"jetpack_sharing_enabled":true,"jetpack_likes_enabled":true,"_links":{"self":[{"href":"https:\/\/tuzlahortum.com.tr\/ru\/wp-json\/wp\/v2\/product\/765","targetHints":{"allow":["GET"]}}],"collection":[{"href":"https:\/\/tuzlahortum.com.tr\/ru\/wp-json\/wp\/v2\/product"}],"about":[{"href":"https:\/\/tuzlahortum.com.tr\/ru\/wp-json\/wp\/v2\/types\/product"}],"replies":[{"embeddable":true,"href":"https:\/\/tuzlahortum.com.tr\/ru\/wp-json\/wp\/v2\/comments?post=765"}],"wp:featuredmedia":[{"embeddable":true,"href":"https:\/\/tuzlahortum.com.tr\/ru\/wp-json\/wp\/v2\/media\/1787"}],"wp:attachment":[{"href":"https:\/\/tuzlahortum.com.tr\/ru\/wp-json\/wp\/v2\/media?parent=765"}],"wp:term":[{"taxonomy":"product_brand","embeddable":true,"href":"https:\/\/tuzlahortum.com.tr\/ru\/wp-json\/wp\/v2\/product_brand?post=765"},{"taxonomy":"product_cat","embeddable":true,"href":"https:\/\/tuzlahortum.com.tr\/ru\/wp-json\/wp\/v2\/product_cat?post=765"},{"taxonomy":"product_tag","embeddable":true,"href":"https:\/\/tuzlahortum.com.tr\/ru\/wp-json\/wp\/v2\/product_tag?post=765"}],"curies":[{"name":"wp","href":"https:\/\/api.w.org\/{rel}","templated":true}]}}